{"id":39632,"date":"2025-03-05T13:13:01","date_gmt":"2025-03-05T13:13:01","guid":{"rendered":"https:\/\/sulin.ee\/toode\/malu-puzzle-mang-hiina-mangu-sobitamine-varvid-puidust\/"},"modified":"2025-03-10T13:24:17","modified_gmt":"2025-03-10T13:24:17","slug":"montessori-memoriin-varvide-sobitamine","status":"publish","type":"product","link":"https:\/\/sulin.ee\/en\/toode\/montessori-memoriin-varvide-sobitamine\/","title":{"rendered":"Montessori memoriin &#8220;V\u00e4rvide sobitamine&#8221;"},"content":{"rendered":"<div class=\"flex max-w-full flex-col flex-grow\">\n<div class=\"min-h-8 text-message relative flex w-full flex-col items-end gap-2 whitespace-normal break-words text-start [.text-message+&amp;]:mt-5\" dir=\"auto\" data-message-author-role=\"assistant\" data-message-id=\"029ec302-254f-4d2e-84f2-36902add7224\" data-message-model-slug=\"gpt-4\">\n<div class=\"flex w-full flex-col gap-1 empty:hidden first:pt-[3px]\">\n<div class=\"markdown prose w-full break-words dark:prose-invert light\">\n<p data-start=\"71\" data-end=\"399\"><strong>Montessori memoriin &#8220;V\u00e4rvide sobitamine&#8221;<\/strong> \u2013 klassikaline m\u00e4lum\u00e4ng v\u00e4rskendatud puidust versioonis, mis on suurep\u00e4rane vahend m\u00e4lu, t\u00e4helepanuv\u00f5ime ja peenmotoorika arendamiseks. See m\u00e4ng on loodud v\u00e4ikeste k\u00e4te jaoks, et parandada nende haaret ning treenida silmade-k\u00e4e koordinatsiooni l\u00e4bi meeldivate v\u00e4rviliste m\u00e4nguelementide.<\/p>\n<p data-start=\"401\" data-end=\"446\"><strong data-start=\"404\" data-end=\"446\">Harivad omadused ja l\u00f5busad tegevused:<\/strong><\/p>\n<ul data-start=\"447\" data-end=\"765\">\n<li data-start=\"447\" data-end=\"594\"><strong data-start=\"449\" data-end=\"483\">\ud83d\udfe2 M\u00e4lu ja t\u00e4helepanu treenimine:<\/strong> M\u00e4ngija peab meelde j\u00e4tma ja sobitama v\u00e4rvilisi otsasid, mis treenivad efektiivselt m\u00e4lu ja keskendumisv\u00f5imet.<\/li>\n<li data-start=\"595\" data-end=\"765\"><strong data-start=\"597\" data-end=\"629\">\ud83d\udfe2 Interaktiivne m\u00e4nguprotsess:<\/strong> M\u00e4ng koosneb 24 m\u00e4ngunupust, mis on jagatud kuueks erinevaks v\u00e4rviks, ning \u00fcmmargusest puidust alusest, millel on augud. See kombinatsioon pakub nii visuaalset kui ka taktiilset tagasisidet.<\/li>\n<\/ul>\n<p data-start=\"767\" data-end=\"801\"><strong data-start=\"770\" data-end=\"801\">Keskkonnas\u00f5bralik ja ohutu:<\/strong><\/p>\n<ul data-start=\"802\" data-end=\"1163\">\n<li data-start=\"802\" data-end=\"995\"><strong data-start=\"804\" data-end=\"831\">\ud83d\udfe2 Looduslikud materjalid:<\/strong> K\u00f5ik m\u00e4ngu elemendid on valmistatud kvaliteetsest puidust, viimistletud sujuvalt ja kaetud ohutute, veep\u00f5histe v\u00e4rvidega, mis on turvalised lastele ja keskkonnale.<\/li>\n<li data-start=\"996\" data-end=\"1163\"><strong data-start=\"998\" data-end=\"1024\">\ud83d\udfe2 Montessori filosoofia:<\/strong> Toetab Montessori haridusmetoodikat, mis julgustab lapsi \u00f5ppima l\u00e4bi m\u00e4ngu, avastades praktilisi oskusi ja arendades oma vaimseid v\u00f5imeid.<\/li>\n<\/ul>\n<p data-start=\"1165\" data-end=\"1185\"><strong data-start=\"1168\" data-end=\"1185\">M\u00e4ngureeglid: <\/strong>M\u00e4ngijad veeretavad t\u00e4ringut ja sobitavad nopi v\u00e4rviga m\u00e4ngupakkide v\u00e4rve. Edukad sobitused annavad punkte, ja m\u00e4ng j\u00e4tkub, kuni k\u00f5ik k\u00e4pad on kogutud. V\u00f5idab m\u00e4ngija, kes kogub k\u00f5ige rohkem k\u00e4pakesi.<\/p>\n<p data-start=\"1390\" data-end=\"1423\"><strong data-start=\"1393\" data-end=\"1423\">M\u00f5\u00f5tmed ja komplekti sisu:<\/strong><\/p>\n<ul data-start=\"1424\" data-end=\"1547\">\n<li data-start=\"1424\" data-end=\"1467\"><strong data-start=\"1426\" data-end=\"1446\">\ud83d\udfe2 Pakendi m\u00f5\u00f5tmed:<\/strong> 20 cm x 20 cm x 6 cm<\/li>\n<li data-start=\"1468\" data-end=\"1495\"><strong data-start=\"1470\" data-end=\"1489\">\ud83d\udfe2 Aluse l\u00e4bim\u00f5\u00f5t:<\/strong> 16 cm<\/li>\n<li data-start=\"1496\" data-end=\"1524\"><strong data-start=\"1498\" data-end=\"1508\">\ud83d\udfe2 Nupud:<\/strong> 4.3 cm x 1.5 cm<\/li>\n<li data-start=\"1525\" data-end=\"1547\"><strong data-start=\"1527\" data-end=\"1540\">\ud83d\udfe2 T\u00e4ringud:<\/strong> 1.5 cm<\/li>\n<\/ul>\n<p data-start=\"1549\" data-end=\"1792\" data-is-last-node=\"\" data-is-only-node=\"\">Montessori memoriin &#8220;V\u00e4rvide sobitamine&#8221; on suurep\u00e4rane kingitus igale lapsele, pakkudes tunde kestvat l\u00f5bu ja \u00f5ppimist. See on ideaalne m\u00e4ng igasse koju v\u00f5i klassiruumi, kus soovitakse lastele \u00f5petada v\u00e4rve ja m\u00e4ngu kaudu loogilist m\u00f5tlemist arendada. Tutvu ka meie teiste arendavate lauam\u00e4ngudega, et pakkuda oma lapsele rohkem harivat l\u00f5bu! <strong><a href=\"https:\/\/sulin.ee\/tootekategooria\/mangimine\/lauamangud\/\">Leiad siit!<\/a><\/strong><\/p>\n<p data-start=\"1751\" data-end=\"2050\" data-is-last-node=\"\" data-is-only-node=\"\"><strong>Sobiv vanus:<\/strong> 3+ aastat.<\/p>\n<\/div>\n<\/div>\n<\/div>\n<\/div>\n","protected":false},"excerpt":{"rendered":"<p><strong>Montessori memoriin &#8220;V\u00e4rvide sobitamine&#8221;<\/strong> on puidust valmistatud klassikaline m\u00e4lum\u00e4ng, mis aitab lastel arendada m\u00e4lu, t\u00e4helepanuv\u00f5imet ja v\u00e4rvide tundmist. M\u00e4ng h\u00f5lmab erinevate v\u00e4rviliste nuppude sobitamist, mis on suurep\u00e4rane viis peenmotoorika ning silma-k\u00e4e koordinatsiooni parandamiseks.<\/p>\n<p><strong>Komplektis on:<\/strong> \u00fcmmargune alus, 24 m\u00e4nguasja ja t\u00e4ring.<\/p>\n<p><strong>Aluse l\u00e4bim\u00f5\u00f5t:<\/strong> 16cm.<\/p>\n<p><strong>Sobiv vanus:<\/strong> 3+ aastat.<\/p>\n","protected":false},"featured_media":39630,"comment_status":"open","ping_status":"closed","template":"","meta":[],"product_brand":[],"product_cat":[110,1162,1165,1166,1002,1022,942,175,23],"product_tag":[],"class_list":{"0":"post-39632","1":"product","2":"type-product","3":"status-publish","4":"has-post-thumbnail","6":"product_cat-mangimine","7":"product_cat-kingituseks","8":"product_cat-3-5-aastat","9":"product_cat-6-8-aastat","10":"product_cat-oppemangud","11":"product_cat-varvid-ja-kujundid","12":"product_cat-lauamangud","13":"product_cat-puidust-manguasjad","14":"product_cat-soodus","15":"has-post-title","16":"has-post-date","17":"has-post-category","18":"has-post-tag","19":"has-post-comment","20":"has-post-author","21":"","23":"first","24":"instock","25":"sale","26":"taxable","27":"shipping-taxable","28":"purchasable","29":"product-type-simple"},"yoast_head":"<!-- This site is optimized with the Yoast SEO plugin v26.8 - https:\/\/yoast.com\/product\/yoast-seo-wordpress\/ -->\n<title>Montessori memoriin &quot;V\u00e4rvide sobitamine&quot; - sulin.ee<\/title>\n<meta name=\"description\" content=\"Memoriin &quot;V\u00e4rvide sobitamine&quot; \u2013 puidust m\u00e4lum\u00e4ng, mis arendab laste v\u00e4rvitundmist, m\u00e4lu ja koordinatsiooni. Ideaalne hariv m\u00e4ng igale lapsele.\" \/>\n<meta name=\"robots\" content=\"index, follow, max-snippet:-1, max-image-preview:large, max-video-preview:-1\" \/>\n<link rel=\"canonical\" href=\"https:\/\/sulin.ee\/en\/toode\/montessori-memoriin-varvide-sobitamine\/\" \/>\n<meta property=\"og:locale\" content=\"en_US\" \/>\n<meta property=\"og:type\" content=\"article\" \/>\n<meta property=\"og:title\" content=\"Montessori memoriin &quot;V\u00e4rvide sobitamine&quot; - sulin.ee\" \/>\n<meta property=\"og:description\" content=\"Memoriin &quot;V\u00e4rvide sobitamine&quot; \u2013 puidust m\u00e4lum\u00e4ng, mis arendab laste v\u00e4rvitundmist, m\u00e4lu ja koordinatsiooni. Ideaalne hariv m\u00e4ng igale lapsele.\" \/>\n<meta property=\"og:url\" content=\"https:\/\/sulin.ee\/en\/toode\/montessori-memoriin-varvide-sobitamine\/\" \/>\n<meta property=\"og:site_name\" content=\"sulin.ee\" \/>\n<meta property=\"article:publisher\" content=\"https:\/\/www.facebook.com\/www.sulin.ee\/\" \/>\n<meta property=\"article:modified_time\" content=\"2025-03-10T13:24:17+00:00\" \/>\n<meta property=\"og:image\" content=\"https:\/\/sulin.ee\/wp-content\/uploads\/2025\/02\/Gra-logiczna-memory-chinczyk-dopasuj-kolory-drewniana-139841.jpg\" \/>\n\t<meta property=\"og:image:width\" content=\"1024\" \/>\n\t<meta property=\"og:image:height\" content=\"1024\" \/>\n\t<meta property=\"og:image:type\" content=\"image\/jpeg\" \/>\n<meta name=\"twitter:card\" content=\"summary_large_image\" \/>\n<meta name=\"twitter:label1\" content=\"Est. reading time\" \/>\n\t<meta name=\"twitter:data1\" content=\"2 minutes\" \/>\n<script type=\"application\/ld+json\" class=\"yoast-schema-graph\">{\"@context\":\"https:\/\/schema.org\",\"@graph\":[{\"@type\":\"WebPage\",\"@id\":\"https:\/\/sulin.ee\/en\/toode\/montessori-memoriin-varvide-sobitamine\/\",\"url\":\"https:\/\/sulin.ee\/en\/toode\/montessori-memoriin-varvide-sobitamine\/\",\"name\":\"Montessori memoriin \\\"V\u00e4rvide sobitamine\\\" - sulin.ee\",\"isPartOf\":{\"@id\":\"https:\/\/sulin.ee\/en\/#website\"},\"primaryImageOfPage\":{\"@id\":\"https:\/\/sulin.ee\/en\/toode\/montessori-memoriin-varvide-sobitamine\/#primaryimage\"},\"image\":{\"@id\":\"https:\/\/sulin.ee\/en\/toode\/montessori-memoriin-varvide-sobitamine\/#primaryimage\"},\"thumbnailUrl\":\"https:\/\/sulin.ee\/wp-content\/uploads\/2025\/02\/Gra-logiczna-memory-chinczyk-dopasuj-kolory-drewniana-139841.jpg\",\"datePublished\":\"2025-03-05T13:13:01+00:00\",\"dateModified\":\"2025-03-10T13:24:17+00:00\",\"description\":\"Memoriin \\\"V\u00e4rvide sobitamine\\\" \u2013 puidust m\u00e4lum\u00e4ng, mis arendab laste v\u00e4rvitundmist, m\u00e4lu ja koordinatsiooni. Ideaalne hariv m\u00e4ng igale lapsele.\",\"breadcrumb\":{\"@id\":\"https:\/\/sulin.ee\/en\/toode\/montessori-memoriin-varvide-sobitamine\/#breadcrumb\"},\"inLanguage\":\"en-US\",\"potentialAction\":[{\"@type\":\"ReadAction\",\"target\":[\"https:\/\/sulin.ee\/en\/toode\/montessori-memoriin-varvide-sobitamine\/\"]}]},{\"@type\":\"ImageObject\",\"inLanguage\":\"en-US\",\"@id\":\"https:\/\/sulin.ee\/en\/toode\/montessori-memoriin-varvide-sobitamine\/#primaryimage\",\"url\":\"https:\/\/sulin.ee\/wp-content\/uploads\/2025\/02\/Gra-logiczna-memory-chinczyk-dopasuj-kolory-drewniana-139841.jpg\",\"contentUrl\":\"https:\/\/sulin.ee\/wp-content\/uploads\/2025\/02\/Gra-logiczna-memory-chinczyk-dopasuj-kolory-drewniana-139841.jpg\",\"width\":1024,\"height\":1024,\"caption\":\"Montessori memoriin \\\"V\u00e4rvide sobitamine\\\"\"},{\"@type\":\"BreadcrumbList\",\"@id\":\"https:\/\/sulin.ee\/en\/toode\/montessori-memoriin-varvide-sobitamine\/#breadcrumb\",\"itemListElement\":[{\"@type\":\"ListItem\",\"position\":1,\"name\":\"Home\",\"item\":\"https:\/\/sulin.ee\/en\/\"},{\"@type\":\"ListItem\",\"position\":2,\"name\":\"Sulin.ee e-pood\",\"item\":\"https:\/\/sulin.ee\/shop\/\"},{\"@type\":\"ListItem\",\"position\":3,\"name\":\"Montessori memoriin &#8220;V\u00e4rvide sobitamine&#8221;\"}]},{\"@type\":\"WebSite\",\"@id\":\"https:\/\/sulin.ee\/en\/#website\",\"url\":\"https:\/\/sulin.ee\/en\/\",\"name\":\"sulin.ee\",\"description\":\"\",\"publisher\":{\"@id\":\"https:\/\/sulin.ee\/en\/#organization\"},\"potentialAction\":[{\"@type\":\"SearchAction\",\"target\":{\"@type\":\"EntryPoint\",\"urlTemplate\":\"https:\/\/sulin.ee\/en\/?s={search_term_string}\"},\"query-input\":{\"@type\":\"PropertyValueSpecification\",\"valueRequired\":true,\"valueName\":\"search_term_string\"}}],\"inLanguage\":\"en-US\"},{\"@type\":\"Organization\",\"@id\":\"https:\/\/sulin.ee\/en\/#organization\",\"name\":\"SULIN TRADE O\u00dc\",\"url\":\"https:\/\/sulin.ee\/en\/\",\"logo\":{\"@type\":\"ImageObject\",\"inLanguage\":\"en-US\",\"@id\":\"https:\/\/sulin.ee\/en\/#\/schema\/logo\/image\/\",\"url\":\"https:\/\/sulin.ee\/wp-content\/uploads\/2022\/11\/sulin-logo.png\",\"contentUrl\":\"https:\/\/sulin.ee\/wp-content\/uploads\/2022\/11\/sulin-logo.png\",\"width\":871,\"height\":321,\"caption\":\"SULIN TRADE O\u00dc\"},\"image\":{\"@id\":\"https:\/\/sulin.ee\/en\/#\/schema\/logo\/image\/\"},\"sameAs\":[\"https:\/\/www.facebook.com\/www.sulin.ee\/\",\"https:\/\/www.instagram.com\/sulintrade\/\"]}]}<\/script>\n<!-- \/ Yoast SEO plugin. -->","yoast_head_json":{"title":"Montessori memoriin \"V\u00e4rvide sobitamine\" - sulin.ee","description":"Memoriin \"V\u00e4rvide sobitamine\" \u2013 puidust m\u00e4lum\u00e4ng, mis arendab laste v\u00e4rvitundmist, m\u00e4lu ja koordinatsiooni. Ideaalne hariv m\u00e4ng igale lapsele.","robots":{"index":"index","follow":"follow","max-snippet":"max-snippet:-1","max-image-preview":"max-image-preview:large","max-video-preview":"max-video-preview:-1"},"canonical":"https:\/\/sulin.ee\/en\/toode\/montessori-memoriin-varvide-sobitamine\/","og_locale":"en_US","og_type":"article","og_title":"Montessori memoriin \"V\u00e4rvide sobitamine\" - sulin.ee","og_description":"Memoriin \"V\u00e4rvide sobitamine\" \u2013 puidust m\u00e4lum\u00e4ng, mis arendab laste v\u00e4rvitundmist, m\u00e4lu ja koordinatsiooni. Ideaalne hariv m\u00e4ng igale lapsele.","og_url":"https:\/\/sulin.ee\/en\/toode\/montessori-memoriin-varvide-sobitamine\/","og_site_name":"sulin.ee","article_publisher":"https:\/\/www.facebook.com\/www.sulin.ee\/","article_modified_time":"2025-03-10T13:24:17+00:00","og_image":[{"width":1024,"height":1024,"url":"https:\/\/sulin.ee\/wp-content\/uploads\/2025\/02\/Gra-logiczna-memory-chinczyk-dopasuj-kolory-drewniana-139841.jpg","type":"image\/jpeg"}],"twitter_card":"summary_large_image","twitter_misc":{"Est. reading time":"2 minutes"},"schema":{"@context":"https:\/\/schema.org","@graph":[{"@type":"WebPage","@id":"https:\/\/sulin.ee\/en\/toode\/montessori-memoriin-varvide-sobitamine\/","url":"https:\/\/sulin.ee\/en\/toode\/montessori-memoriin-varvide-sobitamine\/","name":"Montessori memoriin \"V\u00e4rvide sobitamine\" - sulin.ee","isPartOf":{"@id":"https:\/\/sulin.ee\/en\/#website"},"primaryImageOfPage":{"@id":"https:\/\/sulin.ee\/en\/toode\/montessori-memoriin-varvide-sobitamine\/#primaryimage"},"image":{"@id":"https:\/\/sulin.ee\/en\/toode\/montessori-memoriin-varvide-sobitamine\/#primaryimage"},"thumbnailUrl":"https:\/\/sulin.ee\/wp-content\/uploads\/2025\/02\/Gra-logiczna-memory-chinczyk-dopasuj-kolory-drewniana-139841.jpg","datePublished":"2025-03-05T13:13:01+00:00","dateModified":"2025-03-10T13:24:17+00:00","description":"Memoriin \"V\u00e4rvide sobitamine\" \u2013 puidust m\u00e4lum\u00e4ng, mis arendab laste v\u00e4rvitundmist, m\u00e4lu ja koordinatsiooni. Ideaalne hariv m\u00e4ng igale lapsele.","breadcrumb":{"@id":"https:\/\/sulin.ee\/en\/toode\/montessori-memoriin-varvide-sobitamine\/#breadcrumb"},"inLanguage":"en-US","potentialAction":[{"@type":"ReadAction","target":["https:\/\/sulin.ee\/en\/toode\/montessori-memoriin-varvide-sobitamine\/"]}]},{"@type":"ImageObject","inLanguage":"en-US","@id":"https:\/\/sulin.ee\/en\/toode\/montessori-memoriin-varvide-sobitamine\/#primaryimage","url":"https:\/\/sulin.ee\/wp-content\/uploads\/2025\/02\/Gra-logiczna-memory-chinczyk-dopasuj-kolory-drewniana-139841.jpg","contentUrl":"https:\/\/sulin.ee\/wp-content\/uploads\/2025\/02\/Gra-logiczna-memory-chinczyk-dopasuj-kolory-drewniana-139841.jpg","width":1024,"height":1024,"caption":"Montessori memoriin \"V\u00e4rvide sobitamine\""},{"@type":"BreadcrumbList","@id":"https:\/\/sulin.ee\/en\/toode\/montessori-memoriin-varvide-sobitamine\/#breadcrumb","itemListElement":[{"@type":"ListItem","position":1,"name":"Home","item":"https:\/\/sulin.ee\/en\/"},{"@type":"ListItem","position":2,"name":"Sulin.ee e-pood","item":"https:\/\/sulin.ee\/shop\/"},{"@type":"ListItem","position":3,"name":"Montessori memoriin &#8220;V\u00e4rvide sobitamine&#8221;"}]},{"@type":"WebSite","@id":"https:\/\/sulin.ee\/en\/#website","url":"https:\/\/sulin.ee\/en\/","name":"sulin.ee","description":"","publisher":{"@id":"https:\/\/sulin.ee\/en\/#organization"},"potentialAction":[{"@type":"SearchAction","target":{"@type":"EntryPoint","urlTemplate":"https:\/\/sulin.ee\/en\/?s={search_term_string}"},"query-input":{"@type":"PropertyValueSpecification","valueRequired":true,"valueName":"search_term_string"}}],"inLanguage":"en-US"},{"@type":"Organization","@id":"https:\/\/sulin.ee\/en\/#organization","name":"SULIN TRADE O\u00dc","url":"https:\/\/sulin.ee\/en\/","logo":{"@type":"ImageObject","inLanguage":"en-US","@id":"https:\/\/sulin.ee\/en\/#\/schema\/logo\/image\/","url":"https:\/\/sulin.ee\/wp-content\/uploads\/2022\/11\/sulin-logo.png","contentUrl":"https:\/\/sulin.ee\/wp-content\/uploads\/2022\/11\/sulin-logo.png","width":871,"height":321,"caption":"SULIN TRADE O\u00dc"},"image":{"@id":"https:\/\/sulin.ee\/en\/#\/schema\/logo\/image\/"},"sameAs":["https:\/\/www.facebook.com\/www.sulin.ee\/","https:\/\/www.instagram.com\/sulintrade\/"]}]}},"builder_content":"","_links":{"self":[{"href":"https:\/\/sulin.ee\/en\/wp-json\/wp\/v2\/product\/39632","targetHints":{"allow":["GET"]}}],"collection":[{"href":"https:\/\/sulin.ee\/en\/wp-json\/wp\/v2\/product"}],"about":[{"href":"https:\/\/sulin.ee\/en\/wp-json\/wp\/v2\/types\/product"}],"replies":[{"embeddable":true,"href":"https:\/\/sulin.ee\/en\/wp-json\/wp\/v2\/comments?post=39632"}],"wp:featuredmedia":[{"embeddable":true,"href":"https:\/\/sulin.ee\/en\/wp-json\/wp\/v2\/media\/39630"}],"wp:attachment":[{"href":"https:\/\/sulin.ee\/en\/wp-json\/wp\/v2\/media?parent=39632"}],"wp:term":[{"taxonomy":"product_brand","embeddable":true,"href":"https:\/\/sulin.ee\/en\/wp-json\/wp\/v2\/product_brand?post=39632"},{"taxonomy":"product_cat","embeddable":true,"href":"https:\/\/sulin.ee\/en\/wp-json\/wp\/v2\/product_cat?post=39632"},{"taxonomy":"product_tag","embeddable":true,"href":"https:\/\/sulin.ee\/en\/wp-json\/wp\/v2\/product_tag?post=39632"}],"curies":[{"name":"wp","href":"https:\/\/api.w.org\/{rel}","templated":true}]}}