{"id":39600,"date":"2025-03-12T13:12:46","date_gmt":"2025-03-12T13:12:46","guid":{"rendered":"https:\/\/sulin.ee\/toode\/magic-light-joonistuslaud-uv-pliiats-loominguline-komplekt\/"},"modified":"2025-03-13T13:07:55","modified_gmt":"2025-03-13T13:07:55","slug":"helendav-joonistuskomplekt-uv-pliiatsiga","status":"publish","type":"product","link":"https:\/\/sulin.ee\/en\/toode\/helendav-joonistuskomplekt-uv-pliiatsiga\/","title":{"rendered":"Helendav Joonistuskomplekt UV Pliiatsiga"},"content":{"rendered":"<div class=\"flex max-w-full flex-col flex-grow\">\n<div class=\"min-h-8 text-message relative flex w-full flex-col items-end gap-2 whitespace-normal break-words text-start [.text-message+&amp;]:mt-5\" dir=\"auto\" data-message-author-role=\"assistant\" data-message-id=\"3620056f-024b-486a-8f55-2749af77b886\" data-message-model-slug=\"gpt-4\">\n<div class=\"flex w-full flex-col gap-1 empty:hidden first:pt-[3px]\">\n<div class=\"markdown prose w-full break-words dark:prose-invert light\">\n<p data-start=\"0\" data-end=\"69\"><strong data-start=\"0\" data-end=\"69\">Helendav Joonistuskomplekt UV Pliiatsiga &#8211;\u00a0 Kunsti Maagia Pimeduses<\/strong><\/p>\n<p data-start=\"71\" data-end=\"492\">Avastage Helendav Joonistuskomplekt UV Pliiatsiga \u2014 uuenduslik ja p\u00f5nev viis lastele kunsti loomiseks, mis k\u00f6idab ja arendab loovust. See komplekt ei ole tavaline joonistusvahend: eriline UV-pliiats ja helendav tahvel muudavad kunstiteosed pimedas n\u00e4htavaks, pakkudes lastele uutmoodi joonistuskogemust. Komplektis on ka \u0161abloonid, mis aitavad kujundite ja piltide loomisel, avardades veelgi laste loomingulist m\u00f5tlemist.<\/p>\n<p data-start=\"494\" data-end=\"762\">Helendav tahvel ja UV-pliiats v\u00f5imaldavad luua p\u00f5nevaid kunstit\u00f6id, mis s\u00e4ilitavad oma ilu ja v\u00f5lu isegi pimeduses, tuues lastetuppa r\u00f5\u00f5mu ja imestust. Joonista valgusega ja n\u00e4e, kuidas pildid elustuvad \u00f6\u00f6sel \u2014 ideaalne viis p\u00f5nevaks ja harivaks meelelahutuseks kodus.<\/p>\n<p data-start=\"764\" data-end=\"786\"><strong data-start=\"764\" data-end=\"786\">Komplekt sisaldab:<\/strong><\/p>\n<ul data-start=\"787\" data-end=\"851\">\n<li data-start=\"787\" data-end=\"813\"><strong data-start=\"1003\" data-end=\"1029\">\ud83d\udfe2 <\/strong>Helendav joonistustahvel<\/li>\n<li data-start=\"814\" data-end=\"826\"><strong data-start=\"1003\" data-end=\"1029\">\ud83d\udfe2 <\/strong>UV-pliiats<\/li>\n<li data-start=\"827\" data-end=\"851\"><strong data-start=\"1003\" data-end=\"1029\">\ud83d\udfe2 <\/strong>J\u00e4ljendamise \u0161abloonid<\/li>\n<\/ul>\n<p data-start=\"853\" data-end=\"1077\" data-is-last-node=\"\" data-is-only-node=\"\">Helendav Joonistuskomplekt UV Pliiatsiga on suurep\u00e4rane kingiidee ja t\u00e4iuslik vahend iga noore kunstniku loominguliseks arenguks. Joonistage, \u00f5ppige ja m\u00e4ngige koos \u2014 see on l\u00f5bu ja \u00f5ppimine \u00fches, mis ei j\u00e4ta kedagi k\u00fclmaks!<\/p>\n<p data-start=\"853\" data-end=\"1077\" data-is-last-node=\"\" data-is-only-node=\"\">\u00c4rge unustage tutvuda ka meie teiste kunstivahenditega, mis pakuvad veelgi rohkem v\u00f5imalusi loovuse v\u00e4ljendamiseks! <strong><a href=\"https:\/\/sulin.ee\/tootekategooria\/mangimine\/kunstivahendid\/\">Leiad siit!<\/a><\/strong><\/p>\n<\/div>\n<\/div>\n<\/div>\n<\/div>\n","protected":false},"excerpt":{"rendered":"<p><strong>Avasta Helendav Joonistuskomplekt UV Pliiatsiga,<\/strong> mis muudab joonistamise p\u00f5nevaks \u00f6\u00f6p\u00e4evaringselt! See komplekt sisaldab UV-pliiatsit ja helendavat tahvlit, mis toovad teie lapse kunstiteosed pimedas s\u00e4rama. Ideaalne viis julgustada loovust ja k\u00e4elist osavust. Kaasas \u0161abloonid lihtsamaks alustamiseks. T\u00e4iuslik vahend noortele kunstnikele, kes armastavad avastada uusi ja p\u00f5nevaid kunstivorme.<\/p>\n<p><strong>Komplektis:<\/strong> pimedas helendav tahvel, UV-marker pliiats ja \u0161abloonid.<\/p>\n<p><strong>Tahvli m\u00f5\u00f5tmed:<\/strong> 29 x 20,5 cm.<\/p>\n","protected":false},"featured_media":39611,"comment_status":"open","ping_status":"closed","template":"","meta":[],"product_brand":[],"product_cat":[110,1165,1166,102,927,23],"product_tag":[],"class_list":{"0":"post-39600","1":"product","2":"type-product","3":"status-publish","4":"has-post-thumbnail","6":"product_cat-mangimine","7":"product_cat-3-5-aastat","8":"product_cat-6-8-aastat","9":"product_cat-kunstivahendid","10":"product_cat-joonistamine","11":"product_cat-soodus","12":"has-post-title","13":"has-post-date","14":"has-post-category","15":"has-post-tag","16":"has-post-comment","17":"has-post-author","18":"","20":"first","21":"instock","22":"sale","23":"taxable","24":"shipping-taxable","25":"purchasable","26":"product-type-simple"},"yoast_head":"<!-- This site is optimized with the Yoast SEO plugin v26.8 - https:\/\/yoast.com\/product\/yoast-seo-wordpress\/ -->\n<title>Helendav Joonistuskomplekt UV Pliiatsiga - sulin.ee<\/title>\n<meta name=\"description\" content=\"Helendav Joonistuskomplekt \u2013 avasta kunsti loomise v\u00f5lumaailm pimeduses! Julgustab noori kunstnikke looma p\u00f5nevaid visuaalseid teoseid.\" \/>\n<meta name=\"robots\" content=\"index, follow, max-snippet:-1, max-image-preview:large, max-video-preview:-1\" \/>\n<link rel=\"canonical\" href=\"https:\/\/sulin.ee\/en\/toode\/helendav-joonistuskomplekt-uv-pliiatsiga\/\" \/>\n<meta property=\"og:locale\" content=\"en_US\" \/>\n<meta property=\"og:type\" content=\"article\" \/>\n<meta property=\"og:title\" content=\"Helendav Joonistuskomplekt UV Pliiatsiga - sulin.ee\" \/>\n<meta property=\"og:description\" content=\"Helendav Joonistuskomplekt \u2013 avasta kunsti loomise v\u00f5lumaailm pimeduses! Julgustab noori kunstnikke looma p\u00f5nevaid visuaalseid teoseid.\" \/>\n<meta property=\"og:url\" content=\"https:\/\/sulin.ee\/en\/toode\/helendav-joonistuskomplekt-uv-pliiatsiga\/\" \/>\n<meta property=\"og:site_name\" content=\"sulin.ee\" \/>\n<meta property=\"article:publisher\" content=\"https:\/\/www.facebook.com\/www.sulin.ee\/\" \/>\n<meta property=\"article:modified_time\" content=\"2025-03-13T13:07:55+00:00\" \/>\n<meta property=\"og:image\" content=\"https:\/\/sulin.ee\/wp-content\/uploads\/2025\/02\/Magiczna-tablica-do-rysowania-swiatlem-dlugopis-UV-kreatywny-zestaw-158504.jpg\" \/>\n\t<meta property=\"og:image:width\" content=\"1024\" \/>\n\t<meta property=\"og:image:height\" content=\"1024\" \/>\n\t<meta property=\"og:image:type\" content=\"image\/jpeg\" \/>\n<meta name=\"twitter:card\" content=\"summary_large_image\" \/>\n<meta name=\"twitter:label1\" content=\"Est. reading time\" \/>\n\t<meta name=\"twitter:data1\" content=\"2 minutes\" \/>\n<script type=\"application\/ld+json\" class=\"yoast-schema-graph\">{\"@context\":\"https:\/\/schema.org\",\"@graph\":[{\"@type\":\"WebPage\",\"@id\":\"https:\/\/sulin.ee\/en\/toode\/helendav-joonistuskomplekt-uv-pliiatsiga\/\",\"url\":\"https:\/\/sulin.ee\/en\/toode\/helendav-joonistuskomplekt-uv-pliiatsiga\/\",\"name\":\"Helendav Joonistuskomplekt UV Pliiatsiga - sulin.ee\",\"isPartOf\":{\"@id\":\"https:\/\/sulin.ee\/en\/#website\"},\"primaryImageOfPage\":{\"@id\":\"https:\/\/sulin.ee\/en\/toode\/helendav-joonistuskomplekt-uv-pliiatsiga\/#primaryimage\"},\"image\":{\"@id\":\"https:\/\/sulin.ee\/en\/toode\/helendav-joonistuskomplekt-uv-pliiatsiga\/#primaryimage\"},\"thumbnailUrl\":\"https:\/\/sulin.ee\/wp-content\/uploads\/2025\/02\/Magiczna-tablica-do-rysowania-swiatlem-dlugopis-UV-kreatywny-zestaw-158504.jpg\",\"datePublished\":\"2025-03-12T13:12:46+00:00\",\"dateModified\":\"2025-03-13T13:07:55+00:00\",\"description\":\"Helendav Joonistuskomplekt \u2013 avasta kunsti loomise v\u00f5lumaailm pimeduses! Julgustab noori kunstnikke looma p\u00f5nevaid visuaalseid teoseid.\",\"breadcrumb\":{\"@id\":\"https:\/\/sulin.ee\/en\/toode\/helendav-joonistuskomplekt-uv-pliiatsiga\/#breadcrumb\"},\"inLanguage\":\"en-US\",\"potentialAction\":[{\"@type\":\"ReadAction\",\"target\":[\"https:\/\/sulin.ee\/en\/toode\/helendav-joonistuskomplekt-uv-pliiatsiga\/\"]}]},{\"@type\":\"ImageObject\",\"inLanguage\":\"en-US\",\"@id\":\"https:\/\/sulin.ee\/en\/toode\/helendav-joonistuskomplekt-uv-pliiatsiga\/#primaryimage\",\"url\":\"https:\/\/sulin.ee\/wp-content\/uploads\/2025\/02\/Magiczna-tablica-do-rysowania-swiatlem-dlugopis-UV-kreatywny-zestaw-158504.jpg\",\"contentUrl\":\"https:\/\/sulin.ee\/wp-content\/uploads\/2025\/02\/Magiczna-tablica-do-rysowania-swiatlem-dlugopis-UV-kreatywny-zestaw-158504.jpg\",\"width\":1024,\"height\":1024,\"caption\":\"Helendav Joonistuskomplekt\"},{\"@type\":\"BreadcrumbList\",\"@id\":\"https:\/\/sulin.ee\/en\/toode\/helendav-joonistuskomplekt-uv-pliiatsiga\/#breadcrumb\",\"itemListElement\":[{\"@type\":\"ListItem\",\"position\":1,\"name\":\"Home\",\"item\":\"https:\/\/sulin.ee\/en\/\"},{\"@type\":\"ListItem\",\"position\":2,\"name\":\"Sulin.ee e-pood\",\"item\":\"https:\/\/sulin.ee\/shop\/\"},{\"@type\":\"ListItem\",\"position\":3,\"name\":\"Helendav Joonistuskomplekt UV Pliiatsiga\"}]},{\"@type\":\"WebSite\",\"@id\":\"https:\/\/sulin.ee\/en\/#website\",\"url\":\"https:\/\/sulin.ee\/en\/\",\"name\":\"sulin.ee\",\"description\":\"\",\"publisher\":{\"@id\":\"https:\/\/sulin.ee\/en\/#organization\"},\"potentialAction\":[{\"@type\":\"SearchAction\",\"target\":{\"@type\":\"EntryPoint\",\"urlTemplate\":\"https:\/\/sulin.ee\/en\/?s={search_term_string}\"},\"query-input\":{\"@type\":\"PropertyValueSpecification\",\"valueRequired\":true,\"valueName\":\"search_term_string\"}}],\"inLanguage\":\"en-US\"},{\"@type\":\"Organization\",\"@id\":\"https:\/\/sulin.ee\/en\/#organization\",\"name\":\"SULIN TRADE O\u00dc\",\"url\":\"https:\/\/sulin.ee\/en\/\",\"logo\":{\"@type\":\"ImageObject\",\"inLanguage\":\"en-US\",\"@id\":\"https:\/\/sulin.ee\/en\/#\/schema\/logo\/image\/\",\"url\":\"https:\/\/sulin.ee\/wp-content\/uploads\/2022\/11\/sulin-logo.png\",\"contentUrl\":\"https:\/\/sulin.ee\/wp-content\/uploads\/2022\/11\/sulin-logo.png\",\"width\":871,\"height\":321,\"caption\":\"SULIN TRADE O\u00dc\"},\"image\":{\"@id\":\"https:\/\/sulin.ee\/en\/#\/schema\/logo\/image\/\"},\"sameAs\":[\"https:\/\/www.facebook.com\/www.sulin.ee\/\",\"https:\/\/www.instagram.com\/sulintrade\/\"]}]}<\/script>\n<!-- \/ Yoast SEO plugin. -->","yoast_head_json":{"title":"Helendav Joonistuskomplekt UV Pliiatsiga - sulin.ee","description":"Helendav Joonistuskomplekt \u2013 avasta kunsti loomise v\u00f5lumaailm pimeduses! Julgustab noori kunstnikke looma p\u00f5nevaid visuaalseid teoseid.","robots":{"index":"index","follow":"follow","max-snippet":"max-snippet:-1","max-image-preview":"max-image-preview:large","max-video-preview":"max-video-preview:-1"},"canonical":"https:\/\/sulin.ee\/en\/toode\/helendav-joonistuskomplekt-uv-pliiatsiga\/","og_locale":"en_US","og_type":"article","og_title":"Helendav Joonistuskomplekt UV Pliiatsiga - sulin.ee","og_description":"Helendav Joonistuskomplekt \u2013 avasta kunsti loomise v\u00f5lumaailm pimeduses! Julgustab noori kunstnikke looma p\u00f5nevaid visuaalseid teoseid.","og_url":"https:\/\/sulin.ee\/en\/toode\/helendav-joonistuskomplekt-uv-pliiatsiga\/","og_site_name":"sulin.ee","article_publisher":"https:\/\/www.facebook.com\/www.sulin.ee\/","article_modified_time":"2025-03-13T13:07:55+00:00","og_image":[{"width":1024,"height":1024,"url":"https:\/\/sulin.ee\/wp-content\/uploads\/2025\/02\/Magiczna-tablica-do-rysowania-swiatlem-dlugopis-UV-kreatywny-zestaw-158504.jpg","type":"image\/jpeg"}],"twitter_card":"summary_large_image","twitter_misc":{"Est. reading time":"2 minutes"},"schema":{"@context":"https:\/\/schema.org","@graph":[{"@type":"WebPage","@id":"https:\/\/sulin.ee\/en\/toode\/helendav-joonistuskomplekt-uv-pliiatsiga\/","url":"https:\/\/sulin.ee\/en\/toode\/helendav-joonistuskomplekt-uv-pliiatsiga\/","name":"Helendav Joonistuskomplekt UV Pliiatsiga - sulin.ee","isPartOf":{"@id":"https:\/\/sulin.ee\/en\/#website"},"primaryImageOfPage":{"@id":"https:\/\/sulin.ee\/en\/toode\/helendav-joonistuskomplekt-uv-pliiatsiga\/#primaryimage"},"image":{"@id":"https:\/\/sulin.ee\/en\/toode\/helendav-joonistuskomplekt-uv-pliiatsiga\/#primaryimage"},"thumbnailUrl":"https:\/\/sulin.ee\/wp-content\/uploads\/2025\/02\/Magiczna-tablica-do-rysowania-swiatlem-dlugopis-UV-kreatywny-zestaw-158504.jpg","datePublished":"2025-03-12T13:12:46+00:00","dateModified":"2025-03-13T13:07:55+00:00","description":"Helendav Joonistuskomplekt \u2013 avasta kunsti loomise v\u00f5lumaailm pimeduses! Julgustab noori kunstnikke looma p\u00f5nevaid visuaalseid teoseid.","breadcrumb":{"@id":"https:\/\/sulin.ee\/en\/toode\/helendav-joonistuskomplekt-uv-pliiatsiga\/#breadcrumb"},"inLanguage":"en-US","potentialAction":[{"@type":"ReadAction","target":["https:\/\/sulin.ee\/en\/toode\/helendav-joonistuskomplekt-uv-pliiatsiga\/"]}]},{"@type":"ImageObject","inLanguage":"en-US","@id":"https:\/\/sulin.ee\/en\/toode\/helendav-joonistuskomplekt-uv-pliiatsiga\/#primaryimage","url":"https:\/\/sulin.ee\/wp-content\/uploads\/2025\/02\/Magiczna-tablica-do-rysowania-swiatlem-dlugopis-UV-kreatywny-zestaw-158504.jpg","contentUrl":"https:\/\/sulin.ee\/wp-content\/uploads\/2025\/02\/Magiczna-tablica-do-rysowania-swiatlem-dlugopis-UV-kreatywny-zestaw-158504.jpg","width":1024,"height":1024,"caption":"Helendav Joonistuskomplekt"},{"@type":"BreadcrumbList","@id":"https:\/\/sulin.ee\/en\/toode\/helendav-joonistuskomplekt-uv-pliiatsiga\/#breadcrumb","itemListElement":[{"@type":"ListItem","position":1,"name":"Home","item":"https:\/\/sulin.ee\/en\/"},{"@type":"ListItem","position":2,"name":"Sulin.ee e-pood","item":"https:\/\/sulin.ee\/shop\/"},{"@type":"ListItem","position":3,"name":"Helendav Joonistuskomplekt UV Pliiatsiga"}]},{"@type":"WebSite","@id":"https:\/\/sulin.ee\/en\/#website","url":"https:\/\/sulin.ee\/en\/","name":"sulin.ee","description":"","publisher":{"@id":"https:\/\/sulin.ee\/en\/#organization"},"potentialAction":[{"@type":"SearchAction","target":{"@type":"EntryPoint","urlTemplate":"https:\/\/sulin.ee\/en\/?s={search_term_string}"},"query-input":{"@type":"PropertyValueSpecification","valueRequired":true,"valueName":"search_term_string"}}],"inLanguage":"en-US"},{"@type":"Organization","@id":"https:\/\/sulin.ee\/en\/#organization","name":"SULIN TRADE O\u00dc","url":"https:\/\/sulin.ee\/en\/","logo":{"@type":"ImageObject","inLanguage":"en-US","@id":"https:\/\/sulin.ee\/en\/#\/schema\/logo\/image\/","url":"https:\/\/sulin.ee\/wp-content\/uploads\/2022\/11\/sulin-logo.png","contentUrl":"https:\/\/sulin.ee\/wp-content\/uploads\/2022\/11\/sulin-logo.png","width":871,"height":321,"caption":"SULIN TRADE O\u00dc"},"image":{"@id":"https:\/\/sulin.ee\/en\/#\/schema\/logo\/image\/"},"sameAs":["https:\/\/www.facebook.com\/www.sulin.ee\/","https:\/\/www.instagram.com\/sulintrade\/"]}]}},"builder_content":"","_links":{"self":[{"href":"https:\/\/sulin.ee\/en\/wp-json\/wp\/v2\/product\/39600","targetHints":{"allow":["GET"]}}],"collection":[{"href":"https:\/\/sulin.ee\/en\/wp-json\/wp\/v2\/product"}],"about":[{"href":"https:\/\/sulin.ee\/en\/wp-json\/wp\/v2\/types\/product"}],"replies":[{"embeddable":true,"href":"https:\/\/sulin.ee\/en\/wp-json\/wp\/v2\/comments?post=39600"}],"wp:featuredmedia":[{"embeddable":true,"href":"https:\/\/sulin.ee\/en\/wp-json\/wp\/v2\/media\/39611"}],"wp:attachment":[{"href":"https:\/\/sulin.ee\/en\/wp-json\/wp\/v2\/media?parent=39600"}],"wp:term":[{"taxonomy":"product_brand","embeddable":true,"href":"https:\/\/sulin.ee\/en\/wp-json\/wp\/v2\/product_brand?post=39600"},{"taxonomy":"product_cat","embeddable":true,"href":"https:\/\/sulin.ee\/en\/wp-json\/wp\/v2\/product_cat?post=39600"},{"taxonomy":"product_tag","embeddable":true,"href":"https:\/\/sulin.ee\/en\/wp-json\/wp\/v2\/product_tag?post=39600"}],"curies":[{"name":"wp","href":"https:\/\/api.w.org\/{rel}","templated":true}]}}