{"id":39570,"date":"2025-03-12T13:12:31","date_gmt":"2025-03-12T13:12:31","guid":{"rendered":"https:\/\/sulin.ee\/toode\/moistatused-purgiloomades-24-moistatust\/"},"modified":"2025-05-12T14:22:10","modified_gmt":"2025-05-12T14:22:10","slug":"pusled-erinevad-loomad-24-pusletukki-metallkarbis","status":"publish","type":"product","link":"https:\/\/sulin.ee\/en\/toode\/pusled-erinevad-loomad-24-pusletukki-metallkarbis\/","title":{"rendered":"Pusled &#8220;Erinevad loomad&#8221; 24 puslet\u00fckki metallkarbis"},"content":{"rendered":"<div class=\"flex max-w-full flex-col flex-grow\">\n<div class=\"min-h-8 text-message relative flex w-full flex-col items-end gap-2 whitespace-normal break-words text-start [.text-message+&amp;]:mt-5\" dir=\"auto\" data-message-author-role=\"assistant\" data-message-id=\"b564131f-ba0d-4ad8-b7e4-15fed7b26116\" data-message-model-slug=\"gpt-4\">\n<div class=\"flex w-full flex-col gap-1 empty:hidden first:pt-[3px]\">\n<div class=\"markdown prose w-full break-words dark:prose-invert light\">\n<p data-start=\"66\" data-end=\"286\"><strong>Pusled &#8220;Erinevad loomad&#8221; <\/strong>on ideaalne m\u00e4nguasi igale uudishimulikule lapsele! See 24-osaline pusle on t\u00e4is v\u00e4rvikirevaid pilte erinevatest loomadest, pakkudes lastele p\u00f5nevat ja harivat meelelahutust.<\/p>\n<p data-start=\"288\" data-end=\"318\"><strong data-start=\"291\" data-end=\"318\">Edukas ja \u00f5petlik m\u00e4ng:<\/strong><\/p>\n<ul data-start=\"319\" data-end=\"681\">\n<li data-start=\"319\" data-end=\"462\"><strong data-start=\"321\" data-end=\"350\">\ud83d\udfe2 Mitmekesistatav m\u00e4nguaeg:<\/strong> Segage puslet\u00fckid ja laske lapsel need \u00f5igesse j\u00e4rjekorda seada, arendades nii m\u00e4lu kui ka loogilist m\u00f5tlemist.<\/li>\n<li data-start=\"463\" data-end=\"574\"><strong data-start=\"465\" data-end=\"497\">\ud83d\udfe2 K\u00e4eliste oskuste arendamine:<\/strong> T\u00e4iuslik vahend k\u00e4eliste oskuste ja silma-k\u00e4e koordinatsiooni parandamiseks.<\/li>\n<li data-start=\"575\" data-end=\"681\"><strong data-start=\"577\" data-end=\"597\">\ud83d\udfe2 Keelte \u00f5ppimine:<\/strong> Puslet\u00fckid sisaldavad nii hiina- kui ka ingliskeelset teksti, mis toetab keele\u00f5pet.<\/li>\n<\/ul>\n<p data-start=\"683\" data-end=\"714\"><strong data-start=\"686\" data-end=\"714\">Praktiline ja kompaktne:<\/strong><\/p>\n<ul data-start=\"715\" data-end=\"1006\">\n<li data-start=\"715\" data-end=\"872\"><strong data-start=\"717\" data-end=\"738\">\ud83d\udfe2 Lihtne hoiustada:<\/strong> Kompaktne metallkarp teeb pusle hoiustamise lihtsaks ja mugavaks ning v\u00f5imaldab seda h\u00f5lpsasti kaasas kanda reisidel v\u00f5i k\u00fclastustel.<\/li>\n<li data-start=\"873\" data-end=\"1006\"><strong data-start=\"875\" data-end=\"901\">\ud83d\udfe2 Suurep\u00e4rane kingiidee:<\/strong> Ideaalne ja m\u00f5istlik kingitus igale lapsele, kes armastab puslede kokkupanemist ja uute asjade \u00f5ppimist.<\/li>\n<\/ul>\n<p data-start=\"1008\" data-end=\"1020\"><strong data-start=\"1008\" data-end=\"1020\">M\u00f5\u00f5tmed:<\/strong><\/p>\n<ul data-start=\"1021\" data-end=\"1096\">\n<li data-start=\"1021\" data-end=\"1055\"><strong data-start=\"1023\" data-end=\"1041\">\ud83d\udfe2 Pusle m\u00f5\u00f5tmed:<\/strong> 6.5cm x 5.5cm<\/li>\n<li data-start=\"1056\" data-end=\"1096\"><strong data-start=\"1058\" data-end=\"1078\">\ud83d\udfe2 Pakendi m\u00f5\u00f5tmed:<\/strong> 16cm x 10cm x 7cm<\/li>\n<\/ul>\n<p data-start=\"1098\" data-end=\"1255\" data-is-last-node=\"\" data-is-only-node=\"\">Pusled &#8220;Erinevad loomad&#8221; on rohkem kui lihtsalt m\u00e4nguasi; see on hariv vahend, mis aitab lastel arendada mitmeid vajalikke oskusi m\u00e4ngulise tegevuse kaudu. Kasutage seda puslet, et \u00f5petada kannatlikkust ja keskendumisv\u00f5imet, samal ajal pakkudes l\u00f5busat ja kaasahaaravat tegevust.<\/p>\n<p data-start=\"1376\" data-end=\"1517\" data-is-last-node=\"\" data-is-only-node=\"\"><strong data-start=\"1376\" data-end=\"1399\">Ideaalne kingiidee:<\/strong> Stiilne ja hariv, see puslekomplekt on suurep\u00e4rane kingitus igale lapsele, kes armastab avastada ja \u00f5ppida uusi asju.<\/p>\n<p data-start=\"1376\" data-end=\"1517\" data-is-last-node=\"\" data-is-only-node=\"\">Uuri lisaks ka meie teisi p\u00f5nevaid puslesid, mis pakuvad harivat l\u00f5bu igas vanuses lastele! <strong><a href=\"https:\/\/sulin.ee\/tootekategooria\/mangimine\/pusled\/\">Leiad siit!<\/a><\/strong><\/p>\n<\/div>\n<\/div>\n<\/div>\n<\/div>\n","protected":false},"excerpt":{"rendered":"<p><strong>Avasta Pusled &#8220;Erinevad loomad&#8221;<\/strong> \u2013 24-osaline pusle, mis on pakitud metallkarpi mugavaks kaasav\u00f5tmiseks. Ideaalne sissejuhatus loomade maailma, mis arendab laste m\u00e4lu, loogilist m\u00f5tlemist ning k\u00e4elisi oskusi.<\/p>\n<p>Pusle koosneb 24 pust\u00fckist, millest v\u00e4ikelaps saab kokku panna erinevaid loomi.<\/p>\n","protected":false},"featured_media":39575,"comment_status":"open","ping_status":"closed","template":"","meta":[],"product_brand":[],"product_cat":[23],"product_tag":[],"class_list":{"0":"post-39570","1":"product","2":"type-product","3":"status-publish","4":"has-post-thumbnail","6":"product_cat-soodus","7":"has-post-title","8":"has-post-date","9":"has-post-category","10":"has-post-tag","11":"has-post-comment","12":"has-post-author","13":"","15":"first","16":"instock","17":"sale","18":"taxable","19":"shipping-taxable","20":"purchasable","21":"product-type-simple"},"yoast_head":"<!-- This site is optimized with the Yoast SEO plugin v26.8 - https:\/\/yoast.com\/product\/yoast-seo-wordpress\/ -->\n<title>Pusled &quot;Erinevad loomad&quot; 24 puslet\u00fckki metallkarbis - sulin.ee<\/title>\n<meta name=\"description\" content=\"Pusled &quot;Erinevad loomad&quot; ja laia valikut harivaid puslesid meie kollektsioonis, mis pakuvad l\u00f5busat ja kaasahaaravat \u00f5ppekogemust k\u00f5igile lastele.\" \/>\n<meta name=\"robots\" content=\"index, follow, max-snippet:-1, max-image-preview:large, max-video-preview:-1\" \/>\n<link rel=\"canonical\" href=\"https:\/\/sulin.ee\/en\/toode\/pusled-erinevad-loomad-24-pusletukki-metallkarbis\/\" \/>\n<meta property=\"og:locale\" content=\"en_US\" \/>\n<meta property=\"og:type\" content=\"article\" \/>\n<meta property=\"og:title\" content=\"Pusled &quot;Erinevad loomad&quot; 24 puslet\u00fckki metallkarbis - sulin.ee\" \/>\n<meta property=\"og:description\" content=\"Pusled &quot;Erinevad loomad&quot; ja laia valikut harivaid puslesid meie kollektsioonis, mis pakuvad l\u00f5busat ja kaasahaaravat \u00f5ppekogemust k\u00f5igile lastele.\" \/>\n<meta property=\"og:url\" content=\"https:\/\/sulin.ee\/en\/toode\/pusled-erinevad-loomad-24-pusletukki-metallkarbis\/\" \/>\n<meta property=\"og:site_name\" content=\"sulin.ee\" \/>\n<meta property=\"article:publisher\" content=\"https:\/\/www.facebook.com\/www.sulin.ee\/\" \/>\n<meta property=\"article:modified_time\" content=\"2025-05-12T14:22:10+00:00\" \/>\n<meta property=\"og:image\" content=\"https:\/\/sulin.ee\/wp-content\/uploads\/2025\/02\/Puzzle-w-puszce-zwierzatka-24-puzzle-158472.jpg\" \/>\n\t<meta property=\"og:image:width\" content=\"1024\" \/>\n\t<meta property=\"og:image:height\" content=\"1024\" \/>\n\t<meta property=\"og:image:type\" content=\"image\/jpeg\" \/>\n<meta name=\"twitter:card\" content=\"summary_large_image\" \/>\n<meta name=\"twitter:label1\" content=\"Est. reading time\" \/>\n\t<meta name=\"twitter:data1\" content=\"2 minutes\" \/>\n<script type=\"application\/ld+json\" class=\"yoast-schema-graph\">{\"@context\":\"https:\/\/schema.org\",\"@graph\":[{\"@type\":\"WebPage\",\"@id\":\"https:\/\/sulin.ee\/en\/toode\/pusled-erinevad-loomad-24-pusletukki-metallkarbis\/\",\"url\":\"https:\/\/sulin.ee\/en\/toode\/pusled-erinevad-loomad-24-pusletukki-metallkarbis\/\",\"name\":\"Pusled \\\"Erinevad loomad\\\" 24 puslet\u00fckki metallkarbis - sulin.ee\",\"isPartOf\":{\"@id\":\"https:\/\/sulin.ee\/en\/#website\"},\"primaryImageOfPage\":{\"@id\":\"https:\/\/sulin.ee\/en\/toode\/pusled-erinevad-loomad-24-pusletukki-metallkarbis\/#primaryimage\"},\"image\":{\"@id\":\"https:\/\/sulin.ee\/en\/toode\/pusled-erinevad-loomad-24-pusletukki-metallkarbis\/#primaryimage\"},\"thumbnailUrl\":\"https:\/\/sulin.ee\/wp-content\/uploads\/2025\/02\/Puzzle-w-puszce-zwierzatka-24-puzzle-158472.jpg\",\"datePublished\":\"2025-03-12T13:12:31+00:00\",\"dateModified\":\"2025-05-12T14:22:10+00:00\",\"description\":\"Pusled \\\"Erinevad loomad\\\" ja laia valikut harivaid puslesid meie kollektsioonis, mis pakuvad l\u00f5busat ja kaasahaaravat \u00f5ppekogemust k\u00f5igile lastele.\",\"breadcrumb\":{\"@id\":\"https:\/\/sulin.ee\/en\/toode\/pusled-erinevad-loomad-24-pusletukki-metallkarbis\/#breadcrumb\"},\"inLanguage\":\"en-US\",\"potentialAction\":[{\"@type\":\"ReadAction\",\"target\":[\"https:\/\/sulin.ee\/en\/toode\/pusled-erinevad-loomad-24-pusletukki-metallkarbis\/\"]}]},{\"@type\":\"ImageObject\",\"inLanguage\":\"en-US\",\"@id\":\"https:\/\/sulin.ee\/en\/toode\/pusled-erinevad-loomad-24-pusletukki-metallkarbis\/#primaryimage\",\"url\":\"https:\/\/sulin.ee\/wp-content\/uploads\/2025\/02\/Puzzle-w-puszce-zwierzatka-24-puzzle-158472.jpg\",\"contentUrl\":\"https:\/\/sulin.ee\/wp-content\/uploads\/2025\/02\/Puzzle-w-puszce-zwierzatka-24-puzzle-158472.jpg\",\"width\":1024,\"height\":1024,\"caption\":\"Pusled \\\"Erinevad loomad\\\"\"},{\"@type\":\"BreadcrumbList\",\"@id\":\"https:\/\/sulin.ee\/en\/toode\/pusled-erinevad-loomad-24-pusletukki-metallkarbis\/#breadcrumb\",\"itemListElement\":[{\"@type\":\"ListItem\",\"position\":1,\"name\":\"Home\",\"item\":\"https:\/\/sulin.ee\/en\/\"},{\"@type\":\"ListItem\",\"position\":2,\"name\":\"Sulin.ee e-pood\",\"item\":\"https:\/\/sulin.ee\/shop\/\"},{\"@type\":\"ListItem\",\"position\":3,\"name\":\"Pusled &#8220;Erinevad loomad&#8221; 24 puslet\u00fckki metallkarbis\"}]},{\"@type\":\"WebSite\",\"@id\":\"https:\/\/sulin.ee\/en\/#website\",\"url\":\"https:\/\/sulin.ee\/en\/\",\"name\":\"sulin.ee\",\"description\":\"\",\"publisher\":{\"@id\":\"https:\/\/sulin.ee\/en\/#organization\"},\"potentialAction\":[{\"@type\":\"SearchAction\",\"target\":{\"@type\":\"EntryPoint\",\"urlTemplate\":\"https:\/\/sulin.ee\/en\/?s={search_term_string}\"},\"query-input\":{\"@type\":\"PropertyValueSpecification\",\"valueRequired\":true,\"valueName\":\"search_term_string\"}}],\"inLanguage\":\"en-US\"},{\"@type\":\"Organization\",\"@id\":\"https:\/\/sulin.ee\/en\/#organization\",\"name\":\"SULIN TRADE O\u00dc\",\"url\":\"https:\/\/sulin.ee\/en\/\",\"logo\":{\"@type\":\"ImageObject\",\"inLanguage\":\"en-US\",\"@id\":\"https:\/\/sulin.ee\/en\/#\/schema\/logo\/image\/\",\"url\":\"https:\/\/sulin.ee\/wp-content\/uploads\/2022\/11\/sulin-logo.png\",\"contentUrl\":\"https:\/\/sulin.ee\/wp-content\/uploads\/2022\/11\/sulin-logo.png\",\"width\":871,\"height\":321,\"caption\":\"SULIN TRADE O\u00dc\"},\"image\":{\"@id\":\"https:\/\/sulin.ee\/en\/#\/schema\/logo\/image\/\"},\"sameAs\":[\"https:\/\/www.facebook.com\/www.sulin.ee\/\",\"https:\/\/www.instagram.com\/sulintrade\/\"]}]}<\/script>\n<!-- \/ Yoast SEO plugin. -->","yoast_head_json":{"title":"Pusled \"Erinevad loomad\" 24 puslet\u00fckki metallkarbis - sulin.ee","description":"Pusled \"Erinevad loomad\" ja laia valikut harivaid puslesid meie kollektsioonis, mis pakuvad l\u00f5busat ja kaasahaaravat \u00f5ppekogemust k\u00f5igile lastele.","robots":{"index":"index","follow":"follow","max-snippet":"max-snippet:-1","max-image-preview":"max-image-preview:large","max-video-preview":"max-video-preview:-1"},"canonical":"https:\/\/sulin.ee\/en\/toode\/pusled-erinevad-loomad-24-pusletukki-metallkarbis\/","og_locale":"en_US","og_type":"article","og_title":"Pusled \"Erinevad loomad\" 24 puslet\u00fckki metallkarbis - sulin.ee","og_description":"Pusled \"Erinevad loomad\" ja laia valikut harivaid puslesid meie kollektsioonis, mis pakuvad l\u00f5busat ja kaasahaaravat \u00f5ppekogemust k\u00f5igile lastele.","og_url":"https:\/\/sulin.ee\/en\/toode\/pusled-erinevad-loomad-24-pusletukki-metallkarbis\/","og_site_name":"sulin.ee","article_publisher":"https:\/\/www.facebook.com\/www.sulin.ee\/","article_modified_time":"2025-05-12T14:22:10+00:00","og_image":[{"width":1024,"height":1024,"url":"https:\/\/sulin.ee\/wp-content\/uploads\/2025\/02\/Puzzle-w-puszce-zwierzatka-24-puzzle-158472.jpg","type":"image\/jpeg"}],"twitter_card":"summary_large_image","twitter_misc":{"Est. reading time":"2 minutes"},"schema":{"@context":"https:\/\/schema.org","@graph":[{"@type":"WebPage","@id":"https:\/\/sulin.ee\/en\/toode\/pusled-erinevad-loomad-24-pusletukki-metallkarbis\/","url":"https:\/\/sulin.ee\/en\/toode\/pusled-erinevad-loomad-24-pusletukki-metallkarbis\/","name":"Pusled \"Erinevad loomad\" 24 puslet\u00fckki metallkarbis - sulin.ee","isPartOf":{"@id":"https:\/\/sulin.ee\/en\/#website"},"primaryImageOfPage":{"@id":"https:\/\/sulin.ee\/en\/toode\/pusled-erinevad-loomad-24-pusletukki-metallkarbis\/#primaryimage"},"image":{"@id":"https:\/\/sulin.ee\/en\/toode\/pusled-erinevad-loomad-24-pusletukki-metallkarbis\/#primaryimage"},"thumbnailUrl":"https:\/\/sulin.ee\/wp-content\/uploads\/2025\/02\/Puzzle-w-puszce-zwierzatka-24-puzzle-158472.jpg","datePublished":"2025-03-12T13:12:31+00:00","dateModified":"2025-05-12T14:22:10+00:00","description":"Pusled \"Erinevad loomad\" ja laia valikut harivaid puslesid meie kollektsioonis, mis pakuvad l\u00f5busat ja kaasahaaravat \u00f5ppekogemust k\u00f5igile lastele.","breadcrumb":{"@id":"https:\/\/sulin.ee\/en\/toode\/pusled-erinevad-loomad-24-pusletukki-metallkarbis\/#breadcrumb"},"inLanguage":"en-US","potentialAction":[{"@type":"ReadAction","target":["https:\/\/sulin.ee\/en\/toode\/pusled-erinevad-loomad-24-pusletukki-metallkarbis\/"]}]},{"@type":"ImageObject","inLanguage":"en-US","@id":"https:\/\/sulin.ee\/en\/toode\/pusled-erinevad-loomad-24-pusletukki-metallkarbis\/#primaryimage","url":"https:\/\/sulin.ee\/wp-content\/uploads\/2025\/02\/Puzzle-w-puszce-zwierzatka-24-puzzle-158472.jpg","contentUrl":"https:\/\/sulin.ee\/wp-content\/uploads\/2025\/02\/Puzzle-w-puszce-zwierzatka-24-puzzle-158472.jpg","width":1024,"height":1024,"caption":"Pusled \"Erinevad loomad\""},{"@type":"BreadcrumbList","@id":"https:\/\/sulin.ee\/en\/toode\/pusled-erinevad-loomad-24-pusletukki-metallkarbis\/#breadcrumb","itemListElement":[{"@type":"ListItem","position":1,"name":"Home","item":"https:\/\/sulin.ee\/en\/"},{"@type":"ListItem","position":2,"name":"Sulin.ee e-pood","item":"https:\/\/sulin.ee\/shop\/"},{"@type":"ListItem","position":3,"name":"Pusled &#8220;Erinevad loomad&#8221; 24 puslet\u00fckki metallkarbis"}]},{"@type":"WebSite","@id":"https:\/\/sulin.ee\/en\/#website","url":"https:\/\/sulin.ee\/en\/","name":"sulin.ee","description":"","publisher":{"@id":"https:\/\/sulin.ee\/en\/#organization"},"potentialAction":[{"@type":"SearchAction","target":{"@type":"EntryPoint","urlTemplate":"https:\/\/sulin.ee\/en\/?s={search_term_string}"},"query-input":{"@type":"PropertyValueSpecification","valueRequired":true,"valueName":"search_term_string"}}],"inLanguage":"en-US"},{"@type":"Organization","@id":"https:\/\/sulin.ee\/en\/#organization","name":"SULIN TRADE O\u00dc","url":"https:\/\/sulin.ee\/en\/","logo":{"@type":"ImageObject","inLanguage":"en-US","@id":"https:\/\/sulin.ee\/en\/#\/schema\/logo\/image\/","url":"https:\/\/sulin.ee\/wp-content\/uploads\/2022\/11\/sulin-logo.png","contentUrl":"https:\/\/sulin.ee\/wp-content\/uploads\/2022\/11\/sulin-logo.png","width":871,"height":321,"caption":"SULIN TRADE O\u00dc"},"image":{"@id":"https:\/\/sulin.ee\/en\/#\/schema\/logo\/image\/"},"sameAs":["https:\/\/www.facebook.com\/www.sulin.ee\/","https:\/\/www.instagram.com\/sulintrade\/"]}]}},"builder_content":"","_links":{"self":[{"href":"https:\/\/sulin.ee\/en\/wp-json\/wp\/v2\/product\/39570","targetHints":{"allow":["GET"]}}],"collection":[{"href":"https:\/\/sulin.ee\/en\/wp-json\/wp\/v2\/product"}],"about":[{"href":"https:\/\/sulin.ee\/en\/wp-json\/wp\/v2\/types\/product"}],"replies":[{"embeddable":true,"href":"https:\/\/sulin.ee\/en\/wp-json\/wp\/v2\/comments?post=39570"}],"wp:featuredmedia":[{"embeddable":true,"href":"https:\/\/sulin.ee\/en\/wp-json\/wp\/v2\/media\/39575"}],"wp:attachment":[{"href":"https:\/\/sulin.ee\/en\/wp-json\/wp\/v2\/media?parent=39570"}],"wp:term":[{"taxonomy":"product_brand","embeddable":true,"href":"https:\/\/sulin.ee\/en\/wp-json\/wp\/v2\/product_brand?post=39570"},{"taxonomy":"product_cat","embeddable":true,"href":"https:\/\/sulin.ee\/en\/wp-json\/wp\/v2\/product_cat?post=39570"},{"taxonomy":"product_tag","embeddable":true,"href":"https:\/\/sulin.ee\/en\/wp-json\/wp\/v2\/product_tag?post=39570"}],"curies":[{"name":"wp","href":"https:\/\/api.w.org\/{rel}","templated":true}]}}