{"id":39518,"date":"2025-03-12T13:12:09","date_gmt":"2025-03-12T13:12:09","guid":{"rendered":"https:\/\/sulin.ee\/toode\/graafiline-tahvelarvuti-joonistustahvel-rabbit-8-5\/"},"modified":"2025-12-09T08:25:58","modified_gmt":"2025-12-09T08:25:58","slug":"graafiline-joonistustahvel-janes-8-5","status":"publish","type":"product","link":"https:\/\/sulin.ee\/en\/toode\/graafiline-joonistustahvel-janes-8-5\/","title":{"rendered":"Graafiline joonistustahvel &#8220;J\u00e4nes&#8221; 8.5&#8221;"},"content":{"rendered":"<p><strong>Graafiline joonistustahvel<\/strong> \u2013 ideaalne lahendus igale v\u00e4ikesele kunstnikule ja ka k\u00f5igile teistele, kes soovivad loovust arendada. See kaasaegne tahvelarvuti pakub piiramatuid v\u00f5imalusi joonistamiseks ja m\u00e4rkmete tegemiseks, asendades traditsioonilise m\u00e4rkmiku v\u00f5i joonistusploki.<\/p>\n<div style=\"margin: 0cm 0cm 8pt; line-height: normal;\">\n<p data-start=\"365\" data-end=\"397\"><strong data-start=\"368\" data-end=\"397\">Omadused ja funktsioonid:<\/strong><\/p>\n<ul data-start=\"398\" data-end=\"723\">\n<li data-start=\"398\" data-end=\"590\"><strong data-start=\"400\" data-end=\"419\">\ud83d\udfe2 L\u00f5putu loomine:<\/strong> Korduvalt kasutatav pind v\u00f5imaldab joonistada, kirjutada ja m\u00e4rkmeid teha l\u00f5putult. Lihtne kustutusfunktsioon annab v\u00f5imaluse alustada puhtalt lehelt vaid nupuvajutusega.<\/li>\n<li data-start=\"591\" data-end=\"723\"><strong data-start=\"593\" data-end=\"623\">\ud83d\udfe2 Kerge ja kompaktne disain:<\/strong> Tahvelarvuti on kerge ja kompaktne, mis teeb selle ideaalseks kaaslaseks kodus, koolis v\u00f5i reisil.<\/li>\n<\/ul>\n<p data-start=\"725\" data-end=\"758\"><strong data-start=\"728\" data-end=\"758\">Silmas\u00f5bralik tehnoloogia:<\/strong><\/p>\n<ul data-start=\"759\" data-end=\"943\">\n<li data-start=\"759\" data-end=\"943\"><strong data-start=\"761\" data-end=\"782\">\ud83d\udfe2 Ohutu kasutamine:<\/strong> Tahvel ei kiirga ohtlikku kiirgust, mist\u00f5ttu on see t\u00e4iesti ohutu kasutajate silmadele. See teeb sellest suurep\u00e4rase vahendi nii lastele kui ka t\u00e4iskasvanutele.<\/li>\n<\/ul>\n<p data-start=\"945\" data-end=\"972\"><strong data-start=\"948\" data-end=\"972\">Mitmek\u00fclgne kasutus:<\/strong><\/p>\n<ul data-start=\"973\" data-end=\"1256\">\n<li data-start=\"973\" data-end=\"1129\"><strong data-start=\"975\" data-end=\"993\">\ud83d\udfe2 K\u00f5igile sobiv:<\/strong> Olgu see laps, \u00f5pilane, \u00fcli\u00f5pilane v\u00f5i kontorit\u00f6\u00f6taja, graafiline joonistustahvel pakub meelelahutust ja praktilisust igale kasutajale.<\/li>\n<li data-start=\"1130\" data-end=\"1256\"><strong data-start=\"1132\" data-end=\"1146\">\ud83d\udfe2 Kingiidee:<\/strong> Stiilne disain ja funktsionaalsus teevad sellest tahvelarvutist ideaalse kingi igas vanuses kunstihuvilisele.<\/li>\n<\/ul>\n<p data-start=\"1258\" data-end=\"1277\"><strong data-start=\"1258\" data-end=\"1277\">Komplekti sisu: <\/strong>Joonistustahvel, pliiats, CR 2025 aku (juba paigaldatud).<\/p>\n<p data-start=\"1337\" data-end=\"1359\"><strong data-start=\"1337\" data-end=\"1359\">Tehnilised andmed:<\/strong><\/p>\n<ul data-start=\"1360\" data-end=\"1477\">\n<li data-start=\"1360\" data-end=\"1432\"><strong data-start=\"1362\" data-end=\"1374\">\ud83d\udfe2 M\u00f5\u00f5tmed:<\/strong> Kogu tahvel 26cm x 15cm x 1cm, joonistusala 17.5cm x 12cm<\/li>\n<li data-start=\"1433\" data-end=\"1477\"><strong data-start=\"1435\" data-end=\"1452\">\ud83d\udfe2 Toiteallikas:<\/strong> CR 2025 patarei (kaasas)<\/li>\n<\/ul>\n<p data-start=\"1479\" data-end=\"1711\" data-is-last-node=\"\" data-is-only-node=\"\">Graafiline joonistustahvel ei ole mitte ainult suurep\u00e4rane vahend loovuse arendamiseks, vaid ka keskkonnas\u00f5bralik alternatiiv paberile, aidates s\u00e4\u00e4sta loodust. Osta kohe ja avasta l\u00f5putud v\u00f5imalused loominguliseks enesev\u00e4ljenduseks!<\/p>\n<p data-start=\"1479\" data-end=\"1711\" data-is-last-node=\"\" data-is-only-node=\"\">Vaata lisaks meie laia valikut \u00f5ppem\u00e4nge ja arendavaid m\u00e4nguasju, mis pakuvad harivat meelelahutust ja loomingulist arengut! <strong><a href=\"https:\/\/sulin.ee\/tootekategooria\/mangimine\/oppemangud\/\">Leiad siit!<\/a><\/strong><\/p>\n<\/div>\n","protected":false},"excerpt":{"rendered":"<p><strong>Avasta &#8220;Graafiline joonistustahvel&#8221;<\/strong> \u2013 t\u00e4iuslik vahend igale loovale hingele, mis v\u00f5imaldab piiramatult joonistada ja kirjutada ilma paberit kasutamata. Ideaalne nii lastele kui ka t\u00e4iskasvanutele, kes naudivad visandamist ja m\u00e4rkmete tegemist.<\/p>\n<p><strong>Toiteallikas:<\/strong> LR44 patarei (kaasas).<\/p>\n<p><strong>Joonistustahvli m\u00f5\u00f5tmed:<\/strong> 26 x 15 x 1 cm.<\/p>\n","protected":false},"featured_media":41379,"comment_status":"open","ping_status":"closed","template":"","meta":[],"product_brand":[],"product_cat":[110,1162,1165,1166,1002,1009,1010,1023,102,927,23],"product_tag":[],"class_list":{"0":"post-39518","1":"product","2":"type-product","3":"status-publish","4":"has-post-thumbnail","6":"product_cat-mangimine","7":"product_cat-kingituseks","8":"product_cat-3-5-aastat","9":"product_cat-6-8-aastat","10":"product_cat-oppemangud","11":"product_cat-numbrid-ja-matemaatika","12":"product_cat-tahed-ja-kirjutamine","13":"product_cat-motoorika","14":"product_cat-kunstivahendid","15":"product_cat-joonistamine","16":"product_cat-soodus","17":"has-post-title","18":"has-post-date","19":"has-post-category","20":"has-post-tag","21":"has-post-comment","22":"has-post-author","23":"","25":"first","26":"instock","27":"sale","28":"taxable","29":"shipping-taxable","30":"purchasable","31":"product-type-simple"},"yoast_head":"<!-- This site is optimized with the Yoast SEO plugin v26.8 - https:\/\/yoast.com\/product\/yoast-seo-wordpress\/ -->\n<title>Graafiline joonistustahvel &quot;J\u00e4nes&quot; 8.5&#039;&#039; - sulin.ee<\/title>\n<meta name=\"description\" content=\"Graafiline joonistustahvel \u2013 ideaalne t\u00f6\u00f6riist loovuseks ja \u00f5ppimiseks. Sobib suurep\u00e4raselt k\u00f5igile vanusegruppidele. Vaata lisaks ka teisi \u00f5ppem\u00e4nge.\" \/>\n<meta name=\"robots\" content=\"index, follow, max-snippet:-1, max-image-preview:large, max-video-preview:-1\" \/>\n<link rel=\"canonical\" href=\"https:\/\/sulin.ee\/en\/toode\/graafiline-joonistustahvel-janes-8-5\/\" \/>\n<meta property=\"og:locale\" content=\"en_US\" \/>\n<meta property=\"og:type\" content=\"article\" \/>\n<meta property=\"og:title\" content=\"Graafiline joonistustahvel &quot;J\u00e4nes&quot; 8.5&#039;&#039; - sulin.ee\" \/>\n<meta property=\"og:description\" content=\"Graafiline joonistustahvel \u2013 ideaalne t\u00f6\u00f6riist loovuseks ja \u00f5ppimiseks. Sobib suurep\u00e4raselt k\u00f5igile vanusegruppidele. Vaata lisaks ka teisi \u00f5ppem\u00e4nge.\" \/>\n<meta property=\"og:url\" content=\"https:\/\/sulin.ee\/en\/toode\/graafiline-joonistustahvel-janes-8-5\/\" \/>\n<meta property=\"og:site_name\" content=\"sulin.ee\" \/>\n<meta property=\"article:publisher\" content=\"https:\/\/www.facebook.com\/www.sulin.ee\/\" \/>\n<meta property=\"article:modified_time\" content=\"2025-12-09T08:25:58+00:00\" \/>\n<meta property=\"og:image\" content=\"https:\/\/sulin.ee\/wp-content\/uploads\/2025\/02\/Piltide-korrektuurid-kodulehel-2025-03-13T132643.030.png\" \/>\n\t<meta property=\"og:image:width\" content=\"1080\" \/>\n\t<meta property=\"og:image:height\" content=\"1080\" \/>\n\t<meta property=\"og:image:type\" content=\"image\/png\" \/>\n<meta name=\"twitter:card\" content=\"summary_large_image\" \/>\n<meta name=\"twitter:label1\" content=\"Est. reading time\" \/>\n\t<meta name=\"twitter:data1\" content=\"2 minutes\" \/>\n<script type=\"application\/ld+json\" class=\"yoast-schema-graph\">{\"@context\":\"https:\/\/schema.org\",\"@graph\":[{\"@type\":\"WebPage\",\"@id\":\"https:\/\/sulin.ee\/en\/toode\/graafiline-joonistustahvel-janes-8-5\/\",\"url\":\"https:\/\/sulin.ee\/en\/toode\/graafiline-joonistustahvel-janes-8-5\/\",\"name\":\"Graafiline joonistustahvel \\\"J\u00e4nes\\\" 8.5'' - sulin.ee\",\"isPartOf\":{\"@id\":\"https:\/\/sulin.ee\/en\/#website\"},\"primaryImageOfPage\":{\"@id\":\"https:\/\/sulin.ee\/en\/toode\/graafiline-joonistustahvel-janes-8-5\/#primaryimage\"},\"image\":{\"@id\":\"https:\/\/sulin.ee\/en\/toode\/graafiline-joonistustahvel-janes-8-5\/#primaryimage\"},\"thumbnailUrl\":\"https:\/\/sulin.ee\/wp-content\/uploads\/2025\/02\/Piltide-korrektuurid-kodulehel-2025-03-13T132643.030.png\",\"datePublished\":\"2025-03-12T13:12:09+00:00\",\"dateModified\":\"2025-12-09T08:25:58+00:00\",\"description\":\"Graafiline joonistustahvel \u2013 ideaalne t\u00f6\u00f6riist loovuseks ja \u00f5ppimiseks. Sobib suurep\u00e4raselt k\u00f5igile vanusegruppidele. Vaata lisaks ka teisi \u00f5ppem\u00e4nge.\",\"breadcrumb\":{\"@id\":\"https:\/\/sulin.ee\/en\/toode\/graafiline-joonistustahvel-janes-8-5\/#breadcrumb\"},\"inLanguage\":\"en-US\",\"potentialAction\":[{\"@type\":\"ReadAction\",\"target\":[\"https:\/\/sulin.ee\/en\/toode\/graafiline-joonistustahvel-janes-8-5\/\"]}]},{\"@type\":\"ImageObject\",\"inLanguage\":\"en-US\",\"@id\":\"https:\/\/sulin.ee\/en\/toode\/graafiline-joonistustahvel-janes-8-5\/#primaryimage\",\"url\":\"https:\/\/sulin.ee\/wp-content\/uploads\/2025\/02\/Piltide-korrektuurid-kodulehel-2025-03-13T132643.030.png\",\"contentUrl\":\"https:\/\/sulin.ee\/wp-content\/uploads\/2025\/02\/Piltide-korrektuurid-kodulehel-2025-03-13T132643.030.png\",\"width\":1080,\"height\":1080,\"caption\":\"Graafiline joonistustahvel\"},{\"@type\":\"BreadcrumbList\",\"@id\":\"https:\/\/sulin.ee\/en\/toode\/graafiline-joonistustahvel-janes-8-5\/#breadcrumb\",\"itemListElement\":[{\"@type\":\"ListItem\",\"position\":1,\"name\":\"Home\",\"item\":\"https:\/\/sulin.ee\/en\/\"},{\"@type\":\"ListItem\",\"position\":2,\"name\":\"Sulin.ee e-pood\",\"item\":\"https:\/\/sulin.ee\/shop\/\"},{\"@type\":\"ListItem\",\"position\":3,\"name\":\"Graafiline joonistustahvel &#8220;J\u00e4nes&#8221; 8.5&#8221;\"}]},{\"@type\":\"WebSite\",\"@id\":\"https:\/\/sulin.ee\/en\/#website\",\"url\":\"https:\/\/sulin.ee\/en\/\",\"name\":\"sulin.ee\",\"description\":\"\",\"publisher\":{\"@id\":\"https:\/\/sulin.ee\/en\/#organization\"},\"potentialAction\":[{\"@type\":\"SearchAction\",\"target\":{\"@type\":\"EntryPoint\",\"urlTemplate\":\"https:\/\/sulin.ee\/en\/?s={search_term_string}\"},\"query-input\":{\"@type\":\"PropertyValueSpecification\",\"valueRequired\":true,\"valueName\":\"search_term_string\"}}],\"inLanguage\":\"en-US\"},{\"@type\":\"Organization\",\"@id\":\"https:\/\/sulin.ee\/en\/#organization\",\"name\":\"SULIN TRADE O\u00dc\",\"url\":\"https:\/\/sulin.ee\/en\/\",\"logo\":{\"@type\":\"ImageObject\",\"inLanguage\":\"en-US\",\"@id\":\"https:\/\/sulin.ee\/en\/#\/schema\/logo\/image\/\",\"url\":\"https:\/\/sulin.ee\/wp-content\/uploads\/2022\/11\/sulin-logo.png\",\"contentUrl\":\"https:\/\/sulin.ee\/wp-content\/uploads\/2022\/11\/sulin-logo.png\",\"width\":871,\"height\":321,\"caption\":\"SULIN TRADE O\u00dc\"},\"image\":{\"@id\":\"https:\/\/sulin.ee\/en\/#\/schema\/logo\/image\/\"},\"sameAs\":[\"https:\/\/www.facebook.com\/www.sulin.ee\/\",\"https:\/\/www.instagram.com\/sulintrade\/\"]}]}<\/script>\n<!-- \/ Yoast SEO plugin. -->","yoast_head_json":{"title":"Graafiline joonistustahvel \"J\u00e4nes\" 8.5'' - sulin.ee","description":"Graafiline joonistustahvel \u2013 ideaalne t\u00f6\u00f6riist loovuseks ja \u00f5ppimiseks. Sobib suurep\u00e4raselt k\u00f5igile vanusegruppidele. Vaata lisaks ka teisi \u00f5ppem\u00e4nge.","robots":{"index":"index","follow":"follow","max-snippet":"max-snippet:-1","max-image-preview":"max-image-preview:large","max-video-preview":"max-video-preview:-1"},"canonical":"https:\/\/sulin.ee\/en\/toode\/graafiline-joonistustahvel-janes-8-5\/","og_locale":"en_US","og_type":"article","og_title":"Graafiline joonistustahvel \"J\u00e4nes\" 8.5'' - sulin.ee","og_description":"Graafiline joonistustahvel \u2013 ideaalne t\u00f6\u00f6riist loovuseks ja \u00f5ppimiseks. Sobib suurep\u00e4raselt k\u00f5igile vanusegruppidele. Vaata lisaks ka teisi \u00f5ppem\u00e4nge.","og_url":"https:\/\/sulin.ee\/en\/toode\/graafiline-joonistustahvel-janes-8-5\/","og_site_name":"sulin.ee","article_publisher":"https:\/\/www.facebook.com\/www.sulin.ee\/","article_modified_time":"2025-12-09T08:25:58+00:00","og_image":[{"width":1080,"height":1080,"url":"https:\/\/sulin.ee\/wp-content\/uploads\/2025\/02\/Piltide-korrektuurid-kodulehel-2025-03-13T132643.030.png","type":"image\/png"}],"twitter_card":"summary_large_image","twitter_misc":{"Est. reading time":"2 minutes"},"schema":{"@context":"https:\/\/schema.org","@graph":[{"@type":"WebPage","@id":"https:\/\/sulin.ee\/en\/toode\/graafiline-joonistustahvel-janes-8-5\/","url":"https:\/\/sulin.ee\/en\/toode\/graafiline-joonistustahvel-janes-8-5\/","name":"Graafiline joonistustahvel \"J\u00e4nes\" 8.5'' - sulin.ee","isPartOf":{"@id":"https:\/\/sulin.ee\/en\/#website"},"primaryImageOfPage":{"@id":"https:\/\/sulin.ee\/en\/toode\/graafiline-joonistustahvel-janes-8-5\/#primaryimage"},"image":{"@id":"https:\/\/sulin.ee\/en\/toode\/graafiline-joonistustahvel-janes-8-5\/#primaryimage"},"thumbnailUrl":"https:\/\/sulin.ee\/wp-content\/uploads\/2025\/02\/Piltide-korrektuurid-kodulehel-2025-03-13T132643.030.png","datePublished":"2025-03-12T13:12:09+00:00","dateModified":"2025-12-09T08:25:58+00:00","description":"Graafiline joonistustahvel \u2013 ideaalne t\u00f6\u00f6riist loovuseks ja \u00f5ppimiseks. Sobib suurep\u00e4raselt k\u00f5igile vanusegruppidele. Vaata lisaks ka teisi \u00f5ppem\u00e4nge.","breadcrumb":{"@id":"https:\/\/sulin.ee\/en\/toode\/graafiline-joonistustahvel-janes-8-5\/#breadcrumb"},"inLanguage":"en-US","potentialAction":[{"@type":"ReadAction","target":["https:\/\/sulin.ee\/en\/toode\/graafiline-joonistustahvel-janes-8-5\/"]}]},{"@type":"ImageObject","inLanguage":"en-US","@id":"https:\/\/sulin.ee\/en\/toode\/graafiline-joonistustahvel-janes-8-5\/#primaryimage","url":"https:\/\/sulin.ee\/wp-content\/uploads\/2025\/02\/Piltide-korrektuurid-kodulehel-2025-03-13T132643.030.png","contentUrl":"https:\/\/sulin.ee\/wp-content\/uploads\/2025\/02\/Piltide-korrektuurid-kodulehel-2025-03-13T132643.030.png","width":1080,"height":1080,"caption":"Graafiline joonistustahvel"},{"@type":"BreadcrumbList","@id":"https:\/\/sulin.ee\/en\/toode\/graafiline-joonistustahvel-janes-8-5\/#breadcrumb","itemListElement":[{"@type":"ListItem","position":1,"name":"Home","item":"https:\/\/sulin.ee\/en\/"},{"@type":"ListItem","position":2,"name":"Sulin.ee e-pood","item":"https:\/\/sulin.ee\/shop\/"},{"@type":"ListItem","position":3,"name":"Graafiline joonistustahvel &#8220;J\u00e4nes&#8221; 8.5&#8221;"}]},{"@type":"WebSite","@id":"https:\/\/sulin.ee\/en\/#website","url":"https:\/\/sulin.ee\/en\/","name":"sulin.ee","description":"","publisher":{"@id":"https:\/\/sulin.ee\/en\/#organization"},"potentialAction":[{"@type":"SearchAction","target":{"@type":"EntryPoint","urlTemplate":"https:\/\/sulin.ee\/en\/?s={search_term_string}"},"query-input":{"@type":"PropertyValueSpecification","valueRequired":true,"valueName":"search_term_string"}}],"inLanguage":"en-US"},{"@type":"Organization","@id":"https:\/\/sulin.ee\/en\/#organization","name":"SULIN TRADE O\u00dc","url":"https:\/\/sulin.ee\/en\/","logo":{"@type":"ImageObject","inLanguage":"en-US","@id":"https:\/\/sulin.ee\/en\/#\/schema\/logo\/image\/","url":"https:\/\/sulin.ee\/wp-content\/uploads\/2022\/11\/sulin-logo.png","contentUrl":"https:\/\/sulin.ee\/wp-content\/uploads\/2022\/11\/sulin-logo.png","width":871,"height":321,"caption":"SULIN TRADE O\u00dc"},"image":{"@id":"https:\/\/sulin.ee\/en\/#\/schema\/logo\/image\/"},"sameAs":["https:\/\/www.facebook.com\/www.sulin.ee\/","https:\/\/www.instagram.com\/sulintrade\/"]}]}},"builder_content":"","_links":{"self":[{"href":"https:\/\/sulin.ee\/en\/wp-json\/wp\/v2\/product\/39518","targetHints":{"allow":["GET"]}}],"collection":[{"href":"https:\/\/sulin.ee\/en\/wp-json\/wp\/v2\/product"}],"about":[{"href":"https:\/\/sulin.ee\/en\/wp-json\/wp\/v2\/types\/product"}],"replies":[{"embeddable":true,"href":"https:\/\/sulin.ee\/en\/wp-json\/wp\/v2\/comments?post=39518"}],"wp:featuredmedia":[{"embeddable":true,"href":"https:\/\/sulin.ee\/en\/wp-json\/wp\/v2\/media\/41379"}],"wp:attachment":[{"href":"https:\/\/sulin.ee\/en\/wp-json\/wp\/v2\/media?parent=39518"}],"wp:term":[{"taxonomy":"product_brand","embeddable":true,"href":"https:\/\/sulin.ee\/en\/wp-json\/wp\/v2\/product_brand?post=39518"},{"taxonomy":"product_cat","embeddable":true,"href":"https:\/\/sulin.ee\/en\/wp-json\/wp\/v2\/product_cat?post=39518"},{"taxonomy":"product_tag","embeddable":true,"href":"https:\/\/sulin.ee\/en\/wp-json\/wp\/v2\/product_tag?post=39518"}],"curies":[{"name":"wp","href":"https:\/\/api.w.org\/{rel}","templated":true}]}}