{"id":39501,"date":"2025-03-12T13:11:57","date_gmt":"2025-03-12T13:11:57","guid":{"rendered":"https:\/\/sulin.ee\/toode\/hariduslike-sorter-puzzle-sobitada-kujundeid-numbrid-munad-12tk\/"},"modified":"2025-09-07T21:39:44","modified_gmt":"2025-09-07T21:39:44","slug":"munamang-sobita-kujundeid-12tk","status":"publish","type":"product","link":"https:\/\/sulin.ee\/en\/toode\/munamang-sobita-kujundeid-12tk\/","title":{"rendered":"Munam\u00e4ng sobitada kujundeid 12tk"},"content":{"rendered":"<div class=\"flex flex-1 grow basis-auto flex-col overflow-hidden @container\/thread\">\n<div class=\"relative h-full\">\n<div class=\"flex h-full flex-col overflow-y-auto [scrollbar-gutter:stable]\">\n<div class=\"mt-1.5 flex flex-col text-sm md:pb-9\">\n<article class=\"w-full text-token-text-primary focus-visible:outline-2 focus-visible:outline-offset-[-4px]\" dir=\"auto\" data-testid=\"conversation-turn-263\" data-scroll-anchor=\"true\">\n<div class=\"text-base my-auto mx-auto py-[18px] px-6\">\n<div class=\"mx-auto flex flex-1 text-base gap-4 md:gap-5 lg:gap-6 md:max-w-3xl lg:max-w-[40rem] xl:max-w-[48rem]\">\n<div class=\"group\/conversation-turn relative flex w-full min-w-0 flex-col agent-turn @xs\/thread:px-0 @sm\/thread:px-1.5 @md\/thread:px-4\">\n<div class=\"flex-col gap-1 md:gap-3\">\n<div class=\"flex max-w-full flex-col flex-grow\">\n<div class=\"min-h-8 text-message relative flex w-full flex-col items-end gap-2 whitespace-normal break-words text-start [.text-message+&amp;]:mt-5\" dir=\"auto\" data-message-author-role=\"assistant\" data-message-id=\"ba6fc040-168a-4ca6-8065-6dc520bee59d\" data-message-model-slug=\"gpt-4\">\n<div class=\"flex w-full flex-col gap-1 empty:hidden first:pt-[3px]\">\n<div class=\"markdown prose w-full break-words dark:prose-invert light\">\n<p data-start=\"75\" data-end=\"368\"><strong>Munam\u00e4ng sobita kujundeid<\/strong> \u2013 l\u00f5bus ja hariv pusle, mis pakub v\u00e4ikelastele p\u00f5nevat v\u00f5imalust arendada oma kujundite ja v\u00e4rvide tundmist. See 12-osaline komplekt on suurep\u00e4rane vahend varajaseks \u00f5ppimiseks, kus iga muna koosneb kahest poolest, mis tuleb \u00f5igesti kokku sobitada.<\/p>\n<p data-start=\"370\" data-end=\"394\"><strong data-start=\"373\" data-end=\"394\">M\u00e4ngu p\u00f5hijooned:<\/strong><\/p>\n<ul data-start=\"395\" data-end=\"748\">\n<li data-start=\"395\" data-end=\"567\"><strong data-start=\"397\" data-end=\"420\">\ud83d\udfe2 Hariduslik v\u00e4\u00e4rtus:<\/strong> M\u00e4ng arendab loogilist m\u00f5tlemist ja probleemilahendusoskusi, kui lapsed \u00fcritavad erinevaid vorme ja v\u00e4rve omavahel sobitada, et munad kokku panna.<\/li>\n<li data-start=\"568\" data-end=\"748\"><strong data-start=\"570\" data-end=\"604\">\ud83d\udfe2 V\u00e4rvide ja kujundite \u00f5ppimine:<\/strong> Munad pakuvad v\u00e4ikelastele v\u00f5imalust \u00f5ppida tundma erinevaid geomeetrilisi kujundeid ja v\u00e4rve, mis on esitatud l\u00f5busal ja kaasahaaraval viisil.<\/li>\n<\/ul>\n<p data-start=\"750\" data-end=\"784\"><strong data-start=\"753\" data-end=\"784\">Praktiline ja kaasaskantav:<\/strong><\/p>\n<ul data-start=\"785\" data-end=\"1112\">\n<li data-start=\"785\" data-end=\"958\"><strong data-start=\"787\" data-end=\"810\">\ud83d\udfe2 K\u00e4ep\u00e4rased m\u00f5\u00f5tmed:<\/strong> Iga muna on piisavalt suur, et seda oleks mugav k\u00e4es hoida, kuid piisavalt v\u00e4ike, et seda oleks lihtne kaasas kanda \u2013 ideaalne lahendus teel olles.<\/li>\n<li data-start=\"959\" data-end=\"1112\"><strong data-start=\"961\" data-end=\"998\">\ud83d\udfe2 Vastupidav ja turvaline materjal:<\/strong> K\u00f5ik munad on valmistatud vastupidavast plastikust, tagades m\u00e4nguasja pikaajalise kestvuse ja ohutuse m\u00e4ngimisel.<\/li>\n<\/ul>\n<p data-start=\"1114\" data-end=\"1136\"><strong data-start=\"1117\" data-end=\"1136\">Komplekti sisu: <\/strong>12 muna, iga\u00fcks kahe eri kujundi ja v\u00e4rviga, mis tuleb kokku sobitada. Plastikust hoiukarp, mis teeb munade hoiustamise ja transportimise lihtsaks ja mugavaks.<\/p>\n<p data-start=\"1310\" data-end=\"1322\"><strong data-start=\"1310\" data-end=\"1322\">M\u00f5\u00f5tmed:<\/strong><\/p>\n<ul data-start=\"1323\" data-end=\"1401\">\n<li data-start=\"1323\" data-end=\"1361\">\ud83d\udfe2 \u00dche muna m\u00f5\u00f5tmed: umbes 15 x 7.5 cm<\/li>\n<li data-start=\"1362\" data-end=\"1401\">\ud83d\udfe2 Pakendi m\u00f5\u00f5tmed: 28 x 9.5 x 7.5 cm<\/li>\n<\/ul>\n<p><strong>Sobiv vanus:<\/strong> 3+ aastat.<\/p>\n<p data-start=\"1403\" data-end=\"1580\" data-is-last-node=\"\" data-is-only-node=\"\"><strong data-start=\"1403\" data-end=\"1434\">Munam\u00e4ng sobita kujundeid<\/strong>\u00a0on mitte ainult l\u00f5bus m\u00e4nguasi, vaid ka suurep\u00e4rane arenguvahend, mis toetab lapse kujundite ja v\u00e4rvide tundma\u00f5ppimist l\u00e4bi m\u00e4nguliste tegevuste.<\/p>\n<p data-start=\"20\" data-end=\"361\">Avasta ka meie teised motoorikat arendavad m\u00e4nguasjad, et pakkuda oma lapsele veelgi rohkem l\u00f5busaid \u00f5ppimisv\u00f5imalusi! <strong><a href=\"https:\/\/sulin.ee\/tootekategooria\/mangimine\/oppemangud\/\">Leiad siit!<\/a><\/strong><\/p>\n<\/div>\n<\/div>\n<\/div>\n<\/div>\n<\/div>\n<\/div>\n<\/div>\n<\/div>\n<\/article>\n<\/div>\n<\/div>\n<\/div>\n<\/div>\n","protected":false},"excerpt":{"rendered":"<p><strong>Tutvu &#8220;Munam\u00e4nguga Sobita kujundeid&#8221;<\/strong> \u2013 l\u00f5busa ja hariva m\u00e4nguasjaga, mis aitab lastel \u00f5ppida kujundeid ja v\u00e4rve. See 12-osaline komplekt pakub p\u00f5nevaid v\u00e4ljakutseid ja arendab lapse motoorikat ning probleemilahendusoskusi.<\/p>\n<p><strong>Komplekti kuulub:<\/strong> 12 muna ja munakarp.<\/p>\n<p><strong>Sobiv vanus:<\/strong> 3+ aastat.<\/p>\n","protected":false},"featured_media":41376,"comment_status":"open","ping_status":"closed","template":"","meta":[],"product_brand":[],"product_cat":[110,1162,1165,1002,1009,1022,1023,942,925,23],"product_tag":[],"class_list":{"0":"post-39501","1":"product","2":"type-product","3":"status-publish","4":"has-post-thumbnail","6":"product_cat-mangimine","7":"product_cat-kingituseks","8":"product_cat-3-5-aastat","9":"product_cat-oppemangud","10":"product_cat-numbrid-ja-matemaatika","11":"product_cat-varvid-ja-kujundid","12":"product_cat-motoorika","13":"product_cat-lauamangud","14":"product_cat-pusled","15":"product_cat-soodus","16":"has-post-title","17":"has-post-date","18":"has-post-category","19":"has-post-tag","20":"has-post-comment","21":"has-post-author","22":"","24":"first","25":"instock","26":"sale","27":"taxable","28":"shipping-taxable","29":"purchasable","30":"product-type-simple"},"yoast_head":"<!-- This site is optimized with the Yoast SEO plugin v26.8 - https:\/\/yoast.com\/product\/yoast-seo-wordpress\/ -->\n<title>Munam\u00e4ng sobitada kujundeid 12tk - sulin.ee<\/title>\n<meta name=\"description\" content=\"Munam\u00e4ng sobita kujundeid \u2013 ideaalne m\u00e4nguasi, mis arendab laste kujundite ja v\u00e4rvide tundmist ning motoorseid oskusi. Avasta lai valik m\u00e4nge.\" \/>\n<meta name=\"robots\" content=\"index, follow, max-snippet:-1, max-image-preview:large, max-video-preview:-1\" \/>\n<link rel=\"canonical\" href=\"https:\/\/sulin.ee\/en\/toode\/munamang-sobita-kujundeid-12tk\/\" \/>\n<meta property=\"og:locale\" content=\"en_US\" \/>\n<meta property=\"og:type\" content=\"article\" \/>\n<meta property=\"og:title\" content=\"Munam\u00e4ng sobitada kujundeid 12tk - sulin.ee\" \/>\n<meta property=\"og:description\" content=\"Munam\u00e4ng sobita kujundeid \u2013 ideaalne m\u00e4nguasi, mis arendab laste kujundite ja v\u00e4rvide tundmist ning motoorseid oskusi. Avasta lai valik m\u00e4nge.\" \/>\n<meta property=\"og:url\" content=\"https:\/\/sulin.ee\/en\/toode\/munamang-sobita-kujundeid-12tk\/\" \/>\n<meta property=\"og:site_name\" content=\"sulin.ee\" \/>\n<meta property=\"article:publisher\" content=\"https:\/\/www.facebook.com\/www.sulin.ee\/\" \/>\n<meta property=\"article:modified_time\" content=\"2025-09-07T21:39:44+00:00\" \/>\n<meta property=\"og:image\" content=\"https:\/\/sulin.ee\/wp-content\/uploads\/2025\/03\/Piltide-korrektuurid-kodulehel-2025-03-13T131524.058.png\" \/>\n\t<meta property=\"og:image:width\" content=\"1080\" \/>\n\t<meta property=\"og:image:height\" content=\"1080\" \/>\n\t<meta property=\"og:image:type\" content=\"image\/png\" \/>\n<meta name=\"twitter:card\" content=\"summary_large_image\" \/>\n<meta name=\"twitter:label1\" content=\"Est. reading time\" \/>\n\t<meta name=\"twitter:data1\" content=\"2 minutes\" \/>\n<script type=\"application\/ld+json\" class=\"yoast-schema-graph\">{\"@context\":\"https:\/\/schema.org\",\"@graph\":[{\"@type\":\"WebPage\",\"@id\":\"https:\/\/sulin.ee\/en\/toode\/munamang-sobita-kujundeid-12tk\/\",\"url\":\"https:\/\/sulin.ee\/en\/toode\/munamang-sobita-kujundeid-12tk\/\",\"name\":\"Munam\u00e4ng sobitada kujundeid 12tk - sulin.ee\",\"isPartOf\":{\"@id\":\"https:\/\/sulin.ee\/en\/#website\"},\"primaryImageOfPage\":{\"@id\":\"https:\/\/sulin.ee\/en\/toode\/munamang-sobita-kujundeid-12tk\/#primaryimage\"},\"image\":{\"@id\":\"https:\/\/sulin.ee\/en\/toode\/munamang-sobita-kujundeid-12tk\/#primaryimage\"},\"thumbnailUrl\":\"https:\/\/sulin.ee\/wp-content\/uploads\/2025\/03\/Piltide-korrektuurid-kodulehel-2025-03-13T131524.058.png\",\"datePublished\":\"2025-03-12T13:11:57+00:00\",\"dateModified\":\"2025-09-07T21:39:44+00:00\",\"description\":\"Munam\u00e4ng sobita kujundeid \u2013 ideaalne m\u00e4nguasi, mis arendab laste kujundite ja v\u00e4rvide tundmist ning motoorseid oskusi. Avasta lai valik m\u00e4nge.\",\"breadcrumb\":{\"@id\":\"https:\/\/sulin.ee\/en\/toode\/munamang-sobita-kujundeid-12tk\/#breadcrumb\"},\"inLanguage\":\"en-US\",\"potentialAction\":[{\"@type\":\"ReadAction\",\"target\":[\"https:\/\/sulin.ee\/en\/toode\/munamang-sobita-kujundeid-12tk\/\"]}]},{\"@type\":\"ImageObject\",\"inLanguage\":\"en-US\",\"@id\":\"https:\/\/sulin.ee\/en\/toode\/munamang-sobita-kujundeid-12tk\/#primaryimage\",\"url\":\"https:\/\/sulin.ee\/wp-content\/uploads\/2025\/03\/Piltide-korrektuurid-kodulehel-2025-03-13T131524.058.png\",\"contentUrl\":\"https:\/\/sulin.ee\/wp-content\/uploads\/2025\/03\/Piltide-korrektuurid-kodulehel-2025-03-13T131524.058.png\",\"width\":1080,\"height\":1080},{\"@type\":\"BreadcrumbList\",\"@id\":\"https:\/\/sulin.ee\/en\/toode\/munamang-sobita-kujundeid-12tk\/#breadcrumb\",\"itemListElement\":[{\"@type\":\"ListItem\",\"position\":1,\"name\":\"Home\",\"item\":\"https:\/\/sulin.ee\/en\/\"},{\"@type\":\"ListItem\",\"position\":2,\"name\":\"Sulin.ee e-pood\",\"item\":\"https:\/\/sulin.ee\/shop\/\"},{\"@type\":\"ListItem\",\"position\":3,\"name\":\"Munam\u00e4ng sobitada kujundeid 12tk\"}]},{\"@type\":\"WebSite\",\"@id\":\"https:\/\/sulin.ee\/en\/#website\",\"url\":\"https:\/\/sulin.ee\/en\/\",\"name\":\"sulin.ee\",\"description\":\"\",\"publisher\":{\"@id\":\"https:\/\/sulin.ee\/en\/#organization\"},\"potentialAction\":[{\"@type\":\"SearchAction\",\"target\":{\"@type\":\"EntryPoint\",\"urlTemplate\":\"https:\/\/sulin.ee\/en\/?s={search_term_string}\"},\"query-input\":{\"@type\":\"PropertyValueSpecification\",\"valueRequired\":true,\"valueName\":\"search_term_string\"}}],\"inLanguage\":\"en-US\"},{\"@type\":\"Organization\",\"@id\":\"https:\/\/sulin.ee\/en\/#organization\",\"name\":\"SULIN TRADE O\u00dc\",\"url\":\"https:\/\/sulin.ee\/en\/\",\"logo\":{\"@type\":\"ImageObject\",\"inLanguage\":\"en-US\",\"@id\":\"https:\/\/sulin.ee\/en\/#\/schema\/logo\/image\/\",\"url\":\"https:\/\/sulin.ee\/wp-content\/uploads\/2022\/11\/sulin-logo.png\",\"contentUrl\":\"https:\/\/sulin.ee\/wp-content\/uploads\/2022\/11\/sulin-logo.png\",\"width\":871,\"height\":321,\"caption\":\"SULIN TRADE O\u00dc\"},\"image\":{\"@id\":\"https:\/\/sulin.ee\/en\/#\/schema\/logo\/image\/\"},\"sameAs\":[\"https:\/\/www.facebook.com\/www.sulin.ee\/\",\"https:\/\/www.instagram.com\/sulintrade\/\"]}]}<\/script>\n<!-- \/ Yoast SEO plugin. -->","yoast_head_json":{"title":"Munam\u00e4ng sobitada kujundeid 12tk - sulin.ee","description":"Munam\u00e4ng sobita kujundeid \u2013 ideaalne m\u00e4nguasi, mis arendab laste kujundite ja v\u00e4rvide tundmist ning motoorseid oskusi. Avasta lai valik m\u00e4nge.","robots":{"index":"index","follow":"follow","max-snippet":"max-snippet:-1","max-image-preview":"max-image-preview:large","max-video-preview":"max-video-preview:-1"},"canonical":"https:\/\/sulin.ee\/en\/toode\/munamang-sobita-kujundeid-12tk\/","og_locale":"en_US","og_type":"article","og_title":"Munam\u00e4ng sobitada kujundeid 12tk - sulin.ee","og_description":"Munam\u00e4ng sobita kujundeid \u2013 ideaalne m\u00e4nguasi, mis arendab laste kujundite ja v\u00e4rvide tundmist ning motoorseid oskusi. Avasta lai valik m\u00e4nge.","og_url":"https:\/\/sulin.ee\/en\/toode\/munamang-sobita-kujundeid-12tk\/","og_site_name":"sulin.ee","article_publisher":"https:\/\/www.facebook.com\/www.sulin.ee\/","article_modified_time":"2025-09-07T21:39:44+00:00","og_image":[{"width":1080,"height":1080,"url":"https:\/\/sulin.ee\/wp-content\/uploads\/2025\/03\/Piltide-korrektuurid-kodulehel-2025-03-13T131524.058.png","type":"image\/png"}],"twitter_card":"summary_large_image","twitter_misc":{"Est. reading time":"2 minutes"},"schema":{"@context":"https:\/\/schema.org","@graph":[{"@type":"WebPage","@id":"https:\/\/sulin.ee\/en\/toode\/munamang-sobita-kujundeid-12tk\/","url":"https:\/\/sulin.ee\/en\/toode\/munamang-sobita-kujundeid-12tk\/","name":"Munam\u00e4ng sobitada kujundeid 12tk - sulin.ee","isPartOf":{"@id":"https:\/\/sulin.ee\/en\/#website"},"primaryImageOfPage":{"@id":"https:\/\/sulin.ee\/en\/toode\/munamang-sobita-kujundeid-12tk\/#primaryimage"},"image":{"@id":"https:\/\/sulin.ee\/en\/toode\/munamang-sobita-kujundeid-12tk\/#primaryimage"},"thumbnailUrl":"https:\/\/sulin.ee\/wp-content\/uploads\/2025\/03\/Piltide-korrektuurid-kodulehel-2025-03-13T131524.058.png","datePublished":"2025-03-12T13:11:57+00:00","dateModified":"2025-09-07T21:39:44+00:00","description":"Munam\u00e4ng sobita kujundeid \u2013 ideaalne m\u00e4nguasi, mis arendab laste kujundite ja v\u00e4rvide tundmist ning motoorseid oskusi. Avasta lai valik m\u00e4nge.","breadcrumb":{"@id":"https:\/\/sulin.ee\/en\/toode\/munamang-sobita-kujundeid-12tk\/#breadcrumb"},"inLanguage":"en-US","potentialAction":[{"@type":"ReadAction","target":["https:\/\/sulin.ee\/en\/toode\/munamang-sobita-kujundeid-12tk\/"]}]},{"@type":"ImageObject","inLanguage":"en-US","@id":"https:\/\/sulin.ee\/en\/toode\/munamang-sobita-kujundeid-12tk\/#primaryimage","url":"https:\/\/sulin.ee\/wp-content\/uploads\/2025\/03\/Piltide-korrektuurid-kodulehel-2025-03-13T131524.058.png","contentUrl":"https:\/\/sulin.ee\/wp-content\/uploads\/2025\/03\/Piltide-korrektuurid-kodulehel-2025-03-13T131524.058.png","width":1080,"height":1080},{"@type":"BreadcrumbList","@id":"https:\/\/sulin.ee\/en\/toode\/munamang-sobita-kujundeid-12tk\/#breadcrumb","itemListElement":[{"@type":"ListItem","position":1,"name":"Home","item":"https:\/\/sulin.ee\/en\/"},{"@type":"ListItem","position":2,"name":"Sulin.ee e-pood","item":"https:\/\/sulin.ee\/shop\/"},{"@type":"ListItem","position":3,"name":"Munam\u00e4ng sobitada kujundeid 12tk"}]},{"@type":"WebSite","@id":"https:\/\/sulin.ee\/en\/#website","url":"https:\/\/sulin.ee\/en\/","name":"sulin.ee","description":"","publisher":{"@id":"https:\/\/sulin.ee\/en\/#organization"},"potentialAction":[{"@type":"SearchAction","target":{"@type":"EntryPoint","urlTemplate":"https:\/\/sulin.ee\/en\/?s={search_term_string}"},"query-input":{"@type":"PropertyValueSpecification","valueRequired":true,"valueName":"search_term_string"}}],"inLanguage":"en-US"},{"@type":"Organization","@id":"https:\/\/sulin.ee\/en\/#organization","name":"SULIN TRADE O\u00dc","url":"https:\/\/sulin.ee\/en\/","logo":{"@type":"ImageObject","inLanguage":"en-US","@id":"https:\/\/sulin.ee\/en\/#\/schema\/logo\/image\/","url":"https:\/\/sulin.ee\/wp-content\/uploads\/2022\/11\/sulin-logo.png","contentUrl":"https:\/\/sulin.ee\/wp-content\/uploads\/2022\/11\/sulin-logo.png","width":871,"height":321,"caption":"SULIN TRADE O\u00dc"},"image":{"@id":"https:\/\/sulin.ee\/en\/#\/schema\/logo\/image\/"},"sameAs":["https:\/\/www.facebook.com\/www.sulin.ee\/","https:\/\/www.instagram.com\/sulintrade\/"]}]}},"builder_content":"","_links":{"self":[{"href":"https:\/\/sulin.ee\/en\/wp-json\/wp\/v2\/product\/39501","targetHints":{"allow":["GET"]}}],"collection":[{"href":"https:\/\/sulin.ee\/en\/wp-json\/wp\/v2\/product"}],"about":[{"href":"https:\/\/sulin.ee\/en\/wp-json\/wp\/v2\/types\/product"}],"replies":[{"embeddable":true,"href":"https:\/\/sulin.ee\/en\/wp-json\/wp\/v2\/comments?post=39501"}],"wp:featuredmedia":[{"embeddable":true,"href":"https:\/\/sulin.ee\/en\/wp-json\/wp\/v2\/media\/41376"}],"wp:attachment":[{"href":"https:\/\/sulin.ee\/en\/wp-json\/wp\/v2\/media?parent=39501"}],"wp:term":[{"taxonomy":"product_brand","embeddable":true,"href":"https:\/\/sulin.ee\/en\/wp-json\/wp\/v2\/product_brand?post=39501"},{"taxonomy":"product_cat","embeddable":true,"href":"https:\/\/sulin.ee\/en\/wp-json\/wp\/v2\/product_cat?post=39501"},{"taxonomy":"product_tag","embeddable":true,"href":"https:\/\/sulin.ee\/en\/wp-json\/wp\/v2\/product_tag?post=39501"}],"curies":[{"name":"wp","href":"https:\/\/api.w.org\/{rel}","templated":true}]}}