{"id":39397,"date":"2025-03-12T13:10:54","date_gmt":"2025-03-12T13:10:54","guid":{"rendered":"https:\/\/sulin.ee\/toode\/seebimulli-pustol-valge\/"},"modified":"2025-09-28T09:02:16","modified_gmt":"2025-09-28T09:02:16","slug":"seebimulli-pustol-valge","status":"publish","type":"product","link":"https:\/\/sulin.ee\/en\/toode\/seebimulli-pustol-valge\/","title":{"rendered":"Seebimulli p\u00fcstol valge"},"content":{"rendered":"<div class=\"flex flex-1 grow basis-auto flex-col overflow-hidden @container\/thread\">\n<div class=\"relative h-full\">\n<div class=\"flex h-full flex-col overflow-y-auto [scrollbar-gutter:stable]\">\n<div class=\"mt-1.5 flex flex-col text-sm md:pb-9\">\n<article class=\"w-full text-token-text-primary focus-visible:outline-2 focus-visible:outline-offset-[-4px]\" dir=\"auto\" data-testid=\"conversation-turn-225\" data-scroll-anchor=\"true\">\n<div class=\"text-base my-auto mx-auto py-[18px] px-6\">\n<div class=\"mx-auto flex flex-1 text-base gap-4 md:gap-5 lg:gap-6 md:max-w-3xl lg:max-w-[40rem] xl:max-w-[48rem]\">\n<div class=\"group\/conversation-turn relative flex w-full min-w-0 flex-col agent-turn @xs\/thread:px-0 @sm\/thread:px-1.5 @md\/thread:px-4\">\n<div class=\"flex-col gap-1 md:gap-3\">\n<div class=\"flex max-w-full flex-col flex-grow\">\n<div class=\"min-h-8 text-message relative flex w-full flex-col items-end gap-2 whitespace-normal break-words text-start [.text-message+&amp;]:mt-5\" dir=\"auto\" data-message-author-role=\"assistant\" data-message-id=\"b0b24421-b04e-404c-bc8b-37b6fa2b4b25\" data-message-model-slug=\"gpt-4\">\n<div class=\"flex w-full flex-col gap-1 empty:hidden first:pt-[3px]\">\n<div class=\"markdown prose w-full break-words dark:prose-invert light\">\n<p data-start=\"65\" data-end=\"343\"><strong>Seebimulli p\u00fcstol valge <\/strong>\u2013 see on t\u00e4iuslik vahend, mis viib sinu lapse v\u00e4rviliste seebimullide kirjusse maailma. See teleskoopilaadse disainiga kosmosemullip\u00fcstol ei ole lihtsalt m\u00e4nguasi, vaid p\u00f5nev seiklus, mis kutsub esile r\u00f5\u00f5mu ja imetlust.<\/p>\n<p data-start=\"345\" data-end=\"377\"><strong data-start=\"348\" data-end=\"377\">Omadused ja funktsioonid:<\/strong><\/p>\n<ul data-start=\"378\" data-end=\"809\">\n<li data-start=\"378\" data-end=\"597\"><strong data-start=\"380\" data-end=\"410\">\ud83d\udfe2 Mitmek\u00fclgne mullitootmine:<\/strong> M\u00e4nguasjal on viis vedelikur\u00f5ngast, mis kastuvad vedelikku iga kord, kui vajutad p\u00e4\u00e4stikut, ja v\u00e4ike ventilaator, mis tekitab \u00f5rna \u00f5hupuhangu, lastes lendu sadu v\u00e4rvikirevaid seebimulle.<\/li>\n<li data-start=\"598\" data-end=\"809\"><strong data-start=\"600\" data-end=\"627\">\ud83d\udfe2 Valgus- ja heliefektid:<\/strong> Lisafunktsioonidena pakub mullip\u00fcstol erinevaid valgus- ja heliefekte, mis muudavad m\u00e4ngimise veelgi l\u00f5busamaks. Need efektid on lihtsalt reguleeritavad nupuga m\u00e4nguasja tagak\u00fcljel.<\/li>\n<\/ul>\n<p data-start=\"811\" data-end=\"846\"><strong data-start=\"814\" data-end=\"846\">Kaasahaarav ja arendav m\u00e4ng:<\/strong><\/p>\n<ul data-start=\"847\" data-end=\"1219\">\n<li data-start=\"847\" data-end=\"1068\"><strong data-start=\"849\" data-end=\"867\">\ud83d\udfe2 Loov ja l\u00f5bus:<\/strong> Mullip\u00fcstol pakub mitte ainult meelelahutust, vaid ka arendab laste peenmotoorikat ja visuaalset taju, pakkudes samal ajal v\u00f5imalust \u00f5ppida p\u00f5hiteaduslikke kontseptsioone nagu \u00f5hu liikumine ja v\u00e4rvid.<\/li>\n<li data-start=\"1069\" data-end=\"1219\"><strong data-start=\"1071\" data-end=\"1098\">\ud83d\udfe2 Ideaalseks kingituseks:<\/strong> T\u00e4nu atraktiivsele pakendile ja kvaliteetsele disainile sobib see mullip\u00fcstol suurep\u00e4raselt kingituseks mis tahes puhul.<\/li>\n<\/ul>\n<p data-start=\"1221\" data-end=\"1264\"><strong data-start=\"1224\" data-end=\"1264\">Komplekti sisu ja tehnilised andmed:<\/strong><\/p>\n<ul data-start=\"1265\" data-end=\"1457\">\n<li data-start=\"1265\" data-end=\"1324\"><strong data-start=\"1267\" data-end=\"1290\">\ud83d\udfe2 Komplekti kuuluvad:<\/strong> 1 mullip\u00fcstol, 2 vedelikumahutit.<\/li>\n<li data-start=\"1325\" data-end=\"1386\"><strong data-start=\"1327\" data-end=\"1337\">\ud83d\udfe2 Toide:<\/strong> Vajab 3 x AA 1,5V patareid (ei kuulu komplekti).<\/li>\n<li data-start=\"1387\" data-end=\"1457\"><strong data-start=\"1389\" data-end=\"1401\">\ud83d\udfe2 M\u00f5\u00f5tmed:<\/strong> P\u00fcstol: 20cm x 7.5cm x 18cm; pakend: 22cm x 8cm x 22cm.<\/li>\n<\/ul>\n<p data-start=\"1459\" data-end=\"1624\" data-is-last-node=\"\" data-is-only-node=\"\">Seebimulli p\u00fcstol valge on suurep\u00e4rane vahend, mis toob igasse p\u00e4eva r\u00f5\u00f5mu ja v\u00e4rvikirevust, aidates lastel avastada f\u00fc\u00fcsika maailma l\u00f5busal ja kaasahaaraval moel. Ideaalne <strong data-start=\"2504\" data-end=\"2567\">suvep\u00e4evadeks, aiapidudeks, s\u00fcnnip\u00e4evadeks ja perem\u00e4ngudeks<\/strong>!\u00a0<strong data-start=\"2569\" data-end=\"2635\" data-is-last-node=\"\">Telli juba t\u00e4na ja muuda m\u00e4nguaeg maagiliseks seebimullipeoks!<\/strong><\/p>\n<p data-start=\"2397\" data-end=\"2635\" data-is-last-node=\"\" data-is-only-node=\"\">Tutvu ka meie teiste l\u00f5busate \u00f5uem\u00e4nguasjadega ja leia veel rohkem v\u00f5imalusi aktiivseks m\u00e4nguks!\u00a0<strong><a href=\"https:\/\/sulin.ee\/tootekategooria\/mangimine\/ouemanguasjad\/\">Leiad siit.<\/a><\/strong><\/p>\n<\/div>\n<\/div>\n<\/div>\n<\/div>\n<\/div>\n<\/div>\n<\/div>\n<\/div>\n<\/article>\n<\/div>\n<\/div>\n<\/div>\n<\/div>\n","protected":false},"excerpt":{"rendered":"<p><strong>Vinge seebimulli p\u00fcstol<\/strong> on l\u00f5bus ja kaasahaarav \u00f5uem\u00e4nguasi, mis t\u00e4idab \u00f5hu v\u00e4rvikirevate seebimullidega. Varustatud valgus- ja heliefektidega, pakub see p\u00fcstol lapsi paeluvat meelelahutust, arendades samal ajal nende motoorikat ja visuaalset taju.<\/p>\n<p><strong> Komplekti kuuluvad:<\/strong> p\u00fcstol, 2 mahutit vedelikuga. Toiteallikas: 3 x AA 1,5V patareid.<\/p>\n<p><strong>P\u00fcssi m\u00f5\u00f5tmed:<\/strong> 20 x 7.5 x 18 cm.<\/p>\n","protected":false},"featured_media":39404,"comment_status":"open","ping_status":"closed","template":"","meta":[],"product_brand":[],"product_cat":[110,1162,1165,1166,1133,885,23],"product_tag":[],"class_list":{"0":"post-39397","1":"product","2":"type-product","3":"status-publish","4":"has-post-thumbnail","6":"product_cat-mangimine","7":"product_cat-kingituseks","8":"product_cat-3-5-aastat","9":"product_cat-6-8-aastat","10":"product_cat-vannimanguasjad","11":"product_cat-ouemanguasjad","12":"product_cat-soodus","13":"has-post-title","14":"has-post-date","15":"has-post-category","16":"has-post-tag","17":"has-post-comment","18":"has-post-author","19":"","21":"first","22":"instock","23":"sale","24":"taxable","25":"shipping-taxable","26":"purchasable","27":"product-type-simple"},"yoast_head":"<!-- This site is optimized with the Yoast SEO plugin v26.8 - https:\/\/yoast.com\/product\/yoast-seo-wordpress\/ -->\n<title>Seebimulli p\u00fcstol valge - sulin.ee<\/title>\n<meta name=\"description\" content=\"Seebimulli p\u00fcstol valge \u2013 ideaalne m\u00e4nguasi v\u00e4rvikirevateks \u00f5uem\u00e4ngudeks. P\u00fcstol ei paku mitte ainult l\u00f5bu, vaid \u00f5petab ka \u00f5hu d\u00fcnaamika ja v\u00e4rvide kohta.\" \/>\n<meta name=\"robots\" content=\"index, follow, max-snippet:-1, max-image-preview:large, max-video-preview:-1\" \/>\n<link rel=\"canonical\" href=\"https:\/\/sulin.ee\/en\/toode\/seebimulli-pustol-valge\/\" \/>\n<meta property=\"og:locale\" content=\"en_US\" \/>\n<meta property=\"og:type\" content=\"article\" \/>\n<meta property=\"og:title\" content=\"Seebimulli p\u00fcstol valge - sulin.ee\" \/>\n<meta property=\"og:description\" content=\"Seebimulli p\u00fcstol valge \u2013 ideaalne m\u00e4nguasi v\u00e4rvikirevateks \u00f5uem\u00e4ngudeks. P\u00fcstol ei paku mitte ainult l\u00f5bu, vaid \u00f5petab ka \u00f5hu d\u00fcnaamika ja v\u00e4rvide kohta.\" \/>\n<meta property=\"og:url\" content=\"https:\/\/sulin.ee\/en\/toode\/seebimulli-pustol-valge\/\" \/>\n<meta property=\"og:site_name\" content=\"sulin.ee\" \/>\n<meta property=\"article:publisher\" content=\"https:\/\/www.facebook.com\/www.sulin.ee\/\" \/>\n<meta property=\"article:modified_time\" content=\"2025-09-28T09:02:16+00:00\" \/>\n<meta property=\"og:image\" content=\"https:\/\/sulin.ee\/wp-content\/uploads\/2025\/02\/Pistolet-do-robienia-baniek-mydlanych-bialy-944851.jpg\" \/>\n\t<meta property=\"og:image:width\" content=\"1600\" \/>\n\t<meta property=\"og:image:height\" content=\"1200\" \/>\n\t<meta property=\"og:image:type\" content=\"image\/jpeg\" \/>\n<meta name=\"twitter:card\" content=\"summary_large_image\" \/>\n<meta name=\"twitter:label1\" content=\"Est. reading time\" \/>\n\t<meta name=\"twitter:data1\" content=\"2 minutes\" \/>\n<script type=\"application\/ld+json\" class=\"yoast-schema-graph\">{\"@context\":\"https:\/\/schema.org\",\"@graph\":[{\"@type\":\"WebPage\",\"@id\":\"https:\/\/sulin.ee\/en\/toode\/seebimulli-pustol-valge\/\",\"url\":\"https:\/\/sulin.ee\/en\/toode\/seebimulli-pustol-valge\/\",\"name\":\"Seebimulli p\u00fcstol valge - sulin.ee\",\"isPartOf\":{\"@id\":\"https:\/\/sulin.ee\/en\/#website\"},\"primaryImageOfPage\":{\"@id\":\"https:\/\/sulin.ee\/en\/toode\/seebimulli-pustol-valge\/#primaryimage\"},\"image\":{\"@id\":\"https:\/\/sulin.ee\/en\/toode\/seebimulli-pustol-valge\/#primaryimage\"},\"thumbnailUrl\":\"https:\/\/sulin.ee\/wp-content\/uploads\/2025\/02\/Pistolet-do-robienia-baniek-mydlanych-bialy-944851.jpg\",\"datePublished\":\"2025-03-12T13:10:54+00:00\",\"dateModified\":\"2025-09-28T09:02:16+00:00\",\"description\":\"Seebimulli p\u00fcstol valge \u2013 ideaalne m\u00e4nguasi v\u00e4rvikirevateks \u00f5uem\u00e4ngudeks. P\u00fcstol ei paku mitte ainult l\u00f5bu, vaid \u00f5petab ka \u00f5hu d\u00fcnaamika ja v\u00e4rvide kohta.\",\"breadcrumb\":{\"@id\":\"https:\/\/sulin.ee\/en\/toode\/seebimulli-pustol-valge\/#breadcrumb\"},\"inLanguage\":\"en-US\",\"potentialAction\":[{\"@type\":\"ReadAction\",\"target\":[\"https:\/\/sulin.ee\/en\/toode\/seebimulli-pustol-valge\/\"]}]},{\"@type\":\"ImageObject\",\"inLanguage\":\"en-US\",\"@id\":\"https:\/\/sulin.ee\/en\/toode\/seebimulli-pustol-valge\/#primaryimage\",\"url\":\"https:\/\/sulin.ee\/wp-content\/uploads\/2025\/02\/Pistolet-do-robienia-baniek-mydlanych-bialy-944851.jpg\",\"contentUrl\":\"https:\/\/sulin.ee\/wp-content\/uploads\/2025\/02\/Pistolet-do-robienia-baniek-mydlanych-bialy-944851.jpg\",\"width\":1600,\"height\":1200,\"caption\":\"Seebimulli p\u00fcstol valge\"},{\"@type\":\"BreadcrumbList\",\"@id\":\"https:\/\/sulin.ee\/en\/toode\/seebimulli-pustol-valge\/#breadcrumb\",\"itemListElement\":[{\"@type\":\"ListItem\",\"position\":1,\"name\":\"Home\",\"item\":\"https:\/\/sulin.ee\/en\/\"},{\"@type\":\"ListItem\",\"position\":2,\"name\":\"Sulin.ee e-pood\",\"item\":\"https:\/\/sulin.ee\/shop\/\"},{\"@type\":\"ListItem\",\"position\":3,\"name\":\"Seebimulli p\u00fcstol valge\"}]},{\"@type\":\"WebSite\",\"@id\":\"https:\/\/sulin.ee\/en\/#website\",\"url\":\"https:\/\/sulin.ee\/en\/\",\"name\":\"sulin.ee\",\"description\":\"\",\"publisher\":{\"@id\":\"https:\/\/sulin.ee\/en\/#organization\"},\"potentialAction\":[{\"@type\":\"SearchAction\",\"target\":{\"@type\":\"EntryPoint\",\"urlTemplate\":\"https:\/\/sulin.ee\/en\/?s={search_term_string}\"},\"query-input\":{\"@type\":\"PropertyValueSpecification\",\"valueRequired\":true,\"valueName\":\"search_term_string\"}}],\"inLanguage\":\"en-US\"},{\"@type\":\"Organization\",\"@id\":\"https:\/\/sulin.ee\/en\/#organization\",\"name\":\"SULIN TRADE O\u00dc\",\"url\":\"https:\/\/sulin.ee\/en\/\",\"logo\":{\"@type\":\"ImageObject\",\"inLanguage\":\"en-US\",\"@id\":\"https:\/\/sulin.ee\/en\/#\/schema\/logo\/image\/\",\"url\":\"https:\/\/sulin.ee\/wp-content\/uploads\/2022\/11\/sulin-logo.png\",\"contentUrl\":\"https:\/\/sulin.ee\/wp-content\/uploads\/2022\/11\/sulin-logo.png\",\"width\":871,\"height\":321,\"caption\":\"SULIN TRADE O\u00dc\"},\"image\":{\"@id\":\"https:\/\/sulin.ee\/en\/#\/schema\/logo\/image\/\"},\"sameAs\":[\"https:\/\/www.facebook.com\/www.sulin.ee\/\",\"https:\/\/www.instagram.com\/sulintrade\/\"]}]}<\/script>\n<!-- \/ Yoast SEO plugin. -->","yoast_head_json":{"title":"Seebimulli p\u00fcstol valge - sulin.ee","description":"Seebimulli p\u00fcstol valge \u2013 ideaalne m\u00e4nguasi v\u00e4rvikirevateks \u00f5uem\u00e4ngudeks. P\u00fcstol ei paku mitte ainult l\u00f5bu, vaid \u00f5petab ka \u00f5hu d\u00fcnaamika ja v\u00e4rvide kohta.","robots":{"index":"index","follow":"follow","max-snippet":"max-snippet:-1","max-image-preview":"max-image-preview:large","max-video-preview":"max-video-preview:-1"},"canonical":"https:\/\/sulin.ee\/en\/toode\/seebimulli-pustol-valge\/","og_locale":"en_US","og_type":"article","og_title":"Seebimulli p\u00fcstol valge - sulin.ee","og_description":"Seebimulli p\u00fcstol valge \u2013 ideaalne m\u00e4nguasi v\u00e4rvikirevateks \u00f5uem\u00e4ngudeks. P\u00fcstol ei paku mitte ainult l\u00f5bu, vaid \u00f5petab ka \u00f5hu d\u00fcnaamika ja v\u00e4rvide kohta.","og_url":"https:\/\/sulin.ee\/en\/toode\/seebimulli-pustol-valge\/","og_site_name":"sulin.ee","article_publisher":"https:\/\/www.facebook.com\/www.sulin.ee\/","article_modified_time":"2025-09-28T09:02:16+00:00","og_image":[{"width":1600,"height":1200,"url":"https:\/\/sulin.ee\/wp-content\/uploads\/2025\/02\/Pistolet-do-robienia-baniek-mydlanych-bialy-944851.jpg","type":"image\/jpeg"}],"twitter_card":"summary_large_image","twitter_misc":{"Est. reading time":"2 minutes"},"schema":{"@context":"https:\/\/schema.org","@graph":[{"@type":"WebPage","@id":"https:\/\/sulin.ee\/en\/toode\/seebimulli-pustol-valge\/","url":"https:\/\/sulin.ee\/en\/toode\/seebimulli-pustol-valge\/","name":"Seebimulli p\u00fcstol valge - sulin.ee","isPartOf":{"@id":"https:\/\/sulin.ee\/en\/#website"},"primaryImageOfPage":{"@id":"https:\/\/sulin.ee\/en\/toode\/seebimulli-pustol-valge\/#primaryimage"},"image":{"@id":"https:\/\/sulin.ee\/en\/toode\/seebimulli-pustol-valge\/#primaryimage"},"thumbnailUrl":"https:\/\/sulin.ee\/wp-content\/uploads\/2025\/02\/Pistolet-do-robienia-baniek-mydlanych-bialy-944851.jpg","datePublished":"2025-03-12T13:10:54+00:00","dateModified":"2025-09-28T09:02:16+00:00","description":"Seebimulli p\u00fcstol valge \u2013 ideaalne m\u00e4nguasi v\u00e4rvikirevateks \u00f5uem\u00e4ngudeks. P\u00fcstol ei paku mitte ainult l\u00f5bu, vaid \u00f5petab ka \u00f5hu d\u00fcnaamika ja v\u00e4rvide kohta.","breadcrumb":{"@id":"https:\/\/sulin.ee\/en\/toode\/seebimulli-pustol-valge\/#breadcrumb"},"inLanguage":"en-US","potentialAction":[{"@type":"ReadAction","target":["https:\/\/sulin.ee\/en\/toode\/seebimulli-pustol-valge\/"]}]},{"@type":"ImageObject","inLanguage":"en-US","@id":"https:\/\/sulin.ee\/en\/toode\/seebimulli-pustol-valge\/#primaryimage","url":"https:\/\/sulin.ee\/wp-content\/uploads\/2025\/02\/Pistolet-do-robienia-baniek-mydlanych-bialy-944851.jpg","contentUrl":"https:\/\/sulin.ee\/wp-content\/uploads\/2025\/02\/Pistolet-do-robienia-baniek-mydlanych-bialy-944851.jpg","width":1600,"height":1200,"caption":"Seebimulli p\u00fcstol valge"},{"@type":"BreadcrumbList","@id":"https:\/\/sulin.ee\/en\/toode\/seebimulli-pustol-valge\/#breadcrumb","itemListElement":[{"@type":"ListItem","position":1,"name":"Home","item":"https:\/\/sulin.ee\/en\/"},{"@type":"ListItem","position":2,"name":"Sulin.ee e-pood","item":"https:\/\/sulin.ee\/shop\/"},{"@type":"ListItem","position":3,"name":"Seebimulli p\u00fcstol valge"}]},{"@type":"WebSite","@id":"https:\/\/sulin.ee\/en\/#website","url":"https:\/\/sulin.ee\/en\/","name":"sulin.ee","description":"","publisher":{"@id":"https:\/\/sulin.ee\/en\/#organization"},"potentialAction":[{"@type":"SearchAction","target":{"@type":"EntryPoint","urlTemplate":"https:\/\/sulin.ee\/en\/?s={search_term_string}"},"query-input":{"@type":"PropertyValueSpecification","valueRequired":true,"valueName":"search_term_string"}}],"inLanguage":"en-US"},{"@type":"Organization","@id":"https:\/\/sulin.ee\/en\/#organization","name":"SULIN TRADE O\u00dc","url":"https:\/\/sulin.ee\/en\/","logo":{"@type":"ImageObject","inLanguage":"en-US","@id":"https:\/\/sulin.ee\/en\/#\/schema\/logo\/image\/","url":"https:\/\/sulin.ee\/wp-content\/uploads\/2022\/11\/sulin-logo.png","contentUrl":"https:\/\/sulin.ee\/wp-content\/uploads\/2022\/11\/sulin-logo.png","width":871,"height":321,"caption":"SULIN TRADE O\u00dc"},"image":{"@id":"https:\/\/sulin.ee\/en\/#\/schema\/logo\/image\/"},"sameAs":["https:\/\/www.facebook.com\/www.sulin.ee\/","https:\/\/www.instagram.com\/sulintrade\/"]}]}},"builder_content":"","_links":{"self":[{"href":"https:\/\/sulin.ee\/en\/wp-json\/wp\/v2\/product\/39397","targetHints":{"allow":["GET"]}}],"collection":[{"href":"https:\/\/sulin.ee\/en\/wp-json\/wp\/v2\/product"}],"about":[{"href":"https:\/\/sulin.ee\/en\/wp-json\/wp\/v2\/types\/product"}],"replies":[{"embeddable":true,"href":"https:\/\/sulin.ee\/en\/wp-json\/wp\/v2\/comments?post=39397"}],"wp:featuredmedia":[{"embeddable":true,"href":"https:\/\/sulin.ee\/en\/wp-json\/wp\/v2\/media\/39404"}],"wp:attachment":[{"href":"https:\/\/sulin.ee\/en\/wp-json\/wp\/v2\/media?parent=39397"}],"wp:term":[{"taxonomy":"product_brand","embeddable":true,"href":"https:\/\/sulin.ee\/en\/wp-json\/wp\/v2\/product_brand?post=39397"},{"taxonomy":"product_cat","embeddable":true,"href":"https:\/\/sulin.ee\/en\/wp-json\/wp\/v2\/product_cat?post=39397"},{"taxonomy":"product_tag","embeddable":true,"href":"https:\/\/sulin.ee\/en\/wp-json\/wp\/v2\/product_tag?post=39397"}],"curies":[{"name":"wp","href":"https:\/\/api.w.org\/{rel}","templated":true}]}}