{"id":39265,"date":"2025-03-05T13:09:54","date_gmt":"2025-03-05T13:09:54","guid":{"rendered":"https:\/\/sulin.ee\/toode\/hariduslike-montessori-helmepallide-mosaiikpuzzle-77el\/"},"modified":"2025-03-13T17:48:49","modified_gmt":"2025-03-13T17:48:49","slug":"montessori-mosaiigipusle","status":"publish","type":"product","link":"https:\/\/sulin.ee\/en\/toode\/montessori-mosaiigipusle\/","title":{"rendered":"Montessori mosaiigipusle"},"content":{"rendered":"<div class=\"flex max-w-full flex-col flex-grow\">\n<div class=\"min-h-8 text-message relative flex w-full flex-col items-end gap-2 whitespace-normal break-words text-start [.text-message+&amp;]:mt-5\" dir=\"auto\" data-message-author-role=\"assistant\" data-message-id=\"80ed3fe3-e001-452a-9ab9-25b9672a64f0\" data-message-model-slug=\"gpt-4\">\n<div class=\"flex w-full flex-col gap-1 empty:hidden first:pt-[3px]\">\n<div class=\"markdown prose w-full break-words dark:prose-invert light\">\n<p data-start=\"66\" data-end=\"356\"><strong>Montessori mosaiigipusle<\/strong>\u00a0\u2013 77-osaline loominguline m\u00e4nguasi, mis pakub l\u00f5putuid v\u00f5imalusi kunstiliseks enesev\u00e4ljenduseks ja \u00f5ppimiseks. See hariduslik m\u00e4ngukomplekt on suurep\u00e4rane v\u00f5imalus lastele avastada v\u00e4rvide maailma, \u00f5ppida loendamist ja arendada peenmotoorilisi oskusi.<\/p>\n<p data-start=\"358\" data-end=\"402\"><strong data-start=\"361\" data-end=\"402\">Loomingulised v\u00f5imalused ja \u00f5ppimine:<\/strong><\/p>\n<ul data-start=\"403\" data-end=\"828\">\n<li data-start=\"403\" data-end=\"549\"><strong data-start=\"405\" data-end=\"430\">\ud83d\udfe2 Erinevad m\u00e4nguvormid:<\/strong> Komplekt pakub lastele v\u00f5imalust luua unikaalseid kompositsioone, kasutades v\u00e4rvilisi palle, mis simuleerivad helmeid.<\/li>\n<li data-start=\"550\" data-end=\"692\"><strong data-start=\"552\" data-end=\"587\">\ud83d\udfe2 V\u00e4rvide ja loendamise \u00f5ppimine:<\/strong> Pallid aitavad lastel \u00f5ppida eristama v\u00e4rve ja arendada arvutamisoskusi l\u00f5busal ja kaasahaaraval viisil.<\/li>\n<li data-start=\"693\" data-end=\"828\"><strong data-start=\"695\" data-end=\"717\">\ud83d\udfe2 Kujundite loomine:<\/strong> Kasutage kaasasolevaid kaarte v\u00f5i laske lapse fantaasial vabalt lennata, luues uusi ja ainulaadseid kujundeid.<\/li>\n<\/ul>\n<p data-start=\"830\" data-end=\"864\"><strong data-start=\"833\" data-end=\"864\">Mitmek\u00fclgsed kasutusviisid:<\/strong><\/p>\n<ul data-start=\"865\" data-end=\"1158\">\n<li data-start=\"865\" data-end=\"1016\"><strong data-start=\"867\" data-end=\"902\">\ud83d\udfe2 Mitmek\u00fclgne k\u00e4sitsemisv\u00f5imalus:<\/strong> Pallid v\u00f5ib asetada alusele k\u00e4te, pintsettide, lusika v\u00f5i pulkade abil, pakkudes mitmekesist sensoorset kogemust.<\/li>\n<li data-start=\"1017\" data-end=\"1158\"><strong data-start=\"1019\" data-end=\"1043\">\ud83d\udfe2 Sorteerimisvahendid:<\/strong> Komplektis olevad silikoonist kausid aitavad m\u00e4nguliselt sorteerida palle v\u00e4rvi j\u00e4rgi, edendades korraldusoskusi.<\/li>\n<\/ul>\n<p data-start=\"1160\" data-end=\"1191\"><strong data-start=\"1163\" data-end=\"1191\">Turvalisus ja kvaliteet:<\/strong><\/p>\n<ul data-start=\"1192\" data-end=\"1517\">\n<li data-start=\"1192\" data-end=\"1381\"><strong data-start=\"1194\" data-end=\"1230\">\ud83d\udfe2 K\u00f5rgekvaliteedilised materjalid:<\/strong> Puidust alus ja elemendid on viimistletud vastavalt Montessori filosoofia p\u00f5him\u00f5tetele, mis r\u00f5hutavad looduslike ja turvaliste materjalide kasutamist.<\/li>\n<li data-start=\"1382\" data-end=\"1517\"><strong data-start=\"1384\" data-end=\"1399\">\ud83d\udfe2 Ohutu m\u00e4ng:<\/strong> K\u00f5ik m\u00e4nguasja osad on hoolikalt lihvitud, et v\u00e4listada teravad servad, tagades seel\u00e4bi lapse turvalisuse m\u00e4ngu ajal.<\/li>\n<\/ul>\n<p data-start=\"1519\" data-end=\"1694\"><strong data-start=\"1522\" data-end=\"1544\">Ideaalne kingitus:<\/strong> See m\u00e4nguasi on suurep\u00e4rane kingiidee igale lapsele, kes on huvitatud kunstist ja meisterdamisest, pakkudes samal ajal hariduslikke v\u00e4\u00e4rtusi ja l\u00f5bu.<\/p>\n<p data-start=\"1696\" data-end=\"1715\"><strong data-start=\"1696\" data-end=\"1715\">Komplekti sisu: <\/strong>77 v\u00e4rvilist palli, 7 pallivormi, 1 puidust alus, 8 erinevat kujunduskaarti, 2 pulgakest, tangid, lusikas.<\/p>\n<p data-start=\"1837\" data-end=\"1849\"><strong data-start=\"1837\" data-end=\"1849\">M\u00f5\u00f5tmed:<\/strong><\/p>\n<ul data-start=\"1850\" data-end=\"1914\">\n<li data-start=\"1850\" data-end=\"1873\"><strong data-start=\"1852\" data-end=\"1861\">\ud83d\udfe2 Alus:<\/strong> 22 x 22 cm<\/li>\n<li data-start=\"1874\" data-end=\"1914\"><strong data-start=\"1876\" data-end=\"1896\">\ud83d\udfe2 Pakendi m\u00f5\u00f5tmed:<\/strong> 24 cm x 23 cm x 5 cm<\/li>\n<\/ul>\n<p><strong>Sobiv vanus:<\/strong> 3+ aastat.<\/p>\n<p data-start=\"1916\" data-end=\"2169\" data-is-last-node=\"\" data-is-only-node=\"\">Montessori mosaiigipusle toetab mitte ainult lapse loomingulist v\u00e4ljendust, vaid ka tema kognitiivset ja motoorset arengut, muutes \u00f5ppimise nauditavaks ja m\u00e4nguliseks. Uurige ka meie teisi arendavaid m\u00e4nguasju, et rikastada oma lapse \u00f5pikogemust veelgi! <strong><a href=\"https:\/\/sulin.ee\/tootekategooria\/mangimine\/oppemangud\/\">Leiad siit!<\/a><\/strong><\/p>\n<p data-start=\"1916\" data-end=\"2169\" data-is-last-node=\"\" data-is-only-node=\"\"><strong data-start=\"19\" data-end=\"34\">T\u00e4helepanu!<\/strong> See m\u00e4nguasi sisaldab v\u00e4ikeseid osi, mis v\u00f5ivad p\u00f5hjustada l\u00e4mbumisohtu. Ei sobi alla kolmeaastastele lastele. J\u00e4relvalve t\u00e4iskasvanu poolt on soovitatav m\u00e4ngimise ajal.<\/p>\n<\/div>\n<\/div>\n<\/div>\n<\/div>\n","protected":false},"excerpt":{"rendered":"<p><strong>Montessori mosaiigipusle<\/strong> on 77-osaline hariduslik m\u00e4ngukomplekt, mis v\u00f5imaldab lastel loovalt \u00f5ppida ja arendada oma v\u00e4rvitundmist, loendamisoskust ning peenmotoorilisi oskusi. <strong>See komplekt sisaldab<\/strong> v\u00e4rvilisi palle, mida saab paigutada puidust alusele erinevate kujundite ja mustrite loomiseks. Lapsep\u00e4rane disain ja turvalised materjalid teevad sellest ideaalse kingituse, mis toetab Montessori \u00f5petamisp\u00f5him\u00f5tteid.<\/p>\n<p><strong>Sobiv vanus:<\/strong> 3+ aastat.<\/p>\n","protected":false},"featured_media":41143,"comment_status":"open","ping_status":"closed","template":"","meta":[],"product_brand":[],"product_cat":[110,1162,1165,1166,1002,1009,1022,1023,942,925,23],"product_tag":[],"class_list":{"0":"post-39265","1":"product","2":"type-product","3":"status-publish","4":"has-post-thumbnail","6":"product_cat-mangimine","7":"product_cat-kingituseks","8":"product_cat-3-5-aastat","9":"product_cat-6-8-aastat","10":"product_cat-oppemangud","11":"product_cat-numbrid-ja-matemaatika","12":"product_cat-varvid-ja-kujundid","13":"product_cat-motoorika","14":"product_cat-lauamangud","15":"product_cat-pusled","16":"product_cat-soodus","17":"has-post-title","18":"has-post-date","19":"has-post-category","20":"has-post-tag","21":"has-post-comment","22":"has-post-author","23":"","25":"first","26":"instock","27":"sale","28":"taxable","29":"shipping-taxable","30":"purchasable","31":"product-type-simple"},"yoast_head":"<!-- This site is optimized with the Yoast SEO plugin v26.8 - https:\/\/yoast.com\/product\/yoast-seo-wordpress\/ -->\n<title>Montessori mosaiigipusle - sulin.ee<\/title>\n<meta name=\"description\" content=\"Montessori mosaiigipusle\u2013 loominguline ja hariv 77-osaline m\u00e4ngukomplekt, mis julgustab lapsi \u00f5ppima v\u00e4rve, loendamist ja kujundite loomist.\" \/>\n<meta name=\"robots\" content=\"index, follow, max-snippet:-1, max-image-preview:large, max-video-preview:-1\" \/>\n<link rel=\"canonical\" href=\"https:\/\/sulin.ee\/en\/toode\/montessori-mosaiigipusle\/\" \/>\n<meta property=\"og:locale\" content=\"en_US\" \/>\n<meta property=\"og:type\" content=\"article\" \/>\n<meta property=\"og:title\" content=\"Montessori mosaiigipusle - sulin.ee\" \/>\n<meta property=\"og:description\" content=\"Montessori mosaiigipusle\u2013 loominguline ja hariv 77-osaline m\u00e4ngukomplekt, mis julgustab lapsi \u00f5ppima v\u00e4rve, loendamist ja kujundite loomist.\" \/>\n<meta property=\"og:url\" content=\"https:\/\/sulin.ee\/en\/toode\/montessori-mosaiigipusle\/\" \/>\n<meta property=\"og:site_name\" content=\"sulin.ee\" \/>\n<meta property=\"article:publisher\" content=\"https:\/\/www.facebook.com\/www.sulin.ee\/\" \/>\n<meta property=\"article:modified_time\" content=\"2025-03-13T17:48:49+00:00\" \/>\n<meta property=\"og:image\" content=\"https:\/\/sulin.ee\/wp-content\/uploads\/2025\/02\/Piltide-korrektuurid-kodulehel-2025-03-10T112448.668.png\" \/>\n\t<meta property=\"og:image:width\" content=\"1080\" \/>\n\t<meta property=\"og:image:height\" content=\"1080\" \/>\n\t<meta property=\"og:image:type\" content=\"image\/png\" \/>\n<meta name=\"twitter:card\" content=\"summary_large_image\" \/>\n<meta name=\"twitter:label1\" content=\"Est. reading time\" \/>\n\t<meta name=\"twitter:data1\" content=\"2 minutes\" \/>\n<script type=\"application\/ld+json\" class=\"yoast-schema-graph\">{\"@context\":\"https:\/\/schema.org\",\"@graph\":[{\"@type\":\"WebPage\",\"@id\":\"https:\/\/sulin.ee\/en\/toode\/montessori-mosaiigipusle\/\",\"url\":\"https:\/\/sulin.ee\/en\/toode\/montessori-mosaiigipusle\/\",\"name\":\"Montessori mosaiigipusle - sulin.ee\",\"isPartOf\":{\"@id\":\"https:\/\/sulin.ee\/en\/#website\"},\"primaryImageOfPage\":{\"@id\":\"https:\/\/sulin.ee\/en\/toode\/montessori-mosaiigipusle\/#primaryimage\"},\"image\":{\"@id\":\"https:\/\/sulin.ee\/en\/toode\/montessori-mosaiigipusle\/#primaryimage\"},\"thumbnailUrl\":\"https:\/\/sulin.ee\/wp-content\/uploads\/2025\/02\/Piltide-korrektuurid-kodulehel-2025-03-10T112448.668.png\",\"datePublished\":\"2025-03-05T13:09:54+00:00\",\"dateModified\":\"2025-03-13T17:48:49+00:00\",\"description\":\"Montessori mosaiigipusle\u2013 loominguline ja hariv 77-osaline m\u00e4ngukomplekt, mis julgustab lapsi \u00f5ppima v\u00e4rve, loendamist ja kujundite loomist.\",\"breadcrumb\":{\"@id\":\"https:\/\/sulin.ee\/en\/toode\/montessori-mosaiigipusle\/#breadcrumb\"},\"inLanguage\":\"en-US\",\"potentialAction\":[{\"@type\":\"ReadAction\",\"target\":[\"https:\/\/sulin.ee\/en\/toode\/montessori-mosaiigipusle\/\"]}]},{\"@type\":\"ImageObject\",\"inLanguage\":\"en-US\",\"@id\":\"https:\/\/sulin.ee\/en\/toode\/montessori-mosaiigipusle\/#primaryimage\",\"url\":\"https:\/\/sulin.ee\/wp-content\/uploads\/2025\/02\/Piltide-korrektuurid-kodulehel-2025-03-10T112448.668.png\",\"contentUrl\":\"https:\/\/sulin.ee\/wp-content\/uploads\/2025\/02\/Piltide-korrektuurid-kodulehel-2025-03-10T112448.668.png\",\"width\":1080,\"height\":1080,\"caption\":\"Montessori mosaiigipusle\"},{\"@type\":\"BreadcrumbList\",\"@id\":\"https:\/\/sulin.ee\/en\/toode\/montessori-mosaiigipusle\/#breadcrumb\",\"itemListElement\":[{\"@type\":\"ListItem\",\"position\":1,\"name\":\"Home\",\"item\":\"https:\/\/sulin.ee\/en\/\"},{\"@type\":\"ListItem\",\"position\":2,\"name\":\"Sulin.ee e-pood\",\"item\":\"https:\/\/sulin.ee\/shop\/\"},{\"@type\":\"ListItem\",\"position\":3,\"name\":\"Montessori mosaiigipusle\"}]},{\"@type\":\"WebSite\",\"@id\":\"https:\/\/sulin.ee\/en\/#website\",\"url\":\"https:\/\/sulin.ee\/en\/\",\"name\":\"sulin.ee\",\"description\":\"\",\"publisher\":{\"@id\":\"https:\/\/sulin.ee\/en\/#organization\"},\"potentialAction\":[{\"@type\":\"SearchAction\",\"target\":{\"@type\":\"EntryPoint\",\"urlTemplate\":\"https:\/\/sulin.ee\/en\/?s={search_term_string}\"},\"query-input\":{\"@type\":\"PropertyValueSpecification\",\"valueRequired\":true,\"valueName\":\"search_term_string\"}}],\"inLanguage\":\"en-US\"},{\"@type\":\"Organization\",\"@id\":\"https:\/\/sulin.ee\/en\/#organization\",\"name\":\"SULIN TRADE O\u00dc\",\"url\":\"https:\/\/sulin.ee\/en\/\",\"logo\":{\"@type\":\"ImageObject\",\"inLanguage\":\"en-US\",\"@id\":\"https:\/\/sulin.ee\/en\/#\/schema\/logo\/image\/\",\"url\":\"https:\/\/sulin.ee\/wp-content\/uploads\/2022\/11\/sulin-logo.png\",\"contentUrl\":\"https:\/\/sulin.ee\/wp-content\/uploads\/2022\/11\/sulin-logo.png\",\"width\":871,\"height\":321,\"caption\":\"SULIN TRADE O\u00dc\"},\"image\":{\"@id\":\"https:\/\/sulin.ee\/en\/#\/schema\/logo\/image\/\"},\"sameAs\":[\"https:\/\/www.facebook.com\/www.sulin.ee\/\",\"https:\/\/www.instagram.com\/sulintrade\/\"]}]}<\/script>\n<!-- \/ Yoast SEO plugin. -->","yoast_head_json":{"title":"Montessori mosaiigipusle - sulin.ee","description":"Montessori mosaiigipusle\u2013 loominguline ja hariv 77-osaline m\u00e4ngukomplekt, mis julgustab lapsi \u00f5ppima v\u00e4rve, loendamist ja kujundite loomist.","robots":{"index":"index","follow":"follow","max-snippet":"max-snippet:-1","max-image-preview":"max-image-preview:large","max-video-preview":"max-video-preview:-1"},"canonical":"https:\/\/sulin.ee\/en\/toode\/montessori-mosaiigipusle\/","og_locale":"en_US","og_type":"article","og_title":"Montessori mosaiigipusle - sulin.ee","og_description":"Montessori mosaiigipusle\u2013 loominguline ja hariv 77-osaline m\u00e4ngukomplekt, mis julgustab lapsi \u00f5ppima v\u00e4rve, loendamist ja kujundite loomist.","og_url":"https:\/\/sulin.ee\/en\/toode\/montessori-mosaiigipusle\/","og_site_name":"sulin.ee","article_publisher":"https:\/\/www.facebook.com\/www.sulin.ee\/","article_modified_time":"2025-03-13T17:48:49+00:00","og_image":[{"width":1080,"height":1080,"url":"https:\/\/sulin.ee\/wp-content\/uploads\/2025\/02\/Piltide-korrektuurid-kodulehel-2025-03-10T112448.668.png","type":"image\/png"}],"twitter_card":"summary_large_image","twitter_misc":{"Est. reading time":"2 minutes"},"schema":{"@context":"https:\/\/schema.org","@graph":[{"@type":"WebPage","@id":"https:\/\/sulin.ee\/en\/toode\/montessori-mosaiigipusle\/","url":"https:\/\/sulin.ee\/en\/toode\/montessori-mosaiigipusle\/","name":"Montessori mosaiigipusle - sulin.ee","isPartOf":{"@id":"https:\/\/sulin.ee\/en\/#website"},"primaryImageOfPage":{"@id":"https:\/\/sulin.ee\/en\/toode\/montessori-mosaiigipusle\/#primaryimage"},"image":{"@id":"https:\/\/sulin.ee\/en\/toode\/montessori-mosaiigipusle\/#primaryimage"},"thumbnailUrl":"https:\/\/sulin.ee\/wp-content\/uploads\/2025\/02\/Piltide-korrektuurid-kodulehel-2025-03-10T112448.668.png","datePublished":"2025-03-05T13:09:54+00:00","dateModified":"2025-03-13T17:48:49+00:00","description":"Montessori mosaiigipusle\u2013 loominguline ja hariv 77-osaline m\u00e4ngukomplekt, mis julgustab lapsi \u00f5ppima v\u00e4rve, loendamist ja kujundite loomist.","breadcrumb":{"@id":"https:\/\/sulin.ee\/en\/toode\/montessori-mosaiigipusle\/#breadcrumb"},"inLanguage":"en-US","potentialAction":[{"@type":"ReadAction","target":["https:\/\/sulin.ee\/en\/toode\/montessori-mosaiigipusle\/"]}]},{"@type":"ImageObject","inLanguage":"en-US","@id":"https:\/\/sulin.ee\/en\/toode\/montessori-mosaiigipusle\/#primaryimage","url":"https:\/\/sulin.ee\/wp-content\/uploads\/2025\/02\/Piltide-korrektuurid-kodulehel-2025-03-10T112448.668.png","contentUrl":"https:\/\/sulin.ee\/wp-content\/uploads\/2025\/02\/Piltide-korrektuurid-kodulehel-2025-03-10T112448.668.png","width":1080,"height":1080,"caption":"Montessori mosaiigipusle"},{"@type":"BreadcrumbList","@id":"https:\/\/sulin.ee\/en\/toode\/montessori-mosaiigipusle\/#breadcrumb","itemListElement":[{"@type":"ListItem","position":1,"name":"Home","item":"https:\/\/sulin.ee\/en\/"},{"@type":"ListItem","position":2,"name":"Sulin.ee e-pood","item":"https:\/\/sulin.ee\/shop\/"},{"@type":"ListItem","position":3,"name":"Montessori mosaiigipusle"}]},{"@type":"WebSite","@id":"https:\/\/sulin.ee\/en\/#website","url":"https:\/\/sulin.ee\/en\/","name":"sulin.ee","description":"","publisher":{"@id":"https:\/\/sulin.ee\/en\/#organization"},"potentialAction":[{"@type":"SearchAction","target":{"@type":"EntryPoint","urlTemplate":"https:\/\/sulin.ee\/en\/?s={search_term_string}"},"query-input":{"@type":"PropertyValueSpecification","valueRequired":true,"valueName":"search_term_string"}}],"inLanguage":"en-US"},{"@type":"Organization","@id":"https:\/\/sulin.ee\/en\/#organization","name":"SULIN TRADE O\u00dc","url":"https:\/\/sulin.ee\/en\/","logo":{"@type":"ImageObject","inLanguage":"en-US","@id":"https:\/\/sulin.ee\/en\/#\/schema\/logo\/image\/","url":"https:\/\/sulin.ee\/wp-content\/uploads\/2022\/11\/sulin-logo.png","contentUrl":"https:\/\/sulin.ee\/wp-content\/uploads\/2022\/11\/sulin-logo.png","width":871,"height":321,"caption":"SULIN TRADE O\u00dc"},"image":{"@id":"https:\/\/sulin.ee\/en\/#\/schema\/logo\/image\/"},"sameAs":["https:\/\/www.facebook.com\/www.sulin.ee\/","https:\/\/www.instagram.com\/sulintrade\/"]}]}},"builder_content":"","_links":{"self":[{"href":"https:\/\/sulin.ee\/en\/wp-json\/wp\/v2\/product\/39265","targetHints":{"allow":["GET"]}}],"collection":[{"href":"https:\/\/sulin.ee\/en\/wp-json\/wp\/v2\/product"}],"about":[{"href":"https:\/\/sulin.ee\/en\/wp-json\/wp\/v2\/types\/product"}],"replies":[{"embeddable":true,"href":"https:\/\/sulin.ee\/en\/wp-json\/wp\/v2\/comments?post=39265"}],"wp:featuredmedia":[{"embeddable":true,"href":"https:\/\/sulin.ee\/en\/wp-json\/wp\/v2\/media\/41143"}],"wp:attachment":[{"href":"https:\/\/sulin.ee\/en\/wp-json\/wp\/v2\/media?parent=39265"}],"wp:term":[{"taxonomy":"product_brand","embeddable":true,"href":"https:\/\/sulin.ee\/en\/wp-json\/wp\/v2\/product_brand?post=39265"},{"taxonomy":"product_cat","embeddable":true,"href":"https:\/\/sulin.ee\/en\/wp-json\/wp\/v2\/product_cat?post=39265"},{"taxonomy":"product_tag","embeddable":true,"href":"https:\/\/sulin.ee\/en\/wp-json\/wp\/v2\/product_tag?post=39265"}],"curies":[{"name":"wp","href":"https:\/\/api.w.org\/{rel}","templated":true}]}}