{"id":39248,"date":"2025-03-03T13:09:48","date_gmt":"2025-03-03T13:09:48","guid":{"rendered":"https:\/\/sulin.ee\/toode\/vahtkirja-ja-numbrite-vanni-manguasi\/"},"modified":"2025-03-06T19:26:51","modified_gmt":"2025-03-06T19:26:51","slug":"vannipusle-numbrid-ja-tahed","status":"publish","type":"product","link":"https:\/\/sulin.ee\/en\/toode\/vannipusle-numbrid-ja-tahed\/","title":{"rendered":"Vannipusle &#8220;Numbrid ja t\u00e4hed&#8221;"},"content":{"rendered":"<p data-start=\"71\" data-end=\"322\"><strong>Vannipusle &#8220;Numbrid ja t\u00e4hed&#8221;<\/strong> toob vannituppa haridusliku seikluse, muutes iga supluskorra l\u00f5busaks \u00f5ppetunniks. See uuenduslik vannim\u00e4nguasi koosneb t\u00e4htede ja numbrite kujulistest vahtplastist puslet\u00fckkidest, mis on ideaalsed veealuseks \u00f5ppimiseks.<\/p>\n<p data-start=\"324\" data-end=\"354\"><strong data-start=\"327\" data-end=\"354\">Interaktiivne ja hariv:<\/strong><\/p>\n<ul data-start=\"355\" data-end=\"877\">\n<li data-start=\"355\" data-end=\"541\"><strong data-start=\"357\" data-end=\"377\">\ud83d\udfe2 Kleepuvad t\u00fckid:<\/strong> T\u00fckid on valmistatud pehmest ja vastupidavast vahtplastist, mis kleepuvad m\u00e4rjana siledatele pindadele nagu vanni seinad v\u00f5i keraamilised plaadid. Pole vaja liimi!<\/li>\n<li data-start=\"542\" data-end=\"737\"><strong data-start=\"544\" data-end=\"566\">\ud83d\udfe2 H\u00f5ljuvad omadused:<\/strong> K\u00f5ik t\u00fckid h\u00f5ljuvad vees, muutes need ideaalseks vannim\u00e4nguks. Kiire kuivamine ja lihtne ladustamine tagavad, et t\u00fckid p\u00fcsivad korras ja valmis j\u00e4rgmiseks kasutuskorraks.<\/li>\n<li data-start=\"738\" data-end=\"877\"><strong data-start=\"740\" data-end=\"774\">\ud83d\udfe2 L\u00f5busad ja \u00f5petlikud kujundid:<\/strong> Iga t\u00e4ht ja number on kujundatud s\u00f5braliku loomaga, muutes \u00f5ppimise kaasahaaravaks ja interaktiivseks.<\/li>\n<\/ul>\n<p data-start=\"879\" data-end=\"1146\"><strong data-start=\"882\" data-end=\"906\">Arengut toetav m\u00e4ng:<\/strong> See m\u00e4nguasi ei paku ainult l\u00f5bu, vaid toetab ka lapse loovust, loogilise m\u00f5tlemise arengut ja k\u00e4elist oskust. Lisaks on see suurep\u00e4rane viis t\u00e4htede ja numbrite \u00f5ppimiseks, aidates lastel arendada varajasi lugemis- ja matemaatikateadmisi.<\/p>\n<p data-start=\"1148\" data-end=\"1401\"><strong data-start=\"1151\" data-end=\"1176\">Ere ja kutsuv disain:<\/strong> Eredad v\u00e4rvitoonid ja ainulaadsed kujud k\u00f6idavad lapse t\u00e4helepanu ning julgustavad m\u00e4ngima ja \u00f5ppima. Nende kasutamine vannitoas teeb igast vannikorrast oodatud s\u00fcndmuse, eriti lastele, kes ei pruugi muidu vanniaega nautida.<\/p>\n<p data-start=\"1403\" data-end=\"1436\"><strong data-start=\"1406\" data-end=\"1436\">Komplekti sisu ja m\u00f5\u00f5tmed:<\/strong><\/p>\n<ul data-start=\"1437\" data-end=\"1614\">\n<li data-start=\"1437\" data-end=\"1474\"><strong data-start=\"740\" data-end=\"774\">\ud83d\udfe2<\/strong>Vahtpol\u00fcst\u00fcreenist t\u00e4hed ja numbrid<\/li>\n<li data-start=\"1475\" data-end=\"1494\"><strong data-start=\"740\" data-end=\"774\">\ud83d\udfe2<\/strong>Iminappadega v\u00f5rk<\/li>\n<li data-start=\"1495\" data-end=\"1535\"><strong data-start=\"1497\" data-end=\"1515\">\ud83d\udfe2Numbri m\u00fc\u00fctmed:<\/strong> 7cm x 5.5cm x 0.7cm<\/li>\n<li data-start=\"1536\" data-end=\"1573\"><strong data-start=\"1538\" data-end=\"1553\">\ud83d\udfe2T\u00e4he m\u00f5\u00f5tmed:<\/strong> 6.5cm x 5cm x 0.7cm<\/li>\n<li data-start=\"1574\" data-end=\"1614\"><strong data-start=\"1576\" data-end=\"1596\">\ud83d\udfe2Pakendi m\u00f5\u00f5tmed:<\/strong> 40cm x 21cm x 7cm<\/li>\n<\/ul>\n<p data-start=\"1616\" data-end=\"1857\" data-is-last-node=\"\" data-is-only-node=\"\">Vannipusle &#8220;Numbrid ja t\u00e4hed&#8221; on ideaalne kingitus lastele, pakkudes harivat l\u00f5bu ning toetades nende arengut. Uurige ka meie teisi vannim\u00e4nguasju, et avastada veelgi rohkem v\u00f5imalusi vanniaja muutmiseks l\u00f5busaks ja \u00f5petlikuks kogemuseks! <a href=\"https:\/\/sulin.ee\/tootekategooria\/mangimine\/vannimanguasjad\/\">Vaata siia.<\/a><\/p>\n","protected":false},"excerpt":{"rendered":"<p><strong>Vannipusle &#8220;Numbrid ja t\u00e4hed&#8221;<\/strong> muudab iga vannikorra harivaks seikluseks! See komplekt sisaldab v\u00e4rvikaid vahtplastist t\u00e4hti ja numbreid, mis kleepuvad m\u00e4rjana vanniseintele. Ideaalne m\u00e4nguasi, mis \u00f5petab lastele t\u00e4htede ja numbrite tundmist l\u00e4bi l\u00f5busa m\u00e4ngu, ergutades samal ajal nende loovust ja k\u00e4elist oskust.<\/p>\n<p><strong>Sobiv vanus:<\/strong> 3+ aastat.<\/p>\n","protected":false},"featured_media":39246,"comment_status":"open","ping_status":"closed","template":"","meta":[],"product_brand":[],"product_cat":[23],"product_tag":[],"class_list":{"0":"post-39248","1":"product","2":"type-product","3":"status-publish","4":"has-post-thumbnail","6":"product_cat-soodus","7":"has-post-title","8":"has-post-date","9":"has-post-category","10":"has-post-tag","11":"has-post-comment","12":"has-post-author","13":"","15":"first","16":"instock","17":"sale","18":"taxable","19":"shipping-taxable","20":"purchasable","21":"product-type-simple"},"yoast_head":"<!-- This site is optimized with the Yoast SEO plugin v26.8 - https:\/\/yoast.com\/product\/yoast-seo-wordpress\/ -->\n<title>Vannipusle &quot;Numbrid ja t\u00e4hed&quot; - sulin.ee<\/title>\n<meta name=\"description\" content=\"Vannipusle Numbrid ja t\u00e4hed \u2013 v\u00e4rvikas ja l\u00f5bus m\u00e4nguasi, mis \u00f5petab lastele t\u00e4htede ja numbrite tundmist m\u00e4ngulise tegevuse kaudu.\" \/>\n<meta name=\"robots\" content=\"index, follow, max-snippet:-1, max-image-preview:large, max-video-preview:-1\" \/>\n<link rel=\"canonical\" href=\"https:\/\/sulin.ee\/en\/toode\/vannipusle-numbrid-ja-tahed\/\" \/>\n<meta property=\"og:locale\" content=\"en_US\" \/>\n<meta property=\"og:type\" content=\"article\" \/>\n<meta property=\"og:title\" content=\"Vannipusle &quot;Numbrid ja t\u00e4hed&quot; - sulin.ee\" \/>\n<meta property=\"og:description\" content=\"Vannipusle Numbrid ja t\u00e4hed \u2013 v\u00e4rvikas ja l\u00f5bus m\u00e4nguasi, mis \u00f5petab lastele t\u00e4htede ja numbrite tundmist m\u00e4ngulise tegevuse kaudu.\" \/>\n<meta property=\"og:url\" content=\"https:\/\/sulin.ee\/en\/toode\/vannipusle-numbrid-ja-tahed\/\" \/>\n<meta property=\"og:site_name\" content=\"sulin.ee\" \/>\n<meta property=\"article:publisher\" content=\"https:\/\/www.facebook.com\/www.sulin.ee\/\" \/>\n<meta property=\"article:modified_time\" content=\"2025-03-06T19:26:51+00:00\" \/>\n<meta property=\"og:image\" content=\"https:\/\/sulin.ee\/wp-content\/uploads\/2025\/02\/Zabawka-do-kapieli-literki-cyferki-piankowe-147900.jpg\" \/>\n\t<meta property=\"og:image:width\" content=\"1024\" \/>\n\t<meta property=\"og:image:height\" content=\"1024\" \/>\n\t<meta property=\"og:image:type\" content=\"image\/jpeg\" \/>\n<meta name=\"twitter:card\" content=\"summary_large_image\" \/>\n<meta name=\"twitter:label1\" content=\"Est. reading time\" \/>\n\t<meta name=\"twitter:data1\" content=\"2 minutes\" \/>\n<script type=\"application\/ld+json\" class=\"yoast-schema-graph\">{\"@context\":\"https:\/\/schema.org\",\"@graph\":[{\"@type\":\"WebPage\",\"@id\":\"https:\/\/sulin.ee\/en\/toode\/vannipusle-numbrid-ja-tahed\/\",\"url\":\"https:\/\/sulin.ee\/en\/toode\/vannipusle-numbrid-ja-tahed\/\",\"name\":\"Vannipusle \\\"Numbrid ja t\u00e4hed\\\" - sulin.ee\",\"isPartOf\":{\"@id\":\"https:\/\/sulin.ee\/en\/#website\"},\"primaryImageOfPage\":{\"@id\":\"https:\/\/sulin.ee\/en\/toode\/vannipusle-numbrid-ja-tahed\/#primaryimage\"},\"image\":{\"@id\":\"https:\/\/sulin.ee\/en\/toode\/vannipusle-numbrid-ja-tahed\/#primaryimage\"},\"thumbnailUrl\":\"https:\/\/sulin.ee\/wp-content\/uploads\/2025\/02\/Zabawka-do-kapieli-literki-cyferki-piankowe-147900.jpg\",\"datePublished\":\"2025-03-03T13:09:48+00:00\",\"dateModified\":\"2025-03-06T19:26:51+00:00\",\"description\":\"Vannipusle Numbrid ja t\u00e4hed \u2013 v\u00e4rvikas ja l\u00f5bus m\u00e4nguasi, mis \u00f5petab lastele t\u00e4htede ja numbrite tundmist m\u00e4ngulise tegevuse kaudu.\",\"breadcrumb\":{\"@id\":\"https:\/\/sulin.ee\/en\/toode\/vannipusle-numbrid-ja-tahed\/#breadcrumb\"},\"inLanguage\":\"en-US\",\"potentialAction\":[{\"@type\":\"ReadAction\",\"target\":[\"https:\/\/sulin.ee\/en\/toode\/vannipusle-numbrid-ja-tahed\/\"]}]},{\"@type\":\"ImageObject\",\"inLanguage\":\"en-US\",\"@id\":\"https:\/\/sulin.ee\/en\/toode\/vannipusle-numbrid-ja-tahed\/#primaryimage\",\"url\":\"https:\/\/sulin.ee\/wp-content\/uploads\/2025\/02\/Zabawka-do-kapieli-literki-cyferki-piankowe-147900.jpg\",\"contentUrl\":\"https:\/\/sulin.ee\/wp-content\/uploads\/2025\/02\/Zabawka-do-kapieli-literki-cyferki-piankowe-147900.jpg\",\"width\":1024,\"height\":1024,\"caption\":\"Vannipusle \\\"Numbrid ja t\u00e4hed\\\"\"},{\"@type\":\"BreadcrumbList\",\"@id\":\"https:\/\/sulin.ee\/en\/toode\/vannipusle-numbrid-ja-tahed\/#breadcrumb\",\"itemListElement\":[{\"@type\":\"ListItem\",\"position\":1,\"name\":\"Home\",\"item\":\"https:\/\/sulin.ee\/en\/\"},{\"@type\":\"ListItem\",\"position\":2,\"name\":\"Sulin.ee e-pood\",\"item\":\"https:\/\/sulin.ee\/shop\/\"},{\"@type\":\"ListItem\",\"position\":3,\"name\":\"Vannipusle &#8220;Numbrid ja t\u00e4hed&#8221;\"}]},{\"@type\":\"WebSite\",\"@id\":\"https:\/\/sulin.ee\/en\/#website\",\"url\":\"https:\/\/sulin.ee\/en\/\",\"name\":\"sulin.ee\",\"description\":\"\",\"publisher\":{\"@id\":\"https:\/\/sulin.ee\/en\/#organization\"},\"potentialAction\":[{\"@type\":\"SearchAction\",\"target\":{\"@type\":\"EntryPoint\",\"urlTemplate\":\"https:\/\/sulin.ee\/en\/?s={search_term_string}\"},\"query-input\":{\"@type\":\"PropertyValueSpecification\",\"valueRequired\":true,\"valueName\":\"search_term_string\"}}],\"inLanguage\":\"en-US\"},{\"@type\":\"Organization\",\"@id\":\"https:\/\/sulin.ee\/en\/#organization\",\"name\":\"SULIN TRADE O\u00dc\",\"url\":\"https:\/\/sulin.ee\/en\/\",\"logo\":{\"@type\":\"ImageObject\",\"inLanguage\":\"en-US\",\"@id\":\"https:\/\/sulin.ee\/en\/#\/schema\/logo\/image\/\",\"url\":\"https:\/\/sulin.ee\/wp-content\/uploads\/2022\/11\/sulin-logo.png\",\"contentUrl\":\"https:\/\/sulin.ee\/wp-content\/uploads\/2022\/11\/sulin-logo.png\",\"width\":871,\"height\":321,\"caption\":\"SULIN TRADE O\u00dc\"},\"image\":{\"@id\":\"https:\/\/sulin.ee\/en\/#\/schema\/logo\/image\/\"},\"sameAs\":[\"https:\/\/www.facebook.com\/www.sulin.ee\/\",\"https:\/\/www.instagram.com\/sulintrade\/\"]}]}<\/script>\n<!-- \/ Yoast SEO plugin. -->","yoast_head_json":{"title":"Vannipusle \"Numbrid ja t\u00e4hed\" - sulin.ee","description":"Vannipusle Numbrid ja t\u00e4hed \u2013 v\u00e4rvikas ja l\u00f5bus m\u00e4nguasi, mis \u00f5petab lastele t\u00e4htede ja numbrite tundmist m\u00e4ngulise tegevuse kaudu.","robots":{"index":"index","follow":"follow","max-snippet":"max-snippet:-1","max-image-preview":"max-image-preview:large","max-video-preview":"max-video-preview:-1"},"canonical":"https:\/\/sulin.ee\/en\/toode\/vannipusle-numbrid-ja-tahed\/","og_locale":"en_US","og_type":"article","og_title":"Vannipusle \"Numbrid ja t\u00e4hed\" - sulin.ee","og_description":"Vannipusle Numbrid ja t\u00e4hed \u2013 v\u00e4rvikas ja l\u00f5bus m\u00e4nguasi, mis \u00f5petab lastele t\u00e4htede ja numbrite tundmist m\u00e4ngulise tegevuse kaudu.","og_url":"https:\/\/sulin.ee\/en\/toode\/vannipusle-numbrid-ja-tahed\/","og_site_name":"sulin.ee","article_publisher":"https:\/\/www.facebook.com\/www.sulin.ee\/","article_modified_time":"2025-03-06T19:26:51+00:00","og_image":[{"width":1024,"height":1024,"url":"https:\/\/sulin.ee\/wp-content\/uploads\/2025\/02\/Zabawka-do-kapieli-literki-cyferki-piankowe-147900.jpg","type":"image\/jpeg"}],"twitter_card":"summary_large_image","twitter_misc":{"Est. reading time":"2 minutes"},"schema":{"@context":"https:\/\/schema.org","@graph":[{"@type":"WebPage","@id":"https:\/\/sulin.ee\/en\/toode\/vannipusle-numbrid-ja-tahed\/","url":"https:\/\/sulin.ee\/en\/toode\/vannipusle-numbrid-ja-tahed\/","name":"Vannipusle \"Numbrid ja t\u00e4hed\" - sulin.ee","isPartOf":{"@id":"https:\/\/sulin.ee\/en\/#website"},"primaryImageOfPage":{"@id":"https:\/\/sulin.ee\/en\/toode\/vannipusle-numbrid-ja-tahed\/#primaryimage"},"image":{"@id":"https:\/\/sulin.ee\/en\/toode\/vannipusle-numbrid-ja-tahed\/#primaryimage"},"thumbnailUrl":"https:\/\/sulin.ee\/wp-content\/uploads\/2025\/02\/Zabawka-do-kapieli-literki-cyferki-piankowe-147900.jpg","datePublished":"2025-03-03T13:09:48+00:00","dateModified":"2025-03-06T19:26:51+00:00","description":"Vannipusle Numbrid ja t\u00e4hed \u2013 v\u00e4rvikas ja l\u00f5bus m\u00e4nguasi, mis \u00f5petab lastele t\u00e4htede ja numbrite tundmist m\u00e4ngulise tegevuse kaudu.","breadcrumb":{"@id":"https:\/\/sulin.ee\/en\/toode\/vannipusle-numbrid-ja-tahed\/#breadcrumb"},"inLanguage":"en-US","potentialAction":[{"@type":"ReadAction","target":["https:\/\/sulin.ee\/en\/toode\/vannipusle-numbrid-ja-tahed\/"]}]},{"@type":"ImageObject","inLanguage":"en-US","@id":"https:\/\/sulin.ee\/en\/toode\/vannipusle-numbrid-ja-tahed\/#primaryimage","url":"https:\/\/sulin.ee\/wp-content\/uploads\/2025\/02\/Zabawka-do-kapieli-literki-cyferki-piankowe-147900.jpg","contentUrl":"https:\/\/sulin.ee\/wp-content\/uploads\/2025\/02\/Zabawka-do-kapieli-literki-cyferki-piankowe-147900.jpg","width":1024,"height":1024,"caption":"Vannipusle \"Numbrid ja t\u00e4hed\""},{"@type":"BreadcrumbList","@id":"https:\/\/sulin.ee\/en\/toode\/vannipusle-numbrid-ja-tahed\/#breadcrumb","itemListElement":[{"@type":"ListItem","position":1,"name":"Home","item":"https:\/\/sulin.ee\/en\/"},{"@type":"ListItem","position":2,"name":"Sulin.ee e-pood","item":"https:\/\/sulin.ee\/shop\/"},{"@type":"ListItem","position":3,"name":"Vannipusle &#8220;Numbrid ja t\u00e4hed&#8221;"}]},{"@type":"WebSite","@id":"https:\/\/sulin.ee\/en\/#website","url":"https:\/\/sulin.ee\/en\/","name":"sulin.ee","description":"","publisher":{"@id":"https:\/\/sulin.ee\/en\/#organization"},"potentialAction":[{"@type":"SearchAction","target":{"@type":"EntryPoint","urlTemplate":"https:\/\/sulin.ee\/en\/?s={search_term_string}"},"query-input":{"@type":"PropertyValueSpecification","valueRequired":true,"valueName":"search_term_string"}}],"inLanguage":"en-US"},{"@type":"Organization","@id":"https:\/\/sulin.ee\/en\/#organization","name":"SULIN TRADE O\u00dc","url":"https:\/\/sulin.ee\/en\/","logo":{"@type":"ImageObject","inLanguage":"en-US","@id":"https:\/\/sulin.ee\/en\/#\/schema\/logo\/image\/","url":"https:\/\/sulin.ee\/wp-content\/uploads\/2022\/11\/sulin-logo.png","contentUrl":"https:\/\/sulin.ee\/wp-content\/uploads\/2022\/11\/sulin-logo.png","width":871,"height":321,"caption":"SULIN TRADE O\u00dc"},"image":{"@id":"https:\/\/sulin.ee\/en\/#\/schema\/logo\/image\/"},"sameAs":["https:\/\/www.facebook.com\/www.sulin.ee\/","https:\/\/www.instagram.com\/sulintrade\/"]}]}},"builder_content":"","_links":{"self":[{"href":"https:\/\/sulin.ee\/en\/wp-json\/wp\/v2\/product\/39248","targetHints":{"allow":["GET"]}}],"collection":[{"href":"https:\/\/sulin.ee\/en\/wp-json\/wp\/v2\/product"}],"about":[{"href":"https:\/\/sulin.ee\/en\/wp-json\/wp\/v2\/types\/product"}],"replies":[{"embeddable":true,"href":"https:\/\/sulin.ee\/en\/wp-json\/wp\/v2\/comments?post=39248"}],"wp:featuredmedia":[{"embeddable":true,"href":"https:\/\/sulin.ee\/en\/wp-json\/wp\/v2\/media\/39246"}],"wp:attachment":[{"href":"https:\/\/sulin.ee\/en\/wp-json\/wp\/v2\/media?parent=39248"}],"wp:term":[{"taxonomy":"product_brand","embeddable":true,"href":"https:\/\/sulin.ee\/en\/wp-json\/wp\/v2\/product_brand?post=39248"},{"taxonomy":"product_cat","embeddable":true,"href":"https:\/\/sulin.ee\/en\/wp-json\/wp\/v2\/product_cat?post=39248"},{"taxonomy":"product_tag","embeddable":true,"href":"https:\/\/sulin.ee\/en\/wp-json\/wp\/v2\/product_tag?post=39248"}],"curies":[{"name":"wp","href":"https:\/\/api.w.org\/{rel}","templated":true}]}}