{"id":39233,"date":"2025-03-03T13:09:42","date_gmt":"2025-03-03T13:09:42","guid":{"rendered":"https:\/\/sulin.ee\/toode\/vannimanguasjad-vahtloomad\/"},"modified":"2025-03-28T20:38:27","modified_gmt":"2025-03-28T20:38:27","slug":"vannipusle-loomad","status":"publish","type":"product","link":"https:\/\/sulin.ee\/en\/toode\/vannipusle-loomad\/","title":{"rendered":"Vannipusle &#8220;Loomad&#8221;"},"content":{"rendered":"<p><strong>Vannipusle &#8220;Loomad&#8221;<\/strong> muudab vanniaja l\u00f5busaks seikluseks! See uuenduslik komplekt koosneb maagilistest loomakujulistest puslet\u00fckkidest, mis on valmistatud pehmest ja vastupidavast vahtplastist. Ei ole vaja liimi \u2013 t\u00fckid kleepuvad niisutatuna vanni v\u00f5i plaatide k\u00fclge, pakkudes l\u00f5putut l\u00f5bu ja \u00f5ppev\u00f5imalusi.<\/p>\n<div class=\"flex max-w-full flex-col flex-grow\">\n<div class=\"min-h-8 text-message relative flex w-full flex-col items-end gap-2 whitespace-normal break-words text-start [.text-message+&amp;]:mt-5\" dir=\"auto\" data-message-author-role=\"assistant\" data-message-id=\"7f9c84e8-3d7d-4eca-b009-76bfa8a72e4e\" data-message-model-slug=\"gpt-4\">\n<div class=\"flex w-full flex-col gap-1 empty:hidden first:pt-[3px]\">\n<div class=\"markdown prose w-full break-words dark:prose-invert light\">\n<p data-start=\"371\" data-end=\"398\"><strong data-start=\"374\" data-end=\"398\">Omadused ja eelised:<\/strong><\/p>\n<ul data-start=\"399\" data-end=\"926\">\n<li data-start=\"399\" data-end=\"535\"><strong data-start=\"401\" data-end=\"425\">\ud83d\udfe2 Kergesti kinnituvad:<\/strong> Puslet\u00fckid kleepuvad m\u00e4rjana kergesti siledatele pindadele, mis teeb neist suurep\u00e4rased kaaslased vanniajaks.<\/li>\n<li data-start=\"536\" data-end=\"703\"><strong data-start=\"538\" data-end=\"570\">\ud83d\udfe2 Ujuvad ja kiiresti kuivavad:<\/strong> T\u00fckid on kerged ja ujuvad vees, mis lisab vannim\u00e4ngule p\u00f5nevust. Peale kasutust kuivavad need kiiresti, muutes ladustamise lihtsaks.<\/li>\n<li data-start=\"704\" data-end=\"816\"><strong data-start=\"706\" data-end=\"726\">\ud83d\udfe2 Ergutab loovust:<\/strong> M\u00e4nguasi stimuleerib loovust ja toetab loogilise m\u00f5tlemise ning k\u00e4eliste oskuste arengut.<\/li>\n<li data-start=\"817\" data-end=\"926\"><strong data-start=\"819\" data-end=\"842\">\ud83d\udfe2 Hariduslik v\u00e4\u00e4rtus:<\/strong> Lisaks l\u00f5bule pakub see suurep\u00e4rase v\u00f5imaluse tutvustada lastele t\u00e4hti ja numbreid.<\/li>\n<\/ul>\n<p data-start=\"928\" data-end=\"1175\"><strong data-start=\"931\" data-end=\"954\">Turvaline ja l\u00f5bus:<\/strong> Valmistatud mittetoksilisest vahtplastist, on need puslet\u00fckid turvalised ja pehmed, ideaalsed v\u00e4ikeste k\u00e4te jaoks. Eredad v\u00e4rvid ja kutsuvad loomakujud k\u00f6idavad lapse t\u00e4helepanu, muutes iga vannikorra oodatud tegevuseks.<\/p>\n<p data-start=\"1177\" data-end=\"1365\"><strong data-start=\"1180\" data-end=\"1202\">Ideaalne kingitus:<\/strong> Pakendatud atraktiivsesse karpi, on see vannipusle suurep\u00e4rane kingiidee lastele, kes naudivad vee sees m\u00e4ngimist v\u00f5i vajavad veidi ergutust vanniaja nautimiseks.<\/p>\n<p data-start=\"1367\" data-end=\"1379\"><strong data-start=\"1367\" data-end=\"1379\">M\u00f5\u00f5tmed:<\/strong><\/p>\n<ul data-start=\"1380\" data-end=\"1479\">\n<li data-start=\"1380\" data-end=\"1435\"><strong data-start=\"1382\" data-end=\"1410\">\ud83d\udfe2 N\u00e4ide m\u00f5istatus (sebra):<\/strong> 12 cm x 11.5 cm x 0.8 cm<\/li>\n<li data-start=\"1436\" data-end=\"1479\"><strong data-start=\"1438\" data-end=\"1458\">\ud83d\udfe2 Pakendi m\u00f5\u00f5tmed:<\/strong> 28 cm x 21 cm x 5 cm<\/li>\n<\/ul>\n<p data-start=\"1481\" data-end=\"1633\" data-is-last-node=\"\" data-is-only-node=\"\">&#8220;Vannipusle &#8216;Loomad'&#8221; ei ole lihtsalt m\u00e4nguasi, vaid ka hariv vahend, mis rikastab iga lapse vannikogemust, muutes selle nii l\u00f5busaks kui ka \u00f5petlikuks.<\/p>\n<p data-start=\"1481\" data-end=\"1633\" data-is-last-node=\"\" data-is-only-node=\"\">Tutvuge ka meie teiste vannim\u00e4nguasjadega, mis muudavad iga supluse veelgi l\u00f5busamaks! <a href=\"https:\/\/sulin.ee\/tootekategooria\/mangimine\/vannimanguasjad\/\">Vaata siia.<\/a><\/p>\n<\/div>\n<\/div>\n<\/div>\n<\/div>\n","protected":false},"excerpt":{"rendered":"<p><strong>Vannipusle &#8220;Loomad&#8221;<\/strong> muudab vanniaja harivaks l\u00f5bus\u00f5iduks! Komplektis on erinevad loomakujulised vahtplastist puslet\u00fckid, mis kinnituvad niisutatult vanniseintele. Need t\u00fckid on turvalised, ujuvad vees ja ergutavad lapse loovust ning \u00f5petavad t\u00e4hti ja numbreid. Ideaalne kingitus igale lapsele, kes armastab vees m\u00e4ngida.<\/p>\n","protected":false},"featured_media":39231,"comment_status":"open","ping_status":"closed","template":"","meta":[],"product_brand":[],"product_cat":[110,1162,1165,925,1133,23],"product_tag":[],"class_list":{"0":"post-39233","1":"product","2":"type-product","3":"status-publish","4":"has-post-thumbnail","6":"product_cat-mangimine","7":"product_cat-kingituseks","8":"product_cat-3-5-aastat","9":"product_cat-pusled","10":"product_cat-vannimanguasjad","11":"product_cat-soodus","12":"has-post-title","13":"has-post-date","14":"has-post-category","15":"has-post-tag","16":"has-post-comment","17":"has-post-author","18":"","20":"first","21":"instock","22":"sale","23":"taxable","24":"shipping-taxable","25":"purchasable","26":"product-type-simple"},"yoast_head":"<!-- This site is optimized with the Yoast SEO plugin v26.8 - https:\/\/yoast.com\/product\/yoast-seo-wordpress\/ -->\n<title>Vannipusle &quot;Loomad&quot; - sulin.ee<\/title>\n<meta name=\"description\" content=\"Vannipusle Loomad \u2013 l\u00f5bus ja hariv m\u00e4nguasi, mis muudab iga vannikorra seikluseks! Loomakujud kleepuvad m\u00e4rjana vanniseintele, pakkudes nii m\u00e4ngur\u00f5\u00f5mu.\" \/>\n<meta name=\"robots\" content=\"index, follow, max-snippet:-1, max-image-preview:large, max-video-preview:-1\" \/>\n<link rel=\"canonical\" href=\"https:\/\/sulin.ee\/en\/toode\/vannipusle-loomad\/\" \/>\n<meta property=\"og:locale\" content=\"en_US\" \/>\n<meta property=\"og:type\" content=\"article\" \/>\n<meta property=\"og:title\" content=\"Vannipusle &quot;Loomad&quot; - sulin.ee\" \/>\n<meta property=\"og:description\" content=\"Vannipusle Loomad \u2013 l\u00f5bus ja hariv m\u00e4nguasi, mis muudab iga vannikorra seikluseks! Loomakujud kleepuvad m\u00e4rjana vanniseintele, pakkudes nii m\u00e4ngur\u00f5\u00f5mu.\" \/>\n<meta property=\"og:url\" content=\"https:\/\/sulin.ee\/en\/toode\/vannipusle-loomad\/\" \/>\n<meta property=\"og:site_name\" content=\"sulin.ee\" \/>\n<meta property=\"article:publisher\" content=\"https:\/\/www.facebook.com\/www.sulin.ee\/\" \/>\n<meta property=\"article:modified_time\" content=\"2025-03-28T20:38:27+00:00\" \/>\n<meta property=\"og:image\" content=\"https:\/\/sulin.ee\/wp-content\/uploads\/2025\/02\/Zabawka-do-kapieli-wanny-piankowe-zwierzatka-991981.jpg\" \/>\n\t<meta property=\"og:image:width\" content=\"1024\" \/>\n\t<meta property=\"og:image:height\" content=\"1024\" \/>\n\t<meta property=\"og:image:type\" content=\"image\/jpeg\" \/>\n<meta name=\"twitter:card\" content=\"summary_large_image\" \/>\n<meta name=\"twitter:label1\" content=\"Est. reading time\" \/>\n\t<meta name=\"twitter:data1\" content=\"2 minutes\" \/>\n<script type=\"application\/ld+json\" class=\"yoast-schema-graph\">{\"@context\":\"https:\/\/schema.org\",\"@graph\":[{\"@type\":\"WebPage\",\"@id\":\"https:\/\/sulin.ee\/en\/toode\/vannipusle-loomad\/\",\"url\":\"https:\/\/sulin.ee\/en\/toode\/vannipusle-loomad\/\",\"name\":\"Vannipusle \\\"Loomad\\\" - sulin.ee\",\"isPartOf\":{\"@id\":\"https:\/\/sulin.ee\/en\/#website\"},\"primaryImageOfPage\":{\"@id\":\"https:\/\/sulin.ee\/en\/toode\/vannipusle-loomad\/#primaryimage\"},\"image\":{\"@id\":\"https:\/\/sulin.ee\/en\/toode\/vannipusle-loomad\/#primaryimage\"},\"thumbnailUrl\":\"https:\/\/sulin.ee\/wp-content\/uploads\/2025\/02\/Zabawka-do-kapieli-wanny-piankowe-zwierzatka-991981.jpg\",\"datePublished\":\"2025-03-03T13:09:42+00:00\",\"dateModified\":\"2025-03-28T20:38:27+00:00\",\"description\":\"Vannipusle Loomad \u2013 l\u00f5bus ja hariv m\u00e4nguasi, mis muudab iga vannikorra seikluseks! Loomakujud kleepuvad m\u00e4rjana vanniseintele, pakkudes nii m\u00e4ngur\u00f5\u00f5mu.\",\"breadcrumb\":{\"@id\":\"https:\/\/sulin.ee\/en\/toode\/vannipusle-loomad\/#breadcrumb\"},\"inLanguage\":\"en-US\",\"potentialAction\":[{\"@type\":\"ReadAction\",\"target\":[\"https:\/\/sulin.ee\/en\/toode\/vannipusle-loomad\/\"]}]},{\"@type\":\"ImageObject\",\"inLanguage\":\"en-US\",\"@id\":\"https:\/\/sulin.ee\/en\/toode\/vannipusle-loomad\/#primaryimage\",\"url\":\"https:\/\/sulin.ee\/wp-content\/uploads\/2025\/02\/Zabawka-do-kapieli-wanny-piankowe-zwierzatka-991981.jpg\",\"contentUrl\":\"https:\/\/sulin.ee\/wp-content\/uploads\/2025\/02\/Zabawka-do-kapieli-wanny-piankowe-zwierzatka-991981.jpg\",\"width\":1024,\"height\":1024,\"caption\":\"Vannipusle \\\"Loomad\\\"\"},{\"@type\":\"BreadcrumbList\",\"@id\":\"https:\/\/sulin.ee\/en\/toode\/vannipusle-loomad\/#breadcrumb\",\"itemListElement\":[{\"@type\":\"ListItem\",\"position\":1,\"name\":\"Home\",\"item\":\"https:\/\/sulin.ee\/en\/\"},{\"@type\":\"ListItem\",\"position\":2,\"name\":\"Sulin.ee e-pood\",\"item\":\"https:\/\/sulin.ee\/shop\/\"},{\"@type\":\"ListItem\",\"position\":3,\"name\":\"Vannipusle &#8220;Loomad&#8221;\"}]},{\"@type\":\"WebSite\",\"@id\":\"https:\/\/sulin.ee\/en\/#website\",\"url\":\"https:\/\/sulin.ee\/en\/\",\"name\":\"sulin.ee\",\"description\":\"\",\"publisher\":{\"@id\":\"https:\/\/sulin.ee\/en\/#organization\"},\"potentialAction\":[{\"@type\":\"SearchAction\",\"target\":{\"@type\":\"EntryPoint\",\"urlTemplate\":\"https:\/\/sulin.ee\/en\/?s={search_term_string}\"},\"query-input\":{\"@type\":\"PropertyValueSpecification\",\"valueRequired\":true,\"valueName\":\"search_term_string\"}}],\"inLanguage\":\"en-US\"},{\"@type\":\"Organization\",\"@id\":\"https:\/\/sulin.ee\/en\/#organization\",\"name\":\"SULIN TRADE O\u00dc\",\"url\":\"https:\/\/sulin.ee\/en\/\",\"logo\":{\"@type\":\"ImageObject\",\"inLanguage\":\"en-US\",\"@id\":\"https:\/\/sulin.ee\/en\/#\/schema\/logo\/image\/\",\"url\":\"https:\/\/sulin.ee\/wp-content\/uploads\/2022\/11\/sulin-logo.png\",\"contentUrl\":\"https:\/\/sulin.ee\/wp-content\/uploads\/2022\/11\/sulin-logo.png\",\"width\":871,\"height\":321,\"caption\":\"SULIN TRADE O\u00dc\"},\"image\":{\"@id\":\"https:\/\/sulin.ee\/en\/#\/schema\/logo\/image\/\"},\"sameAs\":[\"https:\/\/www.facebook.com\/www.sulin.ee\/\",\"https:\/\/www.instagram.com\/sulintrade\/\"]}]}<\/script>\n<!-- \/ Yoast SEO plugin. -->","yoast_head_json":{"title":"Vannipusle \"Loomad\" - sulin.ee","description":"Vannipusle Loomad \u2013 l\u00f5bus ja hariv m\u00e4nguasi, mis muudab iga vannikorra seikluseks! Loomakujud kleepuvad m\u00e4rjana vanniseintele, pakkudes nii m\u00e4ngur\u00f5\u00f5mu.","robots":{"index":"index","follow":"follow","max-snippet":"max-snippet:-1","max-image-preview":"max-image-preview:large","max-video-preview":"max-video-preview:-1"},"canonical":"https:\/\/sulin.ee\/en\/toode\/vannipusle-loomad\/","og_locale":"en_US","og_type":"article","og_title":"Vannipusle \"Loomad\" - sulin.ee","og_description":"Vannipusle Loomad \u2013 l\u00f5bus ja hariv m\u00e4nguasi, mis muudab iga vannikorra seikluseks! Loomakujud kleepuvad m\u00e4rjana vanniseintele, pakkudes nii m\u00e4ngur\u00f5\u00f5mu.","og_url":"https:\/\/sulin.ee\/en\/toode\/vannipusle-loomad\/","og_site_name":"sulin.ee","article_publisher":"https:\/\/www.facebook.com\/www.sulin.ee\/","article_modified_time":"2025-03-28T20:38:27+00:00","og_image":[{"width":1024,"height":1024,"url":"https:\/\/sulin.ee\/wp-content\/uploads\/2025\/02\/Zabawka-do-kapieli-wanny-piankowe-zwierzatka-991981.jpg","type":"image\/jpeg"}],"twitter_card":"summary_large_image","twitter_misc":{"Est. reading time":"2 minutes"},"schema":{"@context":"https:\/\/schema.org","@graph":[{"@type":"WebPage","@id":"https:\/\/sulin.ee\/en\/toode\/vannipusle-loomad\/","url":"https:\/\/sulin.ee\/en\/toode\/vannipusle-loomad\/","name":"Vannipusle \"Loomad\" - sulin.ee","isPartOf":{"@id":"https:\/\/sulin.ee\/en\/#website"},"primaryImageOfPage":{"@id":"https:\/\/sulin.ee\/en\/toode\/vannipusle-loomad\/#primaryimage"},"image":{"@id":"https:\/\/sulin.ee\/en\/toode\/vannipusle-loomad\/#primaryimage"},"thumbnailUrl":"https:\/\/sulin.ee\/wp-content\/uploads\/2025\/02\/Zabawka-do-kapieli-wanny-piankowe-zwierzatka-991981.jpg","datePublished":"2025-03-03T13:09:42+00:00","dateModified":"2025-03-28T20:38:27+00:00","description":"Vannipusle Loomad \u2013 l\u00f5bus ja hariv m\u00e4nguasi, mis muudab iga vannikorra seikluseks! Loomakujud kleepuvad m\u00e4rjana vanniseintele, pakkudes nii m\u00e4ngur\u00f5\u00f5mu.","breadcrumb":{"@id":"https:\/\/sulin.ee\/en\/toode\/vannipusle-loomad\/#breadcrumb"},"inLanguage":"en-US","potentialAction":[{"@type":"ReadAction","target":["https:\/\/sulin.ee\/en\/toode\/vannipusle-loomad\/"]}]},{"@type":"ImageObject","inLanguage":"en-US","@id":"https:\/\/sulin.ee\/en\/toode\/vannipusle-loomad\/#primaryimage","url":"https:\/\/sulin.ee\/wp-content\/uploads\/2025\/02\/Zabawka-do-kapieli-wanny-piankowe-zwierzatka-991981.jpg","contentUrl":"https:\/\/sulin.ee\/wp-content\/uploads\/2025\/02\/Zabawka-do-kapieli-wanny-piankowe-zwierzatka-991981.jpg","width":1024,"height":1024,"caption":"Vannipusle \"Loomad\""},{"@type":"BreadcrumbList","@id":"https:\/\/sulin.ee\/en\/toode\/vannipusle-loomad\/#breadcrumb","itemListElement":[{"@type":"ListItem","position":1,"name":"Home","item":"https:\/\/sulin.ee\/en\/"},{"@type":"ListItem","position":2,"name":"Sulin.ee e-pood","item":"https:\/\/sulin.ee\/shop\/"},{"@type":"ListItem","position":3,"name":"Vannipusle &#8220;Loomad&#8221;"}]},{"@type":"WebSite","@id":"https:\/\/sulin.ee\/en\/#website","url":"https:\/\/sulin.ee\/en\/","name":"sulin.ee","description":"","publisher":{"@id":"https:\/\/sulin.ee\/en\/#organization"},"potentialAction":[{"@type":"SearchAction","target":{"@type":"EntryPoint","urlTemplate":"https:\/\/sulin.ee\/en\/?s={search_term_string}"},"query-input":{"@type":"PropertyValueSpecification","valueRequired":true,"valueName":"search_term_string"}}],"inLanguage":"en-US"},{"@type":"Organization","@id":"https:\/\/sulin.ee\/en\/#organization","name":"SULIN TRADE O\u00dc","url":"https:\/\/sulin.ee\/en\/","logo":{"@type":"ImageObject","inLanguage":"en-US","@id":"https:\/\/sulin.ee\/en\/#\/schema\/logo\/image\/","url":"https:\/\/sulin.ee\/wp-content\/uploads\/2022\/11\/sulin-logo.png","contentUrl":"https:\/\/sulin.ee\/wp-content\/uploads\/2022\/11\/sulin-logo.png","width":871,"height":321,"caption":"SULIN TRADE O\u00dc"},"image":{"@id":"https:\/\/sulin.ee\/en\/#\/schema\/logo\/image\/"},"sameAs":["https:\/\/www.facebook.com\/www.sulin.ee\/","https:\/\/www.instagram.com\/sulintrade\/"]}]}},"builder_content":"","_links":{"self":[{"href":"https:\/\/sulin.ee\/en\/wp-json\/wp\/v2\/product\/39233","targetHints":{"allow":["GET"]}}],"collection":[{"href":"https:\/\/sulin.ee\/en\/wp-json\/wp\/v2\/product"}],"about":[{"href":"https:\/\/sulin.ee\/en\/wp-json\/wp\/v2\/types\/product"}],"replies":[{"embeddable":true,"href":"https:\/\/sulin.ee\/en\/wp-json\/wp\/v2\/comments?post=39233"}],"wp:featuredmedia":[{"embeddable":true,"href":"https:\/\/sulin.ee\/en\/wp-json\/wp\/v2\/media\/39231"}],"wp:attachment":[{"href":"https:\/\/sulin.ee\/en\/wp-json\/wp\/v2\/media?parent=39233"}],"wp:term":[{"taxonomy":"product_brand","embeddable":true,"href":"https:\/\/sulin.ee\/en\/wp-json\/wp\/v2\/product_brand?post=39233"},{"taxonomy":"product_cat","embeddable":true,"href":"https:\/\/sulin.ee\/en\/wp-json\/wp\/v2\/product_cat?post=39233"},{"taxonomy":"product_tag","embeddable":true,"href":"https:\/\/sulin.ee\/en\/wp-json\/wp\/v2\/product_tag?post=39233"}],"curies":[{"name":"wp","href":"https:\/\/api.w.org\/{rel}","templated":true}]}}