{"id":39207,"date":"2025-03-03T13:09:33","date_gmt":"2025-03-03T13:09:33","guid":{"rendered":"https:\/\/sulin.ee\/toode\/veepustol-veepustol-dinosaurus-seljakott-paak-1000ml\/"},"modified":"2025-12-12T18:58:07","modified_gmt":"2025-12-12T18:58:07","slug":"veepustol-seljakotipaagiga-dinosaurus-1000-ml","status":"publish","type":"product","link":"https:\/\/sulin.ee\/en\/toode\/veepustol-seljakotipaagiga-dinosaurus-1000-ml\/","title":{"rendered":"Veep\u00fcstol seljakotipaagiga Dinosaurus 1000 ml"},"content":{"rendered":"<p style=\"margin: 0cm 0cm 8pt;\"><span style=\"line-height: 107%; font-family: 'Tahoma',sans-serif; font-size: 18pt;\"><span style=\"line-height: 107%; font-family: 'Tahoma',sans-serif; font-size: 18pt;\"><strong style=\"font-family: Georgia, 'Times New Roman', 'Bitstream Charter', Times, serif; font-size: 16px;\" data-start=\"4\" data-end=\"93\">Veep\u00fcstol seljakotipaagiga Dinosaurus 1000 ml \u2013 ideaalne varustus suviseks vees\u00f5jaks!<\/strong><\/span><\/span><\/p>\n<div class=\"flex-1 grow overflow-hidden @container\/thread\">\n<div class=\"relative h-full\">\n<div class=\"flex h-full flex-col overflow-y-auto [scrollbar-gutter:stable]\">\n<div class=\"flex flex-col text-sm md:pb-9\">\n<article class=\"w-full text-token-text-primary focus-visible:outline-2 focus-visible:outline-offset-[-4px]\" dir=\"auto\" data-testid=\"conversation-turn-128\" data-scroll-anchor=\"true\">\n<div class=\"m-auto text-base py-[18px] px-6\">\n<div class=\"mx-auto flex flex-1 text-base gap-4 md:gap-5 lg:gap-6 md:max-w-3xl lg:max-w-[40rem] xl:max-w-[48rem]\">\n<div class=\"group\/conversation-turn relative flex w-full min-w-0 flex-col agent-turn @xs\/thread:px-0 @sm\/thread:px-1.5 @md\/thread:px-4\">\n<div class=\"flex-col gap-1 md:gap-3\">\n<div class=\"flex max-w-full flex-col flex-grow\">\n<div class=\"min-h-8 text-message relative flex w-full flex-col items-end gap-2 whitespace-normal break-words text-start [.text-message+&amp;]:mt-5\" dir=\"auto\" data-message-author-role=\"assistant\" data-message-id=\"e7169ed0-ddea-4654-8518-b71117e85d86\" data-message-model-slug=\"gpt-4o\">\n<div class=\"flex w-full flex-col gap-1 empty:hidden first:pt-[3px]\">\n<div class=\"markdown prose w-full break-words dark:prose-invert light\">\n<p data-start=\"97\" data-end=\"440\"><strong data-start=\"97\" data-end=\"170\">Kas oled valmis kuumadeks suvep\u00e4evadeks ja l\u00f5busateks veelahinguteks?<\/strong> <strong data-start=\"171\" data-end=\"220\">Veep\u00fcstol seljakotipaagiga Dinosaurus 1000 ml<\/strong> on t\u00e4iuslik relv v\u00e4ikestele veep\u00fcssiekspertidele, pakkudes pikka ja mugavat m\u00e4ngur\u00f5\u00f5mu! <strong data-start=\"309\" data-end=\"336\">Seljakotipaagiga disain<\/strong> muudab m\u00e4ngimise lihtsamaks ja kergemaks, sest kogu veekogus on seljal, mitte k\u00e4es hoitavas p\u00fcstolis.<\/p>\n<h3 data-start=\"442\" data-end=\"470\"><strong data-start=\"446\" data-end=\"468\">Kuidas see toimib?<\/strong><\/h3>\n<p data-start=\"471\" data-end=\"860\">Seda veep\u00fcstolit on lihtne kasutada ja see tagab <strong data-start=\"520\" data-end=\"562\">pikema m\u00e4nguaja ilma pideva t\u00e4itmiseta<\/strong>:<br data-start=\"563\" data-end=\"566\" \/>1\ufe0f\u20e3 <strong data-start=\"570\" data-end=\"592\">Keerake kork lahti<\/strong> ja valage vesi seljakotipaaki (mahutavus 1000 ml).<br data-start=\"643\" data-end=\"646\" \/>2\ufe0f\u20e3 <strong data-start=\"650\" data-end=\"684\">Pange seljakott mugavalt selga<\/strong> ja kohandage rihmad vastavalt lapse suurusele.<br data-start=\"731\" data-end=\"734\" data-is-only-node=\"\" \/>3\ufe0f\u20e3 <strong data-start=\"738\" data-end=\"758\">V\u00f5tke relv k\u00e4tte<\/strong> ja \u00fchendage see veetoruga.<br data-start=\"785\" data-end=\"788\" \/>4\ufe0f\u20e3 <strong data-start=\"792\" data-end=\"812\">Pumpa paar korda<\/strong>, et vesi hakkaks voolama, ja alusta lahingut!<\/p>\n<h3 data-start=\"862\" data-end=\"898\"><strong data-start=\"866\" data-end=\"896\">Miks valida see veep\u00fcstol?<\/strong><\/h3>\n<p data-start=\"899\" data-end=\"1330\">\u2705 <strong data-start=\"901\" data-end=\"934\">Ergonoomiline ja mugav disain<\/strong> \u2013 veepaak on seljal, mis muudab p\u00fcstoli kergemaks ja lihtsamini kasutatavaks.<br data-start=\"1012\" data-end=\"1015\" \/>\u2705 <strong data-start=\"1017\" data-end=\"1043\">Suur veepaak (1000 ml)<\/strong> \u2013 v\u00e4hem t\u00e4itmist, rohkem m\u00e4nguaega.<br data-start=\"1079\" data-end=\"1082\" \/>\u2705 <strong data-start=\"1084\" data-end=\"1118\">Kergesti reguleeritavad rihmad<\/strong> \u2013 sobivad igas vanuses lastele.<br data-start=\"1150\" data-end=\"1153\" data-is-only-node=\"\" \/>\u2705 <strong data-start=\"1155\" data-end=\"1193\">Vastupidav ja kvaliteetne materjal<\/strong> \u2013 disainitud taluma aktiivset m\u00e4ngu.<br data-start=\"1230\" data-end=\"1233\" \/>\u2705 <strong data-start=\"1235\" data-end=\"1277\">L\u00f5bus ja jahutav tegevus suvep\u00e4evadeks<\/strong> \u2013 ideaalne vees\u00f5dadeks aias, rannas v\u00f5i basseinis.<\/p>\n<h3 data-start=\"1332\" data-end=\"1357\"><strong data-start=\"1336\" data-end=\"1355\">Komplekti sisu:<\/strong><\/h3>\n<p data-start=\"1358\" data-end=\"1472\">\u2714 <strong data-start=\"1360\" data-end=\"1373\">Veep\u00fcstol<\/strong><br data-start=\"1373\" data-end=\"1376\" \/>\u2714 <strong data-start=\"1378\" data-end=\"1399\">Seljakott-veepaak<\/strong><br data-start=\"1399\" data-end=\"1402\" \/>\u2714 <strong data-start=\"1404\" data-end=\"1422\">Voolik (75 cm)<\/strong><br data-start=\"1422\" data-end=\"1425\" \/>\u2714 <strong data-start=\"1427\" data-end=\"1454\">Kandev\u00f6\u00f6 (reguleeritav)<\/strong><br data-start=\"1454\" data-end=\"1457\" data-is-only-node=\"\" \/>\u2714 <strong data-start=\"1459\" data-end=\"1470\">2 korki<\/strong><\/p>\n<h3 data-start=\"1474\" data-end=\"1502\"><strong data-start=\"1478\" data-end=\"1500\">Tehnilised andmed:<\/strong><\/h3>\n<ul data-start=\"1503\" data-end=\"1757\">\n<li data-start=\"1503\" data-end=\"1539\"><strong data-start=\"1505\" data-end=\"1529\">\u2705 Seljakoti mahutavus:<\/strong> 1000 ml<\/li>\n<li data-start=\"1540\" data-end=\"1583\"><strong data-start=\"1542\" data-end=\"1576\">\u2705 Veega t\u00e4idetud seljakoti kaal:<\/strong> 1 kg<\/li>\n<li data-start=\"1584\" data-end=\"1618\"><strong data-start=\"1586\" data-end=\"1610\">\u2705 Kummist toru pikkus:<\/strong> 75 cm<\/li>\n<li data-start=\"1619\" data-end=\"1663\"><strong data-start=\"1621\" data-end=\"1640\">\u2705 P\u00fcstoli m\u00f5\u00f5dud:<\/strong> 21 cm x 7 cm x 13 cm<\/li>\n<li data-start=\"1664\" data-end=\"1712\"><strong data-start=\"1666\" data-end=\"1687\">\u2705 Seljakoti m\u00f5\u00f5dud:<\/strong> 23,5 cm x 18 cm x 4 cm<\/li>\n<li data-start=\"1713\" data-end=\"1757\"><strong data-start=\"1715\" data-end=\"1734\">\u2705 Pakendi m\u00f5\u00f5dud:<\/strong> 32 cm x 30 cm x 5 cm<\/li>\n<\/ul>\n<h3 data-start=\"1759\" data-end=\"1807\"><strong data-start=\"1763\" data-end=\"1805\">T\u00e4iuslik m\u00e4nguasi kuumadeks p\u00e4evadeks!<\/strong><\/h3>\n<p data-start=\"1808\" data-end=\"2018\" data-is-last-node=\"\" data-is-only-node=\"\"><strong data-start=\"1808\" data-end=\"1857\">Veep\u00fcstol seljakotipaagiga Dinosaurus 1000 ml<\/strong> tagab l\u00f5putu veem\u00e4ngu l\u00f5bu, hoides samal ajal lapse aktiivsena ja jahutatuna. <strong data-start=\"1936\" data-end=\"2018\" data-is-last-node=\"\">Valmistu suve parimaks vees\u00f5jaks ja vaata ka meie teisi l\u00f5busaid \u00f5uem\u00e4nguasju! <a href=\"https:\/\/sulin.ee\/tootekategooria\/mangimine\/ouemanguasjad\/\">Leiad siit.<\/a><\/strong><\/p>\n<\/div>\n<\/div>\n<\/div>\n<\/div>\n<\/div>\n<\/div>\n<\/div>\n<\/div>\n<\/article>\n<\/div>\n<\/div>\n<\/div>\n<\/div>\n","protected":false},"excerpt":{"rendered":"<p><strong data-start=\"0\" data-end=\"49\" data-is-only-node=\"\">Veep\u00fcstol seljakotipaagiga Dinosaurus 1000 ml<\/strong> on ideaalne suvine m\u00e4nguasi, mis v\u00f5imaldab pikka ja l\u00f5busat vees\u00f5da ilma pideva t\u00e4itmiseta. <strong data-start=\"142\" data-end=\"173\">Ergonoomiline seljakotipaak<\/strong> muudab p\u00fcstoli kergemaks ja mugavamaks, samas kui reguleeritavad rihmad tagavad t\u00e4iusliku sobivuse igale lapsele. <strong data-start=\"288\" data-end=\"355\" data-is-last-node=\"\">L\u00f5bus, jahutav ja vastupidav veep\u00fcstol kuumadeks suvep\u00e4evadeks!<\/strong><\/p>\n<p><strong>Seljakoti m\u00f5\u00f5tmed:<\/strong> 23,5 x 18 x 4 cm.<\/p>\n","protected":false},"featured_media":40505,"comment_status":"open","ping_status":"closed","template":"","meta":[],"product_brand":[],"product_cat":[110,1165,1166,885,23],"product_tag":[],"class_list":{"0":"post-39207","1":"product","2":"type-product","3":"status-publish","4":"has-post-thumbnail","6":"product_cat-mangimine","7":"product_cat-3-5-aastat","8":"product_cat-6-8-aastat","9":"product_cat-ouemanguasjad","10":"product_cat-soodus","11":"has-post-title","12":"has-post-date","13":"has-post-category","14":"has-post-tag","15":"has-post-comment","16":"has-post-author","17":"","19":"first","20":"instock","21":"sale","22":"taxable","23":"shipping-taxable","24":"purchasable","25":"product-type-simple"},"yoast_head":"<!-- This site is optimized with the Yoast SEO plugin v26.8 - https:\/\/yoast.com\/product\/yoast-seo-wordpress\/ -->\n<title>Veep\u00fcstol seljakotipaagiga Dinosaurus 1000 ml - sulin.ee<\/title>\n<meta name=\"description\" content=\"Veep\u00fcstol seljakotipaagiga on ergonoomiline ja l\u00f5bus suvem\u00e4nguasi, mis tagab pikema vees\u00f5ja, mugava kandmise ja jahutava meelelahutuse kuumadel p\u00e4evadel.\" \/>\n<meta name=\"robots\" content=\"index, follow, max-snippet:-1, max-image-preview:large, max-video-preview:-1\" \/>\n<link rel=\"canonical\" href=\"https:\/\/sulin.ee\/en\/toode\/veepustol-seljakotipaagiga-dinosaurus-1000-ml\/\" \/>\n<meta property=\"og:locale\" content=\"en_US\" \/>\n<meta property=\"og:type\" content=\"article\" \/>\n<meta property=\"og:title\" content=\"Veep\u00fcstol seljakotipaagiga Dinosaurus 1000 ml - sulin.ee\" \/>\n<meta property=\"og:description\" content=\"Veep\u00fcstol seljakotipaagiga on ergonoomiline ja l\u00f5bus suvem\u00e4nguasi, mis tagab pikema vees\u00f5ja, mugava kandmise ja jahutava meelelahutuse kuumadel p\u00e4evadel.\" \/>\n<meta property=\"og:url\" content=\"https:\/\/sulin.ee\/en\/toode\/veepustol-seljakotipaagiga-dinosaurus-1000-ml\/\" \/>\n<meta property=\"og:site_name\" content=\"sulin.ee\" \/>\n<meta property=\"article:publisher\" content=\"https:\/\/www.facebook.com\/www.sulin.ee\/\" \/>\n<meta property=\"article:modified_time\" content=\"2025-12-12T18:58:07+00:00\" \/>\n<meta property=\"og:image\" content=\"https:\/\/sulin.ee\/wp-content\/uploads\/2025\/03\/Piltide-korrektuurid-kodulehel-2025-03-05T192156.604.png\" \/>\n\t<meta property=\"og:image:width\" content=\"1080\" \/>\n\t<meta property=\"og:image:height\" content=\"1080\" \/>\n\t<meta property=\"og:image:type\" content=\"image\/png\" \/>\n<meta name=\"twitter:card\" content=\"summary_large_image\" \/>\n<meta name=\"twitter:label1\" content=\"Est. reading time\" \/>\n\t<meta name=\"twitter:data1\" content=\"2 minutes\" \/>\n<script type=\"application\/ld+json\" class=\"yoast-schema-graph\">{\"@context\":\"https:\/\/schema.org\",\"@graph\":[{\"@type\":\"WebPage\",\"@id\":\"https:\/\/sulin.ee\/en\/toode\/veepustol-seljakotipaagiga-dinosaurus-1000-ml\/\",\"url\":\"https:\/\/sulin.ee\/en\/toode\/veepustol-seljakotipaagiga-dinosaurus-1000-ml\/\",\"name\":\"Veep\u00fcstol seljakotipaagiga Dinosaurus 1000 ml - sulin.ee\",\"isPartOf\":{\"@id\":\"https:\/\/sulin.ee\/en\/#website\"},\"primaryImageOfPage\":{\"@id\":\"https:\/\/sulin.ee\/en\/toode\/veepustol-seljakotipaagiga-dinosaurus-1000-ml\/#primaryimage\"},\"image\":{\"@id\":\"https:\/\/sulin.ee\/en\/toode\/veepustol-seljakotipaagiga-dinosaurus-1000-ml\/#primaryimage\"},\"thumbnailUrl\":\"https:\/\/sulin.ee\/wp-content\/uploads\/2025\/03\/Piltide-korrektuurid-kodulehel-2025-03-05T192156.604.png\",\"datePublished\":\"2025-03-03T13:09:33+00:00\",\"dateModified\":\"2025-12-12T18:58:07+00:00\",\"description\":\"Veep\u00fcstol seljakotipaagiga on ergonoomiline ja l\u00f5bus suvem\u00e4nguasi, mis tagab pikema vees\u00f5ja, mugava kandmise ja jahutava meelelahutuse kuumadel p\u00e4evadel.\",\"breadcrumb\":{\"@id\":\"https:\/\/sulin.ee\/en\/toode\/veepustol-seljakotipaagiga-dinosaurus-1000-ml\/#breadcrumb\"},\"inLanguage\":\"en-US\",\"potentialAction\":[{\"@type\":\"ReadAction\",\"target\":[\"https:\/\/sulin.ee\/en\/toode\/veepustol-seljakotipaagiga-dinosaurus-1000-ml\/\"]}]},{\"@type\":\"ImageObject\",\"inLanguage\":\"en-US\",\"@id\":\"https:\/\/sulin.ee\/en\/toode\/veepustol-seljakotipaagiga-dinosaurus-1000-ml\/#primaryimage\",\"url\":\"https:\/\/sulin.ee\/wp-content\/uploads\/2025\/03\/Piltide-korrektuurid-kodulehel-2025-03-05T192156.604.png\",\"contentUrl\":\"https:\/\/sulin.ee\/wp-content\/uploads\/2025\/03\/Piltide-korrektuurid-kodulehel-2025-03-05T192156.604.png\",\"width\":1080,\"height\":1080,\"caption\":\"Veep\u00fcstol seljakotipaagiga\"},{\"@type\":\"BreadcrumbList\",\"@id\":\"https:\/\/sulin.ee\/en\/toode\/veepustol-seljakotipaagiga-dinosaurus-1000-ml\/#breadcrumb\",\"itemListElement\":[{\"@type\":\"ListItem\",\"position\":1,\"name\":\"Home\",\"item\":\"https:\/\/sulin.ee\/en\/\"},{\"@type\":\"ListItem\",\"position\":2,\"name\":\"Sulin.ee e-pood\",\"item\":\"https:\/\/sulin.ee\/shop\/\"},{\"@type\":\"ListItem\",\"position\":3,\"name\":\"Veep\u00fcstol seljakotipaagiga Dinosaurus 1000 ml\"}]},{\"@type\":\"WebSite\",\"@id\":\"https:\/\/sulin.ee\/en\/#website\",\"url\":\"https:\/\/sulin.ee\/en\/\",\"name\":\"sulin.ee\",\"description\":\"\",\"publisher\":{\"@id\":\"https:\/\/sulin.ee\/en\/#organization\"},\"potentialAction\":[{\"@type\":\"SearchAction\",\"target\":{\"@type\":\"EntryPoint\",\"urlTemplate\":\"https:\/\/sulin.ee\/en\/?s={search_term_string}\"},\"query-input\":{\"@type\":\"PropertyValueSpecification\",\"valueRequired\":true,\"valueName\":\"search_term_string\"}}],\"inLanguage\":\"en-US\"},{\"@type\":\"Organization\",\"@id\":\"https:\/\/sulin.ee\/en\/#organization\",\"name\":\"SULIN TRADE O\u00dc\",\"url\":\"https:\/\/sulin.ee\/en\/\",\"logo\":{\"@type\":\"ImageObject\",\"inLanguage\":\"en-US\",\"@id\":\"https:\/\/sulin.ee\/en\/#\/schema\/logo\/image\/\",\"url\":\"https:\/\/sulin.ee\/wp-content\/uploads\/2022\/11\/sulin-logo.png\",\"contentUrl\":\"https:\/\/sulin.ee\/wp-content\/uploads\/2022\/11\/sulin-logo.png\",\"width\":871,\"height\":321,\"caption\":\"SULIN TRADE O\u00dc\"},\"image\":{\"@id\":\"https:\/\/sulin.ee\/en\/#\/schema\/logo\/image\/\"},\"sameAs\":[\"https:\/\/www.facebook.com\/www.sulin.ee\/\",\"https:\/\/www.instagram.com\/sulintrade\/\"]}]}<\/script>\n<!-- \/ Yoast SEO plugin. -->","yoast_head_json":{"title":"Veep\u00fcstol seljakotipaagiga Dinosaurus 1000 ml - sulin.ee","description":"Veep\u00fcstol seljakotipaagiga on ergonoomiline ja l\u00f5bus suvem\u00e4nguasi, mis tagab pikema vees\u00f5ja, mugava kandmise ja jahutava meelelahutuse kuumadel p\u00e4evadel.","robots":{"index":"index","follow":"follow","max-snippet":"max-snippet:-1","max-image-preview":"max-image-preview:large","max-video-preview":"max-video-preview:-1"},"canonical":"https:\/\/sulin.ee\/en\/toode\/veepustol-seljakotipaagiga-dinosaurus-1000-ml\/","og_locale":"en_US","og_type":"article","og_title":"Veep\u00fcstol seljakotipaagiga Dinosaurus 1000 ml - sulin.ee","og_description":"Veep\u00fcstol seljakotipaagiga on ergonoomiline ja l\u00f5bus suvem\u00e4nguasi, mis tagab pikema vees\u00f5ja, mugava kandmise ja jahutava meelelahutuse kuumadel p\u00e4evadel.","og_url":"https:\/\/sulin.ee\/en\/toode\/veepustol-seljakotipaagiga-dinosaurus-1000-ml\/","og_site_name":"sulin.ee","article_publisher":"https:\/\/www.facebook.com\/www.sulin.ee\/","article_modified_time":"2025-12-12T18:58:07+00:00","og_image":[{"width":1080,"height":1080,"url":"https:\/\/sulin.ee\/wp-content\/uploads\/2025\/03\/Piltide-korrektuurid-kodulehel-2025-03-05T192156.604.png","type":"image\/png"}],"twitter_card":"summary_large_image","twitter_misc":{"Est. reading time":"2 minutes"},"schema":{"@context":"https:\/\/schema.org","@graph":[{"@type":"WebPage","@id":"https:\/\/sulin.ee\/en\/toode\/veepustol-seljakotipaagiga-dinosaurus-1000-ml\/","url":"https:\/\/sulin.ee\/en\/toode\/veepustol-seljakotipaagiga-dinosaurus-1000-ml\/","name":"Veep\u00fcstol seljakotipaagiga Dinosaurus 1000 ml - sulin.ee","isPartOf":{"@id":"https:\/\/sulin.ee\/en\/#website"},"primaryImageOfPage":{"@id":"https:\/\/sulin.ee\/en\/toode\/veepustol-seljakotipaagiga-dinosaurus-1000-ml\/#primaryimage"},"image":{"@id":"https:\/\/sulin.ee\/en\/toode\/veepustol-seljakotipaagiga-dinosaurus-1000-ml\/#primaryimage"},"thumbnailUrl":"https:\/\/sulin.ee\/wp-content\/uploads\/2025\/03\/Piltide-korrektuurid-kodulehel-2025-03-05T192156.604.png","datePublished":"2025-03-03T13:09:33+00:00","dateModified":"2025-12-12T18:58:07+00:00","description":"Veep\u00fcstol seljakotipaagiga on ergonoomiline ja l\u00f5bus suvem\u00e4nguasi, mis tagab pikema vees\u00f5ja, mugava kandmise ja jahutava meelelahutuse kuumadel p\u00e4evadel.","breadcrumb":{"@id":"https:\/\/sulin.ee\/en\/toode\/veepustol-seljakotipaagiga-dinosaurus-1000-ml\/#breadcrumb"},"inLanguage":"en-US","potentialAction":[{"@type":"ReadAction","target":["https:\/\/sulin.ee\/en\/toode\/veepustol-seljakotipaagiga-dinosaurus-1000-ml\/"]}]},{"@type":"ImageObject","inLanguage":"en-US","@id":"https:\/\/sulin.ee\/en\/toode\/veepustol-seljakotipaagiga-dinosaurus-1000-ml\/#primaryimage","url":"https:\/\/sulin.ee\/wp-content\/uploads\/2025\/03\/Piltide-korrektuurid-kodulehel-2025-03-05T192156.604.png","contentUrl":"https:\/\/sulin.ee\/wp-content\/uploads\/2025\/03\/Piltide-korrektuurid-kodulehel-2025-03-05T192156.604.png","width":1080,"height":1080,"caption":"Veep\u00fcstol seljakotipaagiga"},{"@type":"BreadcrumbList","@id":"https:\/\/sulin.ee\/en\/toode\/veepustol-seljakotipaagiga-dinosaurus-1000-ml\/#breadcrumb","itemListElement":[{"@type":"ListItem","position":1,"name":"Home","item":"https:\/\/sulin.ee\/en\/"},{"@type":"ListItem","position":2,"name":"Sulin.ee e-pood","item":"https:\/\/sulin.ee\/shop\/"},{"@type":"ListItem","position":3,"name":"Veep\u00fcstol seljakotipaagiga Dinosaurus 1000 ml"}]},{"@type":"WebSite","@id":"https:\/\/sulin.ee\/en\/#website","url":"https:\/\/sulin.ee\/en\/","name":"sulin.ee","description":"","publisher":{"@id":"https:\/\/sulin.ee\/en\/#organization"},"potentialAction":[{"@type":"SearchAction","target":{"@type":"EntryPoint","urlTemplate":"https:\/\/sulin.ee\/en\/?s={search_term_string}"},"query-input":{"@type":"PropertyValueSpecification","valueRequired":true,"valueName":"search_term_string"}}],"inLanguage":"en-US"},{"@type":"Organization","@id":"https:\/\/sulin.ee\/en\/#organization","name":"SULIN TRADE O\u00dc","url":"https:\/\/sulin.ee\/en\/","logo":{"@type":"ImageObject","inLanguage":"en-US","@id":"https:\/\/sulin.ee\/en\/#\/schema\/logo\/image\/","url":"https:\/\/sulin.ee\/wp-content\/uploads\/2022\/11\/sulin-logo.png","contentUrl":"https:\/\/sulin.ee\/wp-content\/uploads\/2022\/11\/sulin-logo.png","width":871,"height":321,"caption":"SULIN TRADE O\u00dc"},"image":{"@id":"https:\/\/sulin.ee\/en\/#\/schema\/logo\/image\/"},"sameAs":["https:\/\/www.facebook.com\/www.sulin.ee\/","https:\/\/www.instagram.com\/sulintrade\/"]}]}},"builder_content":"","_links":{"self":[{"href":"https:\/\/sulin.ee\/en\/wp-json\/wp\/v2\/product\/39207","targetHints":{"allow":["GET"]}}],"collection":[{"href":"https:\/\/sulin.ee\/en\/wp-json\/wp\/v2\/product"}],"about":[{"href":"https:\/\/sulin.ee\/en\/wp-json\/wp\/v2\/types\/product"}],"replies":[{"embeddable":true,"href":"https:\/\/sulin.ee\/en\/wp-json\/wp\/v2\/comments?post=39207"}],"wp:featuredmedia":[{"embeddable":true,"href":"https:\/\/sulin.ee\/en\/wp-json\/wp\/v2\/media\/40505"}],"wp:attachment":[{"href":"https:\/\/sulin.ee\/en\/wp-json\/wp\/v2\/media?parent=39207"}],"wp:term":[{"taxonomy":"product_brand","embeddable":true,"href":"https:\/\/sulin.ee\/en\/wp-json\/wp\/v2\/product_brand?post=39207"},{"taxonomy":"product_cat","embeddable":true,"href":"https:\/\/sulin.ee\/en\/wp-json\/wp\/v2\/product_cat?post=39207"},{"taxonomy":"product_tag","embeddable":true,"href":"https:\/\/sulin.ee\/en\/wp-json\/wp\/v2\/product_tag?post=39207"}],"curies":[{"name":"wp","href":"https:\/\/api.w.org\/{rel}","templated":true}]}}