{"id":39185,"date":"2025-02-19T13:09:26","date_gmt":"2025-02-19T13:09:26","guid":{"rendered":"https:\/\/sulin.ee\/toode\/bambino-graphion-varvipliiatsid-12-varvi\/"},"modified":"2025-05-16T16:01:05","modified_gmt":"2025-05-16T16:01:05","slug":"varvipliiatsid-12-varvi-bambino","status":"publish","type":"product","link":"https:\/\/sulin.ee\/en\/toode\/varvipliiatsid-12-varvi-bambino\/","title":{"rendered":"V\u00e4rvipliiatsid 12 v\u00e4rvi Bambino"},"content":{"rendered":"<p data-start=\"80\" data-end=\"356\">V\u00e4rvipliiatsid 12 v\u00e4rvi Bambino on p\u00f5lvkondi lapsi saatnud. Usaldusv\u00e4\u00e4rsed ja kvaliteetsed kunstivahendid, mis on toodetud Poolas. Need pliiatsid on valmistatud kaoliinsavist, mis tagab suurep\u00e4rase kasutusmugavuse ja on paremad kui tavalised k\u00fc\u00fcnla-, vaha- v\u00f5i pliiatsikriidid.<\/p>\n<h4 data-start=\"358\" data-end=\"378\">Toote omadused:<\/h4>\n<ul data-start=\"379\" data-end=\"1167\">\n<li data-start=\"379\" data-end=\"488\">\u2714\ufe0f <strong data-start=\"384\" data-end=\"397\">Materjal:<\/strong> Valmistatud k\u00f5rgkvaliteetsest kaoliinsavist, mis tagab parema kasutusmugavuse ja p\u00fcsivuse.<\/li>\n<li data-start=\"489\" data-end=\"577\">\u2714\ufe0f <strong data-start=\"494\" data-end=\"505\">V\u00e4rvid:<\/strong> Intensiivsed ja k\u00fcllastunud toonid, mis tagavad suurep\u00e4rase pinnakatte.<\/li>\n<li data-start=\"578\" data-end=\"692\">\u2714\ufe0f <strong data-start=\"583\" data-end=\"595\">Kasutus:<\/strong> Ideaalne joonistamiseks, suurte alade t\u00e4itmiseks ja pehmete \u00fcleminekute loomiseks v\u00e4rvide vahel.<\/li>\n<li data-start=\"693\" data-end=\"822\">\u2714\ufe0f <strong data-start=\"698\" data-end=\"709\">Disain:<\/strong> Igal v\u00e4rvipliiatsil on erinev loomamotiiviga kaitsev paberpakend, mis h\u00f5lbustab \u00f5ppimist ja v\u00e4rvide \u00e4ratundmist.<\/li>\n<li data-start=\"823\" data-end=\"925\">\u2714\ufe0f <strong data-start=\"828\" data-end=\"839\">Ohutus:<\/strong> Vastab Euroopa Parlamendi m\u00e4nguasjade ohutusstandarditele, tagades laste turvalisuse.<\/li>\n<li data-start=\"926\" data-end=\"986\">\u2714\ufe0f <strong data-start=\"931\" data-end=\"950\">Vanusele sobiv:<\/strong> Sobib lastele alates 3. eluaastast.<\/li>\n<li data-start=\"987\" data-end=\"1112\">\u2714\ufe0f <strong data-start=\"992\" data-end=\"1013\">Kompaktne suurus:<\/strong> Need on tavap\u00e4rasest v\u00e4iksemad pliiatsid.<\/li>\n<li data-start=\"1113\" data-end=\"1167\">\u2714\ufe0f <strong data-start=\"1118\" data-end=\"1134\">V\u00e4rvide arv:<\/strong> Komplektis on 12 erinevat v\u00e4rvi.<\/li>\n<li data-start=\"1113\" data-end=\"1167\"><strong>\u2714\ufe0f Pakendi m\u00f5\u00f5tmed:<\/strong> 9 cm x 10 cm x 1 cm<\/li>\n<\/ul>\n<p data-start=\"1226\" data-end=\"1506\" data-is-last-node=\"\" data-is-only-node=\"\">V\u00e4rvipliiatsid 12 v\u00e4rvi Bambino on suurep\u00e4rane valik igale lapsele, kes soovib oma loovust arendada. Nende erksad v\u00e4rvid ja lapses\u00f5bralik disain teevad joonistamise eriti nauditavaks. Avastage ka meie teisi kunstivahendeid, et leida veelgi rohkem v\u00f5imalusi loovuse v\u00e4ljendamiseks. <a href=\"https:\/\/sulin.ee\/tootekategooria\/mangimine\/kunstivahendid\/\">Leiad siit.<\/a><\/p>\n","protected":false},"excerpt":{"rendered":"<p><strong>V\u00e4rvipliiatsid 12 v\u00e4rvi Bambino on kvaliteetsed, kaoliinsavist valmistatud pliiatsid, mis on ideaalsed lastele alates 3. eluaastast. Intensiivsed ja k\u00fcllastunud v\u00e4rvid v\u00f5imaldavad suurep\u00e4rast katvust ja pehmeid \u00fcleminekuid, samas kui iga pliiatsi kaitsev paberpakend, kaunistatud erineva loomamotiiviga, aitab lastel v\u00e4rve \u00e4ra tunda ja \u00f5ppida.<\/strong><\/p>\n<p><strong>Komplekti kuuluvad:<\/strong> 12 v\u00e4rvi v\u00e4rvilised v\u00e4rvipliiatsid.<\/p>\n","protected":false},"featured_media":40352,"comment_status":"open","ping_status":"closed","template":"","meta":[],"product_brand":[],"product_cat":[110,1162,1165,1166,102,927,1439,23],"product_tag":[],"class_list":{"0":"post-39185","1":"product","2":"type-product","3":"status-publish","4":"has-post-thumbnail","6":"product_cat-mangimine","7":"product_cat-kingituseks","8":"product_cat-3-5-aastat","9":"product_cat-6-8-aastat","10":"product_cat-kunstivahendid","11":"product_cat-joonistamine","12":"product_cat-bambino","13":"product_cat-soodus","14":"has-post-title","15":"has-post-date","16":"has-post-category","17":"has-post-tag","18":"has-post-comment","19":"has-post-author","20":"","22":"first","23":"instock","24":"sale","25":"taxable","26":"shipping-taxable","27":"purchasable","28":"product-type-simple"},"yoast_head":"<!-- This site is optimized with the Yoast SEO plugin v26.8 - https:\/\/yoast.com\/product\/yoast-seo-wordpress\/ -->\n<title>V\u00e4rvipliiatsid 12 v\u00e4rvi Bambino - sulin.ee<\/title>\n<meta name=\"description\" content=\"V\u00e4rvipliiatsid 12 v\u00e4rvi on valmistatud kaoliinsavist ja pakuvad erksaid ning k\u00fcllastunud toone. V\u00e4ikesem\u00f5\u00f5dulised, lapses\u00f5bralikud pliiatsid.\" \/>\n<meta name=\"robots\" content=\"index, follow, max-snippet:-1, max-image-preview:large, max-video-preview:-1\" \/>\n<link rel=\"canonical\" href=\"https:\/\/sulin.ee\/en\/toode\/varvipliiatsid-12-varvi-bambino\/\" \/>\n<meta property=\"og:locale\" content=\"en_US\" \/>\n<meta property=\"og:type\" content=\"article\" \/>\n<meta property=\"og:title\" content=\"V\u00e4rvipliiatsid 12 v\u00e4rvi Bambino - sulin.ee\" \/>\n<meta property=\"og:description\" content=\"V\u00e4rvipliiatsid 12 v\u00e4rvi on valmistatud kaoliinsavist ja pakuvad erksaid ning k\u00fcllastunud toone. V\u00e4ikesem\u00f5\u00f5dulised, lapses\u00f5bralikud pliiatsid.\" \/>\n<meta property=\"og:url\" content=\"https:\/\/sulin.ee\/en\/toode\/varvipliiatsid-12-varvi-bambino\/\" \/>\n<meta property=\"og:site_name\" content=\"sulin.ee\" \/>\n<meta property=\"article:publisher\" content=\"https:\/\/www.facebook.com\/www.sulin.ee\/\" \/>\n<meta property=\"article:modified_time\" content=\"2025-05-16T16:01:05+00:00\" \/>\n<meta property=\"og:image\" content=\"https:\/\/sulin.ee\/wp-content\/uploads\/2025\/02\/Pliiatsid-bambino.png\" \/>\n\t<meta property=\"og:image:width\" content=\"1080\" \/>\n\t<meta property=\"og:image:height\" content=\"1080\" \/>\n\t<meta property=\"og:image:type\" content=\"image\/png\" \/>\n<meta name=\"twitter:card\" content=\"summary_large_image\" \/>\n<meta name=\"twitter:label1\" content=\"Est. reading time\" \/>\n\t<meta name=\"twitter:data1\" content=\"2 minutes\" \/>\n<script type=\"application\/ld+json\" class=\"yoast-schema-graph\">{\"@context\":\"https:\/\/schema.org\",\"@graph\":[{\"@type\":\"WebPage\",\"@id\":\"https:\/\/sulin.ee\/en\/toode\/varvipliiatsid-12-varvi-bambino\/\",\"url\":\"https:\/\/sulin.ee\/en\/toode\/varvipliiatsid-12-varvi-bambino\/\",\"name\":\"V\u00e4rvipliiatsid 12 v\u00e4rvi Bambino - sulin.ee\",\"isPartOf\":{\"@id\":\"https:\/\/sulin.ee\/en\/#website\"},\"primaryImageOfPage\":{\"@id\":\"https:\/\/sulin.ee\/en\/toode\/varvipliiatsid-12-varvi-bambino\/#primaryimage\"},\"image\":{\"@id\":\"https:\/\/sulin.ee\/en\/toode\/varvipliiatsid-12-varvi-bambino\/#primaryimage\"},\"thumbnailUrl\":\"https:\/\/sulin.ee\/wp-content\/uploads\/2025\/02\/Pliiatsid-bambino.png\",\"datePublished\":\"2025-02-19T13:09:26+00:00\",\"dateModified\":\"2025-05-16T16:01:05+00:00\",\"description\":\"V\u00e4rvipliiatsid 12 v\u00e4rvi on valmistatud kaoliinsavist ja pakuvad erksaid ning k\u00fcllastunud toone. V\u00e4ikesem\u00f5\u00f5dulised, lapses\u00f5bralikud pliiatsid.\",\"breadcrumb\":{\"@id\":\"https:\/\/sulin.ee\/en\/toode\/varvipliiatsid-12-varvi-bambino\/#breadcrumb\"},\"inLanguage\":\"en-US\",\"potentialAction\":[{\"@type\":\"ReadAction\",\"target\":[\"https:\/\/sulin.ee\/en\/toode\/varvipliiatsid-12-varvi-bambino\/\"]}]},{\"@type\":\"ImageObject\",\"inLanguage\":\"en-US\",\"@id\":\"https:\/\/sulin.ee\/en\/toode\/varvipliiatsid-12-varvi-bambino\/#primaryimage\",\"url\":\"https:\/\/sulin.ee\/wp-content\/uploads\/2025\/02\/Pliiatsid-bambino.png\",\"contentUrl\":\"https:\/\/sulin.ee\/wp-content\/uploads\/2025\/02\/Pliiatsid-bambino.png\",\"width\":1080,\"height\":1080,\"caption\":\"V\u00e4rvipliiatsid 12 v\u00e4rvi\"},{\"@type\":\"BreadcrumbList\",\"@id\":\"https:\/\/sulin.ee\/en\/toode\/varvipliiatsid-12-varvi-bambino\/#breadcrumb\",\"itemListElement\":[{\"@type\":\"ListItem\",\"position\":1,\"name\":\"Home\",\"item\":\"https:\/\/sulin.ee\/en\/\"},{\"@type\":\"ListItem\",\"position\":2,\"name\":\"Sulin.ee e-pood\",\"item\":\"https:\/\/sulin.ee\/shop\/\"},{\"@type\":\"ListItem\",\"position\":3,\"name\":\"V\u00e4rvipliiatsid 12 v\u00e4rvi Bambino\"}]},{\"@type\":\"WebSite\",\"@id\":\"https:\/\/sulin.ee\/en\/#website\",\"url\":\"https:\/\/sulin.ee\/en\/\",\"name\":\"sulin.ee\",\"description\":\"\",\"publisher\":{\"@id\":\"https:\/\/sulin.ee\/en\/#organization\"},\"potentialAction\":[{\"@type\":\"SearchAction\",\"target\":{\"@type\":\"EntryPoint\",\"urlTemplate\":\"https:\/\/sulin.ee\/en\/?s={search_term_string}\"},\"query-input\":{\"@type\":\"PropertyValueSpecification\",\"valueRequired\":true,\"valueName\":\"search_term_string\"}}],\"inLanguage\":\"en-US\"},{\"@type\":\"Organization\",\"@id\":\"https:\/\/sulin.ee\/en\/#organization\",\"name\":\"SULIN TRADE O\u00dc\",\"url\":\"https:\/\/sulin.ee\/en\/\",\"logo\":{\"@type\":\"ImageObject\",\"inLanguage\":\"en-US\",\"@id\":\"https:\/\/sulin.ee\/en\/#\/schema\/logo\/image\/\",\"url\":\"https:\/\/sulin.ee\/wp-content\/uploads\/2022\/11\/sulin-logo.png\",\"contentUrl\":\"https:\/\/sulin.ee\/wp-content\/uploads\/2022\/11\/sulin-logo.png\",\"width\":871,\"height\":321,\"caption\":\"SULIN TRADE O\u00dc\"},\"image\":{\"@id\":\"https:\/\/sulin.ee\/en\/#\/schema\/logo\/image\/\"},\"sameAs\":[\"https:\/\/www.facebook.com\/www.sulin.ee\/\",\"https:\/\/www.instagram.com\/sulintrade\/\"]}]}<\/script>\n<!-- \/ Yoast SEO plugin. -->","yoast_head_json":{"title":"V\u00e4rvipliiatsid 12 v\u00e4rvi Bambino - sulin.ee","description":"V\u00e4rvipliiatsid 12 v\u00e4rvi on valmistatud kaoliinsavist ja pakuvad erksaid ning k\u00fcllastunud toone. V\u00e4ikesem\u00f5\u00f5dulised, lapses\u00f5bralikud pliiatsid.","robots":{"index":"index","follow":"follow","max-snippet":"max-snippet:-1","max-image-preview":"max-image-preview:large","max-video-preview":"max-video-preview:-1"},"canonical":"https:\/\/sulin.ee\/en\/toode\/varvipliiatsid-12-varvi-bambino\/","og_locale":"en_US","og_type":"article","og_title":"V\u00e4rvipliiatsid 12 v\u00e4rvi Bambino - sulin.ee","og_description":"V\u00e4rvipliiatsid 12 v\u00e4rvi on valmistatud kaoliinsavist ja pakuvad erksaid ning k\u00fcllastunud toone. V\u00e4ikesem\u00f5\u00f5dulised, lapses\u00f5bralikud pliiatsid.","og_url":"https:\/\/sulin.ee\/en\/toode\/varvipliiatsid-12-varvi-bambino\/","og_site_name":"sulin.ee","article_publisher":"https:\/\/www.facebook.com\/www.sulin.ee\/","article_modified_time":"2025-05-16T16:01:05+00:00","og_image":[{"width":1080,"height":1080,"url":"https:\/\/sulin.ee\/wp-content\/uploads\/2025\/02\/Pliiatsid-bambino.png","type":"image\/png"}],"twitter_card":"summary_large_image","twitter_misc":{"Est. reading time":"2 minutes"},"schema":{"@context":"https:\/\/schema.org","@graph":[{"@type":"WebPage","@id":"https:\/\/sulin.ee\/en\/toode\/varvipliiatsid-12-varvi-bambino\/","url":"https:\/\/sulin.ee\/en\/toode\/varvipliiatsid-12-varvi-bambino\/","name":"V\u00e4rvipliiatsid 12 v\u00e4rvi Bambino - sulin.ee","isPartOf":{"@id":"https:\/\/sulin.ee\/en\/#website"},"primaryImageOfPage":{"@id":"https:\/\/sulin.ee\/en\/toode\/varvipliiatsid-12-varvi-bambino\/#primaryimage"},"image":{"@id":"https:\/\/sulin.ee\/en\/toode\/varvipliiatsid-12-varvi-bambino\/#primaryimage"},"thumbnailUrl":"https:\/\/sulin.ee\/wp-content\/uploads\/2025\/02\/Pliiatsid-bambino.png","datePublished":"2025-02-19T13:09:26+00:00","dateModified":"2025-05-16T16:01:05+00:00","description":"V\u00e4rvipliiatsid 12 v\u00e4rvi on valmistatud kaoliinsavist ja pakuvad erksaid ning k\u00fcllastunud toone. V\u00e4ikesem\u00f5\u00f5dulised, lapses\u00f5bralikud pliiatsid.","breadcrumb":{"@id":"https:\/\/sulin.ee\/en\/toode\/varvipliiatsid-12-varvi-bambino\/#breadcrumb"},"inLanguage":"en-US","potentialAction":[{"@type":"ReadAction","target":["https:\/\/sulin.ee\/en\/toode\/varvipliiatsid-12-varvi-bambino\/"]}]},{"@type":"ImageObject","inLanguage":"en-US","@id":"https:\/\/sulin.ee\/en\/toode\/varvipliiatsid-12-varvi-bambino\/#primaryimage","url":"https:\/\/sulin.ee\/wp-content\/uploads\/2025\/02\/Pliiatsid-bambino.png","contentUrl":"https:\/\/sulin.ee\/wp-content\/uploads\/2025\/02\/Pliiatsid-bambino.png","width":1080,"height":1080,"caption":"V\u00e4rvipliiatsid 12 v\u00e4rvi"},{"@type":"BreadcrumbList","@id":"https:\/\/sulin.ee\/en\/toode\/varvipliiatsid-12-varvi-bambino\/#breadcrumb","itemListElement":[{"@type":"ListItem","position":1,"name":"Home","item":"https:\/\/sulin.ee\/en\/"},{"@type":"ListItem","position":2,"name":"Sulin.ee e-pood","item":"https:\/\/sulin.ee\/shop\/"},{"@type":"ListItem","position":3,"name":"V\u00e4rvipliiatsid 12 v\u00e4rvi Bambino"}]},{"@type":"WebSite","@id":"https:\/\/sulin.ee\/en\/#website","url":"https:\/\/sulin.ee\/en\/","name":"sulin.ee","description":"","publisher":{"@id":"https:\/\/sulin.ee\/en\/#organization"},"potentialAction":[{"@type":"SearchAction","target":{"@type":"EntryPoint","urlTemplate":"https:\/\/sulin.ee\/en\/?s={search_term_string}"},"query-input":{"@type":"PropertyValueSpecification","valueRequired":true,"valueName":"search_term_string"}}],"inLanguage":"en-US"},{"@type":"Organization","@id":"https:\/\/sulin.ee\/en\/#organization","name":"SULIN TRADE O\u00dc","url":"https:\/\/sulin.ee\/en\/","logo":{"@type":"ImageObject","inLanguage":"en-US","@id":"https:\/\/sulin.ee\/en\/#\/schema\/logo\/image\/","url":"https:\/\/sulin.ee\/wp-content\/uploads\/2022\/11\/sulin-logo.png","contentUrl":"https:\/\/sulin.ee\/wp-content\/uploads\/2022\/11\/sulin-logo.png","width":871,"height":321,"caption":"SULIN TRADE O\u00dc"},"image":{"@id":"https:\/\/sulin.ee\/en\/#\/schema\/logo\/image\/"},"sameAs":["https:\/\/www.facebook.com\/www.sulin.ee\/","https:\/\/www.instagram.com\/sulintrade\/"]}]}},"builder_content":"","_links":{"self":[{"href":"https:\/\/sulin.ee\/en\/wp-json\/wp\/v2\/product\/39185","targetHints":{"allow":["GET"]}}],"collection":[{"href":"https:\/\/sulin.ee\/en\/wp-json\/wp\/v2\/product"}],"about":[{"href":"https:\/\/sulin.ee\/en\/wp-json\/wp\/v2\/types\/product"}],"replies":[{"embeddable":true,"href":"https:\/\/sulin.ee\/en\/wp-json\/wp\/v2\/comments?post=39185"}],"wp:featuredmedia":[{"embeddable":true,"href":"https:\/\/sulin.ee\/en\/wp-json\/wp\/v2\/media\/40352"}],"wp:attachment":[{"href":"https:\/\/sulin.ee\/en\/wp-json\/wp\/v2\/media?parent=39185"}],"wp:term":[{"taxonomy":"product_brand","embeddable":true,"href":"https:\/\/sulin.ee\/en\/wp-json\/wp\/v2\/product_brand?post=39185"},{"taxonomy":"product_cat","embeddable":true,"href":"https:\/\/sulin.ee\/en\/wp-json\/wp\/v2\/product_cat?post=39185"},{"taxonomy":"product_tag","embeddable":true,"href":"https:\/\/sulin.ee\/en\/wp-json\/wp\/v2\/product_tag?post=39185"}],"curies":[{"name":"wp","href":"https:\/\/api.w.org\/{rel}","templated":true}]}}