{"id":39174,"date":"2025-02-19T13:09:21","date_gmt":"2025-02-19T13:09:21","guid":{"rendered":"https:\/\/sulin.ee\/toode\/bambino-graphion-varvipliiatsid-24-varvi\/"},"modified":"2025-04-19T17:40:04","modified_gmt":"2025-04-19T17:40:04","slug":"varvipliiatsid-24-varvi-bambino","status":"publish","type":"product","link":"https:\/\/sulin.ee\/en\/toode\/varvipliiatsid-24-varvi-bambino\/","title":{"rendered":"V\u00e4rvipliiatsid 24 v\u00e4rvi Bambino"},"content":{"rendered":"<div class=\"flex max-w-full flex-col flex-grow\">\n<div class=\"min-h-8 text-message relative flex w-full flex-col items-end gap-2 whitespace-normal break-words text-start [.text-message+&amp;]:mt-5\" dir=\"auto\" data-message-author-role=\"assistant\" data-message-id=\"ca9fdd64-e44d-4815-93bd-efa8b260b97e\" data-message-model-slug=\"gpt-4\">\n<div class=\"flex w-full flex-col gap-1 empty:hidden first:pt-[3px]\">\n<div class=\"markdown prose w-full break-words dark:prose-invert light\">\n<p data-start=\"72\" data-end=\"376\">V\u00e4rvipliiatsid 24 v\u00e4rvi on kvaliteetsed joonistusvahendid, mis on aastak\u00fcmneid saatnud lapsi nende loovate teekondade algusest peale. Toodetud Poolas, kasutades kvaliteetset kaoliinsavi, tagavad need pliiatsid suurep\u00e4rase kasutuskogemuse, olles paremad kui tavalised k\u00fc\u00fcnla-, vaha- v\u00f5i pliiatsikriidid.<\/p>\n<h4 data-start=\"378\" data-end=\"398\">Toote omadused:<\/h4>\n<ul data-start=\"399\" data-end=\"1230\">\n<li data-start=\"399\" data-end=\"485\">\u2714\ufe0f <strong data-start=\"404\" data-end=\"417\">Materjal:<\/strong> Valmistatud kvaliteetsest kaoliinsavist, mis tagab sujuva kasutuse.<\/li>\n<li data-start=\"486\" data-end=\"571\">\u2714\ufe0f <strong data-start=\"491\" data-end=\"502\">V\u00e4rvid:<\/strong> Intensiivsed ja k\u00fcllastunud toonid, mis pakuvad suurep\u00e4rast katvust.<\/li>\n<li data-start=\"572\" data-end=\"683\">\u2714\ufe0f <strong data-start=\"577\" data-end=\"589\">Kasutus:<\/strong> Ideaalsed joonistamiseks, suurte alade t\u00e4itmiseks ning pehmete v\u00e4rvide \u00fcleminekute loomiseks.<\/li>\n<li data-start=\"684\" data-end=\"826\">\u2714\ufe0f <strong data-start=\"689\" data-end=\"700\">Disain:<\/strong> Iga pliiats on kaetud individuaalse graafilise motiiviga kaitsevas paberpakendis, mis aitab lastel \u00f5ppida ja v\u00e4rve \u00e4ra tunda.<\/li>\n<li data-start=\"827\" data-end=\"929\">\u2714\ufe0f <strong data-start=\"832\" data-end=\"843\">Ohutus:<\/strong> Vastab Euroopa m\u00e4nguasjade ohutusn\u00f5uetele, mis tagavad laste turvalisuse kasutamisel.<\/li>\n<li data-start=\"930\" data-end=\"990\">\u2714\ufe0f <strong data-start=\"935\" data-end=\"954\">Vanusele sobiv:<\/strong> Sobib lastele alates 3. eluaastast.<\/li>\n<li data-start=\"991\" data-end=\"1075\">\u2714\ufe0f <strong data-start=\"996\" data-end=\"1012\">V\u00e4rvide arv:<\/strong> 24 erinevat v\u00e4rvi, mis v\u00f5imaldavad laia v\u00e4rvigamma kasutamist.<\/li>\n<li data-start=\"1076\" data-end=\"1144\">\u2714\ufe0f <strong data-start=\"1081\" data-end=\"1103\">Pliiatsite pikkus:<\/strong> 8 cm, ideaalne suurus v\u00e4ikestele k\u00e4tele.<\/li>\n<li>\u2714\ufe0f <strong data-start=\"992\" data-end=\"1013\">Kompaktne suurus:<\/strong> Need on tavap\u00e4rasest v\u00e4iksemad pliiatsid.<\/li>\n<li data-start=\"1145\" data-end=\"1230\">\u2714\ufe0f <strong data-start=\"1150\" data-end=\"1169\">Pakendi suurus:<\/strong> 17.5 cm x 11 cm x 1 cm.<\/li>\n<\/ul>\n<p data-start=\"1232\" data-end=\"1584\" data-is-last-node=\"\" data-is-only-node=\"\">V\u00e4rvipliiatsid 24 v\u00e4rvi pakuvad rikkalikku v\u00e4rvielamust igale noorele kunstnikule, v\u00f5imaldades neil oma loomingulisust vabalt v\u00e4ljendada ja arendada. Need on suurep\u00e4rane t\u00f6\u00f6riist nii koolit\u00f6\u00f6deks kui ka vaba aja kunstiprojektideks. Tutvuge ka meie teiste kunstivahenditega, et leida veel rohkem inspiratsiooni ja vahendeid igaks kunsti loomise hetkeks.<a href=\"https:\/\/sulin.ee\/tootekategooria\/mangimine\/kunstivahendid\/\"> Leiad siit.<\/a><\/p>\n<\/div>\n<\/div>\n<\/div>\n<\/div>\n","protected":false},"excerpt":{"rendered":"<p><strong>V\u00e4rvipliiatsid 12 v\u00e4rvi Bambino on kvaliteetsed, kaoliinsavist valmistatud pliiatsid, mis on ideaalsed lastele alates 3. eluaastast. Intensiivsed ja k\u00fcllastunud v\u00e4rvid v\u00f5imaldavad suurep\u00e4rast katvust ja pehmeid \u00fcleminekuid, samas kui iga pliiatsi kaitsev paberpakend, kaunistatud erineva loomamotiiviga, aitab lastel v\u00e4rve \u00e4ra tunda ja \u00f5ppida.<\/strong><\/p>\n<p><strong>Komplekti kuuluvad:<\/strong> 24 v\u00e4rvikriiti. Pliiatsi pikkus: 8cm.<\/p>\n","protected":false},"featured_media":40355,"comment_status":"open","ping_status":"closed","template":"","meta":[],"product_brand":[],"product_cat":[110,1162,1165,1166,102,927,1439,23],"product_tag":[],"class_list":{"0":"post-39174","1":"product","2":"type-product","3":"status-publish","4":"has-post-thumbnail","6":"product_cat-mangimine","7":"product_cat-kingituseks","8":"product_cat-3-5-aastat","9":"product_cat-6-8-aastat","10":"product_cat-kunstivahendid","11":"product_cat-joonistamine","12":"product_cat-bambino","13":"product_cat-soodus","14":"has-post-title","15":"has-post-date","16":"has-post-category","17":"has-post-tag","18":"has-post-comment","19":"has-post-author","20":"","22":"first","23":"instock","24":"sale","25":"taxable","26":"shipping-taxable","27":"purchasable","28":"product-type-simple"},"yoast_head":"<!-- This site is optimized with the Yoast SEO plugin v26.8 - https:\/\/yoast.com\/product\/yoast-seo-wordpress\/ -->\n<title>V\u00e4rvipliiatsid 24 v\u00e4rvi Bambino - sulin.ee<\/title>\n<meta name=\"description\" content=\"V\u00e4rvipliiatsid 24 v\u00e4rvi on toodetud kvaliteetsest kaoliinsavist ja pakuvad erksaid, k\u00fcllastunud toone igale noorele kunstnikule.\" \/>\n<meta name=\"robots\" content=\"index, follow, max-snippet:-1, max-image-preview:large, max-video-preview:-1\" \/>\n<link rel=\"canonical\" href=\"https:\/\/sulin.ee\/en\/toode\/varvipliiatsid-24-varvi-bambino\/\" \/>\n<meta property=\"og:locale\" content=\"en_US\" \/>\n<meta property=\"og:type\" content=\"article\" \/>\n<meta property=\"og:title\" content=\"V\u00e4rvipliiatsid 24 v\u00e4rvi Bambino - sulin.ee\" \/>\n<meta property=\"og:description\" content=\"V\u00e4rvipliiatsid 24 v\u00e4rvi on toodetud kvaliteetsest kaoliinsavist ja pakuvad erksaid, k\u00fcllastunud toone igale noorele kunstnikule.\" \/>\n<meta property=\"og:url\" content=\"https:\/\/sulin.ee\/en\/toode\/varvipliiatsid-24-varvi-bambino\/\" \/>\n<meta property=\"og:site_name\" content=\"sulin.ee\" \/>\n<meta property=\"article:publisher\" content=\"https:\/\/www.facebook.com\/www.sulin.ee\/\" \/>\n<meta property=\"article:modified_time\" content=\"2025-04-19T17:40:04+00:00\" \/>\n<meta property=\"og:image\" content=\"https:\/\/sulin.ee\/wp-content\/uploads\/2025\/02\/Piltide-korrektuurid-kodulehel-2025-02-27T120544.524.png\" \/>\n\t<meta property=\"og:image:width\" content=\"1080\" \/>\n\t<meta property=\"og:image:height\" content=\"1080\" \/>\n\t<meta property=\"og:image:type\" content=\"image\/png\" \/>\n<meta name=\"twitter:card\" content=\"summary_large_image\" \/>\n<meta name=\"twitter:label1\" content=\"Est. reading time\" \/>\n\t<meta name=\"twitter:data1\" content=\"2 minutes\" \/>\n<script type=\"application\/ld+json\" class=\"yoast-schema-graph\">{\"@context\":\"https:\/\/schema.org\",\"@graph\":[{\"@type\":\"WebPage\",\"@id\":\"https:\/\/sulin.ee\/en\/toode\/varvipliiatsid-24-varvi-bambino\/\",\"url\":\"https:\/\/sulin.ee\/en\/toode\/varvipliiatsid-24-varvi-bambino\/\",\"name\":\"V\u00e4rvipliiatsid 24 v\u00e4rvi Bambino - sulin.ee\",\"isPartOf\":{\"@id\":\"https:\/\/sulin.ee\/en\/#website\"},\"primaryImageOfPage\":{\"@id\":\"https:\/\/sulin.ee\/en\/toode\/varvipliiatsid-24-varvi-bambino\/#primaryimage\"},\"image\":{\"@id\":\"https:\/\/sulin.ee\/en\/toode\/varvipliiatsid-24-varvi-bambino\/#primaryimage\"},\"thumbnailUrl\":\"https:\/\/sulin.ee\/wp-content\/uploads\/2025\/02\/Piltide-korrektuurid-kodulehel-2025-02-27T120544.524.png\",\"datePublished\":\"2025-02-19T13:09:21+00:00\",\"dateModified\":\"2025-04-19T17:40:04+00:00\",\"description\":\"V\u00e4rvipliiatsid 24 v\u00e4rvi on toodetud kvaliteetsest kaoliinsavist ja pakuvad erksaid, k\u00fcllastunud toone igale noorele kunstnikule.\",\"breadcrumb\":{\"@id\":\"https:\/\/sulin.ee\/en\/toode\/varvipliiatsid-24-varvi-bambino\/#breadcrumb\"},\"inLanguage\":\"en-US\",\"potentialAction\":[{\"@type\":\"ReadAction\",\"target\":[\"https:\/\/sulin.ee\/en\/toode\/varvipliiatsid-24-varvi-bambino\/\"]}]},{\"@type\":\"ImageObject\",\"inLanguage\":\"en-US\",\"@id\":\"https:\/\/sulin.ee\/en\/toode\/varvipliiatsid-24-varvi-bambino\/#primaryimage\",\"url\":\"https:\/\/sulin.ee\/wp-content\/uploads\/2025\/02\/Piltide-korrektuurid-kodulehel-2025-02-27T120544.524.png\",\"contentUrl\":\"https:\/\/sulin.ee\/wp-content\/uploads\/2025\/02\/Piltide-korrektuurid-kodulehel-2025-02-27T120544.524.png\",\"width\":1080,\"height\":1080,\"caption\":\"V\u00e4rvipliiatsid 24 v\u00e4rvi\"},{\"@type\":\"BreadcrumbList\",\"@id\":\"https:\/\/sulin.ee\/en\/toode\/varvipliiatsid-24-varvi-bambino\/#breadcrumb\",\"itemListElement\":[{\"@type\":\"ListItem\",\"position\":1,\"name\":\"Home\",\"item\":\"https:\/\/sulin.ee\/en\/\"},{\"@type\":\"ListItem\",\"position\":2,\"name\":\"Sulin.ee e-pood\",\"item\":\"https:\/\/sulin.ee\/shop\/\"},{\"@type\":\"ListItem\",\"position\":3,\"name\":\"V\u00e4rvipliiatsid 24 v\u00e4rvi Bambino\"}]},{\"@type\":\"WebSite\",\"@id\":\"https:\/\/sulin.ee\/en\/#website\",\"url\":\"https:\/\/sulin.ee\/en\/\",\"name\":\"sulin.ee\",\"description\":\"\",\"publisher\":{\"@id\":\"https:\/\/sulin.ee\/en\/#organization\"},\"potentialAction\":[{\"@type\":\"SearchAction\",\"target\":{\"@type\":\"EntryPoint\",\"urlTemplate\":\"https:\/\/sulin.ee\/en\/?s={search_term_string}\"},\"query-input\":{\"@type\":\"PropertyValueSpecification\",\"valueRequired\":true,\"valueName\":\"search_term_string\"}}],\"inLanguage\":\"en-US\"},{\"@type\":\"Organization\",\"@id\":\"https:\/\/sulin.ee\/en\/#organization\",\"name\":\"SULIN TRADE O\u00dc\",\"url\":\"https:\/\/sulin.ee\/en\/\",\"logo\":{\"@type\":\"ImageObject\",\"inLanguage\":\"en-US\",\"@id\":\"https:\/\/sulin.ee\/en\/#\/schema\/logo\/image\/\",\"url\":\"https:\/\/sulin.ee\/wp-content\/uploads\/2022\/11\/sulin-logo.png\",\"contentUrl\":\"https:\/\/sulin.ee\/wp-content\/uploads\/2022\/11\/sulin-logo.png\",\"width\":871,\"height\":321,\"caption\":\"SULIN TRADE O\u00dc\"},\"image\":{\"@id\":\"https:\/\/sulin.ee\/en\/#\/schema\/logo\/image\/\"},\"sameAs\":[\"https:\/\/www.facebook.com\/www.sulin.ee\/\",\"https:\/\/www.instagram.com\/sulintrade\/\"]}]}<\/script>\n<!-- \/ Yoast SEO plugin. -->","yoast_head_json":{"title":"V\u00e4rvipliiatsid 24 v\u00e4rvi Bambino - sulin.ee","description":"V\u00e4rvipliiatsid 24 v\u00e4rvi on toodetud kvaliteetsest kaoliinsavist ja pakuvad erksaid, k\u00fcllastunud toone igale noorele kunstnikule.","robots":{"index":"index","follow":"follow","max-snippet":"max-snippet:-1","max-image-preview":"max-image-preview:large","max-video-preview":"max-video-preview:-1"},"canonical":"https:\/\/sulin.ee\/en\/toode\/varvipliiatsid-24-varvi-bambino\/","og_locale":"en_US","og_type":"article","og_title":"V\u00e4rvipliiatsid 24 v\u00e4rvi Bambino - sulin.ee","og_description":"V\u00e4rvipliiatsid 24 v\u00e4rvi on toodetud kvaliteetsest kaoliinsavist ja pakuvad erksaid, k\u00fcllastunud toone igale noorele kunstnikule.","og_url":"https:\/\/sulin.ee\/en\/toode\/varvipliiatsid-24-varvi-bambino\/","og_site_name":"sulin.ee","article_publisher":"https:\/\/www.facebook.com\/www.sulin.ee\/","article_modified_time":"2025-04-19T17:40:04+00:00","og_image":[{"width":1080,"height":1080,"url":"https:\/\/sulin.ee\/wp-content\/uploads\/2025\/02\/Piltide-korrektuurid-kodulehel-2025-02-27T120544.524.png","type":"image\/png"}],"twitter_card":"summary_large_image","twitter_misc":{"Est. reading time":"2 minutes"},"schema":{"@context":"https:\/\/schema.org","@graph":[{"@type":"WebPage","@id":"https:\/\/sulin.ee\/en\/toode\/varvipliiatsid-24-varvi-bambino\/","url":"https:\/\/sulin.ee\/en\/toode\/varvipliiatsid-24-varvi-bambino\/","name":"V\u00e4rvipliiatsid 24 v\u00e4rvi Bambino - sulin.ee","isPartOf":{"@id":"https:\/\/sulin.ee\/en\/#website"},"primaryImageOfPage":{"@id":"https:\/\/sulin.ee\/en\/toode\/varvipliiatsid-24-varvi-bambino\/#primaryimage"},"image":{"@id":"https:\/\/sulin.ee\/en\/toode\/varvipliiatsid-24-varvi-bambino\/#primaryimage"},"thumbnailUrl":"https:\/\/sulin.ee\/wp-content\/uploads\/2025\/02\/Piltide-korrektuurid-kodulehel-2025-02-27T120544.524.png","datePublished":"2025-02-19T13:09:21+00:00","dateModified":"2025-04-19T17:40:04+00:00","description":"V\u00e4rvipliiatsid 24 v\u00e4rvi on toodetud kvaliteetsest kaoliinsavist ja pakuvad erksaid, k\u00fcllastunud toone igale noorele kunstnikule.","breadcrumb":{"@id":"https:\/\/sulin.ee\/en\/toode\/varvipliiatsid-24-varvi-bambino\/#breadcrumb"},"inLanguage":"en-US","potentialAction":[{"@type":"ReadAction","target":["https:\/\/sulin.ee\/en\/toode\/varvipliiatsid-24-varvi-bambino\/"]}]},{"@type":"ImageObject","inLanguage":"en-US","@id":"https:\/\/sulin.ee\/en\/toode\/varvipliiatsid-24-varvi-bambino\/#primaryimage","url":"https:\/\/sulin.ee\/wp-content\/uploads\/2025\/02\/Piltide-korrektuurid-kodulehel-2025-02-27T120544.524.png","contentUrl":"https:\/\/sulin.ee\/wp-content\/uploads\/2025\/02\/Piltide-korrektuurid-kodulehel-2025-02-27T120544.524.png","width":1080,"height":1080,"caption":"V\u00e4rvipliiatsid 24 v\u00e4rvi"},{"@type":"BreadcrumbList","@id":"https:\/\/sulin.ee\/en\/toode\/varvipliiatsid-24-varvi-bambino\/#breadcrumb","itemListElement":[{"@type":"ListItem","position":1,"name":"Home","item":"https:\/\/sulin.ee\/en\/"},{"@type":"ListItem","position":2,"name":"Sulin.ee e-pood","item":"https:\/\/sulin.ee\/shop\/"},{"@type":"ListItem","position":3,"name":"V\u00e4rvipliiatsid 24 v\u00e4rvi Bambino"}]},{"@type":"WebSite","@id":"https:\/\/sulin.ee\/en\/#website","url":"https:\/\/sulin.ee\/en\/","name":"sulin.ee","description":"","publisher":{"@id":"https:\/\/sulin.ee\/en\/#organization"},"potentialAction":[{"@type":"SearchAction","target":{"@type":"EntryPoint","urlTemplate":"https:\/\/sulin.ee\/en\/?s={search_term_string}"},"query-input":{"@type":"PropertyValueSpecification","valueRequired":true,"valueName":"search_term_string"}}],"inLanguage":"en-US"},{"@type":"Organization","@id":"https:\/\/sulin.ee\/en\/#organization","name":"SULIN TRADE O\u00dc","url":"https:\/\/sulin.ee\/en\/","logo":{"@type":"ImageObject","inLanguage":"en-US","@id":"https:\/\/sulin.ee\/en\/#\/schema\/logo\/image\/","url":"https:\/\/sulin.ee\/wp-content\/uploads\/2022\/11\/sulin-logo.png","contentUrl":"https:\/\/sulin.ee\/wp-content\/uploads\/2022\/11\/sulin-logo.png","width":871,"height":321,"caption":"SULIN TRADE O\u00dc"},"image":{"@id":"https:\/\/sulin.ee\/en\/#\/schema\/logo\/image\/"},"sameAs":["https:\/\/www.facebook.com\/www.sulin.ee\/","https:\/\/www.instagram.com\/sulintrade\/"]}]}},"builder_content":"","_links":{"self":[{"href":"https:\/\/sulin.ee\/en\/wp-json\/wp\/v2\/product\/39174","targetHints":{"allow":["GET"]}}],"collection":[{"href":"https:\/\/sulin.ee\/en\/wp-json\/wp\/v2\/product"}],"about":[{"href":"https:\/\/sulin.ee\/en\/wp-json\/wp\/v2\/types\/product"}],"replies":[{"embeddable":true,"href":"https:\/\/sulin.ee\/en\/wp-json\/wp\/v2\/comments?post=39174"}],"wp:featuredmedia":[{"embeddable":true,"href":"https:\/\/sulin.ee\/en\/wp-json\/wp\/v2\/media\/40355"}],"wp:attachment":[{"href":"https:\/\/sulin.ee\/en\/wp-json\/wp\/v2\/media?parent=39174"}],"wp:term":[{"taxonomy":"product_brand","embeddable":true,"href":"https:\/\/sulin.ee\/en\/wp-json\/wp\/v2\/product_brand?post=39174"},{"taxonomy":"product_cat","embeddable":true,"href":"https:\/\/sulin.ee\/en\/wp-json\/wp\/v2\/product_cat?post=39174"},{"taxonomy":"product_tag","embeddable":true,"href":"https:\/\/sulin.ee\/en\/wp-json\/wp\/v2\/product_tag?post=39174"}],"curies":[{"name":"wp","href":"https:\/\/api.w.org\/{rel}","templated":true}]}}