{"id":39156,"date":"2025-02-19T13:09:14","date_gmt":"2025-02-19T13:09:14","guid":{"rendered":"https:\/\/sulin.ee\/toode\/bambino-puidust-raamitud-kolmnurksed-pliiatsid-24-varvi-teritaja\/"},"modified":"2025-02-27T10:16:18","modified_gmt":"2025-02-27T10:16:18","slug":"puidust-kolmnurksed-pliiatsid-24-varvi-teritaja-bambino","status":"publish","type":"product","link":"https:\/\/sulin.ee\/en\/toode\/puidust-kolmnurksed-pliiatsid-24-varvi-teritaja-bambino\/","title":{"rendered":"Puidust kolmnurksed pliiatsid 24 v\u00e4rvi + teritaja Bambino"},"content":{"rendered":"<div class=\"flex max-w-full flex-col flex-grow\">\n<div class=\"min-h-8 text-message relative flex w-full flex-col items-end gap-2 whitespace-normal break-words text-start [.text-message+&amp;]:mt-5\" dir=\"auto\" data-message-author-role=\"assistant\" data-message-id=\"b2513ad1-da7c-46c1-a4a1-7a4804d61139\" data-message-model-slug=\"gpt-4\">\n<div class=\"flex w-full flex-col gap-1 empty:hidden first:pt-[3px]\">\n<div class=\"markdown prose w-full break-words dark:prose-invert light\">\n<p data-start=\"78\" data-end=\"352\">Puidust kolmnurksed pliiatsid pakuvad suurep\u00e4rast lahendust noortele kunstnikele, kes soovivad oma loomingulisi oskusi arendada. Need kvaliteetsed pliiatsid on valmistatud kaoliinsavist ja paigutatud vastupidavasse puit\u00fcmbrisesse, mis tagab nende pika eluea ja vastupidavuse.<\/p>\n<h4 data-start=\"354\" data-end=\"374\">Toote omadused:<\/h4>\n<ul data-start=\"375\" data-end=\"1210\">\n<li data-start=\"375\" data-end=\"448\">\u2714\ufe0f <strong data-start=\"380\" data-end=\"393\">Materjal:<\/strong> Valmistatud kvaliteetsest kaoliinsavist.<\/li>\n<li data-start=\"449\" data-end=\"561\">\u2714\ufe0f <strong data-start=\"454\" data-end=\"465\">Disain:<\/strong> Mugav kolmnurkne ristl\u00f5ige, mis sobib ideaalselt lapse v\u00e4ikesele k\u00e4ele ja tagab \u00f5ige haarde.<\/li>\n<li data-start=\"562\" data-end=\"654\">\u2714\ufe0f <strong data-start=\"567\" data-end=\"581\">Kvaliteet:<\/strong> Pliiatsid on toodetud Poolas, tuntud oma k\u00f5rge tootmisstandardi poolest.<\/li>\n<li data-start=\"655\" data-end=\"775\">\u2714\ufe0f <strong data-start=\"660\" data-end=\"679\">Kasutusmugavus:<\/strong> Pliiatsid on pehmed kasutada, lihtsad teritada ja pakuvad intensiivseid ning k\u00fcllastunud v\u00e4rve.<\/li>\n<li data-start=\"776\" data-end=\"917\">\u2714\ufe0f <strong data-start=\"781\" data-end=\"796\">Viimistlus:<\/strong> Suurep\u00e4rane pinnakate, ideaalne joonistamiseks, suurte alade t\u00e4itmiseks ja pehmete \u00fcleminekute tegemiseks v\u00e4rvide vahel.<\/li>\n<li data-start=\"918\" data-end=\"1029\">\u2714\ufe0f <strong data-start=\"923\" data-end=\"934\">Ohutus:<\/strong> Vastab Euroopa Parlamendi ja n\u00f5ukogu direktiivi 2009\/48\/E\u00dc m\u00e4nguasjade ohutuse n\u00f5uetele.<\/li>\n<li data-start=\"1030\" data-end=\"1126\">\u2714\ufe0f <strong data-start=\"1035\" data-end=\"1051\">V\u00e4rvide arv:<\/strong> 24 erinevat v\u00e4rvi, komplektis eksklusiivsed kuldne ja h\u00f5bedane pliiats.<\/li>\n<li data-start=\"1127\" data-end=\"1210\">\u2714\ufe0f <strong data-start=\"1132\" data-end=\"1142\">Lisad:<\/strong> Teritaja kaasas, et hoida pliiatsid alati teravad ja kasutusvalmis.<\/li>\n<li data-start=\"1127\" data-end=\"1210\">\u2714\ufe0f <strong>Pliiatsi pikkus:<\/strong> 15 cm.<\/li>\n<li data-start=\"1127\" data-end=\"1210\">\u2714\ufe0f <strong>Pakendi m\u00f5\u00f5tmed:<\/strong> 35 cm x 20 cm x 2 cm<\/li>\n<\/ul>\n<p data-start=\"1397\" data-end=\"1698\" data-is-last-node=\"\" data-is-only-node=\"\">Puidust kolmnurksed pliiatsid on ideaalne valik lapsele, kes armastab joonistada ja v\u00e4rvida, pakkudes neile vajalikke t\u00f6\u00f6riistu, et avastada ja arendada oma kunstilistannet. Need pliiatsid mitte ainult ei soodusta loovust, vaid aitavad ka kaasa peenmotoorika ning k\u00e4e-silma koordinatsiooni arengule.<\/p>\n<p data-start=\"1397\" data-end=\"1698\" data-is-last-node=\"\" data-is-only-node=\"\">Uurige ka meie teisi kunstivahendeid, et leida veel rohkem inspireerivaid tooteid oma kunstiprojektide jaoks. <a href=\"https:\/\/sulin.ee\/tootekategooria\/mangimine\/kunstivahendid\/\">Leiad siit.<\/a><\/p>\n<\/div>\n<\/div>\n<\/div>\n<\/div>\n","protected":false},"excerpt":{"rendered":"<p><strong>Puidust kolmnurksed pliiatsid on ideaalsed noortele kunstnikele, pakkudes mugavat haaret ja erksaid v\u00e4rve igaks joonistamiseks. Valmistatud kaoliinsavist ja puitkarkassis, need 24 v\u00e4rvilised pliiatsid, sealhulgas kuldne ja h\u00f5bedane, on suurep\u00e4rased nii detailseks t\u00f6\u00f6ks kui ka suurte alade t\u00e4itmiseks.<\/strong><\/p>\n<p><strong> Komplekti kuuluvad:<\/strong> 24 v\u00e4rvi v\u00e4rvilised v\u00e4rvipliiatsid ja teritaja.<\/p>\n","protected":false},"featured_media":40346,"comment_status":"open","ping_status":"closed","template":"","meta":[],"product_brand":[],"product_cat":[110,1162,1165,1166,102,927,1439,23],"product_tag":[],"class_list":{"0":"post-39156","1":"product","2":"type-product","3":"status-publish","4":"has-post-thumbnail","6":"product_cat-mangimine","7":"product_cat-kingituseks","8":"product_cat-3-5-aastat","9":"product_cat-6-8-aastat","10":"product_cat-kunstivahendid","11":"product_cat-joonistamine","12":"product_cat-bambino","13":"product_cat-soodus","14":"has-post-title","15":"has-post-date","16":"has-post-category","17":"has-post-tag","18":"has-post-comment","19":"has-post-author","20":"","22":"first","23":"instock","24":"sale","25":"taxable","26":"shipping-taxable","27":"purchasable","28":"product-type-simple"},"yoast_head":"<!-- This site is optimized with the Yoast SEO plugin v26.8 - https:\/\/yoast.com\/product\/yoast-seo-wordpress\/ -->\n<title>Puidust kolmnurksed pliiatsid 24 v\u00e4rvi + teritaja Bambino - sulin.ee<\/title>\n<meta name=\"description\" content=\"Puidust kolmnurksed pliiatsid, mis pakuvad noortele kunstnikele erksaid v\u00e4rve ja mugavat haaret. Ideaalsed igap\u00e4evaseks loovuseks ja kunstiprojektideks.\" \/>\n<meta name=\"robots\" content=\"index, follow, max-snippet:-1, max-image-preview:large, max-video-preview:-1\" \/>\n<link rel=\"canonical\" href=\"https:\/\/sulin.ee\/en\/toode\/puidust-kolmnurksed-pliiatsid-24-varvi-teritaja-bambino\/\" \/>\n<meta property=\"og:locale\" content=\"en_US\" \/>\n<meta property=\"og:type\" content=\"article\" \/>\n<meta property=\"og:title\" content=\"Puidust kolmnurksed pliiatsid 24 v\u00e4rvi + teritaja Bambino - sulin.ee\" \/>\n<meta property=\"og:description\" content=\"Puidust kolmnurksed pliiatsid, mis pakuvad noortele kunstnikele erksaid v\u00e4rve ja mugavat haaret. Ideaalsed igap\u00e4evaseks loovuseks ja kunstiprojektideks.\" \/>\n<meta property=\"og:url\" content=\"https:\/\/sulin.ee\/en\/toode\/puidust-kolmnurksed-pliiatsid-24-varvi-teritaja-bambino\/\" \/>\n<meta property=\"og:site_name\" content=\"sulin.ee\" \/>\n<meta property=\"article:publisher\" content=\"https:\/\/www.facebook.com\/www.sulin.ee\/\" \/>\n<meta property=\"article:modified_time\" content=\"2025-02-27T10:16:18+00:00\" \/>\n<meta property=\"og:image\" content=\"https:\/\/sulin.ee\/wp-content\/uploads\/2025\/02\/Piltide-korrektuurid-kodulehel-2025-02-27T112712.743.png\" \/>\n\t<meta property=\"og:image:width\" content=\"1080\" \/>\n\t<meta property=\"og:image:height\" content=\"1080\" \/>\n\t<meta property=\"og:image:type\" content=\"image\/png\" \/>\n<meta name=\"twitter:card\" content=\"summary_large_image\" \/>\n<meta name=\"twitter:label1\" content=\"Est. reading time\" \/>\n\t<meta name=\"twitter:data1\" content=\"2 minutes\" \/>\n<script type=\"application\/ld+json\" class=\"yoast-schema-graph\">{\"@context\":\"https:\/\/schema.org\",\"@graph\":[{\"@type\":\"WebPage\",\"@id\":\"https:\/\/sulin.ee\/en\/toode\/puidust-kolmnurksed-pliiatsid-24-varvi-teritaja-bambino\/\",\"url\":\"https:\/\/sulin.ee\/en\/toode\/puidust-kolmnurksed-pliiatsid-24-varvi-teritaja-bambino\/\",\"name\":\"Puidust kolmnurksed pliiatsid 24 v\u00e4rvi + teritaja Bambino - sulin.ee\",\"isPartOf\":{\"@id\":\"https:\/\/sulin.ee\/en\/#website\"},\"primaryImageOfPage\":{\"@id\":\"https:\/\/sulin.ee\/en\/toode\/puidust-kolmnurksed-pliiatsid-24-varvi-teritaja-bambino\/#primaryimage\"},\"image\":{\"@id\":\"https:\/\/sulin.ee\/en\/toode\/puidust-kolmnurksed-pliiatsid-24-varvi-teritaja-bambino\/#primaryimage\"},\"thumbnailUrl\":\"https:\/\/sulin.ee\/wp-content\/uploads\/2025\/02\/Piltide-korrektuurid-kodulehel-2025-02-27T112712.743.png\",\"datePublished\":\"2025-02-19T13:09:14+00:00\",\"dateModified\":\"2025-02-27T10:16:18+00:00\",\"description\":\"Puidust kolmnurksed pliiatsid, mis pakuvad noortele kunstnikele erksaid v\u00e4rve ja mugavat haaret. Ideaalsed igap\u00e4evaseks loovuseks ja kunstiprojektideks.\",\"breadcrumb\":{\"@id\":\"https:\/\/sulin.ee\/en\/toode\/puidust-kolmnurksed-pliiatsid-24-varvi-teritaja-bambino\/#breadcrumb\"},\"inLanguage\":\"en-US\",\"potentialAction\":[{\"@type\":\"ReadAction\",\"target\":[\"https:\/\/sulin.ee\/en\/toode\/puidust-kolmnurksed-pliiatsid-24-varvi-teritaja-bambino\/\"]}]},{\"@type\":\"ImageObject\",\"inLanguage\":\"en-US\",\"@id\":\"https:\/\/sulin.ee\/en\/toode\/puidust-kolmnurksed-pliiatsid-24-varvi-teritaja-bambino\/#primaryimage\",\"url\":\"https:\/\/sulin.ee\/wp-content\/uploads\/2025\/02\/Piltide-korrektuurid-kodulehel-2025-02-27T112712.743.png\",\"contentUrl\":\"https:\/\/sulin.ee\/wp-content\/uploads\/2025\/02\/Piltide-korrektuurid-kodulehel-2025-02-27T112712.743.png\",\"width\":1080,\"height\":1080,\"caption\":\"Puidust kolmnurksed pliiatsid\"},{\"@type\":\"BreadcrumbList\",\"@id\":\"https:\/\/sulin.ee\/en\/toode\/puidust-kolmnurksed-pliiatsid-24-varvi-teritaja-bambino\/#breadcrumb\",\"itemListElement\":[{\"@type\":\"ListItem\",\"position\":1,\"name\":\"Home\",\"item\":\"https:\/\/sulin.ee\/en\/\"},{\"@type\":\"ListItem\",\"position\":2,\"name\":\"Sulin.ee e-pood\",\"item\":\"https:\/\/sulin.ee\/shop\/\"},{\"@type\":\"ListItem\",\"position\":3,\"name\":\"Puidust kolmnurksed pliiatsid 24 v\u00e4rvi + teritaja Bambino\"}]},{\"@type\":\"WebSite\",\"@id\":\"https:\/\/sulin.ee\/en\/#website\",\"url\":\"https:\/\/sulin.ee\/en\/\",\"name\":\"sulin.ee\",\"description\":\"\",\"publisher\":{\"@id\":\"https:\/\/sulin.ee\/en\/#organization\"},\"potentialAction\":[{\"@type\":\"SearchAction\",\"target\":{\"@type\":\"EntryPoint\",\"urlTemplate\":\"https:\/\/sulin.ee\/en\/?s={search_term_string}\"},\"query-input\":{\"@type\":\"PropertyValueSpecification\",\"valueRequired\":true,\"valueName\":\"search_term_string\"}}],\"inLanguage\":\"en-US\"},{\"@type\":\"Organization\",\"@id\":\"https:\/\/sulin.ee\/en\/#organization\",\"name\":\"SULIN TRADE O\u00dc\",\"url\":\"https:\/\/sulin.ee\/en\/\",\"logo\":{\"@type\":\"ImageObject\",\"inLanguage\":\"en-US\",\"@id\":\"https:\/\/sulin.ee\/en\/#\/schema\/logo\/image\/\",\"url\":\"https:\/\/sulin.ee\/wp-content\/uploads\/2022\/11\/sulin-logo.png\",\"contentUrl\":\"https:\/\/sulin.ee\/wp-content\/uploads\/2022\/11\/sulin-logo.png\",\"width\":871,\"height\":321,\"caption\":\"SULIN TRADE O\u00dc\"},\"image\":{\"@id\":\"https:\/\/sulin.ee\/en\/#\/schema\/logo\/image\/\"},\"sameAs\":[\"https:\/\/www.facebook.com\/www.sulin.ee\/\",\"https:\/\/www.instagram.com\/sulintrade\/\"]}]}<\/script>\n<!-- \/ Yoast SEO plugin. -->","yoast_head_json":{"title":"Puidust kolmnurksed pliiatsid 24 v\u00e4rvi + teritaja Bambino - sulin.ee","description":"Puidust kolmnurksed pliiatsid, mis pakuvad noortele kunstnikele erksaid v\u00e4rve ja mugavat haaret. Ideaalsed igap\u00e4evaseks loovuseks ja kunstiprojektideks.","robots":{"index":"index","follow":"follow","max-snippet":"max-snippet:-1","max-image-preview":"max-image-preview:large","max-video-preview":"max-video-preview:-1"},"canonical":"https:\/\/sulin.ee\/en\/toode\/puidust-kolmnurksed-pliiatsid-24-varvi-teritaja-bambino\/","og_locale":"en_US","og_type":"article","og_title":"Puidust kolmnurksed pliiatsid 24 v\u00e4rvi + teritaja Bambino - sulin.ee","og_description":"Puidust kolmnurksed pliiatsid, mis pakuvad noortele kunstnikele erksaid v\u00e4rve ja mugavat haaret. Ideaalsed igap\u00e4evaseks loovuseks ja kunstiprojektideks.","og_url":"https:\/\/sulin.ee\/en\/toode\/puidust-kolmnurksed-pliiatsid-24-varvi-teritaja-bambino\/","og_site_name":"sulin.ee","article_publisher":"https:\/\/www.facebook.com\/www.sulin.ee\/","article_modified_time":"2025-02-27T10:16:18+00:00","og_image":[{"width":1080,"height":1080,"url":"https:\/\/sulin.ee\/wp-content\/uploads\/2025\/02\/Piltide-korrektuurid-kodulehel-2025-02-27T112712.743.png","type":"image\/png"}],"twitter_card":"summary_large_image","twitter_misc":{"Est. reading time":"2 minutes"},"schema":{"@context":"https:\/\/schema.org","@graph":[{"@type":"WebPage","@id":"https:\/\/sulin.ee\/en\/toode\/puidust-kolmnurksed-pliiatsid-24-varvi-teritaja-bambino\/","url":"https:\/\/sulin.ee\/en\/toode\/puidust-kolmnurksed-pliiatsid-24-varvi-teritaja-bambino\/","name":"Puidust kolmnurksed pliiatsid 24 v\u00e4rvi + teritaja Bambino - sulin.ee","isPartOf":{"@id":"https:\/\/sulin.ee\/en\/#website"},"primaryImageOfPage":{"@id":"https:\/\/sulin.ee\/en\/toode\/puidust-kolmnurksed-pliiatsid-24-varvi-teritaja-bambino\/#primaryimage"},"image":{"@id":"https:\/\/sulin.ee\/en\/toode\/puidust-kolmnurksed-pliiatsid-24-varvi-teritaja-bambino\/#primaryimage"},"thumbnailUrl":"https:\/\/sulin.ee\/wp-content\/uploads\/2025\/02\/Piltide-korrektuurid-kodulehel-2025-02-27T112712.743.png","datePublished":"2025-02-19T13:09:14+00:00","dateModified":"2025-02-27T10:16:18+00:00","description":"Puidust kolmnurksed pliiatsid, mis pakuvad noortele kunstnikele erksaid v\u00e4rve ja mugavat haaret. Ideaalsed igap\u00e4evaseks loovuseks ja kunstiprojektideks.","breadcrumb":{"@id":"https:\/\/sulin.ee\/en\/toode\/puidust-kolmnurksed-pliiatsid-24-varvi-teritaja-bambino\/#breadcrumb"},"inLanguage":"en-US","potentialAction":[{"@type":"ReadAction","target":["https:\/\/sulin.ee\/en\/toode\/puidust-kolmnurksed-pliiatsid-24-varvi-teritaja-bambino\/"]}]},{"@type":"ImageObject","inLanguage":"en-US","@id":"https:\/\/sulin.ee\/en\/toode\/puidust-kolmnurksed-pliiatsid-24-varvi-teritaja-bambino\/#primaryimage","url":"https:\/\/sulin.ee\/wp-content\/uploads\/2025\/02\/Piltide-korrektuurid-kodulehel-2025-02-27T112712.743.png","contentUrl":"https:\/\/sulin.ee\/wp-content\/uploads\/2025\/02\/Piltide-korrektuurid-kodulehel-2025-02-27T112712.743.png","width":1080,"height":1080,"caption":"Puidust kolmnurksed pliiatsid"},{"@type":"BreadcrumbList","@id":"https:\/\/sulin.ee\/en\/toode\/puidust-kolmnurksed-pliiatsid-24-varvi-teritaja-bambino\/#breadcrumb","itemListElement":[{"@type":"ListItem","position":1,"name":"Home","item":"https:\/\/sulin.ee\/en\/"},{"@type":"ListItem","position":2,"name":"Sulin.ee e-pood","item":"https:\/\/sulin.ee\/shop\/"},{"@type":"ListItem","position":3,"name":"Puidust kolmnurksed pliiatsid 24 v\u00e4rvi + teritaja Bambino"}]},{"@type":"WebSite","@id":"https:\/\/sulin.ee\/en\/#website","url":"https:\/\/sulin.ee\/en\/","name":"sulin.ee","description":"","publisher":{"@id":"https:\/\/sulin.ee\/en\/#organization"},"potentialAction":[{"@type":"SearchAction","target":{"@type":"EntryPoint","urlTemplate":"https:\/\/sulin.ee\/en\/?s={search_term_string}"},"query-input":{"@type":"PropertyValueSpecification","valueRequired":true,"valueName":"search_term_string"}}],"inLanguage":"en-US"},{"@type":"Organization","@id":"https:\/\/sulin.ee\/en\/#organization","name":"SULIN TRADE O\u00dc","url":"https:\/\/sulin.ee\/en\/","logo":{"@type":"ImageObject","inLanguage":"en-US","@id":"https:\/\/sulin.ee\/en\/#\/schema\/logo\/image\/","url":"https:\/\/sulin.ee\/wp-content\/uploads\/2022\/11\/sulin-logo.png","contentUrl":"https:\/\/sulin.ee\/wp-content\/uploads\/2022\/11\/sulin-logo.png","width":871,"height":321,"caption":"SULIN TRADE O\u00dc"},"image":{"@id":"https:\/\/sulin.ee\/en\/#\/schema\/logo\/image\/"},"sameAs":["https:\/\/www.facebook.com\/www.sulin.ee\/","https:\/\/www.instagram.com\/sulintrade\/"]}]}},"builder_content":"","_links":{"self":[{"href":"https:\/\/sulin.ee\/en\/wp-json\/wp\/v2\/product\/39156","targetHints":{"allow":["GET"]}}],"collection":[{"href":"https:\/\/sulin.ee\/en\/wp-json\/wp\/v2\/product"}],"about":[{"href":"https:\/\/sulin.ee\/en\/wp-json\/wp\/v2\/types\/product"}],"replies":[{"embeddable":true,"href":"https:\/\/sulin.ee\/en\/wp-json\/wp\/v2\/comments?post=39156"}],"wp:featuredmedia":[{"embeddable":true,"href":"https:\/\/sulin.ee\/en\/wp-json\/wp\/v2\/media\/40346"}],"wp:attachment":[{"href":"https:\/\/sulin.ee\/en\/wp-json\/wp\/v2\/media?parent=39156"}],"wp:term":[{"taxonomy":"product_brand","embeddable":true,"href":"https:\/\/sulin.ee\/en\/wp-json\/wp\/v2\/product_brand?post=39156"},{"taxonomy":"product_cat","embeddable":true,"href":"https:\/\/sulin.ee\/en\/wp-json\/wp\/v2\/product_cat?post=39156"},{"taxonomy":"product_tag","embeddable":true,"href":"https:\/\/sulin.ee\/en\/wp-json\/wp\/v2\/product_tag?post=39156"}],"curies":[{"name":"wp","href":"https:\/\/api.w.org\/{rel}","templated":true}]}}