{"id":39145,"date":"2025-02-19T13:09:11","date_gmt":"2025-02-19T13:09:11","guid":{"rendered":"https:\/\/sulin.ee\/toode\/bambino-plastiliinist-klassikaline-12-varvi\/"},"modified":"2025-02-27T10:16:19","modified_gmt":"2025-02-27T10:16:19","slug":"bambino-plastiliinist-klassikaline-12-varvi","status":"publish","type":"product","link":"https:\/\/sulin.ee\/en\/toode\/bambino-plastiliinist-klassikaline-12-varvi\/","title":{"rendered":"Plastiliin 12 v\u00e4rvi Bambino"},"content":{"rendered":"<div class=\"flex max-w-full flex-col flex-grow\">\n<div class=\"min-h-8 text-message relative flex w-full flex-col items-end gap-2 whitespace-normal break-words text-start [.text-message+&amp;]:mt-5\" dir=\"auto\" data-message-author-role=\"assistant\" data-message-id=\"a9224cc4-7a25-4463-a529-1b923b3f6cb0\" data-message-model-slug=\"gpt-4\">\n<div class=\"flex w-full flex-col gap-1 empty:hidden first:pt-[3px]\">\n<div class=\"markdown prose w-full break-words dark:prose-invert light\">\n<p data-start=\"68\" data-end=\"437\">Plastiliin 12 v\u00e4rvi pakub lastele suurep\u00e4rast v\u00f5imalust avastada loomingulise m\u00e4ngu maailma. See kvaliteetne plastiliin on spetsiaalselt disainitud noortele kunstnikele, et avardada nende loomingulist v\u00e4ljendust ja pakkuda l\u00f5busat ning \u00f5petlikku kogemust. Ideaalne vahend erinevate kunstiprojektide jaoks.<\/p>\n<h4 data-start=\"439\" data-end=\"459\">Toote omadused:<\/h4>\n<ul data-start=\"460\" data-end=\"1477\">\n<li data-start=\"460\" data-end=\"568\">\u2714\ufe0f <strong data-start=\"465\" data-end=\"504\">Paindlik ja kergesti modelleeritav:<\/strong> V\u00f5imaldab noortel kunstnikel vabalt vormida ja skulptuure luua.<\/li>\n<li data-start=\"569\" data-end=\"687\">\u2714\ufe0f <strong data-start=\"574\" data-end=\"606\">Intensiivsed, erksad v\u00e4rvid:<\/strong> Julgustab lapsi oma loovust v\u00e4ljendama l\u00e4bi rikkalike ja silmapaistvate v\u00e4rvide.<\/li>\n<li data-start=\"688\" data-end=\"803\">\u2714\ufe0f <strong data-start=\"693\" data-end=\"718\">Ei j\u00e4\u00e4 pinnale kinni:<\/strong> Plastiliin ei kleepu lauale ega k\u00e4tele, muutes selle kasutamise puhtaks ja lihtsaks.<\/li>\n<li data-start=\"804\" data-end=\"866\">\u2714\ufe0f <strong data-start=\"809\" data-end=\"827\">Ei m\u00e4\u00e4ri k\u00e4si:<\/strong> Hoiab laste k\u00e4ed ja t\u00f6\u00f6pinnad puhtana.<\/li>\n<li data-start=\"867\" data-end=\"987\">\u2714\ufe0f <strong data-start=\"872\" data-end=\"910\">V\u00f5imaldab luua millefiori teoseid:<\/strong> Suurep\u00e4rane v\u00f5imalus kunsti \u00f5ppimiseks ja erinevate tehnikate katsetamiseks.<\/li>\n<li data-start=\"988\" data-end=\"1120\">\u2714\ufe0f <strong data-start=\"993\" data-end=\"1011\">Ohutu lastele:<\/strong> Toodetud vastavalt k\u00f5rgeimatele ohutusstandarditele, koosk\u00f5las EL m\u00e4nguasjade ohutusdirektiiviga 2009\/48\/E\u00dc.<\/li>\n<li data-start=\"1121\" data-end=\"1266\">\u2714\ufe0f <strong data-start=\"1126\" data-end=\"1142\">V\u00e4rvide arv:<\/strong> Komplekt sisaldab 12 erinevat v\u00e4rvi, sealhulgas kahte glitterv\u00e4rvi: kuldne ja h\u00f5bedane, mis lisavad s\u00e4ra igale kunstit\u00f6\u00f6le.<\/li>\n<li data-start=\"1267\" data-end=\"1377\">\u2714\ufe0f <strong data-start=\"1272\" data-end=\"1298\">Plastiliinipulga kaal:<\/strong> Iga pulk kaalub 15 g, tagades piisava materjali mitmesuguste projektide jaoks.<\/li>\n<li data-start=\"1378\" data-end=\"1477\">\u2714\ufe0f <strong data-start=\"1383\" data-end=\"1403\">Pakendi m\u00f5\u00f5tmed:<\/strong> 20 cm x 9 cm x 1.5 cm, ideaalne suurus hoiustamiseks ja kaasaskandmiseks.<\/li>\n<\/ul>\n<p data-start=\"1479\" data-end=\"1704\" data-is-last-node=\"\" data-is-only-node=\"\">See 12-v\u00e4rviline plastiliinikomplekt on suurep\u00e4rane viis julgustada lapsi uurima oma kunstialaseid oskusi ja arendama peenmotoorikat. Ideaalne kingitus igale v\u00e4ikesele loojale, pakkudes tunde l\u00f5busat ja harivat meelelahutust.<\/p>\n<p data-start=\"1479\" data-end=\"1704\" data-is-last-node=\"\" data-is-only-node=\"\">Avasta lisaks ka meie teisi voolimismasse, et leida veel rohkem v\u00f5imalusi oma kunsti- ja k\u00e4sit\u00f6\u00f6projektideks. <a href=\"https:\/\/sulin.ee\/tootekategooria\/mangimine\/voolimismassid\/\">Leiad siit.<\/a><\/p>\n<\/div>\n<\/div>\n<\/div>\n<\/div>\n","protected":false},"excerpt":{"rendered":"<p><strong>Plastiliin 12 v\u00e4rvi on ideaalne komplekt noortele kunstnikele, pakkudes erksaid v\u00e4rve ja paindlikkust igasuguste kunstiprojektide jaoks. See mittetoksiline, kergesti modelleeritav ja k\u00e4si mittem\u00e4\u00e4riv plastiliin v\u00f5imaldab lastel loovalt v\u00e4ljenduda ja arendada oma peenmotoorikat.\u00a0<\/strong><\/p>\n<p><strong>Komplekt sisaldab<\/strong> 12 erinevat v\u00e4rvi, sealhulgas kahte glitterv\u00e4rvi: kuldne ja h\u00f5bedane, mis lisavad s\u00e4ra igale kunstit\u00f6\u00f6le.<\/p>\n","protected":false},"featured_media":40340,"comment_status":"open","ping_status":"closed","template":"","meta":[],"product_brand":[],"product_cat":[110,1165,1166,926,1439,23],"product_tag":[],"class_list":{"0":"post-39145","1":"product","2":"type-product","3":"status-publish","4":"has-post-thumbnail","6":"product_cat-mangimine","7":"product_cat-3-5-aastat","8":"product_cat-6-8-aastat","9":"product_cat-voolimismassid","10":"product_cat-bambino","11":"product_cat-soodus","12":"has-post-title","13":"has-post-date","14":"has-post-category","15":"has-post-tag","16":"has-post-comment","17":"has-post-author","18":"","20":"first","21":"instock","22":"sale","23":"taxable","24":"shipping-taxable","25":"purchasable","26":"product-type-simple"},"yoast_head":"<!-- This site is optimized with the Yoast SEO plugin v26.8 - https:\/\/yoast.com\/product\/yoast-seo-wordpress\/ -->\n<title>Plastiliin 12 v\u00e4rvi Bambino - sulin.ee<\/title>\n<meta name=\"description\" content=\"Plastiliin 12 v\u00e4rvi \u2013 ideaalne vahend noortele kunstnikele, kes soovivad arendada oma loomingulisi oskusi. Mittetoksiline ja kergesti modelleeritav.\" \/>\n<meta name=\"robots\" content=\"index, follow, max-snippet:-1, max-image-preview:large, max-video-preview:-1\" \/>\n<link rel=\"canonical\" href=\"https:\/\/sulin.ee\/en\/toode\/bambino-plastiliinist-klassikaline-12-varvi\/\" \/>\n<meta property=\"og:locale\" content=\"en_US\" \/>\n<meta property=\"og:type\" content=\"article\" \/>\n<meta property=\"og:title\" content=\"Plastiliin 12 v\u00e4rvi Bambino - sulin.ee\" \/>\n<meta property=\"og:description\" content=\"Plastiliin 12 v\u00e4rvi \u2013 ideaalne vahend noortele kunstnikele, kes soovivad arendada oma loomingulisi oskusi. Mittetoksiline ja kergesti modelleeritav.\" \/>\n<meta property=\"og:url\" content=\"https:\/\/sulin.ee\/en\/toode\/bambino-plastiliinist-klassikaline-12-varvi\/\" \/>\n<meta property=\"og:site_name\" content=\"sulin.ee\" \/>\n<meta property=\"article:publisher\" content=\"https:\/\/www.facebook.com\/www.sulin.ee\/\" \/>\n<meta property=\"article:modified_time\" content=\"2025-02-27T10:16:19+00:00\" \/>\n<meta property=\"og:image\" content=\"https:\/\/sulin.ee\/wp-content\/uploads\/2025\/02\/Piltide-korrektuurid-kodulehel-2025-02-27T105659.684.png\" \/>\n\t<meta property=\"og:image:width\" content=\"1080\" \/>\n\t<meta property=\"og:image:height\" content=\"1080\" \/>\n\t<meta property=\"og:image:type\" content=\"image\/png\" \/>\n<meta name=\"twitter:card\" content=\"summary_large_image\" \/>\n<meta name=\"twitter:label1\" content=\"Est. reading time\" \/>\n\t<meta name=\"twitter:data1\" content=\"2 minutes\" \/>\n<script type=\"application\/ld+json\" class=\"yoast-schema-graph\">{\"@context\":\"https:\/\/schema.org\",\"@graph\":[{\"@type\":\"WebPage\",\"@id\":\"https:\/\/sulin.ee\/en\/toode\/bambino-plastiliinist-klassikaline-12-varvi\/\",\"url\":\"https:\/\/sulin.ee\/en\/toode\/bambino-plastiliinist-klassikaline-12-varvi\/\",\"name\":\"Plastiliin 12 v\u00e4rvi Bambino - sulin.ee\",\"isPartOf\":{\"@id\":\"https:\/\/sulin.ee\/en\/#website\"},\"primaryImageOfPage\":{\"@id\":\"https:\/\/sulin.ee\/en\/toode\/bambino-plastiliinist-klassikaline-12-varvi\/#primaryimage\"},\"image\":{\"@id\":\"https:\/\/sulin.ee\/en\/toode\/bambino-plastiliinist-klassikaline-12-varvi\/#primaryimage\"},\"thumbnailUrl\":\"https:\/\/sulin.ee\/wp-content\/uploads\/2025\/02\/Piltide-korrektuurid-kodulehel-2025-02-27T105659.684.png\",\"datePublished\":\"2025-02-19T13:09:11+00:00\",\"dateModified\":\"2025-02-27T10:16:19+00:00\",\"description\":\"Plastiliin 12 v\u00e4rvi \u2013 ideaalne vahend noortele kunstnikele, kes soovivad arendada oma loomingulisi oskusi. Mittetoksiline ja kergesti modelleeritav.\",\"breadcrumb\":{\"@id\":\"https:\/\/sulin.ee\/en\/toode\/bambino-plastiliinist-klassikaline-12-varvi\/#breadcrumb\"},\"inLanguage\":\"en-US\",\"potentialAction\":[{\"@type\":\"ReadAction\",\"target\":[\"https:\/\/sulin.ee\/en\/toode\/bambino-plastiliinist-klassikaline-12-varvi\/\"]}]},{\"@type\":\"ImageObject\",\"inLanguage\":\"en-US\",\"@id\":\"https:\/\/sulin.ee\/en\/toode\/bambino-plastiliinist-klassikaline-12-varvi\/#primaryimage\",\"url\":\"https:\/\/sulin.ee\/wp-content\/uploads\/2025\/02\/Piltide-korrektuurid-kodulehel-2025-02-27T105659.684.png\",\"contentUrl\":\"https:\/\/sulin.ee\/wp-content\/uploads\/2025\/02\/Piltide-korrektuurid-kodulehel-2025-02-27T105659.684.png\",\"width\":1080,\"height\":1080,\"caption\":\"Plastiliin 12 v\u00e4rvi\"},{\"@type\":\"BreadcrumbList\",\"@id\":\"https:\/\/sulin.ee\/en\/toode\/bambino-plastiliinist-klassikaline-12-varvi\/#breadcrumb\",\"itemListElement\":[{\"@type\":\"ListItem\",\"position\":1,\"name\":\"Home\",\"item\":\"https:\/\/sulin.ee\/en\/\"},{\"@type\":\"ListItem\",\"position\":2,\"name\":\"Sulin.ee e-pood\",\"item\":\"https:\/\/sulin.ee\/shop\/\"},{\"@type\":\"ListItem\",\"position\":3,\"name\":\"Plastiliin 12 v\u00e4rvi Bambino\"}]},{\"@type\":\"WebSite\",\"@id\":\"https:\/\/sulin.ee\/en\/#website\",\"url\":\"https:\/\/sulin.ee\/en\/\",\"name\":\"sulin.ee\",\"description\":\"\",\"publisher\":{\"@id\":\"https:\/\/sulin.ee\/en\/#organization\"},\"potentialAction\":[{\"@type\":\"SearchAction\",\"target\":{\"@type\":\"EntryPoint\",\"urlTemplate\":\"https:\/\/sulin.ee\/en\/?s={search_term_string}\"},\"query-input\":{\"@type\":\"PropertyValueSpecification\",\"valueRequired\":true,\"valueName\":\"search_term_string\"}}],\"inLanguage\":\"en-US\"},{\"@type\":\"Organization\",\"@id\":\"https:\/\/sulin.ee\/en\/#organization\",\"name\":\"SULIN TRADE O\u00dc\",\"url\":\"https:\/\/sulin.ee\/en\/\",\"logo\":{\"@type\":\"ImageObject\",\"inLanguage\":\"en-US\",\"@id\":\"https:\/\/sulin.ee\/en\/#\/schema\/logo\/image\/\",\"url\":\"https:\/\/sulin.ee\/wp-content\/uploads\/2022\/11\/sulin-logo.png\",\"contentUrl\":\"https:\/\/sulin.ee\/wp-content\/uploads\/2022\/11\/sulin-logo.png\",\"width\":871,\"height\":321,\"caption\":\"SULIN TRADE O\u00dc\"},\"image\":{\"@id\":\"https:\/\/sulin.ee\/en\/#\/schema\/logo\/image\/\"},\"sameAs\":[\"https:\/\/www.facebook.com\/www.sulin.ee\/\",\"https:\/\/www.instagram.com\/sulintrade\/\"]}]}<\/script>\n<!-- \/ Yoast SEO plugin. -->","yoast_head_json":{"title":"Plastiliin 12 v\u00e4rvi Bambino - sulin.ee","description":"Plastiliin 12 v\u00e4rvi \u2013 ideaalne vahend noortele kunstnikele, kes soovivad arendada oma loomingulisi oskusi. Mittetoksiline ja kergesti modelleeritav.","robots":{"index":"index","follow":"follow","max-snippet":"max-snippet:-1","max-image-preview":"max-image-preview:large","max-video-preview":"max-video-preview:-1"},"canonical":"https:\/\/sulin.ee\/en\/toode\/bambino-plastiliinist-klassikaline-12-varvi\/","og_locale":"en_US","og_type":"article","og_title":"Plastiliin 12 v\u00e4rvi Bambino - sulin.ee","og_description":"Plastiliin 12 v\u00e4rvi \u2013 ideaalne vahend noortele kunstnikele, kes soovivad arendada oma loomingulisi oskusi. Mittetoksiline ja kergesti modelleeritav.","og_url":"https:\/\/sulin.ee\/en\/toode\/bambino-plastiliinist-klassikaline-12-varvi\/","og_site_name":"sulin.ee","article_publisher":"https:\/\/www.facebook.com\/www.sulin.ee\/","article_modified_time":"2025-02-27T10:16:19+00:00","og_image":[{"width":1080,"height":1080,"url":"https:\/\/sulin.ee\/wp-content\/uploads\/2025\/02\/Piltide-korrektuurid-kodulehel-2025-02-27T105659.684.png","type":"image\/png"}],"twitter_card":"summary_large_image","twitter_misc":{"Est. reading time":"2 minutes"},"schema":{"@context":"https:\/\/schema.org","@graph":[{"@type":"WebPage","@id":"https:\/\/sulin.ee\/en\/toode\/bambino-plastiliinist-klassikaline-12-varvi\/","url":"https:\/\/sulin.ee\/en\/toode\/bambino-plastiliinist-klassikaline-12-varvi\/","name":"Plastiliin 12 v\u00e4rvi Bambino - sulin.ee","isPartOf":{"@id":"https:\/\/sulin.ee\/en\/#website"},"primaryImageOfPage":{"@id":"https:\/\/sulin.ee\/en\/toode\/bambino-plastiliinist-klassikaline-12-varvi\/#primaryimage"},"image":{"@id":"https:\/\/sulin.ee\/en\/toode\/bambino-plastiliinist-klassikaline-12-varvi\/#primaryimage"},"thumbnailUrl":"https:\/\/sulin.ee\/wp-content\/uploads\/2025\/02\/Piltide-korrektuurid-kodulehel-2025-02-27T105659.684.png","datePublished":"2025-02-19T13:09:11+00:00","dateModified":"2025-02-27T10:16:19+00:00","description":"Plastiliin 12 v\u00e4rvi \u2013 ideaalne vahend noortele kunstnikele, kes soovivad arendada oma loomingulisi oskusi. Mittetoksiline ja kergesti modelleeritav.","breadcrumb":{"@id":"https:\/\/sulin.ee\/en\/toode\/bambino-plastiliinist-klassikaline-12-varvi\/#breadcrumb"},"inLanguage":"en-US","potentialAction":[{"@type":"ReadAction","target":["https:\/\/sulin.ee\/en\/toode\/bambino-plastiliinist-klassikaline-12-varvi\/"]}]},{"@type":"ImageObject","inLanguage":"en-US","@id":"https:\/\/sulin.ee\/en\/toode\/bambino-plastiliinist-klassikaline-12-varvi\/#primaryimage","url":"https:\/\/sulin.ee\/wp-content\/uploads\/2025\/02\/Piltide-korrektuurid-kodulehel-2025-02-27T105659.684.png","contentUrl":"https:\/\/sulin.ee\/wp-content\/uploads\/2025\/02\/Piltide-korrektuurid-kodulehel-2025-02-27T105659.684.png","width":1080,"height":1080,"caption":"Plastiliin 12 v\u00e4rvi"},{"@type":"BreadcrumbList","@id":"https:\/\/sulin.ee\/en\/toode\/bambino-plastiliinist-klassikaline-12-varvi\/#breadcrumb","itemListElement":[{"@type":"ListItem","position":1,"name":"Home","item":"https:\/\/sulin.ee\/en\/"},{"@type":"ListItem","position":2,"name":"Sulin.ee e-pood","item":"https:\/\/sulin.ee\/shop\/"},{"@type":"ListItem","position":3,"name":"Plastiliin 12 v\u00e4rvi Bambino"}]},{"@type":"WebSite","@id":"https:\/\/sulin.ee\/en\/#website","url":"https:\/\/sulin.ee\/en\/","name":"sulin.ee","description":"","publisher":{"@id":"https:\/\/sulin.ee\/en\/#organization"},"potentialAction":[{"@type":"SearchAction","target":{"@type":"EntryPoint","urlTemplate":"https:\/\/sulin.ee\/en\/?s={search_term_string}"},"query-input":{"@type":"PropertyValueSpecification","valueRequired":true,"valueName":"search_term_string"}}],"inLanguage":"en-US"},{"@type":"Organization","@id":"https:\/\/sulin.ee\/en\/#organization","name":"SULIN TRADE O\u00dc","url":"https:\/\/sulin.ee\/en\/","logo":{"@type":"ImageObject","inLanguage":"en-US","@id":"https:\/\/sulin.ee\/en\/#\/schema\/logo\/image\/","url":"https:\/\/sulin.ee\/wp-content\/uploads\/2022\/11\/sulin-logo.png","contentUrl":"https:\/\/sulin.ee\/wp-content\/uploads\/2022\/11\/sulin-logo.png","width":871,"height":321,"caption":"SULIN TRADE O\u00dc"},"image":{"@id":"https:\/\/sulin.ee\/en\/#\/schema\/logo\/image\/"},"sameAs":["https:\/\/www.facebook.com\/www.sulin.ee\/","https:\/\/www.instagram.com\/sulintrade\/"]}]}},"builder_content":"","_links":{"self":[{"href":"https:\/\/sulin.ee\/en\/wp-json\/wp\/v2\/product\/39145","targetHints":{"allow":["GET"]}}],"collection":[{"href":"https:\/\/sulin.ee\/en\/wp-json\/wp\/v2\/product"}],"about":[{"href":"https:\/\/sulin.ee\/en\/wp-json\/wp\/v2\/types\/product"}],"replies":[{"embeddable":true,"href":"https:\/\/sulin.ee\/en\/wp-json\/wp\/v2\/comments?post=39145"}],"wp:featuredmedia":[{"embeddable":true,"href":"https:\/\/sulin.ee\/en\/wp-json\/wp\/v2\/media\/40340"}],"wp:attachment":[{"href":"https:\/\/sulin.ee\/en\/wp-json\/wp\/v2\/media?parent=39145"}],"wp:term":[{"taxonomy":"product_brand","embeddable":true,"href":"https:\/\/sulin.ee\/en\/wp-json\/wp\/v2\/product_brand?post=39145"},{"taxonomy":"product_cat","embeddable":true,"href":"https:\/\/sulin.ee\/en\/wp-json\/wp\/v2\/product_cat?post=39145"},{"taxonomy":"product_tag","embeddable":true,"href":"https:\/\/sulin.ee\/en\/wp-json\/wp\/v2\/product_tag?post=39145"}],"curies":[{"name":"wp","href":"https:\/\/api.w.org\/{rel}","templated":true}]}}