{"id":39131,"date":"2025-02-19T13:09:06","date_gmt":"2025-02-19T13:09:06","guid":{"rendered":"https:\/\/sulin.ee\/toode\/bambino-plastiliinist-ruut-18-varvi\/"},"modified":"2025-02-27T10:16:19","modified_gmt":"2025-02-27T10:16:19","slug":"plastiliin-18-varvi-bambino","status":"publish","type":"product","link":"https:\/\/sulin.ee\/en\/toode\/plastiliin-18-varvi-bambino\/","title":{"rendered":"Plastiliin 18 v\u00e4rvi Bambino"},"content":{"rendered":"<p data-start=\"76\" data-end=\"319\">Plastiliin 18 v\u00e4rvi on suurep\u00e4rane valik igale lapsele, kes soovib oma loomingulisi andeid arendada. Paindlik, kergesti modelleeritav ja mitte kleepuv plastiliin v\u00f5imaldab lastel kujutlusv\u00f5imet rakendades luua erinevaid kunstiteoseid.<\/p>\n<h4 data-start=\"321\" data-end=\"341\">Toote omadused:<\/h4>\n<ul data-start=\"342\" data-end=\"1178\">\n<li data-start=\"342\" data-end=\"468\">\u2714\ufe0f <strong data-start=\"347\" data-end=\"386\">Paindlik ja kergesti modelleeritav:<\/strong> Ideaalne lastele, kes \u00f5pivad skulptuure ja muid kolmem\u00f5\u00f5tmelisi kunstit\u00f6id looma.<\/li>\n<li data-start=\"469\" data-end=\"619\">\u2714\ufe0f <strong data-start=\"474\" data-end=\"508\">Intensiivsed ja erksad v\u00e4rvid:<\/strong> V\u00e4rvid on s\u00fcgavad ja elavad, sealhulgas kaks glitterv\u00e4rvi: kuldne ja h\u00f5bedane, mis lisavad igale teosele s\u00e4ra.<\/li>\n<li data-start=\"620\" data-end=\"733\">\u2714\ufe0f <strong data-start=\"625\" data-end=\"665\">Ei j\u00e4\u00e4 pinnale kinni, ei m\u00e4\u00e4ri k\u00e4si:<\/strong> Puhas kasutus tagab, et lapsed ja nende m\u00e4ngupinnad j\u00e4\u00e4vad puhtaks.<\/li>\n<li data-start=\"734\" data-end=\"841\">\u2714\ufe0f <strong data-start=\"739\" data-end=\"777\">V\u00f5imaldab luua millefiori teoseid:<\/strong> Suurep\u00e4rane vahend \u00f5petamaks lastele keerukaid kunstitehnikaid.<\/li>\n<li data-start=\"842\" data-end=\"958\">\u2714\ufe0f <strong data-start=\"847\" data-end=\"865\">Ohutu lastele:<\/strong> Vastab k\u00f5ikidele Euroopa Liidu m\u00e4nguasjade ohutusn\u00f5uetele, tagades turvalise m\u00e4ngukeskkonna.<\/li>\n<li data-start=\"959\" data-end=\"1062\">\u2714\ufe0f <strong data-start=\"964\" data-end=\"980\">V\u00e4rvide arv:<\/strong> Kokku 18 erinevat v\u00e4rvi, mis annavad lastele laia kunstilise v\u00e4ljenduse vabaduse.<\/li>\n<li data-start=\"1063\" data-end=\"1178\">\u2714\ufe0f <strong data-start=\"1068\" data-end=\"1094\">Plastiliinipulga kaal:<\/strong> Iga pulk kaalub 18 grammi (kokku 324 g plastiliini), pakkudes piisavalt materjali erinevate projektide jaoks.<\/li>\n<li data-start=\"1063\" data-end=\"1178\">\u2714\ufe0f <strong>Pakendi m\u00f5\u00f5tmed:<\/strong> 30.5 cm x 9.5 cm x 1.5 cm<\/li>\n<\/ul>\n<p data-start=\"1244\" data-end=\"1543\" data-is-last-node=\"\" data-is-only-node=\"\">Plastiliin 18 v\u00e4rvi on ideaalne vahend, mis toetab laste loovust, arendades samal ajal nende k\u00e4elist osavust ja v\u00e4rvitaju. See on suurep\u00e4rane valik nii koduseks m\u00e4nguks kui ka hariduslikuks tegevuseks, aidates kaasa laste \u00fcldisele arengule ja pakkudes tunde l\u00f5busat ja harivat meelelahutust.<\/p>\n<p data-start=\"1244\" data-end=\"1543\" data-is-last-node=\"\" data-is-only-node=\"\">Tutvuge ka meie teiste kunstivahenditega, et leida veel rohkem inspiratsiooni ja vahendeid igaks kunsti loomise hetkeks.<a href=\"https:\/\/sulin.ee\/tootekategooria\/mangimine\/kunstivahendid\/\"> Leiad siit.<\/a><\/p>\n","protected":false},"excerpt":{"rendered":"<p><strong>Bambino plastiliin on ideaalne kunstivahend lastele, pakkudes paindlikkust ja kergesti modelleeritavat materjali, mis ei j\u00e4ta k\u00e4si ega pindu m\u00e4\u00e4rima. See sisaldab 18 intensiivset ja erksat v\u00e4rvi, sealhulgas s\u00e4delevaid kulda ja h\u00f5bedat, mis innustavad lapsi looma erinevaid millefiori kunstiteoseid.\u00a0<\/strong><\/p>\n<p><strong>Komplektis:<\/strong> 18 v\u00e4rvi plastiliini.<\/p>\n","protected":false},"featured_media":40359,"comment_status":"open","ping_status":"closed","template":"","meta":[],"product_brand":[],"product_cat":[110,1162,1165,1166,926,1439,23],"product_tag":[],"class_list":{"0":"post-39131","1":"product","2":"type-product","3":"status-publish","4":"has-post-thumbnail","6":"product_cat-mangimine","7":"product_cat-kingituseks","8":"product_cat-3-5-aastat","9":"product_cat-6-8-aastat","10":"product_cat-voolimismassid","11":"product_cat-bambino","12":"product_cat-soodus","13":"has-post-title","14":"has-post-date","15":"has-post-category","16":"has-post-tag","17":"has-post-comment","18":"has-post-author","19":"","21":"first","22":"instock","23":"sale","24":"taxable","25":"shipping-taxable","26":"purchasable","27":"product-type-simple"},"yoast_head":"<!-- This site is optimized with the Yoast SEO plugin v26.8 - https:\/\/yoast.com\/product\/yoast-seo-wordpress\/ -->\n<title>Plastiliin 18 v\u00e4rvi Bambino - sulin.ee<\/title>\n<meta name=\"description\" content=\"Plastiliin 18 v\u00e4rvi: ohutu, kergesti modelleeritav ja erksate v\u00e4rvidega, ideaalne lastele, kes soovivad arendada oma loovust ja k\u00e4elist osavust\" \/>\n<meta name=\"robots\" content=\"index, follow, max-snippet:-1, max-image-preview:large, max-video-preview:-1\" \/>\n<link rel=\"canonical\" href=\"https:\/\/sulin.ee\/en\/toode\/plastiliin-18-varvi-bambino\/\" \/>\n<meta property=\"og:locale\" content=\"en_US\" \/>\n<meta property=\"og:type\" content=\"article\" \/>\n<meta property=\"og:title\" content=\"Plastiliin 18 v\u00e4rvi Bambino - sulin.ee\" \/>\n<meta property=\"og:description\" content=\"Plastiliin 18 v\u00e4rvi: ohutu, kergesti modelleeritav ja erksate v\u00e4rvidega, ideaalne lastele, kes soovivad arendada oma loovust ja k\u00e4elist osavust\" \/>\n<meta property=\"og:url\" content=\"https:\/\/sulin.ee\/en\/toode\/plastiliin-18-varvi-bambino\/\" \/>\n<meta property=\"og:site_name\" content=\"sulin.ee\" \/>\n<meta property=\"article:publisher\" content=\"https:\/\/www.facebook.com\/www.sulin.ee\/\" \/>\n<meta property=\"article:modified_time\" content=\"2025-02-27T10:16:19+00:00\" \/>\n<meta property=\"og:image\" content=\"https:\/\/sulin.ee\/wp-content\/uploads\/2025\/02\/Piltide-korrektuurid-kodulehel-2025-02-27T121333.487.png\" \/>\n\t<meta property=\"og:image:width\" content=\"1080\" \/>\n\t<meta property=\"og:image:height\" content=\"1080\" \/>\n\t<meta property=\"og:image:type\" content=\"image\/png\" \/>\n<meta name=\"twitter:card\" content=\"summary_large_image\" \/>\n<meta name=\"twitter:label1\" content=\"Est. reading time\" \/>\n\t<meta name=\"twitter:data1\" content=\"2 minutes\" \/>\n<script type=\"application\/ld+json\" class=\"yoast-schema-graph\">{\"@context\":\"https:\/\/schema.org\",\"@graph\":[{\"@type\":\"WebPage\",\"@id\":\"https:\/\/sulin.ee\/en\/toode\/plastiliin-18-varvi-bambino\/\",\"url\":\"https:\/\/sulin.ee\/en\/toode\/plastiliin-18-varvi-bambino\/\",\"name\":\"Plastiliin 18 v\u00e4rvi Bambino - sulin.ee\",\"isPartOf\":{\"@id\":\"https:\/\/sulin.ee\/en\/#website\"},\"primaryImageOfPage\":{\"@id\":\"https:\/\/sulin.ee\/en\/toode\/plastiliin-18-varvi-bambino\/#primaryimage\"},\"image\":{\"@id\":\"https:\/\/sulin.ee\/en\/toode\/plastiliin-18-varvi-bambino\/#primaryimage\"},\"thumbnailUrl\":\"https:\/\/sulin.ee\/wp-content\/uploads\/2025\/02\/Piltide-korrektuurid-kodulehel-2025-02-27T121333.487.png\",\"datePublished\":\"2025-02-19T13:09:06+00:00\",\"dateModified\":\"2025-02-27T10:16:19+00:00\",\"description\":\"Plastiliin 18 v\u00e4rvi: ohutu, kergesti modelleeritav ja erksate v\u00e4rvidega, ideaalne lastele, kes soovivad arendada oma loovust ja k\u00e4elist osavust\",\"breadcrumb\":{\"@id\":\"https:\/\/sulin.ee\/en\/toode\/plastiliin-18-varvi-bambino\/#breadcrumb\"},\"inLanguage\":\"en-US\",\"potentialAction\":[{\"@type\":\"ReadAction\",\"target\":[\"https:\/\/sulin.ee\/en\/toode\/plastiliin-18-varvi-bambino\/\"]}]},{\"@type\":\"ImageObject\",\"inLanguage\":\"en-US\",\"@id\":\"https:\/\/sulin.ee\/en\/toode\/plastiliin-18-varvi-bambino\/#primaryimage\",\"url\":\"https:\/\/sulin.ee\/wp-content\/uploads\/2025\/02\/Piltide-korrektuurid-kodulehel-2025-02-27T121333.487.png\",\"contentUrl\":\"https:\/\/sulin.ee\/wp-content\/uploads\/2025\/02\/Piltide-korrektuurid-kodulehel-2025-02-27T121333.487.png\",\"width\":1080,\"height\":1080,\"caption\":\"Plastiliin 18 v\u00e4rvi\"},{\"@type\":\"BreadcrumbList\",\"@id\":\"https:\/\/sulin.ee\/en\/toode\/plastiliin-18-varvi-bambino\/#breadcrumb\",\"itemListElement\":[{\"@type\":\"ListItem\",\"position\":1,\"name\":\"Home\",\"item\":\"https:\/\/sulin.ee\/en\/\"},{\"@type\":\"ListItem\",\"position\":2,\"name\":\"Sulin.ee e-pood\",\"item\":\"https:\/\/sulin.ee\/shop\/\"},{\"@type\":\"ListItem\",\"position\":3,\"name\":\"Plastiliin 18 v\u00e4rvi Bambino\"}]},{\"@type\":\"WebSite\",\"@id\":\"https:\/\/sulin.ee\/en\/#website\",\"url\":\"https:\/\/sulin.ee\/en\/\",\"name\":\"sulin.ee\",\"description\":\"\",\"publisher\":{\"@id\":\"https:\/\/sulin.ee\/en\/#organization\"},\"potentialAction\":[{\"@type\":\"SearchAction\",\"target\":{\"@type\":\"EntryPoint\",\"urlTemplate\":\"https:\/\/sulin.ee\/en\/?s={search_term_string}\"},\"query-input\":{\"@type\":\"PropertyValueSpecification\",\"valueRequired\":true,\"valueName\":\"search_term_string\"}}],\"inLanguage\":\"en-US\"},{\"@type\":\"Organization\",\"@id\":\"https:\/\/sulin.ee\/en\/#organization\",\"name\":\"SULIN TRADE O\u00dc\",\"url\":\"https:\/\/sulin.ee\/en\/\",\"logo\":{\"@type\":\"ImageObject\",\"inLanguage\":\"en-US\",\"@id\":\"https:\/\/sulin.ee\/en\/#\/schema\/logo\/image\/\",\"url\":\"https:\/\/sulin.ee\/wp-content\/uploads\/2022\/11\/sulin-logo.png\",\"contentUrl\":\"https:\/\/sulin.ee\/wp-content\/uploads\/2022\/11\/sulin-logo.png\",\"width\":871,\"height\":321,\"caption\":\"SULIN TRADE O\u00dc\"},\"image\":{\"@id\":\"https:\/\/sulin.ee\/en\/#\/schema\/logo\/image\/\"},\"sameAs\":[\"https:\/\/www.facebook.com\/www.sulin.ee\/\",\"https:\/\/www.instagram.com\/sulintrade\/\"]}]}<\/script>\n<!-- \/ Yoast SEO plugin. -->","yoast_head_json":{"title":"Plastiliin 18 v\u00e4rvi Bambino - sulin.ee","description":"Plastiliin 18 v\u00e4rvi: ohutu, kergesti modelleeritav ja erksate v\u00e4rvidega, ideaalne lastele, kes soovivad arendada oma loovust ja k\u00e4elist osavust","robots":{"index":"index","follow":"follow","max-snippet":"max-snippet:-1","max-image-preview":"max-image-preview:large","max-video-preview":"max-video-preview:-1"},"canonical":"https:\/\/sulin.ee\/en\/toode\/plastiliin-18-varvi-bambino\/","og_locale":"en_US","og_type":"article","og_title":"Plastiliin 18 v\u00e4rvi Bambino - sulin.ee","og_description":"Plastiliin 18 v\u00e4rvi: ohutu, kergesti modelleeritav ja erksate v\u00e4rvidega, ideaalne lastele, kes soovivad arendada oma loovust ja k\u00e4elist osavust","og_url":"https:\/\/sulin.ee\/en\/toode\/plastiliin-18-varvi-bambino\/","og_site_name":"sulin.ee","article_publisher":"https:\/\/www.facebook.com\/www.sulin.ee\/","article_modified_time":"2025-02-27T10:16:19+00:00","og_image":[{"width":1080,"height":1080,"url":"https:\/\/sulin.ee\/wp-content\/uploads\/2025\/02\/Piltide-korrektuurid-kodulehel-2025-02-27T121333.487.png","type":"image\/png"}],"twitter_card":"summary_large_image","twitter_misc":{"Est. reading time":"2 minutes"},"schema":{"@context":"https:\/\/schema.org","@graph":[{"@type":"WebPage","@id":"https:\/\/sulin.ee\/en\/toode\/plastiliin-18-varvi-bambino\/","url":"https:\/\/sulin.ee\/en\/toode\/plastiliin-18-varvi-bambino\/","name":"Plastiliin 18 v\u00e4rvi Bambino - sulin.ee","isPartOf":{"@id":"https:\/\/sulin.ee\/en\/#website"},"primaryImageOfPage":{"@id":"https:\/\/sulin.ee\/en\/toode\/plastiliin-18-varvi-bambino\/#primaryimage"},"image":{"@id":"https:\/\/sulin.ee\/en\/toode\/plastiliin-18-varvi-bambino\/#primaryimage"},"thumbnailUrl":"https:\/\/sulin.ee\/wp-content\/uploads\/2025\/02\/Piltide-korrektuurid-kodulehel-2025-02-27T121333.487.png","datePublished":"2025-02-19T13:09:06+00:00","dateModified":"2025-02-27T10:16:19+00:00","description":"Plastiliin 18 v\u00e4rvi: ohutu, kergesti modelleeritav ja erksate v\u00e4rvidega, ideaalne lastele, kes soovivad arendada oma loovust ja k\u00e4elist osavust","breadcrumb":{"@id":"https:\/\/sulin.ee\/en\/toode\/plastiliin-18-varvi-bambino\/#breadcrumb"},"inLanguage":"en-US","potentialAction":[{"@type":"ReadAction","target":["https:\/\/sulin.ee\/en\/toode\/plastiliin-18-varvi-bambino\/"]}]},{"@type":"ImageObject","inLanguage":"en-US","@id":"https:\/\/sulin.ee\/en\/toode\/plastiliin-18-varvi-bambino\/#primaryimage","url":"https:\/\/sulin.ee\/wp-content\/uploads\/2025\/02\/Piltide-korrektuurid-kodulehel-2025-02-27T121333.487.png","contentUrl":"https:\/\/sulin.ee\/wp-content\/uploads\/2025\/02\/Piltide-korrektuurid-kodulehel-2025-02-27T121333.487.png","width":1080,"height":1080,"caption":"Plastiliin 18 v\u00e4rvi"},{"@type":"BreadcrumbList","@id":"https:\/\/sulin.ee\/en\/toode\/plastiliin-18-varvi-bambino\/#breadcrumb","itemListElement":[{"@type":"ListItem","position":1,"name":"Home","item":"https:\/\/sulin.ee\/en\/"},{"@type":"ListItem","position":2,"name":"Sulin.ee e-pood","item":"https:\/\/sulin.ee\/shop\/"},{"@type":"ListItem","position":3,"name":"Plastiliin 18 v\u00e4rvi Bambino"}]},{"@type":"WebSite","@id":"https:\/\/sulin.ee\/en\/#website","url":"https:\/\/sulin.ee\/en\/","name":"sulin.ee","description":"","publisher":{"@id":"https:\/\/sulin.ee\/en\/#organization"},"potentialAction":[{"@type":"SearchAction","target":{"@type":"EntryPoint","urlTemplate":"https:\/\/sulin.ee\/en\/?s={search_term_string}"},"query-input":{"@type":"PropertyValueSpecification","valueRequired":true,"valueName":"search_term_string"}}],"inLanguage":"en-US"},{"@type":"Organization","@id":"https:\/\/sulin.ee\/en\/#organization","name":"SULIN TRADE O\u00dc","url":"https:\/\/sulin.ee\/en\/","logo":{"@type":"ImageObject","inLanguage":"en-US","@id":"https:\/\/sulin.ee\/en\/#\/schema\/logo\/image\/","url":"https:\/\/sulin.ee\/wp-content\/uploads\/2022\/11\/sulin-logo.png","contentUrl":"https:\/\/sulin.ee\/wp-content\/uploads\/2022\/11\/sulin-logo.png","width":871,"height":321,"caption":"SULIN TRADE O\u00dc"},"image":{"@id":"https:\/\/sulin.ee\/en\/#\/schema\/logo\/image\/"},"sameAs":["https:\/\/www.facebook.com\/www.sulin.ee\/","https:\/\/www.instagram.com\/sulintrade\/"]}]}},"builder_content":"","_links":{"self":[{"href":"https:\/\/sulin.ee\/en\/wp-json\/wp\/v2\/product\/39131","targetHints":{"allow":["GET"]}}],"collection":[{"href":"https:\/\/sulin.ee\/en\/wp-json\/wp\/v2\/product"}],"about":[{"href":"https:\/\/sulin.ee\/en\/wp-json\/wp\/v2\/types\/product"}],"replies":[{"embeddable":true,"href":"https:\/\/sulin.ee\/en\/wp-json\/wp\/v2\/comments?post=39131"}],"wp:featuredmedia":[{"embeddable":true,"href":"https:\/\/sulin.ee\/en\/wp-json\/wp\/v2\/media\/40359"}],"wp:attachment":[{"href":"https:\/\/sulin.ee\/en\/wp-json\/wp\/v2\/media?parent=39131"}],"wp:term":[{"taxonomy":"product_brand","embeddable":true,"href":"https:\/\/sulin.ee\/en\/wp-json\/wp\/v2\/product_brand?post=39131"},{"taxonomy":"product_cat","embeddable":true,"href":"https:\/\/sulin.ee\/en\/wp-json\/wp\/v2\/product_cat?post=39131"},{"taxonomy":"product_tag","embeddable":true,"href":"https:\/\/sulin.ee\/en\/wp-json\/wp\/v2\/product_tag?post=39131"}],"curies":[{"name":"wp","href":"https:\/\/api.w.org\/{rel}","templated":true}]}}