{"id":39124,"date":"2025-02-19T13:09:04","date_gmt":"2025-02-19T13:09:04","guid":{"rendered":"https:\/\/sulin.ee\/toode\/bambino-pastellid-olivarvid-24-varvi\/"},"modified":"2025-02-27T10:16:19","modified_gmt":"2025-02-27T10:16:19","slug":"olipastellid-24-varvi-bambino","status":"publish","type":"product","link":"https:\/\/sulin.ee\/en\/toode\/olipastellid-24-varvi-bambino\/","title":{"rendered":"\u00d5lipastellid 24 v\u00e4rvi Bambino"},"content":{"rendered":"<div class=\"flex max-w-full flex-col flex-grow\">\n<div class=\"min-h-8 text-message relative flex w-full flex-col items-end gap-2 whitespace-normal break-words text-start [.text-message+&amp;]:mt-5\" dir=\"auto\" data-message-author-role=\"assistant\" data-message-id=\"cccf8111-7844-4dab-8833-d78ece947ff3\" data-message-model-slug=\"gpt-4\">\n<div class=\"flex w-full flex-col gap-1 empty:hidden first:pt-[3px]\">\n<div class=\"markdown prose w-full break-words dark:prose-invert light\">\n<p data-start=\"61\" data-end=\"288\">\u00d5lipastellid pakuvad l\u00f5putuid v\u00f5imalusi nii kodus kui ka koolis kunsti loomiseks. Need pastellid on ideaalsed igas vanuses kunstnikele, kes soovivad katsetada erinevaid joonistustehnikaid ja luua muljetavaldavaid kunstiteoseid.<\/p>\n<h4 data-start=\"290\" data-end=\"310\">Toote omadused:<\/h4>\n<ul data-start=\"311\" data-end=\"1273\">\n<li data-start=\"311\" data-end=\"397\">\u2714\ufe0f <strong data-start=\"316\" data-end=\"340\">Mitmek\u00fclgne kasutus:<\/strong> Ideaalne kasutamiseks nii kodus kui ka koolis ja lasteaias.<\/li>\n<li data-start=\"398\" data-end=\"469\">\u2714\ufe0f <strong data-start=\"403\" data-end=\"429\">Suurep\u00e4rane haakuvus:<\/strong> v\u00f5imaldab joonistada erinevatele pindadele.<\/li>\n<li data-start=\"470\" data-end=\"545\">\u2714\ufe0f <strong data-start=\"475\" data-end=\"490\">Super pehme:<\/strong> V\u00f5imaldab sujuvat pealekandmist ja lihtsat segunemist.<\/li>\n<li data-start=\"546\" data-end=\"632\">\u2714\ufe0f <strong data-start=\"551\" data-end=\"579\">Kerge peale kanda:<\/strong> T\u00e4nu oma pehmele koostisele saab v\u00e4rve kergesti hajutada.<\/li>\n<li data-start=\"633\" data-end=\"715\">\u2714\ufe0f <strong data-start=\"638\" data-end=\"653\">Hea katvus:<\/strong> Katavad pinda \u00fchtlaselt, pakkudes intensiivset v\u00e4rvitulemust.<\/li>\n<li data-start=\"716\" data-end=\"818\">\u2714\ufe0f <strong data-start=\"721\" data-end=\"739\">Erksad v\u00e4rvid:<\/strong> Intensiivsed ja silmapaistvad v\u00e4rvid, sealhulgas kullatud ja h\u00f5bedased toonid.<\/li>\n<li data-start=\"819\" data-end=\"909\">\u2714\ufe0f <strong data-start=\"824\" data-end=\"850\">Mitmek\u00fclgsed tehnikad:<\/strong> V\u00f5imaldab luua peeneid varje-, tausta- ja segunemisefekte.<\/li>\n<li data-start=\"1005\" data-end=\"1069\">\u2714\ufe0f <strong data-start=\"1010\" data-end=\"1021\">Ohutus:<\/strong> Vastab Euroopa m\u00e4nguasjade ohutusstandarditele.<\/li>\n<li data-start=\"1070\" data-end=\"1181\">\u2714\ufe0f <strong data-start=\"1075\" data-end=\"1106\">Individuaalne kaitse\u00fcmbris:<\/strong> Iga pastell on varustatud kaitsva \u00fcmbrisega, tagades pikaajalise kasutuse.<\/li>\n<li data-start=\"1182\" data-end=\"1273\">\u2714\ufe0f <strong data-start=\"1187\" data-end=\"1203\">V\u00e4rvide arv:<\/strong> 24 erinevat v\u00e4rvi, pakkudes laia valikut loominguliseks v\u00e4ljenduseks.<\/li>\n<li data-start=\"1182\" data-end=\"1273\"><strong>\u2714\ufe0f Pakendi m\u00f5\u00f5tmed:<\/strong> 25 cm x 8.5 cm x 1.5 cm<\/li>\n<\/ul>\n<p data-start=\"1336\" data-end=\"1722\" data-is-last-node=\"\" data-is-only-node=\"\">Need \u00f5lipastellid on suurep\u00e4rane t\u00f6\u00f6riist igale kunstnikule, kes soovib arendada oma oskusi ja avastada uusi tehnikaid. Nende rikkalike v\u00e4rvide ja kvaliteetse koostisega pastellid pakuvad l\u00f5putuid v\u00f5imalusi kunsti loomiseks ja on suurep\u00e4rane lisand igale kunstitarvete kollektsioonile. Tutvuge ka meie teiste kunstivahenditega, et leida rohkem p\u00f5nevaid tooteid oma loovprojektide jaoks.<a href=\"https:\/\/sulin.ee\/tootekategooria\/mangimine\/kunstivahendid\/joonistamine\/\"> Leiad siit.<\/a><\/p>\n<\/div>\n<\/div>\n<\/div>\n<\/div>\n","protected":false},"excerpt":{"rendered":"<p><strong>\u00d5lipastellid pakuvad 24 erksat ja rikkalikku v\u00e4rvi, mis on suurep\u00e4rased erinevate kunstitehnikate rakendamiseks. Need pastellid on pehmed, mist\u00f5ttu on neid lihtne kasutada ja nad j\u00e4\u00e4vad kergesti erinevatele pindadele. Ideaalne valik igas vanuses kunstnikele, kes soovivad oma loomingulisi oskusi arendada.\u00a0<\/strong><\/p>\n<p><strong>Komplektis:<\/strong> 24 pastelset v\u00e4rvi.<\/p>\n","protected":false},"featured_media":40349,"comment_status":"open","ping_status":"closed","template":"","meta":[],"product_brand":[],"product_cat":[110,1162,1165,1166,102,927,1439,23],"product_tag":[],"class_list":{"0":"post-39124","1":"product","2":"type-product","3":"status-publish","4":"has-post-thumbnail","6":"product_cat-mangimine","7":"product_cat-kingituseks","8":"product_cat-3-5-aastat","9":"product_cat-6-8-aastat","10":"product_cat-kunstivahendid","11":"product_cat-joonistamine","12":"product_cat-bambino","13":"product_cat-soodus","14":"has-post-title","15":"has-post-date","16":"has-post-category","17":"has-post-tag","18":"has-post-comment","19":"has-post-author","20":"","22":"first","23":"instock","24":"sale","25":"taxable","26":"shipping-taxable","27":"purchasable","28":"product-type-simple"},"yoast_head":"<!-- This site is optimized with the Yoast SEO plugin v26.8 - https:\/\/yoast.com\/product\/yoast-seo-wordpress\/ -->\n<title>\u00d5lipastellid 24 v\u00e4rvi Bambino - sulin.ee<\/title>\n<meta name=\"description\" content=\"\u00d5lipastellid, mis pakuvad 24 erksat v\u00e4rvi ja on suurep\u00e4rased nii kodus kui ka koolis kasutamiseks. Ideaalsed igas vanuses kunstnikele.\" \/>\n<meta name=\"robots\" content=\"index, follow, max-snippet:-1, max-image-preview:large, max-video-preview:-1\" \/>\n<link rel=\"canonical\" href=\"https:\/\/sulin.ee\/en\/toode\/olipastellid-24-varvi-bambino\/\" \/>\n<meta property=\"og:locale\" content=\"en_US\" \/>\n<meta property=\"og:type\" content=\"article\" \/>\n<meta property=\"og:title\" content=\"\u00d5lipastellid 24 v\u00e4rvi Bambino - sulin.ee\" \/>\n<meta property=\"og:description\" content=\"\u00d5lipastellid, mis pakuvad 24 erksat v\u00e4rvi ja on suurep\u00e4rased nii kodus kui ka koolis kasutamiseks. Ideaalsed igas vanuses kunstnikele.\" \/>\n<meta property=\"og:url\" content=\"https:\/\/sulin.ee\/en\/toode\/olipastellid-24-varvi-bambino\/\" \/>\n<meta property=\"og:site_name\" content=\"sulin.ee\" \/>\n<meta property=\"article:publisher\" content=\"https:\/\/www.facebook.com\/www.sulin.ee\/\" \/>\n<meta property=\"article:modified_time\" content=\"2025-02-27T10:16:19+00:00\" \/>\n<meta property=\"og:image\" content=\"https:\/\/sulin.ee\/wp-content\/uploads\/2025\/02\/Olipastellid-bambino.png\" \/>\n\t<meta property=\"og:image:width\" content=\"1080\" \/>\n\t<meta property=\"og:image:height\" content=\"1080\" \/>\n\t<meta property=\"og:image:type\" content=\"image\/png\" \/>\n<meta name=\"twitter:card\" content=\"summary_large_image\" \/>\n<meta name=\"twitter:label1\" content=\"Est. reading time\" \/>\n\t<meta name=\"twitter:data1\" content=\"2 minutes\" \/>\n<script type=\"application\/ld+json\" class=\"yoast-schema-graph\">{\"@context\":\"https:\/\/schema.org\",\"@graph\":[{\"@type\":\"WebPage\",\"@id\":\"https:\/\/sulin.ee\/en\/toode\/olipastellid-24-varvi-bambino\/\",\"url\":\"https:\/\/sulin.ee\/en\/toode\/olipastellid-24-varvi-bambino\/\",\"name\":\"\u00d5lipastellid 24 v\u00e4rvi Bambino - sulin.ee\",\"isPartOf\":{\"@id\":\"https:\/\/sulin.ee\/en\/#website\"},\"primaryImageOfPage\":{\"@id\":\"https:\/\/sulin.ee\/en\/toode\/olipastellid-24-varvi-bambino\/#primaryimage\"},\"image\":{\"@id\":\"https:\/\/sulin.ee\/en\/toode\/olipastellid-24-varvi-bambino\/#primaryimage\"},\"thumbnailUrl\":\"https:\/\/sulin.ee\/wp-content\/uploads\/2025\/02\/Olipastellid-bambino.png\",\"datePublished\":\"2025-02-19T13:09:04+00:00\",\"dateModified\":\"2025-02-27T10:16:19+00:00\",\"description\":\"\u00d5lipastellid, mis pakuvad 24 erksat v\u00e4rvi ja on suurep\u00e4rased nii kodus kui ka koolis kasutamiseks. Ideaalsed igas vanuses kunstnikele.\",\"breadcrumb\":{\"@id\":\"https:\/\/sulin.ee\/en\/toode\/olipastellid-24-varvi-bambino\/#breadcrumb\"},\"inLanguage\":\"en-US\",\"potentialAction\":[{\"@type\":\"ReadAction\",\"target\":[\"https:\/\/sulin.ee\/en\/toode\/olipastellid-24-varvi-bambino\/\"]}]},{\"@type\":\"ImageObject\",\"inLanguage\":\"en-US\",\"@id\":\"https:\/\/sulin.ee\/en\/toode\/olipastellid-24-varvi-bambino\/#primaryimage\",\"url\":\"https:\/\/sulin.ee\/wp-content\/uploads\/2025\/02\/Olipastellid-bambino.png\",\"contentUrl\":\"https:\/\/sulin.ee\/wp-content\/uploads\/2025\/02\/Olipastellid-bambino.png\",\"width\":1080,\"height\":1080,\"caption\":\"\u00d5lipastellid\"},{\"@type\":\"BreadcrumbList\",\"@id\":\"https:\/\/sulin.ee\/en\/toode\/olipastellid-24-varvi-bambino\/#breadcrumb\",\"itemListElement\":[{\"@type\":\"ListItem\",\"position\":1,\"name\":\"Home\",\"item\":\"https:\/\/sulin.ee\/en\/\"},{\"@type\":\"ListItem\",\"position\":2,\"name\":\"Sulin.ee e-pood\",\"item\":\"https:\/\/sulin.ee\/shop\/\"},{\"@type\":\"ListItem\",\"position\":3,\"name\":\"\u00d5lipastellid 24 v\u00e4rvi Bambino\"}]},{\"@type\":\"WebSite\",\"@id\":\"https:\/\/sulin.ee\/en\/#website\",\"url\":\"https:\/\/sulin.ee\/en\/\",\"name\":\"sulin.ee\",\"description\":\"\",\"publisher\":{\"@id\":\"https:\/\/sulin.ee\/en\/#organization\"},\"potentialAction\":[{\"@type\":\"SearchAction\",\"target\":{\"@type\":\"EntryPoint\",\"urlTemplate\":\"https:\/\/sulin.ee\/en\/?s={search_term_string}\"},\"query-input\":{\"@type\":\"PropertyValueSpecification\",\"valueRequired\":true,\"valueName\":\"search_term_string\"}}],\"inLanguage\":\"en-US\"},{\"@type\":\"Organization\",\"@id\":\"https:\/\/sulin.ee\/en\/#organization\",\"name\":\"SULIN TRADE O\u00dc\",\"url\":\"https:\/\/sulin.ee\/en\/\",\"logo\":{\"@type\":\"ImageObject\",\"inLanguage\":\"en-US\",\"@id\":\"https:\/\/sulin.ee\/en\/#\/schema\/logo\/image\/\",\"url\":\"https:\/\/sulin.ee\/wp-content\/uploads\/2022\/11\/sulin-logo.png\",\"contentUrl\":\"https:\/\/sulin.ee\/wp-content\/uploads\/2022\/11\/sulin-logo.png\",\"width\":871,\"height\":321,\"caption\":\"SULIN TRADE O\u00dc\"},\"image\":{\"@id\":\"https:\/\/sulin.ee\/en\/#\/schema\/logo\/image\/\"},\"sameAs\":[\"https:\/\/www.facebook.com\/www.sulin.ee\/\",\"https:\/\/www.instagram.com\/sulintrade\/\"]}]}<\/script>\n<!-- \/ Yoast SEO plugin. -->","yoast_head_json":{"title":"\u00d5lipastellid 24 v\u00e4rvi Bambino - sulin.ee","description":"\u00d5lipastellid, mis pakuvad 24 erksat v\u00e4rvi ja on suurep\u00e4rased nii kodus kui ka koolis kasutamiseks. Ideaalsed igas vanuses kunstnikele.","robots":{"index":"index","follow":"follow","max-snippet":"max-snippet:-1","max-image-preview":"max-image-preview:large","max-video-preview":"max-video-preview:-1"},"canonical":"https:\/\/sulin.ee\/en\/toode\/olipastellid-24-varvi-bambino\/","og_locale":"en_US","og_type":"article","og_title":"\u00d5lipastellid 24 v\u00e4rvi Bambino - sulin.ee","og_description":"\u00d5lipastellid, mis pakuvad 24 erksat v\u00e4rvi ja on suurep\u00e4rased nii kodus kui ka koolis kasutamiseks. Ideaalsed igas vanuses kunstnikele.","og_url":"https:\/\/sulin.ee\/en\/toode\/olipastellid-24-varvi-bambino\/","og_site_name":"sulin.ee","article_publisher":"https:\/\/www.facebook.com\/www.sulin.ee\/","article_modified_time":"2025-02-27T10:16:19+00:00","og_image":[{"width":1080,"height":1080,"url":"https:\/\/sulin.ee\/wp-content\/uploads\/2025\/02\/Olipastellid-bambino.png","type":"image\/png"}],"twitter_card":"summary_large_image","twitter_misc":{"Est. reading time":"2 minutes"},"schema":{"@context":"https:\/\/schema.org","@graph":[{"@type":"WebPage","@id":"https:\/\/sulin.ee\/en\/toode\/olipastellid-24-varvi-bambino\/","url":"https:\/\/sulin.ee\/en\/toode\/olipastellid-24-varvi-bambino\/","name":"\u00d5lipastellid 24 v\u00e4rvi Bambino - sulin.ee","isPartOf":{"@id":"https:\/\/sulin.ee\/en\/#website"},"primaryImageOfPage":{"@id":"https:\/\/sulin.ee\/en\/toode\/olipastellid-24-varvi-bambino\/#primaryimage"},"image":{"@id":"https:\/\/sulin.ee\/en\/toode\/olipastellid-24-varvi-bambino\/#primaryimage"},"thumbnailUrl":"https:\/\/sulin.ee\/wp-content\/uploads\/2025\/02\/Olipastellid-bambino.png","datePublished":"2025-02-19T13:09:04+00:00","dateModified":"2025-02-27T10:16:19+00:00","description":"\u00d5lipastellid, mis pakuvad 24 erksat v\u00e4rvi ja on suurep\u00e4rased nii kodus kui ka koolis kasutamiseks. Ideaalsed igas vanuses kunstnikele.","breadcrumb":{"@id":"https:\/\/sulin.ee\/en\/toode\/olipastellid-24-varvi-bambino\/#breadcrumb"},"inLanguage":"en-US","potentialAction":[{"@type":"ReadAction","target":["https:\/\/sulin.ee\/en\/toode\/olipastellid-24-varvi-bambino\/"]}]},{"@type":"ImageObject","inLanguage":"en-US","@id":"https:\/\/sulin.ee\/en\/toode\/olipastellid-24-varvi-bambino\/#primaryimage","url":"https:\/\/sulin.ee\/wp-content\/uploads\/2025\/02\/Olipastellid-bambino.png","contentUrl":"https:\/\/sulin.ee\/wp-content\/uploads\/2025\/02\/Olipastellid-bambino.png","width":1080,"height":1080,"caption":"\u00d5lipastellid"},{"@type":"BreadcrumbList","@id":"https:\/\/sulin.ee\/en\/toode\/olipastellid-24-varvi-bambino\/#breadcrumb","itemListElement":[{"@type":"ListItem","position":1,"name":"Home","item":"https:\/\/sulin.ee\/en\/"},{"@type":"ListItem","position":2,"name":"Sulin.ee e-pood","item":"https:\/\/sulin.ee\/shop\/"},{"@type":"ListItem","position":3,"name":"\u00d5lipastellid 24 v\u00e4rvi Bambino"}]},{"@type":"WebSite","@id":"https:\/\/sulin.ee\/en\/#website","url":"https:\/\/sulin.ee\/en\/","name":"sulin.ee","description":"","publisher":{"@id":"https:\/\/sulin.ee\/en\/#organization"},"potentialAction":[{"@type":"SearchAction","target":{"@type":"EntryPoint","urlTemplate":"https:\/\/sulin.ee\/en\/?s={search_term_string}"},"query-input":{"@type":"PropertyValueSpecification","valueRequired":true,"valueName":"search_term_string"}}],"inLanguage":"en-US"},{"@type":"Organization","@id":"https:\/\/sulin.ee\/en\/#organization","name":"SULIN TRADE O\u00dc","url":"https:\/\/sulin.ee\/en\/","logo":{"@type":"ImageObject","inLanguage":"en-US","@id":"https:\/\/sulin.ee\/en\/#\/schema\/logo\/image\/","url":"https:\/\/sulin.ee\/wp-content\/uploads\/2022\/11\/sulin-logo.png","contentUrl":"https:\/\/sulin.ee\/wp-content\/uploads\/2022\/11\/sulin-logo.png","width":871,"height":321,"caption":"SULIN TRADE O\u00dc"},"image":{"@id":"https:\/\/sulin.ee\/en\/#\/schema\/logo\/image\/"},"sameAs":["https:\/\/www.facebook.com\/www.sulin.ee\/","https:\/\/www.instagram.com\/sulintrade\/"]}]}},"builder_content":"","_links":{"self":[{"href":"https:\/\/sulin.ee\/en\/wp-json\/wp\/v2\/product\/39124","targetHints":{"allow":["GET"]}}],"collection":[{"href":"https:\/\/sulin.ee\/en\/wp-json\/wp\/v2\/product"}],"about":[{"href":"https:\/\/sulin.ee\/en\/wp-json\/wp\/v2\/types\/product"}],"replies":[{"embeddable":true,"href":"https:\/\/sulin.ee\/en\/wp-json\/wp\/v2\/comments?post=39124"}],"wp:featuredmedia":[{"embeddable":true,"href":"https:\/\/sulin.ee\/en\/wp-json\/wp\/v2\/media\/40349"}],"wp:attachment":[{"href":"https:\/\/sulin.ee\/en\/wp-json\/wp\/v2\/media?parent=39124"}],"wp:term":[{"taxonomy":"product_brand","embeddable":true,"href":"https:\/\/sulin.ee\/en\/wp-json\/wp\/v2\/product_brand?post=39124"},{"taxonomy":"product_cat","embeddable":true,"href":"https:\/\/sulin.ee\/en\/wp-json\/wp\/v2\/product_cat?post=39124"},{"taxonomy":"product_tag","embeddable":true,"href":"https:\/\/sulin.ee\/en\/wp-json\/wp\/v2\/product_tag?post=39124"}],"curies":[{"name":"wp","href":"https:\/\/api.w.org\/{rel}","templated":true}]}}