{"id":39102,"date":"2025-03-03T13:08:56","date_gmt":"2025-03-03T13:08:56","guid":{"rendered":"https:\/\/sulin.ee\/toode\/puidust-rattarattad-nooril-mobiilne-kilpkonn\/"},"modified":"2025-11-08T15:50:22","modified_gmt":"2025-11-08T15:50:22","slug":"jareltommatav-kilpkonn-ratastel","status":"publish","type":"product","link":"https:\/\/sulin.ee\/en\/toode\/jareltommatav-kilpkonn-ratastel\/","title":{"rendered":"J\u00e4relt\u00f5mmatav kilpkonn ratastel"},"content":{"rendered":"<div class=\"flex-1 grow overflow-hidden @container\/thread\">\n<div class=\"relative h-full\">\n<div class=\"flex h-full flex-col overflow-y-auto [scrollbar-gutter:stable]\">\n<div class=\"flex flex-col text-sm md:pb-9\">\n<article class=\"w-full text-token-text-primary focus-visible:outline-2 focus-visible:outline-offset-[-4px]\" dir=\"auto\" data-testid=\"conversation-turn-55\" data-scroll-anchor=\"true\">\n<div class=\"text-base my-auto mx-auto py-[18px] px-6\">\n<div class=\"mx-auto flex flex-1 text-base gap-4 md:gap-5 lg:gap-6 md:max-w-3xl lg:max-w-[40rem] xl:max-w-[48rem]\">\n<div class=\"group\/conversation-turn relative flex w-full min-w-0 flex-col agent-turn @xs\/thread:px-0 @sm\/thread:px-1.5 @md\/thread:px-4\">\n<div class=\"flex-col gap-1 md:gap-3\">\n<div class=\"flex max-w-full flex-col flex-grow\">\n<div class=\"min-h-8 text-message relative flex w-full flex-col items-end gap-2 whitespace-normal break-words text-start [.text-message+&amp;]:mt-5\" dir=\"auto\" data-message-author-role=\"assistant\" data-message-id=\"229d26b1-92bc-489b-9c7d-71cc56dd3daa\" data-message-model-slug=\"gpt-4\">\n<div class=\"flex w-full flex-col gap-1 empty:hidden first:pt-[3px]\">\n<div class=\"markdown prose w-full break-words dark:prose-invert light\">\n<p data-start=\"90\" data-end=\"526\"><strong>J\u00e4relt\u00f5mmatav kilpkonn ratastel<\/strong> on m\u00e4nguasi, mis \u00fchendab l\u00f5bu ja \u00f5ppe ning aitab v\u00e4ikestel lastel arendada hoolivust ja vastutust. See atraktiivne ja v\u00e4rvikas kilpkonnakujuline m\u00e4nguasi on disainitud nii, et see k\u00f6idab koheselt lapse t\u00e4helepanu ning kutsub kaasa seda t\u00f5mbama ja uurima. Kilpkonna jalutamisel ratastel tekkivad helid pakuvad helilist naudingut, mis \u00e4rgitab lapse kuulmist\u00e4psust ja helide eristamise v\u00f5imet.<\/p>\n<p data-start=\"528\" data-end=\"555\"><strong data-start=\"531\" data-end=\"555\">Edukas m\u00e4ngukogemus:<\/strong><\/p>\n<ul data-start=\"556\" data-end=\"895\">\n<li data-start=\"556\" data-end=\"761\"><strong data-start=\"558\" data-end=\"588\">\ud83d\udfe2 Ergutavad v\u00e4rvid ja helid:<\/strong> Kilpkonna meeldivad v\u00e4rvid aitavad lastel \u00f5ppida v\u00e4rve eristama. Ratastesse paigutatud pallid tekitavad liikumisel meeldivaid helisid, mis suurendavad lapse kuulmist\u00e4psust ja helide eristamise v\u00f5imet.<\/li>\n<li data-start=\"762\" data-end=\"895\"><strong data-start=\"764\" data-end=\"784\">\ud83d\udfe2 Lapse kaasamine:<\/strong> Pika n\u00f6\u00f6riga kilpkonna saab mugavalt j\u00e4rel vedada, pakkudes seiklusrikkaid m\u00e4nguv\u00f5imalusi nii toas kui v\u00e4ljas.<\/li>\n<\/ul>\n<p data-start=\"897\" data-end=\"1176\"><strong data-start=\"900\" data-end=\"935\">Turvaline ja keskkonnas\u00f5bralik:<\/strong> Valmistatud k\u00f5rgekvaliteedilisest ja mittetoksilisest puidust, mis on ohutu v\u00e4ikestele k\u00e4tele. Puidu vastupidavus ja hoolikas viimistlus tagavad, et m\u00e4nguasi kestab kaua ning on keskkonnas\u00f5bralik valik, aidates v\u00e4hendada s\u00fcsiniku jalaj\u00e4lge.<\/p>\n<p data-start=\"1178\" data-end=\"1203\"><strong data-start=\"1181\" data-end=\"1203\">Tehnilised andmed:<\/strong><\/p>\n<ul data-start=\"1204\" data-end=\"1399\">\n<li data-start=\"1204\" data-end=\"1247\"><strong data-start=\"1206\" data-end=\"1216\">\ud83d\udfe2\u00a0 Vanus:<\/strong> Sobib lastele alates 18 kuust.<\/li>\n<li data-start=\"1248\" data-end=\"1332\"><strong data-start=\"1250\" data-end=\"1262\">\ud83d\udfe2\u00a0 M\u00f5\u00f5tmed:<\/strong> M\u00e4nguasja m\u00f5\u00f5tmed on 19.5 cm x 9 cm x 12.5 cm. N\u00f6\u00f6ri pikkus on 80 cm.<\/li>\n<li data-start=\"1333\" data-end=\"1399\"><strong data-start=\"1335\" data-end=\"1346\">\ud83d\udfe2\u00a0 Pakend:<\/strong> Pakitud atraktiivsesse pappkarpi, ideaalne kingitus.<\/li>\n<\/ul>\n<p data-start=\"1401\" data-end=\"1660\" data-is-last-node=\"\" data-is-only-node=\"\">J\u00e4relt\u00f5mmatav kilpkonn ratastel ei ole lihtsalt m\u00e4nguasi, vaid v\u00e4\u00e4rtuslik kaaslane igale lapsele, pakkudes r\u00f5\u00f5mu ja \u00f5ppev\u00f5imalusi, mis toetavad nende igak\u00fclgset arengut. Uuri ka teisi meie tootevalikut, mis sisaldab p\u00f5nevaid ja arendavaid m\u00e4nguasju lastele. <strong><a href=\"https:\/\/sulin.ee\/tootekategooria\/beebile\/manguasjad\/motoorika-manguasjad-beebile\/\">Leiad siit!<\/a><\/strong><\/p>\n<\/div>\n<\/div>\n<\/div>\n<\/div>\n<\/div>\n<\/div>\n<\/div>\n<\/div>\n<\/article>\n<\/div>\n<\/div>\n<\/div>\n<\/div>\n","protected":false},"excerpt":{"rendered":"<p><strong>J\u00e4relt\u00f5mmatav kilpkonn ratastel<\/strong> on v\u00e4rvikas ja kaasahaarav puidust m\u00e4nguasi, mis pakub lastele r\u00f5\u00f5mu ja \u00f5petab vastutust. Ergutavad v\u00e4rvid ja meeldivad helid tekitavad liikumisel helisid, mis aitavad arendada lapse kuulmist\u00e4psust ja v\u00e4rvi\u00f5pet. Ohutu ja keskkonnas\u00f5bralik, see m\u00e4nguasi on suurep\u00e4rane esimene s\u00f5ber igale v\u00e4ikelapsele.<\/p>\n<p><strong>Sobib lastele alates 18 kuust.<\/strong><\/p>\n<p><strong>Kilpkonna m\u00f5\u00f5tmed:<\/strong> 19.5 x 9 x 12.5 cm.<\/p>\n","protected":false},"featured_media":41088,"comment_status":"open","ping_status":"closed","template":"","meta":[],"product_brand":[],"product_cat":[179,769,1003,1004,110,1162,1164,1002,1023,175,23],"product_tag":[],"class_list":{"0":"post-39102","1":"product","2":"type-product","3":"status-publish","4":"has-post-thumbnail","6":"product_cat-beebile","7":"product_cat-manguasjad","8":"product_cat-motoorika-manguasjad-beebile","9":"product_cat-lukatavad-ja-tommatavad-manguasjad","10":"product_cat-mangimine","11":"product_cat-kingituseks","12":"product_cat-1-3-aastat","13":"product_cat-oppemangud","14":"product_cat-motoorika","15":"product_cat-puidust-manguasjad","16":"product_cat-soodus","17":"has-post-title","18":"has-post-date","19":"has-post-category","20":"has-post-tag","21":"has-post-comment","22":"has-post-author","23":"","25":"first","26":"instock","27":"sale","28":"taxable","29":"shipping-taxable","30":"purchasable","31":"product-type-simple"},"yoast_head":"<!-- This site is optimized with the Yoast SEO plugin v26.8 - https:\/\/yoast.com\/product\/yoast-seo-wordpress\/ -->\n<title>J\u00e4relt\u00f5mmatav kilpkonn ratastel - sulin.ee<\/title>\n<meta name=\"description\" content=\"J\u00e4relt\u00f5mmatav kilpkonn ratastel on ideaalne puidust m\u00e4nguasi, mis stimuleerib laste meeli ergutavate v\u00e4rvide ja helidega ning arendab nende kuulmist\u00e4psust.\" \/>\n<meta name=\"robots\" content=\"index, follow, max-snippet:-1, max-image-preview:large, max-video-preview:-1\" \/>\n<link rel=\"canonical\" href=\"https:\/\/sulin.ee\/en\/toode\/jareltommatav-kilpkonn-ratastel\/\" \/>\n<meta property=\"og:locale\" content=\"en_US\" \/>\n<meta property=\"og:type\" content=\"article\" \/>\n<meta property=\"og:title\" content=\"J\u00e4relt\u00f5mmatav kilpkonn ratastel - sulin.ee\" \/>\n<meta property=\"og:description\" content=\"J\u00e4relt\u00f5mmatav kilpkonn ratastel on ideaalne puidust m\u00e4nguasi, mis stimuleerib laste meeli ergutavate v\u00e4rvide ja helidega ning arendab nende kuulmist\u00e4psust.\" \/>\n<meta property=\"og:url\" content=\"https:\/\/sulin.ee\/en\/toode\/jareltommatav-kilpkonn-ratastel\/\" \/>\n<meta property=\"og:site_name\" content=\"sulin.ee\" \/>\n<meta property=\"article:publisher\" content=\"https:\/\/www.facebook.com\/www.sulin.ee\/\" \/>\n<meta property=\"article:modified_time\" content=\"2025-11-08T15:50:22+00:00\" \/>\n<meta property=\"og:image\" content=\"https:\/\/sulin.ee\/wp-content\/uploads\/2025\/03\/Piltide-korrektuurid-kodulehel-2025-03-06T102942.176.png\" \/>\n\t<meta property=\"og:image:width\" content=\"1080\" \/>\n\t<meta property=\"og:image:height\" content=\"1080\" \/>\n\t<meta property=\"og:image:type\" content=\"image\/png\" \/>\n<meta name=\"twitter:card\" content=\"summary_large_image\" \/>\n<meta name=\"twitter:label1\" content=\"Est. reading time\" \/>\n\t<meta name=\"twitter:data1\" content=\"2 minutes\" \/>\n<script type=\"application\/ld+json\" class=\"yoast-schema-graph\">{\"@context\":\"https:\/\/schema.org\",\"@graph\":[{\"@type\":\"WebPage\",\"@id\":\"https:\/\/sulin.ee\/en\/toode\/jareltommatav-kilpkonn-ratastel\/\",\"url\":\"https:\/\/sulin.ee\/en\/toode\/jareltommatav-kilpkonn-ratastel\/\",\"name\":\"J\u00e4relt\u00f5mmatav kilpkonn ratastel - sulin.ee\",\"isPartOf\":{\"@id\":\"https:\/\/sulin.ee\/en\/#website\"},\"primaryImageOfPage\":{\"@id\":\"https:\/\/sulin.ee\/en\/toode\/jareltommatav-kilpkonn-ratastel\/#primaryimage\"},\"image\":{\"@id\":\"https:\/\/sulin.ee\/en\/toode\/jareltommatav-kilpkonn-ratastel\/#primaryimage\"},\"thumbnailUrl\":\"https:\/\/sulin.ee\/wp-content\/uploads\/2025\/03\/Piltide-korrektuurid-kodulehel-2025-03-06T102942.176.png\",\"datePublished\":\"2025-03-03T13:08:56+00:00\",\"dateModified\":\"2025-11-08T15:50:22+00:00\",\"description\":\"J\u00e4relt\u00f5mmatav kilpkonn ratastel on ideaalne puidust m\u00e4nguasi, mis stimuleerib laste meeli ergutavate v\u00e4rvide ja helidega ning arendab nende kuulmist\u00e4psust.\",\"breadcrumb\":{\"@id\":\"https:\/\/sulin.ee\/en\/toode\/jareltommatav-kilpkonn-ratastel\/#breadcrumb\"},\"inLanguage\":\"en-US\",\"potentialAction\":[{\"@type\":\"ReadAction\",\"target\":[\"https:\/\/sulin.ee\/en\/toode\/jareltommatav-kilpkonn-ratastel\/\"]}]},{\"@type\":\"ImageObject\",\"inLanguage\":\"en-US\",\"@id\":\"https:\/\/sulin.ee\/en\/toode\/jareltommatav-kilpkonn-ratastel\/#primaryimage\",\"url\":\"https:\/\/sulin.ee\/wp-content\/uploads\/2025\/03\/Piltide-korrektuurid-kodulehel-2025-03-06T102942.176.png\",\"contentUrl\":\"https:\/\/sulin.ee\/wp-content\/uploads\/2025\/03\/Piltide-korrektuurid-kodulehel-2025-03-06T102942.176.png\",\"width\":1080,\"height\":1080,\"caption\":\"J\u00e4relt\u00f5mmatav kilpkonn ratastel\"},{\"@type\":\"BreadcrumbList\",\"@id\":\"https:\/\/sulin.ee\/en\/toode\/jareltommatav-kilpkonn-ratastel\/#breadcrumb\",\"itemListElement\":[{\"@type\":\"ListItem\",\"position\":1,\"name\":\"Home\",\"item\":\"https:\/\/sulin.ee\/en\/\"},{\"@type\":\"ListItem\",\"position\":2,\"name\":\"Sulin.ee e-pood\",\"item\":\"https:\/\/sulin.ee\/shop\/\"},{\"@type\":\"ListItem\",\"position\":3,\"name\":\"J\u00e4relt\u00f5mmatav kilpkonn ratastel\"}]},{\"@type\":\"WebSite\",\"@id\":\"https:\/\/sulin.ee\/en\/#website\",\"url\":\"https:\/\/sulin.ee\/en\/\",\"name\":\"sulin.ee\",\"description\":\"\",\"publisher\":{\"@id\":\"https:\/\/sulin.ee\/en\/#organization\"},\"potentialAction\":[{\"@type\":\"SearchAction\",\"target\":{\"@type\":\"EntryPoint\",\"urlTemplate\":\"https:\/\/sulin.ee\/en\/?s={search_term_string}\"},\"query-input\":{\"@type\":\"PropertyValueSpecification\",\"valueRequired\":true,\"valueName\":\"search_term_string\"}}],\"inLanguage\":\"en-US\"},{\"@type\":\"Organization\",\"@id\":\"https:\/\/sulin.ee\/en\/#organization\",\"name\":\"SULIN TRADE O\u00dc\",\"url\":\"https:\/\/sulin.ee\/en\/\",\"logo\":{\"@type\":\"ImageObject\",\"inLanguage\":\"en-US\",\"@id\":\"https:\/\/sulin.ee\/en\/#\/schema\/logo\/image\/\",\"url\":\"https:\/\/sulin.ee\/wp-content\/uploads\/2022\/11\/sulin-logo.png\",\"contentUrl\":\"https:\/\/sulin.ee\/wp-content\/uploads\/2022\/11\/sulin-logo.png\",\"width\":871,\"height\":321,\"caption\":\"SULIN TRADE O\u00dc\"},\"image\":{\"@id\":\"https:\/\/sulin.ee\/en\/#\/schema\/logo\/image\/\"},\"sameAs\":[\"https:\/\/www.facebook.com\/www.sulin.ee\/\",\"https:\/\/www.instagram.com\/sulintrade\/\"]}]}<\/script>\n<!-- \/ Yoast SEO plugin. -->","yoast_head_json":{"title":"J\u00e4relt\u00f5mmatav kilpkonn ratastel - sulin.ee","description":"J\u00e4relt\u00f5mmatav kilpkonn ratastel on ideaalne puidust m\u00e4nguasi, mis stimuleerib laste meeli ergutavate v\u00e4rvide ja helidega ning arendab nende kuulmist\u00e4psust.","robots":{"index":"index","follow":"follow","max-snippet":"max-snippet:-1","max-image-preview":"max-image-preview:large","max-video-preview":"max-video-preview:-1"},"canonical":"https:\/\/sulin.ee\/en\/toode\/jareltommatav-kilpkonn-ratastel\/","og_locale":"en_US","og_type":"article","og_title":"J\u00e4relt\u00f5mmatav kilpkonn ratastel - sulin.ee","og_description":"J\u00e4relt\u00f5mmatav kilpkonn ratastel on ideaalne puidust m\u00e4nguasi, mis stimuleerib laste meeli ergutavate v\u00e4rvide ja helidega ning arendab nende kuulmist\u00e4psust.","og_url":"https:\/\/sulin.ee\/en\/toode\/jareltommatav-kilpkonn-ratastel\/","og_site_name":"sulin.ee","article_publisher":"https:\/\/www.facebook.com\/www.sulin.ee\/","article_modified_time":"2025-11-08T15:50:22+00:00","og_image":[{"width":1080,"height":1080,"url":"https:\/\/sulin.ee\/wp-content\/uploads\/2025\/03\/Piltide-korrektuurid-kodulehel-2025-03-06T102942.176.png","type":"image\/png"}],"twitter_card":"summary_large_image","twitter_misc":{"Est. reading time":"2 minutes"},"schema":{"@context":"https:\/\/schema.org","@graph":[{"@type":"WebPage","@id":"https:\/\/sulin.ee\/en\/toode\/jareltommatav-kilpkonn-ratastel\/","url":"https:\/\/sulin.ee\/en\/toode\/jareltommatav-kilpkonn-ratastel\/","name":"J\u00e4relt\u00f5mmatav kilpkonn ratastel - sulin.ee","isPartOf":{"@id":"https:\/\/sulin.ee\/en\/#website"},"primaryImageOfPage":{"@id":"https:\/\/sulin.ee\/en\/toode\/jareltommatav-kilpkonn-ratastel\/#primaryimage"},"image":{"@id":"https:\/\/sulin.ee\/en\/toode\/jareltommatav-kilpkonn-ratastel\/#primaryimage"},"thumbnailUrl":"https:\/\/sulin.ee\/wp-content\/uploads\/2025\/03\/Piltide-korrektuurid-kodulehel-2025-03-06T102942.176.png","datePublished":"2025-03-03T13:08:56+00:00","dateModified":"2025-11-08T15:50:22+00:00","description":"J\u00e4relt\u00f5mmatav kilpkonn ratastel on ideaalne puidust m\u00e4nguasi, mis stimuleerib laste meeli ergutavate v\u00e4rvide ja helidega ning arendab nende kuulmist\u00e4psust.","breadcrumb":{"@id":"https:\/\/sulin.ee\/en\/toode\/jareltommatav-kilpkonn-ratastel\/#breadcrumb"},"inLanguage":"en-US","potentialAction":[{"@type":"ReadAction","target":["https:\/\/sulin.ee\/en\/toode\/jareltommatav-kilpkonn-ratastel\/"]}]},{"@type":"ImageObject","inLanguage":"en-US","@id":"https:\/\/sulin.ee\/en\/toode\/jareltommatav-kilpkonn-ratastel\/#primaryimage","url":"https:\/\/sulin.ee\/wp-content\/uploads\/2025\/03\/Piltide-korrektuurid-kodulehel-2025-03-06T102942.176.png","contentUrl":"https:\/\/sulin.ee\/wp-content\/uploads\/2025\/03\/Piltide-korrektuurid-kodulehel-2025-03-06T102942.176.png","width":1080,"height":1080,"caption":"J\u00e4relt\u00f5mmatav kilpkonn ratastel"},{"@type":"BreadcrumbList","@id":"https:\/\/sulin.ee\/en\/toode\/jareltommatav-kilpkonn-ratastel\/#breadcrumb","itemListElement":[{"@type":"ListItem","position":1,"name":"Home","item":"https:\/\/sulin.ee\/en\/"},{"@type":"ListItem","position":2,"name":"Sulin.ee e-pood","item":"https:\/\/sulin.ee\/shop\/"},{"@type":"ListItem","position":3,"name":"J\u00e4relt\u00f5mmatav kilpkonn ratastel"}]},{"@type":"WebSite","@id":"https:\/\/sulin.ee\/en\/#website","url":"https:\/\/sulin.ee\/en\/","name":"sulin.ee","description":"","publisher":{"@id":"https:\/\/sulin.ee\/en\/#organization"},"potentialAction":[{"@type":"SearchAction","target":{"@type":"EntryPoint","urlTemplate":"https:\/\/sulin.ee\/en\/?s={search_term_string}"},"query-input":{"@type":"PropertyValueSpecification","valueRequired":true,"valueName":"search_term_string"}}],"inLanguage":"en-US"},{"@type":"Organization","@id":"https:\/\/sulin.ee\/en\/#organization","name":"SULIN TRADE O\u00dc","url":"https:\/\/sulin.ee\/en\/","logo":{"@type":"ImageObject","inLanguage":"en-US","@id":"https:\/\/sulin.ee\/en\/#\/schema\/logo\/image\/","url":"https:\/\/sulin.ee\/wp-content\/uploads\/2022\/11\/sulin-logo.png","contentUrl":"https:\/\/sulin.ee\/wp-content\/uploads\/2022\/11\/sulin-logo.png","width":871,"height":321,"caption":"SULIN TRADE O\u00dc"},"image":{"@id":"https:\/\/sulin.ee\/en\/#\/schema\/logo\/image\/"},"sameAs":["https:\/\/www.facebook.com\/www.sulin.ee\/","https:\/\/www.instagram.com\/sulintrade\/"]}]}},"builder_content":"","_links":{"self":[{"href":"https:\/\/sulin.ee\/en\/wp-json\/wp\/v2\/product\/39102","targetHints":{"allow":["GET"]}}],"collection":[{"href":"https:\/\/sulin.ee\/en\/wp-json\/wp\/v2\/product"}],"about":[{"href":"https:\/\/sulin.ee\/en\/wp-json\/wp\/v2\/types\/product"}],"replies":[{"embeddable":true,"href":"https:\/\/sulin.ee\/en\/wp-json\/wp\/v2\/comments?post=39102"}],"wp:featuredmedia":[{"embeddable":true,"href":"https:\/\/sulin.ee\/en\/wp-json\/wp\/v2\/media\/41088"}],"wp:attachment":[{"href":"https:\/\/sulin.ee\/en\/wp-json\/wp\/v2\/media?parent=39102"}],"wp:term":[{"taxonomy":"product_brand","embeddable":true,"href":"https:\/\/sulin.ee\/en\/wp-json\/wp\/v2\/product_brand?post=39102"},{"taxonomy":"product_cat","embeddable":true,"href":"https:\/\/sulin.ee\/en\/wp-json\/wp\/v2\/product_cat?post=39102"},{"taxonomy":"product_tag","embeddable":true,"href":"https:\/\/sulin.ee\/en\/wp-json\/wp\/v2\/product_tag?post=39102"}],"curies":[{"name":"wp","href":"https:\/\/api.w.org\/{rel}","templated":true}]}}