{"id":39062,"date":"2025-02-19T13:08:43","date_gmt":"2025-02-19T13:08:43","guid":{"rendered":"https:\/\/sulin.ee\/toode\/vahtmaterjalist-puzzle-matt-manguvaljak-36el-dinosaurused-143cm-x-143cm-x1cm\/"},"modified":"2025-03-12T21:03:10","modified_gmt":"2025-03-12T21:03:10","slug":"puslematt-dinosaurused-143-x-143-cm","status":"publish","type":"product","link":"https:\/\/sulin.ee\/en\/toode\/puslematt-dinosaurused-143-x-143-cm\/","title":{"rendered":"Puslematt Dinosaurused 143 x 143 cm"},"content":{"rendered":"<p data-start=\"75\" data-end=\"530\"><strong>Puslematt Dinosaurused<\/strong> on ideaalne lahendus v\u00e4ikelastele, kes avastavad v\u00e4rvide, kujundite ja ruumilise m\u00f5tlemise maailma. Suured vahtplastist puslet\u00fckid pakuvad mitmek\u00fclgseid m\u00e4nguv\u00f5imalusi \u2013 neid saab kasutada nii <strong>mugava m\u00e4nguvaibana kui ka turvalise m\u00e4nguv\u00e4ljakuna<\/strong>, kus laps saab vabalt liikuda ja areneda. Eemaldatavad dinosaurusekujundid muudavad m\u00e4ngu veelgi kaasahaaravamaks, \u00f5petades last kujundeid \u00e4ra tundma ja mustreid \u00f5igesse kohta sobitama.<\/p>\n<p data-start=\"532\" data-end=\"1001\">Puslematt kasvab koos lapsega \u2013 alguses loob see turvalise pehmenduse esimesteks sammudeks, hiljem arendab see peenmotoorikat ja loogilist m\u00f5tlemist. Kerged, kuid vastupidavad puslet\u00fckid saab lihtsalt kokku panna ja vajadusel 3D-kujudeks vormida. Kontrastsed v\u00e4rvid ning karedad tekstuurid stimuleerivad lapse meeli, aidates kaasa tunnetuslike oskuste arengule. T\u00e4nu veekindlale ja kergesti puhastatavale pinnale on puslematt ideaalne valik igap\u00e4evaseks kasutamiseks.<\/p>\n<p data-start=\"1003\" data-end=\"1346\">\u2705 Isolatsioon k\u00fclma vastu<br data-start=\"1028\" data-end=\"1031\" \/>\u2705 Pehmendab kukkumisi<br data-start=\"1049\" data-end=\"1052\" \/>\u2705 Lihtne puhastada<br data-start=\"1070\" data-end=\"1073\" \/>\u2705 Veekindel<br data-start=\"1084\" data-end=\"1087\" \/>\u2705 Eemaldatavad elemendid<br data-start=\"1111\" data-end=\"1114\" \/>\u2705 Saab moodustada 3D-kujusid<br data-start=\"1142\" data-end=\"1145\" \/>\u2705 Kontrastsed v\u00e4rvid<br data-start=\"1165\" data-end=\"1168\" \/>\u2705 Valmistatud elastsest EVA-vahust<br data-start=\"1202\" data-end=\"1205\" \/>\u2705 Kaasaegne disain<br data-start=\"1223\" data-end=\"1226\" \/>\u2705 Suurep\u00e4rane dekoratiivne element<br data-start=\"1260\" data-end=\"1263\" \/>\u2705 Pakendatud praktilisse t\u00f5mblukuga kotti, mis v\u00f5imaldab seda h\u00f5lpsasti s\u00e4ilitada<\/p>\n<p data-start=\"1348\" data-end=\"1372\"><strong data-start=\"1348\" data-end=\"1370\">Tehnilised andmed:<\/strong><\/p>\n<ul data-start=\"1373\" data-end=\"1726\">\n<li data-start=\"1373\" data-end=\"1421\"><strong data-start=\"1375\" data-end=\"1388\">\u2705 Materjal:<\/strong> Elastne ja vastupidav EVA-vaht<\/li>\n<li data-start=\"1422\" data-end=\"1461\"><strong data-start=\"1424\" data-end=\"1435\">\u2705 V\u00e4rvid:<\/strong> Hall, ekr\u00fc, must, pruun<\/li>\n<li data-start=\"1462\" data-end=\"1495\"><strong data-start=\"1464\" data-end=\"1489\">\u2705 Libisemiskindel pind:<\/strong> Jah<\/li>\n<li data-start=\"1496\" data-end=\"1518\"><strong data-start=\"1498\" data-end=\"1512\">\u2705 Veekindel:<\/strong> Jah<\/li>\n<li data-start=\"1519\" data-end=\"1570\"><strong data-start=\"1521\" data-end=\"1547\">\u2705 \u00dche puslet\u00fcki m\u00f5\u00f5tmed:<\/strong> 30 cm x 30 cm x 1 cm<\/li>\n<li data-start=\"1571\" data-end=\"1625\"><strong data-start=\"1573\" data-end=\"1600\">\u2705 Kogu puslemati m\u00f5\u00f5tmed:<\/strong> 143 cm x 143 cm x 1 cm<\/li>\n<li data-start=\"1626\" data-end=\"1679\"><strong data-start=\"1628\" data-end=\"1653\">\u2705 M\u00e4nguv\u00e4ljaku m\u00f5\u00f5tmed:<\/strong> 113 cm x 113 cm x 16 cm<\/li>\n<li data-start=\"1680\" data-end=\"1726\"><strong data-start=\"1682\" data-end=\"1702\">\u2705 Pakendi m\u00f5\u00f5tmed:<\/strong> 30 cm x 30 cm x 25 cm<\/li>\n<\/ul>\n<p data-start=\"1728\" data-end=\"1806\"><strong data-start=\"1728\" data-end=\"1747\">Komplekti sisu:<\/strong><br data-start=\"1747\" data-end=\"1750\" \/>\u2714 16 eemaldatavate osadega puslet\u00fckki<br data-start=\"1787\" data-end=\"1790\" \/>\u2714 20 raamt\u00fckki<\/p>\n<p data-start=\"1808\" data-end=\"2022\" data-is-last-node=\"\" data-is-only-node=\"\">Puslematt Dinosaurused on suurep\u00e4rane valik igale lapsele, pakkudes turvalist, arendavat ja l\u00f5busat m\u00e4ngukeskkonda. <strong data-start=\"1924\" data-end=\"2022\" data-is-last-node=\"\">Tutvu ka meie teiste beebitoa sisustuslahendustega ja loo lapsele mugav ning stiilne keskkond. <a href=\"https:\/\/sulin.ee\/tootekategooria\/moobel\/beebitoa-moobel\/\">Vaata siit!<\/a><\/strong><\/p>\n","protected":false},"excerpt":{"rendered":"<p><strong data-start=\"0\" data-end=\"39\" data-is-only-node=\"\">Puslematt Dinosaurused<\/strong>\u00a0<strong>on pehmest ja vastupidavast EVA-vahust<\/strong> valmistatud turvaline m\u00e4nguala, mis pakub lapsele mugavust ja arendavat tegevust. Eemaldatavad dinosaurusekujundid aitavad \u00f5ppida kujundeid ja arendada motoorseid oskusi, samal ajal kui pehme materjal kaitseb kukkumiste eest. Veekindel ja kergesti puhastatav matt sobib ideaalselt nii m\u00e4nguvaibaks kui ka m\u00e4nguv\u00e4ljaku loomiseks.<\/p>\n<p><strong>M\u00f5\u00f5tmed:<\/strong> 143 x 143 cm.<\/p>\n","protected":false},"featured_media":39081,"comment_status":"open","ping_status":"closed","template":"","meta":[],"product_brand":[],"product_cat":[179,769,1003,1016,1000,1054,1064,23],"product_tag":[],"class_list":{"0":"post-39062","1":"product","2":"type-product","3":"status-publish","4":"has-post-thumbnail","6":"product_cat-beebile","7":"product_cat-manguasjad","8":"product_cat-motoorika-manguasjad-beebile","9":"product_cat-motoorikakeskused","10":"product_cat-pusled-beebidele","11":"product_cat-moobel","12":"product_cat-beebitoa-moobel","13":"product_cat-soodus","14":"has-post-title","15":"has-post-date","16":"has-post-category","17":"has-post-tag","18":"has-post-comment","19":"has-post-author","20":"","22":"first","23":"instock","24":"sale","25":"taxable","26":"shipping-taxable","27":"purchasable","28":"product-type-simple"},"yoast_head":"<!-- This site is optimized with the Yoast SEO plugin v26.8 - https:\/\/yoast.com\/product\/yoast-seo-wordpress\/ -->\n<title>Puslematt Dinosaurused 143 x 143 cm - sulin.ee<\/title>\n<meta name=\"description\" content=\"Puslematt Dinosaurused on pehmest EVA-vahust turvaline ja arendav m\u00e4nguala, mis pakub lapsele mugavust, kujundite \u00f5ppimist ning kaitset kukkumiste eest.\" \/>\n<meta name=\"robots\" content=\"index, follow, max-snippet:-1, max-image-preview:large, max-video-preview:-1\" \/>\n<link rel=\"canonical\" href=\"https:\/\/sulin.ee\/en\/toode\/puslematt-dinosaurused-143-x-143-cm\/\" \/>\n<meta property=\"og:locale\" content=\"en_US\" \/>\n<meta property=\"og:type\" content=\"article\" \/>\n<meta property=\"og:title\" content=\"Puslematt Dinosaurused 143 x 143 cm - sulin.ee\" \/>\n<meta property=\"og:description\" content=\"Puslematt Dinosaurused on pehmest EVA-vahust turvaline ja arendav m\u00e4nguala, mis pakub lapsele mugavust, kujundite \u00f5ppimist ning kaitset kukkumiste eest.\" \/>\n<meta property=\"og:url\" content=\"https:\/\/sulin.ee\/en\/toode\/puslematt-dinosaurused-143-x-143-cm\/\" \/>\n<meta property=\"og:site_name\" content=\"sulin.ee\" \/>\n<meta property=\"article:publisher\" content=\"https:\/\/www.facebook.com\/www.sulin.ee\/\" \/>\n<meta property=\"article:modified_time\" content=\"2025-03-12T21:03:10+00:00\" \/>\n<meta property=\"og:image\" content=\"https:\/\/sulin.ee\/wp-content\/uploads\/2025\/02\/Puzzle-piankowe-mata-kojec-36el-dinozaury-143cm-x-143cm-x1cm-1054261.jpg\" \/>\n\t<meta property=\"og:image:width\" content=\"1024\" \/>\n\t<meta property=\"og:image:height\" content=\"1024\" \/>\n\t<meta property=\"og:image:type\" content=\"image\/jpeg\" \/>\n<meta name=\"twitter:card\" content=\"summary_large_image\" \/>\n<meta name=\"twitter:label1\" content=\"Est. reading time\" \/>\n\t<meta name=\"twitter:data1\" content=\"2 minutes\" \/>\n<script type=\"application\/ld+json\" class=\"yoast-schema-graph\">{\"@context\":\"https:\/\/schema.org\",\"@graph\":[{\"@type\":\"WebPage\",\"@id\":\"https:\/\/sulin.ee\/en\/toode\/puslematt-dinosaurused-143-x-143-cm\/\",\"url\":\"https:\/\/sulin.ee\/en\/toode\/puslematt-dinosaurused-143-x-143-cm\/\",\"name\":\"Puslematt Dinosaurused 143 x 143 cm - sulin.ee\",\"isPartOf\":{\"@id\":\"https:\/\/sulin.ee\/en\/#website\"},\"primaryImageOfPage\":{\"@id\":\"https:\/\/sulin.ee\/en\/toode\/puslematt-dinosaurused-143-x-143-cm\/#primaryimage\"},\"image\":{\"@id\":\"https:\/\/sulin.ee\/en\/toode\/puslematt-dinosaurused-143-x-143-cm\/#primaryimage\"},\"thumbnailUrl\":\"https:\/\/sulin.ee\/wp-content\/uploads\/2025\/02\/Puzzle-piankowe-mata-kojec-36el-dinozaury-143cm-x-143cm-x1cm-1054261.jpg\",\"datePublished\":\"2025-02-19T13:08:43+00:00\",\"dateModified\":\"2025-03-12T21:03:10+00:00\",\"description\":\"Puslematt Dinosaurused on pehmest EVA-vahust turvaline ja arendav m\u00e4nguala, mis pakub lapsele mugavust, kujundite \u00f5ppimist ning kaitset kukkumiste eest.\",\"breadcrumb\":{\"@id\":\"https:\/\/sulin.ee\/en\/toode\/puslematt-dinosaurused-143-x-143-cm\/#breadcrumb\"},\"inLanguage\":\"en-US\",\"potentialAction\":[{\"@type\":\"ReadAction\",\"target\":[\"https:\/\/sulin.ee\/en\/toode\/puslematt-dinosaurused-143-x-143-cm\/\"]}]},{\"@type\":\"ImageObject\",\"inLanguage\":\"en-US\",\"@id\":\"https:\/\/sulin.ee\/en\/toode\/puslematt-dinosaurused-143-x-143-cm\/#primaryimage\",\"url\":\"https:\/\/sulin.ee\/wp-content\/uploads\/2025\/02\/Puzzle-piankowe-mata-kojec-36el-dinozaury-143cm-x-143cm-x1cm-1054261.jpg\",\"contentUrl\":\"https:\/\/sulin.ee\/wp-content\/uploads\/2025\/02\/Puzzle-piankowe-mata-kojec-36el-dinozaury-143cm-x-143cm-x1cm-1054261.jpg\",\"width\":1024,\"height\":1024,\"caption\":\"Puslematt Dinosaurused\"},{\"@type\":\"BreadcrumbList\",\"@id\":\"https:\/\/sulin.ee\/en\/toode\/puslematt-dinosaurused-143-x-143-cm\/#breadcrumb\",\"itemListElement\":[{\"@type\":\"ListItem\",\"position\":1,\"name\":\"Home\",\"item\":\"https:\/\/sulin.ee\/en\/\"},{\"@type\":\"ListItem\",\"position\":2,\"name\":\"Sulin.ee e-pood\",\"item\":\"https:\/\/sulin.ee\/shop\/\"},{\"@type\":\"ListItem\",\"position\":3,\"name\":\"Puslematt Dinosaurused 143 x 143 cm\"}]},{\"@type\":\"WebSite\",\"@id\":\"https:\/\/sulin.ee\/en\/#website\",\"url\":\"https:\/\/sulin.ee\/en\/\",\"name\":\"sulin.ee\",\"description\":\"\",\"publisher\":{\"@id\":\"https:\/\/sulin.ee\/en\/#organization\"},\"potentialAction\":[{\"@type\":\"SearchAction\",\"target\":{\"@type\":\"EntryPoint\",\"urlTemplate\":\"https:\/\/sulin.ee\/en\/?s={search_term_string}\"},\"query-input\":{\"@type\":\"PropertyValueSpecification\",\"valueRequired\":true,\"valueName\":\"search_term_string\"}}],\"inLanguage\":\"en-US\"},{\"@type\":\"Organization\",\"@id\":\"https:\/\/sulin.ee\/en\/#organization\",\"name\":\"SULIN TRADE O\u00dc\",\"url\":\"https:\/\/sulin.ee\/en\/\",\"logo\":{\"@type\":\"ImageObject\",\"inLanguage\":\"en-US\",\"@id\":\"https:\/\/sulin.ee\/en\/#\/schema\/logo\/image\/\",\"url\":\"https:\/\/sulin.ee\/wp-content\/uploads\/2022\/11\/sulin-logo.png\",\"contentUrl\":\"https:\/\/sulin.ee\/wp-content\/uploads\/2022\/11\/sulin-logo.png\",\"width\":871,\"height\":321,\"caption\":\"SULIN TRADE O\u00dc\"},\"image\":{\"@id\":\"https:\/\/sulin.ee\/en\/#\/schema\/logo\/image\/\"},\"sameAs\":[\"https:\/\/www.facebook.com\/www.sulin.ee\/\",\"https:\/\/www.instagram.com\/sulintrade\/\"]}]}<\/script>\n<!-- \/ Yoast SEO plugin. -->","yoast_head_json":{"title":"Puslematt Dinosaurused 143 x 143 cm - sulin.ee","description":"Puslematt Dinosaurused on pehmest EVA-vahust turvaline ja arendav m\u00e4nguala, mis pakub lapsele mugavust, kujundite \u00f5ppimist ning kaitset kukkumiste eest.","robots":{"index":"index","follow":"follow","max-snippet":"max-snippet:-1","max-image-preview":"max-image-preview:large","max-video-preview":"max-video-preview:-1"},"canonical":"https:\/\/sulin.ee\/en\/toode\/puslematt-dinosaurused-143-x-143-cm\/","og_locale":"en_US","og_type":"article","og_title":"Puslematt Dinosaurused 143 x 143 cm - sulin.ee","og_description":"Puslematt Dinosaurused on pehmest EVA-vahust turvaline ja arendav m\u00e4nguala, mis pakub lapsele mugavust, kujundite \u00f5ppimist ning kaitset kukkumiste eest.","og_url":"https:\/\/sulin.ee\/en\/toode\/puslematt-dinosaurused-143-x-143-cm\/","og_site_name":"sulin.ee","article_publisher":"https:\/\/www.facebook.com\/www.sulin.ee\/","article_modified_time":"2025-03-12T21:03:10+00:00","og_image":[{"width":1024,"height":1024,"url":"https:\/\/sulin.ee\/wp-content\/uploads\/2025\/02\/Puzzle-piankowe-mata-kojec-36el-dinozaury-143cm-x-143cm-x1cm-1054261.jpg","type":"image\/jpeg"}],"twitter_card":"summary_large_image","twitter_misc":{"Est. reading time":"2 minutes"},"schema":{"@context":"https:\/\/schema.org","@graph":[{"@type":"WebPage","@id":"https:\/\/sulin.ee\/en\/toode\/puslematt-dinosaurused-143-x-143-cm\/","url":"https:\/\/sulin.ee\/en\/toode\/puslematt-dinosaurused-143-x-143-cm\/","name":"Puslematt Dinosaurused 143 x 143 cm - sulin.ee","isPartOf":{"@id":"https:\/\/sulin.ee\/en\/#website"},"primaryImageOfPage":{"@id":"https:\/\/sulin.ee\/en\/toode\/puslematt-dinosaurused-143-x-143-cm\/#primaryimage"},"image":{"@id":"https:\/\/sulin.ee\/en\/toode\/puslematt-dinosaurused-143-x-143-cm\/#primaryimage"},"thumbnailUrl":"https:\/\/sulin.ee\/wp-content\/uploads\/2025\/02\/Puzzle-piankowe-mata-kojec-36el-dinozaury-143cm-x-143cm-x1cm-1054261.jpg","datePublished":"2025-02-19T13:08:43+00:00","dateModified":"2025-03-12T21:03:10+00:00","description":"Puslematt Dinosaurused on pehmest EVA-vahust turvaline ja arendav m\u00e4nguala, mis pakub lapsele mugavust, kujundite \u00f5ppimist ning kaitset kukkumiste eest.","breadcrumb":{"@id":"https:\/\/sulin.ee\/en\/toode\/puslematt-dinosaurused-143-x-143-cm\/#breadcrumb"},"inLanguage":"en-US","potentialAction":[{"@type":"ReadAction","target":["https:\/\/sulin.ee\/en\/toode\/puslematt-dinosaurused-143-x-143-cm\/"]}]},{"@type":"ImageObject","inLanguage":"en-US","@id":"https:\/\/sulin.ee\/en\/toode\/puslematt-dinosaurused-143-x-143-cm\/#primaryimage","url":"https:\/\/sulin.ee\/wp-content\/uploads\/2025\/02\/Puzzle-piankowe-mata-kojec-36el-dinozaury-143cm-x-143cm-x1cm-1054261.jpg","contentUrl":"https:\/\/sulin.ee\/wp-content\/uploads\/2025\/02\/Puzzle-piankowe-mata-kojec-36el-dinozaury-143cm-x-143cm-x1cm-1054261.jpg","width":1024,"height":1024,"caption":"Puslematt Dinosaurused"},{"@type":"BreadcrumbList","@id":"https:\/\/sulin.ee\/en\/toode\/puslematt-dinosaurused-143-x-143-cm\/#breadcrumb","itemListElement":[{"@type":"ListItem","position":1,"name":"Home","item":"https:\/\/sulin.ee\/en\/"},{"@type":"ListItem","position":2,"name":"Sulin.ee e-pood","item":"https:\/\/sulin.ee\/shop\/"},{"@type":"ListItem","position":3,"name":"Puslematt Dinosaurused 143 x 143 cm"}]},{"@type":"WebSite","@id":"https:\/\/sulin.ee\/en\/#website","url":"https:\/\/sulin.ee\/en\/","name":"sulin.ee","description":"","publisher":{"@id":"https:\/\/sulin.ee\/en\/#organization"},"potentialAction":[{"@type":"SearchAction","target":{"@type":"EntryPoint","urlTemplate":"https:\/\/sulin.ee\/en\/?s={search_term_string}"},"query-input":{"@type":"PropertyValueSpecification","valueRequired":true,"valueName":"search_term_string"}}],"inLanguage":"en-US"},{"@type":"Organization","@id":"https:\/\/sulin.ee\/en\/#organization","name":"SULIN TRADE O\u00dc","url":"https:\/\/sulin.ee\/en\/","logo":{"@type":"ImageObject","inLanguage":"en-US","@id":"https:\/\/sulin.ee\/en\/#\/schema\/logo\/image\/","url":"https:\/\/sulin.ee\/wp-content\/uploads\/2022\/11\/sulin-logo.png","contentUrl":"https:\/\/sulin.ee\/wp-content\/uploads\/2022\/11\/sulin-logo.png","width":871,"height":321,"caption":"SULIN TRADE O\u00dc"},"image":{"@id":"https:\/\/sulin.ee\/en\/#\/schema\/logo\/image\/"},"sameAs":["https:\/\/www.facebook.com\/www.sulin.ee\/","https:\/\/www.instagram.com\/sulintrade\/"]}]}},"builder_content":"","_links":{"self":[{"href":"https:\/\/sulin.ee\/en\/wp-json\/wp\/v2\/product\/39062","targetHints":{"allow":["GET"]}}],"collection":[{"href":"https:\/\/sulin.ee\/en\/wp-json\/wp\/v2\/product"}],"about":[{"href":"https:\/\/sulin.ee\/en\/wp-json\/wp\/v2\/types\/product"}],"replies":[{"embeddable":true,"href":"https:\/\/sulin.ee\/en\/wp-json\/wp\/v2\/comments?post=39062"}],"wp:featuredmedia":[{"embeddable":true,"href":"https:\/\/sulin.ee\/en\/wp-json\/wp\/v2\/media\/39081"}],"wp:attachment":[{"href":"https:\/\/sulin.ee\/en\/wp-json\/wp\/v2\/media?parent=39062"}],"wp:term":[{"taxonomy":"product_brand","embeddable":true,"href":"https:\/\/sulin.ee\/en\/wp-json\/wp\/v2\/product_brand?post=39062"},{"taxonomy":"product_cat","embeddable":true,"href":"https:\/\/sulin.ee\/en\/wp-json\/wp\/v2\/product_cat?post=39062"},{"taxonomy":"product_tag","embeddable":true,"href":"https:\/\/sulin.ee\/en\/wp-json\/wp\/v2\/product_tag?post=39062"}],"curies":[{"name":"wp","href":"https:\/\/api.w.org\/{rel}","templated":true}]}}