{"id":39041,"date":"2025-02-19T13:08:34","date_gmt":"2025-02-19T13:08:34","guid":{"rendered":"https:\/\/sulin.ee\/toode\/vahtmaterjalist-puzzle-matt-manguvaljak-36el-hall-roosa-143cm-x-143cm-x-1cm\/"},"modified":"2025-03-06T11:09:46","modified_gmt":"2025-03-06T11:09:46","slug":"puslematt-hall-roosa-143-x-143-cm","status":"publish","type":"product","link":"https:\/\/sulin.ee\/en\/toode\/puslematt-hall-roosa-143-x-143-cm\/","title":{"rendered":"Puslematt Hall\/Roosa 143 x 143 cm"},"content":{"rendered":"<div class=\"flex max-w-full flex-col flex-grow\">\n<div class=\"min-h-8 text-message relative flex w-full flex-col items-end gap-2 whitespace-normal break-words text-start [.text-message+&amp;]:mt-5\" dir=\"auto\" data-message-author-role=\"assistant\" data-message-id=\"19aef881-add8-4193-a163-7106f7a19e22\" data-message-model-slug=\"gpt-4o\">\n<div class=\"flex w-full flex-col gap-1 empty:hidden first:pt-[3px]\">\n<div class=\"markdown prose w-full break-words dark:prose-invert light\">\n<p data-start=\"68\" data-end=\"515\"><strong>Puslematt Hall\/Roosa on pehmest ja vastupidavast EVA-vahust<\/strong> valmistatud m\u00e4nguala, mis pakub turvalist, arendavat ja loovat tegevust v\u00e4ikelastele. Suured vahtplastist puslet\u00fckid koos eemaldatavate kujunditega aitavad lapsel \u00f5ppida kujundeid, arendada peenmotoorikat ja ergutada loogilist m\u00f5tlemist. Puslematti saab kasutada m\u00e4nguvaibana v\u00f5i kolmem\u00f5\u00f5tmelise m\u00e4nguala loomiseks, pakkudes lapsele mitmek\u00fclgseid v\u00f5imalusi m\u00e4ngimiseks ja avastamiseks.<\/p>\n<p data-start=\"517\" data-end=\"993\">Matt kasvab koos lapsega \u2013 alguses loob see turvalise ja pehme m\u00e4ngupinna, mis kaitseb kukkumiste eest ning hoiab jalad soojas, hiljem muutub see loovaks m\u00e4nguvahendiks, mille abil laps saab kujundeid kokku panna ja erinevaid konstruktsioone luua. T\u00e4nu veekindlale ja kergesti puhastatavale pinnale on puslematt ideaalne igap\u00e4evaseks kasutamiseks. Kontrastsed halli, ekr\u00fc, musta ja roosa toonid loovad modernse ja stiilse v\u00e4limuse, sobitudes suurep\u00e4raselt igasse lastetuppa.<\/p>\n<p data-start=\"995\" data-end=\"1335\">\u2705 Isolatsioon k\u00fclma vastu<br data-start=\"1020\" data-end=\"1023\" \/>\u2705 Neelab kukkumisi<br data-start=\"1041\" data-end=\"1044\" \/>\u2705 Lihtne puhastada<br data-start=\"1062\" data-end=\"1065\" \/>\u2705 Veekindel<br data-start=\"1076\" data-end=\"1079\" \/>\u2705 Eemaldatavad elemendid<br data-start=\"1103\" data-end=\"1106\" \/>\u2705 Saab moodustada 3D-kujusid<br data-start=\"1134\" data-end=\"1137\" \/>\u2705 Kontrastsed v\u00e4rvid<br data-start=\"1157\" data-end=\"1160\" \/>\u2705 Valmistatud elastsest EVA-vahust<br data-start=\"1194\" data-end=\"1197\" \/>\u2705 Kaasaegne disain<br data-start=\"1215\" data-end=\"1218\" \/>\u2705 Suurep\u00e4rane dekoratiivne element<br data-start=\"1252\" data-end=\"1255\" \/>\u2705 Pakendatud praktilisse t\u00f5mblukukotti, mis v\u00f5imaldab seda h\u00f5lpsasti s\u00e4ilitada<\/p>\n<p data-start=\"1337\" data-end=\"1361\"><strong data-start=\"1337\" data-end=\"1359\">Tehnilised andmed:<\/strong><\/p>\n<ul data-start=\"1362\" data-end=\"1715\">\n<li data-start=\"1362\" data-end=\"1410\"><strong data-start=\"1364\" data-end=\"1377\">\u2705 Materjal:<\/strong> Elastne ja vastupidav EVA-vaht<\/li>\n<li data-start=\"1411\" data-end=\"1450\"><strong data-start=\"1413\" data-end=\"1424\">\u2705 V\u00e4rvid:<\/strong> Hall, ekr\u00fc, must, roosa<\/li>\n<li data-start=\"1451\" data-end=\"1484\"><strong data-start=\"1453\" data-end=\"1478\">\u2705 Libisemiskindel pind:<\/strong> Jah<\/li>\n<li data-start=\"1485\" data-end=\"1507\"><strong data-start=\"1487\" data-end=\"1501\">\u2705 Veekindel:<\/strong> Jah<\/li>\n<li data-start=\"1508\" data-end=\"1559\"><strong data-start=\"1510\" data-end=\"1536\">\u2705 \u00dche puslet\u00fcki m\u00f5\u00f5tmed:<\/strong> 30 cm x 30 cm x 1 cm<\/li>\n<li data-start=\"1560\" data-end=\"1614\"><strong data-start=\"1562\" data-end=\"1589\">\u2705 Kogu puslemati m\u00f5\u00f5tmed:<\/strong> 143 cm x 143 cm x 1 cm<\/li>\n<li data-start=\"1615\" data-end=\"1668\"><strong data-start=\"1617\" data-end=\"1642\">\u2705 M\u00e4nguv\u00e4ljaku m\u00f5\u00f5tmed:<\/strong> 113 cm x 113 cm x 16 cm<\/li>\n<li data-start=\"1669\" data-end=\"1715\"><strong data-start=\"1671\" data-end=\"1691\">\u2705 Pakendi m\u00f5\u00f5tmed:<\/strong> 30 cm x 30 cm x 25 cm<\/li>\n<\/ul>\n<p data-start=\"1717\" data-end=\"1799\"><strong data-start=\"1717\" data-end=\"1736\">Komplekti sisu:<\/strong><br data-start=\"1736\" data-end=\"1739\" \/>\u2714 16 eemaldatavate figuuridega puslet\u00fckki<br data-start=\"1780\" data-end=\"1783\" \/>\u2714 20 raamt\u00fckki<\/p>\n<p data-start=\"1801\" data-end=\"2022\" data-is-last-node=\"\" data-is-only-node=\"\">Puslematt Hall\/Roosa pakub turvalist ja arendavat m\u00e4ngukeskkonda igale lapsele, olles samal ajal stiilne lisand lastetuppa. <strong data-start=\"1925\" data-end=\"2022\" data-is-last-node=\"\">Tutvu ka meie teiste beebitoa sisustuslahendustega ja loo lapsele mugav ning kaunis m\u00e4nguala. <a href=\"https:\/\/sulin.ee\/tootekategooria\/moobel\/beebitoa-moobel\/\">Vaata siit!<\/a><\/strong><\/p>\n<\/div>\n<\/div>\n<\/div>\n<\/div>\n","protected":false},"excerpt":{"rendered":"<p><strong data-start=\"0\" data-end=\"24\" data-is-only-node=\"\">Puslematt Hall\/Roosa<\/strong> on pehmest ja vastupidavast EVA-vahust valmistatud turvaline m\u00e4nguala, mis kaitseb last kukkumiste eest ning aitab arendada motoorseid oskusi ja kujundite tundmist. Eemaldatavate elementidega puslet\u00fckke saab kasutada nii m\u00e4nguvaibana kui ka 3D-kujude loomiseks. Veekindel ja kergesti puhastatav matt sobib ideaalselt igasse lastetuppa.<\/p>\n<p><strong> M\u00f5\u00f5tmed:<\/strong> 143 x 143 x 1cm.<\/p>\n","protected":false},"featured_media":39039,"comment_status":"open","ping_status":"closed","template":"","meta":[],"product_brand":[],"product_cat":[179,769,1134,1003,1016,1054,1064,23],"product_tag":[],"class_list":{"0":"post-39041","1":"product","2":"type-product","3":"status-publish","4":"has-post-thumbnail","6":"product_cat-beebile","7":"product_cat-manguasjad","8":"product_cat-vannimanguasjad-beebile","9":"product_cat-motoorika-manguasjad-beebile","10":"product_cat-motoorikakeskused","11":"product_cat-moobel","12":"product_cat-beebitoa-moobel","13":"product_cat-soodus","14":"has-post-title","15":"has-post-date","16":"has-post-category","17":"has-post-tag","18":"has-post-comment","19":"has-post-author","20":"","22":"first","23":"instock","24":"sale","25":"taxable","26":"shipping-taxable","27":"purchasable","28":"product-type-simple"},"yoast_head":"<!-- This site is optimized with the Yoast SEO plugin v26.8 - https:\/\/yoast.com\/product\/yoast-seo-wordpress\/ -->\n<title>Puslematt Hall\/Roosa 143 x 143 cm - sulin.ee<\/title>\n<meta name=\"description\" content=\"Puslematt Hall\/Roosa on pehmest EVA-vahust turvaline ja arendav m\u00e4nguala, mis pakub lapsele mugavust, kujundite \u00f5ppimist ning kaitset kukkumiste eest.\" \/>\n<meta name=\"robots\" content=\"index, follow, max-snippet:-1, max-image-preview:large, max-video-preview:-1\" \/>\n<link rel=\"canonical\" href=\"https:\/\/sulin.ee\/en\/toode\/puslematt-hall-roosa-143-x-143-cm\/\" \/>\n<meta property=\"og:locale\" content=\"en_US\" \/>\n<meta property=\"og:type\" content=\"article\" \/>\n<meta property=\"og:title\" content=\"Puslematt Hall\/Roosa 143 x 143 cm - sulin.ee\" \/>\n<meta property=\"og:description\" content=\"Puslematt Hall\/Roosa on pehmest EVA-vahust turvaline ja arendav m\u00e4nguala, mis pakub lapsele mugavust, kujundite \u00f5ppimist ning kaitset kukkumiste eest.\" \/>\n<meta property=\"og:url\" content=\"https:\/\/sulin.ee\/en\/toode\/puslematt-hall-roosa-143-x-143-cm\/\" \/>\n<meta property=\"og:site_name\" content=\"sulin.ee\" \/>\n<meta property=\"article:publisher\" content=\"https:\/\/www.facebook.com\/www.sulin.ee\/\" \/>\n<meta property=\"article:modified_time\" content=\"2025-03-06T11:09:46+00:00\" \/>\n<meta property=\"og:image\" content=\"https:\/\/sulin.ee\/wp-content\/uploads\/2025\/02\/Puzzle-piankowe-mata-kojec-36el-szaro-rozowa-143cm-x-143cm-x-1cm-1054062.jpg\" \/>\n\t<meta property=\"og:image:width\" content=\"1024\" \/>\n\t<meta property=\"og:image:height\" content=\"1024\" \/>\n\t<meta property=\"og:image:type\" content=\"image\/jpeg\" \/>\n<meta name=\"twitter:card\" content=\"summary_large_image\" \/>\n<meta name=\"twitter:label1\" content=\"Est. reading time\" \/>\n\t<meta name=\"twitter:data1\" content=\"2 minutes\" \/>\n<script type=\"application\/ld+json\" class=\"yoast-schema-graph\">{\"@context\":\"https:\/\/schema.org\",\"@graph\":[{\"@type\":\"WebPage\",\"@id\":\"https:\/\/sulin.ee\/en\/toode\/puslematt-hall-roosa-143-x-143-cm\/\",\"url\":\"https:\/\/sulin.ee\/en\/toode\/puslematt-hall-roosa-143-x-143-cm\/\",\"name\":\"Puslematt Hall\/Roosa 143 x 143 cm - sulin.ee\",\"isPartOf\":{\"@id\":\"https:\/\/sulin.ee\/en\/#website\"},\"primaryImageOfPage\":{\"@id\":\"https:\/\/sulin.ee\/en\/toode\/puslematt-hall-roosa-143-x-143-cm\/#primaryimage\"},\"image\":{\"@id\":\"https:\/\/sulin.ee\/en\/toode\/puslematt-hall-roosa-143-x-143-cm\/#primaryimage\"},\"thumbnailUrl\":\"https:\/\/sulin.ee\/wp-content\/uploads\/2025\/02\/Puzzle-piankowe-mata-kojec-36el-szaro-rozowa-143cm-x-143cm-x-1cm-1054062.jpg\",\"datePublished\":\"2025-02-19T13:08:34+00:00\",\"dateModified\":\"2025-03-06T11:09:46+00:00\",\"description\":\"Puslematt Hall\/Roosa on pehmest EVA-vahust turvaline ja arendav m\u00e4nguala, mis pakub lapsele mugavust, kujundite \u00f5ppimist ning kaitset kukkumiste eest.\",\"breadcrumb\":{\"@id\":\"https:\/\/sulin.ee\/en\/toode\/puslematt-hall-roosa-143-x-143-cm\/#breadcrumb\"},\"inLanguage\":\"en-US\",\"potentialAction\":[{\"@type\":\"ReadAction\",\"target\":[\"https:\/\/sulin.ee\/en\/toode\/puslematt-hall-roosa-143-x-143-cm\/\"]}]},{\"@type\":\"ImageObject\",\"inLanguage\":\"en-US\",\"@id\":\"https:\/\/sulin.ee\/en\/toode\/puslematt-hall-roosa-143-x-143-cm\/#primaryimage\",\"url\":\"https:\/\/sulin.ee\/wp-content\/uploads\/2025\/02\/Puzzle-piankowe-mata-kojec-36el-szaro-rozowa-143cm-x-143cm-x-1cm-1054062.jpg\",\"contentUrl\":\"https:\/\/sulin.ee\/wp-content\/uploads\/2025\/02\/Puzzle-piankowe-mata-kojec-36el-szaro-rozowa-143cm-x-143cm-x-1cm-1054062.jpg\",\"width\":1024,\"height\":1024,\"caption\":\"Puslematt Hall\/Roosa\"},{\"@type\":\"BreadcrumbList\",\"@id\":\"https:\/\/sulin.ee\/en\/toode\/puslematt-hall-roosa-143-x-143-cm\/#breadcrumb\",\"itemListElement\":[{\"@type\":\"ListItem\",\"position\":1,\"name\":\"Home\",\"item\":\"https:\/\/sulin.ee\/en\/\"},{\"@type\":\"ListItem\",\"position\":2,\"name\":\"Sulin.ee e-pood\",\"item\":\"https:\/\/sulin.ee\/shop\/\"},{\"@type\":\"ListItem\",\"position\":3,\"name\":\"Puslematt Hall\/Roosa 143 x 143 cm\"}]},{\"@type\":\"WebSite\",\"@id\":\"https:\/\/sulin.ee\/en\/#website\",\"url\":\"https:\/\/sulin.ee\/en\/\",\"name\":\"sulin.ee\",\"description\":\"\",\"publisher\":{\"@id\":\"https:\/\/sulin.ee\/en\/#organization\"},\"potentialAction\":[{\"@type\":\"SearchAction\",\"target\":{\"@type\":\"EntryPoint\",\"urlTemplate\":\"https:\/\/sulin.ee\/en\/?s={search_term_string}\"},\"query-input\":{\"@type\":\"PropertyValueSpecification\",\"valueRequired\":true,\"valueName\":\"search_term_string\"}}],\"inLanguage\":\"en-US\"},{\"@type\":\"Organization\",\"@id\":\"https:\/\/sulin.ee\/en\/#organization\",\"name\":\"SULIN TRADE O\u00dc\",\"url\":\"https:\/\/sulin.ee\/en\/\",\"logo\":{\"@type\":\"ImageObject\",\"inLanguage\":\"en-US\",\"@id\":\"https:\/\/sulin.ee\/en\/#\/schema\/logo\/image\/\",\"url\":\"https:\/\/sulin.ee\/wp-content\/uploads\/2022\/11\/sulin-logo.png\",\"contentUrl\":\"https:\/\/sulin.ee\/wp-content\/uploads\/2022\/11\/sulin-logo.png\",\"width\":871,\"height\":321,\"caption\":\"SULIN TRADE O\u00dc\"},\"image\":{\"@id\":\"https:\/\/sulin.ee\/en\/#\/schema\/logo\/image\/\"},\"sameAs\":[\"https:\/\/www.facebook.com\/www.sulin.ee\/\",\"https:\/\/www.instagram.com\/sulintrade\/\"]}]}<\/script>\n<!-- \/ Yoast SEO plugin. -->","yoast_head_json":{"title":"Puslematt Hall\/Roosa 143 x 143 cm - sulin.ee","description":"Puslematt Hall\/Roosa on pehmest EVA-vahust turvaline ja arendav m\u00e4nguala, mis pakub lapsele mugavust, kujundite \u00f5ppimist ning kaitset kukkumiste eest.","robots":{"index":"index","follow":"follow","max-snippet":"max-snippet:-1","max-image-preview":"max-image-preview:large","max-video-preview":"max-video-preview:-1"},"canonical":"https:\/\/sulin.ee\/en\/toode\/puslematt-hall-roosa-143-x-143-cm\/","og_locale":"en_US","og_type":"article","og_title":"Puslematt Hall\/Roosa 143 x 143 cm - sulin.ee","og_description":"Puslematt Hall\/Roosa on pehmest EVA-vahust turvaline ja arendav m\u00e4nguala, mis pakub lapsele mugavust, kujundite \u00f5ppimist ning kaitset kukkumiste eest.","og_url":"https:\/\/sulin.ee\/en\/toode\/puslematt-hall-roosa-143-x-143-cm\/","og_site_name":"sulin.ee","article_publisher":"https:\/\/www.facebook.com\/www.sulin.ee\/","article_modified_time":"2025-03-06T11:09:46+00:00","og_image":[{"width":1024,"height":1024,"url":"https:\/\/sulin.ee\/wp-content\/uploads\/2025\/02\/Puzzle-piankowe-mata-kojec-36el-szaro-rozowa-143cm-x-143cm-x-1cm-1054062.jpg","type":"image\/jpeg"}],"twitter_card":"summary_large_image","twitter_misc":{"Est. reading time":"2 minutes"},"schema":{"@context":"https:\/\/schema.org","@graph":[{"@type":"WebPage","@id":"https:\/\/sulin.ee\/en\/toode\/puslematt-hall-roosa-143-x-143-cm\/","url":"https:\/\/sulin.ee\/en\/toode\/puslematt-hall-roosa-143-x-143-cm\/","name":"Puslematt Hall\/Roosa 143 x 143 cm - sulin.ee","isPartOf":{"@id":"https:\/\/sulin.ee\/en\/#website"},"primaryImageOfPage":{"@id":"https:\/\/sulin.ee\/en\/toode\/puslematt-hall-roosa-143-x-143-cm\/#primaryimage"},"image":{"@id":"https:\/\/sulin.ee\/en\/toode\/puslematt-hall-roosa-143-x-143-cm\/#primaryimage"},"thumbnailUrl":"https:\/\/sulin.ee\/wp-content\/uploads\/2025\/02\/Puzzle-piankowe-mata-kojec-36el-szaro-rozowa-143cm-x-143cm-x-1cm-1054062.jpg","datePublished":"2025-02-19T13:08:34+00:00","dateModified":"2025-03-06T11:09:46+00:00","description":"Puslematt Hall\/Roosa on pehmest EVA-vahust turvaline ja arendav m\u00e4nguala, mis pakub lapsele mugavust, kujundite \u00f5ppimist ning kaitset kukkumiste eest.","breadcrumb":{"@id":"https:\/\/sulin.ee\/en\/toode\/puslematt-hall-roosa-143-x-143-cm\/#breadcrumb"},"inLanguage":"en-US","potentialAction":[{"@type":"ReadAction","target":["https:\/\/sulin.ee\/en\/toode\/puslematt-hall-roosa-143-x-143-cm\/"]}]},{"@type":"ImageObject","inLanguage":"en-US","@id":"https:\/\/sulin.ee\/en\/toode\/puslematt-hall-roosa-143-x-143-cm\/#primaryimage","url":"https:\/\/sulin.ee\/wp-content\/uploads\/2025\/02\/Puzzle-piankowe-mata-kojec-36el-szaro-rozowa-143cm-x-143cm-x-1cm-1054062.jpg","contentUrl":"https:\/\/sulin.ee\/wp-content\/uploads\/2025\/02\/Puzzle-piankowe-mata-kojec-36el-szaro-rozowa-143cm-x-143cm-x-1cm-1054062.jpg","width":1024,"height":1024,"caption":"Puslematt Hall\/Roosa"},{"@type":"BreadcrumbList","@id":"https:\/\/sulin.ee\/en\/toode\/puslematt-hall-roosa-143-x-143-cm\/#breadcrumb","itemListElement":[{"@type":"ListItem","position":1,"name":"Home","item":"https:\/\/sulin.ee\/en\/"},{"@type":"ListItem","position":2,"name":"Sulin.ee e-pood","item":"https:\/\/sulin.ee\/shop\/"},{"@type":"ListItem","position":3,"name":"Puslematt Hall\/Roosa 143 x 143 cm"}]},{"@type":"WebSite","@id":"https:\/\/sulin.ee\/en\/#website","url":"https:\/\/sulin.ee\/en\/","name":"sulin.ee","description":"","publisher":{"@id":"https:\/\/sulin.ee\/en\/#organization"},"potentialAction":[{"@type":"SearchAction","target":{"@type":"EntryPoint","urlTemplate":"https:\/\/sulin.ee\/en\/?s={search_term_string}"},"query-input":{"@type":"PropertyValueSpecification","valueRequired":true,"valueName":"search_term_string"}}],"inLanguage":"en-US"},{"@type":"Organization","@id":"https:\/\/sulin.ee\/en\/#organization","name":"SULIN TRADE O\u00dc","url":"https:\/\/sulin.ee\/en\/","logo":{"@type":"ImageObject","inLanguage":"en-US","@id":"https:\/\/sulin.ee\/en\/#\/schema\/logo\/image\/","url":"https:\/\/sulin.ee\/wp-content\/uploads\/2022\/11\/sulin-logo.png","contentUrl":"https:\/\/sulin.ee\/wp-content\/uploads\/2022\/11\/sulin-logo.png","width":871,"height":321,"caption":"SULIN TRADE O\u00dc"},"image":{"@id":"https:\/\/sulin.ee\/en\/#\/schema\/logo\/image\/"},"sameAs":["https:\/\/www.facebook.com\/www.sulin.ee\/","https:\/\/www.instagram.com\/sulintrade\/"]}]}},"builder_content":"","_links":{"self":[{"href":"https:\/\/sulin.ee\/en\/wp-json\/wp\/v2\/product\/39041","targetHints":{"allow":["GET"]}}],"collection":[{"href":"https:\/\/sulin.ee\/en\/wp-json\/wp\/v2\/product"}],"about":[{"href":"https:\/\/sulin.ee\/en\/wp-json\/wp\/v2\/types\/product"}],"replies":[{"embeddable":true,"href":"https:\/\/sulin.ee\/en\/wp-json\/wp\/v2\/comments?post=39041"}],"wp:featuredmedia":[{"embeddable":true,"href":"https:\/\/sulin.ee\/en\/wp-json\/wp\/v2\/media\/39039"}],"wp:attachment":[{"href":"https:\/\/sulin.ee\/en\/wp-json\/wp\/v2\/media?parent=39041"}],"wp:term":[{"taxonomy":"product_brand","embeddable":true,"href":"https:\/\/sulin.ee\/en\/wp-json\/wp\/v2\/product_brand?post=39041"},{"taxonomy":"product_cat","embeddable":true,"href":"https:\/\/sulin.ee\/en\/wp-json\/wp\/v2\/product_cat?post=39041"},{"taxonomy":"product_tag","embeddable":true,"href":"https:\/\/sulin.ee\/en\/wp-json\/wp\/v2\/product_tag?post=39041"}],"curies":[{"name":"wp","href":"https:\/\/api.w.org\/{rel}","templated":true}]}}