{"id":39022,"date":"2025-03-03T13:08:27","date_gmt":"2025-03-03T13:08:27","guid":{"rendered":"https:\/\/sulin.ee\/toode\/puidust-moistatusmangu-malu-4-kaarti\/"},"modified":"2025-03-13T11:40:35","modified_gmt":"2025-03-13T11:40:35","slug":"puidust-malumang-seened","status":"publish","type":"product","link":"https:\/\/sulin.ee\/en\/toode\/puidust-malumang-seened\/","title":{"rendered":"Puidust m\u00e4lum\u00e4ng &#8220;Seened&#8221;"},"content":{"rendered":"<div class=\"flex-1 grow overflow-hidden @container\/thread\">\n<div class=\"relative h-full\">\n<div class=\"flex h-full flex-col overflow-y-auto [scrollbar-gutter:stable]\">\n<div class=\"flex flex-col text-sm md:pb-9\">\n<article class=\"w-full text-token-text-primary focus-visible:outline-2 focus-visible:outline-offset-[-4px]\" dir=\"auto\" data-testid=\"conversation-turn-39\" data-scroll-anchor=\"true\">\n<div class=\"text-base my-auto mx-auto py-[18px] px-6\">\n<div class=\"mx-auto flex flex-1 text-base gap-4 md:gap-5 lg:gap-6 md:max-w-3xl lg:max-w-[40rem] xl:max-w-[48rem]\">\n<div class=\"group\/conversation-turn relative flex w-full min-w-0 flex-col agent-turn @xs\/thread:px-0 @sm\/thread:px-1.5 @md\/thread:px-4\">\n<div class=\"flex-col gap-1 md:gap-3\">\n<div class=\"flex max-w-full flex-col flex-grow\">\n<div class=\"min-h-8 text-message relative flex w-full flex-col items-end gap-2 whitespace-normal break-words text-start [.text-message+&amp;]:mt-5\" dir=\"auto\" data-message-author-role=\"assistant\" data-message-id=\"b3e87ee5-be98-409b-9b08-f26b179435ea\" data-message-model-slug=\"gpt-4\">\n<div class=\"flex w-full flex-col gap-1 empty:hidden first:pt-[3px]\">\n<div class=\"markdown prose w-full break-words dark:prose-invert light\">\n<p data-start=\"67\" data-end=\"324\"><strong>Puidust m\u00e4lum\u00e4ng &#8220;Seened&#8221; <\/strong>pakub lastele v\u00f5imalust \u00f5ppida ja areneda, \u00fchendades l\u00f5bu ja \u00f5ppimise m\u00e4ngulise tegevuse kaudu. M\u00e4ng koosneb lihtsatest reeglitest, mis on loodud spetsiaalselt v\u00e4ikelastele, muutes \u00f5ppimise kergesti m\u00f5istetavaks ja kaasahaaravaks.<\/p>\n<p data-start=\"326\" data-end=\"702\"><strong data-start=\"326\" data-end=\"341\">M\u00e4ngu k\u00e4ik:<\/strong> Vali \u00fcks neljast kaasasolevast kahepoolselt tr\u00fckitud kaardist, l\u00fckka see m\u00e4ngulaua alusele ja j\u00e4ta meelde kujundite asukohad. Kata kujundid siniste &#8220;seentega&#8221;. M\u00e4ngija \u00fclesandeks on seej\u00e4rel korjata seened kahekaupa \u00fcles, et paljastada nende all olevad pildid. Kui mustrid on samad, v\u00f5etakse seened m\u00e4ngust v\u00e4lja punktidena; kui erinevad, kaetakse need uuesti.<\/p>\n<p data-start=\"704\" data-end=\"998\"><strong data-start=\"704\" data-end=\"724\">M\u00e4nguv\u00f5imalused:<\/strong> M\u00e4ngu saab m\u00e4ngida \u00fcksi m\u00e4lu treenimiseks v\u00f5i koos s\u00f5bra v\u00f5i lapsevanemaga, mis lisab konkurentsi elementi ja on suurep\u00e4rane v\u00f5imalus tugevdada peresuhteid. Kogu komplekt on v\u00e4rvik\u00fcllane ja visuaalselt ahvatlev, mis hoiab lapse t\u00e4helepanu ja keskendumist pikema aja v\u00e4ltel.<\/p>\n<p data-start=\"1000\" data-end=\"1305\"><strong data-start=\"1000\" data-end=\"1035\">Turvaline ja vastupidav disain:<\/strong> Kogu toode on valmistatud kvaliteetsest puidust, mis on hoolikalt lihvitud, et v\u00e4listada killustumise oht, muutes m\u00e4nguasja nii vastupidavaks kui ka ohutuks kasutamiseks laste poolt. Igal m\u00e4ngut\u00fckil on mugav k\u00e4epide, mis on ideaalselt sobilik v\u00e4ikestele k\u00e4tele.<\/p>\n<p data-start=\"1307\" data-end=\"1326\"><strong data-start=\"1307\" data-end=\"1326\">Komplekti sisu: <\/strong>M\u00e4ngulaud, 4 kahepoolset m\u00e4ngukaarti, 16 &#8220;seent&#8221;<\/p>\n<p data-start=\"1381\" data-end=\"1393\"><strong data-start=\"1381\" data-end=\"1393\">M\u00f5\u00f5tmed:<\/strong><\/p>\n<ul data-start=\"1394\" data-end=\"1512\">\n<li data-start=\"1394\" data-end=\"1424\"><strong data-start=\"1166\" data-end=\"1186\">\ud83d\udfe2 M\u00e4ngulaud:<\/strong> 18 cm x 18 cm x 1 cm<\/li>\n<li data-start=\"1425\" data-end=\"1445\"><strong data-start=\"1166\" data-end=\"1186\">\ud83d\udfe2 Kaart:<\/strong> 16 cm x 16 cm<\/li>\n<li data-start=\"1446\" data-end=\"1473\"><strong data-start=\"1166\" data-end=\"1186\">\ud83d\udfe2 Seened:<\/strong> 2.5 cm<\/li>\n<li data-start=\"1474\" data-end=\"1512\"><strong data-start=\"1166\" data-end=\"1186\">\ud83d\udfe2 Pakendi m\u00f5\u00f5tmed:<\/strong> 18 cm x 18 cm x 2.5 cm<\/li>\n<\/ul>\n<p data-start=\"1611\" data-end=\"1851\" data-is-last-node=\"\" data-is-only-node=\"\">Puidust m\u00e4lum\u00e4ng &#8220;Seened&#8221; on suurep\u00e4rane vahend igale lapsele, kes armastab \u00f5ppida m\u00e4ngides. Samuti soovitame tutvuda meie teiste m\u00e4nguasjadega, mis arendavad m\u00e4lu ja loovust, et leida veelgi rohkem v\u00f5imalusi oma lapse arengu toetamiseks. <strong><a href=\"https:\/\/sulin.ee\/tootekategooria\/mangimine\/lauamangud\/\">Leiad siit!<\/a><\/strong><\/p>\n<\/div>\n<\/div>\n<\/div>\n<\/div>\n<\/div>\n<\/div>\n<\/div>\n<\/div>\n<\/article>\n<\/div>\n<\/div>\n<\/div>\n<\/div>\n","protected":false},"excerpt":{"rendered":"<p><strong>Puidust m\u00e4lum\u00e4ng &#8220;Seened&#8221;<\/strong> on l\u00f5bus ja kaasahaarav lauam\u00e4ng, mis \u00fchendab endas m\u00e4ngulise \u00f5ppimise ja arendab laste m\u00e4lu ning t\u00e4helepanelikkust. M\u00e4ng sisaldab v\u00e4rvikaid kaarte ja siniseid seeni, millega laps saab m\u00e4ngides oma m\u00e4lu proovile panna. Komplekt on valmistatud kvaliteetsest puidust, tagades ohutu m\u00e4ngukogemuse.<\/p>\n<p><strong>Komplektis:<\/strong> m\u00e4ngulaud, 4 kahepoolset kaarti ja 16 seent.<\/p>\n","protected":false},"featured_media":39020,"comment_status":"open","ping_status":"closed","template":"","meta":[],"product_brand":[],"product_cat":[110,1162,1165,1166,942,175,23],"product_tag":[],"class_list":{"0":"post-39022","1":"product","2":"type-product","3":"status-publish","4":"has-post-thumbnail","6":"product_cat-mangimine","7":"product_cat-kingituseks","8":"product_cat-3-5-aastat","9":"product_cat-6-8-aastat","10":"product_cat-lauamangud","11":"product_cat-puidust-manguasjad","12":"product_cat-soodus","13":"has-post-title","14":"has-post-date","15":"has-post-category","16":"has-post-tag","17":"has-post-comment","18":"has-post-author","19":"","21":"first","22":"instock","23":"sale","24":"taxable","25":"shipping-taxable","26":"purchasable","27":"product-type-simple"},"yoast_head":"<!-- This site is optimized with the Yoast SEO plugin v26.8 - https:\/\/yoast.com\/product\/yoast-seo-wordpress\/ -->\n<title>Puidust m\u00e4lum\u00e4ng &quot;Seened&quot; - sulin.ee<\/title>\n<meta name=\"description\" content=\"Puidust m\u00e4lum\u00e4ng &quot;Seened&quot;, mis on l\u00f5bus ja hariv lauam\u00e4ng, t\u00e4iuslik lastele m\u00e4lu ja keskendumisoskuste arendamiseks. Valmistatud puidust.\" \/>\n<meta name=\"robots\" content=\"index, follow, max-snippet:-1, max-image-preview:large, max-video-preview:-1\" \/>\n<link rel=\"canonical\" href=\"https:\/\/sulin.ee\/en\/toode\/puidust-malumang-seened\/\" \/>\n<meta property=\"og:locale\" content=\"en_US\" \/>\n<meta property=\"og:type\" content=\"article\" \/>\n<meta property=\"og:title\" content=\"Puidust m\u00e4lum\u00e4ng &quot;Seened&quot; - sulin.ee\" \/>\n<meta property=\"og:description\" content=\"Puidust m\u00e4lum\u00e4ng &quot;Seened&quot;, mis on l\u00f5bus ja hariv lauam\u00e4ng, t\u00e4iuslik lastele m\u00e4lu ja keskendumisoskuste arendamiseks. Valmistatud puidust.\" \/>\n<meta property=\"og:url\" content=\"https:\/\/sulin.ee\/en\/toode\/puidust-malumang-seened\/\" \/>\n<meta property=\"og:site_name\" content=\"sulin.ee\" \/>\n<meta property=\"article:publisher\" content=\"https:\/\/www.facebook.com\/www.sulin.ee\/\" \/>\n<meta property=\"article:modified_time\" content=\"2025-03-13T11:40:35+00:00\" \/>\n<meta property=\"og:image\" content=\"https:\/\/sulin.ee\/wp-content\/uploads\/2025\/02\/Puzzle-drewniane-gra-planszowa-memory-4-karty-140001.jpg\" \/>\n\t<meta property=\"og:image:width\" content=\"1024\" \/>\n\t<meta property=\"og:image:height\" content=\"1024\" \/>\n\t<meta property=\"og:image:type\" content=\"image\/jpeg\" \/>\n<meta name=\"twitter:card\" content=\"summary_large_image\" \/>\n<meta name=\"twitter:label1\" content=\"Est. reading time\" \/>\n\t<meta name=\"twitter:data1\" content=\"2 minutes\" \/>\n<script type=\"application\/ld+json\" class=\"yoast-schema-graph\">{\"@context\":\"https:\/\/schema.org\",\"@graph\":[{\"@type\":\"WebPage\",\"@id\":\"https:\/\/sulin.ee\/en\/toode\/puidust-malumang-seened\/\",\"url\":\"https:\/\/sulin.ee\/en\/toode\/puidust-malumang-seened\/\",\"name\":\"Puidust m\u00e4lum\u00e4ng \\\"Seened\\\" - sulin.ee\",\"isPartOf\":{\"@id\":\"https:\/\/sulin.ee\/en\/#website\"},\"primaryImageOfPage\":{\"@id\":\"https:\/\/sulin.ee\/en\/toode\/puidust-malumang-seened\/#primaryimage\"},\"image\":{\"@id\":\"https:\/\/sulin.ee\/en\/toode\/puidust-malumang-seened\/#primaryimage\"},\"thumbnailUrl\":\"https:\/\/sulin.ee\/wp-content\/uploads\/2025\/02\/Puzzle-drewniane-gra-planszowa-memory-4-karty-140001.jpg\",\"datePublished\":\"2025-03-03T13:08:27+00:00\",\"dateModified\":\"2025-03-13T11:40:35+00:00\",\"description\":\"Puidust m\u00e4lum\u00e4ng \\\"Seened\\\", mis on l\u00f5bus ja hariv lauam\u00e4ng, t\u00e4iuslik lastele m\u00e4lu ja keskendumisoskuste arendamiseks. Valmistatud puidust.\",\"breadcrumb\":{\"@id\":\"https:\/\/sulin.ee\/en\/toode\/puidust-malumang-seened\/#breadcrumb\"},\"inLanguage\":\"en-US\",\"potentialAction\":[{\"@type\":\"ReadAction\",\"target\":[\"https:\/\/sulin.ee\/en\/toode\/puidust-malumang-seened\/\"]}]},{\"@type\":\"ImageObject\",\"inLanguage\":\"en-US\",\"@id\":\"https:\/\/sulin.ee\/en\/toode\/puidust-malumang-seened\/#primaryimage\",\"url\":\"https:\/\/sulin.ee\/wp-content\/uploads\/2025\/02\/Puzzle-drewniane-gra-planszowa-memory-4-karty-140001.jpg\",\"contentUrl\":\"https:\/\/sulin.ee\/wp-content\/uploads\/2025\/02\/Puzzle-drewniane-gra-planszowa-memory-4-karty-140001.jpg\",\"width\":1024,\"height\":1024,\"caption\":\"Puidust m\u00e4lum\u00e4ng \\\"Seened\\\"\"},{\"@type\":\"BreadcrumbList\",\"@id\":\"https:\/\/sulin.ee\/en\/toode\/puidust-malumang-seened\/#breadcrumb\",\"itemListElement\":[{\"@type\":\"ListItem\",\"position\":1,\"name\":\"Home\",\"item\":\"https:\/\/sulin.ee\/en\/\"},{\"@type\":\"ListItem\",\"position\":2,\"name\":\"Sulin.ee e-pood\",\"item\":\"https:\/\/sulin.ee\/shop\/\"},{\"@type\":\"ListItem\",\"position\":3,\"name\":\"Puidust m\u00e4lum\u00e4ng &#8220;Seened&#8221;\"}]},{\"@type\":\"WebSite\",\"@id\":\"https:\/\/sulin.ee\/en\/#website\",\"url\":\"https:\/\/sulin.ee\/en\/\",\"name\":\"sulin.ee\",\"description\":\"\",\"publisher\":{\"@id\":\"https:\/\/sulin.ee\/en\/#organization\"},\"potentialAction\":[{\"@type\":\"SearchAction\",\"target\":{\"@type\":\"EntryPoint\",\"urlTemplate\":\"https:\/\/sulin.ee\/en\/?s={search_term_string}\"},\"query-input\":{\"@type\":\"PropertyValueSpecification\",\"valueRequired\":true,\"valueName\":\"search_term_string\"}}],\"inLanguage\":\"en-US\"},{\"@type\":\"Organization\",\"@id\":\"https:\/\/sulin.ee\/en\/#organization\",\"name\":\"SULIN TRADE O\u00dc\",\"url\":\"https:\/\/sulin.ee\/en\/\",\"logo\":{\"@type\":\"ImageObject\",\"inLanguage\":\"en-US\",\"@id\":\"https:\/\/sulin.ee\/en\/#\/schema\/logo\/image\/\",\"url\":\"https:\/\/sulin.ee\/wp-content\/uploads\/2022\/11\/sulin-logo.png\",\"contentUrl\":\"https:\/\/sulin.ee\/wp-content\/uploads\/2022\/11\/sulin-logo.png\",\"width\":871,\"height\":321,\"caption\":\"SULIN TRADE O\u00dc\"},\"image\":{\"@id\":\"https:\/\/sulin.ee\/en\/#\/schema\/logo\/image\/\"},\"sameAs\":[\"https:\/\/www.facebook.com\/www.sulin.ee\/\",\"https:\/\/www.instagram.com\/sulintrade\/\"]}]}<\/script>\n<!-- \/ Yoast SEO plugin. -->","yoast_head_json":{"title":"Puidust m\u00e4lum\u00e4ng \"Seened\" - sulin.ee","description":"Puidust m\u00e4lum\u00e4ng \"Seened\", mis on l\u00f5bus ja hariv lauam\u00e4ng, t\u00e4iuslik lastele m\u00e4lu ja keskendumisoskuste arendamiseks. Valmistatud puidust.","robots":{"index":"index","follow":"follow","max-snippet":"max-snippet:-1","max-image-preview":"max-image-preview:large","max-video-preview":"max-video-preview:-1"},"canonical":"https:\/\/sulin.ee\/en\/toode\/puidust-malumang-seened\/","og_locale":"en_US","og_type":"article","og_title":"Puidust m\u00e4lum\u00e4ng \"Seened\" - sulin.ee","og_description":"Puidust m\u00e4lum\u00e4ng \"Seened\", mis on l\u00f5bus ja hariv lauam\u00e4ng, t\u00e4iuslik lastele m\u00e4lu ja keskendumisoskuste arendamiseks. Valmistatud puidust.","og_url":"https:\/\/sulin.ee\/en\/toode\/puidust-malumang-seened\/","og_site_name":"sulin.ee","article_publisher":"https:\/\/www.facebook.com\/www.sulin.ee\/","article_modified_time":"2025-03-13T11:40:35+00:00","og_image":[{"width":1024,"height":1024,"url":"https:\/\/sulin.ee\/wp-content\/uploads\/2025\/02\/Puzzle-drewniane-gra-planszowa-memory-4-karty-140001.jpg","type":"image\/jpeg"}],"twitter_card":"summary_large_image","twitter_misc":{"Est. reading time":"2 minutes"},"schema":{"@context":"https:\/\/schema.org","@graph":[{"@type":"WebPage","@id":"https:\/\/sulin.ee\/en\/toode\/puidust-malumang-seened\/","url":"https:\/\/sulin.ee\/en\/toode\/puidust-malumang-seened\/","name":"Puidust m\u00e4lum\u00e4ng \"Seened\" - sulin.ee","isPartOf":{"@id":"https:\/\/sulin.ee\/en\/#website"},"primaryImageOfPage":{"@id":"https:\/\/sulin.ee\/en\/toode\/puidust-malumang-seened\/#primaryimage"},"image":{"@id":"https:\/\/sulin.ee\/en\/toode\/puidust-malumang-seened\/#primaryimage"},"thumbnailUrl":"https:\/\/sulin.ee\/wp-content\/uploads\/2025\/02\/Puzzle-drewniane-gra-planszowa-memory-4-karty-140001.jpg","datePublished":"2025-03-03T13:08:27+00:00","dateModified":"2025-03-13T11:40:35+00:00","description":"Puidust m\u00e4lum\u00e4ng \"Seened\", mis on l\u00f5bus ja hariv lauam\u00e4ng, t\u00e4iuslik lastele m\u00e4lu ja keskendumisoskuste arendamiseks. Valmistatud puidust.","breadcrumb":{"@id":"https:\/\/sulin.ee\/en\/toode\/puidust-malumang-seened\/#breadcrumb"},"inLanguage":"en-US","potentialAction":[{"@type":"ReadAction","target":["https:\/\/sulin.ee\/en\/toode\/puidust-malumang-seened\/"]}]},{"@type":"ImageObject","inLanguage":"en-US","@id":"https:\/\/sulin.ee\/en\/toode\/puidust-malumang-seened\/#primaryimage","url":"https:\/\/sulin.ee\/wp-content\/uploads\/2025\/02\/Puzzle-drewniane-gra-planszowa-memory-4-karty-140001.jpg","contentUrl":"https:\/\/sulin.ee\/wp-content\/uploads\/2025\/02\/Puzzle-drewniane-gra-planszowa-memory-4-karty-140001.jpg","width":1024,"height":1024,"caption":"Puidust m\u00e4lum\u00e4ng \"Seened\""},{"@type":"BreadcrumbList","@id":"https:\/\/sulin.ee\/en\/toode\/puidust-malumang-seened\/#breadcrumb","itemListElement":[{"@type":"ListItem","position":1,"name":"Home","item":"https:\/\/sulin.ee\/en\/"},{"@type":"ListItem","position":2,"name":"Sulin.ee e-pood","item":"https:\/\/sulin.ee\/shop\/"},{"@type":"ListItem","position":3,"name":"Puidust m\u00e4lum\u00e4ng &#8220;Seened&#8221;"}]},{"@type":"WebSite","@id":"https:\/\/sulin.ee\/en\/#website","url":"https:\/\/sulin.ee\/en\/","name":"sulin.ee","description":"","publisher":{"@id":"https:\/\/sulin.ee\/en\/#organization"},"potentialAction":[{"@type":"SearchAction","target":{"@type":"EntryPoint","urlTemplate":"https:\/\/sulin.ee\/en\/?s={search_term_string}"},"query-input":{"@type":"PropertyValueSpecification","valueRequired":true,"valueName":"search_term_string"}}],"inLanguage":"en-US"},{"@type":"Organization","@id":"https:\/\/sulin.ee\/en\/#organization","name":"SULIN TRADE O\u00dc","url":"https:\/\/sulin.ee\/en\/","logo":{"@type":"ImageObject","inLanguage":"en-US","@id":"https:\/\/sulin.ee\/en\/#\/schema\/logo\/image\/","url":"https:\/\/sulin.ee\/wp-content\/uploads\/2022\/11\/sulin-logo.png","contentUrl":"https:\/\/sulin.ee\/wp-content\/uploads\/2022\/11\/sulin-logo.png","width":871,"height":321,"caption":"SULIN TRADE O\u00dc"},"image":{"@id":"https:\/\/sulin.ee\/en\/#\/schema\/logo\/image\/"},"sameAs":["https:\/\/www.facebook.com\/www.sulin.ee\/","https:\/\/www.instagram.com\/sulintrade\/"]}]}},"builder_content":"","_links":{"self":[{"href":"https:\/\/sulin.ee\/en\/wp-json\/wp\/v2\/product\/39022","targetHints":{"allow":["GET"]}}],"collection":[{"href":"https:\/\/sulin.ee\/en\/wp-json\/wp\/v2\/product"}],"about":[{"href":"https:\/\/sulin.ee\/en\/wp-json\/wp\/v2\/types\/product"}],"replies":[{"embeddable":true,"href":"https:\/\/sulin.ee\/en\/wp-json\/wp\/v2\/comments?post=39022"}],"wp:featuredmedia":[{"embeddable":true,"href":"https:\/\/sulin.ee\/en\/wp-json\/wp\/v2\/media\/39020"}],"wp:attachment":[{"href":"https:\/\/sulin.ee\/en\/wp-json\/wp\/v2\/media?parent=39022"}],"wp:term":[{"taxonomy":"product_brand","embeddable":true,"href":"https:\/\/sulin.ee\/en\/wp-json\/wp\/v2\/product_brand?post=39022"},{"taxonomy":"product_cat","embeddable":true,"href":"https:\/\/sulin.ee\/en\/wp-json\/wp\/v2\/product_cat?post=39022"},{"taxonomy":"product_tag","embeddable":true,"href":"https:\/\/sulin.ee\/en\/wp-json\/wp\/v2\/product_tag?post=39022"}],"curies":[{"name":"wp","href":"https:\/\/api.w.org\/{rel}","templated":true}]}}