{"id":39003,"date":"2025-02-19T13:08:21","date_gmt":"2025-02-19T13:08:21","guid":{"rendered":"https:\/\/sulin.ee\/toode\/plastikust-maalikomplekt-kohvris-145el-roosa\/"},"modified":"2026-01-18T19:52:24","modified_gmt":"2026-01-18T19:52:24","slug":"kunstitarvikute-komplekt-roosas-kohvris-145-osaline","status":"publish","type":"product","link":"https:\/\/sulin.ee\/en\/toode\/kunstitarvikute-komplekt-roosas-kohvris-145-osaline\/","title":{"rendered":"Kunstitarvikute komplekt roosas kohvris 145-osaline"},"content":{"rendered":"<p><strong>Kunstitarvikute komplektiga roosas kohvris, 145-osaline<\/strong> on mitmek\u00fclgne komplekt, mis sisaldab k\u00f5ike, mida noored kunstnikud vajavad, et avastada oma kunstialaseid kirgi ja v\u00e4ljendada end erinevate meediumite kaudu.<\/p>\n<div class=\"flex max-w-full flex-col flex-grow\">\n<div class=\"min-h-8 text-message relative flex w-full flex-col items-end gap-2 whitespace-normal break-words text-start [.text-message+&amp;]:mt-5\" dir=\"auto\" data-message-author-role=\"assistant\" data-message-id=\"af4b1974-1e16-472f-a293-a9a971a4a2fb\" data-message-model-slug=\"gpt-4\">\n<div class=\"flex w-full flex-col gap-1 empty:hidden first:pt-[3px]\">\n<div class=\"markdown prose w-full break-words dark:prose-invert light\">\n<p data-start=\"344\" data-end=\"375\"><strong data-start=\"344\" data-end=\"375\">Komplekti sisu ja omadused:<\/strong><\/p>\n<ul data-start=\"376\" data-end=\"1139\">\n<li data-start=\"376\" data-end=\"450\"><strong data-start=\"378\" data-end=\"393\">\ud83d\udfe2 33 markerit<\/strong> erksates v\u00e4rvides, mis v\u00f5imaldavad sujuvat joonistamist.<\/li>\n<li data-start=\"451\" data-end=\"543\"><strong data-start=\"453\" data-end=\"474\">\ud83d\udfe2 28 v\u00e4rvipliiatsit<\/strong> rikkalike pigmentidega, ideaalsed detailsete joonistuste tegemiseks.<\/li>\n<li data-start=\"544\" data-end=\"644\"><strong data-start=\"546\" data-end=\"560\">\ud83d\udfe2 4 pintslit<\/strong> erinevates suurustes, mis sobivad nii akvarelli kui ka muude v\u00e4rvidega maalimiseks.<\/li>\n<li data-start=\"645\" data-end=\"741\"><strong data-start=\"647\" data-end=\"672\">\ud83d\udfe2 2 harilikku pliiatsit<\/strong> ja <strong data-start=\"676\" data-end=\"695\">2 kustutuskummi<\/strong> joonistuste parandamiseks ja viimistlemiseks.<\/li>\n<li data-start=\"742\" data-end=\"804\"><strong data-start=\"744\" data-end=\"771\">\ud83d\udfe2 2 plastist v\u00e4rvipaletti<\/strong> segamiseks ja toonide loomiseks.<\/li>\n<li data-start=\"805\" data-end=\"881\"><strong data-start=\"807\" data-end=\"819\">\ud83d\udfe2 Teritaja<\/strong> hoidmaks pliiatseid teravad ja valmis igaks kunstiprojektiks.<\/li>\n<li data-start=\"882\" data-end=\"971\"><strong data-start=\"884\" data-end=\"904\">\ud83d\udfe2 24 akvarellv\u00e4rvi<\/strong> paletis, mis on ideaalne alustavatele ja edasij\u00f5udnud kunstnikele.<\/li>\n<li data-start=\"972\" data-end=\"1044\"><strong data-start=\"974\" data-end=\"995\">\ud83d\udfe2 24 v\u00e4rvi tuubides<\/strong>, mis pakuvad rikkalikku ja intensiivset katvust.<\/li>\n<li data-start=\"1045\" data-end=\"1139\" data-is-only-node=\"\"><strong data-start=\"1047\" data-end=\"1065\">\ud83d\udfe2 24 \u00f5lipastelli<\/strong>, mis on suurep\u00e4rased nii tekstuuride loomiseks kui ka v\u00e4rvide segamiseks.<\/li>\n<\/ul>\n<p data-start=\"1141\" data-end=\"1163\"><strong data-start=\"1141\" data-end=\"1163\">M\u00f5\u00f5tmed ja pakend:<\/strong><\/p>\n<ul data-start=\"1164\" data-end=\"1369\">\n<li data-start=\"1164\" data-end=\"1190\"><strong data-start=\"1166\" data-end=\"1186\">\ud83d\udfe2 V\u00e4rvimaht torus:<\/strong> 6 ml<\/li>\n<li data-start=\"1191\" data-end=\"1229\"><strong data-start=\"1193\" data-end=\"1225\">\ud83d\udfe2 V\u00e4rvikriitide pikkus:<\/strong> 7 cm<\/li>\n<li data-start=\"1230\" data-end=\"1267\"><strong data-start=\"1232\" data-end=\"1260\">\ud83d\udfe2 Pliiatsite pikkus:<\/strong> 17.5 cm<\/li>\n<li data-start=\"1293\" data-end=\"1326\"><strong data-start=\"1295\" data-end=\"1320\">\ud83d\udfe2 V\u00e4rvipaleti l\u00e4bim\u00f5\u00f5t:<\/strong> 8.5 cm<\/li>\n<li data-start=\"1327\" data-end=\"1369\"><strong data-start=\"1329\" data-end=\"1347\">\ud83d\udfe2 Karbi m\u00f5\u00f5tmed:<\/strong> 34 cm x 23.5 cm x 8.5 cm<\/li>\n<\/ul>\n<p data-start=\"1371\" data-end=\"1604\">Kogu komplekt on pakitud praktilisse ja stiilsesse roosasse plastist kohvrisse, mis mitte ainult ei kaitse tarvikuid, vaid on ka lihtsalt kaasaskantav, tagades, et kunstnikud saavad oma tarvikud kaasa v\u00f5tta \u00fcksk\u00f5ik kuhu.<\/p>\n<p data-start=\"1606\" data-end=\"1811\" data-is-last-node=\"\" data-is-only-node=\"\">See <strong data-start=\"1610\" data-end=\"1650\">145-osaline kunstitarvikute komplekt<\/strong> on ideaalne kingitus igale lapsele, kes armastab kunsti ja loomingulist v\u00e4ljendust, pakkudes k\u00f5ike vajalikku, et katsetada erinevaid kunstitehnikaid ja -stiile.<\/p>\n<p data-start=\"1606\" data-end=\"1811\" data-is-last-node=\"\" data-is-only-node=\"\">Tutvuge ka meie laia valiku teiste kunstitarvikutega, mis innustavad ja toetavad igas vanuses loomeinimesi nende kunstialastes ettev\u00f5tmistes. <strong><a href=\"https:\/\/sulin.ee\/tootekategooria\/mangimine\/kunstivahendid\/\">Leiad siit!<\/a><\/strong><\/p>\n<\/div>\n<\/div>\n<\/div>\n<\/div>\n","protected":false},"excerpt":{"rendered":"<p><strong>Kunstitarvikute komplekt roosas kohvris<\/strong>\u00a0pakub noortele kunstnikele k\u00f5ike vajalikku loominguliseks v\u00e4ljenduseks.<\/p>\n<p><strong>Komplekt sisaldab<\/strong> markerid, v\u00e4rvipliiatsid, pintslid, akvarellid ja palju muud, k\u00f5ik pakitud stiilsesse ja praktilisse roosasse kohvrisse. Ideaalne vahend igale lapsele, kes armastab joonistada ja maalida.<\/p>\n","protected":false},"featured_media":41085,"comment_status":"open","ping_status":"closed","template":"","meta":[],"product_brand":[],"product_cat":[110,1165,1166,102,927,1018,23],"product_tag":[],"class_list":{"0":"post-39003","1":"product","2":"type-product","3":"status-publish","4":"has-post-thumbnail","6":"product_cat-mangimine","7":"product_cat-3-5-aastat","8":"product_cat-6-8-aastat","9":"product_cat-kunstivahendid","10":"product_cat-joonistamine","11":"product_cat-maalimine","12":"product_cat-soodus","13":"has-post-title","14":"has-post-date","15":"has-post-category","16":"has-post-tag","17":"has-post-comment","18":"has-post-author","19":"","21":"first","22":"instock","23":"sale","24":"taxable","25":"shipping-taxable","26":"purchasable","27":"product-type-simple"},"yoast_head":"<!-- This site is optimized with the Yoast SEO plugin v26.8 - https:\/\/yoast.com\/product\/yoast-seo-wordpress\/ -->\n<title>Kunstitarvikute komplekt roosas kohvris 145-osaline - sulin.ee<\/title>\n<meta name=\"description\" content=\"Kunstitarvikute komplekt roosas kohvris on ideaalne komplekt noortele kunstnikele, mis sisaldab erinevaid vahendeid loominguliseks v\u00e4ljenduseks.\" \/>\n<meta name=\"robots\" content=\"index, follow, max-snippet:-1, max-image-preview:large, max-video-preview:-1\" \/>\n<link rel=\"canonical\" href=\"https:\/\/sulin.ee\/en\/toode\/kunstitarvikute-komplekt-roosas-kohvris-145-osaline\/\" \/>\n<meta property=\"og:locale\" content=\"en_US\" \/>\n<meta property=\"og:type\" content=\"article\" \/>\n<meta property=\"og:title\" content=\"Kunstitarvikute komplekt roosas kohvris 145-osaline - sulin.ee\" \/>\n<meta property=\"og:description\" content=\"Kunstitarvikute komplekt roosas kohvris on ideaalne komplekt noortele kunstnikele, mis sisaldab erinevaid vahendeid loominguliseks v\u00e4ljenduseks.\" \/>\n<meta property=\"og:url\" content=\"https:\/\/sulin.ee\/en\/toode\/kunstitarvikute-komplekt-roosas-kohvris-145-osaline\/\" \/>\n<meta property=\"og:site_name\" content=\"sulin.ee\" \/>\n<meta property=\"article:publisher\" content=\"https:\/\/www.facebook.com\/www.sulin.ee\/\" \/>\n<meta property=\"article:modified_time\" content=\"2026-01-18T19:52:24+00:00\" \/>\n<meta property=\"og:image\" content=\"https:\/\/sulin.ee\/wp-content\/uploads\/2025\/02\/Piltide-korrektuurid-kodulehel-2025-03-06T100625.269.png\" \/>\n\t<meta property=\"og:image:width\" content=\"1080\" \/>\n\t<meta property=\"og:image:height\" content=\"1080\" \/>\n\t<meta property=\"og:image:type\" content=\"image\/png\" \/>\n<meta name=\"twitter:card\" content=\"summary_large_image\" \/>\n<meta name=\"twitter:label1\" content=\"Est. reading time\" \/>\n\t<meta name=\"twitter:data1\" content=\"2 minutes\" \/>\n<script type=\"application\/ld+json\" class=\"yoast-schema-graph\">{\"@context\":\"https:\/\/schema.org\",\"@graph\":[{\"@type\":\"WebPage\",\"@id\":\"https:\/\/sulin.ee\/en\/toode\/kunstitarvikute-komplekt-roosas-kohvris-145-osaline\/\",\"url\":\"https:\/\/sulin.ee\/en\/toode\/kunstitarvikute-komplekt-roosas-kohvris-145-osaline\/\",\"name\":\"Kunstitarvikute komplekt roosas kohvris 145-osaline - sulin.ee\",\"isPartOf\":{\"@id\":\"https:\/\/sulin.ee\/en\/#website\"},\"primaryImageOfPage\":{\"@id\":\"https:\/\/sulin.ee\/en\/toode\/kunstitarvikute-komplekt-roosas-kohvris-145-osaline\/#primaryimage\"},\"image\":{\"@id\":\"https:\/\/sulin.ee\/en\/toode\/kunstitarvikute-komplekt-roosas-kohvris-145-osaline\/#primaryimage\"},\"thumbnailUrl\":\"https:\/\/sulin.ee\/wp-content\/uploads\/2025\/02\/Piltide-korrektuurid-kodulehel-2025-03-06T100625.269.png\",\"datePublished\":\"2025-02-19T13:08:21+00:00\",\"dateModified\":\"2026-01-18T19:52:24+00:00\",\"description\":\"Kunstitarvikute komplekt roosas kohvris on ideaalne komplekt noortele kunstnikele, mis sisaldab erinevaid vahendeid loominguliseks v\u00e4ljenduseks.\",\"breadcrumb\":{\"@id\":\"https:\/\/sulin.ee\/en\/toode\/kunstitarvikute-komplekt-roosas-kohvris-145-osaline\/#breadcrumb\"},\"inLanguage\":\"en-US\",\"potentialAction\":[{\"@type\":\"ReadAction\",\"target\":[\"https:\/\/sulin.ee\/en\/toode\/kunstitarvikute-komplekt-roosas-kohvris-145-osaline\/\"]}]},{\"@type\":\"ImageObject\",\"inLanguage\":\"en-US\",\"@id\":\"https:\/\/sulin.ee\/en\/toode\/kunstitarvikute-komplekt-roosas-kohvris-145-osaline\/#primaryimage\",\"url\":\"https:\/\/sulin.ee\/wp-content\/uploads\/2025\/02\/Piltide-korrektuurid-kodulehel-2025-03-06T100625.269.png\",\"contentUrl\":\"https:\/\/sulin.ee\/wp-content\/uploads\/2025\/02\/Piltide-korrektuurid-kodulehel-2025-03-06T100625.269.png\",\"width\":1080,\"height\":1080,\"caption\":\"Kunstitarvikute komplekt roosas kohvris\"},{\"@type\":\"BreadcrumbList\",\"@id\":\"https:\/\/sulin.ee\/en\/toode\/kunstitarvikute-komplekt-roosas-kohvris-145-osaline\/#breadcrumb\",\"itemListElement\":[{\"@type\":\"ListItem\",\"position\":1,\"name\":\"Home\",\"item\":\"https:\/\/sulin.ee\/en\/\"},{\"@type\":\"ListItem\",\"position\":2,\"name\":\"Sulin.ee e-pood\",\"item\":\"https:\/\/sulin.ee\/shop\/\"},{\"@type\":\"ListItem\",\"position\":3,\"name\":\"Kunstitarvikute komplekt roosas kohvris 145-osaline\"}]},{\"@type\":\"WebSite\",\"@id\":\"https:\/\/sulin.ee\/en\/#website\",\"url\":\"https:\/\/sulin.ee\/en\/\",\"name\":\"sulin.ee\",\"description\":\"\",\"publisher\":{\"@id\":\"https:\/\/sulin.ee\/en\/#organization\"},\"potentialAction\":[{\"@type\":\"SearchAction\",\"target\":{\"@type\":\"EntryPoint\",\"urlTemplate\":\"https:\/\/sulin.ee\/en\/?s={search_term_string}\"},\"query-input\":{\"@type\":\"PropertyValueSpecification\",\"valueRequired\":true,\"valueName\":\"search_term_string\"}}],\"inLanguage\":\"en-US\"},{\"@type\":\"Organization\",\"@id\":\"https:\/\/sulin.ee\/en\/#organization\",\"name\":\"SULIN TRADE O\u00dc\",\"url\":\"https:\/\/sulin.ee\/en\/\",\"logo\":{\"@type\":\"ImageObject\",\"inLanguage\":\"en-US\",\"@id\":\"https:\/\/sulin.ee\/en\/#\/schema\/logo\/image\/\",\"url\":\"https:\/\/sulin.ee\/wp-content\/uploads\/2022\/11\/sulin-logo.png\",\"contentUrl\":\"https:\/\/sulin.ee\/wp-content\/uploads\/2022\/11\/sulin-logo.png\",\"width\":871,\"height\":321,\"caption\":\"SULIN TRADE O\u00dc\"},\"image\":{\"@id\":\"https:\/\/sulin.ee\/en\/#\/schema\/logo\/image\/\"},\"sameAs\":[\"https:\/\/www.facebook.com\/www.sulin.ee\/\",\"https:\/\/www.instagram.com\/sulintrade\/\"]}]}<\/script>\n<!-- \/ Yoast SEO plugin. -->","yoast_head_json":{"title":"Kunstitarvikute komplekt roosas kohvris 145-osaline - sulin.ee","description":"Kunstitarvikute komplekt roosas kohvris on ideaalne komplekt noortele kunstnikele, mis sisaldab erinevaid vahendeid loominguliseks v\u00e4ljenduseks.","robots":{"index":"index","follow":"follow","max-snippet":"max-snippet:-1","max-image-preview":"max-image-preview:large","max-video-preview":"max-video-preview:-1"},"canonical":"https:\/\/sulin.ee\/en\/toode\/kunstitarvikute-komplekt-roosas-kohvris-145-osaline\/","og_locale":"en_US","og_type":"article","og_title":"Kunstitarvikute komplekt roosas kohvris 145-osaline - sulin.ee","og_description":"Kunstitarvikute komplekt roosas kohvris on ideaalne komplekt noortele kunstnikele, mis sisaldab erinevaid vahendeid loominguliseks v\u00e4ljenduseks.","og_url":"https:\/\/sulin.ee\/en\/toode\/kunstitarvikute-komplekt-roosas-kohvris-145-osaline\/","og_site_name":"sulin.ee","article_publisher":"https:\/\/www.facebook.com\/www.sulin.ee\/","article_modified_time":"2026-01-18T19:52:24+00:00","og_image":[{"width":1080,"height":1080,"url":"https:\/\/sulin.ee\/wp-content\/uploads\/2025\/02\/Piltide-korrektuurid-kodulehel-2025-03-06T100625.269.png","type":"image\/png"}],"twitter_card":"summary_large_image","twitter_misc":{"Est. reading time":"2 minutes"},"schema":{"@context":"https:\/\/schema.org","@graph":[{"@type":"WebPage","@id":"https:\/\/sulin.ee\/en\/toode\/kunstitarvikute-komplekt-roosas-kohvris-145-osaline\/","url":"https:\/\/sulin.ee\/en\/toode\/kunstitarvikute-komplekt-roosas-kohvris-145-osaline\/","name":"Kunstitarvikute komplekt roosas kohvris 145-osaline - sulin.ee","isPartOf":{"@id":"https:\/\/sulin.ee\/en\/#website"},"primaryImageOfPage":{"@id":"https:\/\/sulin.ee\/en\/toode\/kunstitarvikute-komplekt-roosas-kohvris-145-osaline\/#primaryimage"},"image":{"@id":"https:\/\/sulin.ee\/en\/toode\/kunstitarvikute-komplekt-roosas-kohvris-145-osaline\/#primaryimage"},"thumbnailUrl":"https:\/\/sulin.ee\/wp-content\/uploads\/2025\/02\/Piltide-korrektuurid-kodulehel-2025-03-06T100625.269.png","datePublished":"2025-02-19T13:08:21+00:00","dateModified":"2026-01-18T19:52:24+00:00","description":"Kunstitarvikute komplekt roosas kohvris on ideaalne komplekt noortele kunstnikele, mis sisaldab erinevaid vahendeid loominguliseks v\u00e4ljenduseks.","breadcrumb":{"@id":"https:\/\/sulin.ee\/en\/toode\/kunstitarvikute-komplekt-roosas-kohvris-145-osaline\/#breadcrumb"},"inLanguage":"en-US","potentialAction":[{"@type":"ReadAction","target":["https:\/\/sulin.ee\/en\/toode\/kunstitarvikute-komplekt-roosas-kohvris-145-osaline\/"]}]},{"@type":"ImageObject","inLanguage":"en-US","@id":"https:\/\/sulin.ee\/en\/toode\/kunstitarvikute-komplekt-roosas-kohvris-145-osaline\/#primaryimage","url":"https:\/\/sulin.ee\/wp-content\/uploads\/2025\/02\/Piltide-korrektuurid-kodulehel-2025-03-06T100625.269.png","contentUrl":"https:\/\/sulin.ee\/wp-content\/uploads\/2025\/02\/Piltide-korrektuurid-kodulehel-2025-03-06T100625.269.png","width":1080,"height":1080,"caption":"Kunstitarvikute komplekt roosas kohvris"},{"@type":"BreadcrumbList","@id":"https:\/\/sulin.ee\/en\/toode\/kunstitarvikute-komplekt-roosas-kohvris-145-osaline\/#breadcrumb","itemListElement":[{"@type":"ListItem","position":1,"name":"Home","item":"https:\/\/sulin.ee\/en\/"},{"@type":"ListItem","position":2,"name":"Sulin.ee e-pood","item":"https:\/\/sulin.ee\/shop\/"},{"@type":"ListItem","position":3,"name":"Kunstitarvikute komplekt roosas kohvris 145-osaline"}]},{"@type":"WebSite","@id":"https:\/\/sulin.ee\/en\/#website","url":"https:\/\/sulin.ee\/en\/","name":"sulin.ee","description":"","publisher":{"@id":"https:\/\/sulin.ee\/en\/#organization"},"potentialAction":[{"@type":"SearchAction","target":{"@type":"EntryPoint","urlTemplate":"https:\/\/sulin.ee\/en\/?s={search_term_string}"},"query-input":{"@type":"PropertyValueSpecification","valueRequired":true,"valueName":"search_term_string"}}],"inLanguage":"en-US"},{"@type":"Organization","@id":"https:\/\/sulin.ee\/en\/#organization","name":"SULIN TRADE O\u00dc","url":"https:\/\/sulin.ee\/en\/","logo":{"@type":"ImageObject","inLanguage":"en-US","@id":"https:\/\/sulin.ee\/en\/#\/schema\/logo\/image\/","url":"https:\/\/sulin.ee\/wp-content\/uploads\/2022\/11\/sulin-logo.png","contentUrl":"https:\/\/sulin.ee\/wp-content\/uploads\/2022\/11\/sulin-logo.png","width":871,"height":321,"caption":"SULIN TRADE O\u00dc"},"image":{"@id":"https:\/\/sulin.ee\/en\/#\/schema\/logo\/image\/"},"sameAs":["https:\/\/www.facebook.com\/www.sulin.ee\/","https:\/\/www.instagram.com\/sulintrade\/"]}]}},"builder_content":"","_links":{"self":[{"href":"https:\/\/sulin.ee\/en\/wp-json\/wp\/v2\/product\/39003","targetHints":{"allow":["GET"]}}],"collection":[{"href":"https:\/\/sulin.ee\/en\/wp-json\/wp\/v2\/product"}],"about":[{"href":"https:\/\/sulin.ee\/en\/wp-json\/wp\/v2\/types\/product"}],"replies":[{"embeddable":true,"href":"https:\/\/sulin.ee\/en\/wp-json\/wp\/v2\/comments?post=39003"}],"wp:featuredmedia":[{"embeddable":true,"href":"https:\/\/sulin.ee\/en\/wp-json\/wp\/v2\/media\/41085"}],"wp:attachment":[{"href":"https:\/\/sulin.ee\/en\/wp-json\/wp\/v2\/media?parent=39003"}],"wp:term":[{"taxonomy":"product_brand","embeddable":true,"href":"https:\/\/sulin.ee\/en\/wp-json\/wp\/v2\/product_brand?post=39003"},{"taxonomy":"product_cat","embeddable":true,"href":"https:\/\/sulin.ee\/en\/wp-json\/wp\/v2\/product_cat?post=39003"},{"taxonomy":"product_tag","embeddable":true,"href":"https:\/\/sulin.ee\/en\/wp-json\/wp\/v2\/product_tag?post=39003"}],"curies":[{"name":"wp","href":"https:\/\/api.w.org\/{rel}","templated":true}]}}