{"id":38963,"date":"2025-02-19T12:44:15","date_gmt":"2025-02-19T12:44:15","guid":{"rendered":"https:\/\/sulin.ee\/toode\/plastist-maalikomplekt-kandekotis-123el\/"},"modified":"2025-11-22T12:58:37","modified_gmt":"2025-11-22T12:58:37","slug":"kunstitarvete-kohver-123-osaline","status":"publish","type":"product","link":"https:\/\/sulin.ee\/en\/toode\/kunstitarvete-kohver-123-osaline\/","title":{"rendered":"Kunstitarvete kohver 123-osaline"},"content":{"rendered":"<p data-start=\"81\" data-end=\"363\"><strong>Kunstitarvete kohver 123-osaline on k\u00f5ikeh\u00f5lmav komplekt, mis sisaldab k\u00f5iki vajalikke vahendeid, et tuua oma kunstiline visioon ellu. T\u00e4iuslik valik nii algajatele kui ka edasij\u00f5udnud kunstnikele.<\/strong><\/p>\n<p data-start=\"81\" data-end=\"363\">See mitmek\u00fclgne kunstitarvete kohver v\u00f5imaldab teil avastada ja rakendada mitmeid kunstitehnikaid alates joonistamisest ja maalimisest kuni visandamiseks ja varjutamiseni. Puidust kohver mitte ainult ei h\u00f5lbusta vahendite organiseerimist ja transportimist, vaid lisab ka esteetilist v\u00e4\u00e4rtust, muutes selle ideaalseks kingituseks igale vanusele ja oskustasemele. Kujutlusv\u00f5ime ja loovus saavad selles komplektis uue hingamise, pakkudes l\u00f5putuid v\u00f5imalusi kunstiliseks enesev\u00e4ljenduseks.<\/p>\n<p data-start=\"81\" data-end=\"363\"><strong> Komplekti kuulub:<\/strong><\/p>\n<ul data-start=\"365\" data-end=\"983\">\n<li data-start=\"365\" data-end=\"442\">\u2714\ufe0f <strong data-start=\"370\" data-end=\"381\">V\u00e4rvid:<\/strong> 18 v\u00e4rvi purkides, 6 v\u00e4rvi tuubis, 16 \u00f5liv\u00e4rvi, 10 akr\u00fc\u00fclv\u00e4rvi<\/li>\n<li data-start=\"443\" data-end=\"582\">\u2714\ufe0f <strong data-start=\"448\" data-end=\"470\">Joonistusvahendid:<\/strong> 18 markerit, 4 loomamotiiviga v\u00e4rvipliiatsit, 6 ristk\u00fclikukujulist v\u00e4rvipliiatsit, 16 kriiti, 16 \u00f5lipastelli<\/li>\n<li data-start=\"583\" data-end=\"712\">\u2714\ufe0f <strong data-start=\"588\" data-end=\"601\">Tarvikud:<\/strong> 1 liim, 1 joonlaud (15 cm), 2 pintslit, 4 kirjaklambrit, 2 pliiatsit, 2 kustutuskummi, 1 teritaja<\/li>\n<li data-start=\"713\" data-end=\"941\">\u2714\ufe0f <strong>Kohvri m\u00f5\u00f5tmed:<\/strong> 37.5 cm x 23.5 cm x 8 cm<\/li>\n<\/ul>\n<p><strong>Soovitatav vanus: 3+ aastat.<\/strong><\/p>\n<p>\u00c4rge unustage tutvuda ka meie teiste kunstivahenditega, mis v\u00f5imaldavad veelgi rohkem loovust ja mitmek\u00fclgsust. <a href=\"https:\/\/sulin.ee\/tootekategooria\/mangimine\/kunstivahendid\/\">Leiad siit.<\/a><\/p>\n","protected":false},"excerpt":{"rendered":"<p><strong>Kunstitarvete kohver 123-osaline pakub k\u00f5ike, mida vajate kunstiliste visioonide elluviimiseks. See universaalne komplekt sisaldab laia valikut joonistus- ja maalimisvahendeid, sealhulgas v\u00e4rve, pliiatseid ja pastelle, mis sobivad igas vanuses ja oskustasemega kunstnikele. Praktiline ja esteetiliselt meeldiv puidust kohver teeb vahendite organiseerimise ja transportimise lihtsaks, muutes selle ideaalseks kingituseks. Avastage ja rakendage mitmeid kunstitehnikaid, mis annavad uue hingamise teie kujutlusv\u00f5imele ja loovusele.<\/strong><\/p>\n","protected":false},"featured_media":40316,"comment_status":"open","ping_status":"closed","template":"","meta":[],"product_brand":[],"product_cat":[110,1162,1165,1166,102,927,1018,1017,23],"product_tag":[],"class_list":{"0":"post-38963","1":"product","2":"type-product","3":"status-publish","4":"has-post-thumbnail","6":"product_cat-mangimine","7":"product_cat-kingituseks","8":"product_cat-3-5-aastat","9":"product_cat-6-8-aastat","10":"product_cat-kunstivahendid","11":"product_cat-joonistamine","12":"product_cat-maalimine","13":"product_cat-meisterdamine","14":"product_cat-soodus","15":"has-post-title","16":"has-post-date","17":"has-post-category","18":"has-post-tag","19":"has-post-comment","20":"has-post-author","21":"","23":"first","24":"instock","25":"sale","26":"taxable","27":"shipping-taxable","28":"purchasable","29":"product-type-simple"},"yoast_head":"<!-- This site is optimized with the Yoast SEO plugin v26.8 - https:\/\/yoast.com\/product\/yoast-seo-wordpress\/ -->\n<title>Kunstitarvete kohver 123-osaline - sulin.ee<\/title>\n<meta name=\"description\" content=\"Kunstitarvete kohver 123-osaline on t\u00e4iuslik komplekt k\u00f5ikidele kunstihuvilistele, pakkudes laia valikut vahendeid erinevateks kunstitehnikateks.\" \/>\n<meta name=\"robots\" content=\"index, follow, max-snippet:-1, max-image-preview:large, max-video-preview:-1\" \/>\n<link rel=\"canonical\" href=\"https:\/\/sulin.ee\/en\/toode\/kunstitarvete-kohver-123-osaline\/\" \/>\n<meta property=\"og:locale\" content=\"en_US\" \/>\n<meta property=\"og:type\" content=\"article\" \/>\n<meta property=\"og:title\" content=\"Kunstitarvete kohver 123-osaline - sulin.ee\" \/>\n<meta property=\"og:description\" content=\"Kunstitarvete kohver 123-osaline on t\u00e4iuslik komplekt k\u00f5ikidele kunstihuvilistele, pakkudes laia valikut vahendeid erinevateks kunstitehnikateks.\" \/>\n<meta property=\"og:url\" content=\"https:\/\/sulin.ee\/en\/toode\/kunstitarvete-kohver-123-osaline\/\" \/>\n<meta property=\"og:site_name\" content=\"sulin.ee\" \/>\n<meta property=\"article:publisher\" content=\"https:\/\/www.facebook.com\/www.sulin.ee\/\" \/>\n<meta property=\"article:modified_time\" content=\"2025-11-22T12:58:37+00:00\" \/>\n<meta property=\"og:image\" content=\"https:\/\/sulin.ee\/wp-content\/uploads\/2025\/02\/Kunstitarvete-kohver.png\" \/>\n\t<meta property=\"og:image:width\" content=\"1080\" \/>\n\t<meta property=\"og:image:height\" content=\"1080\" \/>\n\t<meta property=\"og:image:type\" content=\"image\/png\" \/>\n<meta name=\"twitter:card\" content=\"summary_large_image\" \/>\n<meta name=\"twitter:label1\" content=\"Est. reading time\" \/>\n\t<meta name=\"twitter:data1\" content=\"2 minutes\" \/>\n<script type=\"application\/ld+json\" class=\"yoast-schema-graph\">{\"@context\":\"https:\/\/schema.org\",\"@graph\":[{\"@type\":\"WebPage\",\"@id\":\"https:\/\/sulin.ee\/en\/toode\/kunstitarvete-kohver-123-osaline\/\",\"url\":\"https:\/\/sulin.ee\/en\/toode\/kunstitarvete-kohver-123-osaline\/\",\"name\":\"Kunstitarvete kohver 123-osaline - sulin.ee\",\"isPartOf\":{\"@id\":\"https:\/\/sulin.ee\/en\/#website\"},\"primaryImageOfPage\":{\"@id\":\"https:\/\/sulin.ee\/en\/toode\/kunstitarvete-kohver-123-osaline\/#primaryimage\"},\"image\":{\"@id\":\"https:\/\/sulin.ee\/en\/toode\/kunstitarvete-kohver-123-osaline\/#primaryimage\"},\"thumbnailUrl\":\"https:\/\/sulin.ee\/wp-content\/uploads\/2025\/02\/Kunstitarvete-kohver.png\",\"datePublished\":\"2025-02-19T12:44:15+00:00\",\"dateModified\":\"2025-11-22T12:58:37+00:00\",\"description\":\"Kunstitarvete kohver 123-osaline on t\u00e4iuslik komplekt k\u00f5ikidele kunstihuvilistele, pakkudes laia valikut vahendeid erinevateks kunstitehnikateks.\",\"breadcrumb\":{\"@id\":\"https:\/\/sulin.ee\/en\/toode\/kunstitarvete-kohver-123-osaline\/#breadcrumb\"},\"inLanguage\":\"en-US\",\"potentialAction\":[{\"@type\":\"ReadAction\",\"target\":[\"https:\/\/sulin.ee\/en\/toode\/kunstitarvete-kohver-123-osaline\/\"]}]},{\"@type\":\"ImageObject\",\"inLanguage\":\"en-US\",\"@id\":\"https:\/\/sulin.ee\/en\/toode\/kunstitarvete-kohver-123-osaline\/#primaryimage\",\"url\":\"https:\/\/sulin.ee\/wp-content\/uploads\/2025\/02\/Kunstitarvete-kohver.png\",\"contentUrl\":\"https:\/\/sulin.ee\/wp-content\/uploads\/2025\/02\/Kunstitarvete-kohver.png\",\"width\":1080,\"height\":1080,\"caption\":\"Kunstitarvete kohver\"},{\"@type\":\"BreadcrumbList\",\"@id\":\"https:\/\/sulin.ee\/en\/toode\/kunstitarvete-kohver-123-osaline\/#breadcrumb\",\"itemListElement\":[{\"@type\":\"ListItem\",\"position\":1,\"name\":\"Home\",\"item\":\"https:\/\/sulin.ee\/en\/\"},{\"@type\":\"ListItem\",\"position\":2,\"name\":\"Sulin.ee e-pood\",\"item\":\"https:\/\/sulin.ee\/shop\/\"},{\"@type\":\"ListItem\",\"position\":3,\"name\":\"Kunstitarvete kohver 123-osaline\"}]},{\"@type\":\"WebSite\",\"@id\":\"https:\/\/sulin.ee\/en\/#website\",\"url\":\"https:\/\/sulin.ee\/en\/\",\"name\":\"sulin.ee\",\"description\":\"\",\"publisher\":{\"@id\":\"https:\/\/sulin.ee\/en\/#organization\"},\"potentialAction\":[{\"@type\":\"SearchAction\",\"target\":{\"@type\":\"EntryPoint\",\"urlTemplate\":\"https:\/\/sulin.ee\/en\/?s={search_term_string}\"},\"query-input\":{\"@type\":\"PropertyValueSpecification\",\"valueRequired\":true,\"valueName\":\"search_term_string\"}}],\"inLanguage\":\"en-US\"},{\"@type\":\"Organization\",\"@id\":\"https:\/\/sulin.ee\/en\/#organization\",\"name\":\"SULIN TRADE O\u00dc\",\"url\":\"https:\/\/sulin.ee\/en\/\",\"logo\":{\"@type\":\"ImageObject\",\"inLanguage\":\"en-US\",\"@id\":\"https:\/\/sulin.ee\/en\/#\/schema\/logo\/image\/\",\"url\":\"https:\/\/sulin.ee\/wp-content\/uploads\/2022\/11\/sulin-logo.png\",\"contentUrl\":\"https:\/\/sulin.ee\/wp-content\/uploads\/2022\/11\/sulin-logo.png\",\"width\":871,\"height\":321,\"caption\":\"SULIN TRADE O\u00dc\"},\"image\":{\"@id\":\"https:\/\/sulin.ee\/en\/#\/schema\/logo\/image\/\"},\"sameAs\":[\"https:\/\/www.facebook.com\/www.sulin.ee\/\",\"https:\/\/www.instagram.com\/sulintrade\/\"]}]}<\/script>\n<!-- \/ Yoast SEO plugin. -->","yoast_head_json":{"title":"Kunstitarvete kohver 123-osaline - sulin.ee","description":"Kunstitarvete kohver 123-osaline on t\u00e4iuslik komplekt k\u00f5ikidele kunstihuvilistele, pakkudes laia valikut vahendeid erinevateks kunstitehnikateks.","robots":{"index":"index","follow":"follow","max-snippet":"max-snippet:-1","max-image-preview":"max-image-preview:large","max-video-preview":"max-video-preview:-1"},"canonical":"https:\/\/sulin.ee\/en\/toode\/kunstitarvete-kohver-123-osaline\/","og_locale":"en_US","og_type":"article","og_title":"Kunstitarvete kohver 123-osaline - sulin.ee","og_description":"Kunstitarvete kohver 123-osaline on t\u00e4iuslik komplekt k\u00f5ikidele kunstihuvilistele, pakkudes laia valikut vahendeid erinevateks kunstitehnikateks.","og_url":"https:\/\/sulin.ee\/en\/toode\/kunstitarvete-kohver-123-osaline\/","og_site_name":"sulin.ee","article_publisher":"https:\/\/www.facebook.com\/www.sulin.ee\/","article_modified_time":"2025-11-22T12:58:37+00:00","og_image":[{"width":1080,"height":1080,"url":"https:\/\/sulin.ee\/wp-content\/uploads\/2025\/02\/Kunstitarvete-kohver.png","type":"image\/png"}],"twitter_card":"summary_large_image","twitter_misc":{"Est. reading time":"2 minutes"},"schema":{"@context":"https:\/\/schema.org","@graph":[{"@type":"WebPage","@id":"https:\/\/sulin.ee\/en\/toode\/kunstitarvete-kohver-123-osaline\/","url":"https:\/\/sulin.ee\/en\/toode\/kunstitarvete-kohver-123-osaline\/","name":"Kunstitarvete kohver 123-osaline - sulin.ee","isPartOf":{"@id":"https:\/\/sulin.ee\/en\/#website"},"primaryImageOfPage":{"@id":"https:\/\/sulin.ee\/en\/toode\/kunstitarvete-kohver-123-osaline\/#primaryimage"},"image":{"@id":"https:\/\/sulin.ee\/en\/toode\/kunstitarvete-kohver-123-osaline\/#primaryimage"},"thumbnailUrl":"https:\/\/sulin.ee\/wp-content\/uploads\/2025\/02\/Kunstitarvete-kohver.png","datePublished":"2025-02-19T12:44:15+00:00","dateModified":"2025-11-22T12:58:37+00:00","description":"Kunstitarvete kohver 123-osaline on t\u00e4iuslik komplekt k\u00f5ikidele kunstihuvilistele, pakkudes laia valikut vahendeid erinevateks kunstitehnikateks.","breadcrumb":{"@id":"https:\/\/sulin.ee\/en\/toode\/kunstitarvete-kohver-123-osaline\/#breadcrumb"},"inLanguage":"en-US","potentialAction":[{"@type":"ReadAction","target":["https:\/\/sulin.ee\/en\/toode\/kunstitarvete-kohver-123-osaline\/"]}]},{"@type":"ImageObject","inLanguage":"en-US","@id":"https:\/\/sulin.ee\/en\/toode\/kunstitarvete-kohver-123-osaline\/#primaryimage","url":"https:\/\/sulin.ee\/wp-content\/uploads\/2025\/02\/Kunstitarvete-kohver.png","contentUrl":"https:\/\/sulin.ee\/wp-content\/uploads\/2025\/02\/Kunstitarvete-kohver.png","width":1080,"height":1080,"caption":"Kunstitarvete kohver"},{"@type":"BreadcrumbList","@id":"https:\/\/sulin.ee\/en\/toode\/kunstitarvete-kohver-123-osaline\/#breadcrumb","itemListElement":[{"@type":"ListItem","position":1,"name":"Home","item":"https:\/\/sulin.ee\/en\/"},{"@type":"ListItem","position":2,"name":"Sulin.ee e-pood","item":"https:\/\/sulin.ee\/shop\/"},{"@type":"ListItem","position":3,"name":"Kunstitarvete kohver 123-osaline"}]},{"@type":"WebSite","@id":"https:\/\/sulin.ee\/en\/#website","url":"https:\/\/sulin.ee\/en\/","name":"sulin.ee","description":"","publisher":{"@id":"https:\/\/sulin.ee\/en\/#organization"},"potentialAction":[{"@type":"SearchAction","target":{"@type":"EntryPoint","urlTemplate":"https:\/\/sulin.ee\/en\/?s={search_term_string}"},"query-input":{"@type":"PropertyValueSpecification","valueRequired":true,"valueName":"search_term_string"}}],"inLanguage":"en-US"},{"@type":"Organization","@id":"https:\/\/sulin.ee\/en\/#organization","name":"SULIN TRADE O\u00dc","url":"https:\/\/sulin.ee\/en\/","logo":{"@type":"ImageObject","inLanguage":"en-US","@id":"https:\/\/sulin.ee\/en\/#\/schema\/logo\/image\/","url":"https:\/\/sulin.ee\/wp-content\/uploads\/2022\/11\/sulin-logo.png","contentUrl":"https:\/\/sulin.ee\/wp-content\/uploads\/2022\/11\/sulin-logo.png","width":871,"height":321,"caption":"SULIN TRADE O\u00dc"},"image":{"@id":"https:\/\/sulin.ee\/en\/#\/schema\/logo\/image\/"},"sameAs":["https:\/\/www.facebook.com\/www.sulin.ee\/","https:\/\/www.instagram.com\/sulintrade\/"]}]}},"builder_content":"","_links":{"self":[{"href":"https:\/\/sulin.ee\/en\/wp-json\/wp\/v2\/product\/38963","targetHints":{"allow":["GET"]}}],"collection":[{"href":"https:\/\/sulin.ee\/en\/wp-json\/wp\/v2\/product"}],"about":[{"href":"https:\/\/sulin.ee\/en\/wp-json\/wp\/v2\/types\/product"}],"replies":[{"embeddable":true,"href":"https:\/\/sulin.ee\/en\/wp-json\/wp\/v2\/comments?post=38963"}],"wp:featuredmedia":[{"embeddable":true,"href":"https:\/\/sulin.ee\/en\/wp-json\/wp\/v2\/media\/40316"}],"wp:attachment":[{"href":"https:\/\/sulin.ee\/en\/wp-json\/wp\/v2\/media?parent=38963"}],"wp:term":[{"taxonomy":"product_brand","embeddable":true,"href":"https:\/\/sulin.ee\/en\/wp-json\/wp\/v2\/product_brand?post=38963"},{"taxonomy":"product_cat","embeddable":true,"href":"https:\/\/sulin.ee\/en\/wp-json\/wp\/v2\/product_cat?post=38963"},{"taxonomy":"product_tag","embeddable":true,"href":"https:\/\/sulin.ee\/en\/wp-json\/wp\/v2\/product_tag?post=38963"}],"curies":[{"name":"wp","href":"https:\/\/api.w.org\/{rel}","templated":true}]}}