{"id":38940,"date":"2025-02-19T12:44:09","date_gmt":"2025-02-19T12:44:09","guid":{"rendered":"https:\/\/sulin.ee\/toode\/kahepoolsed-alkoholimarkerid-karbis-48-tukki\/"},"modified":"2025-12-09T16:47:24","modified_gmt":"2025-12-09T16:47:24","slug":"kahepoolsed-markerid-48-tk","status":"publish","type":"product","link":"https:\/\/sulin.ee\/en\/toode\/kahepoolsed-markerid-48-tk\/","title":{"rendered":"Kahepoolsed markerid 48 tk"},"content":{"rendered":"<p data-start=\"75\" data-end=\"328\"><strong>Kahepoolsed markerid 48 tk pakuvad suurep\u00e4rast v\u00f5imalust tuua oma kunstilistesse projektidesse erksaid ja intensiivseid v\u00e4rve. Olgu teie alaks graafiline disain, arhitektuur v\u00f5i lihtsalt hobijoonistamine, need markerid on t\u00e4iuslikud igale oskustasemele.<\/strong><\/p>\n<p data-start=\"330\" data-end=\"675\">Markerite alkoholip\u00f5hine tint tagab sujuva pealekandmise ja kiire kuivamise, mis v\u00f5imaldab v\u00e4rve h\u00f5lpsalt segada ja varjutada ilma m\u00e4\u00e4rdumiseta. Iga markeri kahe otsiku disain v\u00f5imaldab kasutajal vahetada laia otsiku (suurte pindade jaoks) ja peene otsiku (detailide jaoks) vahel, andes v\u00f5imaluse luua t\u00e4pseid jooni ja rikkalikult kaetud alasid.<\/p>\n<p data-start=\"677\" data-end=\"718\"><strong>Komplekti sisu ja tehnilised andmed:<\/strong><\/p>\n<ul data-start=\"719\" data-end=\"1112\">\n<li data-start=\"985\" data-end=\"1030\">\u2714\ufe0f <strong data-start=\"990\" data-end=\"1008\">Komplektis on:<\/strong> 48 eri v\u00e4rvi markerit, 1 must kott<\/li>\n<li>\u2714\ufe0f <strong data-start=\"813\" data-end=\"828\">Tindi t\u00fc\u00fcp:<\/strong> Alkoholip\u00f5hine<\/li>\n<li data-start=\"1031\" data-end=\"1061\">\u2714\ufe0f <strong data-start=\"1036\" data-end=\"1055\">Markeri pikkus:<\/strong> 15 cm<\/li>\n<\/ul>\n<p data-start=\"1114\" data-end=\"1453\" data-is-last-node=\"\" data-is-only-node=\"\">See komplekt on ideaalne kingiidee igale loovale inimesele, olenemata vanusest. See mitte ainult ei paku l\u00f5busat ja harivat ajaviidet, vaid aitab ka arendada k\u00e4elisi oskusi ning kunstilisi ja loovaid v\u00f5imeid. Markerid on pakendatud praktilisse kotti, mis muudab komplekti h\u00f5lpsalt kaasaskantavaks ja hoiab k\u00f5ik markerid korrektselt paigas.<\/p>\n<p data-start=\"1114\" data-end=\"1453\" data-is-last-node=\"\" data-is-only-node=\"\">\u00c4rge unustage tutvuda ka meie teiste kunstivahenditega, mis v\u00f5imaldavad veelgi rohkem loovust ja mitmek\u00fclgsust. <a href=\"https:\/\/sulin.ee\/tootekategooria\/mangimine\/kunstivahendid\/\">Leiad siit.<\/a><\/p>\n","protected":false},"excerpt":{"rendered":"<p><strong>Komplekt pakub laia valikut intensiivseid v\u00e4rve igale kunstnikule, olenemata oskustasemest. Iga marker sisaldab kahte otsikut \u2013 laia ja \u00f5hukest \u2013 mis v\u00f5imaldavad nii suuremate pindade katmist kui ka detailset joonistamist. <\/strong><\/p>\n<p>Alkoholip\u00f5hine tint tagab sujuva pealekandmise ja kiire kuivamise, mis on ideaalne varjutamiseks ja v\u00e4rvide segamiseks. Markerid on pakitud mugavasse ja esteetilisse kotti, mis teeb komplekti kaasaskandmise lihtsaks ja hoiab v\u00e4rvid alati korras.<\/p>\n","protected":false},"featured_media":40309,"comment_status":"open","ping_status":"closed","template":"","meta":[],"product_brand":[],"product_cat":[110,1162,1165,1166,102,927,23],"product_tag":[],"class_list":{"0":"post-38940","1":"product","2":"type-product","3":"status-publish","4":"has-post-thumbnail","6":"product_cat-mangimine","7":"product_cat-kingituseks","8":"product_cat-3-5-aastat","9":"product_cat-6-8-aastat","10":"product_cat-kunstivahendid","11":"product_cat-joonistamine","12":"product_cat-soodus","13":"has-post-title","14":"has-post-date","15":"has-post-category","16":"has-post-tag","17":"has-post-comment","18":"has-post-author","19":"","21":"first","22":"instock","23":"sale","24":"taxable","25":"shipping-taxable","26":"purchasable","27":"product-type-simple"},"yoast_head":"<!-- This site is optimized with the Yoast SEO plugin v26.8 - https:\/\/yoast.com\/product\/yoast-seo-wordpress\/ -->\n<title>Kahepoolsed markerid 48 tk - sulin.ee<\/title>\n<meta name=\"description\" content=\"Kahepoolsed markerid 48 tk komplekt, mis on t\u00e4iuslik valik kunstnikele igas vanuses ja oskustasemel. Kahepoolsed markerid pakuvad erksaid v\u00e4rve.\" \/>\n<meta name=\"robots\" content=\"index, follow, max-snippet:-1, max-image-preview:large, max-video-preview:-1\" \/>\n<link rel=\"canonical\" href=\"https:\/\/sulin.ee\/en\/toode\/kahepoolsed-markerid-48-tk\/\" \/>\n<meta property=\"og:locale\" content=\"en_US\" \/>\n<meta property=\"og:type\" content=\"article\" \/>\n<meta property=\"og:title\" content=\"Kahepoolsed markerid 48 tk - sulin.ee\" \/>\n<meta property=\"og:description\" content=\"Kahepoolsed markerid 48 tk komplekt, mis on t\u00e4iuslik valik kunstnikele igas vanuses ja oskustasemel. Kahepoolsed markerid pakuvad erksaid v\u00e4rve.\" \/>\n<meta property=\"og:url\" content=\"https:\/\/sulin.ee\/en\/toode\/kahepoolsed-markerid-48-tk\/\" \/>\n<meta property=\"og:site_name\" content=\"sulin.ee\" \/>\n<meta property=\"article:publisher\" content=\"https:\/\/www.facebook.com\/www.sulin.ee\/\" \/>\n<meta property=\"article:modified_time\" content=\"2025-12-09T16:47:24+00:00\" \/>\n<meta property=\"og:image\" content=\"https:\/\/sulin.ee\/wp-content\/uploads\/2025\/02\/Piltide-korrektuurid-kodulehel-2025-02-26T110157.349.png\" \/>\n\t<meta property=\"og:image:width\" content=\"1080\" \/>\n\t<meta property=\"og:image:height\" content=\"1080\" \/>\n\t<meta property=\"og:image:type\" content=\"image\/png\" \/>\n<meta name=\"twitter:card\" content=\"summary_large_image\" \/>\n<meta name=\"twitter:label1\" content=\"Est. reading time\" \/>\n\t<meta name=\"twitter:data1\" content=\"2 minutes\" \/>\n<script type=\"application\/ld+json\" class=\"yoast-schema-graph\">{\"@context\":\"https:\/\/schema.org\",\"@graph\":[{\"@type\":\"WebPage\",\"@id\":\"https:\/\/sulin.ee\/en\/toode\/kahepoolsed-markerid-48-tk\/\",\"url\":\"https:\/\/sulin.ee\/en\/toode\/kahepoolsed-markerid-48-tk\/\",\"name\":\"Kahepoolsed markerid 48 tk - sulin.ee\",\"isPartOf\":{\"@id\":\"https:\/\/sulin.ee\/en\/#website\"},\"primaryImageOfPage\":{\"@id\":\"https:\/\/sulin.ee\/en\/toode\/kahepoolsed-markerid-48-tk\/#primaryimage\"},\"image\":{\"@id\":\"https:\/\/sulin.ee\/en\/toode\/kahepoolsed-markerid-48-tk\/#primaryimage\"},\"thumbnailUrl\":\"https:\/\/sulin.ee\/wp-content\/uploads\/2025\/02\/Piltide-korrektuurid-kodulehel-2025-02-26T110157.349.png\",\"datePublished\":\"2025-02-19T12:44:09+00:00\",\"dateModified\":\"2025-12-09T16:47:24+00:00\",\"description\":\"Kahepoolsed markerid 48 tk komplekt, mis on t\u00e4iuslik valik kunstnikele igas vanuses ja oskustasemel. Kahepoolsed markerid pakuvad erksaid v\u00e4rve.\",\"breadcrumb\":{\"@id\":\"https:\/\/sulin.ee\/en\/toode\/kahepoolsed-markerid-48-tk\/#breadcrumb\"},\"inLanguage\":\"en-US\",\"potentialAction\":[{\"@type\":\"ReadAction\",\"target\":[\"https:\/\/sulin.ee\/en\/toode\/kahepoolsed-markerid-48-tk\/\"]}]},{\"@type\":\"ImageObject\",\"inLanguage\":\"en-US\",\"@id\":\"https:\/\/sulin.ee\/en\/toode\/kahepoolsed-markerid-48-tk\/#primaryimage\",\"url\":\"https:\/\/sulin.ee\/wp-content\/uploads\/2025\/02\/Piltide-korrektuurid-kodulehel-2025-02-26T110157.349.png\",\"contentUrl\":\"https:\/\/sulin.ee\/wp-content\/uploads\/2025\/02\/Piltide-korrektuurid-kodulehel-2025-02-26T110157.349.png\",\"width\":1080,\"height\":1080,\"caption\":\"Kahepoolsed markerid\"},{\"@type\":\"BreadcrumbList\",\"@id\":\"https:\/\/sulin.ee\/en\/toode\/kahepoolsed-markerid-48-tk\/#breadcrumb\",\"itemListElement\":[{\"@type\":\"ListItem\",\"position\":1,\"name\":\"Home\",\"item\":\"https:\/\/sulin.ee\/en\/\"},{\"@type\":\"ListItem\",\"position\":2,\"name\":\"Sulin.ee e-pood\",\"item\":\"https:\/\/sulin.ee\/shop\/\"},{\"@type\":\"ListItem\",\"position\":3,\"name\":\"Kahepoolsed markerid 48 tk\"}]},{\"@type\":\"WebSite\",\"@id\":\"https:\/\/sulin.ee\/en\/#website\",\"url\":\"https:\/\/sulin.ee\/en\/\",\"name\":\"sulin.ee\",\"description\":\"\",\"publisher\":{\"@id\":\"https:\/\/sulin.ee\/en\/#organization\"},\"potentialAction\":[{\"@type\":\"SearchAction\",\"target\":{\"@type\":\"EntryPoint\",\"urlTemplate\":\"https:\/\/sulin.ee\/en\/?s={search_term_string}\"},\"query-input\":{\"@type\":\"PropertyValueSpecification\",\"valueRequired\":true,\"valueName\":\"search_term_string\"}}],\"inLanguage\":\"en-US\"},{\"@type\":\"Organization\",\"@id\":\"https:\/\/sulin.ee\/en\/#organization\",\"name\":\"SULIN TRADE O\u00dc\",\"url\":\"https:\/\/sulin.ee\/en\/\",\"logo\":{\"@type\":\"ImageObject\",\"inLanguage\":\"en-US\",\"@id\":\"https:\/\/sulin.ee\/en\/#\/schema\/logo\/image\/\",\"url\":\"https:\/\/sulin.ee\/wp-content\/uploads\/2022\/11\/sulin-logo.png\",\"contentUrl\":\"https:\/\/sulin.ee\/wp-content\/uploads\/2022\/11\/sulin-logo.png\",\"width\":871,\"height\":321,\"caption\":\"SULIN TRADE O\u00dc\"},\"image\":{\"@id\":\"https:\/\/sulin.ee\/en\/#\/schema\/logo\/image\/\"},\"sameAs\":[\"https:\/\/www.facebook.com\/www.sulin.ee\/\",\"https:\/\/www.instagram.com\/sulintrade\/\"]}]}<\/script>\n<!-- \/ Yoast SEO plugin. -->","yoast_head_json":{"title":"Kahepoolsed markerid 48 tk - sulin.ee","description":"Kahepoolsed markerid 48 tk komplekt, mis on t\u00e4iuslik valik kunstnikele igas vanuses ja oskustasemel. Kahepoolsed markerid pakuvad erksaid v\u00e4rve.","robots":{"index":"index","follow":"follow","max-snippet":"max-snippet:-1","max-image-preview":"max-image-preview:large","max-video-preview":"max-video-preview:-1"},"canonical":"https:\/\/sulin.ee\/en\/toode\/kahepoolsed-markerid-48-tk\/","og_locale":"en_US","og_type":"article","og_title":"Kahepoolsed markerid 48 tk - sulin.ee","og_description":"Kahepoolsed markerid 48 tk komplekt, mis on t\u00e4iuslik valik kunstnikele igas vanuses ja oskustasemel. Kahepoolsed markerid pakuvad erksaid v\u00e4rve.","og_url":"https:\/\/sulin.ee\/en\/toode\/kahepoolsed-markerid-48-tk\/","og_site_name":"sulin.ee","article_publisher":"https:\/\/www.facebook.com\/www.sulin.ee\/","article_modified_time":"2025-12-09T16:47:24+00:00","og_image":[{"width":1080,"height":1080,"url":"https:\/\/sulin.ee\/wp-content\/uploads\/2025\/02\/Piltide-korrektuurid-kodulehel-2025-02-26T110157.349.png","type":"image\/png"}],"twitter_card":"summary_large_image","twitter_misc":{"Est. reading time":"2 minutes"},"schema":{"@context":"https:\/\/schema.org","@graph":[{"@type":"WebPage","@id":"https:\/\/sulin.ee\/en\/toode\/kahepoolsed-markerid-48-tk\/","url":"https:\/\/sulin.ee\/en\/toode\/kahepoolsed-markerid-48-tk\/","name":"Kahepoolsed markerid 48 tk - sulin.ee","isPartOf":{"@id":"https:\/\/sulin.ee\/en\/#website"},"primaryImageOfPage":{"@id":"https:\/\/sulin.ee\/en\/toode\/kahepoolsed-markerid-48-tk\/#primaryimage"},"image":{"@id":"https:\/\/sulin.ee\/en\/toode\/kahepoolsed-markerid-48-tk\/#primaryimage"},"thumbnailUrl":"https:\/\/sulin.ee\/wp-content\/uploads\/2025\/02\/Piltide-korrektuurid-kodulehel-2025-02-26T110157.349.png","datePublished":"2025-02-19T12:44:09+00:00","dateModified":"2025-12-09T16:47:24+00:00","description":"Kahepoolsed markerid 48 tk komplekt, mis on t\u00e4iuslik valik kunstnikele igas vanuses ja oskustasemel. Kahepoolsed markerid pakuvad erksaid v\u00e4rve.","breadcrumb":{"@id":"https:\/\/sulin.ee\/en\/toode\/kahepoolsed-markerid-48-tk\/#breadcrumb"},"inLanguage":"en-US","potentialAction":[{"@type":"ReadAction","target":["https:\/\/sulin.ee\/en\/toode\/kahepoolsed-markerid-48-tk\/"]}]},{"@type":"ImageObject","inLanguage":"en-US","@id":"https:\/\/sulin.ee\/en\/toode\/kahepoolsed-markerid-48-tk\/#primaryimage","url":"https:\/\/sulin.ee\/wp-content\/uploads\/2025\/02\/Piltide-korrektuurid-kodulehel-2025-02-26T110157.349.png","contentUrl":"https:\/\/sulin.ee\/wp-content\/uploads\/2025\/02\/Piltide-korrektuurid-kodulehel-2025-02-26T110157.349.png","width":1080,"height":1080,"caption":"Kahepoolsed markerid"},{"@type":"BreadcrumbList","@id":"https:\/\/sulin.ee\/en\/toode\/kahepoolsed-markerid-48-tk\/#breadcrumb","itemListElement":[{"@type":"ListItem","position":1,"name":"Home","item":"https:\/\/sulin.ee\/en\/"},{"@type":"ListItem","position":2,"name":"Sulin.ee e-pood","item":"https:\/\/sulin.ee\/shop\/"},{"@type":"ListItem","position":3,"name":"Kahepoolsed markerid 48 tk"}]},{"@type":"WebSite","@id":"https:\/\/sulin.ee\/en\/#website","url":"https:\/\/sulin.ee\/en\/","name":"sulin.ee","description":"","publisher":{"@id":"https:\/\/sulin.ee\/en\/#organization"},"potentialAction":[{"@type":"SearchAction","target":{"@type":"EntryPoint","urlTemplate":"https:\/\/sulin.ee\/en\/?s={search_term_string}"},"query-input":{"@type":"PropertyValueSpecification","valueRequired":true,"valueName":"search_term_string"}}],"inLanguage":"en-US"},{"@type":"Organization","@id":"https:\/\/sulin.ee\/en\/#organization","name":"SULIN TRADE O\u00dc","url":"https:\/\/sulin.ee\/en\/","logo":{"@type":"ImageObject","inLanguage":"en-US","@id":"https:\/\/sulin.ee\/en\/#\/schema\/logo\/image\/","url":"https:\/\/sulin.ee\/wp-content\/uploads\/2022\/11\/sulin-logo.png","contentUrl":"https:\/\/sulin.ee\/wp-content\/uploads\/2022\/11\/sulin-logo.png","width":871,"height":321,"caption":"SULIN TRADE O\u00dc"},"image":{"@id":"https:\/\/sulin.ee\/en\/#\/schema\/logo\/image\/"},"sameAs":["https:\/\/www.facebook.com\/www.sulin.ee\/","https:\/\/www.instagram.com\/sulintrade\/"]}]}},"builder_content":"","_links":{"self":[{"href":"https:\/\/sulin.ee\/en\/wp-json\/wp\/v2\/product\/38940","targetHints":{"allow":["GET"]}}],"collection":[{"href":"https:\/\/sulin.ee\/en\/wp-json\/wp\/v2\/product"}],"about":[{"href":"https:\/\/sulin.ee\/en\/wp-json\/wp\/v2\/types\/product"}],"replies":[{"embeddable":true,"href":"https:\/\/sulin.ee\/en\/wp-json\/wp\/v2\/comments?post=38940"}],"wp:featuredmedia":[{"embeddable":true,"href":"https:\/\/sulin.ee\/en\/wp-json\/wp\/v2\/media\/40309"}],"wp:attachment":[{"href":"https:\/\/sulin.ee\/en\/wp-json\/wp\/v2\/media?parent=38940"}],"wp:term":[{"taxonomy":"product_brand","embeddable":true,"href":"https:\/\/sulin.ee\/en\/wp-json\/wp\/v2\/product_brand?post=38940"},{"taxonomy":"product_cat","embeddable":true,"href":"https:\/\/sulin.ee\/en\/wp-json\/wp\/v2\/product_cat?post=38940"},{"taxonomy":"product_tag","embeddable":true,"href":"https:\/\/sulin.ee\/en\/wp-json\/wp\/v2\/product_tag?post=38940"}],"curies":[{"name":"wp","href":"https:\/\/api.w.org\/{rel}","templated":true}]}}