{"id":38915,"date":"2025-02-19T12:44:03","date_gmt":"2025-02-19T12:44:03","guid":{"rendered":"https:\/\/sulin.ee\/toode\/kahepoolsed-alkoholimarkerid-80-tk-karbis\/"},"modified":"2025-03-15T20:23:32","modified_gmt":"2025-03-15T20:23:32","slug":"kahepoolsed-markerid-80-tk","status":"publish","type":"product","link":"https:\/\/sulin.ee\/en\/toode\/kahepoolsed-markerid-80-tk\/","title":{"rendered":"Kahepoolsed markerid 80 tk"},"content":{"rendered":"<div class=\"flex max-w-full flex-col flex-grow\">\n<div class=\"min-h-8 text-message relative flex w-full flex-col items-end gap-2 whitespace-normal break-words text-start [.text-message+&amp;]:mt-5\" dir=\"auto\" data-message-author-role=\"assistant\" data-message-id=\"0dd65172-640d-4f98-9e34-29d014f9c430\" data-message-model-slug=\"gpt-4\">\n<div class=\"flex w-full flex-col gap-1 empty:hidden first:pt-[3px]\">\n<div class=\"markdown prose w-full break-words dark:prose-invert light\">\n<p data-start=\"75\" data-end=\"371\"><strong>Kahepoolsed markerid on t\u00f5eline leid igale kunstihuvilisele, kes soovib oma loomingusse tuua erksust ja mitmekesisust. See megakomplekt ei ole ainult pilkup\u00fc\u00fcdev, vaid pakub ka piiramatuid v\u00f5imalusi kunstiliseks enesev\u00e4ljenduseks, sobides suurep\u00e4raselt nii lastele kui ka t\u00e4iskasvanutele.<\/strong><\/p>\n<p data-start=\"373\" data-end=\"674\"><strong>Igal markeril on kaks otsa:<\/strong> \u00f5huke ots t\u00e4pseks joonistamiseks ja kontuurimiseks ning paksem ots suuremate pindade katmiseks v\u00f5i esilet\u00f5stmiseks. Erinevad otsad muudavad need markerid mitmek\u00fclgseks vahendiks igasuguse kunsti loomiseks, alates peenest detailit\u00f6\u00f6st kuni julgete ja v\u00e4rvikate projektideni.<\/p>\n<p data-start=\"676\" data-end=\"941\">Komplektis olevad kahepoolsed markerid on pakendatud esteetiliselt meeldivasse ja mugavasse kotti, mis teeb nende s\u00e4ilitamise ja transportimise lihtsaks ning stiilseks. Eredad ja kauakestvad v\u00e4rvid t\u00f5stavad esile iga kunstiteose, muutes selle unikaalseks ja silmapaistvaks.<\/p>\n<p data-start=\"943\" data-end=\"984\"><strong>Tehnilised andmed ja komplekti sisu:<\/strong><\/p>\n<ul data-start=\"985\" data-end=\"1150\">\n<li data-start=\"985\" data-end=\"1030\">\u2714\ufe0f <strong data-start=\"990\" data-end=\"1008\">Komplektis on:<\/strong> 80 eri v\u00e4rvi markerit, 1 must kott<\/li>\n<li>\u2714\ufe0f <strong data-start=\"813\" data-end=\"828\">Tindi t\u00fc\u00fcp:<\/strong> Alkoholip\u00f5hine<\/li>\n<li data-start=\"1031\" data-end=\"1061\">\u2714\ufe0f <strong data-start=\"1036\" data-end=\"1055\">Markeri pikkus:<\/strong> 15 cm<\/li>\n<\/ul>\n<p data-start=\"1152\" data-end=\"1511\" data-is-last-node=\"\" data-is-only-node=\"\">See v\u00e4rvik\u00fcllane komplekt on ideaalne kingiidee igas vanuses kunstnikele, pakkudes l\u00f5pmatuid v\u00f5imalusi loominguliseks tegevuseks ja enesev\u00e4ljenduseks. Olgu see koolis, kontoris v\u00f5i kodus, need markerid kindlustavad, et igav hetk muutub loovaks seikluseks. Pidage meeles, et \u00f5hukese joonistuspaberi puhul v\u00f5ivad markerid lekkida paberilehe teisele k\u00fcljele.<\/p>\n<p data-start=\"1152\" data-end=\"1511\" data-is-last-node=\"\" data-is-only-node=\"\">\u00c4rge unustage tutvuda ka meie teiste kunstivahenditega, mis v\u00f5imaldavad veelgi rohkem loovust ja mitmek\u00fclgsust. <a href=\"https:\/\/sulin.ee\/tootekategooria\/mangimine\/kunstivahendid\/\">Leiad siit.<\/a><\/p>\n<\/div>\n<\/div>\n<\/div>\n<\/div>\n","protected":false},"excerpt":{"rendered":"<p><strong>Mitmek\u00fclgne ja v\u00e4rvik\u00fcllane komplekt, mis sobib suurep\u00e4raselt igale kunstihuvilisele. Iga marker on kahepoolne, \u00fchelt poolt \u00f5huke ots detailide joonistamiseks ja teiselt poolt paksem ots suuremate alade katmiseks. Eredad ja kauakestvad v\u00e4rvid toovad iga kunstiteose esile, muutes need ainulaadseks. Markerid on pakendatud stiilsesse ja mugavasse kotti, mis lihtsustab nende hoidmist ja transportimist.<\/strong><\/p>\n<p><strong>Komplektis:<\/strong> 80 kahepoolset markerit<\/p>\n","protected":false},"featured_media":40306,"comment_status":"open","ping_status":"closed","template":"","meta":[],"product_brand":[],"product_cat":[110,1166,102,927,23],"product_tag":[],"class_list":{"0":"post-38915","1":"product","2":"type-product","3":"status-publish","4":"has-post-thumbnail","6":"product_cat-mangimine","7":"product_cat-6-8-aastat","8":"product_cat-kunstivahendid","9":"product_cat-joonistamine","10":"product_cat-soodus","11":"has-post-title","12":"has-post-date","13":"has-post-category","14":"has-post-tag","15":"has-post-comment","16":"has-post-author","17":"","19":"first","20":"instock","21":"sale","22":"taxable","23":"shipping-taxable","24":"purchasable","25":"product-type-simple"},"yoast_head":"<!-- This site is optimized with the Yoast SEO plugin v26.8 - https:\/\/yoast.com\/product\/yoast-seo-wordpress\/ -->\n<title>Kahepoolsed markerid 80 tk - sulin.ee<\/title>\n<meta name=\"description\" content=\"Kahepoolsed markerid 80 tk - mitmek\u00fclgne ja v\u00e4rvikirev markerikomplekt, mis sobib ideaalselt igale kunstihuvilisele. Ideaalne valik joonistamiseks.\" \/>\n<meta name=\"robots\" content=\"index, follow, max-snippet:-1, max-image-preview:large, max-video-preview:-1\" \/>\n<link rel=\"canonical\" href=\"https:\/\/sulin.ee\/en\/toode\/kahepoolsed-markerid-80-tk\/\" \/>\n<meta property=\"og:locale\" content=\"en_US\" \/>\n<meta property=\"og:type\" content=\"article\" \/>\n<meta property=\"og:title\" content=\"Kahepoolsed markerid 80 tk - sulin.ee\" \/>\n<meta property=\"og:description\" content=\"Kahepoolsed markerid 80 tk - mitmek\u00fclgne ja v\u00e4rvikirev markerikomplekt, mis sobib ideaalselt igale kunstihuvilisele. Ideaalne valik joonistamiseks.\" \/>\n<meta property=\"og:url\" content=\"https:\/\/sulin.ee\/en\/toode\/kahepoolsed-markerid-80-tk\/\" \/>\n<meta property=\"og:site_name\" content=\"sulin.ee\" \/>\n<meta property=\"article:publisher\" content=\"https:\/\/www.facebook.com\/www.sulin.ee\/\" \/>\n<meta property=\"article:modified_time\" content=\"2025-03-15T20:23:32+00:00\" \/>\n<meta property=\"og:image\" content=\"https:\/\/sulin.ee\/wp-content\/uploads\/2025\/02\/Piltide-korrektuurid-kodulehel-2025-02-26T104839.244.png\" \/>\n\t<meta property=\"og:image:width\" content=\"1080\" \/>\n\t<meta property=\"og:image:height\" content=\"1080\" \/>\n\t<meta property=\"og:image:type\" content=\"image\/png\" \/>\n<meta name=\"twitter:card\" content=\"summary_large_image\" \/>\n<meta name=\"twitter:label1\" content=\"Est. reading time\" \/>\n\t<meta name=\"twitter:data1\" content=\"2 minutes\" \/>\n<script type=\"application\/ld+json\" class=\"yoast-schema-graph\">{\"@context\":\"https:\/\/schema.org\",\"@graph\":[{\"@type\":\"WebPage\",\"@id\":\"https:\/\/sulin.ee\/en\/toode\/kahepoolsed-markerid-80-tk\/\",\"url\":\"https:\/\/sulin.ee\/en\/toode\/kahepoolsed-markerid-80-tk\/\",\"name\":\"Kahepoolsed markerid 80 tk - sulin.ee\",\"isPartOf\":{\"@id\":\"https:\/\/sulin.ee\/en\/#website\"},\"primaryImageOfPage\":{\"@id\":\"https:\/\/sulin.ee\/en\/toode\/kahepoolsed-markerid-80-tk\/#primaryimage\"},\"image\":{\"@id\":\"https:\/\/sulin.ee\/en\/toode\/kahepoolsed-markerid-80-tk\/#primaryimage\"},\"thumbnailUrl\":\"https:\/\/sulin.ee\/wp-content\/uploads\/2025\/02\/Piltide-korrektuurid-kodulehel-2025-02-26T104839.244.png\",\"datePublished\":\"2025-02-19T12:44:03+00:00\",\"dateModified\":\"2025-03-15T20:23:32+00:00\",\"description\":\"Kahepoolsed markerid 80 tk - mitmek\u00fclgne ja v\u00e4rvikirev markerikomplekt, mis sobib ideaalselt igale kunstihuvilisele. Ideaalne valik joonistamiseks.\",\"breadcrumb\":{\"@id\":\"https:\/\/sulin.ee\/en\/toode\/kahepoolsed-markerid-80-tk\/#breadcrumb\"},\"inLanguage\":\"en-US\",\"potentialAction\":[{\"@type\":\"ReadAction\",\"target\":[\"https:\/\/sulin.ee\/en\/toode\/kahepoolsed-markerid-80-tk\/\"]}]},{\"@type\":\"ImageObject\",\"inLanguage\":\"en-US\",\"@id\":\"https:\/\/sulin.ee\/en\/toode\/kahepoolsed-markerid-80-tk\/#primaryimage\",\"url\":\"https:\/\/sulin.ee\/wp-content\/uploads\/2025\/02\/Piltide-korrektuurid-kodulehel-2025-02-26T104839.244.png\",\"contentUrl\":\"https:\/\/sulin.ee\/wp-content\/uploads\/2025\/02\/Piltide-korrektuurid-kodulehel-2025-02-26T104839.244.png\",\"width\":1080,\"height\":1080,\"caption\":\"Kahepoolsed markerid\"},{\"@type\":\"BreadcrumbList\",\"@id\":\"https:\/\/sulin.ee\/en\/toode\/kahepoolsed-markerid-80-tk\/#breadcrumb\",\"itemListElement\":[{\"@type\":\"ListItem\",\"position\":1,\"name\":\"Home\",\"item\":\"https:\/\/sulin.ee\/en\/\"},{\"@type\":\"ListItem\",\"position\":2,\"name\":\"Sulin.ee e-pood\",\"item\":\"https:\/\/sulin.ee\/shop\/\"},{\"@type\":\"ListItem\",\"position\":3,\"name\":\"Kahepoolsed markerid 80 tk\"}]},{\"@type\":\"WebSite\",\"@id\":\"https:\/\/sulin.ee\/en\/#website\",\"url\":\"https:\/\/sulin.ee\/en\/\",\"name\":\"sulin.ee\",\"description\":\"\",\"publisher\":{\"@id\":\"https:\/\/sulin.ee\/en\/#organization\"},\"potentialAction\":[{\"@type\":\"SearchAction\",\"target\":{\"@type\":\"EntryPoint\",\"urlTemplate\":\"https:\/\/sulin.ee\/en\/?s={search_term_string}\"},\"query-input\":{\"@type\":\"PropertyValueSpecification\",\"valueRequired\":true,\"valueName\":\"search_term_string\"}}],\"inLanguage\":\"en-US\"},{\"@type\":\"Organization\",\"@id\":\"https:\/\/sulin.ee\/en\/#organization\",\"name\":\"SULIN TRADE O\u00dc\",\"url\":\"https:\/\/sulin.ee\/en\/\",\"logo\":{\"@type\":\"ImageObject\",\"inLanguage\":\"en-US\",\"@id\":\"https:\/\/sulin.ee\/en\/#\/schema\/logo\/image\/\",\"url\":\"https:\/\/sulin.ee\/wp-content\/uploads\/2022\/11\/sulin-logo.png\",\"contentUrl\":\"https:\/\/sulin.ee\/wp-content\/uploads\/2022\/11\/sulin-logo.png\",\"width\":871,\"height\":321,\"caption\":\"SULIN TRADE O\u00dc\"},\"image\":{\"@id\":\"https:\/\/sulin.ee\/en\/#\/schema\/logo\/image\/\"},\"sameAs\":[\"https:\/\/www.facebook.com\/www.sulin.ee\/\",\"https:\/\/www.instagram.com\/sulintrade\/\"]}]}<\/script>\n<!-- \/ Yoast SEO plugin. -->","yoast_head_json":{"title":"Kahepoolsed markerid 80 tk - sulin.ee","description":"Kahepoolsed markerid 80 tk - mitmek\u00fclgne ja v\u00e4rvikirev markerikomplekt, mis sobib ideaalselt igale kunstihuvilisele. Ideaalne valik joonistamiseks.","robots":{"index":"index","follow":"follow","max-snippet":"max-snippet:-1","max-image-preview":"max-image-preview:large","max-video-preview":"max-video-preview:-1"},"canonical":"https:\/\/sulin.ee\/en\/toode\/kahepoolsed-markerid-80-tk\/","og_locale":"en_US","og_type":"article","og_title":"Kahepoolsed markerid 80 tk - sulin.ee","og_description":"Kahepoolsed markerid 80 tk - mitmek\u00fclgne ja v\u00e4rvikirev markerikomplekt, mis sobib ideaalselt igale kunstihuvilisele. Ideaalne valik joonistamiseks.","og_url":"https:\/\/sulin.ee\/en\/toode\/kahepoolsed-markerid-80-tk\/","og_site_name":"sulin.ee","article_publisher":"https:\/\/www.facebook.com\/www.sulin.ee\/","article_modified_time":"2025-03-15T20:23:32+00:00","og_image":[{"width":1080,"height":1080,"url":"https:\/\/sulin.ee\/wp-content\/uploads\/2025\/02\/Piltide-korrektuurid-kodulehel-2025-02-26T104839.244.png","type":"image\/png"}],"twitter_card":"summary_large_image","twitter_misc":{"Est. reading time":"2 minutes"},"schema":{"@context":"https:\/\/schema.org","@graph":[{"@type":"WebPage","@id":"https:\/\/sulin.ee\/en\/toode\/kahepoolsed-markerid-80-tk\/","url":"https:\/\/sulin.ee\/en\/toode\/kahepoolsed-markerid-80-tk\/","name":"Kahepoolsed markerid 80 tk - sulin.ee","isPartOf":{"@id":"https:\/\/sulin.ee\/en\/#website"},"primaryImageOfPage":{"@id":"https:\/\/sulin.ee\/en\/toode\/kahepoolsed-markerid-80-tk\/#primaryimage"},"image":{"@id":"https:\/\/sulin.ee\/en\/toode\/kahepoolsed-markerid-80-tk\/#primaryimage"},"thumbnailUrl":"https:\/\/sulin.ee\/wp-content\/uploads\/2025\/02\/Piltide-korrektuurid-kodulehel-2025-02-26T104839.244.png","datePublished":"2025-02-19T12:44:03+00:00","dateModified":"2025-03-15T20:23:32+00:00","description":"Kahepoolsed markerid 80 tk - mitmek\u00fclgne ja v\u00e4rvikirev markerikomplekt, mis sobib ideaalselt igale kunstihuvilisele. Ideaalne valik joonistamiseks.","breadcrumb":{"@id":"https:\/\/sulin.ee\/en\/toode\/kahepoolsed-markerid-80-tk\/#breadcrumb"},"inLanguage":"en-US","potentialAction":[{"@type":"ReadAction","target":["https:\/\/sulin.ee\/en\/toode\/kahepoolsed-markerid-80-tk\/"]}]},{"@type":"ImageObject","inLanguage":"en-US","@id":"https:\/\/sulin.ee\/en\/toode\/kahepoolsed-markerid-80-tk\/#primaryimage","url":"https:\/\/sulin.ee\/wp-content\/uploads\/2025\/02\/Piltide-korrektuurid-kodulehel-2025-02-26T104839.244.png","contentUrl":"https:\/\/sulin.ee\/wp-content\/uploads\/2025\/02\/Piltide-korrektuurid-kodulehel-2025-02-26T104839.244.png","width":1080,"height":1080,"caption":"Kahepoolsed markerid"},{"@type":"BreadcrumbList","@id":"https:\/\/sulin.ee\/en\/toode\/kahepoolsed-markerid-80-tk\/#breadcrumb","itemListElement":[{"@type":"ListItem","position":1,"name":"Home","item":"https:\/\/sulin.ee\/en\/"},{"@type":"ListItem","position":2,"name":"Sulin.ee e-pood","item":"https:\/\/sulin.ee\/shop\/"},{"@type":"ListItem","position":3,"name":"Kahepoolsed markerid 80 tk"}]},{"@type":"WebSite","@id":"https:\/\/sulin.ee\/en\/#website","url":"https:\/\/sulin.ee\/en\/","name":"sulin.ee","description":"","publisher":{"@id":"https:\/\/sulin.ee\/en\/#organization"},"potentialAction":[{"@type":"SearchAction","target":{"@type":"EntryPoint","urlTemplate":"https:\/\/sulin.ee\/en\/?s={search_term_string}"},"query-input":{"@type":"PropertyValueSpecification","valueRequired":true,"valueName":"search_term_string"}}],"inLanguage":"en-US"},{"@type":"Organization","@id":"https:\/\/sulin.ee\/en\/#organization","name":"SULIN TRADE O\u00dc","url":"https:\/\/sulin.ee\/en\/","logo":{"@type":"ImageObject","inLanguage":"en-US","@id":"https:\/\/sulin.ee\/en\/#\/schema\/logo\/image\/","url":"https:\/\/sulin.ee\/wp-content\/uploads\/2022\/11\/sulin-logo.png","contentUrl":"https:\/\/sulin.ee\/wp-content\/uploads\/2022\/11\/sulin-logo.png","width":871,"height":321,"caption":"SULIN TRADE O\u00dc"},"image":{"@id":"https:\/\/sulin.ee\/en\/#\/schema\/logo\/image\/"},"sameAs":["https:\/\/www.facebook.com\/www.sulin.ee\/","https:\/\/www.instagram.com\/sulintrade\/"]}]}},"builder_content":"","_links":{"self":[{"href":"https:\/\/sulin.ee\/en\/wp-json\/wp\/v2\/product\/38915","targetHints":{"allow":["GET"]}}],"collection":[{"href":"https:\/\/sulin.ee\/en\/wp-json\/wp\/v2\/product"}],"about":[{"href":"https:\/\/sulin.ee\/en\/wp-json\/wp\/v2\/types\/product"}],"replies":[{"embeddable":true,"href":"https:\/\/sulin.ee\/en\/wp-json\/wp\/v2\/comments?post=38915"}],"wp:featuredmedia":[{"embeddable":true,"href":"https:\/\/sulin.ee\/en\/wp-json\/wp\/v2\/media\/40306"}],"wp:attachment":[{"href":"https:\/\/sulin.ee\/en\/wp-json\/wp\/v2\/media?parent=38915"}],"wp:term":[{"taxonomy":"product_brand","embeddable":true,"href":"https:\/\/sulin.ee\/en\/wp-json\/wp\/v2\/product_brand?post=38915"},{"taxonomy":"product_cat","embeddable":true,"href":"https:\/\/sulin.ee\/en\/wp-json\/wp\/v2\/product_cat?post=38915"},{"taxonomy":"product_tag","embeddable":true,"href":"https:\/\/sulin.ee\/en\/wp-json\/wp\/v2\/product_tag?post=38915"}],"curies":[{"name":"wp","href":"https:\/\/api.w.org\/{rel}","templated":true}]}}