{"id":38877,"date":"2025-02-19T12:43:51","date_gmt":"2025-02-19T12:43:51","guid":{"rendered":"https:\/\/sulin.ee\/toode\/geoboard-geoplan-puidust-pusle-mis-loob-kujundeid-kummipaeladega\/"},"modified":"2025-07-29T22:11:39","modified_gmt":"2025-07-29T22:11:39","slug":"puidust-kujundipusle-kummipaeladega","status":"publish","type":"product","link":"https:\/\/sulin.ee\/en\/toode\/puidust-kujundipusle-kummipaeladega\/","title":{"rendered":"Puidust kujundipusle kummipaeladega"},"content":{"rendered":"<div class=\"flex-1 grow overflow-hidden @container\/thread\">\n<div class=\"relative h-full\">\n<div class=\"flex h-full flex-col overflow-y-auto [scrollbar-gutter:stable]\">\n<div class=\"flex flex-col text-sm md:pb-9\">\n<article class=\"w-full text-token-text-primary focus-visible:outline-2 focus-visible:outline-offset-[-4px]\" dir=\"auto\" data-testid=\"conversation-turn-23\" data-scroll-anchor=\"true\">\n<div class=\"text-base my-auto mx-auto py-[18px] px-6\">\n<div class=\"mx-auto flex flex-1 text-base gap-4 md:gap-5 lg:gap-6 md:max-w-3xl lg:max-w-[40rem] xl:max-w-[48rem]\">\n<div class=\"group\/conversation-turn relative flex w-full min-w-0 flex-col agent-turn @xs\/thread:px-0 @sm\/thread:px-1.5 @md\/thread:px-4\">\n<div class=\"flex-col gap-1 md:gap-3\">\n<div class=\"flex max-w-full flex-col flex-grow\">\n<div class=\"min-h-8 text-message relative flex w-full flex-col items-end gap-2 whitespace-normal break-words text-start [.text-message+&amp;]:mt-5\" dir=\"auto\" data-message-author-role=\"assistant\" data-message-id=\"7d04f6af-63cf-4f72-91c6-04079fadc517\" data-message-model-slug=\"gpt-4\">\n<div class=\"flex w-full flex-col gap-1 empty:hidden first:pt-[3px]\">\n<div class=\"markdown prose w-full break-words dark:prose-invert light\">\n<p data-start=\"77\" data-end=\"491\"><strong>Puidust kujundipusle kummipaeladega<\/strong> on uuenduslik \u00f5ppem\u00e4nguasi, mis \u00fchendab endas loovust, matemaatilist m\u00f5tlemist ja motoorset osavust. See m\u00e4nguasi koosneb geoplaadist \u2013 puidust lauast, millele on paigutatud poolenisti naelutatud naelad. Lapsed saavad luua kummipaelade abil erinevaid geomeetrilisi kujundeid, arendades seel\u00e4bi oma matemaatilisi oskusi nagu kujundite tundmine, s\u00fcmmeetria ja nurkade m\u00f5istmine.<\/p>\n<p data-start=\"493\" data-end=\"913\"><strong data-start=\"493\" data-end=\"526\">M\u00e4ngu eesm\u00e4rk ja \u00f5ppev\u00e4\u00e4rtus:<\/strong> M\u00e4nguasi sisaldab kahepoolseid kaarte, mis on jaotatud erineva raskusastmega ja pakuvad lastele nii eeskuju j\u00e4rgimiseks m\u00f5eldud mustreid kui ka vabadust oma kujundeid luua. Kaartide abil kujundite tegemine <strong data-start=\"742\" data-end=\"775\">arendab lapse koordinatsiooni<\/strong> ning <strong data-start=\"781\" data-end=\"810\">silma-k\u00e4e koordinatsiooni<\/strong>, samal ajal kui kummipaelade paigutamine naelte \u00fcmber harjutab <strong data-start=\"870\" data-end=\"912\">s\u00f5rmede t\u00e4psust ja loogilist m\u00f5tlemist<\/strong>.<\/p>\n<p data-start=\"915\" data-end=\"1197\"><strong data-start=\"915\" data-end=\"948\">V\u00e4rvikas ja turvaline disain:<\/strong> Laud on valmistatud <strong data-start=\"969\" data-end=\"998\">sujuvalt lihvitud puidust<\/strong> ja naelte otsad on \u00fcmardatud, et tagada m\u00e4ngu ohutus. Eriv\u00e4rvilised kummipaelad mitte ainult ei meelita lapse t\u00e4helepanu, vaid aitavad ka <strong data-start=\"1137\" data-end=\"1196\">geomeetriliste kujundite nimetuste ja v\u00e4rvide \u00f5ppimisel<\/strong>.<\/p>\n<p data-start=\"1199\" data-end=\"1533\"><strong data-start=\"1199\" data-end=\"1233\">Loominguline ja interaktiivne:<\/strong> Lisaks kaartidega t\u00f6\u00f6tamisele innustab geoplaat lapsi looma oma pilte ja mustreid, mis <strong data-start=\"1321\" data-end=\"1387\">stimuleerib kujutlusv\u00f5imet ja soodustab loomingulist m\u00f5tlemist<\/strong>. Vanemad saavad ka osaleda, aidates lastel m\u00e4lu j\u00e4rgi kujundeid luua, mis on suurep\u00e4rane v\u00f5imalus nii suhete arendamiseks kui ka m\u00e4lutreeninguks.<\/p>\n<p data-start=\"1535\" data-end=\"1557\"><strong data-start=\"1535\" data-end=\"1557\">Komplekt sisaldab:<\/strong><\/p>\n<ul data-start=\"1558\" data-end=\"1629\">\n<li data-start=\"1558\" data-end=\"1579\">\ud83d\udfe2 Geoplaat &#8220;naeltega&#8221;<\/li>\n<li data-start=\"1580\" data-end=\"1605\">\ud83d\udfe2 40 v\u00e4rvilist kummipaela<\/li>\n<li data-start=\"1606\" data-end=\"1629\">\ud83d\udfe2 24 kahepoolset kaarti<\/li>\n<\/ul>\n<p data-start=\"1631\" data-end=\"1643\"><strong data-start=\"1631\" data-end=\"1643\">M\u00f5\u00f5tmed:<\/strong><\/p>\n<ul data-start=\"1644\" data-end=\"1726\">\n<li data-start=\"1644\" data-end=\"1671\">\ud83d\udfe2 <strong>Laud:<\/strong> 15cm x 15cm x 2.3cm<\/li>\n<li data-start=\"1672\" data-end=\"1694\">\ud83d\udfe2 <strong>Naelte pikkus:<\/strong> 0.5cm<\/li>\n<li data-start=\"1695\" data-end=\"1726\">\ud83d\udfe2 <strong>Pakend:<\/strong> 16.5cm x 15.5cm x 4cm<\/li>\n<\/ul>\n<p data-start=\"1728\" data-end=\"1971\" data-is-last-node=\"\" data-is-only-node=\"\">Puidust Kujundipusle Kummipaeladega on suurep\u00e4rane valik vanematele, kes soovivad \u00fchendada l\u00f5bu ja \u00f5ppimist interaktiivsel ja kaasahaaraval viisil. M\u00e4nguasi on pakitud esteetiliselt meeldivasse pappkarpi, mis teeb sellest ideaalse kingituse.<\/p>\n<p data-start=\"1728\" data-end=\"1971\" data-is-last-node=\"\" data-is-only-node=\"\">Tutvuge ka meie teiste \u00f5petlike m\u00e4nguasjadega, mis pakuvad samuti p\u00f5nevaid ja kasulikke tegevusi igale lapsele. <a href=\"https:\/\/sulin.ee\/tootekategooria\/mangimine\/oppemangud\/\">Leiad siit!<\/a><\/p>\n<\/div>\n<\/div>\n<\/div>\n<\/div>\n<\/div>\n<\/div>\n<\/div>\n<\/div>\n<\/article>\n<\/div>\n<\/div>\n<\/div>\n<\/div>\n","protected":false},"excerpt":{"rendered":"<p><strong>Puidust Kujundipusle Kummipaeladega<\/strong> on innovatiivne ja hariv m\u00e4nguasi, mis \u00f5petab lapsi tundma geomeetrilisi kujundeid ja arendab nende motoorseid oskusi.<\/p>\n<p><strong>Komplekti kuuluvad<\/strong> v\u00e4rvilised kummipaelad ja mitmek\u00fclgsed kaardid pakuvad l\u00f5putuid v\u00f5imalusi loovaks m\u00e4nguks, julgustades lapsi avastama matemaatika p\u00f5hit\u00f5desid nagu kujundid ja s\u00fcmmeetria. Ideaalne vahend s\u00f5rmede t\u00e4psuse ja loogilise m\u00f5tlemise arendamiseks.<\/p>\n<p><strong>Geoplaadi m\u00f5\u00f5tmed:<\/strong> 15 x 15 x 2,3 cm.<\/p>\n","protected":false},"featured_media":41082,"comment_status":"open","ping_status":"closed","template":"","meta":[],"product_brand":[],"product_cat":[110,1166,1002,1009,1022,1023,942,175,23],"product_tag":[],"class_list":{"0":"post-38877","1":"product","2":"type-product","3":"status-publish","4":"has-post-thumbnail","6":"product_cat-mangimine","7":"product_cat-6-8-aastat","8":"product_cat-oppemangud","9":"product_cat-numbrid-ja-matemaatika","10":"product_cat-varvid-ja-kujundid","11":"product_cat-motoorika","12":"product_cat-lauamangud","13":"product_cat-puidust-manguasjad","14":"product_cat-soodus","15":"has-post-title","16":"has-post-date","17":"has-post-category","18":"has-post-tag","19":"has-post-comment","20":"has-post-author","21":"","23":"first","24":"instock","25":"sale","26":"taxable","27":"shipping-taxable","28":"purchasable","29":"product-type-simple"},"yoast_head":"<!-- This site is optimized with the Yoast SEO plugin v26.8 - https:\/\/yoast.com\/product\/yoast-seo-wordpress\/ -->\n<title>Puidust kujundipusle kummipaeladega - sulin.ee<\/title>\n<meta name=\"description\" content=\"Puidust kujundipusle kummipaeladega on l\u00f5bus ja hariv m\u00e4nguasi, aidates lastel arendada motoorseid oskusi ja matemaatilist m\u00f5tlemist l\u00e4bi loova m\u00e4ngu.\" \/>\n<meta name=\"robots\" content=\"index, follow, max-snippet:-1, max-image-preview:large, max-video-preview:-1\" \/>\n<link rel=\"canonical\" href=\"https:\/\/sulin.ee\/en\/toode\/puidust-kujundipusle-kummipaeladega\/\" \/>\n<meta property=\"og:locale\" content=\"en_US\" \/>\n<meta property=\"og:type\" content=\"article\" \/>\n<meta property=\"og:title\" content=\"Puidust kujundipusle kummipaeladega - sulin.ee\" \/>\n<meta property=\"og:description\" content=\"Puidust kujundipusle kummipaeladega on l\u00f5bus ja hariv m\u00e4nguasi, aidates lastel arendada motoorseid oskusi ja matemaatilist m\u00f5tlemist l\u00e4bi loova m\u00e4ngu.\" \/>\n<meta property=\"og:url\" content=\"https:\/\/sulin.ee\/en\/toode\/puidust-kujundipusle-kummipaeladega\/\" \/>\n<meta property=\"og:site_name\" content=\"sulin.ee\" \/>\n<meta property=\"article:publisher\" content=\"https:\/\/www.facebook.com\/www.sulin.ee\/\" \/>\n<meta property=\"article:modified_time\" content=\"2025-07-29T22:11:39+00:00\" \/>\n<meta property=\"og:image\" content=\"https:\/\/sulin.ee\/wp-content\/uploads\/2025\/02\/Piltide-korrektuurid-kodulehel-2025-03-06T095304.176.png\" \/>\n\t<meta property=\"og:image:width\" content=\"1080\" \/>\n\t<meta property=\"og:image:height\" content=\"1080\" \/>\n\t<meta property=\"og:image:type\" content=\"image\/png\" \/>\n<meta name=\"twitter:card\" content=\"summary_large_image\" \/>\n<meta name=\"twitter:label1\" content=\"Est. reading time\" \/>\n\t<meta name=\"twitter:data1\" content=\"2 minutes\" \/>\n<script type=\"application\/ld+json\" class=\"yoast-schema-graph\">{\"@context\":\"https:\/\/schema.org\",\"@graph\":[{\"@type\":\"WebPage\",\"@id\":\"https:\/\/sulin.ee\/en\/toode\/puidust-kujundipusle-kummipaeladega\/\",\"url\":\"https:\/\/sulin.ee\/en\/toode\/puidust-kujundipusle-kummipaeladega\/\",\"name\":\"Puidust kujundipusle kummipaeladega - sulin.ee\",\"isPartOf\":{\"@id\":\"https:\/\/sulin.ee\/en\/#website\"},\"primaryImageOfPage\":{\"@id\":\"https:\/\/sulin.ee\/en\/toode\/puidust-kujundipusle-kummipaeladega\/#primaryimage\"},\"image\":{\"@id\":\"https:\/\/sulin.ee\/en\/toode\/puidust-kujundipusle-kummipaeladega\/#primaryimage\"},\"thumbnailUrl\":\"https:\/\/sulin.ee\/wp-content\/uploads\/2025\/02\/Piltide-korrektuurid-kodulehel-2025-03-06T095304.176.png\",\"datePublished\":\"2025-02-19T12:43:51+00:00\",\"dateModified\":\"2025-07-29T22:11:39+00:00\",\"description\":\"Puidust kujundipusle kummipaeladega on l\u00f5bus ja hariv m\u00e4nguasi, aidates lastel arendada motoorseid oskusi ja matemaatilist m\u00f5tlemist l\u00e4bi loova m\u00e4ngu.\",\"breadcrumb\":{\"@id\":\"https:\/\/sulin.ee\/en\/toode\/puidust-kujundipusle-kummipaeladega\/#breadcrumb\"},\"inLanguage\":\"en-US\",\"potentialAction\":[{\"@type\":\"ReadAction\",\"target\":[\"https:\/\/sulin.ee\/en\/toode\/puidust-kujundipusle-kummipaeladega\/\"]}]},{\"@type\":\"ImageObject\",\"inLanguage\":\"en-US\",\"@id\":\"https:\/\/sulin.ee\/en\/toode\/puidust-kujundipusle-kummipaeladega\/#primaryimage\",\"url\":\"https:\/\/sulin.ee\/wp-content\/uploads\/2025\/02\/Piltide-korrektuurid-kodulehel-2025-03-06T095304.176.png\",\"contentUrl\":\"https:\/\/sulin.ee\/wp-content\/uploads\/2025\/02\/Piltide-korrektuurid-kodulehel-2025-03-06T095304.176.png\",\"width\":1080,\"height\":1080,\"caption\":\"Puidust kujundipusle\"},{\"@type\":\"BreadcrumbList\",\"@id\":\"https:\/\/sulin.ee\/en\/toode\/puidust-kujundipusle-kummipaeladega\/#breadcrumb\",\"itemListElement\":[{\"@type\":\"ListItem\",\"position\":1,\"name\":\"Home\",\"item\":\"https:\/\/sulin.ee\/en\/\"},{\"@type\":\"ListItem\",\"position\":2,\"name\":\"Sulin.ee e-pood\",\"item\":\"https:\/\/sulin.ee\/shop\/\"},{\"@type\":\"ListItem\",\"position\":3,\"name\":\"Puidust kujundipusle kummipaeladega\"}]},{\"@type\":\"WebSite\",\"@id\":\"https:\/\/sulin.ee\/en\/#website\",\"url\":\"https:\/\/sulin.ee\/en\/\",\"name\":\"sulin.ee\",\"description\":\"\",\"publisher\":{\"@id\":\"https:\/\/sulin.ee\/en\/#organization\"},\"potentialAction\":[{\"@type\":\"SearchAction\",\"target\":{\"@type\":\"EntryPoint\",\"urlTemplate\":\"https:\/\/sulin.ee\/en\/?s={search_term_string}\"},\"query-input\":{\"@type\":\"PropertyValueSpecification\",\"valueRequired\":true,\"valueName\":\"search_term_string\"}}],\"inLanguage\":\"en-US\"},{\"@type\":\"Organization\",\"@id\":\"https:\/\/sulin.ee\/en\/#organization\",\"name\":\"SULIN TRADE O\u00dc\",\"url\":\"https:\/\/sulin.ee\/en\/\",\"logo\":{\"@type\":\"ImageObject\",\"inLanguage\":\"en-US\",\"@id\":\"https:\/\/sulin.ee\/en\/#\/schema\/logo\/image\/\",\"url\":\"https:\/\/sulin.ee\/wp-content\/uploads\/2022\/11\/sulin-logo.png\",\"contentUrl\":\"https:\/\/sulin.ee\/wp-content\/uploads\/2022\/11\/sulin-logo.png\",\"width\":871,\"height\":321,\"caption\":\"SULIN TRADE O\u00dc\"},\"image\":{\"@id\":\"https:\/\/sulin.ee\/en\/#\/schema\/logo\/image\/\"},\"sameAs\":[\"https:\/\/www.facebook.com\/www.sulin.ee\/\",\"https:\/\/www.instagram.com\/sulintrade\/\"]}]}<\/script>\n<!-- \/ Yoast SEO plugin. -->","yoast_head_json":{"title":"Puidust kujundipusle kummipaeladega - sulin.ee","description":"Puidust kujundipusle kummipaeladega on l\u00f5bus ja hariv m\u00e4nguasi, aidates lastel arendada motoorseid oskusi ja matemaatilist m\u00f5tlemist l\u00e4bi loova m\u00e4ngu.","robots":{"index":"index","follow":"follow","max-snippet":"max-snippet:-1","max-image-preview":"max-image-preview:large","max-video-preview":"max-video-preview:-1"},"canonical":"https:\/\/sulin.ee\/en\/toode\/puidust-kujundipusle-kummipaeladega\/","og_locale":"en_US","og_type":"article","og_title":"Puidust kujundipusle kummipaeladega - sulin.ee","og_description":"Puidust kujundipusle kummipaeladega on l\u00f5bus ja hariv m\u00e4nguasi, aidates lastel arendada motoorseid oskusi ja matemaatilist m\u00f5tlemist l\u00e4bi loova m\u00e4ngu.","og_url":"https:\/\/sulin.ee\/en\/toode\/puidust-kujundipusle-kummipaeladega\/","og_site_name":"sulin.ee","article_publisher":"https:\/\/www.facebook.com\/www.sulin.ee\/","article_modified_time":"2025-07-29T22:11:39+00:00","og_image":[{"width":1080,"height":1080,"url":"https:\/\/sulin.ee\/wp-content\/uploads\/2025\/02\/Piltide-korrektuurid-kodulehel-2025-03-06T095304.176.png","type":"image\/png"}],"twitter_card":"summary_large_image","twitter_misc":{"Est. reading time":"2 minutes"},"schema":{"@context":"https:\/\/schema.org","@graph":[{"@type":"WebPage","@id":"https:\/\/sulin.ee\/en\/toode\/puidust-kujundipusle-kummipaeladega\/","url":"https:\/\/sulin.ee\/en\/toode\/puidust-kujundipusle-kummipaeladega\/","name":"Puidust kujundipusle kummipaeladega - sulin.ee","isPartOf":{"@id":"https:\/\/sulin.ee\/en\/#website"},"primaryImageOfPage":{"@id":"https:\/\/sulin.ee\/en\/toode\/puidust-kujundipusle-kummipaeladega\/#primaryimage"},"image":{"@id":"https:\/\/sulin.ee\/en\/toode\/puidust-kujundipusle-kummipaeladega\/#primaryimage"},"thumbnailUrl":"https:\/\/sulin.ee\/wp-content\/uploads\/2025\/02\/Piltide-korrektuurid-kodulehel-2025-03-06T095304.176.png","datePublished":"2025-02-19T12:43:51+00:00","dateModified":"2025-07-29T22:11:39+00:00","description":"Puidust kujundipusle kummipaeladega on l\u00f5bus ja hariv m\u00e4nguasi, aidates lastel arendada motoorseid oskusi ja matemaatilist m\u00f5tlemist l\u00e4bi loova m\u00e4ngu.","breadcrumb":{"@id":"https:\/\/sulin.ee\/en\/toode\/puidust-kujundipusle-kummipaeladega\/#breadcrumb"},"inLanguage":"en-US","potentialAction":[{"@type":"ReadAction","target":["https:\/\/sulin.ee\/en\/toode\/puidust-kujundipusle-kummipaeladega\/"]}]},{"@type":"ImageObject","inLanguage":"en-US","@id":"https:\/\/sulin.ee\/en\/toode\/puidust-kujundipusle-kummipaeladega\/#primaryimage","url":"https:\/\/sulin.ee\/wp-content\/uploads\/2025\/02\/Piltide-korrektuurid-kodulehel-2025-03-06T095304.176.png","contentUrl":"https:\/\/sulin.ee\/wp-content\/uploads\/2025\/02\/Piltide-korrektuurid-kodulehel-2025-03-06T095304.176.png","width":1080,"height":1080,"caption":"Puidust kujundipusle"},{"@type":"BreadcrumbList","@id":"https:\/\/sulin.ee\/en\/toode\/puidust-kujundipusle-kummipaeladega\/#breadcrumb","itemListElement":[{"@type":"ListItem","position":1,"name":"Home","item":"https:\/\/sulin.ee\/en\/"},{"@type":"ListItem","position":2,"name":"Sulin.ee e-pood","item":"https:\/\/sulin.ee\/shop\/"},{"@type":"ListItem","position":3,"name":"Puidust kujundipusle kummipaeladega"}]},{"@type":"WebSite","@id":"https:\/\/sulin.ee\/en\/#website","url":"https:\/\/sulin.ee\/en\/","name":"sulin.ee","description":"","publisher":{"@id":"https:\/\/sulin.ee\/en\/#organization"},"potentialAction":[{"@type":"SearchAction","target":{"@type":"EntryPoint","urlTemplate":"https:\/\/sulin.ee\/en\/?s={search_term_string}"},"query-input":{"@type":"PropertyValueSpecification","valueRequired":true,"valueName":"search_term_string"}}],"inLanguage":"en-US"},{"@type":"Organization","@id":"https:\/\/sulin.ee\/en\/#organization","name":"SULIN TRADE O\u00dc","url":"https:\/\/sulin.ee\/en\/","logo":{"@type":"ImageObject","inLanguage":"en-US","@id":"https:\/\/sulin.ee\/en\/#\/schema\/logo\/image\/","url":"https:\/\/sulin.ee\/wp-content\/uploads\/2022\/11\/sulin-logo.png","contentUrl":"https:\/\/sulin.ee\/wp-content\/uploads\/2022\/11\/sulin-logo.png","width":871,"height":321,"caption":"SULIN TRADE O\u00dc"},"image":{"@id":"https:\/\/sulin.ee\/en\/#\/schema\/logo\/image\/"},"sameAs":["https:\/\/www.facebook.com\/www.sulin.ee\/","https:\/\/www.instagram.com\/sulintrade\/"]}]}},"builder_content":"","_links":{"self":[{"href":"https:\/\/sulin.ee\/en\/wp-json\/wp\/v2\/product\/38877","targetHints":{"allow":["GET"]}}],"collection":[{"href":"https:\/\/sulin.ee\/en\/wp-json\/wp\/v2\/product"}],"about":[{"href":"https:\/\/sulin.ee\/en\/wp-json\/wp\/v2\/types\/product"}],"replies":[{"embeddable":true,"href":"https:\/\/sulin.ee\/en\/wp-json\/wp\/v2\/comments?post=38877"}],"wp:featuredmedia":[{"embeddable":true,"href":"https:\/\/sulin.ee\/en\/wp-json\/wp\/v2\/media\/41082"}],"wp:attachment":[{"href":"https:\/\/sulin.ee\/en\/wp-json\/wp\/v2\/media?parent=38877"}],"wp:term":[{"taxonomy":"product_brand","embeddable":true,"href":"https:\/\/sulin.ee\/en\/wp-json\/wp\/v2\/product_brand?post=38877"},{"taxonomy":"product_cat","embeddable":true,"href":"https:\/\/sulin.ee\/en\/wp-json\/wp\/v2\/product_cat?post=38877"},{"taxonomy":"product_tag","embeddable":true,"href":"https:\/\/sulin.ee\/en\/wp-json\/wp\/v2\/product_tag?post=38877"}],"curies":[{"name":"wp","href":"https:\/\/api.w.org\/{rel}","templated":true}]}}