{"id":38854,"date":"2025-02-19T12:43:44","date_gmt":"2025-02-19T12:43:44","guid":{"rendered":"https:\/\/sulin.ee\/toode\/projektor-dioode-joonistama-oppimiseks\/"},"modified":"2025-09-11T09:11:11","modified_gmt":"2025-09-11T09:11:11","slug":"loominguline-joonistusprojektor-12-markerit-ja-32-pilti","status":"publish","type":"product","link":"https:\/\/sulin.ee\/en\/toode\/loominguline-joonistusprojektor-12-markerit-ja-32-pilti\/","title":{"rendered":"Loominguline Joonistusprojektor + 12 markerit ja 32 pilti"},"content":{"rendered":"<div class=\"flex-1 overflow-hidden @container\/thread translate-y-[2rem] -mt-[2rem] pb-[1.5rem]\">\n<div class=\"relative h-full\">\n<div class=\"flex h-full flex-col overflow-y-auto [scrollbar-gutter:stable]\">\n<div class=\"flex flex-col text-sm md:pb-9\">\n<article class=\"w-full text-token-text-primary focus-visible:outline-2 focus-visible:outline-offset-[-4px]\" dir=\"auto\" data-testid=\"conversation-turn-117\" data-scroll-anchor=\"true\">\n<div class=\"m-auto text-base py-[18px] px-6\">\n<div class=\"mx-auto flex flex-1 text-base gap-4 md:gap-5 lg:gap-6 md:max-w-3xl lg:max-w-[40rem] xl:max-w-[48rem]\">\n<div class=\"group\/conversation-turn relative flex w-full min-w-0 flex-col agent-turn @xs\/thread:px-0 @sm\/thread:px-1.5 @md\/thread:px-4\">\n<div class=\"flex-col gap-1 md:gap-3\">\n<div class=\"flex max-w-full flex-col flex-grow\">\n<div class=\"min-h-8 text-message relative flex w-full flex-col items-end gap-2 whitespace-normal break-words text-start [.text-message+&amp;]:mt-5\" dir=\"auto\" data-message-author-role=\"assistant\" data-message-id=\"73a8ad69-90b2-442c-9e6f-555acf9229a8\" data-message-model-slug=\"gpt-4\">\n<div class=\"flex w-full flex-col gap-1 empty:hidden first:pt-[3px]\">\n<div class=\"markdown prose w-full break-words dark:prose-invert light\">\n<p data-start=\"100\" data-end=\"407\"><strong>Loominguline Joonistusprojektor on ideaalne vahend igale v\u00e4ikesele kunstnikule, kes soovib avastada maalimise ja joonistamise maailma. See projektor mitte ainult ei k\u00f6ida t\u00e4helepanu oma erksate ja soojade v\u00e4rvidega, vaid pakub ka praktilist ja l\u00f5busat viisi kunstioskuste arendamiseks.<\/strong><\/p>\n<h4 data-start=\"409\" data-end=\"432\">Kuidas see t\u00f6\u00f6tab?<\/h4>\n<p data-start=\"433\" data-end=\"826\">Lihtsalt sisestage 3 AA-patareid (ei kuulu komplekti), valige \u00fcks neljast kaasasolevast kettast, mis iga\u00fcks sisaldab 8 erinevat pilti, ja asetage see projektorisse. Projektori k\u00e4ivitamisel kuvatakse pildid selgelt allapoole, v\u00f5imaldades lastel j\u00e4rgida kujutisi ja luua oma meistriteoseid. Projektori k\u00f5rgust saab reguleerida, et sobituda igas suuruses lastega ja tagada mugav joonistuskogemus.<\/p>\n<h4 data-start=\"828\" data-end=\"860\">Komplekti sisu ja omadused:<\/h4>\n<ul data-start=\"1022\" data-end=\"1398\">\n<li data-start=\"1022\" data-end=\"1173\">\u2714\ufe0f <strong data-start=\"1027\" data-end=\"1046\">Komplekti sisu:<\/strong> Projektoriga laud, 4 ketast 32 joonistusega, 12 v\u00e4rvilist markerit, bro\u0161\u00fc\u00fcr piltide kopeerimiseks.<\/li>\n<li data-start=\"1174\" data-end=\"1218\">\u2714\ufe0f <strong data-start=\"1179\" data-end=\"1190\">M\u00f5\u00f5dud:<\/strong> Laud 30.5 cm \u00d7 18.5 cm \u00d7 26 cm.<\/li>\n<li data-start=\"1219\" data-end=\"1257\">\u2714\ufe0f <strong data-start=\"1224\" data-end=\"1237\">Materjal:<\/strong> Vastupidav plastik.<\/li>\n<li data-start=\"1258\" data-end=\"1310\">\u2714\ufe0f <strong data-start=\"1263\" data-end=\"1273\">Toide:<\/strong> 3 x AA patareid (ei kuulu komplekti).<\/li>\n<li data-start=\"1311\" data-end=\"1398\">\u2714\ufe0f <strong data-start=\"1316\" data-end=\"1329\">Vanusele:<\/strong> Ideaalne lastele, kes armastavad joonistada ja oma loovust arendada.<\/li>\n<\/ul>\n<p data-start=\"1387\" data-end=\"1750\" data-is-last-node=\"\" data-is-only-node=\"\">Loominguline Joonistusprojektor\u00a0arendab lapse k\u00e4elist osavust ja peenmotoorikat, mis on oluline kirjutamisoskuse omandamisel. Samuti julgustab see v\u00e4rve eristama, uusi kujundeid looma ja \u00e4ra tundma, aidates lapsel tema loovus- ja kujutlusv\u00f5imet arendada. Suurep\u00e4rane kingitus, mis pakub r\u00f5\u00f5mu ning toetab lapse \u00fcldist arengut.<\/p>\n<p data-start=\"1387\" data-end=\"1750\" data-is-last-node=\"\" data-is-only-node=\"\">Uurige ka meie teisi kunstivahendeid, et leida rohkem p\u00f5nevaid tooteid, mis inspireerivad laste loovust. <a href=\"https:\/\/sulin.ee\/tootekategooria\/mangimine\/kunstivahendid\/\">Leiad siit.<\/a><\/p>\n<\/div>\n<\/div>\n<\/div>\n<\/div>\n<\/div>\n<\/div>\n<\/div>\n<\/div>\n<\/article>\n<\/div>\n<\/div>\n<\/div>\n<\/div>\n","protected":false},"excerpt":{"rendered":"<p><strong>Loominguline Joonistusprojektor on suurep\u00e4rane vahend igale noorele kunstnikule, kes soovib avastada maalimise ja joonistamise maailma. <\/strong><\/p>\n<p>Projektoril on 32 erinevat pilti neljal kettal ja 12 v\u00e4rvilist markerit, mis v\u00f5imaldavad lastel j\u00e4rgida ja \u00fcle joonistada kujutisi, arendades nende k\u00e4elist osavust ja loovust. Seadme k\u00f5rgust on v\u00f5imalik reguleerida, pakkudes mugavat joonistuskogemust igas vanuses lastele. Ideaalne kingitus, mis toetab lapse loovust ja peenmotoorikat.<\/p>\n<p><strong>Laua m\u00f5\u00f5tmed:<\/strong> 30.5 x 18.5 x 26cm.<\/p>\n","protected":false},"featured_media":38852,"comment_status":"open","ping_status":"closed","template":"","meta":[],"product_brand":[],"product_cat":[110,1162,1165,1166,102,927,23],"product_tag":[],"class_list":{"0":"post-38854","1":"product","2":"type-product","3":"status-publish","4":"has-post-thumbnail","6":"product_cat-mangimine","7":"product_cat-kingituseks","8":"product_cat-3-5-aastat","9":"product_cat-6-8-aastat","10":"product_cat-kunstivahendid","11":"product_cat-joonistamine","12":"product_cat-soodus","13":"has-post-title","14":"has-post-date","15":"has-post-category","16":"has-post-tag","17":"has-post-comment","18":"has-post-author","19":"","21":"first","22":"instock","23":"sale","24":"taxable","25":"shipping-taxable","26":"purchasable","27":"product-type-simple"},"yoast_head":"<!-- This site is optimized with the Yoast SEO plugin v26.8 - https:\/\/yoast.com\/product\/yoast-seo-wordpress\/ -->\n<title>Loominguline Joonistusprojektor + 12 markerit ja 32 pilti - sulin.ee<\/title>\n<meta name=\"description\" content=\"Loominguline Joonistusprojektor pakub lastele l\u00f5busat ja interaktiivset viisi joonistamisoskuste arendamiseks, kasutades erksav\u00e4rvilisi pilte.\" \/>\n<meta name=\"robots\" content=\"index, follow, max-snippet:-1, max-image-preview:large, max-video-preview:-1\" \/>\n<link rel=\"canonical\" href=\"https:\/\/sulin.ee\/en\/toode\/loominguline-joonistusprojektor-12-markerit-ja-32-pilti\/\" \/>\n<meta property=\"og:locale\" content=\"en_US\" \/>\n<meta property=\"og:type\" content=\"article\" \/>\n<meta property=\"og:title\" content=\"Loominguline Joonistusprojektor + 12 markerit ja 32 pilti - sulin.ee\" \/>\n<meta property=\"og:description\" content=\"Loominguline Joonistusprojektor pakub lastele l\u00f5busat ja interaktiivset viisi joonistamisoskuste arendamiseks, kasutades erksav\u00e4rvilisi pilte.\" \/>\n<meta property=\"og:url\" content=\"https:\/\/sulin.ee\/en\/toode\/loominguline-joonistusprojektor-12-markerit-ja-32-pilti\/\" \/>\n<meta property=\"og:site_name\" content=\"sulin.ee\" \/>\n<meta property=\"article:publisher\" content=\"https:\/\/www.facebook.com\/www.sulin.ee\/\" \/>\n<meta property=\"article:modified_time\" content=\"2025-09-11T09:11:11+00:00\" \/>\n<meta property=\"og:image\" content=\"https:\/\/sulin.ee\/wp-content\/uploads\/2025\/02\/Projektor-rzutnik-do-nauki-rysowania-slajdy-1069051.jpg\" \/>\n\t<meta property=\"og:image:width\" content=\"1024\" \/>\n\t<meta property=\"og:image:height\" content=\"1024\" \/>\n\t<meta property=\"og:image:type\" content=\"image\/jpeg\" \/>\n<meta name=\"twitter:card\" content=\"summary_large_image\" \/>\n<meta name=\"twitter:label1\" content=\"Est. reading time\" \/>\n\t<meta name=\"twitter:data1\" content=\"2 minutes\" \/>\n<script type=\"application\/ld+json\" class=\"yoast-schema-graph\">{\"@context\":\"https:\/\/schema.org\",\"@graph\":[{\"@type\":\"WebPage\",\"@id\":\"https:\/\/sulin.ee\/en\/toode\/loominguline-joonistusprojektor-12-markerit-ja-32-pilti\/\",\"url\":\"https:\/\/sulin.ee\/en\/toode\/loominguline-joonistusprojektor-12-markerit-ja-32-pilti\/\",\"name\":\"Loominguline Joonistusprojektor + 12 markerit ja 32 pilti - sulin.ee\",\"isPartOf\":{\"@id\":\"https:\/\/sulin.ee\/en\/#website\"},\"primaryImageOfPage\":{\"@id\":\"https:\/\/sulin.ee\/en\/toode\/loominguline-joonistusprojektor-12-markerit-ja-32-pilti\/#primaryimage\"},\"image\":{\"@id\":\"https:\/\/sulin.ee\/en\/toode\/loominguline-joonistusprojektor-12-markerit-ja-32-pilti\/#primaryimage\"},\"thumbnailUrl\":\"https:\/\/sulin.ee\/wp-content\/uploads\/2025\/02\/Projektor-rzutnik-do-nauki-rysowania-slajdy-1069051.jpg\",\"datePublished\":\"2025-02-19T12:43:44+00:00\",\"dateModified\":\"2025-09-11T09:11:11+00:00\",\"description\":\"Loominguline Joonistusprojektor pakub lastele l\u00f5busat ja interaktiivset viisi joonistamisoskuste arendamiseks, kasutades erksav\u00e4rvilisi pilte.\",\"breadcrumb\":{\"@id\":\"https:\/\/sulin.ee\/en\/toode\/loominguline-joonistusprojektor-12-markerit-ja-32-pilti\/#breadcrumb\"},\"inLanguage\":\"en-US\",\"potentialAction\":[{\"@type\":\"ReadAction\",\"target\":[\"https:\/\/sulin.ee\/en\/toode\/loominguline-joonistusprojektor-12-markerit-ja-32-pilti\/\"]}]},{\"@type\":\"ImageObject\",\"inLanguage\":\"en-US\",\"@id\":\"https:\/\/sulin.ee\/en\/toode\/loominguline-joonistusprojektor-12-markerit-ja-32-pilti\/#primaryimage\",\"url\":\"https:\/\/sulin.ee\/wp-content\/uploads\/2025\/02\/Projektor-rzutnik-do-nauki-rysowania-slajdy-1069051.jpg\",\"contentUrl\":\"https:\/\/sulin.ee\/wp-content\/uploads\/2025\/02\/Projektor-rzutnik-do-nauki-rysowania-slajdy-1069051.jpg\",\"width\":1024,\"height\":1024,\"caption\":\"Loominguline Joonistusprojektor\"},{\"@type\":\"BreadcrumbList\",\"@id\":\"https:\/\/sulin.ee\/en\/toode\/loominguline-joonistusprojektor-12-markerit-ja-32-pilti\/#breadcrumb\",\"itemListElement\":[{\"@type\":\"ListItem\",\"position\":1,\"name\":\"Home\",\"item\":\"https:\/\/sulin.ee\/en\/\"},{\"@type\":\"ListItem\",\"position\":2,\"name\":\"Sulin.ee e-pood\",\"item\":\"https:\/\/sulin.ee\/shop\/\"},{\"@type\":\"ListItem\",\"position\":3,\"name\":\"Loominguline Joonistusprojektor + 12 markerit ja 32 pilti\"}]},{\"@type\":\"WebSite\",\"@id\":\"https:\/\/sulin.ee\/en\/#website\",\"url\":\"https:\/\/sulin.ee\/en\/\",\"name\":\"sulin.ee\",\"description\":\"\",\"publisher\":{\"@id\":\"https:\/\/sulin.ee\/en\/#organization\"},\"potentialAction\":[{\"@type\":\"SearchAction\",\"target\":{\"@type\":\"EntryPoint\",\"urlTemplate\":\"https:\/\/sulin.ee\/en\/?s={search_term_string}\"},\"query-input\":{\"@type\":\"PropertyValueSpecification\",\"valueRequired\":true,\"valueName\":\"search_term_string\"}}],\"inLanguage\":\"en-US\"},{\"@type\":\"Organization\",\"@id\":\"https:\/\/sulin.ee\/en\/#organization\",\"name\":\"SULIN TRADE O\u00dc\",\"url\":\"https:\/\/sulin.ee\/en\/\",\"logo\":{\"@type\":\"ImageObject\",\"inLanguage\":\"en-US\",\"@id\":\"https:\/\/sulin.ee\/en\/#\/schema\/logo\/image\/\",\"url\":\"https:\/\/sulin.ee\/wp-content\/uploads\/2022\/11\/sulin-logo.png\",\"contentUrl\":\"https:\/\/sulin.ee\/wp-content\/uploads\/2022\/11\/sulin-logo.png\",\"width\":871,\"height\":321,\"caption\":\"SULIN TRADE O\u00dc\"},\"image\":{\"@id\":\"https:\/\/sulin.ee\/en\/#\/schema\/logo\/image\/\"},\"sameAs\":[\"https:\/\/www.facebook.com\/www.sulin.ee\/\",\"https:\/\/www.instagram.com\/sulintrade\/\"]}]}<\/script>\n<!-- \/ Yoast SEO plugin. -->","yoast_head_json":{"title":"Loominguline Joonistusprojektor + 12 markerit ja 32 pilti - sulin.ee","description":"Loominguline Joonistusprojektor pakub lastele l\u00f5busat ja interaktiivset viisi joonistamisoskuste arendamiseks, kasutades erksav\u00e4rvilisi pilte.","robots":{"index":"index","follow":"follow","max-snippet":"max-snippet:-1","max-image-preview":"max-image-preview:large","max-video-preview":"max-video-preview:-1"},"canonical":"https:\/\/sulin.ee\/en\/toode\/loominguline-joonistusprojektor-12-markerit-ja-32-pilti\/","og_locale":"en_US","og_type":"article","og_title":"Loominguline Joonistusprojektor + 12 markerit ja 32 pilti - sulin.ee","og_description":"Loominguline Joonistusprojektor pakub lastele l\u00f5busat ja interaktiivset viisi joonistamisoskuste arendamiseks, kasutades erksav\u00e4rvilisi pilte.","og_url":"https:\/\/sulin.ee\/en\/toode\/loominguline-joonistusprojektor-12-markerit-ja-32-pilti\/","og_site_name":"sulin.ee","article_publisher":"https:\/\/www.facebook.com\/www.sulin.ee\/","article_modified_time":"2025-09-11T09:11:11+00:00","og_image":[{"width":1024,"height":1024,"url":"https:\/\/sulin.ee\/wp-content\/uploads\/2025\/02\/Projektor-rzutnik-do-nauki-rysowania-slajdy-1069051.jpg","type":"image\/jpeg"}],"twitter_card":"summary_large_image","twitter_misc":{"Est. reading time":"2 minutes"},"schema":{"@context":"https:\/\/schema.org","@graph":[{"@type":"WebPage","@id":"https:\/\/sulin.ee\/en\/toode\/loominguline-joonistusprojektor-12-markerit-ja-32-pilti\/","url":"https:\/\/sulin.ee\/en\/toode\/loominguline-joonistusprojektor-12-markerit-ja-32-pilti\/","name":"Loominguline Joonistusprojektor + 12 markerit ja 32 pilti - sulin.ee","isPartOf":{"@id":"https:\/\/sulin.ee\/en\/#website"},"primaryImageOfPage":{"@id":"https:\/\/sulin.ee\/en\/toode\/loominguline-joonistusprojektor-12-markerit-ja-32-pilti\/#primaryimage"},"image":{"@id":"https:\/\/sulin.ee\/en\/toode\/loominguline-joonistusprojektor-12-markerit-ja-32-pilti\/#primaryimage"},"thumbnailUrl":"https:\/\/sulin.ee\/wp-content\/uploads\/2025\/02\/Projektor-rzutnik-do-nauki-rysowania-slajdy-1069051.jpg","datePublished":"2025-02-19T12:43:44+00:00","dateModified":"2025-09-11T09:11:11+00:00","description":"Loominguline Joonistusprojektor pakub lastele l\u00f5busat ja interaktiivset viisi joonistamisoskuste arendamiseks, kasutades erksav\u00e4rvilisi pilte.","breadcrumb":{"@id":"https:\/\/sulin.ee\/en\/toode\/loominguline-joonistusprojektor-12-markerit-ja-32-pilti\/#breadcrumb"},"inLanguage":"en-US","potentialAction":[{"@type":"ReadAction","target":["https:\/\/sulin.ee\/en\/toode\/loominguline-joonistusprojektor-12-markerit-ja-32-pilti\/"]}]},{"@type":"ImageObject","inLanguage":"en-US","@id":"https:\/\/sulin.ee\/en\/toode\/loominguline-joonistusprojektor-12-markerit-ja-32-pilti\/#primaryimage","url":"https:\/\/sulin.ee\/wp-content\/uploads\/2025\/02\/Projektor-rzutnik-do-nauki-rysowania-slajdy-1069051.jpg","contentUrl":"https:\/\/sulin.ee\/wp-content\/uploads\/2025\/02\/Projektor-rzutnik-do-nauki-rysowania-slajdy-1069051.jpg","width":1024,"height":1024,"caption":"Loominguline Joonistusprojektor"},{"@type":"BreadcrumbList","@id":"https:\/\/sulin.ee\/en\/toode\/loominguline-joonistusprojektor-12-markerit-ja-32-pilti\/#breadcrumb","itemListElement":[{"@type":"ListItem","position":1,"name":"Home","item":"https:\/\/sulin.ee\/en\/"},{"@type":"ListItem","position":2,"name":"Sulin.ee e-pood","item":"https:\/\/sulin.ee\/shop\/"},{"@type":"ListItem","position":3,"name":"Loominguline Joonistusprojektor + 12 markerit ja 32 pilti"}]},{"@type":"WebSite","@id":"https:\/\/sulin.ee\/en\/#website","url":"https:\/\/sulin.ee\/en\/","name":"sulin.ee","description":"","publisher":{"@id":"https:\/\/sulin.ee\/en\/#organization"},"potentialAction":[{"@type":"SearchAction","target":{"@type":"EntryPoint","urlTemplate":"https:\/\/sulin.ee\/en\/?s={search_term_string}"},"query-input":{"@type":"PropertyValueSpecification","valueRequired":true,"valueName":"search_term_string"}}],"inLanguage":"en-US"},{"@type":"Organization","@id":"https:\/\/sulin.ee\/en\/#organization","name":"SULIN TRADE O\u00dc","url":"https:\/\/sulin.ee\/en\/","logo":{"@type":"ImageObject","inLanguage":"en-US","@id":"https:\/\/sulin.ee\/en\/#\/schema\/logo\/image\/","url":"https:\/\/sulin.ee\/wp-content\/uploads\/2022\/11\/sulin-logo.png","contentUrl":"https:\/\/sulin.ee\/wp-content\/uploads\/2022\/11\/sulin-logo.png","width":871,"height":321,"caption":"SULIN TRADE O\u00dc"},"image":{"@id":"https:\/\/sulin.ee\/en\/#\/schema\/logo\/image\/"},"sameAs":["https:\/\/www.facebook.com\/www.sulin.ee\/","https:\/\/www.instagram.com\/sulintrade\/"]}]}},"builder_content":"","_links":{"self":[{"href":"https:\/\/sulin.ee\/en\/wp-json\/wp\/v2\/product\/38854","targetHints":{"allow":["GET"]}}],"collection":[{"href":"https:\/\/sulin.ee\/en\/wp-json\/wp\/v2\/product"}],"about":[{"href":"https:\/\/sulin.ee\/en\/wp-json\/wp\/v2\/types\/product"}],"replies":[{"embeddable":true,"href":"https:\/\/sulin.ee\/en\/wp-json\/wp\/v2\/comments?post=38854"}],"wp:featuredmedia":[{"embeddable":true,"href":"https:\/\/sulin.ee\/en\/wp-json\/wp\/v2\/media\/38852"}],"wp:attachment":[{"href":"https:\/\/sulin.ee\/en\/wp-json\/wp\/v2\/media?parent=38854"}],"wp:term":[{"taxonomy":"product_brand","embeddable":true,"href":"https:\/\/sulin.ee\/en\/wp-json\/wp\/v2\/product_brand?post=38854"},{"taxonomy":"product_cat","embeddable":true,"href":"https:\/\/sulin.ee\/en\/wp-json\/wp\/v2\/product_cat?post=38854"},{"taxonomy":"product_tag","embeddable":true,"href":"https:\/\/sulin.ee\/en\/wp-json\/wp\/v2\/product_tag?post=38854"}],"curies":[{"name":"wp","href":"https:\/\/api.w.org\/{rel}","templated":true}]}}