{"id":38833,"date":"2025-03-04T12:43:38","date_gmt":"2025-03-04T12:43:38","guid":{"rendered":"https:\/\/sulin.ee\/toode\/puzzle-mangu-tasakaalustamine-siil-puu-keermestamine\/"},"modified":"2025-10-10T18:35:44","modified_gmt":"2025-10-10T18:35:44","slug":"tasakaalumang-ja-keermestamine-uhes","status":"publish","type":"product","link":"https:\/\/sulin.ee\/en\/toode\/tasakaalumang-ja-keermestamine-uhes\/","title":{"rendered":"Tasakaalum\u00e4ng ja keermestamine \u00fches"},"content":{"rendered":"<p><strong>Tasakaalum\u00e4ng ja Keermestamine \u00dches<\/strong> \u2013 see armas siil on loodud pakkuma teie lapsele tunde kestvat l\u00f5bu ja \u00f5petlikke hetki. <strong data-start=\"318\" data-end=\"341\">Intensiivsed v\u00e4rvid<\/strong> t\u00f5mbavad lapse t\u00e4helepanu ja julgustavad aktiivselt m\u00e4ngima.<\/p>\n<div class=\"flex-1 grow overflow-hidden @container\/thread\">\n<div class=\"relative h-full\">\n<div class=\"flex h-full flex-col overflow-y-auto [scrollbar-gutter:stable]\">\n<div class=\"flex flex-col text-sm md:pb-9\">\n<article class=\"w-full text-token-text-primary focus-visible:outline-2 focus-visible:outline-offset-[-4px]\" dir=\"auto\" data-testid=\"conversation-turn-13\" data-scroll-anchor=\"true\">\n<div class=\"text-base my-auto mx-auto py-[18px] px-6\">\n<div class=\"mx-auto flex flex-1 text-base gap-4 md:gap-5 lg:gap-6 md:max-w-3xl lg:max-w-[40rem] xl:max-w-[48rem]\">\n<div class=\"group\/conversation-turn relative flex w-full min-w-0 flex-col agent-turn @xs\/thread:px-0 @sm\/thread:px-1.5 @md\/thread:px-4\">\n<div class=\"flex-col gap-1 md:gap-3\">\n<div class=\"flex max-w-full flex-col flex-grow\">\n<div class=\"min-h-8 text-message relative flex w-full flex-col items-end gap-2 whitespace-normal break-words text-start [.text-message+&amp;]:mt-5\" dir=\"auto\" data-message-author-role=\"assistant\" data-message-id=\"87218aba-5013-4078-bd5f-c3a88047046a\" data-message-model-slug=\"gpt-4\">\n<div class=\"flex w-full flex-col gap-1 empty:hidden first:pt-[3px]\">\n<div class=\"markdown prose w-full break-words dark:prose-invert light\">\n<p data-start=\"404\" data-end=\"757\">M\u00e4nguasi v\u00f5imaldab lastel arendada <strong data-start=\"439\" data-end=\"472\">peenmotoorikat ja k\u00e4teosavust<\/strong> puuviljade pookimisega n\u00f6\u00f6rile ning \u00f5ppida hoidma konstruktsiooni tasakaalus, et see ei kukuks kokku, paigutades viljad siilile. Lisaks pakub m\u00e4ng osavust ja keskendumist n\u00f5udvat tegevust, kus laps saab kasutada t\u00e4ringut, mis m\u00e4\u00e4rab, millist puuvilja j\u00e4rgmisena niitida v\u00f5i paigutada.<\/p>\n<p data-start=\"759\" data-end=\"789\"><strong data-start=\"762\" data-end=\"788\">Arendab mitmeid oskusi<\/strong>:<\/p>\n<ul data-start=\"793\" data-end=\"992\">\n<li data-start=\"793\" data-end=\"858\">\ud83d\udfe2 Motoorikat ja koordinatsiooni virnastamise ja \u00fchendamise kaudu.<\/li>\n<li data-start=\"862\" data-end=\"934\">\ud83d\udfe2 Ruumilist m\u00f5tlemist ja loogikat puuviljade paigutamise planeerimisega.<\/li>\n<li data-start=\"938\" data-end=\"992\">\ud83d\udfe2 V\u00e4rvitundlikkust erinevate puuviljade v\u00e4rvide kaudu.<\/li>\n<\/ul>\n<p data-start=\"994\" data-end=\"1100\"><strong data-start=\"997\" data-end=\"1015\">Ohutu materjal<\/strong> &#8211; K\u00f5ik osad on valmistatud sujuvalt lihvitud puidust, tagades m\u00e4ngimise turvalisuse.<\/p>\n<p data-start=\"1102\" data-end=\"1228\"><strong data-start=\"1105\" data-end=\"1126\">Ideaalne kingitus<\/strong> &#8211; Komplekt on pakitud atraktiivsesse pappkarpi, mis teeb sellest suurep\u00e4rase kingituse igale lapsele.<\/p>\n<p data-start=\"1230\" data-end=\"1249\"><strong data-start=\"1230\" data-end=\"1248\">Komplekti sisu<\/strong>: Siil, 12 puuviljakujulist elementi, n\u00f6\u00f6r.<\/p>\n<p data-start=\"1315\" data-end=\"1333\"><strong data-start=\"1315\" data-end=\"1328\">Materjal:<\/strong> Puit<\/p>\n<p data-start=\"1335\" data-end=\"1360\"><strong data-start=\"1335\" data-end=\"1357\">Soovituslik vanus:<\/strong> 3+ aastat.<\/p>\n<p data-start=\"1362\" data-end=\"1374\"><strong data-start=\"1362\" data-end=\"1373\">M\u00f5\u00f5tmed<\/strong>:<\/p>\n<ul data-start=\"1375\" data-end=\"1556\">\n<li data-start=\"1375\" data-end=\"1403\">\ud83d\udfe2 <strong>Siil:<\/strong> 18 cm x 2 cm x 12 cm<\/li>\n<li data-start=\"1447\" data-end=\"1491\">\ud83d\udfe2<strong> N\u00e4idisviljad (kiivi):<\/strong> 3.5 cm x 3 cm x 2 cm<\/li>\n<li data-start=\"1492\" data-end=\"1515\">\ud83d\udfe2 <strong>N\u00f6\u00f6ri pikkus:<\/strong> 70 cm<\/li>\n<li data-start=\"1516\" data-end=\"1556\">\ud83d\udfe2 <strong>Pakendi suurus:<\/strong> 20 cm x 19 cm x 3.5 cm<\/li>\n<\/ul>\n<p data-start=\"1558\" data-end=\"1684\" data-is-last-node=\"\" data-is-only-node=\"\">See m\u00e4nguasi pakub harivat l\u00f5bu igale lapsele, arendades samal ajal olulisi oskusi, mis aitavad kaasa lapse \u00fcldisele arengule.<\/p>\n<p data-start=\"1558\" data-end=\"1684\" data-is-last-node=\"\" data-is-only-node=\"\">Tutvuge ka meie teiste motoorikat arendavate m\u00e4nguasjadega, mis pakuvad samuti p\u00f5nevaid ja \u00f5petlikke tegevusi igale lapsele. <strong><a href=\"https:\/\/sulin.ee\/tootekategooria\/mangimine\/oppemangud\/motoorika\/\">Leiad siit!<\/a><\/strong><\/p>\n<\/div>\n<\/div>\n<\/div>\n<\/div>\n<\/div>\n<\/div>\n<\/div>\n<\/div>\n<\/article>\n<\/div>\n<\/div>\n<\/div>\n<\/div>\n","protected":false},"excerpt":{"rendered":"<p><strong>Tasakaalum\u00e4ng ja Keermestamine \u00dches<\/strong> on l\u00f5bus ja hariv m\u00e4nguasi, mis \u00fchendab endas viljade niitimise ja tasakaalustamise. M\u00e4nguasi arendab lapse motoorikat, ruumilist m\u00f5tlemist ja v\u00e4rvitundlikkust.<\/p>\n<p><strong>Komplekt sisaldab<\/strong> siili, kuubikut, 12 puuviljakujulist plokki ning n\u00f6\u00f6ri, mis on valmistatud ohutust sujuvalt lihvitud puidust. Ideaalne kingitus igale lapsele.<\/p>\n<p><strong> Soovitatav vanus:<\/strong> 3+ aastat.<\/p>\n","protected":false},"featured_media":41079,"comment_status":"open","ping_status":"closed","template":"","meta":[],"product_brand":[],"product_cat":[110,1162,1165,1002,1022,1023,942,175,23],"product_tag":[],"class_list":{"0":"post-38833","1":"product","2":"type-product","3":"status-publish","4":"has-post-thumbnail","6":"product_cat-mangimine","7":"product_cat-kingituseks","8":"product_cat-3-5-aastat","9":"product_cat-oppemangud","10":"product_cat-varvid-ja-kujundid","11":"product_cat-motoorika","12":"product_cat-lauamangud","13":"product_cat-puidust-manguasjad","14":"product_cat-soodus","15":"has-post-title","16":"has-post-date","17":"has-post-category","18":"has-post-tag","19":"has-post-comment","20":"has-post-author","21":"","23":"first","24":"instock","25":"sale","26":"taxable","27":"shipping-taxable","28":"purchasable","29":"product-type-simple"},"yoast_head":"<!-- This site is optimized with the Yoast SEO plugin v26.8 - https:\/\/yoast.com\/product\/yoast-seo-wordpress\/ -->\n<title>Tasakaalum\u00e4ng ja keermestamine \u00fches - sulin.ee<\/title>\n<meta name=\"description\" content=\"Tasakaalum\u00e4ng ja Keermestamine \u00dches \u2013 l\u00f5bus ja hariv m\u00e4nguasi, mis arendab lapse motoorikat, ruumilist m\u00f5tlemist ja v\u00e4rvitundlikkust,\" \/>\n<meta name=\"robots\" content=\"index, follow, max-snippet:-1, max-image-preview:large, max-video-preview:-1\" \/>\n<link rel=\"canonical\" href=\"https:\/\/sulin.ee\/en\/toode\/tasakaalumang-ja-keermestamine-uhes\/\" \/>\n<meta property=\"og:locale\" content=\"en_US\" \/>\n<meta property=\"og:type\" content=\"article\" \/>\n<meta property=\"og:title\" content=\"Tasakaalum\u00e4ng ja keermestamine \u00fches - sulin.ee\" \/>\n<meta property=\"og:description\" content=\"Tasakaalum\u00e4ng ja Keermestamine \u00dches \u2013 l\u00f5bus ja hariv m\u00e4nguasi, mis arendab lapse motoorikat, ruumilist m\u00f5tlemist ja v\u00e4rvitundlikkust,\" \/>\n<meta property=\"og:url\" content=\"https:\/\/sulin.ee\/en\/toode\/tasakaalumang-ja-keermestamine-uhes\/\" \/>\n<meta property=\"og:site_name\" content=\"sulin.ee\" \/>\n<meta property=\"article:publisher\" content=\"https:\/\/www.facebook.com\/www.sulin.ee\/\" \/>\n<meta property=\"article:modified_time\" content=\"2025-10-10T18:35:44+00:00\" \/>\n<meta property=\"og:image\" content=\"https:\/\/sulin.ee\/wp-content\/uploads\/2025\/03\/Piltide-korrektuurid-kodulehel-2025-03-06T094108.282.png\" \/>\n\t<meta property=\"og:image:width\" content=\"1080\" \/>\n\t<meta property=\"og:image:height\" content=\"1080\" \/>\n\t<meta property=\"og:image:type\" content=\"image\/png\" \/>\n<meta name=\"twitter:card\" content=\"summary_large_image\" \/>\n<meta name=\"twitter:label1\" content=\"Est. reading time\" \/>\n\t<meta name=\"twitter:data1\" content=\"2 minutes\" \/>\n<script type=\"application\/ld+json\" class=\"yoast-schema-graph\">{\"@context\":\"https:\/\/schema.org\",\"@graph\":[{\"@type\":\"WebPage\",\"@id\":\"https:\/\/sulin.ee\/en\/toode\/tasakaalumang-ja-keermestamine-uhes\/\",\"url\":\"https:\/\/sulin.ee\/en\/toode\/tasakaalumang-ja-keermestamine-uhes\/\",\"name\":\"Tasakaalum\u00e4ng ja keermestamine \u00fches - sulin.ee\",\"isPartOf\":{\"@id\":\"https:\/\/sulin.ee\/en\/#website\"},\"primaryImageOfPage\":{\"@id\":\"https:\/\/sulin.ee\/en\/toode\/tasakaalumang-ja-keermestamine-uhes\/#primaryimage\"},\"image\":{\"@id\":\"https:\/\/sulin.ee\/en\/toode\/tasakaalumang-ja-keermestamine-uhes\/#primaryimage\"},\"thumbnailUrl\":\"https:\/\/sulin.ee\/wp-content\/uploads\/2025\/03\/Piltide-korrektuurid-kodulehel-2025-03-06T094108.282.png\",\"datePublished\":\"2025-03-04T12:43:38+00:00\",\"dateModified\":\"2025-10-10T18:35:44+00:00\",\"description\":\"Tasakaalum\u00e4ng ja Keermestamine \u00dches \u2013 l\u00f5bus ja hariv m\u00e4nguasi, mis arendab lapse motoorikat, ruumilist m\u00f5tlemist ja v\u00e4rvitundlikkust,\",\"breadcrumb\":{\"@id\":\"https:\/\/sulin.ee\/en\/toode\/tasakaalumang-ja-keermestamine-uhes\/#breadcrumb\"},\"inLanguage\":\"en-US\",\"potentialAction\":[{\"@type\":\"ReadAction\",\"target\":[\"https:\/\/sulin.ee\/en\/toode\/tasakaalumang-ja-keermestamine-uhes\/\"]}]},{\"@type\":\"ImageObject\",\"inLanguage\":\"en-US\",\"@id\":\"https:\/\/sulin.ee\/en\/toode\/tasakaalumang-ja-keermestamine-uhes\/#primaryimage\",\"url\":\"https:\/\/sulin.ee\/wp-content\/uploads\/2025\/03\/Piltide-korrektuurid-kodulehel-2025-03-06T094108.282.png\",\"contentUrl\":\"https:\/\/sulin.ee\/wp-content\/uploads\/2025\/03\/Piltide-korrektuurid-kodulehel-2025-03-06T094108.282.png\",\"width\":1080,\"height\":1080,\"caption\":\"Tasakaalum\u00e4ng ja Keermestamine \u00dches\"},{\"@type\":\"BreadcrumbList\",\"@id\":\"https:\/\/sulin.ee\/en\/toode\/tasakaalumang-ja-keermestamine-uhes\/#breadcrumb\",\"itemListElement\":[{\"@type\":\"ListItem\",\"position\":1,\"name\":\"Home\",\"item\":\"https:\/\/sulin.ee\/en\/\"},{\"@type\":\"ListItem\",\"position\":2,\"name\":\"Sulin.ee e-pood\",\"item\":\"https:\/\/sulin.ee\/shop\/\"},{\"@type\":\"ListItem\",\"position\":3,\"name\":\"Tasakaalum\u00e4ng ja keermestamine \u00fches\"}]},{\"@type\":\"WebSite\",\"@id\":\"https:\/\/sulin.ee\/en\/#website\",\"url\":\"https:\/\/sulin.ee\/en\/\",\"name\":\"sulin.ee\",\"description\":\"\",\"publisher\":{\"@id\":\"https:\/\/sulin.ee\/en\/#organization\"},\"potentialAction\":[{\"@type\":\"SearchAction\",\"target\":{\"@type\":\"EntryPoint\",\"urlTemplate\":\"https:\/\/sulin.ee\/en\/?s={search_term_string}\"},\"query-input\":{\"@type\":\"PropertyValueSpecification\",\"valueRequired\":true,\"valueName\":\"search_term_string\"}}],\"inLanguage\":\"en-US\"},{\"@type\":\"Organization\",\"@id\":\"https:\/\/sulin.ee\/en\/#organization\",\"name\":\"SULIN TRADE O\u00dc\",\"url\":\"https:\/\/sulin.ee\/en\/\",\"logo\":{\"@type\":\"ImageObject\",\"inLanguage\":\"en-US\",\"@id\":\"https:\/\/sulin.ee\/en\/#\/schema\/logo\/image\/\",\"url\":\"https:\/\/sulin.ee\/wp-content\/uploads\/2022\/11\/sulin-logo.png\",\"contentUrl\":\"https:\/\/sulin.ee\/wp-content\/uploads\/2022\/11\/sulin-logo.png\",\"width\":871,\"height\":321,\"caption\":\"SULIN TRADE O\u00dc\"},\"image\":{\"@id\":\"https:\/\/sulin.ee\/en\/#\/schema\/logo\/image\/\"},\"sameAs\":[\"https:\/\/www.facebook.com\/www.sulin.ee\/\",\"https:\/\/www.instagram.com\/sulintrade\/\"]}]}<\/script>\n<!-- \/ Yoast SEO plugin. -->","yoast_head_json":{"title":"Tasakaalum\u00e4ng ja keermestamine \u00fches - sulin.ee","description":"Tasakaalum\u00e4ng ja Keermestamine \u00dches \u2013 l\u00f5bus ja hariv m\u00e4nguasi, mis arendab lapse motoorikat, ruumilist m\u00f5tlemist ja v\u00e4rvitundlikkust,","robots":{"index":"index","follow":"follow","max-snippet":"max-snippet:-1","max-image-preview":"max-image-preview:large","max-video-preview":"max-video-preview:-1"},"canonical":"https:\/\/sulin.ee\/en\/toode\/tasakaalumang-ja-keermestamine-uhes\/","og_locale":"en_US","og_type":"article","og_title":"Tasakaalum\u00e4ng ja keermestamine \u00fches - sulin.ee","og_description":"Tasakaalum\u00e4ng ja Keermestamine \u00dches \u2013 l\u00f5bus ja hariv m\u00e4nguasi, mis arendab lapse motoorikat, ruumilist m\u00f5tlemist ja v\u00e4rvitundlikkust,","og_url":"https:\/\/sulin.ee\/en\/toode\/tasakaalumang-ja-keermestamine-uhes\/","og_site_name":"sulin.ee","article_publisher":"https:\/\/www.facebook.com\/www.sulin.ee\/","article_modified_time":"2025-10-10T18:35:44+00:00","og_image":[{"width":1080,"height":1080,"url":"https:\/\/sulin.ee\/wp-content\/uploads\/2025\/03\/Piltide-korrektuurid-kodulehel-2025-03-06T094108.282.png","type":"image\/png"}],"twitter_card":"summary_large_image","twitter_misc":{"Est. reading time":"2 minutes"},"schema":{"@context":"https:\/\/schema.org","@graph":[{"@type":"WebPage","@id":"https:\/\/sulin.ee\/en\/toode\/tasakaalumang-ja-keermestamine-uhes\/","url":"https:\/\/sulin.ee\/en\/toode\/tasakaalumang-ja-keermestamine-uhes\/","name":"Tasakaalum\u00e4ng ja keermestamine \u00fches - sulin.ee","isPartOf":{"@id":"https:\/\/sulin.ee\/en\/#website"},"primaryImageOfPage":{"@id":"https:\/\/sulin.ee\/en\/toode\/tasakaalumang-ja-keermestamine-uhes\/#primaryimage"},"image":{"@id":"https:\/\/sulin.ee\/en\/toode\/tasakaalumang-ja-keermestamine-uhes\/#primaryimage"},"thumbnailUrl":"https:\/\/sulin.ee\/wp-content\/uploads\/2025\/03\/Piltide-korrektuurid-kodulehel-2025-03-06T094108.282.png","datePublished":"2025-03-04T12:43:38+00:00","dateModified":"2025-10-10T18:35:44+00:00","description":"Tasakaalum\u00e4ng ja Keermestamine \u00dches \u2013 l\u00f5bus ja hariv m\u00e4nguasi, mis arendab lapse motoorikat, ruumilist m\u00f5tlemist ja v\u00e4rvitundlikkust,","breadcrumb":{"@id":"https:\/\/sulin.ee\/en\/toode\/tasakaalumang-ja-keermestamine-uhes\/#breadcrumb"},"inLanguage":"en-US","potentialAction":[{"@type":"ReadAction","target":["https:\/\/sulin.ee\/en\/toode\/tasakaalumang-ja-keermestamine-uhes\/"]}]},{"@type":"ImageObject","inLanguage":"en-US","@id":"https:\/\/sulin.ee\/en\/toode\/tasakaalumang-ja-keermestamine-uhes\/#primaryimage","url":"https:\/\/sulin.ee\/wp-content\/uploads\/2025\/03\/Piltide-korrektuurid-kodulehel-2025-03-06T094108.282.png","contentUrl":"https:\/\/sulin.ee\/wp-content\/uploads\/2025\/03\/Piltide-korrektuurid-kodulehel-2025-03-06T094108.282.png","width":1080,"height":1080,"caption":"Tasakaalum\u00e4ng ja Keermestamine \u00dches"},{"@type":"BreadcrumbList","@id":"https:\/\/sulin.ee\/en\/toode\/tasakaalumang-ja-keermestamine-uhes\/#breadcrumb","itemListElement":[{"@type":"ListItem","position":1,"name":"Home","item":"https:\/\/sulin.ee\/en\/"},{"@type":"ListItem","position":2,"name":"Sulin.ee e-pood","item":"https:\/\/sulin.ee\/shop\/"},{"@type":"ListItem","position":3,"name":"Tasakaalum\u00e4ng ja keermestamine \u00fches"}]},{"@type":"WebSite","@id":"https:\/\/sulin.ee\/en\/#website","url":"https:\/\/sulin.ee\/en\/","name":"sulin.ee","description":"","publisher":{"@id":"https:\/\/sulin.ee\/en\/#organization"},"potentialAction":[{"@type":"SearchAction","target":{"@type":"EntryPoint","urlTemplate":"https:\/\/sulin.ee\/en\/?s={search_term_string}"},"query-input":{"@type":"PropertyValueSpecification","valueRequired":true,"valueName":"search_term_string"}}],"inLanguage":"en-US"},{"@type":"Organization","@id":"https:\/\/sulin.ee\/en\/#organization","name":"SULIN TRADE O\u00dc","url":"https:\/\/sulin.ee\/en\/","logo":{"@type":"ImageObject","inLanguage":"en-US","@id":"https:\/\/sulin.ee\/en\/#\/schema\/logo\/image\/","url":"https:\/\/sulin.ee\/wp-content\/uploads\/2022\/11\/sulin-logo.png","contentUrl":"https:\/\/sulin.ee\/wp-content\/uploads\/2022\/11\/sulin-logo.png","width":871,"height":321,"caption":"SULIN TRADE O\u00dc"},"image":{"@id":"https:\/\/sulin.ee\/en\/#\/schema\/logo\/image\/"},"sameAs":["https:\/\/www.facebook.com\/www.sulin.ee\/","https:\/\/www.instagram.com\/sulintrade\/"]}]}},"builder_content":"","_links":{"self":[{"href":"https:\/\/sulin.ee\/en\/wp-json\/wp\/v2\/product\/38833","targetHints":{"allow":["GET"]}}],"collection":[{"href":"https:\/\/sulin.ee\/en\/wp-json\/wp\/v2\/product"}],"about":[{"href":"https:\/\/sulin.ee\/en\/wp-json\/wp\/v2\/types\/product"}],"replies":[{"embeddable":true,"href":"https:\/\/sulin.ee\/en\/wp-json\/wp\/v2\/comments?post=38833"}],"wp:featuredmedia":[{"embeddable":true,"href":"https:\/\/sulin.ee\/en\/wp-json\/wp\/v2\/media\/41079"}],"wp:attachment":[{"href":"https:\/\/sulin.ee\/en\/wp-json\/wp\/v2\/media?parent=38833"}],"wp:term":[{"taxonomy":"product_brand","embeddable":true,"href":"https:\/\/sulin.ee\/en\/wp-json\/wp\/v2\/product_brand?post=38833"},{"taxonomy":"product_cat","embeddable":true,"href":"https:\/\/sulin.ee\/en\/wp-json\/wp\/v2\/product_cat?post=38833"},{"taxonomy":"product_tag","embeddable":true,"href":"https:\/\/sulin.ee\/en\/wp-json\/wp\/v2\/product_tag?post=38833"}],"curies":[{"name":"wp","href":"https:\/\/api.w.org\/{rel}","templated":true}]}}