{"id":38774,"date":"2025-02-19T12:43:20","date_gmt":"2025-02-19T12:43:20","guid":{"rendered":"https:\/\/sulin.ee\/toode\/puidust-doomino-peremang-karp\/"},"modified":"2026-03-08T04:15:26","modified_gmt":"2026-03-08T04:15:26","slug":"klassikaline-doomino-puidust-karbis","status":"publish","type":"product","link":"https:\/\/sulin.ee\/en\/toode\/klassikaline-doomino-puidust-karbis\/","title":{"rendered":"Klassikaline doomino puidust karbis"},"content":{"rendered":"<p><strong>Klassikaline domino puidust karbis<\/strong> \u2013 ajatu m\u00e4ng, mis on pakkunud l\u00f5bu ja arendanud loogilist m\u00f5tlemist juba sajandeid. See komplekt on ideaalne kaaslane nii koduseks m\u00e4ngu\u00f5htuks kui ka kaasav\u00f5tmiseks reisidele v\u00f5i s\u00f5prade juurde.<\/p>\n<div class=\"flex max-w-full flex-col flex-grow\">\n<div class=\"min-h-8 text-message relative flex w-full flex-col items-end gap-2 whitespace-normal break-words text-start [.text-message+&amp;]:mt-5\" dir=\"auto\" data-message-author-role=\"assistant\" data-message-id=\"268855fd-e983-4420-8d96-e58836e87234\" data-message-model-slug=\"gpt-4\">\n<div class=\"flex w-full flex-col gap-1 empty:hidden first:pt-[3px]\">\n<div class=\"markdown prose w-full break-words dark:prose-invert light\">\n<p data-start=\"316\" data-end=\"347\"><strong data-start=\"319\" data-end=\"347\">M\u00e4ngukomplekti omadused:<\/strong><\/p>\n<ul data-start=\"348\" data-end=\"680\">\n<li data-start=\"348\" data-end=\"531\"><strong data-start=\"350\" data-end=\"375\">\ud83d\udfe2\u00a0 Kvaliteetne materjal:<\/strong> Komplekt sisaldab 24 musta puidust klotsi, millel on erinev arv valgeid punkte (0 kuni 6). Iga klots on unikaalne, pakkudes erinevaid punktikombinatsioone.<\/li>\n<li data-start=\"532\" data-end=\"680\"><strong data-start=\"534\" data-end=\"564\">\ud83d\udfe2\u00a0 Kompaktne ja kaasaskantav:<\/strong> K\u00f5ik klotsid on pakitud stiilsesse puidust kasti, mis muudab komplekti h\u00f5lpsasti transportitavaks ja hoiustatavaks.<\/li>\n<\/ul>\n<p data-start=\"682\" data-end=\"966\"><strong data-start=\"685\" data-end=\"714\">M\u00e4ngu eesm\u00e4rk ja reeglid:<\/strong> M\u00e4ngu eesm\u00e4rk on paigutada lauale klotsid nii, et kokkupuutepunktides oleks sama arv punkte. M\u00e4ng algab, kui esimene m\u00e4ngija asetab klotsi lauale, ja j\u00e4tkub p\u00e4rip\u00e4eva, kus iga j\u00e4rgnev m\u00e4ngija peab lisama klotsi, mis sobitub punktide arvult eelmisega.<\/p>\n<p data-start=\"968\" data-end=\"1173\"><strong data-start=\"971\" data-end=\"990\">Lisav\u00f5imalused:<\/strong> Lisaks traditsioonilisele domino m\u00e4ngule saab klotsidega luua ka p\u00f5nevaid &#8220;doominoefekti&#8221; radu, mis pakuvad vaatem\u00e4ngulist meelelahutust, kui \u00fche klotsi kukkumine k\u00e4ivitab terve rea.<\/p>\n<p data-start=\"1175\" data-end=\"1337\"><strong data-start=\"1178\" data-end=\"1204\">Ideaalne pere\u00f5htuteks:<\/strong> See m\u00e4ng sobib suurep\u00e4raselt igasuguste ilmadega pere\u00f5htuteks, pakkudes l\u00f5bu ja kaasahaaravaid tegevusi nii suurtele kui v\u00e4ikestele.<\/p>\n<p data-start=\"1339\" data-end=\"1369\"><strong data-start=\"1339\" data-end=\"1357\">M\u00e4ngijate arv:<\/strong> 2-4 inimest<\/p>\n<p data-start=\"1371\" data-end=\"1389\"><strong data-start=\"1371\" data-end=\"1384\">Materjal:<\/strong> Puit<\/p>\n<p data-start=\"1391\" data-end=\"1410\"><strong data-start=\"1391\" data-end=\"1410\">Komplekti sisu:<\/strong> 24 x domino klotsi, 1 x puidust kast, 1 x m\u00e4ngujuhised inglise ja saksa keeles<\/p>\n<p data-start=\"1391\" data-end=\"1410\"><strong>Sobiv vanus:<\/strong> 3+ aastat.<\/p>\n<p data-start=\"1492\" data-end=\"1504\"><strong data-start=\"1492\" data-end=\"1504\">M\u00f5\u00f5tmed:<\/strong><\/p>\n<ul data-start=\"1505\" data-end=\"1570\">\n<li data-start=\"1505\" data-end=\"1537\"><strong data-start=\"1507\" data-end=\"1517\">\ud83d\udfe2 Klots:<\/strong> 3.9cm x 2cm x 0.4cm<\/li>\n<li data-start=\"1538\" data-end=\"1570\"><strong data-start=\"1540\" data-end=\"1551\">\ud83d\udfe2 Pakend:<\/strong> 14.5cm x 5cm x 3cm<\/li>\n<\/ul>\n<p data-start=\"1572\" data-end=\"1738\" data-is-last-node=\"\" data-is-only-node=\"\">See on pakitud esteetilisse puidust karpi, muutes selle mitte ainult suurep\u00e4raseks meelelahutusallikaks, vaid ka kauniks ja praktiliseks kingituseks.<\/p>\n<p data-start=\"1572\" data-end=\"1738\" data-is-last-node=\"\" data-is-only-node=\"\">Uurige ka meie teisi arendavaid lauam\u00e4nge, et leida rohkem l\u00f5busaid v\u00f5imalusi \u00f5ppimiseks ja koos aja veetmiseks! <strong><a href=\"https:\/\/sulin.ee\/tootekategooria\/mangimine\/lauamangud\/\">Leiad siit!<\/a><\/strong><\/p>\n<\/div>\n<\/div>\n<\/div>\n<\/div>\n","protected":false},"excerpt":{"rendered":"<p><strong>Klassikaline domino<\/strong> on ajatu m\u00e4ng, mis pakub l\u00f5bu ja harib igas vanuses m\u00e4ngijaid. See stiilne komplekt sisaldab 24 musta puidust klotsi ja on pakitud kaunisse puidust karpi, ideaalne kaasas kandmiseks ja ladustamiseks. T\u00e4iuslik viis arendada loogilist m\u00f5tlemist ja meelelahutust pakkuda, sobib suurep\u00e4raselt pere\u00f5htuteks.<\/p>\n<p><strong>Sobiv vanus:<\/strong> 3+ aastat.<\/p>\n","protected":false},"featured_media":41099,"comment_status":"open","ping_status":"closed","template":"","meta":[],"product_brand":[],"product_cat":[23],"product_tag":[],"class_list":{"0":"post-38774","1":"product","2":"type-product","3":"status-publish","4":"has-post-thumbnail","6":"product_cat-soodus","7":"has-post-title","8":"has-post-date","9":"has-post-category","10":"has-post-tag","11":"has-post-comment","12":"has-post-author","13":"","15":"first","16":"instock","17":"sale","18":"taxable","19":"shipping-taxable","20":"purchasable","21":"product-type-simple"},"yoast_head":"<!-- This site is optimized with the Yoast SEO plugin v26.8 - https:\/\/yoast.com\/product\/yoast-seo-wordpress\/ -->\n<title>Klassikaline doomino puidust karbis - sulin.ee<\/title>\n<meta name=\"description\" content=\"Klassikaline doomino \u2013 t\u00e4iuslik m\u00e4ng pere\u00f5htuteks ja loogilise m\u00f5tlemise arendamiseks. Kaunis puidust karbis komplekt on suurep\u00e4rane kingitus.\" \/>\n<meta name=\"robots\" content=\"index, follow, max-snippet:-1, max-image-preview:large, max-video-preview:-1\" \/>\n<link rel=\"canonical\" href=\"https:\/\/sulin.ee\/en\/toode\/klassikaline-doomino-puidust-karbis\/\" \/>\n<meta property=\"og:locale\" content=\"en_US\" \/>\n<meta property=\"og:type\" content=\"article\" \/>\n<meta property=\"og:title\" content=\"Klassikaline doomino puidust karbis - sulin.ee\" \/>\n<meta property=\"og:description\" content=\"Klassikaline doomino \u2013 t\u00e4iuslik m\u00e4ng pere\u00f5htuteks ja loogilise m\u00f5tlemise arendamiseks. Kaunis puidust karbis komplekt on suurep\u00e4rane kingitus.\" \/>\n<meta property=\"og:url\" content=\"https:\/\/sulin.ee\/en\/toode\/klassikaline-doomino-puidust-karbis\/\" \/>\n<meta property=\"og:site_name\" content=\"sulin.ee\" \/>\n<meta property=\"article:publisher\" content=\"https:\/\/www.facebook.com\/www.sulin.ee\/\" \/>\n<meta property=\"article:modified_time\" content=\"2026-03-08T04:15:26+00:00\" \/>\n<meta property=\"og:image\" content=\"https:\/\/sulin.ee\/wp-content\/uploads\/2025\/02\/Piltide-korrektuurid-kodulehel-2025-03-07T104233.934.png\" \/>\n\t<meta property=\"og:image:width\" content=\"1080\" \/>\n\t<meta property=\"og:image:height\" content=\"1080\" \/>\n\t<meta property=\"og:image:type\" content=\"image\/png\" \/>\n<meta name=\"twitter:card\" content=\"summary_large_image\" \/>\n<meta name=\"twitter:label1\" content=\"Est. reading time\" \/>\n\t<meta name=\"twitter:data1\" content=\"2 minutes\" \/>\n<script type=\"application\/ld+json\" class=\"yoast-schema-graph\">{\"@context\":\"https:\/\/schema.org\",\"@graph\":[{\"@type\":\"WebPage\",\"@id\":\"https:\/\/sulin.ee\/en\/toode\/klassikaline-doomino-puidust-karbis\/\",\"url\":\"https:\/\/sulin.ee\/en\/toode\/klassikaline-doomino-puidust-karbis\/\",\"name\":\"Klassikaline doomino puidust karbis - sulin.ee\",\"isPartOf\":{\"@id\":\"https:\/\/sulin.ee\/en\/#website\"},\"primaryImageOfPage\":{\"@id\":\"https:\/\/sulin.ee\/en\/toode\/klassikaline-doomino-puidust-karbis\/#primaryimage\"},\"image\":{\"@id\":\"https:\/\/sulin.ee\/en\/toode\/klassikaline-doomino-puidust-karbis\/#primaryimage\"},\"thumbnailUrl\":\"https:\/\/sulin.ee\/wp-content\/uploads\/2025\/02\/Piltide-korrektuurid-kodulehel-2025-03-07T104233.934.png\",\"datePublished\":\"2025-02-19T12:43:20+00:00\",\"dateModified\":\"2026-03-08T04:15:26+00:00\",\"description\":\"Klassikaline doomino \u2013 t\u00e4iuslik m\u00e4ng pere\u00f5htuteks ja loogilise m\u00f5tlemise arendamiseks. Kaunis puidust karbis komplekt on suurep\u00e4rane kingitus.\",\"breadcrumb\":{\"@id\":\"https:\/\/sulin.ee\/en\/toode\/klassikaline-doomino-puidust-karbis\/#breadcrumb\"},\"inLanguage\":\"en-US\",\"potentialAction\":[{\"@type\":\"ReadAction\",\"target\":[\"https:\/\/sulin.ee\/en\/toode\/klassikaline-doomino-puidust-karbis\/\"]}]},{\"@type\":\"ImageObject\",\"inLanguage\":\"en-US\",\"@id\":\"https:\/\/sulin.ee\/en\/toode\/klassikaline-doomino-puidust-karbis\/#primaryimage\",\"url\":\"https:\/\/sulin.ee\/wp-content\/uploads\/2025\/02\/Piltide-korrektuurid-kodulehel-2025-03-07T104233.934.png\",\"contentUrl\":\"https:\/\/sulin.ee\/wp-content\/uploads\/2025\/02\/Piltide-korrektuurid-kodulehel-2025-03-07T104233.934.png\",\"width\":1080,\"height\":1080,\"caption\":\"Klassikaline doomino\"},{\"@type\":\"BreadcrumbList\",\"@id\":\"https:\/\/sulin.ee\/en\/toode\/klassikaline-doomino-puidust-karbis\/#breadcrumb\",\"itemListElement\":[{\"@type\":\"ListItem\",\"position\":1,\"name\":\"Home\",\"item\":\"https:\/\/sulin.ee\/en\/\"},{\"@type\":\"ListItem\",\"position\":2,\"name\":\"Sulin.ee e-pood\",\"item\":\"https:\/\/sulin.ee\/shop\/\"},{\"@type\":\"ListItem\",\"position\":3,\"name\":\"Klassikaline doomino puidust karbis\"}]},{\"@type\":\"WebSite\",\"@id\":\"https:\/\/sulin.ee\/en\/#website\",\"url\":\"https:\/\/sulin.ee\/en\/\",\"name\":\"sulin.ee\",\"description\":\"\",\"publisher\":{\"@id\":\"https:\/\/sulin.ee\/en\/#organization\"},\"potentialAction\":[{\"@type\":\"SearchAction\",\"target\":{\"@type\":\"EntryPoint\",\"urlTemplate\":\"https:\/\/sulin.ee\/en\/?s={search_term_string}\"},\"query-input\":{\"@type\":\"PropertyValueSpecification\",\"valueRequired\":true,\"valueName\":\"search_term_string\"}}],\"inLanguage\":\"en-US\"},{\"@type\":\"Organization\",\"@id\":\"https:\/\/sulin.ee\/en\/#organization\",\"name\":\"SULIN TRADE O\u00dc\",\"url\":\"https:\/\/sulin.ee\/en\/\",\"logo\":{\"@type\":\"ImageObject\",\"inLanguage\":\"en-US\",\"@id\":\"https:\/\/sulin.ee\/en\/#\/schema\/logo\/image\/\",\"url\":\"https:\/\/sulin.ee\/wp-content\/uploads\/2022\/11\/sulin-logo.png\",\"contentUrl\":\"https:\/\/sulin.ee\/wp-content\/uploads\/2022\/11\/sulin-logo.png\",\"width\":871,\"height\":321,\"caption\":\"SULIN TRADE O\u00dc\"},\"image\":{\"@id\":\"https:\/\/sulin.ee\/en\/#\/schema\/logo\/image\/\"},\"sameAs\":[\"https:\/\/www.facebook.com\/www.sulin.ee\/\",\"https:\/\/www.instagram.com\/sulintrade\/\"]}]}<\/script>\n<!-- \/ Yoast SEO plugin. -->","yoast_head_json":{"title":"Klassikaline doomino puidust karbis - sulin.ee","description":"Klassikaline doomino \u2013 t\u00e4iuslik m\u00e4ng pere\u00f5htuteks ja loogilise m\u00f5tlemise arendamiseks. Kaunis puidust karbis komplekt on suurep\u00e4rane kingitus.","robots":{"index":"index","follow":"follow","max-snippet":"max-snippet:-1","max-image-preview":"max-image-preview:large","max-video-preview":"max-video-preview:-1"},"canonical":"https:\/\/sulin.ee\/en\/toode\/klassikaline-doomino-puidust-karbis\/","og_locale":"en_US","og_type":"article","og_title":"Klassikaline doomino puidust karbis - sulin.ee","og_description":"Klassikaline doomino \u2013 t\u00e4iuslik m\u00e4ng pere\u00f5htuteks ja loogilise m\u00f5tlemise arendamiseks. Kaunis puidust karbis komplekt on suurep\u00e4rane kingitus.","og_url":"https:\/\/sulin.ee\/en\/toode\/klassikaline-doomino-puidust-karbis\/","og_site_name":"sulin.ee","article_publisher":"https:\/\/www.facebook.com\/www.sulin.ee\/","article_modified_time":"2026-03-08T04:15:26+00:00","og_image":[{"width":1080,"height":1080,"url":"https:\/\/sulin.ee\/wp-content\/uploads\/2025\/02\/Piltide-korrektuurid-kodulehel-2025-03-07T104233.934.png","type":"image\/png"}],"twitter_card":"summary_large_image","twitter_misc":{"Est. reading time":"2 minutes"},"schema":{"@context":"https:\/\/schema.org","@graph":[{"@type":"WebPage","@id":"https:\/\/sulin.ee\/en\/toode\/klassikaline-doomino-puidust-karbis\/","url":"https:\/\/sulin.ee\/en\/toode\/klassikaline-doomino-puidust-karbis\/","name":"Klassikaline doomino puidust karbis - sulin.ee","isPartOf":{"@id":"https:\/\/sulin.ee\/en\/#website"},"primaryImageOfPage":{"@id":"https:\/\/sulin.ee\/en\/toode\/klassikaline-doomino-puidust-karbis\/#primaryimage"},"image":{"@id":"https:\/\/sulin.ee\/en\/toode\/klassikaline-doomino-puidust-karbis\/#primaryimage"},"thumbnailUrl":"https:\/\/sulin.ee\/wp-content\/uploads\/2025\/02\/Piltide-korrektuurid-kodulehel-2025-03-07T104233.934.png","datePublished":"2025-02-19T12:43:20+00:00","dateModified":"2026-03-08T04:15:26+00:00","description":"Klassikaline doomino \u2013 t\u00e4iuslik m\u00e4ng pere\u00f5htuteks ja loogilise m\u00f5tlemise arendamiseks. Kaunis puidust karbis komplekt on suurep\u00e4rane kingitus.","breadcrumb":{"@id":"https:\/\/sulin.ee\/en\/toode\/klassikaline-doomino-puidust-karbis\/#breadcrumb"},"inLanguage":"en-US","potentialAction":[{"@type":"ReadAction","target":["https:\/\/sulin.ee\/en\/toode\/klassikaline-doomino-puidust-karbis\/"]}]},{"@type":"ImageObject","inLanguage":"en-US","@id":"https:\/\/sulin.ee\/en\/toode\/klassikaline-doomino-puidust-karbis\/#primaryimage","url":"https:\/\/sulin.ee\/wp-content\/uploads\/2025\/02\/Piltide-korrektuurid-kodulehel-2025-03-07T104233.934.png","contentUrl":"https:\/\/sulin.ee\/wp-content\/uploads\/2025\/02\/Piltide-korrektuurid-kodulehel-2025-03-07T104233.934.png","width":1080,"height":1080,"caption":"Klassikaline doomino"},{"@type":"BreadcrumbList","@id":"https:\/\/sulin.ee\/en\/toode\/klassikaline-doomino-puidust-karbis\/#breadcrumb","itemListElement":[{"@type":"ListItem","position":1,"name":"Home","item":"https:\/\/sulin.ee\/en\/"},{"@type":"ListItem","position":2,"name":"Sulin.ee e-pood","item":"https:\/\/sulin.ee\/shop\/"},{"@type":"ListItem","position":3,"name":"Klassikaline doomino puidust karbis"}]},{"@type":"WebSite","@id":"https:\/\/sulin.ee\/en\/#website","url":"https:\/\/sulin.ee\/en\/","name":"sulin.ee","description":"","publisher":{"@id":"https:\/\/sulin.ee\/en\/#organization"},"potentialAction":[{"@type":"SearchAction","target":{"@type":"EntryPoint","urlTemplate":"https:\/\/sulin.ee\/en\/?s={search_term_string}"},"query-input":{"@type":"PropertyValueSpecification","valueRequired":true,"valueName":"search_term_string"}}],"inLanguage":"en-US"},{"@type":"Organization","@id":"https:\/\/sulin.ee\/en\/#organization","name":"SULIN TRADE O\u00dc","url":"https:\/\/sulin.ee\/en\/","logo":{"@type":"ImageObject","inLanguage":"en-US","@id":"https:\/\/sulin.ee\/en\/#\/schema\/logo\/image\/","url":"https:\/\/sulin.ee\/wp-content\/uploads\/2022\/11\/sulin-logo.png","contentUrl":"https:\/\/sulin.ee\/wp-content\/uploads\/2022\/11\/sulin-logo.png","width":871,"height":321,"caption":"SULIN TRADE O\u00dc"},"image":{"@id":"https:\/\/sulin.ee\/en\/#\/schema\/logo\/image\/"},"sameAs":["https:\/\/www.facebook.com\/www.sulin.ee\/","https:\/\/www.instagram.com\/sulintrade\/"]}]}},"builder_content":"","_links":{"self":[{"href":"https:\/\/sulin.ee\/en\/wp-json\/wp\/v2\/product\/38774","targetHints":{"allow":["GET"]}}],"collection":[{"href":"https:\/\/sulin.ee\/en\/wp-json\/wp\/v2\/product"}],"about":[{"href":"https:\/\/sulin.ee\/en\/wp-json\/wp\/v2\/types\/product"}],"replies":[{"embeddable":true,"href":"https:\/\/sulin.ee\/en\/wp-json\/wp\/v2\/comments?post=38774"}],"wp:featuredmedia":[{"embeddable":true,"href":"https:\/\/sulin.ee\/en\/wp-json\/wp\/v2\/media\/41099"}],"wp:attachment":[{"href":"https:\/\/sulin.ee\/en\/wp-json\/wp\/v2\/media?parent=38774"}],"wp:term":[{"taxonomy":"product_brand","embeddable":true,"href":"https:\/\/sulin.ee\/en\/wp-json\/wp\/v2\/product_brand?post=38774"},{"taxonomy":"product_cat","embeddable":true,"href":"https:\/\/sulin.ee\/en\/wp-json\/wp\/v2\/product_cat?post=38774"},{"taxonomy":"product_tag","embeddable":true,"href":"https:\/\/sulin.ee\/en\/wp-json\/wp\/v2\/product_tag?post=38774"}],"curies":[{"name":"wp","href":"https:\/\/api.w.org\/{rel}","templated":true}]}}