{"id":38726,"date":"2025-02-19T12:43:06","date_gmt":"2025-02-19T12:43:06","guid":{"rendered":"https:\/\/sulin.ee\/toode\/sensoorne-manipulatsioonilaud-kitten-lulilo-kiciao\/"},"modified":"2025-06-09T15:25:27","modified_gmt":"2025-06-09T15:25:27","slug":"tegelustahvel-must-kass-lulilo","status":"publish","type":"product","link":"https:\/\/sulin.ee\/en\/toode\/tegelustahvel-must-kass-lulilo\/","title":{"rendered":"Tegelustahvel &#8220;Must kass&#8221; LULILO"},"content":{"rendered":"<p data-start=\"74\" data-end=\"331\"><strong>Tegelustahvel &#8220;Must kass&#8221;<\/strong> on loodud selleks, et aidata lastel m\u00e4nguliselt \u00f5ppida ja arendada erinevaid oskusi. See atraktiivne ja mitmek\u00fclgne m\u00e4nguasi on suurep\u00e4rane vahend lapse \u00f5ige arengu toetamiseks, pakkudes rohkelt tegevusi ja stimulatsiooni.<\/p>\n<p data-start=\"333\" data-end=\"360\"><strong data-start=\"336\" data-end=\"360\">Arendavad tegevused:<\/strong><\/p>\n<ul data-start=\"361\" data-end=\"750\">\n<li data-start=\"361\" data-end=\"515\"><strong data-start=\"363\" data-end=\"413\">\ud83d\udfe2 S\u00f5rmemotoorika ja koordinatsiooni parandamine:<\/strong> M\u00e4nguasi sisaldab erinevaid elemente nagu nupud, paelad ja lukud, mis n\u00f5uavad peenmotoorilisi oskusi.<\/li>\n<li data-start=\"516\" data-end=\"633\"><strong data-start=\"518\" data-end=\"540\">\ud83d\udfe2 Kognitiivne areng:<\/strong> Lahendamist vajavad m\u00f5istatused ja \u00fclesanded ergutavad m\u00f5tlemist ja probleemilahendusoskusi.<\/li>\n<li data-start=\"634\" data-end=\"750\"><strong data-start=\"636\" data-end=\"671\">\ud83d\udfe2 J\u00f5u ja lihasoskuste arendamine:<\/strong> Lapse k\u00e4te j\u00f5ud kasvab, kui ta t\u00f5mbab, vajutab ja keerab tahvli erinevaid osi.<\/li>\n<\/ul>\n<p data-start=\"752\" data-end=\"787\"><strong data-start=\"755\" data-end=\"787\">L\u00f5bus ja kaasahaarav disain:<\/strong><\/p>\n<p>Tegelustahvel &#8220;Must kass&#8221; on disainitud l\u00f5busalt ja kaasahaaravalt, et k\u00f6ita laste t\u00e4helepanu ja stimuleerida nende meeli. Tegelustahvel pakub visuaalset ja sensoorset stimulatsiooni, julgustades lapsi m\u00e4nguasjaga tegelema. Lisaks aitavad kolisevad, koputavad ja kl\u00f5psutavad elemendid hoida isegi k\u00f5ige hajameelsema lapse t\u00e4helepanu. Tegelustahvel on valmistatud kvaliteetsest puidust ning t\u00e4iendatud plast- ja metallelementidega, tagades sellega m\u00e4nguasja vastupidavuse ja pikaajalise kestvuse.<\/p>\n<p data-start=\"1237\" data-end=\"1262\"><strong data-start=\"1240\" data-end=\"1262\">M\u00f5\u00f5tmed ja pakend:<\/strong><\/p>\n<ul data-start=\"1263\" data-end=\"1451\">\n<li data-start=\"1263\" data-end=\"1299\"><strong data-start=\"1265\" data-end=\"1276\">\ud83d\udfe2 Suurus:<\/strong> 40 cm x 35 cm x 1,5 cm<\/li>\n<li data-start=\"1300\" data-end=\"1324\"><strong data-start=\"1302\" data-end=\"1310\">\ud83d\udfe2 Kat:<\/strong> 20 cm x 38 cm<\/li>\n<li data-start=\"1325\" data-end=\"1367\"><strong data-start=\"1327\" data-end=\"1346\">\ud83d\udfe2 Pakendi suurus:<\/strong> 42 cm x 37 cm x 7 cm<\/li>\n<li data-start=\"1368\" data-end=\"1451\">\ud83d\udfe2 Pakitud esteetiliselt meeldivasse pappkarpi, mis teeb sellest ideaalse kingituse.<\/li>\n<\/ul>\n<p data-start=\"1453\" data-end=\"1716\" data-is-last-node=\"\" data-is-only-node=\"\">Tegelustahvel &#8220;Must kass&#8221; on suurep\u00e4rane investeering teie lapse arengusse, pakkudes tunde kestvat l\u00f5bu ja \u00f5petlikke tegevusi. Uurige ka meie teisi arendavaid m\u00e4nguasju, et avastada veelgi rohkem v\u00f5imalusi oma lapse \u00f5ppe- ja m\u00e4nguvajaduste rahuldamiseks! <a href=\"https:\/\/sulin.ee\/tootekategooria\/mangimine\/oppemangud\/motoorika\/\"><strong>Leiad siit!<\/strong><\/a><\/p>\n","protected":false},"excerpt":{"rendered":"<p><strong>Avasta tegelustahvel &#8220;Must kass&#8221;<\/strong>, mis on suurep\u00e4rane vahend lapse motoorsete ja kognitiivsete oskuste arendamiseks l\u00e4bi m\u00e4ngu. See interaktiivne tahvel pakub l\u00f5busaid ja harivaid tegevusi, nagu n\u00f6\u00f6ride sidumine, lukkude kasutamine ja v\u00f5tmete k\u00e4sitsemine. T\u00e4iuslik kombinatsioon l\u00f5bust ja \u00f5ppimisest, valmistatud vastupidavatest materjalidest.<\/p>\n<p><strong>Tahvli m\u00f5\u00f5dud:<\/strong> 40 x 35 x 1,5 cm.<\/p>\n","protected":false},"featured_media":38741,"comment_status":"open","ping_status":"closed","template":"","meta":[],"product_brand":[],"product_cat":[110,1162,1165,1002,1023,1443,175,1433,23],"product_tag":[],"class_list":{"0":"post-38726","1":"product","2":"type-product","3":"status-publish","4":"has-post-thumbnail","6":"product_cat-mangimine","7":"product_cat-kingituseks","8":"product_cat-3-5-aastat","9":"product_cat-oppemangud","10":"product_cat-motoorika","11":"product_cat-tegelustahvlid-lastele","12":"product_cat-puidust-manguasjad","13":"product_cat-moobel-lasteasutustesse","14":"product_cat-soodus","15":"product_shipping_class-kuller-9-95","16":"has-post-title","17":"has-post-date","18":"has-post-category","19":"has-post-tag","20":"has-post-comment","21":"has-post-author","22":"","24":"first","25":"instock","26":"sale","27":"taxable","28":"shipping-taxable","29":"purchasable","30":"product-type-simple"},"yoast_head":"<!-- This site is optimized with the Yoast SEO plugin v26.8 - https:\/\/yoast.com\/product\/yoast-seo-wordpress\/ -->\n<title>Tegelustahvel &quot;Must kass&quot; LULILO - sulin.ee<\/title>\n<meta name=\"description\" content=\"Tegelustahvel &quot;Must kass&quot; \u2013 l\u00f5bus ja \u00f5petlik m\u00e4nguasi, mis pakub tegevusi nagu n\u00f6\u00f6pide kinnitamine ja v\u00f5tmete kasutamine, et arendada lapse peenmotoorikat.\" \/>\n<meta name=\"robots\" content=\"index, follow, max-snippet:-1, max-image-preview:large, max-video-preview:-1\" \/>\n<link rel=\"canonical\" href=\"https:\/\/sulin.ee\/en\/toode\/tegelustahvel-must-kass-lulilo\/\" \/>\n<meta property=\"og:locale\" content=\"en_US\" \/>\n<meta property=\"og:type\" content=\"article\" \/>\n<meta property=\"og:title\" content=\"Tegelustahvel &quot;Must kass&quot; LULILO - sulin.ee\" \/>\n<meta property=\"og:description\" content=\"Tegelustahvel &quot;Must kass&quot; \u2013 l\u00f5bus ja \u00f5petlik m\u00e4nguasi, mis pakub tegevusi nagu n\u00f6\u00f6pide kinnitamine ja v\u00f5tmete kasutamine, et arendada lapse peenmotoorikat.\" \/>\n<meta property=\"og:url\" content=\"https:\/\/sulin.ee\/en\/toode\/tegelustahvel-must-kass-lulilo\/\" \/>\n<meta property=\"og:site_name\" content=\"sulin.ee\" \/>\n<meta property=\"article:publisher\" content=\"https:\/\/www.facebook.com\/www.sulin.ee\/\" \/>\n<meta property=\"article:modified_time\" content=\"2025-06-09T15:25:27+00:00\" \/>\n<meta property=\"og:image\" content=\"https:\/\/sulin.ee\/wp-content\/uploads\/2025\/02\/Tablica-manipulacyjna-sensoryczna-Kotek-LULILO-KICIAO-135020.jpg\" \/>\n\t<meta property=\"og:image:width\" content=\"900\" \/>\n\t<meta property=\"og:image:height\" content=\"900\" \/>\n\t<meta property=\"og:image:type\" content=\"image\/jpeg\" \/>\n<meta name=\"twitter:card\" content=\"summary_large_image\" \/>\n<meta name=\"twitter:label1\" content=\"Est. reading time\" \/>\n\t<meta name=\"twitter:data1\" content=\"2 minutes\" \/>\n<script type=\"application\/ld+json\" class=\"yoast-schema-graph\">{\"@context\":\"https:\/\/schema.org\",\"@graph\":[{\"@type\":\"WebPage\",\"@id\":\"https:\/\/sulin.ee\/en\/toode\/tegelustahvel-must-kass-lulilo\/\",\"url\":\"https:\/\/sulin.ee\/en\/toode\/tegelustahvel-must-kass-lulilo\/\",\"name\":\"Tegelustahvel \\\"Must kass\\\" LULILO - sulin.ee\",\"isPartOf\":{\"@id\":\"https:\/\/sulin.ee\/en\/#website\"},\"primaryImageOfPage\":{\"@id\":\"https:\/\/sulin.ee\/en\/toode\/tegelustahvel-must-kass-lulilo\/#primaryimage\"},\"image\":{\"@id\":\"https:\/\/sulin.ee\/en\/toode\/tegelustahvel-must-kass-lulilo\/#primaryimage\"},\"thumbnailUrl\":\"https:\/\/sulin.ee\/wp-content\/uploads\/2025\/02\/Tablica-manipulacyjna-sensoryczna-Kotek-LULILO-KICIAO-135020.jpg\",\"datePublished\":\"2025-02-19T12:43:06+00:00\",\"dateModified\":\"2025-06-09T15:25:27+00:00\",\"description\":\"Tegelustahvel \\\"Must kass\\\" \u2013 l\u00f5bus ja \u00f5petlik m\u00e4nguasi, mis pakub tegevusi nagu n\u00f6\u00f6pide kinnitamine ja v\u00f5tmete kasutamine, et arendada lapse peenmotoorikat.\",\"breadcrumb\":{\"@id\":\"https:\/\/sulin.ee\/en\/toode\/tegelustahvel-must-kass-lulilo\/#breadcrumb\"},\"inLanguage\":\"en-US\",\"potentialAction\":[{\"@type\":\"ReadAction\",\"target\":[\"https:\/\/sulin.ee\/en\/toode\/tegelustahvel-must-kass-lulilo\/\"]}]},{\"@type\":\"ImageObject\",\"inLanguage\":\"en-US\",\"@id\":\"https:\/\/sulin.ee\/en\/toode\/tegelustahvel-must-kass-lulilo\/#primaryimage\",\"url\":\"https:\/\/sulin.ee\/wp-content\/uploads\/2025\/02\/Tablica-manipulacyjna-sensoryczna-Kotek-LULILO-KICIAO-135020.jpg\",\"contentUrl\":\"https:\/\/sulin.ee\/wp-content\/uploads\/2025\/02\/Tablica-manipulacyjna-sensoryczna-Kotek-LULILO-KICIAO-135020.jpg\",\"width\":900,\"height\":900,\"caption\":\"Tegelustahvel \\\"Must kass\\\"\"},{\"@type\":\"BreadcrumbList\",\"@id\":\"https:\/\/sulin.ee\/en\/toode\/tegelustahvel-must-kass-lulilo\/#breadcrumb\",\"itemListElement\":[{\"@type\":\"ListItem\",\"position\":1,\"name\":\"Home\",\"item\":\"https:\/\/sulin.ee\/en\/\"},{\"@type\":\"ListItem\",\"position\":2,\"name\":\"Sulin.ee e-pood\",\"item\":\"https:\/\/sulin.ee\/shop\/\"},{\"@type\":\"ListItem\",\"position\":3,\"name\":\"Tegelustahvel &#8220;Must kass&#8221; LULILO\"}]},{\"@type\":\"WebSite\",\"@id\":\"https:\/\/sulin.ee\/en\/#website\",\"url\":\"https:\/\/sulin.ee\/en\/\",\"name\":\"sulin.ee\",\"description\":\"\",\"publisher\":{\"@id\":\"https:\/\/sulin.ee\/en\/#organization\"},\"potentialAction\":[{\"@type\":\"SearchAction\",\"target\":{\"@type\":\"EntryPoint\",\"urlTemplate\":\"https:\/\/sulin.ee\/en\/?s={search_term_string}\"},\"query-input\":{\"@type\":\"PropertyValueSpecification\",\"valueRequired\":true,\"valueName\":\"search_term_string\"}}],\"inLanguage\":\"en-US\"},{\"@type\":\"Organization\",\"@id\":\"https:\/\/sulin.ee\/en\/#organization\",\"name\":\"SULIN TRADE O\u00dc\",\"url\":\"https:\/\/sulin.ee\/en\/\",\"logo\":{\"@type\":\"ImageObject\",\"inLanguage\":\"en-US\",\"@id\":\"https:\/\/sulin.ee\/en\/#\/schema\/logo\/image\/\",\"url\":\"https:\/\/sulin.ee\/wp-content\/uploads\/2022\/11\/sulin-logo.png\",\"contentUrl\":\"https:\/\/sulin.ee\/wp-content\/uploads\/2022\/11\/sulin-logo.png\",\"width\":871,\"height\":321,\"caption\":\"SULIN TRADE O\u00dc\"},\"image\":{\"@id\":\"https:\/\/sulin.ee\/en\/#\/schema\/logo\/image\/\"},\"sameAs\":[\"https:\/\/www.facebook.com\/www.sulin.ee\/\",\"https:\/\/www.instagram.com\/sulintrade\/\"]}]}<\/script>\n<!-- \/ Yoast SEO plugin. -->","yoast_head_json":{"title":"Tegelustahvel \"Must kass\" LULILO - sulin.ee","description":"Tegelustahvel \"Must kass\" \u2013 l\u00f5bus ja \u00f5petlik m\u00e4nguasi, mis pakub tegevusi nagu n\u00f6\u00f6pide kinnitamine ja v\u00f5tmete kasutamine, et arendada lapse peenmotoorikat.","robots":{"index":"index","follow":"follow","max-snippet":"max-snippet:-1","max-image-preview":"max-image-preview:large","max-video-preview":"max-video-preview:-1"},"canonical":"https:\/\/sulin.ee\/en\/toode\/tegelustahvel-must-kass-lulilo\/","og_locale":"en_US","og_type":"article","og_title":"Tegelustahvel \"Must kass\" LULILO - sulin.ee","og_description":"Tegelustahvel \"Must kass\" \u2013 l\u00f5bus ja \u00f5petlik m\u00e4nguasi, mis pakub tegevusi nagu n\u00f6\u00f6pide kinnitamine ja v\u00f5tmete kasutamine, et arendada lapse peenmotoorikat.","og_url":"https:\/\/sulin.ee\/en\/toode\/tegelustahvel-must-kass-lulilo\/","og_site_name":"sulin.ee","article_publisher":"https:\/\/www.facebook.com\/www.sulin.ee\/","article_modified_time":"2025-06-09T15:25:27+00:00","og_image":[{"width":900,"height":900,"url":"https:\/\/sulin.ee\/wp-content\/uploads\/2025\/02\/Tablica-manipulacyjna-sensoryczna-Kotek-LULILO-KICIAO-135020.jpg","type":"image\/jpeg"}],"twitter_card":"summary_large_image","twitter_misc":{"Est. reading time":"2 minutes"},"schema":{"@context":"https:\/\/schema.org","@graph":[{"@type":"WebPage","@id":"https:\/\/sulin.ee\/en\/toode\/tegelustahvel-must-kass-lulilo\/","url":"https:\/\/sulin.ee\/en\/toode\/tegelustahvel-must-kass-lulilo\/","name":"Tegelustahvel \"Must kass\" LULILO - sulin.ee","isPartOf":{"@id":"https:\/\/sulin.ee\/en\/#website"},"primaryImageOfPage":{"@id":"https:\/\/sulin.ee\/en\/toode\/tegelustahvel-must-kass-lulilo\/#primaryimage"},"image":{"@id":"https:\/\/sulin.ee\/en\/toode\/tegelustahvel-must-kass-lulilo\/#primaryimage"},"thumbnailUrl":"https:\/\/sulin.ee\/wp-content\/uploads\/2025\/02\/Tablica-manipulacyjna-sensoryczna-Kotek-LULILO-KICIAO-135020.jpg","datePublished":"2025-02-19T12:43:06+00:00","dateModified":"2025-06-09T15:25:27+00:00","description":"Tegelustahvel \"Must kass\" \u2013 l\u00f5bus ja \u00f5petlik m\u00e4nguasi, mis pakub tegevusi nagu n\u00f6\u00f6pide kinnitamine ja v\u00f5tmete kasutamine, et arendada lapse peenmotoorikat.","breadcrumb":{"@id":"https:\/\/sulin.ee\/en\/toode\/tegelustahvel-must-kass-lulilo\/#breadcrumb"},"inLanguage":"en-US","potentialAction":[{"@type":"ReadAction","target":["https:\/\/sulin.ee\/en\/toode\/tegelustahvel-must-kass-lulilo\/"]}]},{"@type":"ImageObject","inLanguage":"en-US","@id":"https:\/\/sulin.ee\/en\/toode\/tegelustahvel-must-kass-lulilo\/#primaryimage","url":"https:\/\/sulin.ee\/wp-content\/uploads\/2025\/02\/Tablica-manipulacyjna-sensoryczna-Kotek-LULILO-KICIAO-135020.jpg","contentUrl":"https:\/\/sulin.ee\/wp-content\/uploads\/2025\/02\/Tablica-manipulacyjna-sensoryczna-Kotek-LULILO-KICIAO-135020.jpg","width":900,"height":900,"caption":"Tegelustahvel \"Must kass\""},{"@type":"BreadcrumbList","@id":"https:\/\/sulin.ee\/en\/toode\/tegelustahvel-must-kass-lulilo\/#breadcrumb","itemListElement":[{"@type":"ListItem","position":1,"name":"Home","item":"https:\/\/sulin.ee\/en\/"},{"@type":"ListItem","position":2,"name":"Sulin.ee e-pood","item":"https:\/\/sulin.ee\/shop\/"},{"@type":"ListItem","position":3,"name":"Tegelustahvel &#8220;Must kass&#8221; LULILO"}]},{"@type":"WebSite","@id":"https:\/\/sulin.ee\/en\/#website","url":"https:\/\/sulin.ee\/en\/","name":"sulin.ee","description":"","publisher":{"@id":"https:\/\/sulin.ee\/en\/#organization"},"potentialAction":[{"@type":"SearchAction","target":{"@type":"EntryPoint","urlTemplate":"https:\/\/sulin.ee\/en\/?s={search_term_string}"},"query-input":{"@type":"PropertyValueSpecification","valueRequired":true,"valueName":"search_term_string"}}],"inLanguage":"en-US"},{"@type":"Organization","@id":"https:\/\/sulin.ee\/en\/#organization","name":"SULIN TRADE O\u00dc","url":"https:\/\/sulin.ee\/en\/","logo":{"@type":"ImageObject","inLanguage":"en-US","@id":"https:\/\/sulin.ee\/en\/#\/schema\/logo\/image\/","url":"https:\/\/sulin.ee\/wp-content\/uploads\/2022\/11\/sulin-logo.png","contentUrl":"https:\/\/sulin.ee\/wp-content\/uploads\/2022\/11\/sulin-logo.png","width":871,"height":321,"caption":"SULIN TRADE O\u00dc"},"image":{"@id":"https:\/\/sulin.ee\/en\/#\/schema\/logo\/image\/"},"sameAs":["https:\/\/www.facebook.com\/www.sulin.ee\/","https:\/\/www.instagram.com\/sulintrade\/"]}]}},"builder_content":"","_links":{"self":[{"href":"https:\/\/sulin.ee\/en\/wp-json\/wp\/v2\/product\/38726","targetHints":{"allow":["GET"]}}],"collection":[{"href":"https:\/\/sulin.ee\/en\/wp-json\/wp\/v2\/product"}],"about":[{"href":"https:\/\/sulin.ee\/en\/wp-json\/wp\/v2\/types\/product"}],"replies":[{"embeddable":true,"href":"https:\/\/sulin.ee\/en\/wp-json\/wp\/v2\/comments?post=38726"}],"wp:featuredmedia":[{"embeddable":true,"href":"https:\/\/sulin.ee\/en\/wp-json\/wp\/v2\/media\/38741"}],"wp:attachment":[{"href":"https:\/\/sulin.ee\/en\/wp-json\/wp\/v2\/media?parent=38726"}],"wp:term":[{"taxonomy":"product_brand","embeddable":true,"href":"https:\/\/sulin.ee\/en\/wp-json\/wp\/v2\/product_brand?post=38726"},{"taxonomy":"product_cat","embeddable":true,"href":"https:\/\/sulin.ee\/en\/wp-json\/wp\/v2\/product_cat?post=38726"},{"taxonomy":"product_tag","embeddable":true,"href":"https:\/\/sulin.ee\/en\/wp-json\/wp\/v2\/product_tag?post=38726"}],"curies":[{"name":"wp","href":"https:\/\/api.w.org\/{rel}","templated":true}]}}