{"id":38699,"date":"2025-03-03T12:42:58","date_gmt":"2025-03-03T12:42:58","guid":{"rendered":"https:\/\/sulin.ee\/toode\/interaktiivne-heliga-krabikarbes-kollane\/"},"modified":"2025-09-07T21:40:02","modified_gmt":"2025-09-07T21:40:02","slug":"interaktiivne-heliga-krabi","status":"publish","type":"product","link":"https:\/\/sulin.ee\/en\/toode\/interaktiivne-heliga-krabi\/","title":{"rendered":"Interaktiivne heliga Krabi"},"content":{"rendered":"<div class=\"flex max-w-full flex-col flex-grow\">\n<div class=\"min-h-8 text-message relative flex w-full flex-col items-end gap-2 whitespace-normal break-words text-start [.text-message+&amp;]:mt-5\" dir=\"auto\" data-message-author-role=\"assistant\" data-message-id=\"8ecaca40-da22-47a0-8fc3-91a125f6b4c1\" data-message-model-slug=\"gpt-4o\">\n<div class=\"flex w-full flex-col gap-1 empty:hidden first:pt-[3px]\">\n<div class=\"markdown prose w-full break-words dark:prose-invert light\">\n<h3 data-start=\"0\" data-end=\"78\"><strong data-start=\"4\" data-end=\"76\">Interaktiivne heliga Krabi \u2013 l\u00f5bus ja arendav m\u00e4nguasi v\u00e4ikelastele!<\/strong><\/h3>\n<p data-start=\"80\" data-end=\"287\"><strong data-start=\"80\" data-end=\"162\">Kas otsid m\u00e4nguasja, mis stimuleerib lapse meeli ja julgustab aktiivset m\u00e4ngu?<\/strong> <strong data-start=\"163\" data-end=\"193\">Interaktiivne heliga Krabi<\/strong> on ideaalne kaaslane igale lapsele, pakkudes l\u00f5putut m\u00e4ngur\u00f5\u00f5mu ja arendavaid v\u00e4ljakutseid!<\/p>\n<h3 data-start=\"289\" data-end=\"330\"><strong data-start=\"293\" data-end=\"328\">Mis teeb selle krabi eriliseks?<\/strong><\/h3>\n<p data-start=\"331\" data-end=\"991\">\ud83e\udd80 <strong data-start=\"334\" data-end=\"353\">Roomav ja kiire<\/strong> \u2013 krabi liigub kiiresti, pakkudes lapsele p\u00f5nevat v\u00e4ljakutset temaga sammu pidada.<br data-start=\"436\" data-end=\"439\" \/>\ud83e\udd80 <strong data-start=\"442\" data-end=\"466\">Takistuste v\u00e4ltimine<\/strong> \u2013 sisseehitatud andurid tuvastavad takistused, v\u00f5imaldades krabil automaatselt suunda muuta ja takistusi v\u00e4ltida.<br data-start=\"580\" data-end=\"583\" \/>\ud83e\udd80 <strong data-start=\"586\" data-end=\"605\">Muusika ja heli<\/strong> \u2013 m\u00e4ngimise ajal m\u00e4ngib krabi l\u00f5busaid helisid, mis stimuleerivad lapse kuulmismeelt ja loovad r\u00f5\u00f5msa atmosf\u00e4\u00e4ri.<br data-start=\"719\" data-end=\"722\" data-is-only-node=\"\" \/>\ud83e\udd80 <strong data-start=\"725\" data-end=\"763\">Arendab motoorikat ja n\u00e4gemismeelt<\/strong> \u2013 krabi j\u00e4lgimine ja p\u00fc\u00fcdmis\u00fcritused aitavad lapsel treenida koordinatsiooni, kiirust ja reaktsiooniv\u00f5imet.<br data-start=\"871\" data-end=\"874\" \/>\ud83e\udd80 <strong data-start=\"877\" data-end=\"911\">Turvaline ja vastupidav disain<\/strong> \u2013 k\u00f5ik krabi osad on <strong data-start=\"933\" data-end=\"946\">\u00fcmardatud<\/strong>, et m\u00e4ngimine oleks lapsele t\u00e4iesti ohutu.<\/p>\n<h3 data-start=\"993\" data-end=\"1037\"><strong data-start=\"997\" data-end=\"1035\">Lihtne laadimine ja piiramatu l\u00f5bu<\/strong><\/h3>\n<p data-start=\"1038\" data-end=\"1197\">Krabi t\u00f6\u00f6tab <strong data-start=\"1051\" data-end=\"1086\">sisseehitatud taaslaetava akuga<\/strong>. Kui m\u00e4nguhoos aku t\u00fchjeneb, saad selle h\u00f5lpsasti <strong data-start=\"1137\" data-end=\"1171\">USB-kaabli abil uuesti laadida<\/strong> ning m\u00e4ng v\u00f5ib j\u00e4tkuda!<\/p>\n<h3 data-start=\"1199\" data-end=\"1224\"><strong data-start=\"1203\" data-end=\"1222\">Komplekti sisu:<\/strong><\/h3>\n<p data-start=\"1225\" data-end=\"1294\">\u2714 <strong data-start=\"1227\" data-end=\"1257\">Interaktiivne heliga Krabi<\/strong><br data-start=\"1257\" data-end=\"1260\" \/>\u2714 <strong data-start=\"1262\" data-end=\"1292\">USB-laadimiskaabel (53 cm)<\/strong><\/p>\n<h3 data-start=\"1296\" data-end=\"1324\"><strong data-start=\"1300\" data-end=\"1322\">Tehnilised andmed:<\/strong><\/h3>\n<ul data-start=\"1325\" data-end=\"1551\">\n<li data-start=\"1325\" data-end=\"1350\"><strong data-start=\"1327\" data-end=\"1340\">\u2714 Materjal:<\/strong> Plastik<\/li>\n<li data-start=\"1351\" data-end=\"1396\"><strong data-start=\"1353\" data-end=\"1370\">\u2714 Toiteallikas:<\/strong> Sisseehitatud 3,7 V aku<\/li>\n<li data-start=\"1397\" data-end=\"1414\"><strong data-start=\"1399\" data-end=\"1409\">\u2714 Vanus:<\/strong> 3+<\/li>\n<li data-start=\"1415\" data-end=\"1462\"><strong data-start=\"1417\" data-end=\"1434\">\u2714 Krabi m\u00f5\u00f5dud:<\/strong> 24 cm x 12,5 cm x 10,5 cm<\/li>\n<li data-start=\"1463\" data-end=\"1514\"><strong data-start=\"1465\" data-end=\"1484\">\u2714 Pakendi m\u00f5\u00f5dud:<\/strong> 21,5 cm x 12,5 cm x 12,5 cm<\/li>\n<\/ul>\n<h3 data-start=\"1553\" data-end=\"1618\"><strong data-start=\"1557\" data-end=\"1616\">M\u00e4nguasi, mis hoiab lapse aktiivsena ja l\u00f5bustab tunde!<\/strong><\/h3>\n<p data-start=\"1619\" data-end=\"1838\" data-is-last-node=\"\" data-is-only-node=\"\"><strong data-start=\"1619\" data-end=\"1649\">Interaktiivne heliga Krabi<\/strong> on ideaalne kingitus, mis <strong data-start=\"1676\" data-end=\"1759\">motiveerib last liikuma, arendab motoorseid oskusi ja pakub kaasahaaravat m\u00e4ngu<\/strong>. <strong data-start=\"1761\" data-end=\"1838\" data-is-last-node=\"\">Tutvu ka meie teiste arendavate m\u00e4nguasjadega ja leia lapsele uus lemmik! <a href=\"https:\/\/sulin.ee\/tootekategooria\/mangimine\/\">Leiad siit.<\/a><\/strong><\/p>\n<\/div>\n<\/div>\n<\/div>\n<\/div>\n","protected":false},"excerpt":{"rendered":"<p><strong data-start=\"0\" data-end=\"30\" data-is-only-node=\"\">Interaktiivne heliga Krabi<\/strong> on l\u00f5bus ja arendav m\u00e4nguasi, mis <strong data-start=\"65\" data-end=\"121\">roomab kiiresti, v\u00e4ldib takistusi ja m\u00e4ngib muusikat<\/strong>, pakkudes lapsele aktiivset ja kaasahaaravat m\u00e4ngukogemust. <strong data-start=\"182\" data-end=\"214\">Sisseehitatud taaslaetav aku<\/strong> tagab pika m\u00e4nguaja ning \u00fcmardatud disain muudab m\u00e4ngimise turvaliseks. <strong data-start=\"287\" data-end=\"342\" data-is-last-node=\"\">T\u00e4iuslik kingitus, mis arendab motoorikat ja meeli!<\/strong><\/p>\n<p><strong>Materjal:<\/strong> plastik.<\/p>\n<p><strong>Vanus:<\/strong> 3+ aastat.<\/p>\n<p><strong>Toiteallikas:<\/strong> sisseehitatud aku.<\/p>\n<p><strong> Krabi m\u00f5\u00f5dud:<\/strong> 24 x 12,5 x 10,5 cm.<\/p>\n","protected":false},"featured_media":38697,"comment_status":"open","ping_status":"closed","template":"","meta":[],"product_brand":[],"product_cat":[110,1162,1165,1002,1023,176,1014,23],"product_tag":[],"class_list":{"0":"post-38699","1":"product","2":"type-product","3":"status-publish","4":"has-post-thumbnail","6":"product_cat-mangimine","7":"product_cat-kingituseks","8":"product_cat-3-5-aastat","9":"product_cat-oppemangud","10":"product_cat-motoorika","11":"product_cat-rollimangud","12":"product_cat-loodusuurija","13":"product_cat-soodus","14":"has-post-title","15":"has-post-date","16":"has-post-category","17":"has-post-tag","18":"has-post-comment","19":"has-post-author","20":"","22":"first","23":"instock","24":"sale","25":"taxable","26":"shipping-taxable","27":"purchasable","28":"product-type-simple"},"yoast_head":"<!-- This site is optimized with the Yoast SEO plugin v26.8 - https:\/\/yoast.com\/product\/yoast-seo-wordpress\/ -->\n<title>Interaktiivne heliga Krabi - sulin.ee<\/title>\n<meta name=\"description\" content=\"Interaktiivne heliga Krabi on l\u00f5bus ja arendav m\u00e4nguasi, mis roomab kiiresti, v\u00e4ldib takistusi, m\u00e4ngib muusikat ning toetab lapse motoorika arengut.\" \/>\n<meta name=\"robots\" content=\"index, follow, max-snippet:-1, max-image-preview:large, max-video-preview:-1\" \/>\n<link rel=\"canonical\" href=\"https:\/\/sulin.ee\/en\/toode\/interaktiivne-heliga-krabi\/\" \/>\n<meta property=\"og:locale\" content=\"en_US\" \/>\n<meta property=\"og:type\" content=\"article\" \/>\n<meta property=\"og:title\" content=\"Interaktiivne heliga Krabi - sulin.ee\" \/>\n<meta property=\"og:description\" content=\"Interaktiivne heliga Krabi on l\u00f5bus ja arendav m\u00e4nguasi, mis roomab kiiresti, v\u00e4ldib takistusi, m\u00e4ngib muusikat ning toetab lapse motoorika arengut.\" \/>\n<meta property=\"og:url\" content=\"https:\/\/sulin.ee\/en\/toode\/interaktiivne-heliga-krabi\/\" \/>\n<meta property=\"og:site_name\" content=\"sulin.ee\" \/>\n<meta property=\"article:publisher\" content=\"https:\/\/www.facebook.com\/www.sulin.ee\/\" \/>\n<meta property=\"article:modified_time\" content=\"2025-09-07T21:40:02+00:00\" \/>\n<meta property=\"og:image\" content=\"https:\/\/sulin.ee\/wp-content\/uploads\/2025\/02\/Krab-pelzajacy-interaktywny-z-dzwiekiem-zolty-132599.jpg\" \/>\n\t<meta property=\"og:image:width\" content=\"1024\" \/>\n\t<meta property=\"og:image:height\" content=\"1024\" \/>\n\t<meta property=\"og:image:type\" content=\"image\/jpeg\" \/>\n<meta name=\"twitter:card\" content=\"summary_large_image\" \/>\n<meta name=\"twitter:label1\" content=\"Est. reading time\" \/>\n\t<meta name=\"twitter:data1\" content=\"2 minutes\" \/>\n<script type=\"application\/ld+json\" class=\"yoast-schema-graph\">{\"@context\":\"https:\/\/schema.org\",\"@graph\":[{\"@type\":\"WebPage\",\"@id\":\"https:\/\/sulin.ee\/en\/toode\/interaktiivne-heliga-krabi\/\",\"url\":\"https:\/\/sulin.ee\/en\/toode\/interaktiivne-heliga-krabi\/\",\"name\":\"Interaktiivne heliga Krabi - sulin.ee\",\"isPartOf\":{\"@id\":\"https:\/\/sulin.ee\/en\/#website\"},\"primaryImageOfPage\":{\"@id\":\"https:\/\/sulin.ee\/en\/toode\/interaktiivne-heliga-krabi\/#primaryimage\"},\"image\":{\"@id\":\"https:\/\/sulin.ee\/en\/toode\/interaktiivne-heliga-krabi\/#primaryimage\"},\"thumbnailUrl\":\"https:\/\/sulin.ee\/wp-content\/uploads\/2025\/02\/Krab-pelzajacy-interaktywny-z-dzwiekiem-zolty-132599.jpg\",\"datePublished\":\"2025-03-03T12:42:58+00:00\",\"dateModified\":\"2025-09-07T21:40:02+00:00\",\"description\":\"Interaktiivne heliga Krabi on l\u00f5bus ja arendav m\u00e4nguasi, mis roomab kiiresti, v\u00e4ldib takistusi, m\u00e4ngib muusikat ning toetab lapse motoorika arengut.\",\"breadcrumb\":{\"@id\":\"https:\/\/sulin.ee\/en\/toode\/interaktiivne-heliga-krabi\/#breadcrumb\"},\"inLanguage\":\"en-US\",\"potentialAction\":[{\"@type\":\"ReadAction\",\"target\":[\"https:\/\/sulin.ee\/en\/toode\/interaktiivne-heliga-krabi\/\"]}]},{\"@type\":\"ImageObject\",\"inLanguage\":\"en-US\",\"@id\":\"https:\/\/sulin.ee\/en\/toode\/interaktiivne-heliga-krabi\/#primaryimage\",\"url\":\"https:\/\/sulin.ee\/wp-content\/uploads\/2025\/02\/Krab-pelzajacy-interaktywny-z-dzwiekiem-zolty-132599.jpg\",\"contentUrl\":\"https:\/\/sulin.ee\/wp-content\/uploads\/2025\/02\/Krab-pelzajacy-interaktywny-z-dzwiekiem-zolty-132599.jpg\",\"width\":1024,\"height\":1024,\"caption\":\"Interaktiivne heliga Krabi\"},{\"@type\":\"BreadcrumbList\",\"@id\":\"https:\/\/sulin.ee\/en\/toode\/interaktiivne-heliga-krabi\/#breadcrumb\",\"itemListElement\":[{\"@type\":\"ListItem\",\"position\":1,\"name\":\"Home\",\"item\":\"https:\/\/sulin.ee\/en\/\"},{\"@type\":\"ListItem\",\"position\":2,\"name\":\"Sulin.ee e-pood\",\"item\":\"https:\/\/sulin.ee\/shop\/\"},{\"@type\":\"ListItem\",\"position\":3,\"name\":\"Interaktiivne heliga Krabi\"}]},{\"@type\":\"WebSite\",\"@id\":\"https:\/\/sulin.ee\/en\/#website\",\"url\":\"https:\/\/sulin.ee\/en\/\",\"name\":\"sulin.ee\",\"description\":\"\",\"publisher\":{\"@id\":\"https:\/\/sulin.ee\/en\/#organization\"},\"potentialAction\":[{\"@type\":\"SearchAction\",\"target\":{\"@type\":\"EntryPoint\",\"urlTemplate\":\"https:\/\/sulin.ee\/en\/?s={search_term_string}\"},\"query-input\":{\"@type\":\"PropertyValueSpecification\",\"valueRequired\":true,\"valueName\":\"search_term_string\"}}],\"inLanguage\":\"en-US\"},{\"@type\":\"Organization\",\"@id\":\"https:\/\/sulin.ee\/en\/#organization\",\"name\":\"SULIN TRADE O\u00dc\",\"url\":\"https:\/\/sulin.ee\/en\/\",\"logo\":{\"@type\":\"ImageObject\",\"inLanguage\":\"en-US\",\"@id\":\"https:\/\/sulin.ee\/en\/#\/schema\/logo\/image\/\",\"url\":\"https:\/\/sulin.ee\/wp-content\/uploads\/2022\/11\/sulin-logo.png\",\"contentUrl\":\"https:\/\/sulin.ee\/wp-content\/uploads\/2022\/11\/sulin-logo.png\",\"width\":871,\"height\":321,\"caption\":\"SULIN TRADE O\u00dc\"},\"image\":{\"@id\":\"https:\/\/sulin.ee\/en\/#\/schema\/logo\/image\/\"},\"sameAs\":[\"https:\/\/www.facebook.com\/www.sulin.ee\/\",\"https:\/\/www.instagram.com\/sulintrade\/\"]}]}<\/script>\n<!-- \/ Yoast SEO plugin. -->","yoast_head_json":{"title":"Interaktiivne heliga Krabi - sulin.ee","description":"Interaktiivne heliga Krabi on l\u00f5bus ja arendav m\u00e4nguasi, mis roomab kiiresti, v\u00e4ldib takistusi, m\u00e4ngib muusikat ning toetab lapse motoorika arengut.","robots":{"index":"index","follow":"follow","max-snippet":"max-snippet:-1","max-image-preview":"max-image-preview:large","max-video-preview":"max-video-preview:-1"},"canonical":"https:\/\/sulin.ee\/en\/toode\/interaktiivne-heliga-krabi\/","og_locale":"en_US","og_type":"article","og_title":"Interaktiivne heliga Krabi - sulin.ee","og_description":"Interaktiivne heliga Krabi on l\u00f5bus ja arendav m\u00e4nguasi, mis roomab kiiresti, v\u00e4ldib takistusi, m\u00e4ngib muusikat ning toetab lapse motoorika arengut.","og_url":"https:\/\/sulin.ee\/en\/toode\/interaktiivne-heliga-krabi\/","og_site_name":"sulin.ee","article_publisher":"https:\/\/www.facebook.com\/www.sulin.ee\/","article_modified_time":"2025-09-07T21:40:02+00:00","og_image":[{"width":1024,"height":1024,"url":"https:\/\/sulin.ee\/wp-content\/uploads\/2025\/02\/Krab-pelzajacy-interaktywny-z-dzwiekiem-zolty-132599.jpg","type":"image\/jpeg"}],"twitter_card":"summary_large_image","twitter_misc":{"Est. reading time":"2 minutes"},"schema":{"@context":"https:\/\/schema.org","@graph":[{"@type":"WebPage","@id":"https:\/\/sulin.ee\/en\/toode\/interaktiivne-heliga-krabi\/","url":"https:\/\/sulin.ee\/en\/toode\/interaktiivne-heliga-krabi\/","name":"Interaktiivne heliga Krabi - sulin.ee","isPartOf":{"@id":"https:\/\/sulin.ee\/en\/#website"},"primaryImageOfPage":{"@id":"https:\/\/sulin.ee\/en\/toode\/interaktiivne-heliga-krabi\/#primaryimage"},"image":{"@id":"https:\/\/sulin.ee\/en\/toode\/interaktiivne-heliga-krabi\/#primaryimage"},"thumbnailUrl":"https:\/\/sulin.ee\/wp-content\/uploads\/2025\/02\/Krab-pelzajacy-interaktywny-z-dzwiekiem-zolty-132599.jpg","datePublished":"2025-03-03T12:42:58+00:00","dateModified":"2025-09-07T21:40:02+00:00","description":"Interaktiivne heliga Krabi on l\u00f5bus ja arendav m\u00e4nguasi, mis roomab kiiresti, v\u00e4ldib takistusi, m\u00e4ngib muusikat ning toetab lapse motoorika arengut.","breadcrumb":{"@id":"https:\/\/sulin.ee\/en\/toode\/interaktiivne-heliga-krabi\/#breadcrumb"},"inLanguage":"en-US","potentialAction":[{"@type":"ReadAction","target":["https:\/\/sulin.ee\/en\/toode\/interaktiivne-heliga-krabi\/"]}]},{"@type":"ImageObject","inLanguage":"en-US","@id":"https:\/\/sulin.ee\/en\/toode\/interaktiivne-heliga-krabi\/#primaryimage","url":"https:\/\/sulin.ee\/wp-content\/uploads\/2025\/02\/Krab-pelzajacy-interaktywny-z-dzwiekiem-zolty-132599.jpg","contentUrl":"https:\/\/sulin.ee\/wp-content\/uploads\/2025\/02\/Krab-pelzajacy-interaktywny-z-dzwiekiem-zolty-132599.jpg","width":1024,"height":1024,"caption":"Interaktiivne heliga Krabi"},{"@type":"BreadcrumbList","@id":"https:\/\/sulin.ee\/en\/toode\/interaktiivne-heliga-krabi\/#breadcrumb","itemListElement":[{"@type":"ListItem","position":1,"name":"Home","item":"https:\/\/sulin.ee\/en\/"},{"@type":"ListItem","position":2,"name":"Sulin.ee e-pood","item":"https:\/\/sulin.ee\/shop\/"},{"@type":"ListItem","position":3,"name":"Interaktiivne heliga Krabi"}]},{"@type":"WebSite","@id":"https:\/\/sulin.ee\/en\/#website","url":"https:\/\/sulin.ee\/en\/","name":"sulin.ee","description":"","publisher":{"@id":"https:\/\/sulin.ee\/en\/#organization"},"potentialAction":[{"@type":"SearchAction","target":{"@type":"EntryPoint","urlTemplate":"https:\/\/sulin.ee\/en\/?s={search_term_string}"},"query-input":{"@type":"PropertyValueSpecification","valueRequired":true,"valueName":"search_term_string"}}],"inLanguage":"en-US"},{"@type":"Organization","@id":"https:\/\/sulin.ee\/en\/#organization","name":"SULIN TRADE O\u00dc","url":"https:\/\/sulin.ee\/en\/","logo":{"@type":"ImageObject","inLanguage":"en-US","@id":"https:\/\/sulin.ee\/en\/#\/schema\/logo\/image\/","url":"https:\/\/sulin.ee\/wp-content\/uploads\/2022\/11\/sulin-logo.png","contentUrl":"https:\/\/sulin.ee\/wp-content\/uploads\/2022\/11\/sulin-logo.png","width":871,"height":321,"caption":"SULIN TRADE O\u00dc"},"image":{"@id":"https:\/\/sulin.ee\/en\/#\/schema\/logo\/image\/"},"sameAs":["https:\/\/www.facebook.com\/www.sulin.ee\/","https:\/\/www.instagram.com\/sulintrade\/"]}]}},"builder_content":"","_links":{"self":[{"href":"https:\/\/sulin.ee\/en\/wp-json\/wp\/v2\/product\/38699","targetHints":{"allow":["GET"]}}],"collection":[{"href":"https:\/\/sulin.ee\/en\/wp-json\/wp\/v2\/product"}],"about":[{"href":"https:\/\/sulin.ee\/en\/wp-json\/wp\/v2\/types\/product"}],"replies":[{"embeddable":true,"href":"https:\/\/sulin.ee\/en\/wp-json\/wp\/v2\/comments?post=38699"}],"wp:featuredmedia":[{"embeddable":true,"href":"https:\/\/sulin.ee\/en\/wp-json\/wp\/v2\/media\/38697"}],"wp:attachment":[{"href":"https:\/\/sulin.ee\/en\/wp-json\/wp\/v2\/media?parent=38699"}],"wp:term":[{"taxonomy":"product_brand","embeddable":true,"href":"https:\/\/sulin.ee\/en\/wp-json\/wp\/v2\/product_brand?post=38699"},{"taxonomy":"product_cat","embeddable":true,"href":"https:\/\/sulin.ee\/en\/wp-json\/wp\/v2\/product_cat?post=38699"},{"taxonomy":"product_tag","embeddable":true,"href":"https:\/\/sulin.ee\/en\/wp-json\/wp\/v2\/product_tag?post=38699"}],"curies":[{"name":"wp","href":"https:\/\/api.w.org\/{rel}","templated":true}]}}