{"id":38672,"date":"2025-03-03T12:42:50","date_gmt":"2025-03-03T12:42:50","guid":{"rendered":"https:\/\/sulin.ee\/toode\/mull-pustoli-masin-seebimull-tuled-roosa\/"},"modified":"2025-03-05T17:12:07","modified_gmt":"2025-03-05T17:12:07","slug":"seebimullipustol-roosa","status":"publish","type":"product","link":"https:\/\/sulin.ee\/en\/toode\/seebimullipustol-roosa\/","title":{"rendered":"Seebimullip\u00fcstol Roosa"},"content":{"rendered":"<div class=\"flex max-w-full flex-col flex-grow\">\n<div class=\"min-h-8 text-message relative flex w-full flex-col items-end gap-2 whitespace-normal break-words text-start [.text-message+&amp;]:mt-5\" dir=\"auto\" data-message-author-role=\"assistant\" data-message-id=\"8d66c382-2475-4e24-be43-007b5b5a53e3\" data-message-model-slug=\"gpt-4o\">\n<div class=\"flex w-full flex-col gap-1 empty:hidden first:pt-[3px]\">\n<div class=\"markdown prose w-full break-words dark:prose-invert light\">\n<h3 data-start=\"0\" data-end=\"79\"><strong data-start=\"4\" data-end=\"77\">Seebimullip\u00fcstol Roosa \u2013 maagiline mullipidu vaid \u00fche nupuvajutusega!<\/strong><\/h3>\n<p data-start=\"81\" data-end=\"417\"><strong data-start=\"81\" data-end=\"127\">Seebimullid on alati olnud laste lemmikud!<\/strong> Need toovad m\u00e4ngu elevust ja loovad maagilise \u00f5hkkonna, pakkudes l\u00f5bu nii v\u00e4ikestele kui ka t\u00e4iskasvanutele. <strong data-start=\"237\" data-end=\"263\">Seebimullip\u00fcstol Roosa<\/strong> teeb mullide puhumise lihtsamaks kui kunagi varem \u2013 enam ei ole vaja suuga puhuda, sest vaid \u00fche nupuvajutusega saab lasta \u00f5hku sadu mullikesi korraga!<\/p>\n<h3 data-start=\"419\" data-end=\"455\"><strong data-start=\"423\" data-end=\"453\">Lihtne ja l\u00f5bus kasutamine<\/strong><\/h3>\n<p data-start=\"456\" data-end=\"806\">Unusta v\u00e4sitav mullipuhumine ja naudi <strong data-start=\"494\" data-end=\"521\">m\u00e4ngulusti ilma vaevata<\/strong>! <strong data-start=\"523\" data-end=\"549\">Seebimullip\u00fcstol Roosa<\/strong> on kiire ja mugav kasutada:<br data-start=\"577\" data-end=\"580\" \/>1\ufe0f\u20e3 <strong data-start=\"584\" data-end=\"605\">Vala mullivedelik<\/strong> komplektis olevasse kaussi.<br data-start=\"633\" data-end=\"636\" \/>2\ufe0f\u20e3 <strong data-start=\"640\" data-end=\"661\" data-is-only-node=\"\">Kasta p\u00fcstoli pea<\/strong> koos aukudega vedelikku.<br data-start=\"686\" data-end=\"689\" \/>3\ufe0f\u20e3 <strong data-start=\"693\" data-end=\"711\">Suunake p\u00fcstol<\/strong> soovitud suunas ja vajutage p\u00e4\u00e4stikule.<br data-start=\"751\" data-end=\"754\" \/>4\ufe0f\u20e3 <strong data-start=\"758\" data-end=\"790\">Vaata, kuidas sadu mullikesi<\/strong> t\u00e4idavad \u00f5hu!<\/p>\n<h3 data-start=\"808\" data-end=\"846\"><strong data-start=\"812\" data-end=\"844\">Miks valida see mullip\u00fcstol?<\/strong><\/h3>\n<p data-start=\"847\" data-end=\"1477\">\u2705 <strong data-start=\"849\" data-end=\"873\">L\u00f5bus ja kaasahaarav<\/strong> \u2013 pakub lastele ja t\u00e4iskasvanutele palju m\u00e4ngulusti nii \u00f5ues kui ka toas.<br data-start=\"947\" data-end=\"950\" \/>\u2705 <strong data-start=\"952\" data-end=\"993\">Arendab motoorikat ja koordinatsiooni<\/strong> \u2013 mullide p\u00fc\u00fcdmine ja j\u00e4litamine ergutab kehalist aktiivsust ja parandab k\u00e4e-silma koordinatsiooni.<br data-start=\"1093\" data-end=\"1096\" \/>\u2705 <strong data-start=\"1098\" data-end=\"1116\">Taaslaetav aku<\/strong> \u2013 pole vajadust patareisid vahetada, sest p\u00fcstolit saab h\u00f5lpsalt laadida kaasasoleva <strong data-start=\"1202\" data-end=\"1218\" data-is-only-node=\"\">USB-kaabliga<\/strong>.<br data-start=\"1219\" data-end=\"1222\" \/>\u2705 <strong data-start=\"1224\" data-end=\"1247\">Ohutu ja vastupidav<\/strong> \u2013 valmistatud kvaliteetsetest ja vastupidavatest materjalidest, mis tagavad pikka m\u00e4ngur\u00f5\u00f5mu.<br data-start=\"1341\" data-end=\"1344\" \/>\u2705 <strong data-start=\"1346\" data-end=\"1375\">Ideaalne igaks s\u00fcndmuseks<\/strong> \u2013 suurep\u00e4rane lisand s\u00fcnnip\u00e4evadele, aiapidudele, suvep\u00e4evadele v\u00f5i lihtsalt l\u00f5busaks m\u00e4nguhetkeks.<\/p>\n<h3 data-start=\"1479\" data-end=\"1504\"><strong data-start=\"1483\" data-end=\"1502\">Komplekti sisu:<\/strong><\/h3>\n<p data-start=\"1505\" data-end=\"1668\">\u2714 <strong data-start=\"1507\" data-end=\"1527\">Seebimullip\u00fcstol<\/strong><br data-start=\"1527\" data-end=\"1530\" \/>\u2714 <strong data-start=\"1532\" data-end=\"1554\">USB-laadimiskaabel<\/strong><br data-start=\"1554\" data-end=\"1557\" \/>\u2714 <strong data-start=\"1559\" data-end=\"1588\">Kauss mullivedeliku jaoks<\/strong><br data-start=\"1588\" data-end=\"1591\" \/>\u2714 <strong data-start=\"1593\" data-end=\"1609\">Mullivedelik<\/strong><br data-start=\"1609\" data-end=\"1612\" data-is-only-node=\"\" \/>\u2714 <strong data-start=\"1614\" data-end=\"1647\">Kontsentreeritud mullivedelik<\/strong><br data-start=\"1647\" data-end=\"1650\" \/>\u2714 <strong data-start=\"1652\" data-end=\"1666\">Laetav aku<\/strong><\/p>\n<h3 data-start=\"1670\" data-end=\"1698\"><strong data-start=\"1674\" data-end=\"1696\">Tehnilised andmed:<\/strong><\/h3>\n<ul data-start=\"1699\" data-end=\"2089\">\n<li data-start=\"1699\" data-end=\"1724\"><strong data-start=\"1701\" data-end=\"1714\">\u2705 Materjal:<\/strong> Plastik<\/li>\n<li data-start=\"1725\" data-end=\"1780\"><strong data-start=\"1727\" data-end=\"1744\">\u2705 Toiteallikas:<\/strong> 3,7 V 500 mAh laetav aku (kaasas)<\/li>\n<li data-start=\"1781\" data-end=\"1823\"><strong data-start=\"1783\" data-end=\"1801\">\u2705 Aku laadimine:<\/strong> USB-kaabel (kaasas)<\/li>\n<li data-start=\"1824\" data-end=\"1852\"><strong data-start=\"1826\" data-end=\"1847\">\u2705 Soovitatav vanus:<\/strong> 3+<\/li>\n<li data-start=\"1853\" data-end=\"1898\"><strong data-start=\"1855\" data-end=\"1874\">\u2705 P\u00fcstoli m\u00f5\u00f5dud:<\/strong> 25 cm x 23 cm x 10 cm<\/li>\n<li data-start=\"1899\" data-end=\"1930\"><strong data-start=\"1901\" data-end=\"1911\">\u2705 Kauss:<\/strong> 11,5 cm x 3,5 cm<\/li>\n<li data-start=\"1931\" data-end=\"1971\"><strong data-start=\"1933\" data-end=\"1953\">\u2705 Vedeliku mahuti:<\/strong> 3,8 cm x 8,1 cm<\/li>\n<li data-start=\"1972\" data-end=\"2004\"><strong data-start=\"1974\" data-end=\"1996\">\u2705 USB-kaabli pikkus:<\/strong> 19 cm<\/li>\n<li data-start=\"2005\" data-end=\"2052\"><strong data-start=\"2007\" data-end=\"2026\">\u2705 Pakendi m\u00f5\u00f5dud:<\/strong> 25,5 cm x 24 cm x 12 cm<\/li>\n<\/ul>\n<h3 data-start=\"2091\" data-end=\"2133\"><strong data-start=\"2095\" data-end=\"2131\">T\u00e4iuslik kingitus igale lapsele!<\/strong><\/h3>\n<p data-start=\"2134\" data-end=\"2388\" data-is-last-node=\"\" data-is-only-node=\"\"><strong data-start=\"2134\" data-end=\"2160\">Seebimullip\u00fcstol Roosa<\/strong> on ideaalne kingitus igale lapsele, kes armastab m\u00e4ngida ja avastada uusi viise, kuidas seebimulle veelgi l\u00f5busamalt teha. <strong data-start=\"2284\" data-end=\"2388\" data-is-last-node=\"\">Tutvu ka meie teiste \u00f5uem\u00e4nguasjadega ja leia rohkem v\u00f5imalusi aktiivseks ja r\u00f5\u00f5msaks ajaveetmiseks!<\/strong><\/p>\n<p data-start=\"2134\" data-end=\"2388\" data-is-last-node=\"\" data-is-only-node=\"\">Tutvu ka meie teiste l\u00f5busate \u00f5uem\u00e4nguasjadega ja leia veel rohkem v\u00f5imalusi aktiivseks m\u00e4nguks! <strong><a href=\"https:\/\/sulin.ee\/tootekategooria\/mangimine\/ouemanguasjad\/\">Leiad siit.<\/a><\/strong><\/p>\n<\/div>\n<\/div>\n<\/div>\n<\/div>\n","protected":false},"excerpt":{"rendered":"<p><strong data-start=\"0\" data-end=\"32\" data-is-only-node=\"\">Seebimullip\u00fcstol Roosa <\/strong>v\u00f5imaldab vaid \u00fche nupuvajutusega luua sadu mullikesi, pakkudes lastele l\u00f5busat ja aktiivset m\u00e4nguelamust. Lihtsasti kasutatav ja taaslaetava akuga p\u00fcstol teeb mullide loomise kiireks ja vaevatuks. <strong data-start=\"231\" data-end=\"293\">Ideaalne suvep\u00e4evadeks, s\u00fcnnip\u00e4evapidudeks ja aiapidudeks!<\/strong><\/p>\n<p><strong>Sobiv vanus:<\/strong> 3+ aastat.<\/p>\n<p><strong>P\u00fcstoli m\u00f5\u00f5dud:<\/strong> 25 x 23 x 10 cm.<\/p>\n","protected":false},"featured_media":38670,"comment_status":"open","ping_status":"closed","template":"","meta":[],"product_brand":[],"product_cat":[110,1162,1165,1133,885,23],"product_tag":[],"class_list":{"0":"post-38672","1":"product","2":"type-product","3":"status-publish","4":"has-post-thumbnail","6":"product_cat-mangimine","7":"product_cat-kingituseks","8":"product_cat-3-5-aastat","9":"product_cat-vannimanguasjad","10":"product_cat-ouemanguasjad","11":"product_cat-soodus","12":"has-post-title","13":"has-post-date","14":"has-post-category","15":"has-post-tag","16":"has-post-comment","17":"has-post-author","18":"","20":"first","21":"instock","22":"sale","23":"taxable","24":"shipping-taxable","25":"purchasable","26":"product-type-simple"},"yoast_head":"<!-- This site is optimized with the Yoast SEO plugin v26.8 - https:\/\/yoast.com\/product\/yoast-seo-wordpress\/ -->\n<title>Seebimullip\u00fcstol Roosa - sulin.ee<\/title>\n<meta name=\"description\" content=\"Seebimullip\u00fcstol Roosa on taaslaetava akuga l\u00f5bus ja lihtsasti kasutatav m\u00e4nguasi, mis loob \u00fche nupuvajutusega sadu seebimulle.\" \/>\n<meta name=\"robots\" content=\"index, follow, max-snippet:-1, max-image-preview:large, max-video-preview:-1\" \/>\n<link rel=\"canonical\" href=\"https:\/\/sulin.ee\/en\/toode\/seebimullipustol-roosa\/\" \/>\n<meta property=\"og:locale\" content=\"en_US\" \/>\n<meta property=\"og:type\" content=\"article\" \/>\n<meta property=\"og:title\" content=\"Seebimullip\u00fcstol Roosa - sulin.ee\" \/>\n<meta property=\"og:description\" content=\"Seebimullip\u00fcstol Roosa on taaslaetava akuga l\u00f5bus ja lihtsasti kasutatav m\u00e4nguasi, mis loob \u00fche nupuvajutusega sadu seebimulle.\" \/>\n<meta property=\"og:url\" content=\"https:\/\/sulin.ee\/en\/toode\/seebimullipustol-roosa\/\" \/>\n<meta property=\"og:site_name\" content=\"sulin.ee\" \/>\n<meta property=\"article:publisher\" content=\"https:\/\/www.facebook.com\/www.sulin.ee\/\" \/>\n<meta property=\"article:modified_time\" content=\"2025-03-05T17:12:07+00:00\" \/>\n<meta property=\"og:image\" content=\"https:\/\/sulin.ee\/wp-content\/uploads\/2025\/02\/Pistolet-maszyna-do-baniek-mydlanych-banki-mydlane-swiatla-rozowy-133614.jpg\" \/>\n\t<meta property=\"og:image:width\" content=\"700\" \/>\n\t<meta property=\"og:image:height\" content=\"700\" \/>\n\t<meta property=\"og:image:type\" content=\"image\/jpeg\" \/>\n<meta name=\"twitter:card\" content=\"summary_large_image\" \/>\n<meta name=\"twitter:label1\" content=\"Est. reading time\" \/>\n\t<meta name=\"twitter:data1\" content=\"2 minutes\" \/>\n<script type=\"application\/ld+json\" class=\"yoast-schema-graph\">{\"@context\":\"https:\/\/schema.org\",\"@graph\":[{\"@type\":\"WebPage\",\"@id\":\"https:\/\/sulin.ee\/en\/toode\/seebimullipustol-roosa\/\",\"url\":\"https:\/\/sulin.ee\/en\/toode\/seebimullipustol-roosa\/\",\"name\":\"Seebimullip\u00fcstol Roosa - sulin.ee\",\"isPartOf\":{\"@id\":\"https:\/\/sulin.ee\/en\/#website\"},\"primaryImageOfPage\":{\"@id\":\"https:\/\/sulin.ee\/en\/toode\/seebimullipustol-roosa\/#primaryimage\"},\"image\":{\"@id\":\"https:\/\/sulin.ee\/en\/toode\/seebimullipustol-roosa\/#primaryimage\"},\"thumbnailUrl\":\"https:\/\/sulin.ee\/wp-content\/uploads\/2025\/02\/Pistolet-maszyna-do-baniek-mydlanych-banki-mydlane-swiatla-rozowy-133614.jpg\",\"datePublished\":\"2025-03-03T12:42:50+00:00\",\"dateModified\":\"2025-03-05T17:12:07+00:00\",\"description\":\"Seebimullip\u00fcstol Roosa on taaslaetava akuga l\u00f5bus ja lihtsasti kasutatav m\u00e4nguasi, mis loob \u00fche nupuvajutusega sadu seebimulle.\",\"breadcrumb\":{\"@id\":\"https:\/\/sulin.ee\/en\/toode\/seebimullipustol-roosa\/#breadcrumb\"},\"inLanguage\":\"en-US\",\"potentialAction\":[{\"@type\":\"ReadAction\",\"target\":[\"https:\/\/sulin.ee\/en\/toode\/seebimullipustol-roosa\/\"]}]},{\"@type\":\"ImageObject\",\"inLanguage\":\"en-US\",\"@id\":\"https:\/\/sulin.ee\/en\/toode\/seebimullipustol-roosa\/#primaryimage\",\"url\":\"https:\/\/sulin.ee\/wp-content\/uploads\/2025\/02\/Pistolet-maszyna-do-baniek-mydlanych-banki-mydlane-swiatla-rozowy-133614.jpg\",\"contentUrl\":\"https:\/\/sulin.ee\/wp-content\/uploads\/2025\/02\/Pistolet-maszyna-do-baniek-mydlanych-banki-mydlane-swiatla-rozowy-133614.jpg\",\"width\":700,\"height\":700,\"caption\":\"Seebimullip\u00fcstol Roosa\"},{\"@type\":\"BreadcrumbList\",\"@id\":\"https:\/\/sulin.ee\/en\/toode\/seebimullipustol-roosa\/#breadcrumb\",\"itemListElement\":[{\"@type\":\"ListItem\",\"position\":1,\"name\":\"Home\",\"item\":\"https:\/\/sulin.ee\/en\/\"},{\"@type\":\"ListItem\",\"position\":2,\"name\":\"Sulin.ee e-pood\",\"item\":\"https:\/\/sulin.ee\/shop\/\"},{\"@type\":\"ListItem\",\"position\":3,\"name\":\"Seebimullip\u00fcstol Roosa\"}]},{\"@type\":\"WebSite\",\"@id\":\"https:\/\/sulin.ee\/en\/#website\",\"url\":\"https:\/\/sulin.ee\/en\/\",\"name\":\"sulin.ee\",\"description\":\"\",\"publisher\":{\"@id\":\"https:\/\/sulin.ee\/en\/#organization\"},\"potentialAction\":[{\"@type\":\"SearchAction\",\"target\":{\"@type\":\"EntryPoint\",\"urlTemplate\":\"https:\/\/sulin.ee\/en\/?s={search_term_string}\"},\"query-input\":{\"@type\":\"PropertyValueSpecification\",\"valueRequired\":true,\"valueName\":\"search_term_string\"}}],\"inLanguage\":\"en-US\"},{\"@type\":\"Organization\",\"@id\":\"https:\/\/sulin.ee\/en\/#organization\",\"name\":\"SULIN TRADE O\u00dc\",\"url\":\"https:\/\/sulin.ee\/en\/\",\"logo\":{\"@type\":\"ImageObject\",\"inLanguage\":\"en-US\",\"@id\":\"https:\/\/sulin.ee\/en\/#\/schema\/logo\/image\/\",\"url\":\"https:\/\/sulin.ee\/wp-content\/uploads\/2022\/11\/sulin-logo.png\",\"contentUrl\":\"https:\/\/sulin.ee\/wp-content\/uploads\/2022\/11\/sulin-logo.png\",\"width\":871,\"height\":321,\"caption\":\"SULIN TRADE O\u00dc\"},\"image\":{\"@id\":\"https:\/\/sulin.ee\/en\/#\/schema\/logo\/image\/\"},\"sameAs\":[\"https:\/\/www.facebook.com\/www.sulin.ee\/\",\"https:\/\/www.instagram.com\/sulintrade\/\"]}]}<\/script>\n<!-- \/ Yoast SEO plugin. -->","yoast_head_json":{"title":"Seebimullip\u00fcstol Roosa - sulin.ee","description":"Seebimullip\u00fcstol Roosa on taaslaetava akuga l\u00f5bus ja lihtsasti kasutatav m\u00e4nguasi, mis loob \u00fche nupuvajutusega sadu seebimulle.","robots":{"index":"index","follow":"follow","max-snippet":"max-snippet:-1","max-image-preview":"max-image-preview:large","max-video-preview":"max-video-preview:-1"},"canonical":"https:\/\/sulin.ee\/en\/toode\/seebimullipustol-roosa\/","og_locale":"en_US","og_type":"article","og_title":"Seebimullip\u00fcstol Roosa - sulin.ee","og_description":"Seebimullip\u00fcstol Roosa on taaslaetava akuga l\u00f5bus ja lihtsasti kasutatav m\u00e4nguasi, mis loob \u00fche nupuvajutusega sadu seebimulle.","og_url":"https:\/\/sulin.ee\/en\/toode\/seebimullipustol-roosa\/","og_site_name":"sulin.ee","article_publisher":"https:\/\/www.facebook.com\/www.sulin.ee\/","article_modified_time":"2025-03-05T17:12:07+00:00","og_image":[{"width":700,"height":700,"url":"https:\/\/sulin.ee\/wp-content\/uploads\/2025\/02\/Pistolet-maszyna-do-baniek-mydlanych-banki-mydlane-swiatla-rozowy-133614.jpg","type":"image\/jpeg"}],"twitter_card":"summary_large_image","twitter_misc":{"Est. reading time":"2 minutes"},"schema":{"@context":"https:\/\/schema.org","@graph":[{"@type":"WebPage","@id":"https:\/\/sulin.ee\/en\/toode\/seebimullipustol-roosa\/","url":"https:\/\/sulin.ee\/en\/toode\/seebimullipustol-roosa\/","name":"Seebimullip\u00fcstol Roosa - sulin.ee","isPartOf":{"@id":"https:\/\/sulin.ee\/en\/#website"},"primaryImageOfPage":{"@id":"https:\/\/sulin.ee\/en\/toode\/seebimullipustol-roosa\/#primaryimage"},"image":{"@id":"https:\/\/sulin.ee\/en\/toode\/seebimullipustol-roosa\/#primaryimage"},"thumbnailUrl":"https:\/\/sulin.ee\/wp-content\/uploads\/2025\/02\/Pistolet-maszyna-do-baniek-mydlanych-banki-mydlane-swiatla-rozowy-133614.jpg","datePublished":"2025-03-03T12:42:50+00:00","dateModified":"2025-03-05T17:12:07+00:00","description":"Seebimullip\u00fcstol Roosa on taaslaetava akuga l\u00f5bus ja lihtsasti kasutatav m\u00e4nguasi, mis loob \u00fche nupuvajutusega sadu seebimulle.","breadcrumb":{"@id":"https:\/\/sulin.ee\/en\/toode\/seebimullipustol-roosa\/#breadcrumb"},"inLanguage":"en-US","potentialAction":[{"@type":"ReadAction","target":["https:\/\/sulin.ee\/en\/toode\/seebimullipustol-roosa\/"]}]},{"@type":"ImageObject","inLanguage":"en-US","@id":"https:\/\/sulin.ee\/en\/toode\/seebimullipustol-roosa\/#primaryimage","url":"https:\/\/sulin.ee\/wp-content\/uploads\/2025\/02\/Pistolet-maszyna-do-baniek-mydlanych-banki-mydlane-swiatla-rozowy-133614.jpg","contentUrl":"https:\/\/sulin.ee\/wp-content\/uploads\/2025\/02\/Pistolet-maszyna-do-baniek-mydlanych-banki-mydlane-swiatla-rozowy-133614.jpg","width":700,"height":700,"caption":"Seebimullip\u00fcstol Roosa"},{"@type":"BreadcrumbList","@id":"https:\/\/sulin.ee\/en\/toode\/seebimullipustol-roosa\/#breadcrumb","itemListElement":[{"@type":"ListItem","position":1,"name":"Home","item":"https:\/\/sulin.ee\/en\/"},{"@type":"ListItem","position":2,"name":"Sulin.ee e-pood","item":"https:\/\/sulin.ee\/shop\/"},{"@type":"ListItem","position":3,"name":"Seebimullip\u00fcstol Roosa"}]},{"@type":"WebSite","@id":"https:\/\/sulin.ee\/en\/#website","url":"https:\/\/sulin.ee\/en\/","name":"sulin.ee","description":"","publisher":{"@id":"https:\/\/sulin.ee\/en\/#organization"},"potentialAction":[{"@type":"SearchAction","target":{"@type":"EntryPoint","urlTemplate":"https:\/\/sulin.ee\/en\/?s={search_term_string}"},"query-input":{"@type":"PropertyValueSpecification","valueRequired":true,"valueName":"search_term_string"}}],"inLanguage":"en-US"},{"@type":"Organization","@id":"https:\/\/sulin.ee\/en\/#organization","name":"SULIN TRADE O\u00dc","url":"https:\/\/sulin.ee\/en\/","logo":{"@type":"ImageObject","inLanguage":"en-US","@id":"https:\/\/sulin.ee\/en\/#\/schema\/logo\/image\/","url":"https:\/\/sulin.ee\/wp-content\/uploads\/2022\/11\/sulin-logo.png","contentUrl":"https:\/\/sulin.ee\/wp-content\/uploads\/2022\/11\/sulin-logo.png","width":871,"height":321,"caption":"SULIN TRADE O\u00dc"},"image":{"@id":"https:\/\/sulin.ee\/en\/#\/schema\/logo\/image\/"},"sameAs":["https:\/\/www.facebook.com\/www.sulin.ee\/","https:\/\/www.instagram.com\/sulintrade\/"]}]}},"builder_content":"","_links":{"self":[{"href":"https:\/\/sulin.ee\/en\/wp-json\/wp\/v2\/product\/38672","targetHints":{"allow":["GET"]}}],"collection":[{"href":"https:\/\/sulin.ee\/en\/wp-json\/wp\/v2\/product"}],"about":[{"href":"https:\/\/sulin.ee\/en\/wp-json\/wp\/v2\/types\/product"}],"replies":[{"embeddable":true,"href":"https:\/\/sulin.ee\/en\/wp-json\/wp\/v2\/comments?post=38672"}],"wp:featuredmedia":[{"embeddable":true,"href":"https:\/\/sulin.ee\/en\/wp-json\/wp\/v2\/media\/38670"}],"wp:attachment":[{"href":"https:\/\/sulin.ee\/en\/wp-json\/wp\/v2\/media?parent=38672"}],"wp:term":[{"taxonomy":"product_brand","embeddable":true,"href":"https:\/\/sulin.ee\/en\/wp-json\/wp\/v2\/product_brand?post=38672"},{"taxonomy":"product_cat","embeddable":true,"href":"https:\/\/sulin.ee\/en\/wp-json\/wp\/v2\/product_cat?post=38672"},{"taxonomy":"product_tag","embeddable":true,"href":"https:\/\/sulin.ee\/en\/wp-json\/wp\/v2\/product_tag?post=38672"}],"curies":[{"name":"wp","href":"https:\/\/api.w.org\/{rel}","templated":true}]}}