{"id":38645,"date":"2025-03-03T12:42:42","date_gmt":"2025-03-03T12:42:42","guid":{"rendered":"https:\/\/sulin.ee\/toode\/seebimull-masinapustol-helekollane\/"},"modified":"2025-04-14T14:30:07","modified_gmt":"2025-04-14T14:30:07","slug":"seebimullipustol-helekollane","status":"publish","type":"product","link":"https:\/\/sulin.ee\/en\/toode\/seebimullipustol-helekollane\/","title":{"rendered":"Seebimullip\u00fcstol Helekollane"},"content":{"rendered":"<p style=\"margin: 0.67em 0cm 12pt;\"><strong data-start=\"4\" data-end=\"84\">Seebimullip\u00fcstol Helekollane \u2013 l\u00f5bus ja vaevatu viis seebimullide loomiseks!<\/strong><\/p>\n<div class=\"flex-1 grow overflow-hidden @container\/thread\">\n<div class=\"relative h-full\">\n<div class=\"flex h-full flex-col overflow-y-auto [scrollbar-gutter:stable]\">\n<div class=\"flex flex-col text-sm md:pb-9\">\n<article class=\"w-full text-token-text-primary focus-visible:outline-2 focus-visible:outline-offset-[-4px]\" dir=\"auto\" data-testid=\"conversation-turn-119\" data-scroll-anchor=\"true\">\n<div class=\"m-auto text-base py-[18px] px-6\">\n<div class=\"mx-auto flex flex-1 text-base gap-4 md:gap-5 lg:gap-6 md:max-w-3xl lg:max-w-[40rem] xl:max-w-[48rem]\">\n<div class=\"group\/conversation-turn relative flex w-full min-w-0 flex-col agent-turn @xs\/thread:px-0 @sm\/thread:px-1.5 @md\/thread:px-4\">\n<div class=\"flex-col gap-1 md:gap-3\">\n<div class=\"flex max-w-full flex-col flex-grow\">\n<div class=\"min-h-8 text-message relative flex w-full flex-col items-end gap-2 whitespace-normal break-words text-start [.text-message+&amp;]:mt-5\" dir=\"auto\" data-message-author-role=\"assistant\" data-message-id=\"9e168fbc-f48c-4273-8d9e-3d2b46449d0a\" data-message-model-slug=\"gpt-4o\">\n<div class=\"flex w-full flex-col gap-1 empty:hidden first:pt-[3px]\">\n<div class=\"markdown prose w-full break-words dark:prose-invert light\">\n<p data-start=\"88\" data-end=\"470\"><strong data-start=\"88\" data-end=\"152\">Seebimullid toovad r\u00f5\u00f5mu nii lastele kui ka t\u00e4iskasvanutele!<\/strong> V\u00e4rvilised ja kergelt h\u00f5ljuvad mullid muudavad igasuguse m\u00e4ngu l\u00f5busamaks, kuid k\u00e4sitsi puhumine v\u00f5ib kiiresti v\u00e4sitavaks muutuda. <strong data-start=\"284\" data-end=\"316\">Helekollane seebimullip\u00fcstol<\/strong> on ideaalne lahendus \u2013 see v\u00f5imaldab vaid \u00fche nupuvajutusega luua korraga sadu seebimulle, pakkudes lastele ja kogu perele tundide kaupa meelelahutust!<\/p>\n<h3 data-start=\"472\" data-end=\"508\"><strong data-start=\"476\" data-end=\"506\">Lihtne ja mugav kasutamine<\/strong><\/h3>\n<p data-start=\"509\" data-end=\"883\"><strong data-start=\"509\" data-end=\"577\">Unusta t\u00fc\u00fctu puhumine \u2013 see mullip\u00fcstol teeb t\u00f6\u00f6 sinu eest \u00e4ra!<\/strong> Seebimullip\u00fcstol on <strong data-start=\"598\" data-end=\"621\">lihtsasti kasutatav<\/strong> ja v\u00f5imaldab kiiresti t\u00e4ita \u00f5hu mullidega:<br data-start=\"664\" data-end=\"667\" \/>1\ufe0f\u20e3 Vala komplektis olev mullivedelik kaussi.<br data-start=\"712\" data-end=\"715\" \/>2\ufe0f\u20e3 Kasta p\u00fcstoli pea vedelikku, nii et augud kaetakse.<br data-start=\"770\" data-end=\"773\" \/>3\ufe0f\u20e3 Suuna p\u00fcstol soovitud suunas ja vajuta p\u00e4\u00e4stikule.<br data-start=\"827\" data-end=\"830\" \/>4\ufe0f\u20e3 Naudi k\u00fcmneid ja k\u00fcmneid lendlevaid seebimulle!<\/p>\n<h3 data-start=\"885\" data-end=\"927\"><strong data-start=\"889\" data-end=\"925\">L\u00f5bus ja arendav tegevus lastele<\/strong><\/h3>\n<p data-start=\"928\" data-end=\"1282\">\u2705 <strong data-start=\"930\" data-end=\"969\">Motiveerib lapsi aktiivselt liikuma<\/strong> \u2013 mullide p\u00fc\u00fcdmine ja nende l\u00f5hkumine julgustab f\u00fc\u00fcsilist m\u00e4ngu ja liikumist.<br data-start=\"1047\" data-end=\"1050\" \/>\u2705 <strong data-start=\"1052\" data-end=\"1078\">Arendab k\u00e4elisi oskusi<\/strong> \u2013 p\u00fcstoli kasutamine aitab lastel parandada peenmotoorikat ja silma-k\u00e4e koordinatsiooni.<br data-start=\"1167\" data-end=\"1170\" \/>\u2705 <strong data-start=\"1172\" data-end=\"1217\">Suurep\u00e4rane nii sise- kui ka \u00f5uem\u00e4ngudeks<\/strong> \u2013 ideaalne suvep\u00e4evadeks, s\u00fcnnip\u00e4evapidudeks ja m\u00e4ngu\u00f5htuteks.<\/p>\n<h3 data-start=\"1284\" data-end=\"1324\"><strong data-start=\"1288\" data-end=\"1322\">Vastupidav ja turvaline disain<\/strong><\/h3>\n<p data-start=\"1325\" data-end=\"1517\">Mullip\u00fcstol on valmistatud <strong data-start=\"1352\" data-end=\"1404\">kvaliteetsetest ja vastupidavatest materjalidest<\/strong>, et tagada pikk kasutusiga. <strong data-start=\"1433\" data-end=\"1466\">Ohutu ja kerge konstruktsioon<\/strong> muudab selle ideaalseks ka v\u00e4iksematele lastele.<\/p>\n<h3 data-start=\"1519\" data-end=\"1560\"><strong data-start=\"1523\" data-end=\"1558\">Taaslaetav aku ja USB laadimine<\/strong><\/h3>\n<p data-start=\"1561\" data-end=\"1740\">Patareide vahetamine pole enam probleem! <strong data-start=\"1602\" data-end=\"1632\">Komplektis olev laetav aku<\/strong> ja USB-kaabel v\u00f5imaldavad p\u00fcstolit korduvalt laadida, tagades tundide kaupa m\u00e4ngur\u00f5\u00f5mu ilma lisakuludeta.<\/p>\n<h3 data-start=\"1742\" data-end=\"1767\"><strong data-start=\"1746\" data-end=\"1765\">Komplekti sisu:<\/strong><\/h3>\n<p data-start=\"1768\" data-end=\"1931\">\u2714 <strong data-start=\"1770\" data-end=\"1790\">Seebimullip\u00fcstol<\/strong><br data-start=\"1790\" data-end=\"1793\" \/>\u2714 <strong data-start=\"1795\" data-end=\"1817\">USB-laadimiskaabel<\/strong><br data-start=\"1817\" data-end=\"1820\" \/>\u2714 <strong data-start=\"1822\" data-end=\"1851\">Kauss mullivedeliku jaoks<\/strong><br data-start=\"1851\" data-end=\"1854\" \/>\u2714 <strong data-start=\"1856\" data-end=\"1872\">Mullivedelik<\/strong><br data-start=\"1872\" data-end=\"1875\" \/>\u2714 <strong data-start=\"1877\" data-end=\"1910\">Kontsentreeritud mullivedelik<\/strong><br data-start=\"1910\" data-end=\"1913\" \/>\u2714 <strong data-start=\"1915\" data-end=\"1929\">Laetav aku<\/strong><\/p>\n<h3 data-start=\"1933\" data-end=\"1961\"><strong data-start=\"1937\" data-end=\"1959\">Tehnilised andmed:<\/strong><\/h3>\n<ul data-start=\"1962\" data-end=\"2352\">\n<li data-start=\"1962\" data-end=\"1987\"><strong data-start=\"1964\" data-end=\"1977\">\u2705 Materjal:<\/strong> Plastik<\/li>\n<li data-start=\"1988\" data-end=\"2043\"><strong data-start=\"1990\" data-end=\"2007\">\u2705 Toiteallikas:<\/strong> 3,7 V 500 mAh laetav aku (kaasas)<\/li>\n<li data-start=\"2044\" data-end=\"2086\"><strong data-start=\"2046\" data-end=\"2064\">\u2705 Aku laadimine:<\/strong> USB-kaabel (kaasas)<\/li>\n<li data-start=\"2087\" data-end=\"2115\"><strong data-start=\"2089\" data-end=\"2110\">\u2705 Soovitatav vanus:<\/strong> 3+<\/li>\n<li data-start=\"2116\" data-end=\"2161\"><strong data-start=\"2118\" data-end=\"2137\">\u2705 P\u00fcstoli m\u00f5\u00f5dud:<\/strong> 25 cm x 23 cm x 10 cm<\/li>\n<li data-start=\"2162\" data-end=\"2193\"><strong data-start=\"2164\" data-end=\"2174\">\u2705 Kauss:<\/strong> 11,5 cm x 3,5 cm<\/li>\n<li data-start=\"2194\" data-end=\"2234\"><strong data-start=\"2196\" data-end=\"2216\">\u2705 Vedeliku mahuti:<\/strong> 3,8 cm x 8,1 cm<\/li>\n<li data-start=\"2235\" data-end=\"2267\"><strong data-start=\"2237\" data-end=\"2259\">\u2705 USB-kaabli pikkus:<\/strong> 19 cm<\/li>\n<li data-start=\"2268\" data-end=\"2315\"><strong data-start=\"2270\" data-end=\"2289\">\u2705 Pakendi m\u00f5\u00f5dud:<\/strong> 25,5 cm x 24 cm x 12 cm<\/li>\n<\/ul>\n<h3 data-start=\"2354\" data-end=\"2396\"><strong data-start=\"2358\" data-end=\"2394\">T\u00e4iuslik kingitus igale lapsele!<\/strong><\/h3>\n<p data-start=\"2397\" data-end=\"2635\" data-is-last-node=\"\" data-is-only-node=\"\"><strong data-start=\"2397\" data-end=\"2429\">Seebimullip\u00fcstol Helekollane<\/strong> on suurep\u00e4rane kingitus, mis muudab iga m\u00e4ngu veelgi l\u00f5busamaks. Ideaalne <strong data-start=\"2504\" data-end=\"2567\">suvep\u00e4evadeks, aiapidudeks, s\u00fcnnip\u00e4evadeks ja perem\u00e4ngudeks<\/strong>! <strong data-start=\"2569\" data-end=\"2635\" data-is-last-node=\"\">Telli juba t\u00e4na ja muuda m\u00e4nguaeg maagiliseks seebimullipeoks!<\/strong><\/p>\n<p data-start=\"2397\" data-end=\"2635\" data-is-last-node=\"\" data-is-only-node=\"\">Tutvu ka meie teiste l\u00f5busate \u00f5uem\u00e4nguasjadega ja leia veel rohkem v\u00f5imalusi aktiivseks m\u00e4nguks! <strong><a href=\"https:\/\/sulin.ee\/tootekategooria\/mangimine\/ouemanguasjad\/\">Leiad siit.<\/a><\/strong><\/p>\n<\/div>\n<\/div>\n<\/div>\n<\/div>\n<\/div>\n<\/div>\n<\/div>\n<\/div>\n<\/article>\n<\/div>\n<\/div>\n<\/div>\n<\/div>\n","protected":false},"excerpt":{"rendered":"<p><strong data-start=\"0\" data-end=\"32\" data-is-only-node=\"\">Seebimullip\u00fcstol Helekollane<\/strong> v\u00f5imaldab vaid \u00fche nupuvajutusega luua sadu mullikesi, pakkudes lastele l\u00f5busat ja aktiivset m\u00e4nguelamust. Lihtsasti kasutatav ja taaslaetava akuga p\u00fcstol teeb mullide loomise kiireks ja vaevatuks. <strong data-start=\"231\" data-end=\"293\">Ideaalne suvep\u00e4evadeks, s\u00fcnnip\u00e4evapidudeks ja aiapidudeks!<\/strong><\/p>\n<p><strong>Vanus:<\/strong> 3+ aastat.<\/p>\n<p><strong>P\u00fcstoli m\u00f5\u00f5dud:<\/strong> 25 x 23 x 10 cm.<\/p>\n","protected":false},"featured_media":38643,"comment_status":"open","ping_status":"closed","template":"","meta":[],"product_brand":[],"product_cat":[110,1162,1165,1133,885,23],"product_tag":[],"class_list":{"0":"post-38645","1":"product","2":"type-product","3":"status-publish","4":"has-post-thumbnail","6":"product_cat-mangimine","7":"product_cat-kingituseks","8":"product_cat-3-5-aastat","9":"product_cat-vannimanguasjad","10":"product_cat-ouemanguasjad","11":"product_cat-soodus","12":"has-post-title","13":"has-post-date","14":"has-post-category","15":"has-post-tag","16":"has-post-comment","17":"has-post-author","18":"","20":"first","21":"instock","22":"sale","23":"taxable","24":"shipping-taxable","25":"purchasable","26":"product-type-simple"},"yoast_head":"<!-- This site is optimized with the Yoast SEO plugin v26.8 - https:\/\/yoast.com\/product\/yoast-seo-wordpress\/ -->\n<title>Seebimullip\u00fcstol Helekollane - sulin.ee<\/title>\n<meta name=\"description\" content=\"Seebimullip\u00fcstol Helekollane on taaslaetava akuga l\u00f5bus ja lihtsasti kasutatav m\u00e4nguasi, mis loob \u00fche nupuvajutusega sadu seebimulle.\" \/>\n<meta name=\"robots\" content=\"index, follow, max-snippet:-1, max-image-preview:large, max-video-preview:-1\" \/>\n<link rel=\"canonical\" href=\"https:\/\/sulin.ee\/en\/toode\/seebimullipustol-helekollane\/\" \/>\n<meta property=\"og:locale\" content=\"en_US\" \/>\n<meta property=\"og:type\" content=\"article\" \/>\n<meta property=\"og:title\" content=\"Seebimullip\u00fcstol Helekollane - sulin.ee\" \/>\n<meta property=\"og:description\" content=\"Seebimullip\u00fcstol Helekollane on taaslaetava akuga l\u00f5bus ja lihtsasti kasutatav m\u00e4nguasi, mis loob \u00fche nupuvajutusega sadu seebimulle.\" \/>\n<meta property=\"og:url\" content=\"https:\/\/sulin.ee\/en\/toode\/seebimullipustol-helekollane\/\" \/>\n<meta property=\"og:site_name\" content=\"sulin.ee\" \/>\n<meta property=\"article:publisher\" content=\"https:\/\/www.facebook.com\/www.sulin.ee\/\" \/>\n<meta property=\"article:modified_time\" content=\"2025-04-14T14:30:07+00:00\" \/>\n<meta property=\"og:image\" content=\"https:\/\/sulin.ee\/wp-content\/uploads\/2025\/02\/Pistolet-maszyna-do-baniek-mydlanych-banki-mydlane-swiatla-zolty-133628.jpg\" \/>\n\t<meta property=\"og:image:width\" content=\"650\" \/>\n\t<meta property=\"og:image:height\" content=\"650\" \/>\n\t<meta property=\"og:image:type\" content=\"image\/jpeg\" \/>\n<meta name=\"twitter:card\" content=\"summary_large_image\" \/>\n<meta name=\"twitter:label1\" content=\"Est. reading time\" \/>\n\t<meta name=\"twitter:data1\" content=\"3 minutes\" \/>\n<script type=\"application\/ld+json\" class=\"yoast-schema-graph\">{\"@context\":\"https:\/\/schema.org\",\"@graph\":[{\"@type\":\"WebPage\",\"@id\":\"https:\/\/sulin.ee\/en\/toode\/seebimullipustol-helekollane\/\",\"url\":\"https:\/\/sulin.ee\/en\/toode\/seebimullipustol-helekollane\/\",\"name\":\"Seebimullip\u00fcstol Helekollane - sulin.ee\",\"isPartOf\":{\"@id\":\"https:\/\/sulin.ee\/en\/#website\"},\"primaryImageOfPage\":{\"@id\":\"https:\/\/sulin.ee\/en\/toode\/seebimullipustol-helekollane\/#primaryimage\"},\"image\":{\"@id\":\"https:\/\/sulin.ee\/en\/toode\/seebimullipustol-helekollane\/#primaryimage\"},\"thumbnailUrl\":\"https:\/\/sulin.ee\/wp-content\/uploads\/2025\/02\/Pistolet-maszyna-do-baniek-mydlanych-banki-mydlane-swiatla-zolty-133628.jpg\",\"datePublished\":\"2025-03-03T12:42:42+00:00\",\"dateModified\":\"2025-04-14T14:30:07+00:00\",\"description\":\"Seebimullip\u00fcstol Helekollane on taaslaetava akuga l\u00f5bus ja lihtsasti kasutatav m\u00e4nguasi, mis loob \u00fche nupuvajutusega sadu seebimulle.\",\"breadcrumb\":{\"@id\":\"https:\/\/sulin.ee\/en\/toode\/seebimullipustol-helekollane\/#breadcrumb\"},\"inLanguage\":\"en-US\",\"potentialAction\":[{\"@type\":\"ReadAction\",\"target\":[\"https:\/\/sulin.ee\/en\/toode\/seebimullipustol-helekollane\/\"]}]},{\"@type\":\"ImageObject\",\"inLanguage\":\"en-US\",\"@id\":\"https:\/\/sulin.ee\/en\/toode\/seebimullipustol-helekollane\/#primaryimage\",\"url\":\"https:\/\/sulin.ee\/wp-content\/uploads\/2025\/02\/Pistolet-maszyna-do-baniek-mydlanych-banki-mydlane-swiatla-zolty-133628.jpg\",\"contentUrl\":\"https:\/\/sulin.ee\/wp-content\/uploads\/2025\/02\/Pistolet-maszyna-do-baniek-mydlanych-banki-mydlane-swiatla-zolty-133628.jpg\",\"width\":650,\"height\":650,\"caption\":\"Seebimullip\u00fcstol Helekollane\"},{\"@type\":\"BreadcrumbList\",\"@id\":\"https:\/\/sulin.ee\/en\/toode\/seebimullipustol-helekollane\/#breadcrumb\",\"itemListElement\":[{\"@type\":\"ListItem\",\"position\":1,\"name\":\"Home\",\"item\":\"https:\/\/sulin.ee\/en\/\"},{\"@type\":\"ListItem\",\"position\":2,\"name\":\"Sulin.ee e-pood\",\"item\":\"https:\/\/sulin.ee\/shop\/\"},{\"@type\":\"ListItem\",\"position\":3,\"name\":\"Seebimullip\u00fcstol Helekollane\"}]},{\"@type\":\"WebSite\",\"@id\":\"https:\/\/sulin.ee\/en\/#website\",\"url\":\"https:\/\/sulin.ee\/en\/\",\"name\":\"sulin.ee\",\"description\":\"\",\"publisher\":{\"@id\":\"https:\/\/sulin.ee\/en\/#organization\"},\"potentialAction\":[{\"@type\":\"SearchAction\",\"target\":{\"@type\":\"EntryPoint\",\"urlTemplate\":\"https:\/\/sulin.ee\/en\/?s={search_term_string}\"},\"query-input\":{\"@type\":\"PropertyValueSpecification\",\"valueRequired\":true,\"valueName\":\"search_term_string\"}}],\"inLanguage\":\"en-US\"},{\"@type\":\"Organization\",\"@id\":\"https:\/\/sulin.ee\/en\/#organization\",\"name\":\"SULIN TRADE O\u00dc\",\"url\":\"https:\/\/sulin.ee\/en\/\",\"logo\":{\"@type\":\"ImageObject\",\"inLanguage\":\"en-US\",\"@id\":\"https:\/\/sulin.ee\/en\/#\/schema\/logo\/image\/\",\"url\":\"https:\/\/sulin.ee\/wp-content\/uploads\/2022\/11\/sulin-logo.png\",\"contentUrl\":\"https:\/\/sulin.ee\/wp-content\/uploads\/2022\/11\/sulin-logo.png\",\"width\":871,\"height\":321,\"caption\":\"SULIN TRADE O\u00dc\"},\"image\":{\"@id\":\"https:\/\/sulin.ee\/en\/#\/schema\/logo\/image\/\"},\"sameAs\":[\"https:\/\/www.facebook.com\/www.sulin.ee\/\",\"https:\/\/www.instagram.com\/sulintrade\/\"]}]}<\/script>\n<!-- \/ Yoast SEO plugin. -->","yoast_head_json":{"title":"Seebimullip\u00fcstol Helekollane - sulin.ee","description":"Seebimullip\u00fcstol Helekollane on taaslaetava akuga l\u00f5bus ja lihtsasti kasutatav m\u00e4nguasi, mis loob \u00fche nupuvajutusega sadu seebimulle.","robots":{"index":"index","follow":"follow","max-snippet":"max-snippet:-1","max-image-preview":"max-image-preview:large","max-video-preview":"max-video-preview:-1"},"canonical":"https:\/\/sulin.ee\/en\/toode\/seebimullipustol-helekollane\/","og_locale":"en_US","og_type":"article","og_title":"Seebimullip\u00fcstol Helekollane - sulin.ee","og_description":"Seebimullip\u00fcstol Helekollane on taaslaetava akuga l\u00f5bus ja lihtsasti kasutatav m\u00e4nguasi, mis loob \u00fche nupuvajutusega sadu seebimulle.","og_url":"https:\/\/sulin.ee\/en\/toode\/seebimullipustol-helekollane\/","og_site_name":"sulin.ee","article_publisher":"https:\/\/www.facebook.com\/www.sulin.ee\/","article_modified_time":"2025-04-14T14:30:07+00:00","og_image":[{"width":650,"height":650,"url":"https:\/\/sulin.ee\/wp-content\/uploads\/2025\/02\/Pistolet-maszyna-do-baniek-mydlanych-banki-mydlane-swiatla-zolty-133628.jpg","type":"image\/jpeg"}],"twitter_card":"summary_large_image","twitter_misc":{"Est. reading time":"3 minutes"},"schema":{"@context":"https:\/\/schema.org","@graph":[{"@type":"WebPage","@id":"https:\/\/sulin.ee\/en\/toode\/seebimullipustol-helekollane\/","url":"https:\/\/sulin.ee\/en\/toode\/seebimullipustol-helekollane\/","name":"Seebimullip\u00fcstol Helekollane - sulin.ee","isPartOf":{"@id":"https:\/\/sulin.ee\/en\/#website"},"primaryImageOfPage":{"@id":"https:\/\/sulin.ee\/en\/toode\/seebimullipustol-helekollane\/#primaryimage"},"image":{"@id":"https:\/\/sulin.ee\/en\/toode\/seebimullipustol-helekollane\/#primaryimage"},"thumbnailUrl":"https:\/\/sulin.ee\/wp-content\/uploads\/2025\/02\/Pistolet-maszyna-do-baniek-mydlanych-banki-mydlane-swiatla-zolty-133628.jpg","datePublished":"2025-03-03T12:42:42+00:00","dateModified":"2025-04-14T14:30:07+00:00","description":"Seebimullip\u00fcstol Helekollane on taaslaetava akuga l\u00f5bus ja lihtsasti kasutatav m\u00e4nguasi, mis loob \u00fche nupuvajutusega sadu seebimulle.","breadcrumb":{"@id":"https:\/\/sulin.ee\/en\/toode\/seebimullipustol-helekollane\/#breadcrumb"},"inLanguage":"en-US","potentialAction":[{"@type":"ReadAction","target":["https:\/\/sulin.ee\/en\/toode\/seebimullipustol-helekollane\/"]}]},{"@type":"ImageObject","inLanguage":"en-US","@id":"https:\/\/sulin.ee\/en\/toode\/seebimullipustol-helekollane\/#primaryimage","url":"https:\/\/sulin.ee\/wp-content\/uploads\/2025\/02\/Pistolet-maszyna-do-baniek-mydlanych-banki-mydlane-swiatla-zolty-133628.jpg","contentUrl":"https:\/\/sulin.ee\/wp-content\/uploads\/2025\/02\/Pistolet-maszyna-do-baniek-mydlanych-banki-mydlane-swiatla-zolty-133628.jpg","width":650,"height":650,"caption":"Seebimullip\u00fcstol Helekollane"},{"@type":"BreadcrumbList","@id":"https:\/\/sulin.ee\/en\/toode\/seebimullipustol-helekollane\/#breadcrumb","itemListElement":[{"@type":"ListItem","position":1,"name":"Home","item":"https:\/\/sulin.ee\/en\/"},{"@type":"ListItem","position":2,"name":"Sulin.ee e-pood","item":"https:\/\/sulin.ee\/shop\/"},{"@type":"ListItem","position":3,"name":"Seebimullip\u00fcstol Helekollane"}]},{"@type":"WebSite","@id":"https:\/\/sulin.ee\/en\/#website","url":"https:\/\/sulin.ee\/en\/","name":"sulin.ee","description":"","publisher":{"@id":"https:\/\/sulin.ee\/en\/#organization"},"potentialAction":[{"@type":"SearchAction","target":{"@type":"EntryPoint","urlTemplate":"https:\/\/sulin.ee\/en\/?s={search_term_string}"},"query-input":{"@type":"PropertyValueSpecification","valueRequired":true,"valueName":"search_term_string"}}],"inLanguage":"en-US"},{"@type":"Organization","@id":"https:\/\/sulin.ee\/en\/#organization","name":"SULIN TRADE O\u00dc","url":"https:\/\/sulin.ee\/en\/","logo":{"@type":"ImageObject","inLanguage":"en-US","@id":"https:\/\/sulin.ee\/en\/#\/schema\/logo\/image\/","url":"https:\/\/sulin.ee\/wp-content\/uploads\/2022\/11\/sulin-logo.png","contentUrl":"https:\/\/sulin.ee\/wp-content\/uploads\/2022\/11\/sulin-logo.png","width":871,"height":321,"caption":"SULIN TRADE O\u00dc"},"image":{"@id":"https:\/\/sulin.ee\/en\/#\/schema\/logo\/image\/"},"sameAs":["https:\/\/www.facebook.com\/www.sulin.ee\/","https:\/\/www.instagram.com\/sulintrade\/"]}]}},"builder_content":"","_links":{"self":[{"href":"https:\/\/sulin.ee\/en\/wp-json\/wp\/v2\/product\/38645","targetHints":{"allow":["GET"]}}],"collection":[{"href":"https:\/\/sulin.ee\/en\/wp-json\/wp\/v2\/product"}],"about":[{"href":"https:\/\/sulin.ee\/en\/wp-json\/wp\/v2\/types\/product"}],"replies":[{"embeddable":true,"href":"https:\/\/sulin.ee\/en\/wp-json\/wp\/v2\/comments?post=38645"}],"wp:featuredmedia":[{"embeddable":true,"href":"https:\/\/sulin.ee\/en\/wp-json\/wp\/v2\/media\/38643"}],"wp:attachment":[{"href":"https:\/\/sulin.ee\/en\/wp-json\/wp\/v2\/media?parent=38645"}],"wp:term":[{"taxonomy":"product_brand","embeddable":true,"href":"https:\/\/sulin.ee\/en\/wp-json\/wp\/v2\/product_brand?post=38645"},{"taxonomy":"product_cat","embeddable":true,"href":"https:\/\/sulin.ee\/en\/wp-json\/wp\/v2\/product_cat?post=38645"},{"taxonomy":"product_tag","embeddable":true,"href":"https:\/\/sulin.ee\/en\/wp-json\/wp\/v2\/product_tag?post=38645"}],"curies":[{"name":"wp","href":"https:\/\/api.w.org\/{rel}","templated":true}]}}