{"id":38626,"date":"2025-03-04T12:42:38","date_gmt":"2025-03-04T12:42:38","guid":{"rendered":"https:\/\/sulin.ee\/toode\/alexander-maagiline-mosaiik-noopnoel-600el\/"},"modified":"2025-07-03T06:15:53","modified_gmt":"2025-07-03T06:15:53","slug":"maagiline-noopnoela-mosaiik-600-osaline","status":"publish","type":"product","link":"https:\/\/sulin.ee\/en\/toode\/maagiline-noopnoela-mosaiik-600-osaline\/","title":{"rendered":"Maagiline n\u00f6\u00f6pn\u00f5ela mosaiik 600-osaline"},"content":{"rendered":"<p><strong>Maagiline n\u00f6\u00f6pn\u00f5ela mosaiik 600-osaline<\/strong> \u2013 loov ja hariv m\u00e4nguasi, mis pakub piiramatuid v\u00f5imalusi fantaasiarikaste piltide loomiseks. See m\u00e4nguasi on suurep\u00e4rane vahend lastele, kes armastavad kunsti ja disaini, ning toetab nende loovuse ja kujutlusv\u00f5ime arengut.<\/p>\n<div class=\"flex max-w-full flex-col flex-grow\">\n<div class=\"min-h-8 text-message relative flex w-full flex-col items-end gap-2 whitespace-normal break-words text-start [.text-message+&amp;]:mt-5\" dir=\"auto\" data-message-author-role=\"assistant\" data-message-id=\"33d7a3b3-2886-4069-8da9-1168a0375960\" data-message-model-slug=\"gpt-4\">\n<div class=\"flex w-full flex-col gap-1 empty:hidden first:pt-[3px]\">\n<div class=\"markdown prose w-full break-words dark:prose-invert light\">\n<p data-start=\"357\" data-end=\"386\"><strong data-start=\"360\" data-end=\"386\">Komplekti koostisosad:<\/strong><\/p>\n<ul data-start=\"387\" data-end=\"661\">\n<li data-start=\"387\" data-end=\"497\"><strong data-start=\"389\" data-end=\"420\">\ud83d\udfe2 Aukudega plastikust tahvel:<\/strong> M\u00f5\u00f5tmetega 28,3 x 19,8 cm, pakub tahvel stabiilset alust mosaiigi loomiseks.<\/li>\n<li data-start=\"498\" data-end=\"661\"><strong data-start=\"500\" data-end=\"517\">\ud83d\udfe2 600 n\u00f6\u00f6pn\u00f5ela:<\/strong> N\u00f6\u00f6pn\u00f5elad on jaotatud seitsmesse erinevasse v\u00e4rvi ja kolme erinevasse suurusesse, mis v\u00f5imaldab luua detailirohkeid ja v\u00e4rvikirevaid kunstiteoseid.<\/li>\n<\/ul>\n<p data-start=\"663\" data-end=\"690\"><strong data-start=\"666\" data-end=\"690\">Inspiratsioonialbum: <\/strong>Komplektiga kaasas olev inspiratsioonialbum sisaldab rohkem kui 100 n\u00e4idet ja ideed, mis aitavad alustada ning pakuvad uusi v\u00e4ljakutseid edasij\u00f5udnutele.<\/p>\n<p data-start=\"848\" data-end=\"946\"><strong data-start=\"851\" data-end=\"871\">Arenguline kasu:<\/strong> M\u00e4ngimine &#8220;Maagilise n\u00f6\u00f6pn\u00f5ela mosaiigiga&#8221; arendab mitmeid olulisi oskusi:<\/p>\n<ul data-start=\"947\" data-end=\"1316\">\n<li data-start=\"947\" data-end=\"1064\"><strong data-start=\"949\" data-end=\"977\">\ud83d\udfe2 Loovus ja kujutlusv\u00f5ime:<\/strong> Lapsed \u00f5pivad kombineerima v\u00e4rve ja kujundeid, et luua visuaalselt paeluvaid tulemusi.<\/li>\n<li data-start=\"1065\" data-end=\"1174\"><strong data-start=\"1067\" data-end=\"1085\">\ud83d\udfe2 Peenmotoorika:<\/strong> N\u00f6\u00f6pn\u00f5elte paigutamine tahvlile aitab parandada k\u00e4te v\u00e4ikeste lihaste koordinatsiooni.<\/li>\n<li data-start=\"1175\" data-end=\"1316\"><strong data-start=\"1177\" data-end=\"1199\">\ud83d\udfe2 Probleemilahendus:<\/strong> Mosaiigi kokkupanek n\u00f5uab m\u00f5tlemist ja strateegiat, eriti kui j\u00e4rgitakse keerukamaid mustrid inspiratsioonialbumist.<\/li>\n<\/ul>\n<p data-start=\"1318\" data-end=\"1349\"><strong data-start=\"1321\" data-end=\"1349\">Pakendi sisu ja m\u00f5\u00f5tmed:<\/strong><\/p>\n<ul data-start=\"1350\" data-end=\"1505\">\n<li data-start=\"1350\" data-end=\"1457\"><strong data-start=\"1352\" data-end=\"1369\">\ud83d\udfe2 Pakendi sisu:<\/strong> Laua, 252 v\u00e4ikest detaili, 264 keskmist detaili, 84 suurt detaili, inspiratsioonialbum.<\/li>\n<li data-start=\"1458\" data-end=\"1505\"><strong data-start=\"1460\" data-end=\"1480\">\ud83d\udfe2 Pakendi m\u00f5\u00f5tmed:<\/strong> 30,5 cm x 24,5 cm x 5 cm<\/li>\n<\/ul>\n<p data-start=\"1507\" data-end=\"1785\" data-is-last-node=\"\" data-is-only-node=\"\">See m\u00e4nguasi on ideaalne kingitus igale noorele kunstnikule v\u00f5i disainerile, pakkudes tunde meelelahutust ja loomingulist enesev\u00e4ljendust. Maagiline n\u00f6\u00f6pn\u00f5ela mosaiik 600-osaline ei ole lihtsalt m\u00e4nguasi, vaid vahend, mis aitab lastel arendada ja kasutada oma loovaid v\u00f5imeid.<\/p>\n<p data-start=\"1507\" data-end=\"1785\" data-is-last-node=\"\" data-is-only-node=\"\">Tutvu ka meie teiste arendavate m\u00e4nguasjadega, et avastada veel rohkem v\u00f5imalusi loovaks m\u00e4nguks ja \u00f5ppimiseks! <strong><a href=\"https:\/\/sulin.ee\/tootekategooria\/mangimine\/oppemangud\/\">Leiad siit!<\/a><\/strong><\/p>\n<p data-start=\"1507\" data-end=\"1785\" data-is-last-node=\"\" data-is-only-node=\"\"><strong data-start=\"19\" data-end=\"34\">T\u00e4helepanu!<\/strong> See m\u00e4nguasi sisaldab v\u00e4ikeseid osi, mis v\u00f5ivad p\u00f5hjustada l\u00e4mbumisohtu. <strong>Sobib kasutamiseks \u00fcle 3-aastastele lastele.<\/strong> Vanemate j\u00e4relevalve on soovitatav m\u00e4ngimise ajal, et tagada lapse ohutus.<\/p>\n<\/div>\n<\/div>\n<\/div>\n<\/div>\n","protected":false},"excerpt":{"rendered":"<p><strong>Maagiline n\u00f6\u00f6pn\u00f5ela mosaiik 600-osaline<\/strong> on innovatiivne ja hariv m\u00e4nguasi, mis v\u00f5imaldab lastel luua peaaegu l\u00f5pmatult palju fantaasiarikkaid pilte.<\/p>\n<p><strong>Komplekt sisaldab<\/strong> aukudega plastikust tahvlit ja 600 v\u00e4rvilist n\u00f6\u00f6pn\u00f5ela seitsmes v\u00e4rvis ja kolmes suuruses. Ideaalne loovuse, peenmotoorika ja probleemilahendusoskuste arendamiseks, kaasas on ka inspiratsioonialbum rohkem kui 100 ideega.<\/p>\n<p><strong>Sobiv vanus:<\/strong> 3+ aastat.<\/p>\n","protected":false},"featured_media":38624,"comment_status":"open","ping_status":"closed","template":"","meta":[],"product_brand":[],"product_cat":[110,1162,1165,1166,1002,1022,1023,942,23],"product_tag":[],"class_list":{"0":"post-38626","1":"product","2":"type-product","3":"status-publish","4":"has-post-thumbnail","6":"product_cat-mangimine","7":"product_cat-kingituseks","8":"product_cat-3-5-aastat","9":"product_cat-6-8-aastat","10":"product_cat-oppemangud","11":"product_cat-varvid-ja-kujundid","12":"product_cat-motoorika","13":"product_cat-lauamangud","14":"product_cat-soodus","15":"has-post-title","16":"has-post-date","17":"has-post-category","18":"has-post-tag","19":"has-post-comment","20":"has-post-author","21":"","23":"first","24":"instock","25":"sale","26":"taxable","27":"shipping-taxable","28":"purchasable","29":"product-type-simple"},"yoast_head":"<!-- This site is optimized with the Yoast SEO plugin v26.8 - https:\/\/yoast.com\/product\/yoast-seo-wordpress\/ -->\n<title>Maagiline n\u00f6\u00f6pn\u00f5ela mosaiik 600-osaline - sulin.ee<\/title>\n<meta name=\"description\" content=\"Maagiline n\u00f6\u00f6pn\u00f5ela mosaiik \u2013 suurep\u00e4rane m\u00e4nguasi, mis ergutab laste loovust ja kujutlusv\u00f5imet. Pakkub l\u00f5putuid v\u00f5imalusi fantaasiapiltide loomiseks.\" \/>\n<meta name=\"robots\" content=\"index, follow, max-snippet:-1, max-image-preview:large, max-video-preview:-1\" \/>\n<link rel=\"canonical\" href=\"https:\/\/sulin.ee\/en\/toode\/maagiline-noopnoela-mosaiik-600-osaline\/\" \/>\n<meta property=\"og:locale\" content=\"en_US\" \/>\n<meta property=\"og:type\" content=\"article\" \/>\n<meta property=\"og:title\" content=\"Maagiline n\u00f6\u00f6pn\u00f5ela mosaiik 600-osaline - sulin.ee\" \/>\n<meta property=\"og:description\" content=\"Maagiline n\u00f6\u00f6pn\u00f5ela mosaiik \u2013 suurep\u00e4rane m\u00e4nguasi, mis ergutab laste loovust ja kujutlusv\u00f5imet. Pakkub l\u00f5putuid v\u00f5imalusi fantaasiapiltide loomiseks.\" \/>\n<meta property=\"og:url\" content=\"https:\/\/sulin.ee\/en\/toode\/maagiline-noopnoela-mosaiik-600-osaline\/\" \/>\n<meta property=\"og:site_name\" content=\"sulin.ee\" \/>\n<meta property=\"article:publisher\" content=\"https:\/\/www.facebook.com\/www.sulin.ee\/\" \/>\n<meta property=\"article:modified_time\" content=\"2025-07-03T06:15:53+00:00\" \/>\n<meta property=\"og:image\" content=\"https:\/\/sulin.ee\/wp-content\/uploads\/2025\/02\/ALEXANDER-Magiczne-Mozaiki-wpinanie-guzikow-600el-137055.jpg\" \/>\n\t<meta property=\"og:image:width\" content=\"550\" \/>\n\t<meta property=\"og:image:height\" content=\"550\" \/>\n\t<meta property=\"og:image:type\" content=\"image\/jpeg\" \/>\n<meta name=\"twitter:card\" content=\"summary_large_image\" \/>\n<meta name=\"twitter:label1\" content=\"Est. reading time\" \/>\n\t<meta name=\"twitter:data1\" content=\"2 minutes\" \/>\n<script type=\"application\/ld+json\" class=\"yoast-schema-graph\">{\"@context\":\"https:\/\/schema.org\",\"@graph\":[{\"@type\":\"WebPage\",\"@id\":\"https:\/\/sulin.ee\/en\/toode\/maagiline-noopnoela-mosaiik-600-osaline\/\",\"url\":\"https:\/\/sulin.ee\/en\/toode\/maagiline-noopnoela-mosaiik-600-osaline\/\",\"name\":\"Maagiline n\u00f6\u00f6pn\u00f5ela mosaiik 600-osaline - sulin.ee\",\"isPartOf\":{\"@id\":\"https:\/\/sulin.ee\/en\/#website\"},\"primaryImageOfPage\":{\"@id\":\"https:\/\/sulin.ee\/en\/toode\/maagiline-noopnoela-mosaiik-600-osaline\/#primaryimage\"},\"image\":{\"@id\":\"https:\/\/sulin.ee\/en\/toode\/maagiline-noopnoela-mosaiik-600-osaline\/#primaryimage\"},\"thumbnailUrl\":\"https:\/\/sulin.ee\/wp-content\/uploads\/2025\/02\/ALEXANDER-Magiczne-Mozaiki-wpinanie-guzikow-600el-137055.jpg\",\"datePublished\":\"2025-03-04T12:42:38+00:00\",\"dateModified\":\"2025-07-03T06:15:53+00:00\",\"description\":\"Maagiline n\u00f6\u00f6pn\u00f5ela mosaiik \u2013 suurep\u00e4rane m\u00e4nguasi, mis ergutab laste loovust ja kujutlusv\u00f5imet. Pakkub l\u00f5putuid v\u00f5imalusi fantaasiapiltide loomiseks.\",\"breadcrumb\":{\"@id\":\"https:\/\/sulin.ee\/en\/toode\/maagiline-noopnoela-mosaiik-600-osaline\/#breadcrumb\"},\"inLanguage\":\"en-US\",\"potentialAction\":[{\"@type\":\"ReadAction\",\"target\":[\"https:\/\/sulin.ee\/en\/toode\/maagiline-noopnoela-mosaiik-600-osaline\/\"]}]},{\"@type\":\"ImageObject\",\"inLanguage\":\"en-US\",\"@id\":\"https:\/\/sulin.ee\/en\/toode\/maagiline-noopnoela-mosaiik-600-osaline\/#primaryimage\",\"url\":\"https:\/\/sulin.ee\/wp-content\/uploads\/2025\/02\/ALEXANDER-Magiczne-Mozaiki-wpinanie-guzikow-600el-137055.jpg\",\"contentUrl\":\"https:\/\/sulin.ee\/wp-content\/uploads\/2025\/02\/ALEXANDER-Magiczne-Mozaiki-wpinanie-guzikow-600el-137055.jpg\",\"width\":550,\"height\":550,\"caption\":\"Maagiline n\u00f6\u00f6pn\u00f5ela mosaiik\"},{\"@type\":\"BreadcrumbList\",\"@id\":\"https:\/\/sulin.ee\/en\/toode\/maagiline-noopnoela-mosaiik-600-osaline\/#breadcrumb\",\"itemListElement\":[{\"@type\":\"ListItem\",\"position\":1,\"name\":\"Home\",\"item\":\"https:\/\/sulin.ee\/en\/\"},{\"@type\":\"ListItem\",\"position\":2,\"name\":\"Sulin.ee e-pood\",\"item\":\"https:\/\/sulin.ee\/shop\/\"},{\"@type\":\"ListItem\",\"position\":3,\"name\":\"Maagiline n\u00f6\u00f6pn\u00f5ela mosaiik 600-osaline\"}]},{\"@type\":\"WebSite\",\"@id\":\"https:\/\/sulin.ee\/en\/#website\",\"url\":\"https:\/\/sulin.ee\/en\/\",\"name\":\"sulin.ee\",\"description\":\"\",\"publisher\":{\"@id\":\"https:\/\/sulin.ee\/en\/#organization\"},\"potentialAction\":[{\"@type\":\"SearchAction\",\"target\":{\"@type\":\"EntryPoint\",\"urlTemplate\":\"https:\/\/sulin.ee\/en\/?s={search_term_string}\"},\"query-input\":{\"@type\":\"PropertyValueSpecification\",\"valueRequired\":true,\"valueName\":\"search_term_string\"}}],\"inLanguage\":\"en-US\"},{\"@type\":\"Organization\",\"@id\":\"https:\/\/sulin.ee\/en\/#organization\",\"name\":\"SULIN TRADE O\u00dc\",\"url\":\"https:\/\/sulin.ee\/en\/\",\"logo\":{\"@type\":\"ImageObject\",\"inLanguage\":\"en-US\",\"@id\":\"https:\/\/sulin.ee\/en\/#\/schema\/logo\/image\/\",\"url\":\"https:\/\/sulin.ee\/wp-content\/uploads\/2022\/11\/sulin-logo.png\",\"contentUrl\":\"https:\/\/sulin.ee\/wp-content\/uploads\/2022\/11\/sulin-logo.png\",\"width\":871,\"height\":321,\"caption\":\"SULIN TRADE O\u00dc\"},\"image\":{\"@id\":\"https:\/\/sulin.ee\/en\/#\/schema\/logo\/image\/\"},\"sameAs\":[\"https:\/\/www.facebook.com\/www.sulin.ee\/\",\"https:\/\/www.instagram.com\/sulintrade\/\"]}]}<\/script>\n<!-- \/ Yoast SEO plugin. -->","yoast_head_json":{"title":"Maagiline n\u00f6\u00f6pn\u00f5ela mosaiik 600-osaline - sulin.ee","description":"Maagiline n\u00f6\u00f6pn\u00f5ela mosaiik \u2013 suurep\u00e4rane m\u00e4nguasi, mis ergutab laste loovust ja kujutlusv\u00f5imet. Pakkub l\u00f5putuid v\u00f5imalusi fantaasiapiltide loomiseks.","robots":{"index":"index","follow":"follow","max-snippet":"max-snippet:-1","max-image-preview":"max-image-preview:large","max-video-preview":"max-video-preview:-1"},"canonical":"https:\/\/sulin.ee\/en\/toode\/maagiline-noopnoela-mosaiik-600-osaline\/","og_locale":"en_US","og_type":"article","og_title":"Maagiline n\u00f6\u00f6pn\u00f5ela mosaiik 600-osaline - sulin.ee","og_description":"Maagiline n\u00f6\u00f6pn\u00f5ela mosaiik \u2013 suurep\u00e4rane m\u00e4nguasi, mis ergutab laste loovust ja kujutlusv\u00f5imet. Pakkub l\u00f5putuid v\u00f5imalusi fantaasiapiltide loomiseks.","og_url":"https:\/\/sulin.ee\/en\/toode\/maagiline-noopnoela-mosaiik-600-osaline\/","og_site_name":"sulin.ee","article_publisher":"https:\/\/www.facebook.com\/www.sulin.ee\/","article_modified_time":"2025-07-03T06:15:53+00:00","og_image":[{"width":550,"height":550,"url":"https:\/\/sulin.ee\/wp-content\/uploads\/2025\/02\/ALEXANDER-Magiczne-Mozaiki-wpinanie-guzikow-600el-137055.jpg","type":"image\/jpeg"}],"twitter_card":"summary_large_image","twitter_misc":{"Est. reading time":"2 minutes"},"schema":{"@context":"https:\/\/schema.org","@graph":[{"@type":"WebPage","@id":"https:\/\/sulin.ee\/en\/toode\/maagiline-noopnoela-mosaiik-600-osaline\/","url":"https:\/\/sulin.ee\/en\/toode\/maagiline-noopnoela-mosaiik-600-osaline\/","name":"Maagiline n\u00f6\u00f6pn\u00f5ela mosaiik 600-osaline - sulin.ee","isPartOf":{"@id":"https:\/\/sulin.ee\/en\/#website"},"primaryImageOfPage":{"@id":"https:\/\/sulin.ee\/en\/toode\/maagiline-noopnoela-mosaiik-600-osaline\/#primaryimage"},"image":{"@id":"https:\/\/sulin.ee\/en\/toode\/maagiline-noopnoela-mosaiik-600-osaline\/#primaryimage"},"thumbnailUrl":"https:\/\/sulin.ee\/wp-content\/uploads\/2025\/02\/ALEXANDER-Magiczne-Mozaiki-wpinanie-guzikow-600el-137055.jpg","datePublished":"2025-03-04T12:42:38+00:00","dateModified":"2025-07-03T06:15:53+00:00","description":"Maagiline n\u00f6\u00f6pn\u00f5ela mosaiik \u2013 suurep\u00e4rane m\u00e4nguasi, mis ergutab laste loovust ja kujutlusv\u00f5imet. Pakkub l\u00f5putuid v\u00f5imalusi fantaasiapiltide loomiseks.","breadcrumb":{"@id":"https:\/\/sulin.ee\/en\/toode\/maagiline-noopnoela-mosaiik-600-osaline\/#breadcrumb"},"inLanguage":"en-US","potentialAction":[{"@type":"ReadAction","target":["https:\/\/sulin.ee\/en\/toode\/maagiline-noopnoela-mosaiik-600-osaline\/"]}]},{"@type":"ImageObject","inLanguage":"en-US","@id":"https:\/\/sulin.ee\/en\/toode\/maagiline-noopnoela-mosaiik-600-osaline\/#primaryimage","url":"https:\/\/sulin.ee\/wp-content\/uploads\/2025\/02\/ALEXANDER-Magiczne-Mozaiki-wpinanie-guzikow-600el-137055.jpg","contentUrl":"https:\/\/sulin.ee\/wp-content\/uploads\/2025\/02\/ALEXANDER-Magiczne-Mozaiki-wpinanie-guzikow-600el-137055.jpg","width":550,"height":550,"caption":"Maagiline n\u00f6\u00f6pn\u00f5ela mosaiik"},{"@type":"BreadcrumbList","@id":"https:\/\/sulin.ee\/en\/toode\/maagiline-noopnoela-mosaiik-600-osaline\/#breadcrumb","itemListElement":[{"@type":"ListItem","position":1,"name":"Home","item":"https:\/\/sulin.ee\/en\/"},{"@type":"ListItem","position":2,"name":"Sulin.ee e-pood","item":"https:\/\/sulin.ee\/shop\/"},{"@type":"ListItem","position":3,"name":"Maagiline n\u00f6\u00f6pn\u00f5ela mosaiik 600-osaline"}]},{"@type":"WebSite","@id":"https:\/\/sulin.ee\/en\/#website","url":"https:\/\/sulin.ee\/en\/","name":"sulin.ee","description":"","publisher":{"@id":"https:\/\/sulin.ee\/en\/#organization"},"potentialAction":[{"@type":"SearchAction","target":{"@type":"EntryPoint","urlTemplate":"https:\/\/sulin.ee\/en\/?s={search_term_string}"},"query-input":{"@type":"PropertyValueSpecification","valueRequired":true,"valueName":"search_term_string"}}],"inLanguage":"en-US"},{"@type":"Organization","@id":"https:\/\/sulin.ee\/en\/#organization","name":"SULIN TRADE O\u00dc","url":"https:\/\/sulin.ee\/en\/","logo":{"@type":"ImageObject","inLanguage":"en-US","@id":"https:\/\/sulin.ee\/en\/#\/schema\/logo\/image\/","url":"https:\/\/sulin.ee\/wp-content\/uploads\/2022\/11\/sulin-logo.png","contentUrl":"https:\/\/sulin.ee\/wp-content\/uploads\/2022\/11\/sulin-logo.png","width":871,"height":321,"caption":"SULIN TRADE O\u00dc"},"image":{"@id":"https:\/\/sulin.ee\/en\/#\/schema\/logo\/image\/"},"sameAs":["https:\/\/www.facebook.com\/www.sulin.ee\/","https:\/\/www.instagram.com\/sulintrade\/"]}]}},"builder_content":"","_links":{"self":[{"href":"https:\/\/sulin.ee\/en\/wp-json\/wp\/v2\/product\/38626","targetHints":{"allow":["GET"]}}],"collection":[{"href":"https:\/\/sulin.ee\/en\/wp-json\/wp\/v2\/product"}],"about":[{"href":"https:\/\/sulin.ee\/en\/wp-json\/wp\/v2\/types\/product"}],"replies":[{"embeddable":true,"href":"https:\/\/sulin.ee\/en\/wp-json\/wp\/v2\/comments?post=38626"}],"wp:featuredmedia":[{"embeddable":true,"href":"https:\/\/sulin.ee\/en\/wp-json\/wp\/v2\/media\/38624"}],"wp:attachment":[{"href":"https:\/\/sulin.ee\/en\/wp-json\/wp\/v2\/media?parent=38626"}],"wp:term":[{"taxonomy":"product_brand","embeddable":true,"href":"https:\/\/sulin.ee\/en\/wp-json\/wp\/v2\/product_brand?post=38626"},{"taxonomy":"product_cat","embeddable":true,"href":"https:\/\/sulin.ee\/en\/wp-json\/wp\/v2\/product_cat?post=38626"},{"taxonomy":"product_tag","embeddable":true,"href":"https:\/\/sulin.ee\/en\/wp-json\/wp\/v2\/product_tag?post=38626"}],"curies":[{"name":"wp","href":"https:\/\/api.w.org\/{rel}","templated":true}]}}