{"id":38607,"date":"2025-02-28T12:42:33","date_gmt":"2025-02-28T12:42:33","guid":{"rendered":"https:\/\/sulin.ee\/toode\/magnetic-tellised-marmorist-pallirada-koos-helimuusikaga-118-elementi\/"},"modified":"2025-12-18T07:37:16","modified_gmt":"2025-12-18T07:37:16","slug":"magnetic-tellised-marmorist-pallirada-koos-helimuusikaga-118-elementi","status":"publish","type":"product","link":"https:\/\/sulin.ee\/en\/toode\/magnetic-tellised-marmorist-pallirada-koos-helimuusikaga-118-elementi\/","title":{"rendered":"Magnetklotsid l\u00f5busa muusikaga DIGE 118-osaline"},"content":{"rendered":"<article class=\"w-full text-token-text-primary focus-visible:outline-2 focus-visible:outline-offset-[-4px]\" dir=\"auto\" data-testid=\"conversation-turn-85\" data-scroll-anchor=\"true\">\n<div class=\"m-auto text-base py-[18px] px-6\">\n<div class=\"mx-auto flex flex-1 text-base gap-4 md:gap-5 lg:gap-6 md:max-w-3xl lg:max-w-[40rem] xl:max-w-[48rem]\">\n<div class=\"group\/conversation-turn relative flex w-full min-w-0 flex-col agent-turn @xs\/thread:px-0 @sm\/thread:px-1.5 @md\/thread:px-4\">\n<div class=\"flex-col gap-1 md:gap-3\">\n<div class=\"flex max-w-full flex-col flex-grow\">\n<div class=\"min-h-8 text-message relative flex w-full flex-col items-end gap-2 whitespace-normal break-words text-start [.text-message+&amp;]:mt-5\" dir=\"auto\" data-message-author-role=\"assistant\" data-message-id=\"6944880e-78b7-4597-8c7f-0c1a43f4a41a\" data-message-model-slug=\"gpt-4o\">\n<div class=\"flex w-full flex-col gap-1 empty:hidden first:pt-[3px]\">\n<div class=\"markdown prose w-full break-words dark:prose-invert light\">\n<h3 data-start=\"0\" data-end=\"74\"><strong data-start=\"4\" data-end=\"72\">Magnetklotsid l\u00f5busa muusikaga DIGE, 118-osaline<\/strong><\/h3>\n<p data-start=\"76\" data-end=\"102\"><strong data-start=\"76\" data-end=\"100\">Palli seiklus ootab!<\/strong><\/p>\n<p data-start=\"104\" data-end=\"492\">Kas tavalised klotsid on juba igavaks muutunud? Magnetklotsid l\u00f5busa muusikaga DIGE, 118-osaline komplekt, viib m\u00e4ngu uuele tasemele, pakkudes lastele v\u00f5imalust ehitada p\u00f5nevaid konstruktsioone ning luua enda interaktiivne pallirada. Tugevad sisseehitatud magnetid tagavad stabiilsuse, v\u00f5imaldades ehitada nii 2D- kui ka 3D-kujulisi rajatisi, mis toovad m\u00e4ngu loovust ja insenerioskusi.<\/p>\n<p data-start=\"494\" data-end=\"741\">Selle komplekti muudavad eriliseks elektrilised konstruktsioonid \u2013 <strong data-start=\"561\" data-end=\"591\">vaateratta ja lifti s\u00fcsteem<\/strong>, mis tagavad pallide sujuva liikumise l\u00e4bi keeruliste koridoride. Lisaks m\u00e4ngib karusell r\u00f5\u00f5msat meloodiat, muutes m\u00e4ngukogemuse veelgi l\u00f5busamaks.<\/p>\n<p data-start=\"743\" data-end=\"1125\">Komplekt sisaldab ka <strong data-start=\"764\" data-end=\"788\">v\u00e4rvilisi kleebiseid<\/strong>, mida saab kinnitada klotsidele, et muuta loodud ehitised veelgi ainulaadsemaks ja v\u00e4rvikirevamaks. Magnetklotsidega m\u00e4ngimine arendab lapse ruumilist kujutlusv\u00f5imet, peenmotoorikat, loogilist m\u00f5tlemist ning p\u00f5hjus-tagaj\u00e4rg seoste m\u00f5istmist. Liikuvate pallide j\u00e4lgimine stimuleerib ka n\u00e4gemismeelt ja aitab arendada t\u00e4helepanelikkust.<\/p>\n<p data-start=\"1127\" data-end=\"1316\">Valmistatud vastupidavast plastikust, on see m\u00e4ngukomplekt kauakestev ja pakub tundide viisi meelelahutust. <strong data-start=\"1235\" data-end=\"1314\">Ideaalne kingitus igale lapsele, kes armastab avastada, ehitada ja m\u00e4ngida!<\/strong><\/p>\n<h3 data-start=\"1318\" data-end=\"1343\"><strong data-start=\"1322\" data-end=\"1341\">Komplekti sisu:<\/strong><\/h3>\n<ul data-start=\"1344\" data-end=\"1631\">\n<li data-start=\"1344\" data-end=\"1376\"><strong data-start=\"1346\" data-end=\"1374\">\u2705 Vaateratta konstruktsioon<\/strong><\/li>\n<li data-start=\"1377\" data-end=\"1389\"><strong data-start=\"1379\" data-end=\"1387\">\u2705 Lift<\/strong><\/li>\n<li data-start=\"1390\" data-end=\"1408\"><strong data-start=\"1392\" data-end=\"1406\">\u2705 Pallid x16<\/strong><\/li>\n<li data-start=\"1409\" data-end=\"1445\"><strong data-start=\"1411\" data-end=\"1443\">\u2705 Nelinurksed magnetklotsid x32<\/strong><\/li>\n<li data-start=\"1446\" data-end=\"1481\"><strong data-start=\"1448\" data-end=\"1479\">\u2705 Kolmnurksed magnetklotsid x4<\/strong><\/li>\n<li data-start=\"1482\" data-end=\"1517\"><strong data-start=\"1484\" data-end=\"1515\">\u2705 E-kujulised magnetklotsid x4<\/strong><\/li>\n<li data-start=\"1518\" data-end=\"1562\"><strong data-start=\"1520\" data-end=\"1560\">\u2705 Erineva kujuga tavalised klotsid x58<\/strong><\/li>\n<li data-start=\"1563\" data-end=\"1582\"><strong data-start=\"1565\" data-end=\"1580\">\u2705 Inimesed x2<\/strong><\/li>\n<li data-start=\"1583\" data-end=\"1631\"><strong data-start=\"1585\" data-end=\"1629\">\u2705 V\u00e4rvilised kleebised erinevate piltidega<\/strong><\/li>\n<\/ul>\n<h3 data-start=\"1633\" data-end=\"1661\"><strong data-start=\"1637\" data-end=\"1659\">Tehnilised andmed:<\/strong><\/h3>\n<ul data-start=\"1662\" data-end=\"1799\">\n<li data-start=\"1662\" data-end=\"1679\"><strong data-start=\"1664\" data-end=\"1674\">\u2705 Vanus:<\/strong> 3+<\/li>\n<li data-start=\"1680\" data-end=\"1736\"><strong data-start=\"1682\" data-end=\"1699\">\u2705 Toiteallikas:<\/strong> 3 x AA patarei (ei kuulu komplekti)<\/li>\n<li data-start=\"1737\" data-end=\"1799\"><strong data-start=\"1739\" data-end=\"1762\">\u2705 Lifti toiteallikas:<\/strong> 3 x AA patarei (ei kuulu komplekti)<\/li>\n<\/ul>\n<h3 data-start=\"1801\" data-end=\"1818\"><strong data-start=\"1805\" data-end=\"1816\">M\u00f5\u00f5dud:<\/strong><\/h3>\n<ul data-start=\"1819\" data-end=\"1996\">\n<li data-start=\"1819\" data-end=\"1879\"><strong data-start=\"1821\" data-end=\"1850\">\u2705 Vaateratta konstruktsioon:<\/strong> 30,5 cm x 32,5 cm x 7,5 cm<\/li>\n<li data-start=\"1880\" data-end=\"1917\"><strong data-start=\"1882\" data-end=\"1891\">\u2705 Lift:<\/strong> 30 cm x 8,5 cm x 6,5 cm<\/li>\n<li data-start=\"1918\" data-end=\"1955\"><strong data-start=\"1920\" data-end=\"1932\">\u2705 Inimene:<\/strong> 9 cm x 5 cm x 4,5 cm<\/li>\n<li data-start=\"1956\" data-end=\"1996\"><strong data-start=\"1958\" data-end=\"1969\">\u2705 Pakend:<\/strong> 56 cm x 39,2 cm x 9,5 cm<\/li>\n<\/ul>\n<p data-start=\"1998\" data-end=\"2116\" data-is-last-node=\"\" data-is-only-node=\"\">Toode on pakendatud <strong data-start=\"2018\" data-end=\"2046\">atraktiivsesse pappkarpi<\/strong>, olles suurep\u00e4rane valik nii koduseks m\u00e4nguks kui ka kingituseks.<\/p>\n<p data-start=\"1105\" data-end=\"1453\" data-is-last-node=\"\" data-is-only-node=\"\">Vaata ka teisi magnetkuubikuid ja -klotse<a href=\"https:\/\/sulin.ee\/tootekategooria\/mangimine\/magnetklotid\/\"> siit.<\/a><\/p>\n<p data-start=\"1105\" data-end=\"1453\" data-is-last-node=\"\" data-is-only-node=\"\"><strong>NB!<\/strong> DIGE magnetklotsid ja magnetkuubikud \u00fchilduvad sama firma DIGE sarnaste komplektidega. Need ei \u00fchildu Connetix magnetklotsidega. <a href=\"https:\/\/sulin.ee\/tootekategooria\/brandid\/dige\/\">DIGE magnetklotsid leiad siit.<\/a><\/p>\n<\/div>\n<\/div>\n<\/div>\n<\/div>\n<\/div>\n<\/div>\n<\/div>\n<\/div>\n<\/article>\n","protected":false},"excerpt":{"rendered":"<p><strong data-start=\"0\" data-end=\"52\" data-is-only-node=\"\">Magnetklotsid l\u00f5busa muusikaga DIGE, 118-osaline<\/strong> on interaktiivne ja loominguline m\u00e4ngukomplekt, mis v\u00f5imaldab lastel ehitada p\u00f5nevaid 3D-konstruktsioone ja ainulaadse palliraja. Sisseehitatud magnetid tagavad stabiilsuse. <strong>Muusikaga vaateratas koos liftiga<\/strong> lisavad d\u00fcnaamilisust. See komplekt <strong>arendab loogilist m\u00f5tlemist, ruumilist kujutlusv\u00f5imet ja peenmotoorikat<\/strong>, pakkudes tundide viisi l\u00f5busat ja harivat m\u00e4ngu!<\/p>\n<p><strong>Vanus:<\/strong> 3+ aastat.<\/p>\n","protected":false},"featured_media":40421,"comment_status":"open","ping_status":"closed","template":"","meta":[],"product_brand":[],"product_cat":[110,1162,1165,1166,1441,1442,23],"product_tag":[],"class_list":{"0":"post-38607","1":"product","2":"type-product","3":"status-publish","4":"has-post-thumbnail","6":"product_cat-mangimine","7":"product_cat-kingituseks","8":"product_cat-3-5-aastat","9":"product_cat-6-8-aastat","10":"product_cat-magnetklotid","11":"product_cat-dige","12":"product_cat-soodus","13":"product_shipping_class-kuller-9-95","14":"has-post-title","15":"has-post-date","16":"has-post-category","17":"has-post-tag","18":"has-post-comment","19":"has-post-author","20":"","22":"first","23":"instock","24":"sale","25":"taxable","26":"shipping-taxable","27":"purchasable","28":"product-type-simple"},"yoast_head":"<!-- This site is optimized with the Yoast SEO plugin v26.8 - https:\/\/yoast.com\/product\/yoast-seo-wordpress\/ -->\n<title>Magnetklotsid l\u00f5busa muusikaga DIGE 118-osaline - sulin.ee<\/title>\n<meta name=\"description\" content=\"Magnetklotsid l\u00f5busa muusikaga \u2013 interaktiivne ja hariv m\u00e4ngukomplekt, mis \u00fchendab magnetehitamise, liikuvad pallirajad ja l\u00f5busa meloodia.\" \/>\n<meta name=\"robots\" content=\"index, follow, max-snippet:-1, max-image-preview:large, max-video-preview:-1\" \/>\n<link rel=\"canonical\" href=\"https:\/\/sulin.ee\/en\/toode\/magnetic-tellised-marmorist-pallirada-koos-helimuusikaga-118-elementi\/\" \/>\n<meta property=\"og:locale\" content=\"en_US\" \/>\n<meta property=\"og:type\" content=\"article\" \/>\n<meta property=\"og:title\" content=\"Magnetklotsid l\u00f5busa muusikaga DIGE 118-osaline - sulin.ee\" \/>\n<meta property=\"og:description\" content=\"Magnetklotsid l\u00f5busa muusikaga \u2013 interaktiivne ja hariv m\u00e4ngukomplekt, mis \u00fchendab magnetehitamise, liikuvad pallirajad ja l\u00f5busa meloodia.\" \/>\n<meta property=\"og:url\" content=\"https:\/\/sulin.ee\/en\/toode\/magnetic-tellised-marmorist-pallirada-koos-helimuusikaga-118-elementi\/\" \/>\n<meta property=\"og:site_name\" content=\"sulin.ee\" \/>\n<meta property=\"article:publisher\" content=\"https:\/\/www.facebook.com\/www.sulin.ee\/\" \/>\n<meta property=\"article:modified_time\" content=\"2025-12-18T07:37:16+00:00\" \/>\n<meta property=\"og:image\" content=\"https:\/\/sulin.ee\/wp-content\/uploads\/2025\/02\/Piltide-korrektuurid-kodulehel-2025-03-01T134713.961.png\" \/>\n\t<meta property=\"og:image:width\" content=\"1080\" \/>\n\t<meta property=\"og:image:height\" content=\"1080\" \/>\n\t<meta property=\"og:image:type\" content=\"image\/png\" \/>\n<meta name=\"twitter:card\" content=\"summary_large_image\" \/>\n<meta name=\"twitter:label1\" content=\"Est. reading time\" \/>\n\t<meta name=\"twitter:data1\" content=\"2 minutes\" \/>\n<script type=\"application\/ld+json\" class=\"yoast-schema-graph\">{\"@context\":\"https:\/\/schema.org\",\"@graph\":[{\"@type\":\"WebPage\",\"@id\":\"https:\/\/sulin.ee\/en\/toode\/magnetic-tellised-marmorist-pallirada-koos-helimuusikaga-118-elementi\/\",\"url\":\"https:\/\/sulin.ee\/en\/toode\/magnetic-tellised-marmorist-pallirada-koos-helimuusikaga-118-elementi\/\",\"name\":\"Magnetklotsid l\u00f5busa muusikaga DIGE 118-osaline - sulin.ee\",\"isPartOf\":{\"@id\":\"https:\/\/sulin.ee\/en\/#website\"},\"primaryImageOfPage\":{\"@id\":\"https:\/\/sulin.ee\/en\/toode\/magnetic-tellised-marmorist-pallirada-koos-helimuusikaga-118-elementi\/#primaryimage\"},\"image\":{\"@id\":\"https:\/\/sulin.ee\/en\/toode\/magnetic-tellised-marmorist-pallirada-koos-helimuusikaga-118-elementi\/#primaryimage\"},\"thumbnailUrl\":\"https:\/\/sulin.ee\/wp-content\/uploads\/2025\/02\/Piltide-korrektuurid-kodulehel-2025-03-01T134713.961.png\",\"datePublished\":\"2025-02-28T12:42:33+00:00\",\"dateModified\":\"2025-12-18T07:37:16+00:00\",\"description\":\"Magnetklotsid l\u00f5busa muusikaga \u2013 interaktiivne ja hariv m\u00e4ngukomplekt, mis \u00fchendab magnetehitamise, liikuvad pallirajad ja l\u00f5busa meloodia.\",\"breadcrumb\":{\"@id\":\"https:\/\/sulin.ee\/en\/toode\/magnetic-tellised-marmorist-pallirada-koos-helimuusikaga-118-elementi\/#breadcrumb\"},\"inLanguage\":\"en-US\",\"potentialAction\":[{\"@type\":\"ReadAction\",\"target\":[\"https:\/\/sulin.ee\/en\/toode\/magnetic-tellised-marmorist-pallirada-koos-helimuusikaga-118-elementi\/\"]}]},{\"@type\":\"ImageObject\",\"inLanguage\":\"en-US\",\"@id\":\"https:\/\/sulin.ee\/en\/toode\/magnetic-tellised-marmorist-pallirada-koos-helimuusikaga-118-elementi\/#primaryimage\",\"url\":\"https:\/\/sulin.ee\/wp-content\/uploads\/2025\/02\/Piltide-korrektuurid-kodulehel-2025-03-01T134713.961.png\",\"contentUrl\":\"https:\/\/sulin.ee\/wp-content\/uploads\/2025\/02\/Piltide-korrektuurid-kodulehel-2025-03-01T134713.961.png\",\"width\":1080,\"height\":1080,\"caption\":\"Magnetklotsid l\u00f5busa muusikaga\"},{\"@type\":\"BreadcrumbList\",\"@id\":\"https:\/\/sulin.ee\/en\/toode\/magnetic-tellised-marmorist-pallirada-koos-helimuusikaga-118-elementi\/#breadcrumb\",\"itemListElement\":[{\"@type\":\"ListItem\",\"position\":1,\"name\":\"Home\",\"item\":\"https:\/\/sulin.ee\/en\/\"},{\"@type\":\"ListItem\",\"position\":2,\"name\":\"Sulin.ee e-pood\",\"item\":\"https:\/\/sulin.ee\/shop\/\"},{\"@type\":\"ListItem\",\"position\":3,\"name\":\"Magnetklotsid l\u00f5busa muusikaga DIGE 118-osaline\"}]},{\"@type\":\"WebSite\",\"@id\":\"https:\/\/sulin.ee\/en\/#website\",\"url\":\"https:\/\/sulin.ee\/en\/\",\"name\":\"sulin.ee\",\"description\":\"\",\"publisher\":{\"@id\":\"https:\/\/sulin.ee\/en\/#organization\"},\"potentialAction\":[{\"@type\":\"SearchAction\",\"target\":{\"@type\":\"EntryPoint\",\"urlTemplate\":\"https:\/\/sulin.ee\/en\/?s={search_term_string}\"},\"query-input\":{\"@type\":\"PropertyValueSpecification\",\"valueRequired\":true,\"valueName\":\"search_term_string\"}}],\"inLanguage\":\"en-US\"},{\"@type\":\"Organization\",\"@id\":\"https:\/\/sulin.ee\/en\/#organization\",\"name\":\"SULIN TRADE O\u00dc\",\"url\":\"https:\/\/sulin.ee\/en\/\",\"logo\":{\"@type\":\"ImageObject\",\"inLanguage\":\"en-US\",\"@id\":\"https:\/\/sulin.ee\/en\/#\/schema\/logo\/image\/\",\"url\":\"https:\/\/sulin.ee\/wp-content\/uploads\/2022\/11\/sulin-logo.png\",\"contentUrl\":\"https:\/\/sulin.ee\/wp-content\/uploads\/2022\/11\/sulin-logo.png\",\"width\":871,\"height\":321,\"caption\":\"SULIN TRADE O\u00dc\"},\"image\":{\"@id\":\"https:\/\/sulin.ee\/en\/#\/schema\/logo\/image\/\"},\"sameAs\":[\"https:\/\/www.facebook.com\/www.sulin.ee\/\",\"https:\/\/www.instagram.com\/sulintrade\/\"]}]}<\/script>\n<!-- \/ Yoast SEO plugin. -->","yoast_head_json":{"title":"Magnetklotsid l\u00f5busa muusikaga DIGE 118-osaline - sulin.ee","description":"Magnetklotsid l\u00f5busa muusikaga \u2013 interaktiivne ja hariv m\u00e4ngukomplekt, mis \u00fchendab magnetehitamise, liikuvad pallirajad ja l\u00f5busa meloodia.","robots":{"index":"index","follow":"follow","max-snippet":"max-snippet:-1","max-image-preview":"max-image-preview:large","max-video-preview":"max-video-preview:-1"},"canonical":"https:\/\/sulin.ee\/en\/toode\/magnetic-tellised-marmorist-pallirada-koos-helimuusikaga-118-elementi\/","og_locale":"en_US","og_type":"article","og_title":"Magnetklotsid l\u00f5busa muusikaga DIGE 118-osaline - sulin.ee","og_description":"Magnetklotsid l\u00f5busa muusikaga \u2013 interaktiivne ja hariv m\u00e4ngukomplekt, mis \u00fchendab magnetehitamise, liikuvad pallirajad ja l\u00f5busa meloodia.","og_url":"https:\/\/sulin.ee\/en\/toode\/magnetic-tellised-marmorist-pallirada-koos-helimuusikaga-118-elementi\/","og_site_name":"sulin.ee","article_publisher":"https:\/\/www.facebook.com\/www.sulin.ee\/","article_modified_time":"2025-12-18T07:37:16+00:00","og_image":[{"width":1080,"height":1080,"url":"https:\/\/sulin.ee\/wp-content\/uploads\/2025\/02\/Piltide-korrektuurid-kodulehel-2025-03-01T134713.961.png","type":"image\/png"}],"twitter_card":"summary_large_image","twitter_misc":{"Est. reading time":"2 minutes"},"schema":{"@context":"https:\/\/schema.org","@graph":[{"@type":"WebPage","@id":"https:\/\/sulin.ee\/en\/toode\/magnetic-tellised-marmorist-pallirada-koos-helimuusikaga-118-elementi\/","url":"https:\/\/sulin.ee\/en\/toode\/magnetic-tellised-marmorist-pallirada-koos-helimuusikaga-118-elementi\/","name":"Magnetklotsid l\u00f5busa muusikaga DIGE 118-osaline - sulin.ee","isPartOf":{"@id":"https:\/\/sulin.ee\/en\/#website"},"primaryImageOfPage":{"@id":"https:\/\/sulin.ee\/en\/toode\/magnetic-tellised-marmorist-pallirada-koos-helimuusikaga-118-elementi\/#primaryimage"},"image":{"@id":"https:\/\/sulin.ee\/en\/toode\/magnetic-tellised-marmorist-pallirada-koos-helimuusikaga-118-elementi\/#primaryimage"},"thumbnailUrl":"https:\/\/sulin.ee\/wp-content\/uploads\/2025\/02\/Piltide-korrektuurid-kodulehel-2025-03-01T134713.961.png","datePublished":"2025-02-28T12:42:33+00:00","dateModified":"2025-12-18T07:37:16+00:00","description":"Magnetklotsid l\u00f5busa muusikaga \u2013 interaktiivne ja hariv m\u00e4ngukomplekt, mis \u00fchendab magnetehitamise, liikuvad pallirajad ja l\u00f5busa meloodia.","breadcrumb":{"@id":"https:\/\/sulin.ee\/en\/toode\/magnetic-tellised-marmorist-pallirada-koos-helimuusikaga-118-elementi\/#breadcrumb"},"inLanguage":"en-US","potentialAction":[{"@type":"ReadAction","target":["https:\/\/sulin.ee\/en\/toode\/magnetic-tellised-marmorist-pallirada-koos-helimuusikaga-118-elementi\/"]}]},{"@type":"ImageObject","inLanguage":"en-US","@id":"https:\/\/sulin.ee\/en\/toode\/magnetic-tellised-marmorist-pallirada-koos-helimuusikaga-118-elementi\/#primaryimage","url":"https:\/\/sulin.ee\/wp-content\/uploads\/2025\/02\/Piltide-korrektuurid-kodulehel-2025-03-01T134713.961.png","contentUrl":"https:\/\/sulin.ee\/wp-content\/uploads\/2025\/02\/Piltide-korrektuurid-kodulehel-2025-03-01T134713.961.png","width":1080,"height":1080,"caption":"Magnetklotsid l\u00f5busa muusikaga"},{"@type":"BreadcrumbList","@id":"https:\/\/sulin.ee\/en\/toode\/magnetic-tellised-marmorist-pallirada-koos-helimuusikaga-118-elementi\/#breadcrumb","itemListElement":[{"@type":"ListItem","position":1,"name":"Home","item":"https:\/\/sulin.ee\/en\/"},{"@type":"ListItem","position":2,"name":"Sulin.ee e-pood","item":"https:\/\/sulin.ee\/shop\/"},{"@type":"ListItem","position":3,"name":"Magnetklotsid l\u00f5busa muusikaga DIGE 118-osaline"}]},{"@type":"WebSite","@id":"https:\/\/sulin.ee\/en\/#website","url":"https:\/\/sulin.ee\/en\/","name":"sulin.ee","description":"","publisher":{"@id":"https:\/\/sulin.ee\/en\/#organization"},"potentialAction":[{"@type":"SearchAction","target":{"@type":"EntryPoint","urlTemplate":"https:\/\/sulin.ee\/en\/?s={search_term_string}"},"query-input":{"@type":"PropertyValueSpecification","valueRequired":true,"valueName":"search_term_string"}}],"inLanguage":"en-US"},{"@type":"Organization","@id":"https:\/\/sulin.ee\/en\/#organization","name":"SULIN TRADE O\u00dc","url":"https:\/\/sulin.ee\/en\/","logo":{"@type":"ImageObject","inLanguage":"en-US","@id":"https:\/\/sulin.ee\/en\/#\/schema\/logo\/image\/","url":"https:\/\/sulin.ee\/wp-content\/uploads\/2022\/11\/sulin-logo.png","contentUrl":"https:\/\/sulin.ee\/wp-content\/uploads\/2022\/11\/sulin-logo.png","width":871,"height":321,"caption":"SULIN TRADE O\u00dc"},"image":{"@id":"https:\/\/sulin.ee\/en\/#\/schema\/logo\/image\/"},"sameAs":["https:\/\/www.facebook.com\/www.sulin.ee\/","https:\/\/www.instagram.com\/sulintrade\/"]}]}},"builder_content":"","_links":{"self":[{"href":"https:\/\/sulin.ee\/en\/wp-json\/wp\/v2\/product\/38607","targetHints":{"allow":["GET"]}}],"collection":[{"href":"https:\/\/sulin.ee\/en\/wp-json\/wp\/v2\/product"}],"about":[{"href":"https:\/\/sulin.ee\/en\/wp-json\/wp\/v2\/types\/product"}],"replies":[{"embeddable":true,"href":"https:\/\/sulin.ee\/en\/wp-json\/wp\/v2\/comments?post=38607"}],"wp:featuredmedia":[{"embeddable":true,"href":"https:\/\/sulin.ee\/en\/wp-json\/wp\/v2\/media\/40421"}],"wp:attachment":[{"href":"https:\/\/sulin.ee\/en\/wp-json\/wp\/v2\/media?parent=38607"}],"wp:term":[{"taxonomy":"product_brand","embeddable":true,"href":"https:\/\/sulin.ee\/en\/wp-json\/wp\/v2\/product_brand?post=38607"},{"taxonomy":"product_cat","embeddable":true,"href":"https:\/\/sulin.ee\/en\/wp-json\/wp\/v2\/product_cat?post=38607"},{"taxonomy":"product_tag","embeddable":true,"href":"https:\/\/sulin.ee\/en\/wp-json\/wp\/v2\/product_tag?post=38607"}],"curies":[{"name":"wp","href":"https:\/\/api.w.org\/{rel}","templated":true}]}}