{"id":38580,"date":"2025-02-28T12:42:26","date_gmt":"2025-02-28T12:42:26","guid":{"rendered":"https:\/\/sulin.ee\/toode\/helendav-magnetiline-marmorikuuli-rada-49-elementi\/"},"modified":"2025-03-13T20:51:36","modified_gmt":"2025-03-13T20:51:36","slug":"helendavad-led-magnetklotsid-pallirajaga-dige-49-osaline","status":"publish","type":"product","link":"https:\/\/sulin.ee\/en\/toode\/helendavad-led-magnetklotsid-pallirajaga-dige-49-osaline\/","title":{"rendered":"Helendavad LED magnetklotsid pallirajaga DIGE 49-osaline"},"content":{"rendered":"<div class=\"flex max-w-full flex-col flex-grow\">\n<div class=\"min-h-8 text-message relative flex w-full flex-col items-end gap-2 whitespace-normal break-words text-start [.text-message+&amp;]:mt-5\" dir=\"auto\" data-message-author-role=\"assistant\" data-message-id=\"67e9c650-ced5-403e-9f00-9dce06c9d0f6\" data-message-model-slug=\"gpt-4o\">\n<div class=\"flex w-full flex-col gap-1 empty:hidden first:pt-[3px]\">\n<div class=\"markdown prose w-full break-words dark:prose-invert light\">\n<p data-start=\"122\" data-end=\"457\"><strong>Helendavad LED magnetklotsid pallirajaga DIGE<\/strong> on v\u00e4rvik\u00fcllane ja loominguline m\u00e4ngukomplekt, mis v\u00f5imaldab lastel ehitada ainulaadseid struktuure ning luua enda pallirada. See <strong>49-osaline komplekt<\/strong> \u00fchendab magnetklotside ja helendavate elementide maagia, pakkudes l\u00f5putult m\u00e4nguv\u00f5imalusi nii 2D- kui ka 3D-konstruktsioonide loomiseks.<\/p>\n<p data-start=\"459\" data-end=\"693\">Komplekti teeb eriliseks selle <strong>helendavad klotsid ja pallid<\/strong>, mis hakkavad liikumisel kumama, luues pimedas lummava valgusshow. Lisaks saab konstruktsiooni t\u00e4iendada kohtvalgustuslampidega, muutes rajad ja ehitised veelgi efektsemaks.<\/p>\n<p data-start=\"695\" data-end=\"1022\">M\u00e4ngimine selle komplektiga aitab arendada lapse k\u00e4elist osavust, peenmotoorikat ning ruumilist m\u00f5tlemist. Pallide liikumise j\u00e4lgimine tugevdab vaatlusoskust ning loogilist m\u00f5tlemist, aidates lastel \u00f5ppida l\u00e4bi l\u00f5busa tegevuse. Kuna m\u00e4ng pakub r\u00f5\u00f5mu ka \u00fchiselt tegutsedes, on see <strong>ideaalne pere\u00f5htuteks ja s\u00f5pradega m\u00e4ngimiseks.<\/strong><\/p>\n<p data-start=\"1024\" data-end=\"1045\"><strong data-start=\"1024\" data-end=\"1043\">Komplekti sisu:<\/strong><\/p>\n<ul data-start=\"1046\" data-end=\"1239\">\n<li data-start=\"1046\" data-end=\"1090\"><strong data-start=\"910\" data-end=\"923\">\u2705 <\/strong>Pallid x4 (sealhulgas helendavad pallid)<\/li>\n<li data-start=\"1091\" data-end=\"1116\"><strong data-start=\"910\" data-end=\"923\">\u2705 <\/strong>Helendavad klotsid x9<\/li>\n<li data-start=\"1117\" data-end=\"1160\"><strong data-start=\"910\" data-end=\"923\">\u2705 <\/strong>Magnetilised ruudukujulised klotsid x16<\/li>\n<li data-start=\"1161\" data-end=\"1201\"><strong data-start=\"910\" data-end=\"923\">\u2705 <\/strong>Erineva kujuga tavalised klotsid x20<\/li>\n<li data-start=\"1202\" data-end=\"1239\"><strong data-start=\"910\" data-end=\"923\">\u2705 <\/strong>Kleebised erinevate piltidega x20<\/li>\n<\/ul>\n<p data-start=\"1241\" data-end=\"1265\"><strong data-start=\"1241\" data-end=\"1263\">Tehnilised andmed:<\/strong><\/p>\n<ul data-start=\"1266\" data-end=\"1616\">\n<li data-start=\"1266\" data-end=\"1326\"><strong data-start=\"1268\" data-end=\"1281\">\u2705 Materjal:<\/strong> Vastupidav plastik, magnetilised elemendid<\/li>\n<li data-start=\"1327\" data-end=\"1344\"><strong data-start=\"1329\" data-end=\"1339\">\u2705 Vanus:<\/strong> 3+<\/li>\n<li data-start=\"1345\" data-end=\"1371\"><strong data-start=\"1347\" data-end=\"1366\">\u2705 Elementide arv:<\/strong> 49<\/li>\n<li data-start=\"1372\" data-end=\"1438\"><strong data-start=\"1374\" data-end=\"1391\">\u2705 Toiteallikas:<\/strong> Helendavate klotside jaoks patareid (kaasas)<\/li>\n<li data-start=\"1439\" data-end=\"1616\"><strong data-start=\"1441\" data-end=\"1452\">\u2705 M\u00f5\u00f5dud:<\/strong>\n<ul data-start=\"1457\" data-end=\"1616\">\n<li data-start=\"1457\" data-end=\"1482\">Klotsi suurus: 2,5 cm<\/li>\n<li data-start=\"1485\" data-end=\"1537\">Nelinurkne magnetplokk: 6,5 cm x 6,5 cm x 0,7 cm<\/li>\n<li data-start=\"1540\" data-end=\"1571\">Suurim plokk: 5 cm x 4,5 cm<\/li>\n<li data-start=\"1574\" data-end=\"1616\">Pakendi m\u00f5\u00f5dud: 27 cm x 13 cm x 7,5 cm<\/li>\n<\/ul>\n<\/li>\n<\/ul>\n<p data-start=\"1618\" data-end=\"1745\" data-is-last-node=\"\" data-is-only-node=\"\">Toode on pakendatud atraktiivsesse pappkarpi ning on suurep\u00e4rane kingiidee igale lapsele, kes armastab ehitamist ja avastamist.<\/p>\n<p data-start=\"1105\" data-end=\"1453\" data-is-last-node=\"\" data-is-only-node=\"\">Vaata ka teisi magnetkuubikuid ja -klotse<a href=\"https:\/\/sulin.ee\/tootekategooria\/mangimine\/magnetklotid\/\"> siit.<\/a><\/p>\n<p data-start=\"1105\" data-end=\"1453\" data-is-last-node=\"\" data-is-only-node=\"\"><strong>NB!<\/strong> DIGE magnetklotsid ja magnetkuubikud \u00fchilduvad sama firma DIGE sarnaste komplektidega. Need ei \u00fchildu Connetix magnetklotsidega. <a href=\"https:\/\/sulin.ee\/tootekategooria\/brandid\/dige\/\">DIGE magnetklotsid leiad siit.<\/a><\/p>\n<\/div>\n<\/div>\n<\/div>\n<\/div>\n","protected":false},"excerpt":{"rendered":"<p>Helendavad LED magnetklotsid pallirajaga DIGE, 49-osaline komplekt, pakub lastele l\u00f5putuid v\u00f5imalusi loovaks ehitamiseks ja p\u00f5nevate palliradade loomiseks. <strong>Helendavad klotsid ja liikuvad valgusefektidega pallid<\/strong> muudavad m\u00e4ngu eriti kaasahaaravaks, <strong>stimuleerides ruumilist m\u00f5tlemist, peenmotoorikat ja loogilist arutlemist<\/strong>. Ideaalne kingitus, mis \u00fchendab m\u00e4ngu ja \u00f5ppimise!<\/p>\n<p><strong>Vanus:<\/strong> 3+ aastat.<\/p>\n","protected":false},"featured_media":40418,"comment_status":"open","ping_status":"closed","template":"","meta":[],"product_brand":[],"product_cat":[110,1162,1165,1166,1441,1442,23],"product_tag":[],"class_list":{"0":"post-38580","1":"product","2":"type-product","3":"status-publish","4":"has-post-thumbnail","6":"product_cat-mangimine","7":"product_cat-kingituseks","8":"product_cat-3-5-aastat","9":"product_cat-6-8-aastat","10":"product_cat-magnetklotid","11":"product_cat-dige","12":"product_cat-soodus","13":"has-post-title","14":"has-post-date","15":"has-post-category","16":"has-post-tag","17":"has-post-comment","18":"has-post-author","19":"","21":"first","22":"instock","23":"sale","24":"taxable","25":"shipping-taxable","26":"purchasable","27":"product-type-simple"},"yoast_head":"<!-- This site is optimized with the Yoast SEO plugin v26.8 - https:\/\/yoast.com\/product\/yoast-seo-wordpress\/ -->\n<title>Helendavad LED magnetklotsid pallirajaga DIGE 49-osaline - sulin.ee<\/title>\n<meta name=\"description\" content=\"Helendavad LED magnetklotsid pallirajaga DIGE, 49-osaline komplekt, pakub loovat ehitamisr\u00f5\u00f5mu, stimuleerides laste kujutlusv\u00f5imet, peenmotoorikat\" \/>\n<meta name=\"robots\" content=\"index, follow, max-snippet:-1, max-image-preview:large, max-video-preview:-1\" \/>\n<link rel=\"canonical\" href=\"https:\/\/sulin.ee\/en\/toode\/helendavad-led-magnetklotsid-pallirajaga-dige-49-osaline\/\" \/>\n<meta property=\"og:locale\" content=\"en_US\" \/>\n<meta property=\"og:type\" content=\"article\" \/>\n<meta property=\"og:title\" content=\"Helendavad LED magnetklotsid pallirajaga DIGE 49-osaline - sulin.ee\" \/>\n<meta property=\"og:description\" content=\"Helendavad LED magnetklotsid pallirajaga DIGE, 49-osaline komplekt, pakub loovat ehitamisr\u00f5\u00f5mu, stimuleerides laste kujutlusv\u00f5imet, peenmotoorikat\" \/>\n<meta property=\"og:url\" content=\"https:\/\/sulin.ee\/en\/toode\/helendavad-led-magnetklotsid-pallirajaga-dige-49-osaline\/\" \/>\n<meta property=\"og:site_name\" content=\"sulin.ee\" \/>\n<meta property=\"article:publisher\" content=\"https:\/\/www.facebook.com\/www.sulin.ee\/\" \/>\n<meta property=\"article:modified_time\" content=\"2025-03-13T20:51:36+00:00\" \/>\n<meta property=\"og:image\" content=\"https:\/\/sulin.ee\/wp-content\/uploads\/2025\/02\/Piltide-korrektuurid-kodulehel-2025-03-01T132439.301.png\" \/>\n\t<meta property=\"og:image:width\" content=\"1080\" \/>\n\t<meta property=\"og:image:height\" content=\"1080\" \/>\n\t<meta property=\"og:image:type\" content=\"image\/png\" \/>\n<meta name=\"twitter:card\" content=\"summary_large_image\" \/>\n<meta name=\"twitter:label1\" content=\"Est. reading time\" \/>\n\t<meta name=\"twitter:data1\" content=\"2 minutes\" \/>\n<script type=\"application\/ld+json\" class=\"yoast-schema-graph\">{\"@context\":\"https:\/\/schema.org\",\"@graph\":[{\"@type\":\"WebPage\",\"@id\":\"https:\/\/sulin.ee\/en\/toode\/helendavad-led-magnetklotsid-pallirajaga-dige-49-osaline\/\",\"url\":\"https:\/\/sulin.ee\/en\/toode\/helendavad-led-magnetklotsid-pallirajaga-dige-49-osaline\/\",\"name\":\"Helendavad LED magnetklotsid pallirajaga DIGE 49-osaline - sulin.ee\",\"isPartOf\":{\"@id\":\"https:\/\/sulin.ee\/en\/#website\"},\"primaryImageOfPage\":{\"@id\":\"https:\/\/sulin.ee\/en\/toode\/helendavad-led-magnetklotsid-pallirajaga-dige-49-osaline\/#primaryimage\"},\"image\":{\"@id\":\"https:\/\/sulin.ee\/en\/toode\/helendavad-led-magnetklotsid-pallirajaga-dige-49-osaline\/#primaryimage\"},\"thumbnailUrl\":\"https:\/\/sulin.ee\/wp-content\/uploads\/2025\/02\/Piltide-korrektuurid-kodulehel-2025-03-01T132439.301.png\",\"datePublished\":\"2025-02-28T12:42:26+00:00\",\"dateModified\":\"2025-03-13T20:51:36+00:00\",\"description\":\"Helendavad LED magnetklotsid pallirajaga DIGE, 49-osaline komplekt, pakub loovat ehitamisr\u00f5\u00f5mu, stimuleerides laste kujutlusv\u00f5imet, peenmotoorikat\",\"breadcrumb\":{\"@id\":\"https:\/\/sulin.ee\/en\/toode\/helendavad-led-magnetklotsid-pallirajaga-dige-49-osaline\/#breadcrumb\"},\"inLanguage\":\"en-US\",\"potentialAction\":[{\"@type\":\"ReadAction\",\"target\":[\"https:\/\/sulin.ee\/en\/toode\/helendavad-led-magnetklotsid-pallirajaga-dige-49-osaline\/\"]}]},{\"@type\":\"ImageObject\",\"inLanguage\":\"en-US\",\"@id\":\"https:\/\/sulin.ee\/en\/toode\/helendavad-led-magnetklotsid-pallirajaga-dige-49-osaline\/#primaryimage\",\"url\":\"https:\/\/sulin.ee\/wp-content\/uploads\/2025\/02\/Piltide-korrektuurid-kodulehel-2025-03-01T132439.301.png\",\"contentUrl\":\"https:\/\/sulin.ee\/wp-content\/uploads\/2025\/02\/Piltide-korrektuurid-kodulehel-2025-03-01T132439.301.png\",\"width\":1080,\"height\":1080,\"caption\":\"Helendavad LED magnetklotsid pallirajaga\"},{\"@type\":\"BreadcrumbList\",\"@id\":\"https:\/\/sulin.ee\/en\/toode\/helendavad-led-magnetklotsid-pallirajaga-dige-49-osaline\/#breadcrumb\",\"itemListElement\":[{\"@type\":\"ListItem\",\"position\":1,\"name\":\"Home\",\"item\":\"https:\/\/sulin.ee\/en\/\"},{\"@type\":\"ListItem\",\"position\":2,\"name\":\"Sulin.ee e-pood\",\"item\":\"https:\/\/sulin.ee\/shop\/\"},{\"@type\":\"ListItem\",\"position\":3,\"name\":\"Helendavad LED magnetklotsid pallirajaga DIGE 49-osaline\"}]},{\"@type\":\"WebSite\",\"@id\":\"https:\/\/sulin.ee\/en\/#website\",\"url\":\"https:\/\/sulin.ee\/en\/\",\"name\":\"sulin.ee\",\"description\":\"\",\"publisher\":{\"@id\":\"https:\/\/sulin.ee\/en\/#organization\"},\"potentialAction\":[{\"@type\":\"SearchAction\",\"target\":{\"@type\":\"EntryPoint\",\"urlTemplate\":\"https:\/\/sulin.ee\/en\/?s={search_term_string}\"},\"query-input\":{\"@type\":\"PropertyValueSpecification\",\"valueRequired\":true,\"valueName\":\"search_term_string\"}}],\"inLanguage\":\"en-US\"},{\"@type\":\"Organization\",\"@id\":\"https:\/\/sulin.ee\/en\/#organization\",\"name\":\"SULIN TRADE O\u00dc\",\"url\":\"https:\/\/sulin.ee\/en\/\",\"logo\":{\"@type\":\"ImageObject\",\"inLanguage\":\"en-US\",\"@id\":\"https:\/\/sulin.ee\/en\/#\/schema\/logo\/image\/\",\"url\":\"https:\/\/sulin.ee\/wp-content\/uploads\/2022\/11\/sulin-logo.png\",\"contentUrl\":\"https:\/\/sulin.ee\/wp-content\/uploads\/2022\/11\/sulin-logo.png\",\"width\":871,\"height\":321,\"caption\":\"SULIN TRADE O\u00dc\"},\"image\":{\"@id\":\"https:\/\/sulin.ee\/en\/#\/schema\/logo\/image\/\"},\"sameAs\":[\"https:\/\/www.facebook.com\/www.sulin.ee\/\",\"https:\/\/www.instagram.com\/sulintrade\/\"]}]}<\/script>\n<!-- \/ Yoast SEO plugin. -->","yoast_head_json":{"title":"Helendavad LED magnetklotsid pallirajaga DIGE 49-osaline - sulin.ee","description":"Helendavad LED magnetklotsid pallirajaga DIGE, 49-osaline komplekt, pakub loovat ehitamisr\u00f5\u00f5mu, stimuleerides laste kujutlusv\u00f5imet, peenmotoorikat","robots":{"index":"index","follow":"follow","max-snippet":"max-snippet:-1","max-image-preview":"max-image-preview:large","max-video-preview":"max-video-preview:-1"},"canonical":"https:\/\/sulin.ee\/en\/toode\/helendavad-led-magnetklotsid-pallirajaga-dige-49-osaline\/","og_locale":"en_US","og_type":"article","og_title":"Helendavad LED magnetklotsid pallirajaga DIGE 49-osaline - sulin.ee","og_description":"Helendavad LED magnetklotsid pallirajaga DIGE, 49-osaline komplekt, pakub loovat ehitamisr\u00f5\u00f5mu, stimuleerides laste kujutlusv\u00f5imet, peenmotoorikat","og_url":"https:\/\/sulin.ee\/en\/toode\/helendavad-led-magnetklotsid-pallirajaga-dige-49-osaline\/","og_site_name":"sulin.ee","article_publisher":"https:\/\/www.facebook.com\/www.sulin.ee\/","article_modified_time":"2025-03-13T20:51:36+00:00","og_image":[{"width":1080,"height":1080,"url":"https:\/\/sulin.ee\/wp-content\/uploads\/2025\/02\/Piltide-korrektuurid-kodulehel-2025-03-01T132439.301.png","type":"image\/png"}],"twitter_card":"summary_large_image","twitter_misc":{"Est. reading time":"2 minutes"},"schema":{"@context":"https:\/\/schema.org","@graph":[{"@type":"WebPage","@id":"https:\/\/sulin.ee\/en\/toode\/helendavad-led-magnetklotsid-pallirajaga-dige-49-osaline\/","url":"https:\/\/sulin.ee\/en\/toode\/helendavad-led-magnetklotsid-pallirajaga-dige-49-osaline\/","name":"Helendavad LED magnetklotsid pallirajaga DIGE 49-osaline - sulin.ee","isPartOf":{"@id":"https:\/\/sulin.ee\/en\/#website"},"primaryImageOfPage":{"@id":"https:\/\/sulin.ee\/en\/toode\/helendavad-led-magnetklotsid-pallirajaga-dige-49-osaline\/#primaryimage"},"image":{"@id":"https:\/\/sulin.ee\/en\/toode\/helendavad-led-magnetklotsid-pallirajaga-dige-49-osaline\/#primaryimage"},"thumbnailUrl":"https:\/\/sulin.ee\/wp-content\/uploads\/2025\/02\/Piltide-korrektuurid-kodulehel-2025-03-01T132439.301.png","datePublished":"2025-02-28T12:42:26+00:00","dateModified":"2025-03-13T20:51:36+00:00","description":"Helendavad LED magnetklotsid pallirajaga DIGE, 49-osaline komplekt, pakub loovat ehitamisr\u00f5\u00f5mu, stimuleerides laste kujutlusv\u00f5imet, peenmotoorikat","breadcrumb":{"@id":"https:\/\/sulin.ee\/en\/toode\/helendavad-led-magnetklotsid-pallirajaga-dige-49-osaline\/#breadcrumb"},"inLanguage":"en-US","potentialAction":[{"@type":"ReadAction","target":["https:\/\/sulin.ee\/en\/toode\/helendavad-led-magnetklotsid-pallirajaga-dige-49-osaline\/"]}]},{"@type":"ImageObject","inLanguage":"en-US","@id":"https:\/\/sulin.ee\/en\/toode\/helendavad-led-magnetklotsid-pallirajaga-dige-49-osaline\/#primaryimage","url":"https:\/\/sulin.ee\/wp-content\/uploads\/2025\/02\/Piltide-korrektuurid-kodulehel-2025-03-01T132439.301.png","contentUrl":"https:\/\/sulin.ee\/wp-content\/uploads\/2025\/02\/Piltide-korrektuurid-kodulehel-2025-03-01T132439.301.png","width":1080,"height":1080,"caption":"Helendavad LED magnetklotsid pallirajaga"},{"@type":"BreadcrumbList","@id":"https:\/\/sulin.ee\/en\/toode\/helendavad-led-magnetklotsid-pallirajaga-dige-49-osaline\/#breadcrumb","itemListElement":[{"@type":"ListItem","position":1,"name":"Home","item":"https:\/\/sulin.ee\/en\/"},{"@type":"ListItem","position":2,"name":"Sulin.ee e-pood","item":"https:\/\/sulin.ee\/shop\/"},{"@type":"ListItem","position":3,"name":"Helendavad LED magnetklotsid pallirajaga DIGE 49-osaline"}]},{"@type":"WebSite","@id":"https:\/\/sulin.ee\/en\/#website","url":"https:\/\/sulin.ee\/en\/","name":"sulin.ee","description":"","publisher":{"@id":"https:\/\/sulin.ee\/en\/#organization"},"potentialAction":[{"@type":"SearchAction","target":{"@type":"EntryPoint","urlTemplate":"https:\/\/sulin.ee\/en\/?s={search_term_string}"},"query-input":{"@type":"PropertyValueSpecification","valueRequired":true,"valueName":"search_term_string"}}],"inLanguage":"en-US"},{"@type":"Organization","@id":"https:\/\/sulin.ee\/en\/#organization","name":"SULIN TRADE O\u00dc","url":"https:\/\/sulin.ee\/en\/","logo":{"@type":"ImageObject","inLanguage":"en-US","@id":"https:\/\/sulin.ee\/en\/#\/schema\/logo\/image\/","url":"https:\/\/sulin.ee\/wp-content\/uploads\/2022\/11\/sulin-logo.png","contentUrl":"https:\/\/sulin.ee\/wp-content\/uploads\/2022\/11\/sulin-logo.png","width":871,"height":321,"caption":"SULIN TRADE O\u00dc"},"image":{"@id":"https:\/\/sulin.ee\/en\/#\/schema\/logo\/image\/"},"sameAs":["https:\/\/www.facebook.com\/www.sulin.ee\/","https:\/\/www.instagram.com\/sulintrade\/"]}]}},"builder_content":"","_links":{"self":[{"href":"https:\/\/sulin.ee\/en\/wp-json\/wp\/v2\/product\/38580","targetHints":{"allow":["GET"]}}],"collection":[{"href":"https:\/\/sulin.ee\/en\/wp-json\/wp\/v2\/product"}],"about":[{"href":"https:\/\/sulin.ee\/en\/wp-json\/wp\/v2\/types\/product"}],"replies":[{"embeddable":true,"href":"https:\/\/sulin.ee\/en\/wp-json\/wp\/v2\/comments?post=38580"}],"wp:featuredmedia":[{"embeddable":true,"href":"https:\/\/sulin.ee\/en\/wp-json\/wp\/v2\/media\/40418"}],"wp:attachment":[{"href":"https:\/\/sulin.ee\/en\/wp-json\/wp\/v2\/media?parent=38580"}],"wp:term":[{"taxonomy":"product_brand","embeddable":true,"href":"https:\/\/sulin.ee\/en\/wp-json\/wp\/v2\/product_brand?post=38580"},{"taxonomy":"product_cat","embeddable":true,"href":"https:\/\/sulin.ee\/en\/wp-json\/wp\/v2\/product_cat?post=38580"},{"taxonomy":"product_tag","embeddable":true,"href":"https:\/\/sulin.ee\/en\/wp-json\/wp\/v2\/product_tag?post=38580"}],"curies":[{"name":"wp","href":"https:\/\/api.w.org\/{rel}","templated":true}]}}