{"id":38503,"date":"2025-03-02T12:42:03","date_gmt":"2025-03-02T12:42:03","guid":{"rendered":"https:\/\/sulin.ee\/toode\/hariduslik-puidust-lapsevanker-koos-sorteerijaga\/"},"modified":"2026-03-23T07:39:37","modified_gmt":"2026-03-23T07:39:37","slug":"puidust-kaimistugi-koos-kujundite-sorteerijaga","status":"publish","type":"product","link":"https:\/\/sulin.ee\/en\/toode\/puidust-kaimistugi-koos-kujundite-sorteerijaga\/","title":{"rendered":"Puidust k\u00e4imistugi koos kujundite sorteerijaga"},"content":{"rendered":"<div class=\"flex-1 grow overflow-hidden @container\/thread\">\n<div class=\"relative h-full\">\n<div class=\"flex h-full flex-col overflow-y-auto [scrollbar-gutter:stable]\">\n<div class=\"flex flex-col text-sm md:pb-9\">\n<article class=\"w-full text-token-text-primary focus-visible:outline-2 focus-visible:outline-offset-[-4px]\" dir=\"auto\" data-testid=\"conversation-turn-105\" data-scroll-anchor=\"true\">\n<div class=\"m-auto text-base py-[18px] px-6\">\n<div class=\"mx-auto flex flex-1 text-base gap-4 md:gap-5 lg:gap-6 md:max-w-3xl lg:max-w-[40rem] xl:max-w-[48rem]\">\n<div class=\"group\/conversation-turn relative flex w-full min-w-0 flex-col agent-turn @xs\/thread:px-0 @sm\/thread:px-1.5 @md\/thread:px-4\">\n<div class=\"flex-col gap-1 md:gap-3\">\n<div class=\"flex max-w-full flex-col flex-grow\">\n<div class=\"min-h-8 text-message relative flex w-full flex-col items-end gap-2 whitespace-normal break-words text-start [.text-message+&amp;]:mt-5\" dir=\"auto\" data-message-author-role=\"assistant\" data-message-id=\"8840fe32-c81d-426c-9779-93ba4ac10671\" data-message-model-slug=\"gpt-4o\">\n<div class=\"flex w-full flex-col gap-1 empty:hidden first:pt-[3px]\">\n<div class=\"markdown prose w-full break-words dark:prose-invert light\">\n<h3 data-start=\"0\" data-end=\"110\"><strong data-start=\"4\" data-end=\"108\">Puidust k\u00e4imistugi koos kujundite sorteerijaga \u2013 turvaline ja arendav abivahend esimesteks sammudeks<\/strong><\/h3>\n<p data-start=\"112\" data-end=\"519\">V\u00e4ikelapse <strong data-start=\"123\" data-end=\"142\">esimesed sammud<\/strong> on suured saavutused, mis toovad r\u00f5\u00f5mu nii lapsele kui ka vanematele. <strong data-start=\"213\" data-end=\"263\">Puidust k\u00e4imistugi koos kujundite sorteerijaga<\/strong> on suurep\u00e4rane abivahend, mis toetab last k\u00f5ndima \u00f5ppimisel ning pakub samal ajal arendavat ja l\u00f5busat tegevust. See mitmek\u00fclgne t\u00f5ukek\u00e4ru \u00fchendab endas <strong data-start=\"417\" data-end=\"430\">k\u00e4imistoe<\/strong> ja <strong data-start=\"434\" data-end=\"451\">\u00f5ppem\u00e4nguasja<\/strong>, aidates arendada lapse motoorikat, tasakaalu ja koordinatsiooni.<\/p>\n<h3 data-start=\"521\" data-end=\"556\"><strong data-start=\"525\" data-end=\"554\">M\u00e4nguline ja hariv disain<\/strong><\/h3>\n<p data-start=\"557\" data-end=\"1029\">Puidust k\u00e4imistoe sisse on integreeritud mitmeid <strong data-start=\"606\" data-end=\"623\">\u00f5ppem\u00e4nguasju<\/strong>, mis stimuleerivad lapse k\u00e4elisi oskusi ja loovust.<br data-start=\"675\" data-end=\"678\" \/>\u2705 <strong data-start=\"680\" data-end=\"704\">Kujundite sorteerija<\/strong> \u2013 lapse \u00fclesandeks on leida \u00f5iged augud ja paigutada klotsid \u00f5igesse kohta, mis arendab loogilist m\u00f5tlemist.<br data-start=\"813\" data-end=\"816\" \/>\u2705 <strong data-start=\"818\" data-end=\"854\">Liikuvad pallid ja numbriklotsid<\/strong> \u2013 treenivad s\u00f5rmede osavust ja aitavad \u00f5ppida v\u00e4rve ning kujundeid.<br data-start=\"922\" data-end=\"925\" \/>\u2705 <strong data-start=\"927\" data-end=\"956\" data-is-only-node=\"\">Peenmotoorika harjutamine<\/strong> \u2013 erinevad interaktiivsed elemendid toetavad lapse k\u00e4eosavuse arengut.<\/p>\n<h3 data-start=\"1031\" data-end=\"1074\"><strong data-start=\"1035\" data-end=\"1072\">Turvaline ja ergonoomiline disain<\/strong><\/h3>\n<p data-start=\"1075\" data-end=\"1176\">K\u00e4imistugi on loodud <strong data-start=\"1096\" data-end=\"1115\">ergonoomiliselt<\/strong>, et laps saaks esimesi samme teha turvaliselt ja mugavalt.<\/p>\n<ul data-start=\"1177\" data-end=\"1460\">\n<li data-start=\"1177\" data-end=\"1299\"><strong data-start=\"1179\" data-end=\"1196\">\u2705 Mugav k\u00e4epide<\/strong> on paigutatud 48 cm k\u00f5rgusele, aidates hoida selga sirgena ja kujundades \u00f5igeid kehahoiakuharjumusi.<\/li>\n<li data-start=\"1300\" data-end=\"1382\"><strong data-start=\"1302\" data-end=\"1330\">\u2705 Stabiilne konstruktsioon<\/strong> tagab kindla toe, v\u00e4hendades \u00fcmberkukkumise ohtu.<\/li>\n<li data-start=\"1383\" data-end=\"1460\"><strong data-start=\"1385\" data-end=\"1402\">\u2705 Suured rattad<\/strong> (14,5 cm) tagavad sujuva liikumise erinevatel pindadel.<\/li>\n<\/ul>\n<h3 data-start=\"1462\" data-end=\"1499\"><strong data-start=\"1466\" data-end=\"1497\">Miks valida see k\u00e4imistugi?<\/strong><\/h3>\n<p data-start=\"1500\" data-end=\"1920\">\u2714 <strong data-start=\"1502\" data-end=\"1533\">Toetab iseseisvat k\u00f5ndimist<\/strong> \u2013 julgustab last p\u00fcsti t\u00f5usma ja esimesi samme tegema.<br data-start=\"1588\" data-end=\"1591\" \/>\u2714 <strong data-start=\"1593\" data-end=\"1634\">Arendab motoorikat ja koordinatsiooni<\/strong> \u2013 l\u00e4bi k\u00f5ndimise ja m\u00e4ngimise.<br data-start=\"1665\" data-end=\"1668\" \/>\u2714 <strong data-start=\"1670\" data-end=\"1694\">Mitmek\u00fclgne ja hariv<\/strong> \u2013 sisaldab kujundite sorteerijat ja manipulatiivseid elemente.<br data-start=\"1757\" data-end=\"1760\" \/>\u2714 <strong data-start=\"1762\" data-end=\"1810\" data-is-only-node=\"\">Valmistatud kvaliteetsest ja ohutust puidust<\/strong> \u2013 vastupidav ja lapsele turvaline.<br data-start=\"1845\" data-end=\"1848\" \/>\u2714 <strong data-start=\"1850\" data-end=\"1874\">L\u00f5bus ja kaasahaarav<\/strong> \u2013 muudab \u00f5ppimise ja liikumise nauditavaks.<\/p>\n<h3 data-start=\"1922\" data-end=\"1947\"><strong data-start=\"1926\" data-end=\"1945\">Komplekti sisu:<\/strong><\/h3>\n<ul data-start=\"1948\" data-end=\"2033\">\n<li data-start=\"1948\" data-end=\"2009\"><strong data-start=\"1950\" data-end=\"2007\">\u2705 Puidust k\u00e4imistugi koos manipulatiivsete elementidega<\/strong><\/li>\n<li data-start=\"2010\" data-end=\"2033\"><strong data-start=\"2012\" data-end=\"2031\">\u2705 6 kujundiklotsi<\/strong><\/li>\n<\/ul>\n<h3 data-start=\"2035\" data-end=\"2063\"><strong data-start=\"2039\" data-end=\"2061\">Tehnilised andmed:<\/strong><\/h3>\n<ul data-start=\"2064\" data-end=\"2371\">\n<li data-start=\"2064\" data-end=\"2086\"><strong data-start=\"2066\" data-end=\"2079\">\u2705 Materjal:<\/strong> Puit<\/li>\n<li data-start=\"2087\" data-end=\"2106\"><strong data-start=\"2089\" data-end=\"2099\">\u2705 Vanus:<\/strong> 12m+<\/li>\n<li data-start=\"2107\" data-end=\"2171\"><strong data-start=\"2109\" data-end=\"2147\">\u2705 M\u00f5\u00f5dud (laius x k\u00f5rgus x s\u00fcgavus):<\/strong> 32 cm x 49 cm x 34 cm<\/li>\n<li data-start=\"2172\" data-end=\"2214\"><strong data-start=\"2174\" data-end=\"2206\">\u2705 K\u00e4epideme k\u00f5rgus maapinnast:<\/strong> 48 cm<\/li>\n<li data-start=\"2215\" data-end=\"2244\"><strong data-start=\"2217\" data-end=\"2234\">\u2705 Ratta suurus:<\/strong> 14,5 cm<\/li>\n<li data-start=\"2245\" data-end=\"2295\"><strong data-start=\"2247\" data-end=\"2272\">\u2705 Kujundiklotsi m\u00f5\u00f5dud:<\/strong> 3 cm x 3 cm x 3,7 cm<\/li>\n<li data-start=\"2296\" data-end=\"2343\"><strong data-start=\"2298\" data-end=\"2317\">\u2705 Pakendi m\u00f5\u00f5dud:<\/strong> 56 cm x 35,5 cm x 14 cm<\/li>\n<li data-start=\"2344\" data-end=\"2371\"><strong data-start=\"2346\" data-end=\"2357\">\u2705 Pakend:<\/strong> Kartongkast<\/li>\n<\/ul>\n<p data-start=\"2373\" data-end=\"2627\" data-is-last-node=\"\" data-is-only-node=\"\"><strong data-start=\"2373\" data-end=\"2423\">Puidust k\u00e4imistugi koos kujundite sorteerijaga<\/strong> on suurep\u00e4rane valik lapse esimesteks sammudeks, \u00fchendades liikumise ja \u00f5ppimise \u00fchte l\u00f5busasse ning arendavasse m\u00e4nguasja. <strong data-start=\"2548\" data-end=\"2627\" data-is-last-node=\"\">Tutvu ka meie teiste beebi motoorikat ja liikumisoskusi arendavate m\u00e4nguasjadega! <a href=\"https:\/\/sulin.ee\/tootekategooria\/beebile\/manguasjad\/motoorika-manguasjad-beebile\/\">Leiad siit.<\/a><\/strong><\/p>\n<\/div>\n<\/div>\n<\/div>\n<\/div>\n<\/div>\n<\/div>\n<\/div>\n<\/div>\n<\/article>\n<\/div>\n<\/div>\n<\/div>\n<\/div>\n","protected":false},"excerpt":{"rendered":"<p><strong data-start=\"0\" data-end=\"50\" data-is-only-node=\"\">Puidust k\u00e4imistugi koos kujundite sorteerijaga<\/strong> on ideaalne abivahend v\u00e4ikelapse esimesteks sammudeks, pakkudes samal ajal arendavat ja l\u00f5busat m\u00e4ngukogemust. Stabiilne konstruktsioon ja mugav k\u00e4epide toetavad k\u00f5ndimist, samas kui integreeritud kujundite sorteerija ja muud interaktiivsed elemendid arendavad lapse peenmotoorikat, loogilist m\u00f5tlemist ja k\u00e4eosavust. <strong data-start=\"369\" data-end=\"442\" data-is-last-node=\"\">Turvaline ja mitmek\u00fclgne m\u00e4nguasi, mis \u00fchendab liikumise ja \u00f5ppimise!<\/strong><\/p>\n<p><strong>Vanus:<\/strong> 12m+.<\/p>\n<p><strong>K\u00e4imistoe m\u00f5\u00f5tmed:<\/strong> 32 cm x 49 cm x 34 cm.<\/p>\n","protected":false},"featured_media":40499,"comment_status":"open","ping_status":"closed","template":"","meta":[],"product_brand":[],"product_cat":[179,769,1003,1016,1004,110,1164,1002,1023,1443,1064,23],"product_tag":[],"class_list":{"0":"post-38503","1":"product","2":"type-product","3":"status-publish","4":"has-post-thumbnail","6":"product_cat-beebile","7":"product_cat-manguasjad","8":"product_cat-motoorika-manguasjad-beebile","9":"product_cat-motoorikakeskused","10":"product_cat-lukatavad-ja-tommatavad-manguasjad","11":"product_cat-mangimine","12":"product_cat-1-3-aastat","13":"product_cat-oppemangud","14":"product_cat-motoorika","15":"product_cat-tegelustahvlid-lastele","16":"product_cat-beebitoa-moobel","17":"product_cat-soodus","18":"has-post-title","19":"has-post-date","20":"has-post-category","21":"has-post-tag","22":"has-post-comment","23":"has-post-author","24":"","26":"first","27":"outofstock","28":"sale","29":"taxable","30":"shipping-taxable","31":"purchasable","32":"product-type-simple"},"yoast_head":"<!-- This site is optimized with the Yoast SEO plugin v26.8 - https:\/\/yoast.com\/product\/yoast-seo-wordpress\/ -->\n<title>Puidust k\u00e4imistugi koos kujundite sorteerijaga - sulin.ee<\/title>\n<meta name=\"description\" content=\"Puidust k\u00e4imistugi koos kujundite sorteerijaga toetab lapse esimesi samme, arendades samal ajal peenmotoorikat ja loogilist m\u00f5tlemist l\u00e4bi m\u00e4ngu.\" \/>\n<meta name=\"robots\" content=\"index, follow, max-snippet:-1, max-image-preview:large, max-video-preview:-1\" \/>\n<link rel=\"canonical\" href=\"https:\/\/sulin.ee\/en\/toode\/puidust-kaimistugi-koos-kujundite-sorteerijaga\/\" \/>\n<meta property=\"og:locale\" content=\"en_US\" \/>\n<meta property=\"og:type\" content=\"article\" \/>\n<meta property=\"og:title\" content=\"Puidust k\u00e4imistugi koos kujundite sorteerijaga - sulin.ee\" \/>\n<meta property=\"og:description\" content=\"Puidust k\u00e4imistugi koos kujundite sorteerijaga toetab lapse esimesi samme, arendades samal ajal peenmotoorikat ja loogilist m\u00f5tlemist l\u00e4bi m\u00e4ngu.\" \/>\n<meta property=\"og:url\" content=\"https:\/\/sulin.ee\/en\/toode\/puidust-kaimistugi-koos-kujundite-sorteerijaga\/\" \/>\n<meta property=\"og:site_name\" content=\"sulin.ee\" \/>\n<meta property=\"article:publisher\" content=\"https:\/\/www.facebook.com\/www.sulin.ee\/\" \/>\n<meta property=\"article:modified_time\" content=\"2026-03-23T07:39:37+00:00\" \/>\n<meta property=\"og:image\" content=\"https:\/\/sulin.ee\/wp-content\/uploads\/2025\/03\/Piltide-korrektuurid-kodulehel-2025-03-05T184201.565.png\" \/>\n\t<meta property=\"og:image:width\" content=\"1080\" \/>\n\t<meta property=\"og:image:height\" content=\"1080\" \/>\n\t<meta property=\"og:image:type\" content=\"image\/png\" \/>\n<meta name=\"twitter:card\" content=\"summary_large_image\" \/>\n<meta name=\"twitter:label1\" content=\"Est. reading time\" \/>\n\t<meta name=\"twitter:data1\" content=\"2 minutes\" \/>\n<script type=\"application\/ld+json\" class=\"yoast-schema-graph\">{\"@context\":\"https:\/\/schema.org\",\"@graph\":[{\"@type\":\"WebPage\",\"@id\":\"https:\/\/sulin.ee\/en\/toode\/puidust-kaimistugi-koos-kujundite-sorteerijaga\/\",\"url\":\"https:\/\/sulin.ee\/en\/toode\/puidust-kaimistugi-koos-kujundite-sorteerijaga\/\",\"name\":\"Puidust k\u00e4imistugi koos kujundite sorteerijaga - sulin.ee\",\"isPartOf\":{\"@id\":\"https:\/\/sulin.ee\/en\/#website\"},\"primaryImageOfPage\":{\"@id\":\"https:\/\/sulin.ee\/en\/toode\/puidust-kaimistugi-koos-kujundite-sorteerijaga\/#primaryimage\"},\"image\":{\"@id\":\"https:\/\/sulin.ee\/en\/toode\/puidust-kaimistugi-koos-kujundite-sorteerijaga\/#primaryimage\"},\"thumbnailUrl\":\"https:\/\/sulin.ee\/wp-content\/uploads\/2025\/03\/Piltide-korrektuurid-kodulehel-2025-03-05T184201.565.png\",\"datePublished\":\"2025-03-02T12:42:03+00:00\",\"dateModified\":\"2026-03-23T07:39:37+00:00\",\"description\":\"Puidust k\u00e4imistugi koos kujundite sorteerijaga toetab lapse esimesi samme, arendades samal ajal peenmotoorikat ja loogilist m\u00f5tlemist l\u00e4bi m\u00e4ngu.\",\"breadcrumb\":{\"@id\":\"https:\/\/sulin.ee\/en\/toode\/puidust-kaimistugi-koos-kujundite-sorteerijaga\/#breadcrumb\"},\"inLanguage\":\"en-US\",\"potentialAction\":[{\"@type\":\"ReadAction\",\"target\":[\"https:\/\/sulin.ee\/en\/toode\/puidust-kaimistugi-koos-kujundite-sorteerijaga\/\"]}]},{\"@type\":\"ImageObject\",\"inLanguage\":\"en-US\",\"@id\":\"https:\/\/sulin.ee\/en\/toode\/puidust-kaimistugi-koos-kujundite-sorteerijaga\/#primaryimage\",\"url\":\"https:\/\/sulin.ee\/wp-content\/uploads\/2025\/03\/Piltide-korrektuurid-kodulehel-2025-03-05T184201.565.png\",\"contentUrl\":\"https:\/\/sulin.ee\/wp-content\/uploads\/2025\/03\/Piltide-korrektuurid-kodulehel-2025-03-05T184201.565.png\",\"width\":1080,\"height\":1080,\"caption\":\"Puidust k\u00e4imistugi\"},{\"@type\":\"BreadcrumbList\",\"@id\":\"https:\/\/sulin.ee\/en\/toode\/puidust-kaimistugi-koos-kujundite-sorteerijaga\/#breadcrumb\",\"itemListElement\":[{\"@type\":\"ListItem\",\"position\":1,\"name\":\"Home\",\"item\":\"https:\/\/sulin.ee\/en\/\"},{\"@type\":\"ListItem\",\"position\":2,\"name\":\"Sulin.ee e-pood\",\"item\":\"https:\/\/sulin.ee\/shop\/\"},{\"@type\":\"ListItem\",\"position\":3,\"name\":\"Puidust k\u00e4imistugi koos kujundite sorteerijaga\"}]},{\"@type\":\"WebSite\",\"@id\":\"https:\/\/sulin.ee\/en\/#website\",\"url\":\"https:\/\/sulin.ee\/en\/\",\"name\":\"sulin.ee\",\"description\":\"\",\"publisher\":{\"@id\":\"https:\/\/sulin.ee\/en\/#organization\"},\"potentialAction\":[{\"@type\":\"SearchAction\",\"target\":{\"@type\":\"EntryPoint\",\"urlTemplate\":\"https:\/\/sulin.ee\/en\/?s={search_term_string}\"},\"query-input\":{\"@type\":\"PropertyValueSpecification\",\"valueRequired\":true,\"valueName\":\"search_term_string\"}}],\"inLanguage\":\"en-US\"},{\"@type\":\"Organization\",\"@id\":\"https:\/\/sulin.ee\/en\/#organization\",\"name\":\"SULIN TRADE O\u00dc\",\"url\":\"https:\/\/sulin.ee\/en\/\",\"logo\":{\"@type\":\"ImageObject\",\"inLanguage\":\"en-US\",\"@id\":\"https:\/\/sulin.ee\/en\/#\/schema\/logo\/image\/\",\"url\":\"https:\/\/sulin.ee\/wp-content\/uploads\/2022\/11\/sulin-logo.png\",\"contentUrl\":\"https:\/\/sulin.ee\/wp-content\/uploads\/2022\/11\/sulin-logo.png\",\"width\":871,\"height\":321,\"caption\":\"SULIN TRADE O\u00dc\"},\"image\":{\"@id\":\"https:\/\/sulin.ee\/en\/#\/schema\/logo\/image\/\"},\"sameAs\":[\"https:\/\/www.facebook.com\/www.sulin.ee\/\",\"https:\/\/www.instagram.com\/sulintrade\/\"]}]}<\/script>\n<!-- \/ Yoast SEO plugin. -->","yoast_head_json":{"title":"Puidust k\u00e4imistugi koos kujundite sorteerijaga - sulin.ee","description":"Puidust k\u00e4imistugi koos kujundite sorteerijaga toetab lapse esimesi samme, arendades samal ajal peenmotoorikat ja loogilist m\u00f5tlemist l\u00e4bi m\u00e4ngu.","robots":{"index":"index","follow":"follow","max-snippet":"max-snippet:-1","max-image-preview":"max-image-preview:large","max-video-preview":"max-video-preview:-1"},"canonical":"https:\/\/sulin.ee\/en\/toode\/puidust-kaimistugi-koos-kujundite-sorteerijaga\/","og_locale":"en_US","og_type":"article","og_title":"Puidust k\u00e4imistugi koos kujundite sorteerijaga - sulin.ee","og_description":"Puidust k\u00e4imistugi koos kujundite sorteerijaga toetab lapse esimesi samme, arendades samal ajal peenmotoorikat ja loogilist m\u00f5tlemist l\u00e4bi m\u00e4ngu.","og_url":"https:\/\/sulin.ee\/en\/toode\/puidust-kaimistugi-koos-kujundite-sorteerijaga\/","og_site_name":"sulin.ee","article_publisher":"https:\/\/www.facebook.com\/www.sulin.ee\/","article_modified_time":"2026-03-23T07:39:37+00:00","og_image":[{"width":1080,"height":1080,"url":"https:\/\/sulin.ee\/wp-content\/uploads\/2025\/03\/Piltide-korrektuurid-kodulehel-2025-03-05T184201.565.png","type":"image\/png"}],"twitter_card":"summary_large_image","twitter_misc":{"Est. reading time":"2 minutes"},"schema":{"@context":"https:\/\/schema.org","@graph":[{"@type":"WebPage","@id":"https:\/\/sulin.ee\/en\/toode\/puidust-kaimistugi-koos-kujundite-sorteerijaga\/","url":"https:\/\/sulin.ee\/en\/toode\/puidust-kaimistugi-koos-kujundite-sorteerijaga\/","name":"Puidust k\u00e4imistugi koos kujundite sorteerijaga - sulin.ee","isPartOf":{"@id":"https:\/\/sulin.ee\/en\/#website"},"primaryImageOfPage":{"@id":"https:\/\/sulin.ee\/en\/toode\/puidust-kaimistugi-koos-kujundite-sorteerijaga\/#primaryimage"},"image":{"@id":"https:\/\/sulin.ee\/en\/toode\/puidust-kaimistugi-koos-kujundite-sorteerijaga\/#primaryimage"},"thumbnailUrl":"https:\/\/sulin.ee\/wp-content\/uploads\/2025\/03\/Piltide-korrektuurid-kodulehel-2025-03-05T184201.565.png","datePublished":"2025-03-02T12:42:03+00:00","dateModified":"2026-03-23T07:39:37+00:00","description":"Puidust k\u00e4imistugi koos kujundite sorteerijaga toetab lapse esimesi samme, arendades samal ajal peenmotoorikat ja loogilist m\u00f5tlemist l\u00e4bi m\u00e4ngu.","breadcrumb":{"@id":"https:\/\/sulin.ee\/en\/toode\/puidust-kaimistugi-koos-kujundite-sorteerijaga\/#breadcrumb"},"inLanguage":"en-US","potentialAction":[{"@type":"ReadAction","target":["https:\/\/sulin.ee\/en\/toode\/puidust-kaimistugi-koos-kujundite-sorteerijaga\/"]}]},{"@type":"ImageObject","inLanguage":"en-US","@id":"https:\/\/sulin.ee\/en\/toode\/puidust-kaimistugi-koos-kujundite-sorteerijaga\/#primaryimage","url":"https:\/\/sulin.ee\/wp-content\/uploads\/2025\/03\/Piltide-korrektuurid-kodulehel-2025-03-05T184201.565.png","contentUrl":"https:\/\/sulin.ee\/wp-content\/uploads\/2025\/03\/Piltide-korrektuurid-kodulehel-2025-03-05T184201.565.png","width":1080,"height":1080,"caption":"Puidust k\u00e4imistugi"},{"@type":"BreadcrumbList","@id":"https:\/\/sulin.ee\/en\/toode\/puidust-kaimistugi-koos-kujundite-sorteerijaga\/#breadcrumb","itemListElement":[{"@type":"ListItem","position":1,"name":"Home","item":"https:\/\/sulin.ee\/en\/"},{"@type":"ListItem","position":2,"name":"Sulin.ee e-pood","item":"https:\/\/sulin.ee\/shop\/"},{"@type":"ListItem","position":3,"name":"Puidust k\u00e4imistugi koos kujundite sorteerijaga"}]},{"@type":"WebSite","@id":"https:\/\/sulin.ee\/en\/#website","url":"https:\/\/sulin.ee\/en\/","name":"sulin.ee","description":"","publisher":{"@id":"https:\/\/sulin.ee\/en\/#organization"},"potentialAction":[{"@type":"SearchAction","target":{"@type":"EntryPoint","urlTemplate":"https:\/\/sulin.ee\/en\/?s={search_term_string}"},"query-input":{"@type":"PropertyValueSpecification","valueRequired":true,"valueName":"search_term_string"}}],"inLanguage":"en-US"},{"@type":"Organization","@id":"https:\/\/sulin.ee\/en\/#organization","name":"SULIN TRADE O\u00dc","url":"https:\/\/sulin.ee\/en\/","logo":{"@type":"ImageObject","inLanguage":"en-US","@id":"https:\/\/sulin.ee\/en\/#\/schema\/logo\/image\/","url":"https:\/\/sulin.ee\/wp-content\/uploads\/2022\/11\/sulin-logo.png","contentUrl":"https:\/\/sulin.ee\/wp-content\/uploads\/2022\/11\/sulin-logo.png","width":871,"height":321,"caption":"SULIN TRADE O\u00dc"},"image":{"@id":"https:\/\/sulin.ee\/en\/#\/schema\/logo\/image\/"},"sameAs":["https:\/\/www.facebook.com\/www.sulin.ee\/","https:\/\/www.instagram.com\/sulintrade\/"]}]}},"builder_content":"","_links":{"self":[{"href":"https:\/\/sulin.ee\/en\/wp-json\/wp\/v2\/product\/38503","targetHints":{"allow":["GET"]}}],"collection":[{"href":"https:\/\/sulin.ee\/en\/wp-json\/wp\/v2\/product"}],"about":[{"href":"https:\/\/sulin.ee\/en\/wp-json\/wp\/v2\/types\/product"}],"replies":[{"embeddable":true,"href":"https:\/\/sulin.ee\/en\/wp-json\/wp\/v2\/comments?post=38503"}],"wp:featuredmedia":[{"embeddable":true,"href":"https:\/\/sulin.ee\/en\/wp-json\/wp\/v2\/media\/40499"}],"wp:attachment":[{"href":"https:\/\/sulin.ee\/en\/wp-json\/wp\/v2\/media?parent=38503"}],"wp:term":[{"taxonomy":"product_brand","embeddable":true,"href":"https:\/\/sulin.ee\/en\/wp-json\/wp\/v2\/product_brand?post=38503"},{"taxonomy":"product_cat","embeddable":true,"href":"https:\/\/sulin.ee\/en\/wp-json\/wp\/v2\/product_cat?post=38503"},{"taxonomy":"product_tag","embeddable":true,"href":"https:\/\/sulin.ee\/en\/wp-json\/wp\/v2\/product_tag?post=38503"}],"curies":[{"name":"wp","href":"https:\/\/api.w.org\/{rel}","templated":true}]}}