{"id":38446,"date":"2025-03-02T12:41:45","date_gmt":"2025-03-02T12:41:45","guid":{"rendered":"https:\/\/sulin.ee\/toode\/torud-sensoorsed-torud-venivad-hariduslikud-montessori-torud-8-tukki\/"},"modified":"2025-08-27T20:22:15","modified_gmt":"2025-08-27T20:22:15","slug":"sensoorsed-torud-8tk","status":"publish","type":"product","link":"https:\/\/sulin.ee\/en\/toode\/sensoorsed-torud-8tk\/","title":{"rendered":"Sensoorsed torud 8tk"},"content":{"rendered":"<p><strong data-start=\"4\" data-end=\"68\">Sensoorsed torud 8 tk \u2013 arendav ja kaasahaarav m\u00e4ngukomplekt<\/strong><\/p>\n<div class=\"flex max-w-full flex-col flex-grow\">\n<div class=\"min-h-8 text-message relative flex w-full flex-col items-end gap-2 whitespace-normal break-words text-start [.text-message+&amp;]:mt-5\" dir=\"auto\" data-message-author-role=\"assistant\" data-message-id=\"243aa4f5-ee27-450c-b4fe-c7ea300d00a6\" data-message-model-slug=\"gpt-4o\">\n<div class=\"flex w-full flex-col gap-1 empty:hidden first:pt-[3px]\">\n<div class=\"markdown prose w-full break-words dark:prose-invert light\">\n<p data-start=\"72\" data-end=\"337\"><strong data-start=\"72\" data-end=\"180\">L\u00f5bus, kaasahaarav ja arendav \u2013 venitatavad torud pakuvad lastele nii m\u00e4ngulusti kui ka kasulikke oskusi!<\/strong> See mitmek\u00fclgne m\u00e4ngukomplekt sisaldab <strong data-start=\"220\" data-end=\"248\">8 v\u00e4rvilist venivat toru<\/strong>, mis pakuvad sensoorset stimulatsiooni, arendavad peenmotoorikat ja ergutavad loovust.<\/p>\n<h3 data-start=\"339\" data-end=\"380\"><strong data-start=\"343\" data-end=\"378\">M\u00e4ngimise v\u00f5imalused ja eelised<\/strong><\/h3>\n<p data-start=\"381\" data-end=\"655\">Torud on valmistatud <strong data-start=\"413\" data-end=\"455\">painduvast ja vastupidavast plastikust<\/strong>, mida saab venitada, painutada, keerata ja \u00fchendada omavahel, et luua erinevaid kujundeid ja struktuure. M\u00e4ngides arendab laps oma <strong data-start=\"587\" data-end=\"652\">k\u00e4elist osavust, silma-k\u00e4e koordinatsiooni ja sensoorset taju<\/strong>.<\/p>\n<p data-start=\"657\" data-end=\"1299\">\u2705 <strong data-start=\"659\" data-end=\"685\">Arendab peenmotoorikat<\/strong> \u2013 torude venitamine ja kokku surumine treenib k\u00e4te lihaseid ja haardeoskust.<br data-start=\"762\" data-end=\"765\" \/>\u2705 <strong data-start=\"767\" data-end=\"803\">Stimuleerib sensoorset tunnetust<\/strong> \u2013 torud tekitavad venitades ja painutades erinevaid helisid ning pakuvad kompimismeelele mitmekesist kogemust.<br data-start=\"914\" data-end=\"917\" data-is-only-node=\"\" \/>\u2705 <strong data-start=\"919\" data-end=\"949\">Loov ja interaktiivne m\u00e4ng<\/strong> \u2013 laps saab torusid \u00fchendada, painutada ja kombineerida erineval viisil, mis soodustab loovust ja probleemilahendust.<br data-start=\"1067\" data-end=\"1070\" \/>\u2705 <strong data-start=\"1072\" data-end=\"1112\">Rahustav ja t\u00e4helepanu koondav efekt<\/strong> \u2013 ideaalne lastele, kes vajavad rahustavaid fidget-m\u00e4nguasju v\u00f5i sensoorset stimulatsiooni.<br data-start=\"1204\" data-end=\"1207\" \/>\u2705 <strong data-start=\"1209\" data-end=\"1232\">Mitmek\u00fclgne kasutus<\/strong> \u2013 sobib nii individuaalseks m\u00e4ngimiseks kui ka grupitegevusteks.<\/p>\n<h3 data-start=\"1301\" data-end=\"1329\"><strong data-start=\"1305\" data-end=\"1327\">Sensoorsed torud tehnilised andmed:<\/strong><\/h3>\n<ul data-start=\"1330\" data-end=\"1546\">\n<li data-start=\"1330\" data-end=\"1355\"><strong data-start=\"1332\" data-end=\"1345\">\u2705 Materjal:<\/strong> Plastik<\/li>\n<li data-start=\"1356\" data-end=\"1389\"><strong data-start=\"1358\" data-end=\"1380\">\u2705 Komplekt sisaldab:<\/strong> 8 toru<\/li>\n<li data-start=\"1390\" data-end=\"1424\"><strong data-start=\"1392\" data-end=\"1409\">\u2705 Toru m\u00f5\u00f5tmed:<\/strong> 13 cm x 2 cm<\/li>\n<li data-start=\"1425\" data-end=\"1462\"><strong data-start=\"1427\" data-end=\"1454\">\u2705 Venitatud toru m\u00f5\u00f5tmed:<\/strong> 41 cm<\/li>\n<\/ul>\n<p data-start=\"1548\" data-end=\"1734\" data-is-last-node=\"\" data-is-only-node=\"\"><strong data-start=\"1548\" data-end=\"1661\">Sensoorsed torud on suurep\u00e4rane valik igale lapsele, pakkudes l\u00f5busat, arendavat ja rahustavat m\u00e4ngukogemust.<\/strong> <strong data-start=\"1662\" data-end=\"1734\" data-is-last-node=\"\">Avasta ka meie teised sensoorsed ja motoorikat arendavad m\u00e4nguasjad! <a href=\"https:\/\/sulin.ee\/tootekategooria\/mangimine\/oppemangud\/motoorika\/\">Leiad siit.<\/a><\/strong><\/p>\n<\/div>\n<\/div>\n<\/div>\n<\/div>\n","protected":false},"excerpt":{"rendered":"<p><strong data-start=\"0\" data-end=\"25\" data-is-only-node=\"\">Sensoorsed torud 8 tk<\/strong> on venitatavad, painutatavad ja omavahel \u00fchendatavad m\u00e4nguasjad, mis arendavad lapse peenmotoorikat, sensoorset taju ja loovust. Torude venitamisel tekivad erinevad helid, pakkudes nii meelelist stimulatsiooni kui ka rahustavat fidget-efekti. <strong data-start=\"269\" data-end=\"309\" data-is-last-node=\"\">L\u00f5bus ja arendav m\u00e4ng igale lapsele!<\/strong><\/p>\n<p><strong>Toru m\u00f5\u00f5tmed:<\/strong> 13 x 2 cm.<\/p>\n","protected":false},"featured_media":40496,"comment_status":"open","ping_status":"closed","template":"","meta":[],"product_brand":[],"product_cat":[23],"product_tag":[],"class_list":{"0":"post-38446","1":"product","2":"type-product","3":"status-publish","4":"has-post-thumbnail","6":"product_cat-soodus","7":"has-post-title","8":"has-post-date","9":"has-post-category","10":"has-post-tag","11":"has-post-comment","12":"has-post-author","13":"","15":"first","16":"instock","17":"sale","18":"taxable","19":"shipping-taxable","20":"purchasable","21":"product-type-simple"},"yoast_head":"<!-- This site is optimized with the Yoast SEO plugin v26.8 - https:\/\/yoast.com\/product\/yoast-seo-wordpress\/ -->\n<title>Sensoorsed torud 8tk - sulin.ee<\/title>\n<meta name=\"description\" content=\"Sensoorsed torud lastele aitavad parandada k\u00e4eosavust, keskendumisv\u00f5imet ja sensoorset stimulatsiooni, muutes m\u00e4ngu samal ajal l\u00f5busaks ja harivaks.\" \/>\n<meta name=\"robots\" content=\"index, follow, max-snippet:-1, max-image-preview:large, max-video-preview:-1\" \/>\n<link rel=\"canonical\" href=\"https:\/\/sulin.ee\/en\/toode\/sensoorsed-torud-8tk\/\" \/>\n<meta property=\"og:locale\" content=\"en_US\" \/>\n<meta property=\"og:type\" content=\"article\" \/>\n<meta property=\"og:title\" content=\"Sensoorsed torud 8tk - sulin.ee\" \/>\n<meta property=\"og:description\" content=\"Sensoorsed torud lastele aitavad parandada k\u00e4eosavust, keskendumisv\u00f5imet ja sensoorset stimulatsiooni, muutes m\u00e4ngu samal ajal l\u00f5busaks ja harivaks.\" \/>\n<meta property=\"og:url\" content=\"https:\/\/sulin.ee\/en\/toode\/sensoorsed-torud-8tk\/\" \/>\n<meta property=\"og:site_name\" content=\"sulin.ee\" \/>\n<meta property=\"article:publisher\" content=\"https:\/\/www.facebook.com\/www.sulin.ee\/\" \/>\n<meta property=\"article:modified_time\" content=\"2025-08-27T20:22:15+00:00\" \/>\n<meta property=\"og:image\" content=\"https:\/\/sulin.ee\/wp-content\/uploads\/2025\/03\/Piltide-korrektuurid-kodulehel-2025-03-05T182109.664.png\" \/>\n\t<meta property=\"og:image:width\" content=\"1080\" \/>\n\t<meta property=\"og:image:height\" content=\"1080\" \/>\n\t<meta property=\"og:image:type\" content=\"image\/png\" \/>\n<meta name=\"twitter:card\" content=\"summary_large_image\" \/>\n<meta name=\"twitter:label1\" content=\"Est. reading time\" \/>\n\t<meta name=\"twitter:data1\" content=\"2 minutes\" \/>\n<script type=\"application\/ld+json\" class=\"yoast-schema-graph\">{\"@context\":\"https:\/\/schema.org\",\"@graph\":[{\"@type\":\"WebPage\",\"@id\":\"https:\/\/sulin.ee\/en\/toode\/sensoorsed-torud-8tk\/\",\"url\":\"https:\/\/sulin.ee\/en\/toode\/sensoorsed-torud-8tk\/\",\"name\":\"Sensoorsed torud 8tk - sulin.ee\",\"isPartOf\":{\"@id\":\"https:\/\/sulin.ee\/en\/#website\"},\"primaryImageOfPage\":{\"@id\":\"https:\/\/sulin.ee\/en\/toode\/sensoorsed-torud-8tk\/#primaryimage\"},\"image\":{\"@id\":\"https:\/\/sulin.ee\/en\/toode\/sensoorsed-torud-8tk\/#primaryimage\"},\"thumbnailUrl\":\"https:\/\/sulin.ee\/wp-content\/uploads\/2025\/03\/Piltide-korrektuurid-kodulehel-2025-03-05T182109.664.png\",\"datePublished\":\"2025-03-02T12:41:45+00:00\",\"dateModified\":\"2025-08-27T20:22:15+00:00\",\"description\":\"Sensoorsed torud lastele aitavad parandada k\u00e4eosavust, keskendumisv\u00f5imet ja sensoorset stimulatsiooni, muutes m\u00e4ngu samal ajal l\u00f5busaks ja harivaks.\",\"breadcrumb\":{\"@id\":\"https:\/\/sulin.ee\/en\/toode\/sensoorsed-torud-8tk\/#breadcrumb\"},\"inLanguage\":\"en-US\",\"potentialAction\":[{\"@type\":\"ReadAction\",\"target\":[\"https:\/\/sulin.ee\/en\/toode\/sensoorsed-torud-8tk\/\"]}]},{\"@type\":\"ImageObject\",\"inLanguage\":\"en-US\",\"@id\":\"https:\/\/sulin.ee\/en\/toode\/sensoorsed-torud-8tk\/#primaryimage\",\"url\":\"https:\/\/sulin.ee\/wp-content\/uploads\/2025\/03\/Piltide-korrektuurid-kodulehel-2025-03-05T182109.664.png\",\"contentUrl\":\"https:\/\/sulin.ee\/wp-content\/uploads\/2025\/03\/Piltide-korrektuurid-kodulehel-2025-03-05T182109.664.png\",\"width\":1080,\"height\":1080,\"caption\":\"Sensoorsed torud\"},{\"@type\":\"BreadcrumbList\",\"@id\":\"https:\/\/sulin.ee\/en\/toode\/sensoorsed-torud-8tk\/#breadcrumb\",\"itemListElement\":[{\"@type\":\"ListItem\",\"position\":1,\"name\":\"Home\",\"item\":\"https:\/\/sulin.ee\/en\/\"},{\"@type\":\"ListItem\",\"position\":2,\"name\":\"Sulin.ee e-pood\",\"item\":\"https:\/\/sulin.ee\/shop\/\"},{\"@type\":\"ListItem\",\"position\":3,\"name\":\"Sensoorsed torud 8tk\"}]},{\"@type\":\"WebSite\",\"@id\":\"https:\/\/sulin.ee\/en\/#website\",\"url\":\"https:\/\/sulin.ee\/en\/\",\"name\":\"sulin.ee\",\"description\":\"\",\"publisher\":{\"@id\":\"https:\/\/sulin.ee\/en\/#organization\"},\"potentialAction\":[{\"@type\":\"SearchAction\",\"target\":{\"@type\":\"EntryPoint\",\"urlTemplate\":\"https:\/\/sulin.ee\/en\/?s={search_term_string}\"},\"query-input\":{\"@type\":\"PropertyValueSpecification\",\"valueRequired\":true,\"valueName\":\"search_term_string\"}}],\"inLanguage\":\"en-US\"},{\"@type\":\"Organization\",\"@id\":\"https:\/\/sulin.ee\/en\/#organization\",\"name\":\"SULIN TRADE O\u00dc\",\"url\":\"https:\/\/sulin.ee\/en\/\",\"logo\":{\"@type\":\"ImageObject\",\"inLanguage\":\"en-US\",\"@id\":\"https:\/\/sulin.ee\/en\/#\/schema\/logo\/image\/\",\"url\":\"https:\/\/sulin.ee\/wp-content\/uploads\/2022\/11\/sulin-logo.png\",\"contentUrl\":\"https:\/\/sulin.ee\/wp-content\/uploads\/2022\/11\/sulin-logo.png\",\"width\":871,\"height\":321,\"caption\":\"SULIN TRADE O\u00dc\"},\"image\":{\"@id\":\"https:\/\/sulin.ee\/en\/#\/schema\/logo\/image\/\"},\"sameAs\":[\"https:\/\/www.facebook.com\/www.sulin.ee\/\",\"https:\/\/www.instagram.com\/sulintrade\/\"]}]}<\/script>\n<!-- \/ Yoast SEO plugin. -->","yoast_head_json":{"title":"Sensoorsed torud 8tk - sulin.ee","description":"Sensoorsed torud lastele aitavad parandada k\u00e4eosavust, keskendumisv\u00f5imet ja sensoorset stimulatsiooni, muutes m\u00e4ngu samal ajal l\u00f5busaks ja harivaks.","robots":{"index":"index","follow":"follow","max-snippet":"max-snippet:-1","max-image-preview":"max-image-preview:large","max-video-preview":"max-video-preview:-1"},"canonical":"https:\/\/sulin.ee\/en\/toode\/sensoorsed-torud-8tk\/","og_locale":"en_US","og_type":"article","og_title":"Sensoorsed torud 8tk - sulin.ee","og_description":"Sensoorsed torud lastele aitavad parandada k\u00e4eosavust, keskendumisv\u00f5imet ja sensoorset stimulatsiooni, muutes m\u00e4ngu samal ajal l\u00f5busaks ja harivaks.","og_url":"https:\/\/sulin.ee\/en\/toode\/sensoorsed-torud-8tk\/","og_site_name":"sulin.ee","article_publisher":"https:\/\/www.facebook.com\/www.sulin.ee\/","article_modified_time":"2025-08-27T20:22:15+00:00","og_image":[{"width":1080,"height":1080,"url":"https:\/\/sulin.ee\/wp-content\/uploads\/2025\/03\/Piltide-korrektuurid-kodulehel-2025-03-05T182109.664.png","type":"image\/png"}],"twitter_card":"summary_large_image","twitter_misc":{"Est. reading time":"2 minutes"},"schema":{"@context":"https:\/\/schema.org","@graph":[{"@type":"WebPage","@id":"https:\/\/sulin.ee\/en\/toode\/sensoorsed-torud-8tk\/","url":"https:\/\/sulin.ee\/en\/toode\/sensoorsed-torud-8tk\/","name":"Sensoorsed torud 8tk - sulin.ee","isPartOf":{"@id":"https:\/\/sulin.ee\/en\/#website"},"primaryImageOfPage":{"@id":"https:\/\/sulin.ee\/en\/toode\/sensoorsed-torud-8tk\/#primaryimage"},"image":{"@id":"https:\/\/sulin.ee\/en\/toode\/sensoorsed-torud-8tk\/#primaryimage"},"thumbnailUrl":"https:\/\/sulin.ee\/wp-content\/uploads\/2025\/03\/Piltide-korrektuurid-kodulehel-2025-03-05T182109.664.png","datePublished":"2025-03-02T12:41:45+00:00","dateModified":"2025-08-27T20:22:15+00:00","description":"Sensoorsed torud lastele aitavad parandada k\u00e4eosavust, keskendumisv\u00f5imet ja sensoorset stimulatsiooni, muutes m\u00e4ngu samal ajal l\u00f5busaks ja harivaks.","breadcrumb":{"@id":"https:\/\/sulin.ee\/en\/toode\/sensoorsed-torud-8tk\/#breadcrumb"},"inLanguage":"en-US","potentialAction":[{"@type":"ReadAction","target":["https:\/\/sulin.ee\/en\/toode\/sensoorsed-torud-8tk\/"]}]},{"@type":"ImageObject","inLanguage":"en-US","@id":"https:\/\/sulin.ee\/en\/toode\/sensoorsed-torud-8tk\/#primaryimage","url":"https:\/\/sulin.ee\/wp-content\/uploads\/2025\/03\/Piltide-korrektuurid-kodulehel-2025-03-05T182109.664.png","contentUrl":"https:\/\/sulin.ee\/wp-content\/uploads\/2025\/03\/Piltide-korrektuurid-kodulehel-2025-03-05T182109.664.png","width":1080,"height":1080,"caption":"Sensoorsed torud"},{"@type":"BreadcrumbList","@id":"https:\/\/sulin.ee\/en\/toode\/sensoorsed-torud-8tk\/#breadcrumb","itemListElement":[{"@type":"ListItem","position":1,"name":"Home","item":"https:\/\/sulin.ee\/en\/"},{"@type":"ListItem","position":2,"name":"Sulin.ee e-pood","item":"https:\/\/sulin.ee\/shop\/"},{"@type":"ListItem","position":3,"name":"Sensoorsed torud 8tk"}]},{"@type":"WebSite","@id":"https:\/\/sulin.ee\/en\/#website","url":"https:\/\/sulin.ee\/en\/","name":"sulin.ee","description":"","publisher":{"@id":"https:\/\/sulin.ee\/en\/#organization"},"potentialAction":[{"@type":"SearchAction","target":{"@type":"EntryPoint","urlTemplate":"https:\/\/sulin.ee\/en\/?s={search_term_string}"},"query-input":{"@type":"PropertyValueSpecification","valueRequired":true,"valueName":"search_term_string"}}],"inLanguage":"en-US"},{"@type":"Organization","@id":"https:\/\/sulin.ee\/en\/#organization","name":"SULIN TRADE O\u00dc","url":"https:\/\/sulin.ee\/en\/","logo":{"@type":"ImageObject","inLanguage":"en-US","@id":"https:\/\/sulin.ee\/en\/#\/schema\/logo\/image\/","url":"https:\/\/sulin.ee\/wp-content\/uploads\/2022\/11\/sulin-logo.png","contentUrl":"https:\/\/sulin.ee\/wp-content\/uploads\/2022\/11\/sulin-logo.png","width":871,"height":321,"caption":"SULIN TRADE O\u00dc"},"image":{"@id":"https:\/\/sulin.ee\/en\/#\/schema\/logo\/image\/"},"sameAs":["https:\/\/www.facebook.com\/www.sulin.ee\/","https:\/\/www.instagram.com\/sulintrade\/"]}]}},"builder_content":"","_links":{"self":[{"href":"https:\/\/sulin.ee\/en\/wp-json\/wp\/v2\/product\/38446","targetHints":{"allow":["GET"]}}],"collection":[{"href":"https:\/\/sulin.ee\/en\/wp-json\/wp\/v2\/product"}],"about":[{"href":"https:\/\/sulin.ee\/en\/wp-json\/wp\/v2\/types\/product"}],"replies":[{"embeddable":true,"href":"https:\/\/sulin.ee\/en\/wp-json\/wp\/v2\/comments?post=38446"}],"wp:featuredmedia":[{"embeddable":true,"href":"https:\/\/sulin.ee\/en\/wp-json\/wp\/v2\/media\/40496"}],"wp:attachment":[{"href":"https:\/\/sulin.ee\/en\/wp-json\/wp\/v2\/media?parent=38446"}],"wp:term":[{"taxonomy":"product_brand","embeddable":true,"href":"https:\/\/sulin.ee\/en\/wp-json\/wp\/v2\/product_brand?post=38446"},{"taxonomy":"product_cat","embeddable":true,"href":"https:\/\/sulin.ee\/en\/wp-json\/wp\/v2\/product_cat?post=38446"},{"taxonomy":"product_tag","embeddable":true,"href":"https:\/\/sulin.ee\/en\/wp-json\/wp\/v2\/product_tag?post=38446"}],"curies":[{"name":"wp","href":"https:\/\/api.w.org\/{rel}","templated":true}]}}