{"id":38398,"date":"2025-03-01T12:41:32","date_gmt":"2025-03-01T12:41:32","guid":{"rendered":"https:\/\/sulin.ee\/toode\/sensoorsed-pehmed-opetlikud-pallid-plokid-15-elementi\/"},"modified":"2026-03-27T10:04:44","modified_gmt":"2026-03-27T10:04:44","slug":"sensoorsed-pehmed-klotsid-ja-pallid-15-elementi","status":"publish","type":"product","link":"https:\/\/sulin.ee\/en\/toode\/sensoorsed-pehmed-klotsid-ja-pallid-15-elementi\/","title":{"rendered":"Sensoorsed pehmed klotsid ja pallid \u2013 15 elementi"},"content":{"rendered":"<p data-start=\"0\" data-end=\"55\"><strong data-start=\"0\" data-end=\"53\">Sensoorsed pehmed klotsid ja pallid \u2013 15 elementi<\/strong><\/p>\n<p data-start=\"57\" data-end=\"319\">Avasta m\u00e4ngu ja arengu uus tase selle mitmek\u00fclgse sensoorsete klotside ja pallide komplektiga! See 15-osaline m\u00e4ngukomplekt on loodud spetsiaalselt v\u00e4ikelastele, et toetada nende motoorset arengut, k\u00e4elise osavuse arendamist ja sensoorse tunnetuse rikastamist.<\/p>\n<h3 data-start=\"321\" data-end=\"346\"><strong data-start=\"325\" data-end=\"344\">Sensoorsed pehmed klotsid ja pallid komplekti sisu: <\/strong><\/h3>\n<ul>\n<li data-start=\"347\" data-end=\"450\"><strong data-start=\"349\" data-end=\"364\">\u2705 Klotsid x 12<\/strong> \u2013 erinevate tekstuuride ja reljeefsete mustritega, mis stimuleerivad kompimismeelt.<\/li>\n<li data-start=\"451\" data-end=\"579\"><strong data-start=\"453\" data-end=\"466\">\u2705 Pallid x 3<\/strong> \u2013 kergesti haaratavad ja m\u00f5nusalt pehmed, pakkudes k\u00e4te ja s\u00f5rmede arendamiseks suurep\u00e4rast harjutusmaterjali.<\/li>\n<\/ul>\n<h3 data-start=\"581\" data-end=\"609\"><strong data-start=\"585\" data-end=\"607\">Tehnilised andmed:<\/strong><\/h3>\n<ul data-start=\"610\" data-end=\"897\">\n<li data-start=\"610\" data-end=\"654\"><strong data-start=\"612\" data-end=\"633\">\u2705 Soovitatav vanus:<\/strong> 18 kuud ja vanemad<\/li>\n<li data-start=\"655\" data-end=\"739\"><strong data-start=\"657\" data-end=\"670\">\u2705 Materjal:<\/strong> Ohutu ja pehme silikoon, mis on vastupidav ja lihtsasti puhastatav<\/li>\n<li data-start=\"740\" data-end=\"816\"><strong data-start=\"742\" data-end=\"753\">\u2705 M\u00f5\u00f5dud:<\/strong>\n<ul data-start=\"758\" data-end=\"816\">\n<li data-start=\"758\" data-end=\"784\">Pall: 6 cm l\u00e4bim\u00f5\u00f5duga<\/li>\n<li data-start=\"787\" data-end=\"816\">Klots: 5 cm x 5 cm x 6 cm<\/li>\n<\/ul>\n<\/li>\n<\/ul>\n<h3 data-start=\"899\" data-end=\"934\"><strong data-start=\"903\" data-end=\"932\">Miks valida see komplekt?<\/strong><\/h3>\n<p data-start=\"935\" data-end=\"1598\">\u2714 <strong data-start=\"937\" data-end=\"966\">Arendab motoorseid oskusi<\/strong> \u2013 Klotside ja pallide haaramine, kokkusurumine ja virnastamine treenib peenmotoorikat ning silma-k\u00e4e koordinatsiooni.<br data-start=\"1084\" data-end=\"1087\" \/>\u2714 <strong data-start=\"1089\" data-end=\"1110\">Stimuleerib meeli<\/strong> \u2013 Erinevad tekstuurid ja kujundid aitavad arendada lapse kompimis- ja tajumeelt.<br data-start=\"1191\" data-end=\"1194\" \/>\u2714 <strong data-start=\"1196\" data-end=\"1223\">Turvaline ja vastupidav<\/strong> \u2013 Valmistatud kvaliteetsest silikoonist, mis on pehme, ohutu ja vastupidav igap\u00e4evasele m\u00e4ngimisele.<br data-start=\"1324\" data-end=\"1327\" \/>\u2714 <strong data-start=\"1329\" data-end=\"1352\" data-is-only-node=\"\">\u00d5ppimine l\u00e4bi m\u00e4ngu<\/strong> \u2013 Klotsidel olevad mustrid ja kujundid toetavad varajast \u00f5ppimist, sealhulgas v\u00e4rvide, numbrite ja erinevate kujundite \u00e4ratundmist.<br data-start=\"1484\" data-end=\"1487\" \/>\u2714 <strong data-start=\"1489\" data-end=\"1508\">Lihtne hooldada<\/strong> \u2013 Materjal on veekindel ja kergesti puhastatav, sobides ideaalselt ka vannim\u00e4nguasjaks.<\/p>\n<p data-start=\"1600\" data-end=\"1700\" data-is-last-node=\"\" data-is-only-node=\"\">See komplekt on suurep\u00e4rane valik igale lapsele, pakkudes turvalist ja arendavat m\u00e4ngukogemust!<\/p>\n<p data-start=\"1600\" data-end=\"1700\" data-is-last-node=\"\" data-is-only-node=\"\">Avasta ka meie teised <strong data-start=\"158\" data-end=\"193\">motoorikat arendavad m\u00e4nguasjad<\/strong> ja leia veelgi rohkem vahvaid v\u00f5imalusi lapse oskuste arendamiseks! <a href=\"https:\/\/sulin.ee\/tootekategooria\/mangimine\/oppemangud\/motoorika\/\"><strong data-start=\"269\" data-end=\"288\" data-is-last-node=\"\">Vaata l\u00e4hemalt!<\/strong><\/a><\/p>\n","protected":false},"excerpt":{"rendered":"<p><strong>Pehmest silikoonist sensoorsed pallid ja klotsid.<\/strong> Komplekt pakub igak\u00fclgset meelelahutust, \u00f5ppimist ja arengut t\u00e4is m\u00e4ngu. Klotsidel on erinevad mustrid ja numbrid.<\/p>\n<p><strong>M\u00f5\u00f5dud:<\/strong> Klots: 5 cm x 5 cm x 6 cm. Pall: 6 cm.<\/p>\n<p><strong>Vanus:<\/strong> 18m+ kuud.<\/p>\n","protected":false},"featured_media":38403,"comment_status":"open","ping_status":"closed","template":"","meta":[],"product_brand":[],"product_cat":[179,769,1003,1016,999,1001,23],"product_tag":[],"class_list":{"0":"post-38398","1":"product","2":"type-product","3":"status-publish","4":"has-post-thumbnail","6":"product_cat-beebile","7":"product_cat-manguasjad","8":"product_cat-motoorika-manguasjad-beebile","9":"product_cat-motoorikakeskused","10":"product_cat-ladumistornid","11":"product_cat-sorteerimismangud","12":"product_cat-soodus","13":"has-post-title","14":"has-post-date","15":"has-post-category","16":"has-post-tag","17":"has-post-comment","18":"has-post-author","19":"","21":"first","22":"instock","23":"sale","24":"taxable","25":"shipping-taxable","26":"purchasable","27":"product-type-simple"},"yoast_head":"<!-- This site is optimized with the Yoast SEO plugin v26.8 - https:\/\/yoast.com\/product\/yoast-seo-wordpress\/ -->\n<title>Sensoorsed pehmed klotsid ja pallid \u2013 15 elementi - sulin.ee<\/title>\n<meta name=\"description\" content=\"Sensoorsed pehmed klotsid ja pallid on ohutust silikoonist valmistatud arendav m\u00e4ngukomplekt, mis toetab v\u00e4ikelaste peenmotoorikat, kompimismeelt\" \/>\n<meta name=\"robots\" content=\"index, follow, max-snippet:-1, max-image-preview:large, max-video-preview:-1\" \/>\n<link rel=\"canonical\" href=\"https:\/\/sulin.ee\/en\/toode\/sensoorsed-pehmed-klotsid-ja-pallid-15-elementi\/\" \/>\n<meta property=\"og:locale\" content=\"en_US\" \/>\n<meta property=\"og:type\" content=\"article\" \/>\n<meta property=\"og:title\" content=\"Sensoorsed pehmed klotsid ja pallid \u2013 15 elementi - sulin.ee\" \/>\n<meta property=\"og:description\" content=\"Sensoorsed pehmed klotsid ja pallid on ohutust silikoonist valmistatud arendav m\u00e4ngukomplekt, mis toetab v\u00e4ikelaste peenmotoorikat, kompimismeelt\" \/>\n<meta property=\"og:url\" content=\"https:\/\/sulin.ee\/en\/toode\/sensoorsed-pehmed-klotsid-ja-pallid-15-elementi\/\" \/>\n<meta property=\"og:site_name\" content=\"sulin.ee\" \/>\n<meta property=\"article:publisher\" content=\"https:\/\/www.facebook.com\/www.sulin.ee\/\" \/>\n<meta property=\"article:modified_time\" content=\"2026-03-27T10:04:44+00:00\" \/>\n<meta property=\"og:image\" content=\"https:\/\/sulin.ee\/wp-content\/uploads\/2025\/02\/Klocki-pilki-sensoryczne-miekkie-edukacyjne-15-elementow-156879.jpg\" \/>\n\t<meta property=\"og:image:width\" content=\"1024\" \/>\n\t<meta property=\"og:image:height\" content=\"1024\" \/>\n\t<meta property=\"og:image:type\" content=\"image\/jpeg\" \/>\n<meta name=\"twitter:card\" content=\"summary_large_image\" \/>\n<meta name=\"twitter:label1\" content=\"Est. reading time\" \/>\n\t<meta name=\"twitter:data1\" content=\"2 minutes\" \/>\n<script type=\"application\/ld+json\" class=\"yoast-schema-graph\">{\"@context\":\"https:\/\/schema.org\",\"@graph\":[{\"@type\":\"WebPage\",\"@id\":\"https:\/\/sulin.ee\/en\/toode\/sensoorsed-pehmed-klotsid-ja-pallid-15-elementi\/\",\"url\":\"https:\/\/sulin.ee\/en\/toode\/sensoorsed-pehmed-klotsid-ja-pallid-15-elementi\/\",\"name\":\"Sensoorsed pehmed klotsid ja pallid \u2013 15 elementi - sulin.ee\",\"isPartOf\":{\"@id\":\"https:\/\/sulin.ee\/en\/#website\"},\"primaryImageOfPage\":{\"@id\":\"https:\/\/sulin.ee\/en\/toode\/sensoorsed-pehmed-klotsid-ja-pallid-15-elementi\/#primaryimage\"},\"image\":{\"@id\":\"https:\/\/sulin.ee\/en\/toode\/sensoorsed-pehmed-klotsid-ja-pallid-15-elementi\/#primaryimage\"},\"thumbnailUrl\":\"https:\/\/sulin.ee\/wp-content\/uploads\/2025\/02\/Klocki-pilki-sensoryczne-miekkie-edukacyjne-15-elementow-156879.jpg\",\"datePublished\":\"2025-03-01T12:41:32+00:00\",\"dateModified\":\"2026-03-27T10:04:44+00:00\",\"description\":\"Sensoorsed pehmed klotsid ja pallid on ohutust silikoonist valmistatud arendav m\u00e4ngukomplekt, mis toetab v\u00e4ikelaste peenmotoorikat, kompimismeelt\",\"breadcrumb\":{\"@id\":\"https:\/\/sulin.ee\/en\/toode\/sensoorsed-pehmed-klotsid-ja-pallid-15-elementi\/#breadcrumb\"},\"inLanguage\":\"en-US\",\"potentialAction\":[{\"@type\":\"ReadAction\",\"target\":[\"https:\/\/sulin.ee\/en\/toode\/sensoorsed-pehmed-klotsid-ja-pallid-15-elementi\/\"]}]},{\"@type\":\"ImageObject\",\"inLanguage\":\"en-US\",\"@id\":\"https:\/\/sulin.ee\/en\/toode\/sensoorsed-pehmed-klotsid-ja-pallid-15-elementi\/#primaryimage\",\"url\":\"https:\/\/sulin.ee\/wp-content\/uploads\/2025\/02\/Klocki-pilki-sensoryczne-miekkie-edukacyjne-15-elementow-156879.jpg\",\"contentUrl\":\"https:\/\/sulin.ee\/wp-content\/uploads\/2025\/02\/Klocki-pilki-sensoryczne-miekkie-edukacyjne-15-elementow-156879.jpg\",\"width\":1024,\"height\":1024,\"caption\":\"Sensoorsed pehmed klotsid ja pallid\"},{\"@type\":\"BreadcrumbList\",\"@id\":\"https:\/\/sulin.ee\/en\/toode\/sensoorsed-pehmed-klotsid-ja-pallid-15-elementi\/#breadcrumb\",\"itemListElement\":[{\"@type\":\"ListItem\",\"position\":1,\"name\":\"Home\",\"item\":\"https:\/\/sulin.ee\/en\/\"},{\"@type\":\"ListItem\",\"position\":2,\"name\":\"Sulin.ee e-pood\",\"item\":\"https:\/\/sulin.ee\/shop\/\"},{\"@type\":\"ListItem\",\"position\":3,\"name\":\"Sensoorsed pehmed klotsid ja pallid \u2013 15 elementi\"}]},{\"@type\":\"WebSite\",\"@id\":\"https:\/\/sulin.ee\/en\/#website\",\"url\":\"https:\/\/sulin.ee\/en\/\",\"name\":\"sulin.ee\",\"description\":\"\",\"publisher\":{\"@id\":\"https:\/\/sulin.ee\/en\/#organization\"},\"potentialAction\":[{\"@type\":\"SearchAction\",\"target\":{\"@type\":\"EntryPoint\",\"urlTemplate\":\"https:\/\/sulin.ee\/en\/?s={search_term_string}\"},\"query-input\":{\"@type\":\"PropertyValueSpecification\",\"valueRequired\":true,\"valueName\":\"search_term_string\"}}],\"inLanguage\":\"en-US\"},{\"@type\":\"Organization\",\"@id\":\"https:\/\/sulin.ee\/en\/#organization\",\"name\":\"SULIN TRADE O\u00dc\",\"url\":\"https:\/\/sulin.ee\/en\/\",\"logo\":{\"@type\":\"ImageObject\",\"inLanguage\":\"en-US\",\"@id\":\"https:\/\/sulin.ee\/en\/#\/schema\/logo\/image\/\",\"url\":\"https:\/\/sulin.ee\/wp-content\/uploads\/2022\/11\/sulin-logo.png\",\"contentUrl\":\"https:\/\/sulin.ee\/wp-content\/uploads\/2022\/11\/sulin-logo.png\",\"width\":871,\"height\":321,\"caption\":\"SULIN TRADE O\u00dc\"},\"image\":{\"@id\":\"https:\/\/sulin.ee\/en\/#\/schema\/logo\/image\/\"},\"sameAs\":[\"https:\/\/www.facebook.com\/www.sulin.ee\/\",\"https:\/\/www.instagram.com\/sulintrade\/\"]}]}<\/script>\n<!-- \/ Yoast SEO plugin. -->","yoast_head_json":{"title":"Sensoorsed pehmed klotsid ja pallid \u2013 15 elementi - sulin.ee","description":"Sensoorsed pehmed klotsid ja pallid on ohutust silikoonist valmistatud arendav m\u00e4ngukomplekt, mis toetab v\u00e4ikelaste peenmotoorikat, kompimismeelt","robots":{"index":"index","follow":"follow","max-snippet":"max-snippet:-1","max-image-preview":"max-image-preview:large","max-video-preview":"max-video-preview:-1"},"canonical":"https:\/\/sulin.ee\/en\/toode\/sensoorsed-pehmed-klotsid-ja-pallid-15-elementi\/","og_locale":"en_US","og_type":"article","og_title":"Sensoorsed pehmed klotsid ja pallid \u2013 15 elementi - sulin.ee","og_description":"Sensoorsed pehmed klotsid ja pallid on ohutust silikoonist valmistatud arendav m\u00e4ngukomplekt, mis toetab v\u00e4ikelaste peenmotoorikat, kompimismeelt","og_url":"https:\/\/sulin.ee\/en\/toode\/sensoorsed-pehmed-klotsid-ja-pallid-15-elementi\/","og_site_name":"sulin.ee","article_publisher":"https:\/\/www.facebook.com\/www.sulin.ee\/","article_modified_time":"2026-03-27T10:04:44+00:00","og_image":[{"width":1024,"height":1024,"url":"https:\/\/sulin.ee\/wp-content\/uploads\/2025\/02\/Klocki-pilki-sensoryczne-miekkie-edukacyjne-15-elementow-156879.jpg","type":"image\/jpeg"}],"twitter_card":"summary_large_image","twitter_misc":{"Est. reading time":"2 minutes"},"schema":{"@context":"https:\/\/schema.org","@graph":[{"@type":"WebPage","@id":"https:\/\/sulin.ee\/en\/toode\/sensoorsed-pehmed-klotsid-ja-pallid-15-elementi\/","url":"https:\/\/sulin.ee\/en\/toode\/sensoorsed-pehmed-klotsid-ja-pallid-15-elementi\/","name":"Sensoorsed pehmed klotsid ja pallid \u2013 15 elementi - sulin.ee","isPartOf":{"@id":"https:\/\/sulin.ee\/en\/#website"},"primaryImageOfPage":{"@id":"https:\/\/sulin.ee\/en\/toode\/sensoorsed-pehmed-klotsid-ja-pallid-15-elementi\/#primaryimage"},"image":{"@id":"https:\/\/sulin.ee\/en\/toode\/sensoorsed-pehmed-klotsid-ja-pallid-15-elementi\/#primaryimage"},"thumbnailUrl":"https:\/\/sulin.ee\/wp-content\/uploads\/2025\/02\/Klocki-pilki-sensoryczne-miekkie-edukacyjne-15-elementow-156879.jpg","datePublished":"2025-03-01T12:41:32+00:00","dateModified":"2026-03-27T10:04:44+00:00","description":"Sensoorsed pehmed klotsid ja pallid on ohutust silikoonist valmistatud arendav m\u00e4ngukomplekt, mis toetab v\u00e4ikelaste peenmotoorikat, kompimismeelt","breadcrumb":{"@id":"https:\/\/sulin.ee\/en\/toode\/sensoorsed-pehmed-klotsid-ja-pallid-15-elementi\/#breadcrumb"},"inLanguage":"en-US","potentialAction":[{"@type":"ReadAction","target":["https:\/\/sulin.ee\/en\/toode\/sensoorsed-pehmed-klotsid-ja-pallid-15-elementi\/"]}]},{"@type":"ImageObject","inLanguage":"en-US","@id":"https:\/\/sulin.ee\/en\/toode\/sensoorsed-pehmed-klotsid-ja-pallid-15-elementi\/#primaryimage","url":"https:\/\/sulin.ee\/wp-content\/uploads\/2025\/02\/Klocki-pilki-sensoryczne-miekkie-edukacyjne-15-elementow-156879.jpg","contentUrl":"https:\/\/sulin.ee\/wp-content\/uploads\/2025\/02\/Klocki-pilki-sensoryczne-miekkie-edukacyjne-15-elementow-156879.jpg","width":1024,"height":1024,"caption":"Sensoorsed pehmed klotsid ja pallid"},{"@type":"BreadcrumbList","@id":"https:\/\/sulin.ee\/en\/toode\/sensoorsed-pehmed-klotsid-ja-pallid-15-elementi\/#breadcrumb","itemListElement":[{"@type":"ListItem","position":1,"name":"Home","item":"https:\/\/sulin.ee\/en\/"},{"@type":"ListItem","position":2,"name":"Sulin.ee e-pood","item":"https:\/\/sulin.ee\/shop\/"},{"@type":"ListItem","position":3,"name":"Sensoorsed pehmed klotsid ja pallid \u2013 15 elementi"}]},{"@type":"WebSite","@id":"https:\/\/sulin.ee\/en\/#website","url":"https:\/\/sulin.ee\/en\/","name":"sulin.ee","description":"","publisher":{"@id":"https:\/\/sulin.ee\/en\/#organization"},"potentialAction":[{"@type":"SearchAction","target":{"@type":"EntryPoint","urlTemplate":"https:\/\/sulin.ee\/en\/?s={search_term_string}"},"query-input":{"@type":"PropertyValueSpecification","valueRequired":true,"valueName":"search_term_string"}}],"inLanguage":"en-US"},{"@type":"Organization","@id":"https:\/\/sulin.ee\/en\/#organization","name":"SULIN TRADE O\u00dc","url":"https:\/\/sulin.ee\/en\/","logo":{"@type":"ImageObject","inLanguage":"en-US","@id":"https:\/\/sulin.ee\/en\/#\/schema\/logo\/image\/","url":"https:\/\/sulin.ee\/wp-content\/uploads\/2022\/11\/sulin-logo.png","contentUrl":"https:\/\/sulin.ee\/wp-content\/uploads\/2022\/11\/sulin-logo.png","width":871,"height":321,"caption":"SULIN TRADE O\u00dc"},"image":{"@id":"https:\/\/sulin.ee\/en\/#\/schema\/logo\/image\/"},"sameAs":["https:\/\/www.facebook.com\/www.sulin.ee\/","https:\/\/www.instagram.com\/sulintrade\/"]}]}},"builder_content":"","_links":{"self":[{"href":"https:\/\/sulin.ee\/en\/wp-json\/wp\/v2\/product\/38398","targetHints":{"allow":["GET"]}}],"collection":[{"href":"https:\/\/sulin.ee\/en\/wp-json\/wp\/v2\/product"}],"about":[{"href":"https:\/\/sulin.ee\/en\/wp-json\/wp\/v2\/types\/product"}],"replies":[{"embeddable":true,"href":"https:\/\/sulin.ee\/en\/wp-json\/wp\/v2\/comments?post=38398"}],"wp:featuredmedia":[{"embeddable":true,"href":"https:\/\/sulin.ee\/en\/wp-json\/wp\/v2\/media\/38403"}],"wp:attachment":[{"href":"https:\/\/sulin.ee\/en\/wp-json\/wp\/v2\/media?parent=38398"}],"wp:term":[{"taxonomy":"product_brand","embeddable":true,"href":"https:\/\/sulin.ee\/en\/wp-json\/wp\/v2\/product_brand?post=38398"},{"taxonomy":"product_cat","embeddable":true,"href":"https:\/\/sulin.ee\/en\/wp-json\/wp\/v2\/product_cat?post=38398"},{"taxonomy":"product_tag","embeddable":true,"href":"https:\/\/sulin.ee\/en\/wp-json\/wp\/v2\/product_tag?post=38398"}],"curies":[{"name":"wp","href":"https:\/\/api.w.org\/{rel}","templated":true}]}}