{"id":38376,"date":"2025-02-19T12:41:26","date_gmt":"2025-02-19T12:41:26","guid":{"rendered":"https:\/\/sulin.ee\/toode\/alexander-4-jarjestikuse-peomangu-reisiversioon-5\/"},"modified":"2025-07-29T22:11:40","modified_gmt":"2025-07-29T22:11:40","slug":"lauamang-4-tukki-jarjest","status":"publish","type":"product","link":"https:\/\/sulin.ee\/en\/toode\/lauamang-4-tukki-jarjest\/","title":{"rendered":"Lauam\u00e4ng &#8220;4 t\u00fckki j\u00e4rjest&#8221;"},"content":{"rendered":"<div class=\"flex max-w-full flex-col flex-grow\">\n<div class=\"min-h-8 text-message relative flex w-full flex-col items-end gap-2 whitespace-normal break-words text-start [.text-message+&amp;]:mt-5\" dir=\"auto\" data-message-author-role=\"assistant\" data-message-id=\"10171541-76cb-44d6-86ea-2bd04a3fde4c\" data-message-model-slug=\"gpt-4\">\n<div class=\"flex w-full flex-col gap-1 empty:hidden first:pt-[3px]\">\n<div class=\"markdown prose w-full break-words dark:prose-invert light\">\n<p data-start=\"69\" data-end=\"361\"><strong>Lauam\u00e4ng &#8220;4 t\u00fckki j\u00e4rjest&#8221; on p\u00f5nev strateegiam\u00e4ng kahele m\u00e4ngijale, mis on suurep\u00e4rane ajaviide nii kodus kui ka reisil. See ainulaadne puidust versioon klassikalisest m\u00e4ngust pakub m\u00e4ngur\u00f5\u00f5mu k\u00f5igile vanusegruppidele, julgustades m\u00e4ngijaid arendama oma strateegilist m\u00f5tlemist ja etten\u00e4gelikkust.<\/strong><\/p>\n<h4 data-start=\"363\" data-end=\"382\">M\u00e4ngu eesm\u00e4rk:<\/h4>\n<p data-start=\"383\" data-end=\"654\">M\u00e4ngu peamine eesm\u00e4rk on paigutada esimesena neli oma v\u00e4rvi m\u00e4ngunuppu j\u00e4rjest kas vertikaalselt, horisontaalselt v\u00f5i diagonaalselt. M\u00e4ngija peab samal ajal p\u00fc\u00fcdma takistada vastast saavutamast sama eesm\u00e4rki. See lihtne, kuid haarav eesm\u00e4rk teeb m\u00e4ngust kiiresti lemmiku.<\/p>\n<h4 data-start=\"656\" data-end=\"687\">Komplekti sisu ja m\u00f5\u00f5tmed:<\/h4>\n<ul data-start=\"688\" data-end=\"955\">\n<li data-start=\"688\" data-end=\"772\"><strong data-start=\"690\" data-end=\"703\">M\u00e4ngulaud<\/strong>: M\u00f5\u00f5tmetega 21,3 cm x 14 cm x 1 cm, varustatud stabiilsete alustega.<\/li>\n<li data-start=\"773\" data-end=\"875\"><strong data-start=\"775\" data-end=\"790\">M\u00e4ngunupud<\/strong>: 21 punast ja 21 sinist, m\u00f5\u00f5tmetega 15 mm x 3 mm, valmistatud kvaliteetsest puidust.<\/li>\n<li data-start=\"876\" data-end=\"955\"><strong data-start=\"878\" data-end=\"895\">Kasutusjuhend<\/strong>: Lihtsad juhised m\u00e4ngu kiireks alustamiseks ja nautimiseks.<\/li>\n<\/ul>\n<p data-start=\"1061\" data-end=\"1340\" data-is-last-node=\"\" data-is-only-node=\"\">Lauam\u00e4ng &#8220;4 t\u00fckki j\u00e4rjest&#8221; on ideaalne valik igale m\u00e4nguhuvilisele, pakkudes v\u00f5imalust nautida klassikalist m\u00e4ngu uues ja kvaliteetses kuues. Selle kompaktne suurus teeb m\u00e4ngust suurep\u00e4rase kaaslase igal reisil, samas kui kvaliteetne puidust disain muudab selle ka kauniks kingituseks.<\/p>\n<p data-start=\"1061\" data-end=\"1340\" data-is-last-node=\"\" data-is-only-node=\"\">Avastage veel erinevaid lauam\u00e4nge, mis sobivad igale vanusele ja maitsele, ning leidke endale uus lemmik! <a href=\"https:\/\/sulin.ee\/tootekategooria\/mangimine\/lauamangud\/\">Vaata siia.<\/a><\/p>\n<\/div>\n<\/div>\n<\/div>\n<\/div>\n","protected":false},"excerpt":{"rendered":"<p><strong>Lauam\u00e4ng &#8220;4 t\u00fckki j\u00e4rjest&#8221; on kaasahaarav kahe m\u00e4ngija strateegiam\u00e4ng, mis on ideaalne nii reisimiseks kui ka kodus m\u00e4ngimiseks.<\/strong><\/p>\n<p><strong> Komplektis on<\/strong> kvaliteetsest puidust valmistatud m\u00e4ngulaud ja 42 v\u00e4rvilist m\u00e4ngunuppu, mille eesm\u00e4rk on paigutada neli nuppu j\u00e4rjest vertikaalselt, horisontaalselt v\u00f5i diagonaalselt. Lihtne \u00f5ppida, kuid pakub l\u00f5putult strateegilist s\u00fcgavust, muutes selle suurep\u00e4raseks ajaviiteks igas vanuses m\u00e4ngijatele.<\/p>\n<p><strong>M\u00e4ngijate arv:<\/strong> 2.<\/p>\n","protected":false},"featured_media":38379,"comment_status":"open","ping_status":"closed","template":"","meta":[],"product_brand":[],"product_cat":[110,1162,1166,1002,1022,942,175,23],"product_tag":[],"class_list":{"0":"post-38376","1":"product","2":"type-product","3":"status-publish","4":"has-post-thumbnail","6":"product_cat-mangimine","7":"product_cat-kingituseks","8":"product_cat-6-8-aastat","9":"product_cat-oppemangud","10":"product_cat-varvid-ja-kujundid","11":"product_cat-lauamangud","12":"product_cat-puidust-manguasjad","13":"product_cat-soodus","14":"has-post-title","15":"has-post-date","16":"has-post-category","17":"has-post-tag","18":"has-post-comment","19":"has-post-author","20":"","22":"first","23":"instock","24":"sale","25":"taxable","26":"shipping-taxable","27":"purchasable","28":"product-type-simple"},"yoast_head":"<!-- This site is optimized with the Yoast SEO plugin v26.8 - https:\/\/yoast.com\/product\/yoast-seo-wordpress\/ -->\n<title>Lauam\u00e4ng &quot;4 t\u00fckki j\u00e4rjest&quot; - sulin.ee<\/title>\n<meta name=\"description\" content=\"Lauam\u00e4ng &quot;4 t\u00fckki j\u00e4rjest&quot; \u2013 klassikaline strateegiam\u00e4ng kahele, mis pakub l\u00f5bu ja v\u00e4ljakutseid igas vanuses m\u00e4ngijatele. Ideaalne kaaslane reisil olles.\" \/>\n<meta name=\"robots\" content=\"index, follow, max-snippet:-1, max-image-preview:large, max-video-preview:-1\" \/>\n<link rel=\"canonical\" href=\"https:\/\/sulin.ee\/en\/toode\/lauamang-4-tukki-jarjest\/\" \/>\n<meta property=\"og:locale\" content=\"en_US\" \/>\n<meta property=\"og:type\" content=\"article\" \/>\n<meta property=\"og:title\" content=\"Lauam\u00e4ng &quot;4 t\u00fckki j\u00e4rjest&quot; - sulin.ee\" \/>\n<meta property=\"og:description\" content=\"Lauam\u00e4ng &quot;4 t\u00fckki j\u00e4rjest&quot; \u2013 klassikaline strateegiam\u00e4ng kahele, mis pakub l\u00f5bu ja v\u00e4ljakutseid igas vanuses m\u00e4ngijatele. Ideaalne kaaslane reisil olles.\" \/>\n<meta property=\"og:url\" content=\"https:\/\/sulin.ee\/en\/toode\/lauamang-4-tukki-jarjest\/\" \/>\n<meta property=\"og:site_name\" content=\"sulin.ee\" \/>\n<meta property=\"article:publisher\" content=\"https:\/\/www.facebook.com\/www.sulin.ee\/\" \/>\n<meta property=\"article:modified_time\" content=\"2025-07-29T22:11:40+00:00\" \/>\n<meta property=\"og:image\" content=\"https:\/\/sulin.ee\/wp-content\/uploads\/2025\/02\/ALEXANDER-4-w-rzedzie-gra-towarzyska-wersja-travel-podrozna-5-145712.jpg\" \/>\n\t<meta property=\"og:image:width\" content=\"1024\" \/>\n\t<meta property=\"og:image:height\" content=\"1024\" \/>\n\t<meta property=\"og:image:type\" content=\"image\/jpeg\" \/>\n<meta name=\"twitter:card\" content=\"summary_large_image\" \/>\n<meta name=\"twitter:label1\" content=\"Est. reading time\" \/>\n\t<meta name=\"twitter:data1\" content=\"2 minutes\" \/>\n<script type=\"application\/ld+json\" class=\"yoast-schema-graph\">{\"@context\":\"https:\/\/schema.org\",\"@graph\":[{\"@type\":\"WebPage\",\"@id\":\"https:\/\/sulin.ee\/en\/toode\/lauamang-4-tukki-jarjest\/\",\"url\":\"https:\/\/sulin.ee\/en\/toode\/lauamang-4-tukki-jarjest\/\",\"name\":\"Lauam\u00e4ng \\\"4 t\u00fckki j\u00e4rjest\\\" - sulin.ee\",\"isPartOf\":{\"@id\":\"https:\/\/sulin.ee\/en\/#website\"},\"primaryImageOfPage\":{\"@id\":\"https:\/\/sulin.ee\/en\/toode\/lauamang-4-tukki-jarjest\/#primaryimage\"},\"image\":{\"@id\":\"https:\/\/sulin.ee\/en\/toode\/lauamang-4-tukki-jarjest\/#primaryimage\"},\"thumbnailUrl\":\"https:\/\/sulin.ee\/wp-content\/uploads\/2025\/02\/ALEXANDER-4-w-rzedzie-gra-towarzyska-wersja-travel-podrozna-5-145712.jpg\",\"datePublished\":\"2025-02-19T12:41:26+00:00\",\"dateModified\":\"2025-07-29T22:11:40+00:00\",\"description\":\"Lauam\u00e4ng \\\"4 t\u00fckki j\u00e4rjest\\\" \u2013 klassikaline strateegiam\u00e4ng kahele, mis pakub l\u00f5bu ja v\u00e4ljakutseid igas vanuses m\u00e4ngijatele. Ideaalne kaaslane reisil olles.\",\"breadcrumb\":{\"@id\":\"https:\/\/sulin.ee\/en\/toode\/lauamang-4-tukki-jarjest\/#breadcrumb\"},\"inLanguage\":\"en-US\",\"potentialAction\":[{\"@type\":\"ReadAction\",\"target\":[\"https:\/\/sulin.ee\/en\/toode\/lauamang-4-tukki-jarjest\/\"]}]},{\"@type\":\"ImageObject\",\"inLanguage\":\"en-US\",\"@id\":\"https:\/\/sulin.ee\/en\/toode\/lauamang-4-tukki-jarjest\/#primaryimage\",\"url\":\"https:\/\/sulin.ee\/wp-content\/uploads\/2025\/02\/ALEXANDER-4-w-rzedzie-gra-towarzyska-wersja-travel-podrozna-5-145712.jpg\",\"contentUrl\":\"https:\/\/sulin.ee\/wp-content\/uploads\/2025\/02\/ALEXANDER-4-w-rzedzie-gra-towarzyska-wersja-travel-podrozna-5-145712.jpg\",\"width\":1024,\"height\":1024,\"caption\":\"Lauam\u00e4ng \\\"4 t\u00fckki j\u00e4rjest\\\"\"},{\"@type\":\"BreadcrumbList\",\"@id\":\"https:\/\/sulin.ee\/en\/toode\/lauamang-4-tukki-jarjest\/#breadcrumb\",\"itemListElement\":[{\"@type\":\"ListItem\",\"position\":1,\"name\":\"Home\",\"item\":\"https:\/\/sulin.ee\/en\/\"},{\"@type\":\"ListItem\",\"position\":2,\"name\":\"Sulin.ee e-pood\",\"item\":\"https:\/\/sulin.ee\/shop\/\"},{\"@type\":\"ListItem\",\"position\":3,\"name\":\"Lauam\u00e4ng &#8220;4 t\u00fckki j\u00e4rjest&#8221;\"}]},{\"@type\":\"WebSite\",\"@id\":\"https:\/\/sulin.ee\/en\/#website\",\"url\":\"https:\/\/sulin.ee\/en\/\",\"name\":\"sulin.ee\",\"description\":\"\",\"publisher\":{\"@id\":\"https:\/\/sulin.ee\/en\/#organization\"},\"potentialAction\":[{\"@type\":\"SearchAction\",\"target\":{\"@type\":\"EntryPoint\",\"urlTemplate\":\"https:\/\/sulin.ee\/en\/?s={search_term_string}\"},\"query-input\":{\"@type\":\"PropertyValueSpecification\",\"valueRequired\":true,\"valueName\":\"search_term_string\"}}],\"inLanguage\":\"en-US\"},{\"@type\":\"Organization\",\"@id\":\"https:\/\/sulin.ee\/en\/#organization\",\"name\":\"SULIN TRADE O\u00dc\",\"url\":\"https:\/\/sulin.ee\/en\/\",\"logo\":{\"@type\":\"ImageObject\",\"inLanguage\":\"en-US\",\"@id\":\"https:\/\/sulin.ee\/en\/#\/schema\/logo\/image\/\",\"url\":\"https:\/\/sulin.ee\/wp-content\/uploads\/2022\/11\/sulin-logo.png\",\"contentUrl\":\"https:\/\/sulin.ee\/wp-content\/uploads\/2022\/11\/sulin-logo.png\",\"width\":871,\"height\":321,\"caption\":\"SULIN TRADE O\u00dc\"},\"image\":{\"@id\":\"https:\/\/sulin.ee\/en\/#\/schema\/logo\/image\/\"},\"sameAs\":[\"https:\/\/www.facebook.com\/www.sulin.ee\/\",\"https:\/\/www.instagram.com\/sulintrade\/\"]}]}<\/script>\n<!-- \/ Yoast SEO plugin. -->","yoast_head_json":{"title":"Lauam\u00e4ng \"4 t\u00fckki j\u00e4rjest\" - sulin.ee","description":"Lauam\u00e4ng \"4 t\u00fckki j\u00e4rjest\" \u2013 klassikaline strateegiam\u00e4ng kahele, mis pakub l\u00f5bu ja v\u00e4ljakutseid igas vanuses m\u00e4ngijatele. Ideaalne kaaslane reisil olles.","robots":{"index":"index","follow":"follow","max-snippet":"max-snippet:-1","max-image-preview":"max-image-preview:large","max-video-preview":"max-video-preview:-1"},"canonical":"https:\/\/sulin.ee\/en\/toode\/lauamang-4-tukki-jarjest\/","og_locale":"en_US","og_type":"article","og_title":"Lauam\u00e4ng \"4 t\u00fckki j\u00e4rjest\" - sulin.ee","og_description":"Lauam\u00e4ng \"4 t\u00fckki j\u00e4rjest\" \u2013 klassikaline strateegiam\u00e4ng kahele, mis pakub l\u00f5bu ja v\u00e4ljakutseid igas vanuses m\u00e4ngijatele. Ideaalne kaaslane reisil olles.","og_url":"https:\/\/sulin.ee\/en\/toode\/lauamang-4-tukki-jarjest\/","og_site_name":"sulin.ee","article_publisher":"https:\/\/www.facebook.com\/www.sulin.ee\/","article_modified_time":"2025-07-29T22:11:40+00:00","og_image":[{"width":1024,"height":1024,"url":"https:\/\/sulin.ee\/wp-content\/uploads\/2025\/02\/ALEXANDER-4-w-rzedzie-gra-towarzyska-wersja-travel-podrozna-5-145712.jpg","type":"image\/jpeg"}],"twitter_card":"summary_large_image","twitter_misc":{"Est. reading time":"2 minutes"},"schema":{"@context":"https:\/\/schema.org","@graph":[{"@type":"WebPage","@id":"https:\/\/sulin.ee\/en\/toode\/lauamang-4-tukki-jarjest\/","url":"https:\/\/sulin.ee\/en\/toode\/lauamang-4-tukki-jarjest\/","name":"Lauam\u00e4ng \"4 t\u00fckki j\u00e4rjest\" - sulin.ee","isPartOf":{"@id":"https:\/\/sulin.ee\/en\/#website"},"primaryImageOfPage":{"@id":"https:\/\/sulin.ee\/en\/toode\/lauamang-4-tukki-jarjest\/#primaryimage"},"image":{"@id":"https:\/\/sulin.ee\/en\/toode\/lauamang-4-tukki-jarjest\/#primaryimage"},"thumbnailUrl":"https:\/\/sulin.ee\/wp-content\/uploads\/2025\/02\/ALEXANDER-4-w-rzedzie-gra-towarzyska-wersja-travel-podrozna-5-145712.jpg","datePublished":"2025-02-19T12:41:26+00:00","dateModified":"2025-07-29T22:11:40+00:00","description":"Lauam\u00e4ng \"4 t\u00fckki j\u00e4rjest\" \u2013 klassikaline strateegiam\u00e4ng kahele, mis pakub l\u00f5bu ja v\u00e4ljakutseid igas vanuses m\u00e4ngijatele. Ideaalne kaaslane reisil olles.","breadcrumb":{"@id":"https:\/\/sulin.ee\/en\/toode\/lauamang-4-tukki-jarjest\/#breadcrumb"},"inLanguage":"en-US","potentialAction":[{"@type":"ReadAction","target":["https:\/\/sulin.ee\/en\/toode\/lauamang-4-tukki-jarjest\/"]}]},{"@type":"ImageObject","inLanguage":"en-US","@id":"https:\/\/sulin.ee\/en\/toode\/lauamang-4-tukki-jarjest\/#primaryimage","url":"https:\/\/sulin.ee\/wp-content\/uploads\/2025\/02\/ALEXANDER-4-w-rzedzie-gra-towarzyska-wersja-travel-podrozna-5-145712.jpg","contentUrl":"https:\/\/sulin.ee\/wp-content\/uploads\/2025\/02\/ALEXANDER-4-w-rzedzie-gra-towarzyska-wersja-travel-podrozna-5-145712.jpg","width":1024,"height":1024,"caption":"Lauam\u00e4ng \"4 t\u00fckki j\u00e4rjest\""},{"@type":"BreadcrumbList","@id":"https:\/\/sulin.ee\/en\/toode\/lauamang-4-tukki-jarjest\/#breadcrumb","itemListElement":[{"@type":"ListItem","position":1,"name":"Home","item":"https:\/\/sulin.ee\/en\/"},{"@type":"ListItem","position":2,"name":"Sulin.ee e-pood","item":"https:\/\/sulin.ee\/shop\/"},{"@type":"ListItem","position":3,"name":"Lauam\u00e4ng &#8220;4 t\u00fckki j\u00e4rjest&#8221;"}]},{"@type":"WebSite","@id":"https:\/\/sulin.ee\/en\/#website","url":"https:\/\/sulin.ee\/en\/","name":"sulin.ee","description":"","publisher":{"@id":"https:\/\/sulin.ee\/en\/#organization"},"potentialAction":[{"@type":"SearchAction","target":{"@type":"EntryPoint","urlTemplate":"https:\/\/sulin.ee\/en\/?s={search_term_string}"},"query-input":{"@type":"PropertyValueSpecification","valueRequired":true,"valueName":"search_term_string"}}],"inLanguage":"en-US"},{"@type":"Organization","@id":"https:\/\/sulin.ee\/en\/#organization","name":"SULIN TRADE O\u00dc","url":"https:\/\/sulin.ee\/en\/","logo":{"@type":"ImageObject","inLanguage":"en-US","@id":"https:\/\/sulin.ee\/en\/#\/schema\/logo\/image\/","url":"https:\/\/sulin.ee\/wp-content\/uploads\/2022\/11\/sulin-logo.png","contentUrl":"https:\/\/sulin.ee\/wp-content\/uploads\/2022\/11\/sulin-logo.png","width":871,"height":321,"caption":"SULIN TRADE O\u00dc"},"image":{"@id":"https:\/\/sulin.ee\/en\/#\/schema\/logo\/image\/"},"sameAs":["https:\/\/www.facebook.com\/www.sulin.ee\/","https:\/\/www.instagram.com\/sulintrade\/"]}]}},"builder_content":"","_links":{"self":[{"href":"https:\/\/sulin.ee\/en\/wp-json\/wp\/v2\/product\/38376","targetHints":{"allow":["GET"]}}],"collection":[{"href":"https:\/\/sulin.ee\/en\/wp-json\/wp\/v2\/product"}],"about":[{"href":"https:\/\/sulin.ee\/en\/wp-json\/wp\/v2\/types\/product"}],"replies":[{"embeddable":true,"href":"https:\/\/sulin.ee\/en\/wp-json\/wp\/v2\/comments?post=38376"}],"wp:featuredmedia":[{"embeddable":true,"href":"https:\/\/sulin.ee\/en\/wp-json\/wp\/v2\/media\/38379"}],"wp:attachment":[{"href":"https:\/\/sulin.ee\/en\/wp-json\/wp\/v2\/media?parent=38376"}],"wp:term":[{"taxonomy":"product_brand","embeddable":true,"href":"https:\/\/sulin.ee\/en\/wp-json\/wp\/v2\/product_brand?post=38376"},{"taxonomy":"product_cat","embeddable":true,"href":"https:\/\/sulin.ee\/en\/wp-json\/wp\/v2\/product_cat?post=38376"},{"taxonomy":"product_tag","embeddable":true,"href":"https:\/\/sulin.ee\/en\/wp-json\/wp\/v2\/product_tag?post=38376"}],"curies":[{"name":"wp","href":"https:\/\/api.w.org\/{rel}","templated":true}]}}