{"id":38101,"date":"2025-02-28T12:40:04","date_gmt":"2025-02-28T12:40:04","guid":{"rendered":"https:\/\/sulin.ee\/toode\/kunstilised-akruulvarvid-mit-mitmevarvilised-24-tuubi\/"},"modified":"2025-08-27T09:23:45","modified_gmt":"2025-08-27T09:23:45","slug":"akruulvarvid-tuubis-24-varvitooni","status":"publish","type":"product","link":"https:\/\/sulin.ee\/en\/toode\/akruulvarvid-tuubis-24-varvitooni\/","title":{"rendered":"Akr\u00fc\u00fclv\u00e4rvid tuubis, 24 v\u00e4rvitooni"},"content":{"rendered":"<div class=\"flex-1 overflow-hidden @container\/thread translate-y-[2rem] -mt-[2rem] pb-[1.5rem]\">\n<div class=\"relative h-full\">\n<div class=\"flex h-full flex-col overflow-y-auto [scrollbar-gutter:stable]\">\n<div class=\"flex flex-col text-sm md:pb-9\">\n<article class=\"w-full text-token-text-primary focus-visible:outline-2 focus-visible:outline-offset-[-4px]\" dir=\"auto\" data-testid=\"conversation-turn-105\" data-scroll-anchor=\"true\">\n<div class=\"m-auto text-base py-[18px] px-6\">\n<div class=\"mx-auto flex flex-1 text-base gap-4 md:gap-5 lg:gap-6 md:max-w-3xl lg:max-w-[40rem] xl:max-w-[48rem]\">\n<div class=\"group\/conversation-turn relative flex w-full min-w-0 flex-col agent-turn @xs\/thread:px-0 @sm\/thread:px-1.5 @md\/thread:px-4\">\n<div class=\"flex-col gap-1 md:gap-3\">\n<div class=\"flex max-w-full flex-col flex-grow\">\n<div class=\"min-h-8 text-message relative flex w-full flex-col items-end gap-2 whitespace-normal break-words text-start [.text-message+&amp;]:mt-5\" dir=\"auto\" data-message-author-role=\"assistant\" data-message-id=\"e3dde259-7282-4d83-bfa3-454d53cd6835\" data-message-model-slug=\"gpt-4o\">\n<div class=\"flex w-full flex-col gap-1 empty:hidden first:pt-[3px]\">\n<div class=\"markdown prose w-full break-words dark:prose-invert light\">\n<p data-start=\"99\" data-end=\"468\"><strong data-start=\"148\" data-end=\"186\">Akr\u00fc\u00fclv\u00e4rvid tuubis, 24 v\u00e4rvitooni<\/strong> on ideaalne valik nii algajatele kui ka kogenud kunstnikele, pakkudes l\u00f5putuid v\u00f5imalusi enesev\u00e4ljenduseks. Erksad ja k\u00fcllastunud v\u00e4rvid v\u00f5imaldavad luua pilkup\u00fc\u00fcdvaid kunstiteoseid, samas kui nende segamine musta v\u00f5i valgega aitab edasi anda ka salap\u00e4raseid ja s\u00fcgavamaid toone.<\/p>\n<p data-start=\"470\" data-end=\"645\">T\u00e4nu v\u00e4rvide optimaalsele konsistentsile on iga pintslit\u00f5mme t\u00e4pne ja sujuv, tagades professionaalse tulemuse igal pinnal \u2013 olgu selleks paber, l\u00f5uend, puit v\u00f5i isegi krohv.<\/p>\n<h3 data-start=\"647\" data-end=\"682\"><strong data-start=\"651\" data-end=\"680\">Miks valida see komplekt?<\/strong><\/h3>\n<ul data-start=\"683\" data-end=\"1367\">\n<li data-start=\"683\" data-end=\"801\">\u2705 <strong data-start=\"687\" data-end=\"705\">Lai v\u00e4rvivalik<\/strong> \u2013 24 erinevat v\u00e4rvitooni, mis v\u00f5imaldavad katsetada uusi tehnikaid ja luua unikaalseid pilte.<\/li>\n<li data-start=\"802\" data-end=\"952\">\u2705 <strong data-start=\"806\" data-end=\"832\">Hea katvus ja tekstuur<\/strong> \u2013 paks ja pigmendirikas v\u00e4rv katab kergesti alumised kihid, v\u00f5imaldades parandada v\u00e4iksemaid vigu ja lisada s\u00fcgavust.<\/li>\n<li data-start=\"953\" data-end=\"1055\">\u2705 <strong data-start=\"957\" data-end=\"978\">Kiire kuivamisaeg<\/strong> \u2013 maalitud kiht kuivab kiiresti, v\u00f5imaldades mugavat ja sujuvat t\u00f6\u00f6tamist.<\/li>\n<li data-start=\"1056\" data-end=\"1143\">\u2705 <strong data-start=\"1060\" data-end=\"1076\">Mitmek\u00fclgsus<\/strong> \u2013 sobib erinevatele pindadele, nagu paber, l\u00f5uend, puit ja kips.<\/li>\n<li data-start=\"1144\" data-end=\"1249\">\u2705 <strong data-start=\"1148\" data-end=\"1175\">Kunsti teraapiline m\u00f5ju<\/strong> \u2013 maalimine aitab v\u00e4hendada stressi, rahustab meelt ja arendab loovust.<\/li>\n<li data-start=\"1250\" data-end=\"1367\">\u2705 <strong data-start=\"1254\" data-end=\"1280\">Arendab peenmotoorikat<\/strong> \u2013 ideaalne vahend laste k\u00e4eliste oskuste ja silma-k\u00e4e koordinatsiooni parandamiseks.<\/li>\n<\/ul>\n<h3 data-start=\"1369\" data-end=\"1397\"><strong data-start=\"1373\" data-end=\"1395\">Tehnilised andmed:<\/strong><\/h3>\n<ul data-start=\"1398\" data-end=\"1558\">\n<li data-start=\"1398\" data-end=\"1445\">\u2705 <strong data-start=\"1402\" data-end=\"1424\">Komplekt sisaldab:<\/strong> 24 eri v\u00e4rvi tuubi<\/li>\n<li data-start=\"1446\" data-end=\"1477\">\u2705 <strong data-start=\"1450\" data-end=\"1469\">Iga tuubi maht:<\/strong> 12 ml<\/li>\n<li data-start=\"1478\" data-end=\"1525\">\u2705 <strong data-start=\"1482\" data-end=\"1502\">Pakendi m\u00f5\u00f5tmed:<\/strong> 26 cm x 22 cm x 2 cm<\/li>\n<li data-start=\"1526\" data-end=\"1558\">\u2705 <strong data-start=\"1530\" data-end=\"1547\">Pakendi t\u00fc\u00fcp:<\/strong> Pappkarp<\/li>\n<\/ul>\n<p><strong>Vanus:<\/strong> lastele alates 5. eluaastast.<\/p>\n<p data-start=\"1560\" data-end=\"1706\" data-is-last-node=\"\" data-is-only-node=\"\"><strong data-start=\"1560\" data-end=\"1622\">Maalimine on kirg, mis sobib igas vanuses loomeinimestele!<\/strong> Avastage ise selle rahustav ja loominguline m\u00f5ju ning hakake maalima juba t\u00e4na!<\/p>\n<p data-start=\"1560\" data-end=\"1706\" data-is-last-node=\"\" data-is-only-node=\"\"><strong data-start=\"298\" data-end=\"338\">Avasta ka meie teised kunstivahendid<\/strong>, et leida k\u00f5ik vajalik oma j\u00e4rgmise meistriteose loomiseks! <a href=\"https:\/\/sulin.ee\/tootekategooria\/mangimine\/kunstivahendid\/\">Vaata siia.<\/a><\/p>\n<\/div>\n<\/div>\n<\/div>\n<\/div>\n<\/div>\n<\/div>\n<\/div>\n<\/div>\n<\/article>\n<\/div>\n<\/div>\n<\/div>\n<\/div>\n","protected":false},"excerpt":{"rendered":"<p><strong data-start=\"0\" data-end=\"38\" data-is-only-node=\"\">Akr\u00fc\u00fclv\u00e4rvid tuubis, 24 v\u00e4rvitooni<\/strong> on erksate ja pigmendirikaste toonidega komplekt, mis sobib nii algajatele kui ka kogenud kunstnikele. Kiirelt kuivavad ja h\u00e4sti katvad v\u00e4rvid v\u00f5imaldavad luua imelisi kunstiteoseid paberile, l\u00f5uendile, puidule v\u00f5i kipsile. Ideaalne loovuse arendamiseks ja kunstilise enesev\u00e4ljenduse jaoks!<\/p>\n<p><strong>Komplektis:<\/strong> 24 v\u00e4rvitooni<\/p>\n","protected":false},"featured_media":40447,"comment_status":"open","ping_status":"closed","template":"","meta":[],"product_brand":[],"product_cat":[110,1162,1166,102,1018,23],"product_tag":[],"class_list":{"0":"post-38101","1":"product","2":"type-product","3":"status-publish","4":"has-post-thumbnail","6":"product_cat-mangimine","7":"product_cat-kingituseks","8":"product_cat-6-8-aastat","9":"product_cat-kunstivahendid","10":"product_cat-maalimine","11":"product_cat-soodus","12":"has-post-title","13":"has-post-date","14":"has-post-category","15":"has-post-tag","16":"has-post-comment","17":"has-post-author","18":"","20":"first","21":"instock","22":"sale","23":"taxable","24":"shipping-taxable","25":"purchasable","26":"product-type-simple"},"yoast_head":"<!-- This site is optimized with the Yoast SEO plugin v26.8 - https:\/\/yoast.com\/product\/yoast-seo-wordpress\/ -->\n<title>Akr\u00fc\u00fclv\u00e4rvid tuubis, 24 v\u00e4rvitooni - sulin.ee<\/title>\n<meta name=\"description\" content=\"Akr\u00fc\u00fclv\u00e4rvid tuubis, 24 v\u00e4rvitooni, on ideaalne valik algajatele ja kogenud kunstnikele, pakkudes erksaid, pigmendirikkaid ja kiiresti kuivavaid v\u00e4rve.\" \/>\n<meta name=\"robots\" content=\"index, follow, max-snippet:-1, max-image-preview:large, max-video-preview:-1\" \/>\n<link rel=\"canonical\" href=\"https:\/\/sulin.ee\/en\/toode\/akruulvarvid-tuubis-24-varvitooni\/\" \/>\n<meta property=\"og:locale\" content=\"en_US\" \/>\n<meta property=\"og:type\" content=\"article\" \/>\n<meta property=\"og:title\" content=\"Akr\u00fc\u00fclv\u00e4rvid tuubis, 24 v\u00e4rvitooni - sulin.ee\" \/>\n<meta property=\"og:description\" content=\"Akr\u00fc\u00fclv\u00e4rvid tuubis, 24 v\u00e4rvitooni, on ideaalne valik algajatele ja kogenud kunstnikele, pakkudes erksaid, pigmendirikkaid ja kiiresti kuivavaid v\u00e4rve.\" \/>\n<meta property=\"og:url\" content=\"https:\/\/sulin.ee\/en\/toode\/akruulvarvid-tuubis-24-varvitooni\/\" \/>\n<meta property=\"og:site_name\" content=\"sulin.ee\" \/>\n<meta property=\"article:publisher\" content=\"https:\/\/www.facebook.com\/www.sulin.ee\/\" \/>\n<meta property=\"article:modified_time\" content=\"2025-08-27T09:23:45+00:00\" \/>\n<meta property=\"og:image\" content=\"https:\/\/sulin.ee\/wp-content\/uploads\/2025\/02\/Piltide-korrektuurid-kodulehel-2025-03-03T120049.821.png\" \/>\n\t<meta property=\"og:image:width\" content=\"1080\" \/>\n\t<meta property=\"og:image:height\" content=\"1080\" \/>\n\t<meta property=\"og:image:type\" content=\"image\/png\" \/>\n<meta name=\"twitter:card\" content=\"summary_large_image\" \/>\n<meta name=\"twitter:label1\" content=\"Est. reading time\" \/>\n\t<meta name=\"twitter:data1\" content=\"2 minutes\" \/>\n<script type=\"application\/ld+json\" class=\"yoast-schema-graph\">{\"@context\":\"https:\/\/schema.org\",\"@graph\":[{\"@type\":\"WebPage\",\"@id\":\"https:\/\/sulin.ee\/en\/toode\/akruulvarvid-tuubis-24-varvitooni\/\",\"url\":\"https:\/\/sulin.ee\/en\/toode\/akruulvarvid-tuubis-24-varvitooni\/\",\"name\":\"Akr\u00fc\u00fclv\u00e4rvid tuubis, 24 v\u00e4rvitooni - sulin.ee\",\"isPartOf\":{\"@id\":\"https:\/\/sulin.ee\/en\/#website\"},\"primaryImageOfPage\":{\"@id\":\"https:\/\/sulin.ee\/en\/toode\/akruulvarvid-tuubis-24-varvitooni\/#primaryimage\"},\"image\":{\"@id\":\"https:\/\/sulin.ee\/en\/toode\/akruulvarvid-tuubis-24-varvitooni\/#primaryimage\"},\"thumbnailUrl\":\"https:\/\/sulin.ee\/wp-content\/uploads\/2025\/02\/Piltide-korrektuurid-kodulehel-2025-03-03T120049.821.png\",\"datePublished\":\"2025-02-28T12:40:04+00:00\",\"dateModified\":\"2025-08-27T09:23:45+00:00\",\"description\":\"Akr\u00fc\u00fclv\u00e4rvid tuubis, 24 v\u00e4rvitooni, on ideaalne valik algajatele ja kogenud kunstnikele, pakkudes erksaid, pigmendirikkaid ja kiiresti kuivavaid v\u00e4rve.\",\"breadcrumb\":{\"@id\":\"https:\/\/sulin.ee\/en\/toode\/akruulvarvid-tuubis-24-varvitooni\/#breadcrumb\"},\"inLanguage\":\"en-US\",\"potentialAction\":[{\"@type\":\"ReadAction\",\"target\":[\"https:\/\/sulin.ee\/en\/toode\/akruulvarvid-tuubis-24-varvitooni\/\"]}]},{\"@type\":\"ImageObject\",\"inLanguage\":\"en-US\",\"@id\":\"https:\/\/sulin.ee\/en\/toode\/akruulvarvid-tuubis-24-varvitooni\/#primaryimage\",\"url\":\"https:\/\/sulin.ee\/wp-content\/uploads\/2025\/02\/Piltide-korrektuurid-kodulehel-2025-03-03T120049.821.png\",\"contentUrl\":\"https:\/\/sulin.ee\/wp-content\/uploads\/2025\/02\/Piltide-korrektuurid-kodulehel-2025-03-03T120049.821.png\",\"width\":1080,\"height\":1080,\"caption\":\"Akr\u00fc\u00fclv\u00e4rvid tuubis\"},{\"@type\":\"BreadcrumbList\",\"@id\":\"https:\/\/sulin.ee\/en\/toode\/akruulvarvid-tuubis-24-varvitooni\/#breadcrumb\",\"itemListElement\":[{\"@type\":\"ListItem\",\"position\":1,\"name\":\"Home\",\"item\":\"https:\/\/sulin.ee\/en\/\"},{\"@type\":\"ListItem\",\"position\":2,\"name\":\"Sulin.ee e-pood\",\"item\":\"https:\/\/sulin.ee\/shop\/\"},{\"@type\":\"ListItem\",\"position\":3,\"name\":\"Akr\u00fc\u00fclv\u00e4rvid tuubis, 24 v\u00e4rvitooni\"}]},{\"@type\":\"WebSite\",\"@id\":\"https:\/\/sulin.ee\/en\/#website\",\"url\":\"https:\/\/sulin.ee\/en\/\",\"name\":\"sulin.ee\",\"description\":\"\",\"publisher\":{\"@id\":\"https:\/\/sulin.ee\/en\/#organization\"},\"potentialAction\":[{\"@type\":\"SearchAction\",\"target\":{\"@type\":\"EntryPoint\",\"urlTemplate\":\"https:\/\/sulin.ee\/en\/?s={search_term_string}\"},\"query-input\":{\"@type\":\"PropertyValueSpecification\",\"valueRequired\":true,\"valueName\":\"search_term_string\"}}],\"inLanguage\":\"en-US\"},{\"@type\":\"Organization\",\"@id\":\"https:\/\/sulin.ee\/en\/#organization\",\"name\":\"SULIN TRADE O\u00dc\",\"url\":\"https:\/\/sulin.ee\/en\/\",\"logo\":{\"@type\":\"ImageObject\",\"inLanguage\":\"en-US\",\"@id\":\"https:\/\/sulin.ee\/en\/#\/schema\/logo\/image\/\",\"url\":\"https:\/\/sulin.ee\/wp-content\/uploads\/2022\/11\/sulin-logo.png\",\"contentUrl\":\"https:\/\/sulin.ee\/wp-content\/uploads\/2022\/11\/sulin-logo.png\",\"width\":871,\"height\":321,\"caption\":\"SULIN TRADE O\u00dc\"},\"image\":{\"@id\":\"https:\/\/sulin.ee\/en\/#\/schema\/logo\/image\/\"},\"sameAs\":[\"https:\/\/www.facebook.com\/www.sulin.ee\/\",\"https:\/\/www.instagram.com\/sulintrade\/\"]}]}<\/script>\n<!-- \/ Yoast SEO plugin. -->","yoast_head_json":{"title":"Akr\u00fc\u00fclv\u00e4rvid tuubis, 24 v\u00e4rvitooni - sulin.ee","description":"Akr\u00fc\u00fclv\u00e4rvid tuubis, 24 v\u00e4rvitooni, on ideaalne valik algajatele ja kogenud kunstnikele, pakkudes erksaid, pigmendirikkaid ja kiiresti kuivavaid v\u00e4rve.","robots":{"index":"index","follow":"follow","max-snippet":"max-snippet:-1","max-image-preview":"max-image-preview:large","max-video-preview":"max-video-preview:-1"},"canonical":"https:\/\/sulin.ee\/en\/toode\/akruulvarvid-tuubis-24-varvitooni\/","og_locale":"en_US","og_type":"article","og_title":"Akr\u00fc\u00fclv\u00e4rvid tuubis, 24 v\u00e4rvitooni - sulin.ee","og_description":"Akr\u00fc\u00fclv\u00e4rvid tuubis, 24 v\u00e4rvitooni, on ideaalne valik algajatele ja kogenud kunstnikele, pakkudes erksaid, pigmendirikkaid ja kiiresti kuivavaid v\u00e4rve.","og_url":"https:\/\/sulin.ee\/en\/toode\/akruulvarvid-tuubis-24-varvitooni\/","og_site_name":"sulin.ee","article_publisher":"https:\/\/www.facebook.com\/www.sulin.ee\/","article_modified_time":"2025-08-27T09:23:45+00:00","og_image":[{"width":1080,"height":1080,"url":"https:\/\/sulin.ee\/wp-content\/uploads\/2025\/02\/Piltide-korrektuurid-kodulehel-2025-03-03T120049.821.png","type":"image\/png"}],"twitter_card":"summary_large_image","twitter_misc":{"Est. reading time":"2 minutes"},"schema":{"@context":"https:\/\/schema.org","@graph":[{"@type":"WebPage","@id":"https:\/\/sulin.ee\/en\/toode\/akruulvarvid-tuubis-24-varvitooni\/","url":"https:\/\/sulin.ee\/en\/toode\/akruulvarvid-tuubis-24-varvitooni\/","name":"Akr\u00fc\u00fclv\u00e4rvid tuubis, 24 v\u00e4rvitooni - sulin.ee","isPartOf":{"@id":"https:\/\/sulin.ee\/en\/#website"},"primaryImageOfPage":{"@id":"https:\/\/sulin.ee\/en\/toode\/akruulvarvid-tuubis-24-varvitooni\/#primaryimage"},"image":{"@id":"https:\/\/sulin.ee\/en\/toode\/akruulvarvid-tuubis-24-varvitooni\/#primaryimage"},"thumbnailUrl":"https:\/\/sulin.ee\/wp-content\/uploads\/2025\/02\/Piltide-korrektuurid-kodulehel-2025-03-03T120049.821.png","datePublished":"2025-02-28T12:40:04+00:00","dateModified":"2025-08-27T09:23:45+00:00","description":"Akr\u00fc\u00fclv\u00e4rvid tuubis, 24 v\u00e4rvitooni, on ideaalne valik algajatele ja kogenud kunstnikele, pakkudes erksaid, pigmendirikkaid ja kiiresti kuivavaid v\u00e4rve.","breadcrumb":{"@id":"https:\/\/sulin.ee\/en\/toode\/akruulvarvid-tuubis-24-varvitooni\/#breadcrumb"},"inLanguage":"en-US","potentialAction":[{"@type":"ReadAction","target":["https:\/\/sulin.ee\/en\/toode\/akruulvarvid-tuubis-24-varvitooni\/"]}]},{"@type":"ImageObject","inLanguage":"en-US","@id":"https:\/\/sulin.ee\/en\/toode\/akruulvarvid-tuubis-24-varvitooni\/#primaryimage","url":"https:\/\/sulin.ee\/wp-content\/uploads\/2025\/02\/Piltide-korrektuurid-kodulehel-2025-03-03T120049.821.png","contentUrl":"https:\/\/sulin.ee\/wp-content\/uploads\/2025\/02\/Piltide-korrektuurid-kodulehel-2025-03-03T120049.821.png","width":1080,"height":1080,"caption":"Akr\u00fc\u00fclv\u00e4rvid tuubis"},{"@type":"BreadcrumbList","@id":"https:\/\/sulin.ee\/en\/toode\/akruulvarvid-tuubis-24-varvitooni\/#breadcrumb","itemListElement":[{"@type":"ListItem","position":1,"name":"Home","item":"https:\/\/sulin.ee\/en\/"},{"@type":"ListItem","position":2,"name":"Sulin.ee e-pood","item":"https:\/\/sulin.ee\/shop\/"},{"@type":"ListItem","position":3,"name":"Akr\u00fc\u00fclv\u00e4rvid tuubis, 24 v\u00e4rvitooni"}]},{"@type":"WebSite","@id":"https:\/\/sulin.ee\/en\/#website","url":"https:\/\/sulin.ee\/en\/","name":"sulin.ee","description":"","publisher":{"@id":"https:\/\/sulin.ee\/en\/#organization"},"potentialAction":[{"@type":"SearchAction","target":{"@type":"EntryPoint","urlTemplate":"https:\/\/sulin.ee\/en\/?s={search_term_string}"},"query-input":{"@type":"PropertyValueSpecification","valueRequired":true,"valueName":"search_term_string"}}],"inLanguage":"en-US"},{"@type":"Organization","@id":"https:\/\/sulin.ee\/en\/#organization","name":"SULIN TRADE O\u00dc","url":"https:\/\/sulin.ee\/en\/","logo":{"@type":"ImageObject","inLanguage":"en-US","@id":"https:\/\/sulin.ee\/en\/#\/schema\/logo\/image\/","url":"https:\/\/sulin.ee\/wp-content\/uploads\/2022\/11\/sulin-logo.png","contentUrl":"https:\/\/sulin.ee\/wp-content\/uploads\/2022\/11\/sulin-logo.png","width":871,"height":321,"caption":"SULIN TRADE O\u00dc"},"image":{"@id":"https:\/\/sulin.ee\/en\/#\/schema\/logo\/image\/"},"sameAs":["https:\/\/www.facebook.com\/www.sulin.ee\/","https:\/\/www.instagram.com\/sulintrade\/"]}]}},"builder_content":"","_links":{"self":[{"href":"https:\/\/sulin.ee\/en\/wp-json\/wp\/v2\/product\/38101","targetHints":{"allow":["GET"]}}],"collection":[{"href":"https:\/\/sulin.ee\/en\/wp-json\/wp\/v2\/product"}],"about":[{"href":"https:\/\/sulin.ee\/en\/wp-json\/wp\/v2\/types\/product"}],"replies":[{"embeddable":true,"href":"https:\/\/sulin.ee\/en\/wp-json\/wp\/v2\/comments?post=38101"}],"wp:featuredmedia":[{"embeddable":true,"href":"https:\/\/sulin.ee\/en\/wp-json\/wp\/v2\/media\/40447"}],"wp:attachment":[{"href":"https:\/\/sulin.ee\/en\/wp-json\/wp\/v2\/media?parent=38101"}],"wp:term":[{"taxonomy":"product_brand","embeddable":true,"href":"https:\/\/sulin.ee\/en\/wp-json\/wp\/v2\/product_brand?post=38101"},{"taxonomy":"product_cat","embeddable":true,"href":"https:\/\/sulin.ee\/en\/wp-json\/wp\/v2\/product_cat?post=38101"},{"taxonomy":"product_tag","embeddable":true,"href":"https:\/\/sulin.ee\/en\/wp-json\/wp\/v2\/product_tag?post=38101"}],"curies":[{"name":"wp","href":"https:\/\/api.w.org\/{rel}","templated":true}]}}