{"id":38067,"date":"2025-03-01T12:39:55","date_gmt":"2025-03-01T12:39:55","guid":{"rendered":"https:\/\/sulin.ee\/toode\/fidge-worm-sensoorne-stressivastane-venituslelu-roheline\/"},"modified":"2025-12-16T19:10:56","modified_gmt":"2025-12-16T19:10:56","slug":"sensoorne-stressivastane-venituslelu-roheline","status":"publish","type":"product","link":"https:\/\/sulin.ee\/en\/toode\/sensoorne-stressivastane-venituslelu-roheline\/","title":{"rendered":"Sensoorne stressivastane venituslelu roheline"},"content":{"rendered":"<p><strong>Sensoorne stressivastane venituslelu<\/strong> on ideaalne vahend l\u00f5\u00f5gastumiseks ja keskendumise parandamiseks. See eriline venituslelu on <strong>loodud stressi leevendamiseks, puutetundlikkuse stimuleerimiseks ja peenmotoorika arendamiseks<\/strong>. T\u00e4nu oma paindlikule ja venivale konstruktsioonile pakub see rahustavat kogemust nii lastele kui ka t\u00e4iskasvanutele.<\/p>\n<div class=\"flex-1 overflow-hidden @container\/thread translate-y-[2rem] -mt-[2rem] pb-[1.5rem]\">\n<div class=\"relative h-full\">\n<div class=\"flex h-full flex-col overflow-y-auto [scrollbar-gutter:stable]\">\n<div class=\"flex flex-col text-sm md:pb-9\">\n<article class=\"w-full text-token-text-primary focus-visible:outline-2 focus-visible:outline-offset-[-4px]\" dir=\"auto\" data-testid=\"conversation-turn-31\" data-scroll-anchor=\"true\">\n<div class=\"m-auto text-base py-[18px] px-6\">\n<div class=\"mx-auto flex flex-1 text-base gap-4 md:gap-5 lg:gap-6 md:max-w-3xl lg:max-w-[40rem] xl:max-w-[48rem]\">\n<div class=\"group\/conversation-turn relative flex w-full min-w-0 flex-col agent-turn @xs\/thread:px-0 @sm\/thread:px-1.5 @md\/thread:px-4\">\n<div class=\"flex-col gap-1 md:gap-3\">\n<div class=\"flex max-w-full flex-col flex-grow\">\n<div class=\"min-h-8 text-message relative flex w-full flex-col items-end gap-2 whitespace-normal break-words text-start [.text-message+&amp;]:mt-5\" dir=\"auto\" data-message-author-role=\"assistant\" data-message-id=\"09908c72-fabc-4fad-9926-d96b0a86d7be\" data-message-model-slug=\"gpt-4o\">\n<div class=\"flex w-full flex-col gap-1 empty:hidden first:pt-[3px]\">\n<div class=\"markdown prose w-full break-words dark:prose-invert light\">\n<p data-start=\"409\" data-end=\"702\">Selle m\u00e4nguasja venitamine ja pigistamine toimib nagu miniteraapia \u2013 see aitab v\u00e4hendada pingeid, suunata t\u00e4helepanu ja parandada keskendumisv\u00f5imet. Lisaks stimuleerib ristikujuline disain puudutusretseptoreid, pakkudes meeldivat sensoorset kogemust, mis aitab l\u00f5\u00f5gastuda ja meeli rahustada.<\/p>\n<p data-start=\"704\" data-end=\"977\">Venituslelu on suurep\u00e4rane vahend ka laste k\u00e4eliste oskuste ja peenmotoorika arendamiseks. M\u00e4ngides ja manipuleerides venituslelu, saavad lapsed treenida oma k\u00e4elihaseid ning parandada motoorset koordinatsiooni, muutes selle kasulikuks nii l\u00f5bu kui ka arengu eesm\u00e4rgil.<\/p>\n<p data-start=\"979\" data-end=\"1416\">\u2705 <strong>Stressivastased omadused<\/strong> \u2013 aitab leevendada pingeid ja parandada keskendumisv\u00f5imet<br data-start=\"1063\" data-end=\"1066\" \/>\u2705<strong> Puutetundlikkuse stimuleerimine<\/strong> \u2013 eriline disain pakub rahustavat sensoorset kogemust<br data-start=\"1153\" data-end=\"1156\" \/>\u2705<strong> Toetab peenmotoorika arengut<\/strong> \u2013 aitab arendada k\u00e4elisi oskusi ja motoorset koordinatsiooni<br data-start=\"1247\" data-end=\"1250\" \/>\u2705 <strong>Venitatav ja pigistatav<\/strong> \u2013 paindlik ja vastupidav konstruktsioon v\u00f5imaldab erinevaid kasutusviise<br data-start=\"1348\" data-end=\"1351\" \/>\u2705 <strong>Kerge ja kompaktne<\/strong> \u2013 mugav kaasas kanda ja kasutada igal ajal<\/p>\n<p data-start=\"1418\" data-end=\"1442\"><strong data-start=\"1418\" data-end=\"1440\">Tehnilised andmed:<\/strong><\/p>\n<ul data-start=\"1443\" data-end=\"1651\">\n<li data-start=\"1443\" data-end=\"1468\"><strong data-start=\"1445\" data-end=\"1458\">\u2705 Materjal:<\/strong> Plastik<\/li>\n<li data-start=\"1469\" data-end=\"1490\"><strong data-start=\"1471\" data-end=\"1480\">\u2705 V\u00e4rv:<\/strong> Roheline<\/li>\n<li data-start=\"1491\" data-end=\"1519\"><strong data-start=\"1493\" data-end=\"1514\">\u2705 Soovitatav vanus:<\/strong> 3+<\/li>\n<li data-start=\"1520\" data-end=\"1569\"><strong data-start=\"1522\" data-end=\"1544\">\u2705 M\u00e4nguasja m\u00f5\u00f5tmed:<\/strong> 10 cm x 10 cm x 3,5 cm<\/li>\n<\/ul>\n<p data-start=\"1653\" data-end=\"1899\" data-is-last-node=\"\" data-is-only-node=\"\">Sensoorne stressivastane venituslelu on ideaalne kaaslane stressirohketel hetkedel ning l\u00f5bus ja arendav m\u00e4nguasi igale lapsele. <strong data-start=\"1782\" data-end=\"1899\" data-is-last-node=\"\">Avasta ka meie teised sensoorsed ja stressivastased m\u00e4nguasjad ning leia endale sobivaim lahendus l\u00f5\u00f5gastumiseks! <a href=\"https:\/\/sulin.ee\/tootekategooria\/mangimine\/oppemangud\/motoorika\/\">Vaata siia!<\/a><\/strong><\/p>\n<\/div>\n<\/div>\n<\/div>\n<\/div>\n<\/div>\n<\/div>\n<\/div>\n<\/div>\n<\/article>\n<\/div>\n<\/div>\n<\/div>\n<\/div>\n","protected":false},"excerpt":{"rendered":"<p><strong data-start=\"0\" data-end=\"61\" data-is-only-node=\"\">Sensoorne stressivastane venituslelu<\/strong>\u00a0on paindlik ja venitatav m\u00e4nguasi, mis aitab leevendada stressi, parandada keskendumisv\u00f5imet ja arendada peenmotoorikat. Selle eriline disain stimuleerib puutetundlikkust ja pakub rahustavat sensoorset kogemust. Kerge ja kompaktne, ideaalne igap\u00e4evaseks kasutamiseks.<\/p>\n","protected":false},"featured_media":38065,"comment_status":"open","ping_status":"closed","template":"","meta":[],"product_brand":[],"product_cat":[110,1002,1023,23],"product_tag":[],"class_list":{"0":"post-38067","1":"product","2":"type-product","3":"status-publish","4":"has-post-thumbnail","6":"product_cat-mangimine","7":"product_cat-oppemangud","8":"product_cat-motoorika","9":"product_cat-soodus","10":"has-post-title","11":"has-post-date","12":"has-post-category","13":"has-post-tag","14":"has-post-comment","15":"has-post-author","16":"","18":"first","19":"instock","20":"sale","21":"taxable","22":"shipping-taxable","23":"purchasable","24":"product-type-simple"},"yoast_head":"<!-- This site is optimized with the Yoast SEO plugin v26.8 - https:\/\/yoast.com\/product\/yoast-seo-wordpress\/ -->\n<title>Sensoorne stressivastane venituslelu roheline - sulin.ee<\/title>\n<meta name=\"description\" content=\"Sensoorne stressivastane venituslelu on paindlik ja venitatav m\u00e4nguasi, mis aitab leevendada stressi, parandada keskendumist ning arendada peenmotoorikat.\" \/>\n<meta name=\"robots\" content=\"index, follow, max-snippet:-1, max-image-preview:large, max-video-preview:-1\" \/>\n<link rel=\"canonical\" href=\"https:\/\/sulin.ee\/en\/toode\/sensoorne-stressivastane-venituslelu-roheline\/\" \/>\n<meta property=\"og:locale\" content=\"en_US\" \/>\n<meta property=\"og:type\" content=\"article\" \/>\n<meta property=\"og:title\" content=\"Sensoorne stressivastane venituslelu roheline - sulin.ee\" \/>\n<meta property=\"og:description\" content=\"Sensoorne stressivastane venituslelu on paindlik ja venitatav m\u00e4nguasi, mis aitab leevendada stressi, parandada keskendumist ning arendada peenmotoorikat.\" \/>\n<meta property=\"og:url\" content=\"https:\/\/sulin.ee\/en\/toode\/sensoorne-stressivastane-venituslelu-roheline\/\" \/>\n<meta property=\"og:site_name\" content=\"sulin.ee\" \/>\n<meta property=\"article:publisher\" content=\"https:\/\/www.facebook.com\/www.sulin.ee\/\" \/>\n<meta property=\"article:modified_time\" content=\"2025-12-16T19:10:56+00:00\" \/>\n<meta property=\"og:image\" content=\"https:\/\/sulin.ee\/wp-content\/uploads\/2025\/02\/Fidge-Worm-zabawka-sensoryczna-antystresowa-do-rozciagania-zielony-160512.jpg\" \/>\n\t<meta property=\"og:image:width\" content=\"1024\" \/>\n\t<meta property=\"og:image:height\" content=\"1024\" \/>\n\t<meta property=\"og:image:type\" content=\"image\/jpeg\" \/>\n<meta name=\"twitter:card\" content=\"summary_large_image\" \/>\n<meta name=\"twitter:label1\" content=\"Est. reading time\" \/>\n\t<meta name=\"twitter:data1\" content=\"2 minutes\" \/>\n<script type=\"application\/ld+json\" class=\"yoast-schema-graph\">{\"@context\":\"https:\/\/schema.org\",\"@graph\":[{\"@type\":\"WebPage\",\"@id\":\"https:\/\/sulin.ee\/en\/toode\/sensoorne-stressivastane-venituslelu-roheline\/\",\"url\":\"https:\/\/sulin.ee\/en\/toode\/sensoorne-stressivastane-venituslelu-roheline\/\",\"name\":\"Sensoorne stressivastane venituslelu roheline - sulin.ee\",\"isPartOf\":{\"@id\":\"https:\/\/sulin.ee\/en\/#website\"},\"primaryImageOfPage\":{\"@id\":\"https:\/\/sulin.ee\/en\/toode\/sensoorne-stressivastane-venituslelu-roheline\/#primaryimage\"},\"image\":{\"@id\":\"https:\/\/sulin.ee\/en\/toode\/sensoorne-stressivastane-venituslelu-roheline\/#primaryimage\"},\"thumbnailUrl\":\"https:\/\/sulin.ee\/wp-content\/uploads\/2025\/02\/Fidge-Worm-zabawka-sensoryczna-antystresowa-do-rozciagania-zielony-160512.jpg\",\"datePublished\":\"2025-03-01T12:39:55+00:00\",\"dateModified\":\"2025-12-16T19:10:56+00:00\",\"description\":\"Sensoorne stressivastane venituslelu on paindlik ja venitatav m\u00e4nguasi, mis aitab leevendada stressi, parandada keskendumist ning arendada peenmotoorikat.\",\"breadcrumb\":{\"@id\":\"https:\/\/sulin.ee\/en\/toode\/sensoorne-stressivastane-venituslelu-roheline\/#breadcrumb\"},\"inLanguage\":\"en-US\",\"potentialAction\":[{\"@type\":\"ReadAction\",\"target\":[\"https:\/\/sulin.ee\/en\/toode\/sensoorne-stressivastane-venituslelu-roheline\/\"]}]},{\"@type\":\"ImageObject\",\"inLanguage\":\"en-US\",\"@id\":\"https:\/\/sulin.ee\/en\/toode\/sensoorne-stressivastane-venituslelu-roheline\/#primaryimage\",\"url\":\"https:\/\/sulin.ee\/wp-content\/uploads\/2025\/02\/Fidge-Worm-zabawka-sensoryczna-antystresowa-do-rozciagania-zielony-160512.jpg\",\"contentUrl\":\"https:\/\/sulin.ee\/wp-content\/uploads\/2025\/02\/Fidge-Worm-zabawka-sensoryczna-antystresowa-do-rozciagania-zielony-160512.jpg\",\"width\":1024,\"height\":1024,\"caption\":\"Sensoorne stressivastane venituslelu\"},{\"@type\":\"BreadcrumbList\",\"@id\":\"https:\/\/sulin.ee\/en\/toode\/sensoorne-stressivastane-venituslelu-roheline\/#breadcrumb\",\"itemListElement\":[{\"@type\":\"ListItem\",\"position\":1,\"name\":\"Home\",\"item\":\"https:\/\/sulin.ee\/en\/\"},{\"@type\":\"ListItem\",\"position\":2,\"name\":\"Sulin.ee e-pood\",\"item\":\"https:\/\/sulin.ee\/shop\/\"},{\"@type\":\"ListItem\",\"position\":3,\"name\":\"Sensoorne stressivastane venituslelu roheline\"}]},{\"@type\":\"WebSite\",\"@id\":\"https:\/\/sulin.ee\/en\/#website\",\"url\":\"https:\/\/sulin.ee\/en\/\",\"name\":\"sulin.ee\",\"description\":\"\",\"publisher\":{\"@id\":\"https:\/\/sulin.ee\/en\/#organization\"},\"potentialAction\":[{\"@type\":\"SearchAction\",\"target\":{\"@type\":\"EntryPoint\",\"urlTemplate\":\"https:\/\/sulin.ee\/en\/?s={search_term_string}\"},\"query-input\":{\"@type\":\"PropertyValueSpecification\",\"valueRequired\":true,\"valueName\":\"search_term_string\"}}],\"inLanguage\":\"en-US\"},{\"@type\":\"Organization\",\"@id\":\"https:\/\/sulin.ee\/en\/#organization\",\"name\":\"SULIN TRADE O\u00dc\",\"url\":\"https:\/\/sulin.ee\/en\/\",\"logo\":{\"@type\":\"ImageObject\",\"inLanguage\":\"en-US\",\"@id\":\"https:\/\/sulin.ee\/en\/#\/schema\/logo\/image\/\",\"url\":\"https:\/\/sulin.ee\/wp-content\/uploads\/2022\/11\/sulin-logo.png\",\"contentUrl\":\"https:\/\/sulin.ee\/wp-content\/uploads\/2022\/11\/sulin-logo.png\",\"width\":871,\"height\":321,\"caption\":\"SULIN TRADE O\u00dc\"},\"image\":{\"@id\":\"https:\/\/sulin.ee\/en\/#\/schema\/logo\/image\/\"},\"sameAs\":[\"https:\/\/www.facebook.com\/www.sulin.ee\/\",\"https:\/\/www.instagram.com\/sulintrade\/\"]}]}<\/script>\n<!-- \/ Yoast SEO plugin. -->","yoast_head_json":{"title":"Sensoorne stressivastane venituslelu roheline - sulin.ee","description":"Sensoorne stressivastane venituslelu on paindlik ja venitatav m\u00e4nguasi, mis aitab leevendada stressi, parandada keskendumist ning arendada peenmotoorikat.","robots":{"index":"index","follow":"follow","max-snippet":"max-snippet:-1","max-image-preview":"max-image-preview:large","max-video-preview":"max-video-preview:-1"},"canonical":"https:\/\/sulin.ee\/en\/toode\/sensoorne-stressivastane-venituslelu-roheline\/","og_locale":"en_US","og_type":"article","og_title":"Sensoorne stressivastane venituslelu roheline - sulin.ee","og_description":"Sensoorne stressivastane venituslelu on paindlik ja venitatav m\u00e4nguasi, mis aitab leevendada stressi, parandada keskendumist ning arendada peenmotoorikat.","og_url":"https:\/\/sulin.ee\/en\/toode\/sensoorne-stressivastane-venituslelu-roheline\/","og_site_name":"sulin.ee","article_publisher":"https:\/\/www.facebook.com\/www.sulin.ee\/","article_modified_time":"2025-12-16T19:10:56+00:00","og_image":[{"width":1024,"height":1024,"url":"https:\/\/sulin.ee\/wp-content\/uploads\/2025\/02\/Fidge-Worm-zabawka-sensoryczna-antystresowa-do-rozciagania-zielony-160512.jpg","type":"image\/jpeg"}],"twitter_card":"summary_large_image","twitter_misc":{"Est. reading time":"2 minutes"},"schema":{"@context":"https:\/\/schema.org","@graph":[{"@type":"WebPage","@id":"https:\/\/sulin.ee\/en\/toode\/sensoorne-stressivastane-venituslelu-roheline\/","url":"https:\/\/sulin.ee\/en\/toode\/sensoorne-stressivastane-venituslelu-roheline\/","name":"Sensoorne stressivastane venituslelu roheline - sulin.ee","isPartOf":{"@id":"https:\/\/sulin.ee\/en\/#website"},"primaryImageOfPage":{"@id":"https:\/\/sulin.ee\/en\/toode\/sensoorne-stressivastane-venituslelu-roheline\/#primaryimage"},"image":{"@id":"https:\/\/sulin.ee\/en\/toode\/sensoorne-stressivastane-venituslelu-roheline\/#primaryimage"},"thumbnailUrl":"https:\/\/sulin.ee\/wp-content\/uploads\/2025\/02\/Fidge-Worm-zabawka-sensoryczna-antystresowa-do-rozciagania-zielony-160512.jpg","datePublished":"2025-03-01T12:39:55+00:00","dateModified":"2025-12-16T19:10:56+00:00","description":"Sensoorne stressivastane venituslelu on paindlik ja venitatav m\u00e4nguasi, mis aitab leevendada stressi, parandada keskendumist ning arendada peenmotoorikat.","breadcrumb":{"@id":"https:\/\/sulin.ee\/en\/toode\/sensoorne-stressivastane-venituslelu-roheline\/#breadcrumb"},"inLanguage":"en-US","potentialAction":[{"@type":"ReadAction","target":["https:\/\/sulin.ee\/en\/toode\/sensoorne-stressivastane-venituslelu-roheline\/"]}]},{"@type":"ImageObject","inLanguage":"en-US","@id":"https:\/\/sulin.ee\/en\/toode\/sensoorne-stressivastane-venituslelu-roheline\/#primaryimage","url":"https:\/\/sulin.ee\/wp-content\/uploads\/2025\/02\/Fidge-Worm-zabawka-sensoryczna-antystresowa-do-rozciagania-zielony-160512.jpg","contentUrl":"https:\/\/sulin.ee\/wp-content\/uploads\/2025\/02\/Fidge-Worm-zabawka-sensoryczna-antystresowa-do-rozciagania-zielony-160512.jpg","width":1024,"height":1024,"caption":"Sensoorne stressivastane venituslelu"},{"@type":"BreadcrumbList","@id":"https:\/\/sulin.ee\/en\/toode\/sensoorne-stressivastane-venituslelu-roheline\/#breadcrumb","itemListElement":[{"@type":"ListItem","position":1,"name":"Home","item":"https:\/\/sulin.ee\/en\/"},{"@type":"ListItem","position":2,"name":"Sulin.ee e-pood","item":"https:\/\/sulin.ee\/shop\/"},{"@type":"ListItem","position":3,"name":"Sensoorne stressivastane venituslelu roheline"}]},{"@type":"WebSite","@id":"https:\/\/sulin.ee\/en\/#website","url":"https:\/\/sulin.ee\/en\/","name":"sulin.ee","description":"","publisher":{"@id":"https:\/\/sulin.ee\/en\/#organization"},"potentialAction":[{"@type":"SearchAction","target":{"@type":"EntryPoint","urlTemplate":"https:\/\/sulin.ee\/en\/?s={search_term_string}"},"query-input":{"@type":"PropertyValueSpecification","valueRequired":true,"valueName":"search_term_string"}}],"inLanguage":"en-US"},{"@type":"Organization","@id":"https:\/\/sulin.ee\/en\/#organization","name":"SULIN TRADE O\u00dc","url":"https:\/\/sulin.ee\/en\/","logo":{"@type":"ImageObject","inLanguage":"en-US","@id":"https:\/\/sulin.ee\/en\/#\/schema\/logo\/image\/","url":"https:\/\/sulin.ee\/wp-content\/uploads\/2022\/11\/sulin-logo.png","contentUrl":"https:\/\/sulin.ee\/wp-content\/uploads\/2022\/11\/sulin-logo.png","width":871,"height":321,"caption":"SULIN TRADE O\u00dc"},"image":{"@id":"https:\/\/sulin.ee\/en\/#\/schema\/logo\/image\/"},"sameAs":["https:\/\/www.facebook.com\/www.sulin.ee\/","https:\/\/www.instagram.com\/sulintrade\/"]}]}},"builder_content":"","_links":{"self":[{"href":"https:\/\/sulin.ee\/en\/wp-json\/wp\/v2\/product\/38067","targetHints":{"allow":["GET"]}}],"collection":[{"href":"https:\/\/sulin.ee\/en\/wp-json\/wp\/v2\/product"}],"about":[{"href":"https:\/\/sulin.ee\/en\/wp-json\/wp\/v2\/types\/product"}],"replies":[{"embeddable":true,"href":"https:\/\/sulin.ee\/en\/wp-json\/wp\/v2\/comments?post=38067"}],"wp:featuredmedia":[{"embeddable":true,"href":"https:\/\/sulin.ee\/en\/wp-json\/wp\/v2\/media\/38065"}],"wp:attachment":[{"href":"https:\/\/sulin.ee\/en\/wp-json\/wp\/v2\/media?parent=38067"}],"wp:term":[{"taxonomy":"product_brand","embeddable":true,"href":"https:\/\/sulin.ee\/en\/wp-json\/wp\/v2\/product_brand?post=38067"},{"taxonomy":"product_cat","embeddable":true,"href":"https:\/\/sulin.ee\/en\/wp-json\/wp\/v2\/product_cat?post=38067"},{"taxonomy":"product_tag","embeddable":true,"href":"https:\/\/sulin.ee\/en\/wp-json\/wp\/v2\/product_tag?post=38067"}],"curies":[{"name":"wp","href":"https:\/\/api.w.org\/{rel}","templated":true}]}}