{"id":37956,"date":"2025-02-28T12:39:21","date_gmt":"2025-02-28T12:39:21","guid":{"rendered":"https:\/\/sulin.ee\/toode\/3d-konstruktsioon-magnetilised-tellised-led-helendavad-64-tukki\/"},"modified":"2025-12-15T12:51:05","modified_gmt":"2025-12-15T12:51:05","slug":"helendavad-3d-led-magnetkuubikud-dige-64-osaline-komplekt","status":"publish","type":"product","link":"https:\/\/sulin.ee\/en\/toode\/helendavad-3d-led-magnetkuubikud-dige-64-osaline-komplekt\/","title":{"rendered":"Helendavad 3D LED-magnetkuubikud DIGE, 64-osaline komplekt"},"content":{"rendered":"<div class=\"flex max-w-full flex-col flex-grow\">\n<div class=\"min-h-8 text-message relative flex w-full flex-col items-end gap-2 whitespace-normal break-words text-start [.text-message+&amp;]:mt-5\" dir=\"auto\" data-message-author-role=\"assistant\" data-message-id=\"78a437ba-3fe1-4dc5-886d-4a72c9ef257c\" data-message-model-slug=\"gpt-4\">\n<div class=\"flex w-full flex-col gap-1 empty:hidden first:pt-[3px]\">\n<div class=\"markdown prose w-full break-words dark:prose-invert light\">\n<p data-start=\"80\" data-end=\"504\">Helendavad 3D LED-magnetkuubikud DIGE, 64-osaline komplekt on m\u00f5eldud laste loovuse ja k\u00e4eliste oskuste arendamiseks l\u00e4bi m\u00e4ngulise \u00f5ppimise. See mitmek\u00fclgne komplekt sisaldab erineva kujuga v\u00e4rvilisi magnetkuubikuid, mis v\u00f5imaldavad lapsel luua unikaalseid ja p\u00f5nevaid konstruktsioone. Komplekt on suurep\u00e4rane vahend, mis \u00fchendab m\u00e4ngu ja \u00f5ppimise, aidates arendada peenmotoorikat ning silma-k\u00e4e koordinatsiooni.<\/p>\n<p data-start=\"365\" data-end=\"380\"><strong data-start=\"365\" data-end=\"378\">Omadused:<\/strong><\/p>\n<ul data-start=\"381\" data-end=\"940\">\n<li data-start=\"381\" data-end=\"561\">\u2705 <strong data-start=\"385\" data-end=\"408\">Loovuse arendamine:<\/strong> Erineva kujuga ja v\u00e4rvi magnetkuubikud v\u00f5imaldavad luua unikaalseid konstruktsioone, mis stimuleerivad kujutlusv\u00f5imet ja soodustavad loomingulist m\u00f5tlemist.<\/li>\n<li data-start=\"562\" data-end=\"690\">\u2705 <strong data-start=\"566\" data-end=\"598\">K\u00e4eliste oskuste arendamine:<\/strong> Erinevate struktuuride loomine toetab peenmotoorika ja silma-k\u00e4e koordinatsiooni arengut.<\/li>\n<li data-start=\"691\" data-end=\"842\">\u2705 <strong data-start=\"695\" data-end=\"721\">M\u00e4ng ja \u00f5ppimine \u00fches:<\/strong> Koos \u00f5dede-vendadega m\u00e4ngimine arendab sotsiaalseid oskusi ja pakub v\u00f5imalust veeta v\u00e4\u00e4rtuslikku aega koos.<\/li>\n<li data-start=\"843\" data-end=\"940\">\u2705 <strong data-start=\"847\" data-end=\"872\">Helendavad elemendid:<\/strong> Klotsid helendavad pimedas, muutes ehitised eriti muljetavaldavaks.<\/li>\n<\/ul>\n<p data-start=\"506\" data-end=\"533\"><strong data-start=\"506\" data-end=\"533\">Tehnilised andmed:<\/strong><\/p>\n<ul data-start=\"534\" data-end=\"786\">\n<li data-start=\"534\" data-end=\"581\"><strong data-start=\"536\" data-end=\"546\">\u2705 Vanus:<\/strong> Sobib lastele alates 3. eluaastast<\/li>\n<li data-start=\"582\" data-end=\"601\"><strong data-start=\"584\" data-end=\"597\">\u2705\u00a0 Materjal:<\/strong> ABS<\/li>\n<li data-start=\"602\" data-end=\"656\"><strong data-start=\"604\" data-end=\"621\">\u2705\u00a0 Toiteallikas:<\/strong> Kellapatareid (ei ole vahetatavad)<\/li>\n<li data-start=\"657\" data-end=\"705\"><strong data-start=\"659\" data-end=\"686\">\u2705\u00a0 Suurima klotsi m\u00f5\u00f5tmed:<\/strong> 6 cm x 3 cm x 3 cm<\/li>\n<li data-start=\"706\" data-end=\"757\"><strong data-start=\"708\" data-end=\"728\">\u2705\u00a0 Pakendi m\u00f5\u00f5tmed:<\/strong> 1,5 kg; 34 cm x 27 cm x 6 cm<\/li>\n<\/ul>\n<p data-start=\"788\" data-end=\"1103\">Klotsidega m\u00e4ngimine on mitte ainult l\u00f5bus, vaid ka hariv, pakkudes suurep\u00e4raseid v\u00f5imalusi sotsiaalsete oskuste arendamiseks, kui lapsed m\u00e4ngivad koos \u00f5dede-vendade v\u00f5i s\u00f5pradega. <strong>Helendavad elemendid<\/strong> muudavad iga ehitise eriti muljetavaldavaks pimedas, tuues esile laste loodud konstruktsioonide ilu ja keerukuse.<\/p>\n<p data-start=\"1105\" data-end=\"1453\" data-is-last-node=\"\" data-is-only-node=\"\">Iga klotsikomplekti ehitus on uus v\u00f5imalus \u00f5ppida ja avastada, stimuleerides kujutlusv\u00f5imet ja loomingulist m\u00f5tlemist. See 64-osaline komplekt pakub l\u00f5putuid konstruktsiooniv\u00f5imalusi alates lihtsatest tornidest kuni keerukamate 3D-figuurideni, mis muudab selle ideaalseks kingituseks igale uudishimulikule lapsele, kes armastab ehitada ja avastada.<\/p>\n<p data-start=\"1105\" data-end=\"1453\" data-is-last-node=\"\" data-is-only-node=\"\">Vaata ka teisi magnetkuubikuid ja -klotse<a href=\"https:\/\/sulin.ee\/tootekategooria\/mangimine\/magnetklotid\/\"> siit.<\/a><\/p>\n<p data-start=\"1105\" data-end=\"1453\" data-is-last-node=\"\" data-is-only-node=\"\"><strong>NB!<\/strong> DIGE magnetklotsid ja magnetkuubikud \u00fchilduvad sama firma DIGE sarnaste komplektidega. Need ei \u00fchildu Connetix magnetklotsidega. <a href=\"https:\/\/sulin.ee\/tootekategooria\/brandid\/dige\/\">DIGE magnetklotsid leiad siit.<\/a><\/p>\n<\/div>\n<\/div>\n<\/div>\n<\/div>\n","protected":false},"excerpt":{"rendered":"<p>Helendavad 3D LED-magnetkuubikud DIGE, 64-osaline komplekt, on ideaalne m\u00e4nguasi lastele <strong>alates 3. eluaastast<\/strong>, mis \u00fchendab m\u00e4ngu ja \u00f5ppimise, <strong>arendades loovust ja k\u00e4elisi oskusi.<\/strong> See sisaldab erineva kujuga ja v\u00e4rvilisi magnetkuubikuid, mis <strong>helendavad pimedas<\/strong>, muutes iga konstruktsiooni eriti p\u00f5nevaks. Pakett pakub l\u00f5putuid v\u00f5imalusi keerukate 3D-konstruktsioonide loomiseks, suurendades nii kujutlusv\u00f5imet kui ka peenmotoorikat.<\/p>\n","protected":false},"featured_media":40408,"comment_status":"open","ping_status":"closed","template":"","meta":[],"product_brand":[],"product_cat":[110,1162,1165,1166,1441,1442,23],"product_tag":[],"class_list":{"0":"post-37956","1":"product","2":"type-product","3":"status-publish","4":"has-post-thumbnail","6":"product_cat-mangimine","7":"product_cat-kingituseks","8":"product_cat-3-5-aastat","9":"product_cat-6-8-aastat","10":"product_cat-magnetklotid","11":"product_cat-dige","12":"product_cat-soodus","13":"has-post-title","14":"has-post-date","15":"has-post-category","16":"has-post-tag","17":"has-post-comment","18":"has-post-author","19":"","21":"first","22":"instock","23":"sale","24":"taxable","25":"shipping-taxable","26":"purchasable","27":"product-type-simple"},"yoast_head":"<!-- This site is optimized with the Yoast SEO plugin v26.8 - https:\/\/yoast.com\/product\/yoast-seo-wordpress\/ -->\n<title>Helendavad 3D LED-magnetkuubikud DIGE, 64-osaline komplekt - sulin.ee<\/title>\n<meta name=\"description\" content=\"Helendavad 3D LED-magnetkuubikud \u2013 suurep\u00e4rane vahend laste loovuse ja k\u00e4eliste oskuste arendamiseks, pakkudes l\u00f5busat ja harivat m\u00e4ngukogemust\" \/>\n<meta name=\"robots\" content=\"index, follow, max-snippet:-1, max-image-preview:large, max-video-preview:-1\" \/>\n<link rel=\"canonical\" href=\"https:\/\/sulin.ee\/en\/toode\/helendavad-3d-led-magnetkuubikud-dige-64-osaline-komplekt\/\" \/>\n<meta property=\"og:locale\" content=\"en_US\" \/>\n<meta property=\"og:type\" content=\"article\" \/>\n<meta property=\"og:title\" content=\"Helendavad 3D LED-magnetkuubikud DIGE, 64-osaline komplekt - sulin.ee\" \/>\n<meta property=\"og:description\" content=\"Helendavad 3D LED-magnetkuubikud \u2013 suurep\u00e4rane vahend laste loovuse ja k\u00e4eliste oskuste arendamiseks, pakkudes l\u00f5busat ja harivat m\u00e4ngukogemust\" \/>\n<meta property=\"og:url\" content=\"https:\/\/sulin.ee\/en\/toode\/helendavad-3d-led-magnetkuubikud-dige-64-osaline-komplekt\/\" \/>\n<meta property=\"og:site_name\" content=\"sulin.ee\" \/>\n<meta property=\"article:publisher\" content=\"https:\/\/www.facebook.com\/www.sulin.ee\/\" \/>\n<meta property=\"article:modified_time\" content=\"2025-12-15T12:51:05+00:00\" \/>\n<meta property=\"og:image\" content=\"https:\/\/sulin.ee\/wp-content\/uploads\/2025\/02\/Piltide-korrektuurid-kodulehel-2025-03-01T124444.865.png\" \/>\n\t<meta property=\"og:image:width\" content=\"1080\" \/>\n\t<meta property=\"og:image:height\" content=\"1080\" \/>\n\t<meta property=\"og:image:type\" content=\"image\/png\" \/>\n<meta name=\"twitter:card\" content=\"summary_large_image\" \/>\n<meta name=\"twitter:label1\" content=\"Est. reading time\" \/>\n\t<meta name=\"twitter:data1\" content=\"2 minutes\" \/>\n<script type=\"application\/ld+json\" class=\"yoast-schema-graph\">{\"@context\":\"https:\/\/schema.org\",\"@graph\":[{\"@type\":\"WebPage\",\"@id\":\"https:\/\/sulin.ee\/en\/toode\/helendavad-3d-led-magnetkuubikud-dige-64-osaline-komplekt\/\",\"url\":\"https:\/\/sulin.ee\/en\/toode\/helendavad-3d-led-magnetkuubikud-dige-64-osaline-komplekt\/\",\"name\":\"Helendavad 3D LED-magnetkuubikud DIGE, 64-osaline komplekt - sulin.ee\",\"isPartOf\":{\"@id\":\"https:\/\/sulin.ee\/en\/#website\"},\"primaryImageOfPage\":{\"@id\":\"https:\/\/sulin.ee\/en\/toode\/helendavad-3d-led-magnetkuubikud-dige-64-osaline-komplekt\/#primaryimage\"},\"image\":{\"@id\":\"https:\/\/sulin.ee\/en\/toode\/helendavad-3d-led-magnetkuubikud-dige-64-osaline-komplekt\/#primaryimage\"},\"thumbnailUrl\":\"https:\/\/sulin.ee\/wp-content\/uploads\/2025\/02\/Piltide-korrektuurid-kodulehel-2025-03-01T124444.865.png\",\"datePublished\":\"2025-02-28T12:39:21+00:00\",\"dateModified\":\"2025-12-15T12:51:05+00:00\",\"description\":\"Helendavad 3D LED-magnetkuubikud \u2013 suurep\u00e4rane vahend laste loovuse ja k\u00e4eliste oskuste arendamiseks, pakkudes l\u00f5busat ja harivat m\u00e4ngukogemust\",\"breadcrumb\":{\"@id\":\"https:\/\/sulin.ee\/en\/toode\/helendavad-3d-led-magnetkuubikud-dige-64-osaline-komplekt\/#breadcrumb\"},\"inLanguage\":\"en-US\",\"potentialAction\":[{\"@type\":\"ReadAction\",\"target\":[\"https:\/\/sulin.ee\/en\/toode\/helendavad-3d-led-magnetkuubikud-dige-64-osaline-komplekt\/\"]}]},{\"@type\":\"ImageObject\",\"inLanguage\":\"en-US\",\"@id\":\"https:\/\/sulin.ee\/en\/toode\/helendavad-3d-led-magnetkuubikud-dige-64-osaline-komplekt\/#primaryimage\",\"url\":\"https:\/\/sulin.ee\/wp-content\/uploads\/2025\/02\/Piltide-korrektuurid-kodulehel-2025-03-01T124444.865.png\",\"contentUrl\":\"https:\/\/sulin.ee\/wp-content\/uploads\/2025\/02\/Piltide-korrektuurid-kodulehel-2025-03-01T124444.865.png\",\"width\":1080,\"height\":1080,\"caption\":\"Helendavad 3D LED-magnetkuubikud\"},{\"@type\":\"BreadcrumbList\",\"@id\":\"https:\/\/sulin.ee\/en\/toode\/helendavad-3d-led-magnetkuubikud-dige-64-osaline-komplekt\/#breadcrumb\",\"itemListElement\":[{\"@type\":\"ListItem\",\"position\":1,\"name\":\"Home\",\"item\":\"https:\/\/sulin.ee\/en\/\"},{\"@type\":\"ListItem\",\"position\":2,\"name\":\"Sulin.ee e-pood\",\"item\":\"https:\/\/sulin.ee\/shop\/\"},{\"@type\":\"ListItem\",\"position\":3,\"name\":\"Helendavad 3D LED-magnetkuubikud DIGE, 64-osaline komplekt\"}]},{\"@type\":\"WebSite\",\"@id\":\"https:\/\/sulin.ee\/en\/#website\",\"url\":\"https:\/\/sulin.ee\/en\/\",\"name\":\"sulin.ee\",\"description\":\"\",\"publisher\":{\"@id\":\"https:\/\/sulin.ee\/en\/#organization\"},\"potentialAction\":[{\"@type\":\"SearchAction\",\"target\":{\"@type\":\"EntryPoint\",\"urlTemplate\":\"https:\/\/sulin.ee\/en\/?s={search_term_string}\"},\"query-input\":{\"@type\":\"PropertyValueSpecification\",\"valueRequired\":true,\"valueName\":\"search_term_string\"}}],\"inLanguage\":\"en-US\"},{\"@type\":\"Organization\",\"@id\":\"https:\/\/sulin.ee\/en\/#organization\",\"name\":\"SULIN TRADE O\u00dc\",\"url\":\"https:\/\/sulin.ee\/en\/\",\"logo\":{\"@type\":\"ImageObject\",\"inLanguage\":\"en-US\",\"@id\":\"https:\/\/sulin.ee\/en\/#\/schema\/logo\/image\/\",\"url\":\"https:\/\/sulin.ee\/wp-content\/uploads\/2022\/11\/sulin-logo.png\",\"contentUrl\":\"https:\/\/sulin.ee\/wp-content\/uploads\/2022\/11\/sulin-logo.png\",\"width\":871,\"height\":321,\"caption\":\"SULIN TRADE O\u00dc\"},\"image\":{\"@id\":\"https:\/\/sulin.ee\/en\/#\/schema\/logo\/image\/\"},\"sameAs\":[\"https:\/\/www.facebook.com\/www.sulin.ee\/\",\"https:\/\/www.instagram.com\/sulintrade\/\"]}]}<\/script>\n<!-- \/ Yoast SEO plugin. -->","yoast_head_json":{"title":"Helendavad 3D LED-magnetkuubikud DIGE, 64-osaline komplekt - sulin.ee","description":"Helendavad 3D LED-magnetkuubikud \u2013 suurep\u00e4rane vahend laste loovuse ja k\u00e4eliste oskuste arendamiseks, pakkudes l\u00f5busat ja harivat m\u00e4ngukogemust","robots":{"index":"index","follow":"follow","max-snippet":"max-snippet:-1","max-image-preview":"max-image-preview:large","max-video-preview":"max-video-preview:-1"},"canonical":"https:\/\/sulin.ee\/en\/toode\/helendavad-3d-led-magnetkuubikud-dige-64-osaline-komplekt\/","og_locale":"en_US","og_type":"article","og_title":"Helendavad 3D LED-magnetkuubikud DIGE, 64-osaline komplekt - sulin.ee","og_description":"Helendavad 3D LED-magnetkuubikud \u2013 suurep\u00e4rane vahend laste loovuse ja k\u00e4eliste oskuste arendamiseks, pakkudes l\u00f5busat ja harivat m\u00e4ngukogemust","og_url":"https:\/\/sulin.ee\/en\/toode\/helendavad-3d-led-magnetkuubikud-dige-64-osaline-komplekt\/","og_site_name":"sulin.ee","article_publisher":"https:\/\/www.facebook.com\/www.sulin.ee\/","article_modified_time":"2025-12-15T12:51:05+00:00","og_image":[{"width":1080,"height":1080,"url":"https:\/\/sulin.ee\/wp-content\/uploads\/2025\/02\/Piltide-korrektuurid-kodulehel-2025-03-01T124444.865.png","type":"image\/png"}],"twitter_card":"summary_large_image","twitter_misc":{"Est. reading time":"2 minutes"},"schema":{"@context":"https:\/\/schema.org","@graph":[{"@type":"WebPage","@id":"https:\/\/sulin.ee\/en\/toode\/helendavad-3d-led-magnetkuubikud-dige-64-osaline-komplekt\/","url":"https:\/\/sulin.ee\/en\/toode\/helendavad-3d-led-magnetkuubikud-dige-64-osaline-komplekt\/","name":"Helendavad 3D LED-magnetkuubikud DIGE, 64-osaline komplekt - sulin.ee","isPartOf":{"@id":"https:\/\/sulin.ee\/en\/#website"},"primaryImageOfPage":{"@id":"https:\/\/sulin.ee\/en\/toode\/helendavad-3d-led-magnetkuubikud-dige-64-osaline-komplekt\/#primaryimage"},"image":{"@id":"https:\/\/sulin.ee\/en\/toode\/helendavad-3d-led-magnetkuubikud-dige-64-osaline-komplekt\/#primaryimage"},"thumbnailUrl":"https:\/\/sulin.ee\/wp-content\/uploads\/2025\/02\/Piltide-korrektuurid-kodulehel-2025-03-01T124444.865.png","datePublished":"2025-02-28T12:39:21+00:00","dateModified":"2025-12-15T12:51:05+00:00","description":"Helendavad 3D LED-magnetkuubikud \u2013 suurep\u00e4rane vahend laste loovuse ja k\u00e4eliste oskuste arendamiseks, pakkudes l\u00f5busat ja harivat m\u00e4ngukogemust","breadcrumb":{"@id":"https:\/\/sulin.ee\/en\/toode\/helendavad-3d-led-magnetkuubikud-dige-64-osaline-komplekt\/#breadcrumb"},"inLanguage":"en-US","potentialAction":[{"@type":"ReadAction","target":["https:\/\/sulin.ee\/en\/toode\/helendavad-3d-led-magnetkuubikud-dige-64-osaline-komplekt\/"]}]},{"@type":"ImageObject","inLanguage":"en-US","@id":"https:\/\/sulin.ee\/en\/toode\/helendavad-3d-led-magnetkuubikud-dige-64-osaline-komplekt\/#primaryimage","url":"https:\/\/sulin.ee\/wp-content\/uploads\/2025\/02\/Piltide-korrektuurid-kodulehel-2025-03-01T124444.865.png","contentUrl":"https:\/\/sulin.ee\/wp-content\/uploads\/2025\/02\/Piltide-korrektuurid-kodulehel-2025-03-01T124444.865.png","width":1080,"height":1080,"caption":"Helendavad 3D LED-magnetkuubikud"},{"@type":"BreadcrumbList","@id":"https:\/\/sulin.ee\/en\/toode\/helendavad-3d-led-magnetkuubikud-dige-64-osaline-komplekt\/#breadcrumb","itemListElement":[{"@type":"ListItem","position":1,"name":"Home","item":"https:\/\/sulin.ee\/en\/"},{"@type":"ListItem","position":2,"name":"Sulin.ee e-pood","item":"https:\/\/sulin.ee\/shop\/"},{"@type":"ListItem","position":3,"name":"Helendavad 3D LED-magnetkuubikud DIGE, 64-osaline komplekt"}]},{"@type":"WebSite","@id":"https:\/\/sulin.ee\/en\/#website","url":"https:\/\/sulin.ee\/en\/","name":"sulin.ee","description":"","publisher":{"@id":"https:\/\/sulin.ee\/en\/#organization"},"potentialAction":[{"@type":"SearchAction","target":{"@type":"EntryPoint","urlTemplate":"https:\/\/sulin.ee\/en\/?s={search_term_string}"},"query-input":{"@type":"PropertyValueSpecification","valueRequired":true,"valueName":"search_term_string"}}],"inLanguage":"en-US"},{"@type":"Organization","@id":"https:\/\/sulin.ee\/en\/#organization","name":"SULIN TRADE O\u00dc","url":"https:\/\/sulin.ee\/en\/","logo":{"@type":"ImageObject","inLanguage":"en-US","@id":"https:\/\/sulin.ee\/en\/#\/schema\/logo\/image\/","url":"https:\/\/sulin.ee\/wp-content\/uploads\/2022\/11\/sulin-logo.png","contentUrl":"https:\/\/sulin.ee\/wp-content\/uploads\/2022\/11\/sulin-logo.png","width":871,"height":321,"caption":"SULIN TRADE O\u00dc"},"image":{"@id":"https:\/\/sulin.ee\/en\/#\/schema\/logo\/image\/"},"sameAs":["https:\/\/www.facebook.com\/www.sulin.ee\/","https:\/\/www.instagram.com\/sulintrade\/"]}]}},"builder_content":"","_links":{"self":[{"href":"https:\/\/sulin.ee\/en\/wp-json\/wp\/v2\/product\/37956","targetHints":{"allow":["GET"]}}],"collection":[{"href":"https:\/\/sulin.ee\/en\/wp-json\/wp\/v2\/product"}],"about":[{"href":"https:\/\/sulin.ee\/en\/wp-json\/wp\/v2\/types\/product"}],"replies":[{"embeddable":true,"href":"https:\/\/sulin.ee\/en\/wp-json\/wp\/v2\/comments?post=37956"}],"wp:featuredmedia":[{"embeddable":true,"href":"https:\/\/sulin.ee\/en\/wp-json\/wp\/v2\/media\/40408"}],"wp:attachment":[{"href":"https:\/\/sulin.ee\/en\/wp-json\/wp\/v2\/media?parent=37956"}],"wp:term":[{"taxonomy":"product_brand","embeddable":true,"href":"https:\/\/sulin.ee\/en\/wp-json\/wp\/v2\/product_brand?post=37956"},{"taxonomy":"product_cat","embeddable":true,"href":"https:\/\/sulin.ee\/en\/wp-json\/wp\/v2\/product_cat?post=37956"},{"taxonomy":"product_tag","embeddable":true,"href":"https:\/\/sulin.ee\/en\/wp-json\/wp\/v2\/product_tag?post=37956"}],"curies":[{"name":"wp","href":"https:\/\/api.w.org\/{rel}","templated":true}]}}