{"id":37933,"date":"2025-02-28T12:39:14","date_gmt":"2025-02-28T12:39:14","guid":{"rendered":"https:\/\/sulin.ee\/toode\/3d-konstruktsioon-magnetilised-tellised-led-helendavad-32-el\/"},"modified":"2025-04-23T07:40:45","modified_gmt":"2025-04-23T07:40:45","slug":"helendavad-3d-led-magnetkuubikud-dige-32-osaline-komplekt","status":"publish","type":"product","link":"https:\/\/sulin.ee\/en\/toode\/helendavad-3d-led-magnetkuubikud-dige-32-osaline-komplekt\/","title":{"rendered":"Helendavad 3D LED-magnetkuubikud DIGE, 32-osaline komplekt"},"content":{"rendered":"<p style=\"margin: 0cm 0cm 8pt; text-align: left;\" align=\"left\">Helendavad 3D LED-magnetkuubikud DIGE, 32-osaline komplekt, mis avab ukse piiramatuks loovuseks ja p\u00f5nevaks m\u00e4nguks! See komplekt \u00fchendab endas l\u00f5busa m\u00e4ngu ja \u00f5ppimise, pakkudes lastele v\u00f5imalust arendada oma kujutlusv\u00f5imet ja k\u00e4elisi oskusi l\u00e4bi m\u00e4ngulise tegevuse.<\/p>\n<div class=\"flex max-w-full flex-col flex-grow\">\n<div class=\"min-h-8 text-message relative flex w-full flex-col items-end gap-2 whitespace-normal break-words text-start [.text-message+&amp;]:mt-5\" dir=\"auto\" data-message-author-role=\"assistant\" data-message-id=\"259efc40-8b5a-42e2-8ac8-5cb89e9e4e19\" data-message-model-slug=\"gpt-4\">\n<div class=\"flex w-full flex-col gap-1 empty:hidden first:pt-[3px]\">\n<div class=\"markdown prose w-full break-words dark:prose-invert light\">\n<p data-start=\"365\" data-end=\"380\"><strong data-start=\"365\" data-end=\"378\">Omadused:<\/strong><\/p>\n<ul data-start=\"381\" data-end=\"940\">\n<li data-start=\"381\" data-end=\"561\">\u2705 <strong data-start=\"385\" data-end=\"408\">Loovuse arendamine:<\/strong> Erineva kujuga ja v\u00e4rvi magnetkuubikud v\u00f5imaldavad luua unikaalseid konstruktsioone, mis stimuleerivad kujutlusv\u00f5imet ja soodustavad loomingulist m\u00f5tlemist.<\/li>\n<li data-start=\"562\" data-end=\"690\">\u2705 <strong data-start=\"566\" data-end=\"598\">K\u00e4eliste oskuste arendamine:<\/strong> Erinevate struktuuride loomine toetab peenmotoorika ja silma-k\u00e4e koordinatsiooni arengut.<\/li>\n<li data-start=\"691\" data-end=\"842\">\u2705 <strong data-start=\"695\" data-end=\"721\">M\u00e4ng ja \u00f5ppimine \u00fches:<\/strong> Koos \u00f5dede-vendadega m\u00e4ngimine arendab sotsiaalseid oskusi ja pakub v\u00f5imalust veeta v\u00e4\u00e4rtuslikku aega koos.<\/li>\n<li data-start=\"843\" data-end=\"940\">\u2705 <strong data-start=\"847\" data-end=\"872\">Helendavad elemendid:<\/strong> Klotsid helendavad pimedas, muutes ehitised eriti muljetavaldavaks.<\/li>\n<\/ul>\n<p data-start=\"942\" data-end=\"971\"><strong data-start=\"942\" data-end=\"969\">Tehnilised andmed:<\/strong><\/p>\n<ul data-start=\"972\" data-end=\"1206\">\n<li data-start=\"972\" data-end=\"989\"><strong data-start=\"974\" data-end=\"984\">\u2705 Vanus:<\/strong> 3+<\/li>\n<li data-start=\"990\" data-end=\"1011\"><strong data-start=\"992\" data-end=\"1005\">\u2705 Materjal:<\/strong> ABS<\/li>\n<li data-start=\"1012\" data-end=\"1068\"><strong data-start=\"1014\" data-end=\"1031\">\u2705 Toiteallikas:<\/strong> Kellapatareid (ei ole vahetatavad)<\/li>\n<li data-start=\"1069\" data-end=\"1119\"><strong data-start=\"1071\" data-end=\"1098\">\u2705 Suurima klotsi m\u00f5\u00f5tmed:<\/strong> 6 cm x 3 cm x 3 cm<\/li>\n<li data-start=\"1120\" data-end=\"1175\"><strong data-start=\"1122\" data-end=\"1142\">\u2705 Pakendi m\u00f5\u00f5tmed:<\/strong> 1,5 kg; 28,5 cm x 22 cm x 6 cm<\/li>\n<\/ul>\n<p data-start=\"1208\" data-end=\"1229\"><strong data-start=\"1208\" data-end=\"1227\">Komplektis:<\/strong> 32 magnetkuubikut.<\/p>\n<p data-start=\"1251\" data-end=\"1594\"><strong data-start=\"1251\" data-end=\"1273\">Kasutusv\u00f5imalused:<\/strong><br data-start=\"1273\" data-end=\"1276\" \/>Erinevate kujude ja v\u00e4rvidega helendavad 3D LED-magnetkuubikud annavad lapsele v\u00f5imaluse luua mitmeid konstruktsioone &#8211; alates lihtsatest tornidest kuni keerukamate 3D-figuurideni. T\u00e4nu sisseehitatud magnetitele on klotsidega ehitamine lihtne ja l\u00f5bus. Helendavad elemendid muudavad iga ehituse eriti l\u00f5busaks ja p\u00f5nevaks, eriti pimedas.<\/p>\n<p data-start=\"1596\" data-end=\"1692\" data-is-last-node=\"\" data-is-only-node=\"\">Avage oma lapsele piiramatu loovuse ja p\u00f5neva m\u00e4ngu maailm Helendavate 3D LED-magnetkuubikutega! Vaata ka teisi magnetkuubikuid ja -klotse <a href=\"https:\/\/sulin.ee\/tootekategooria\/mangimine\/magnetklotid\/\">siit.<\/a><\/p>\n<p data-start=\"1596\" data-end=\"1692\" data-is-last-node=\"\" data-is-only-node=\"\"><strong>NB!<\/strong> DIGE magnetklotsid ja magnetkuubikud \u00fchilduvad sama firma DIGE sarnaste komplektidega. Need ei \u00fchildu Connetix magnetklotsidega. <a href=\"https:\/\/sulin.ee\/tootekategooria\/brandid\/dige\/\">DIGE magnetklotsid leiad siit.<\/a><\/p>\n<\/div>\n<\/div>\n<\/div>\n<\/div>\n","protected":false},"excerpt":{"rendered":"<p><strong>Helendavad 3D LED-magnetkuubikud, 32-osaline komplekt<\/strong>, pakub lastele <strong>alates 3. eluaastast v<\/strong>\u00f5imalust luua v\u00e4rvikirevaid ja helendavaid konstruktsioone. See komplekt <strong>soodustab loovuse, k\u00e4eliste oskuste ja sotsiaalsete v\u00f5imete arengut<\/strong>, \u00fchendades m\u00e4ngu ja \u00f5ppimise. Ideaalne kingitus, mis toob esile loovuse ja pakub tundide viisi l\u00f5bu.<\/p>\n","protected":false},"featured_media":40401,"comment_status":"open","ping_status":"closed","template":"","meta":[],"product_brand":[],"product_cat":[1441,1442,23],"product_tag":[],"class_list":{"0":"post-37933","1":"product","2":"type-product","3":"status-publish","4":"has-post-thumbnail","6":"product_cat-magnetklotid","7":"product_cat-dige","8":"product_cat-soodus","9":"has-post-title","10":"has-post-date","11":"has-post-category","12":"has-post-tag","13":"has-post-comment","14":"has-post-author","15":"","17":"first","18":"instock","19":"sale","20":"taxable","21":"shipping-taxable","22":"purchasable","23":"product-type-simple"},"yoast_head":"<!-- This site is optimized with the Yoast SEO plugin v26.8 - https:\/\/yoast.com\/product\/yoast-seo-wordpress\/ -->\n<title>Helendavad 3D LED-magnetkuubikud DIGE, 32-osaline komplekt - sulin.ee<\/title>\n<meta name=\"description\" content=\"Helendavad 3D LED-magnetkuubikud, 32-osaline komplekt \u2013 ideaalne vahend loovuse ja k\u00e4eliste oskuste arendamiseks l\u00e4bi m\u00e4ngulise \u00f5ppimise.\" \/>\n<meta name=\"robots\" content=\"index, follow, max-snippet:-1, max-image-preview:large, max-video-preview:-1\" \/>\n<link rel=\"canonical\" href=\"https:\/\/sulin.ee\/en\/toode\/helendavad-3d-led-magnetkuubikud-dige-32-osaline-komplekt\/\" \/>\n<meta property=\"og:locale\" content=\"en_US\" \/>\n<meta property=\"og:type\" content=\"article\" \/>\n<meta property=\"og:title\" content=\"Helendavad 3D LED-magnetkuubikud DIGE, 32-osaline komplekt - sulin.ee\" \/>\n<meta property=\"og:description\" content=\"Helendavad 3D LED-magnetkuubikud, 32-osaline komplekt \u2013 ideaalne vahend loovuse ja k\u00e4eliste oskuste arendamiseks l\u00e4bi m\u00e4ngulise \u00f5ppimise.\" \/>\n<meta property=\"og:url\" content=\"https:\/\/sulin.ee\/en\/toode\/helendavad-3d-led-magnetkuubikud-dige-32-osaline-komplekt\/\" \/>\n<meta property=\"og:site_name\" content=\"sulin.ee\" \/>\n<meta property=\"article:publisher\" content=\"https:\/\/www.facebook.com\/www.sulin.ee\/\" \/>\n<meta property=\"article:modified_time\" content=\"2025-04-23T07:40:45+00:00\" \/>\n<meta property=\"og:image\" content=\"https:\/\/sulin.ee\/wp-content\/uploads\/2025\/02\/Piltide-korrektuurid-kodulehel-2025-03-01T121801.916.png\" \/>\n\t<meta property=\"og:image:width\" content=\"1080\" \/>\n\t<meta property=\"og:image:height\" content=\"1080\" \/>\n\t<meta property=\"og:image:type\" content=\"image\/png\" \/>\n<meta name=\"twitter:card\" content=\"summary_large_image\" \/>\n<meta name=\"twitter:label1\" content=\"Est. reading time\" \/>\n\t<meta name=\"twitter:data1\" content=\"2 minutes\" \/>\n<script type=\"application\/ld+json\" class=\"yoast-schema-graph\">{\"@context\":\"https:\/\/schema.org\",\"@graph\":[{\"@type\":\"WebPage\",\"@id\":\"https:\/\/sulin.ee\/en\/toode\/helendavad-3d-led-magnetkuubikud-dige-32-osaline-komplekt\/\",\"url\":\"https:\/\/sulin.ee\/en\/toode\/helendavad-3d-led-magnetkuubikud-dige-32-osaline-komplekt\/\",\"name\":\"Helendavad 3D LED-magnetkuubikud DIGE, 32-osaline komplekt - sulin.ee\",\"isPartOf\":{\"@id\":\"https:\/\/sulin.ee\/en\/#website\"},\"primaryImageOfPage\":{\"@id\":\"https:\/\/sulin.ee\/en\/toode\/helendavad-3d-led-magnetkuubikud-dige-32-osaline-komplekt\/#primaryimage\"},\"image\":{\"@id\":\"https:\/\/sulin.ee\/en\/toode\/helendavad-3d-led-magnetkuubikud-dige-32-osaline-komplekt\/#primaryimage\"},\"thumbnailUrl\":\"https:\/\/sulin.ee\/wp-content\/uploads\/2025\/02\/Piltide-korrektuurid-kodulehel-2025-03-01T121801.916.png\",\"datePublished\":\"2025-02-28T12:39:14+00:00\",\"dateModified\":\"2025-04-23T07:40:45+00:00\",\"description\":\"Helendavad 3D LED-magnetkuubikud, 32-osaline komplekt \u2013 ideaalne vahend loovuse ja k\u00e4eliste oskuste arendamiseks l\u00e4bi m\u00e4ngulise \u00f5ppimise.\",\"breadcrumb\":{\"@id\":\"https:\/\/sulin.ee\/en\/toode\/helendavad-3d-led-magnetkuubikud-dige-32-osaline-komplekt\/#breadcrumb\"},\"inLanguage\":\"en-US\",\"potentialAction\":[{\"@type\":\"ReadAction\",\"target\":[\"https:\/\/sulin.ee\/en\/toode\/helendavad-3d-led-magnetkuubikud-dige-32-osaline-komplekt\/\"]}]},{\"@type\":\"ImageObject\",\"inLanguage\":\"en-US\",\"@id\":\"https:\/\/sulin.ee\/en\/toode\/helendavad-3d-led-magnetkuubikud-dige-32-osaline-komplekt\/#primaryimage\",\"url\":\"https:\/\/sulin.ee\/wp-content\/uploads\/2025\/02\/Piltide-korrektuurid-kodulehel-2025-03-01T121801.916.png\",\"contentUrl\":\"https:\/\/sulin.ee\/wp-content\/uploads\/2025\/02\/Piltide-korrektuurid-kodulehel-2025-03-01T121801.916.png\",\"width\":1080,\"height\":1080,\"caption\":\"Helendavad 3D LED-magnetkuubikud\"},{\"@type\":\"BreadcrumbList\",\"@id\":\"https:\/\/sulin.ee\/en\/toode\/helendavad-3d-led-magnetkuubikud-dige-32-osaline-komplekt\/#breadcrumb\",\"itemListElement\":[{\"@type\":\"ListItem\",\"position\":1,\"name\":\"Home\",\"item\":\"https:\/\/sulin.ee\/en\/\"},{\"@type\":\"ListItem\",\"position\":2,\"name\":\"Sulin.ee e-pood\",\"item\":\"https:\/\/sulin.ee\/shop\/\"},{\"@type\":\"ListItem\",\"position\":3,\"name\":\"Helendavad 3D LED-magnetkuubikud DIGE, 32-osaline komplekt\"}]},{\"@type\":\"WebSite\",\"@id\":\"https:\/\/sulin.ee\/en\/#website\",\"url\":\"https:\/\/sulin.ee\/en\/\",\"name\":\"sulin.ee\",\"description\":\"\",\"publisher\":{\"@id\":\"https:\/\/sulin.ee\/en\/#organization\"},\"potentialAction\":[{\"@type\":\"SearchAction\",\"target\":{\"@type\":\"EntryPoint\",\"urlTemplate\":\"https:\/\/sulin.ee\/en\/?s={search_term_string}\"},\"query-input\":{\"@type\":\"PropertyValueSpecification\",\"valueRequired\":true,\"valueName\":\"search_term_string\"}}],\"inLanguage\":\"en-US\"},{\"@type\":\"Organization\",\"@id\":\"https:\/\/sulin.ee\/en\/#organization\",\"name\":\"SULIN TRADE O\u00dc\",\"url\":\"https:\/\/sulin.ee\/en\/\",\"logo\":{\"@type\":\"ImageObject\",\"inLanguage\":\"en-US\",\"@id\":\"https:\/\/sulin.ee\/en\/#\/schema\/logo\/image\/\",\"url\":\"https:\/\/sulin.ee\/wp-content\/uploads\/2022\/11\/sulin-logo.png\",\"contentUrl\":\"https:\/\/sulin.ee\/wp-content\/uploads\/2022\/11\/sulin-logo.png\",\"width\":871,\"height\":321,\"caption\":\"SULIN TRADE O\u00dc\"},\"image\":{\"@id\":\"https:\/\/sulin.ee\/en\/#\/schema\/logo\/image\/\"},\"sameAs\":[\"https:\/\/www.facebook.com\/www.sulin.ee\/\",\"https:\/\/www.instagram.com\/sulintrade\/\"]}]}<\/script>\n<!-- \/ Yoast SEO plugin. -->","yoast_head_json":{"title":"Helendavad 3D LED-magnetkuubikud DIGE, 32-osaline komplekt - sulin.ee","description":"Helendavad 3D LED-magnetkuubikud, 32-osaline komplekt \u2013 ideaalne vahend loovuse ja k\u00e4eliste oskuste arendamiseks l\u00e4bi m\u00e4ngulise \u00f5ppimise.","robots":{"index":"index","follow":"follow","max-snippet":"max-snippet:-1","max-image-preview":"max-image-preview:large","max-video-preview":"max-video-preview:-1"},"canonical":"https:\/\/sulin.ee\/en\/toode\/helendavad-3d-led-magnetkuubikud-dige-32-osaline-komplekt\/","og_locale":"en_US","og_type":"article","og_title":"Helendavad 3D LED-magnetkuubikud DIGE, 32-osaline komplekt - sulin.ee","og_description":"Helendavad 3D LED-magnetkuubikud, 32-osaline komplekt \u2013 ideaalne vahend loovuse ja k\u00e4eliste oskuste arendamiseks l\u00e4bi m\u00e4ngulise \u00f5ppimise.","og_url":"https:\/\/sulin.ee\/en\/toode\/helendavad-3d-led-magnetkuubikud-dige-32-osaline-komplekt\/","og_site_name":"sulin.ee","article_publisher":"https:\/\/www.facebook.com\/www.sulin.ee\/","article_modified_time":"2025-04-23T07:40:45+00:00","og_image":[{"width":1080,"height":1080,"url":"https:\/\/sulin.ee\/wp-content\/uploads\/2025\/02\/Piltide-korrektuurid-kodulehel-2025-03-01T121801.916.png","type":"image\/png"}],"twitter_card":"summary_large_image","twitter_misc":{"Est. reading time":"2 minutes"},"schema":{"@context":"https:\/\/schema.org","@graph":[{"@type":"WebPage","@id":"https:\/\/sulin.ee\/en\/toode\/helendavad-3d-led-magnetkuubikud-dige-32-osaline-komplekt\/","url":"https:\/\/sulin.ee\/en\/toode\/helendavad-3d-led-magnetkuubikud-dige-32-osaline-komplekt\/","name":"Helendavad 3D LED-magnetkuubikud DIGE, 32-osaline komplekt - sulin.ee","isPartOf":{"@id":"https:\/\/sulin.ee\/en\/#website"},"primaryImageOfPage":{"@id":"https:\/\/sulin.ee\/en\/toode\/helendavad-3d-led-magnetkuubikud-dige-32-osaline-komplekt\/#primaryimage"},"image":{"@id":"https:\/\/sulin.ee\/en\/toode\/helendavad-3d-led-magnetkuubikud-dige-32-osaline-komplekt\/#primaryimage"},"thumbnailUrl":"https:\/\/sulin.ee\/wp-content\/uploads\/2025\/02\/Piltide-korrektuurid-kodulehel-2025-03-01T121801.916.png","datePublished":"2025-02-28T12:39:14+00:00","dateModified":"2025-04-23T07:40:45+00:00","description":"Helendavad 3D LED-magnetkuubikud, 32-osaline komplekt \u2013 ideaalne vahend loovuse ja k\u00e4eliste oskuste arendamiseks l\u00e4bi m\u00e4ngulise \u00f5ppimise.","breadcrumb":{"@id":"https:\/\/sulin.ee\/en\/toode\/helendavad-3d-led-magnetkuubikud-dige-32-osaline-komplekt\/#breadcrumb"},"inLanguage":"en-US","potentialAction":[{"@type":"ReadAction","target":["https:\/\/sulin.ee\/en\/toode\/helendavad-3d-led-magnetkuubikud-dige-32-osaline-komplekt\/"]}]},{"@type":"ImageObject","inLanguage":"en-US","@id":"https:\/\/sulin.ee\/en\/toode\/helendavad-3d-led-magnetkuubikud-dige-32-osaline-komplekt\/#primaryimage","url":"https:\/\/sulin.ee\/wp-content\/uploads\/2025\/02\/Piltide-korrektuurid-kodulehel-2025-03-01T121801.916.png","contentUrl":"https:\/\/sulin.ee\/wp-content\/uploads\/2025\/02\/Piltide-korrektuurid-kodulehel-2025-03-01T121801.916.png","width":1080,"height":1080,"caption":"Helendavad 3D LED-magnetkuubikud"},{"@type":"BreadcrumbList","@id":"https:\/\/sulin.ee\/en\/toode\/helendavad-3d-led-magnetkuubikud-dige-32-osaline-komplekt\/#breadcrumb","itemListElement":[{"@type":"ListItem","position":1,"name":"Home","item":"https:\/\/sulin.ee\/en\/"},{"@type":"ListItem","position":2,"name":"Sulin.ee e-pood","item":"https:\/\/sulin.ee\/shop\/"},{"@type":"ListItem","position":3,"name":"Helendavad 3D LED-magnetkuubikud DIGE, 32-osaline komplekt"}]},{"@type":"WebSite","@id":"https:\/\/sulin.ee\/en\/#website","url":"https:\/\/sulin.ee\/en\/","name":"sulin.ee","description":"","publisher":{"@id":"https:\/\/sulin.ee\/en\/#organization"},"potentialAction":[{"@type":"SearchAction","target":{"@type":"EntryPoint","urlTemplate":"https:\/\/sulin.ee\/en\/?s={search_term_string}"},"query-input":{"@type":"PropertyValueSpecification","valueRequired":true,"valueName":"search_term_string"}}],"inLanguage":"en-US"},{"@type":"Organization","@id":"https:\/\/sulin.ee\/en\/#organization","name":"SULIN TRADE O\u00dc","url":"https:\/\/sulin.ee\/en\/","logo":{"@type":"ImageObject","inLanguage":"en-US","@id":"https:\/\/sulin.ee\/en\/#\/schema\/logo\/image\/","url":"https:\/\/sulin.ee\/wp-content\/uploads\/2022\/11\/sulin-logo.png","contentUrl":"https:\/\/sulin.ee\/wp-content\/uploads\/2022\/11\/sulin-logo.png","width":871,"height":321,"caption":"SULIN TRADE O\u00dc"},"image":{"@id":"https:\/\/sulin.ee\/en\/#\/schema\/logo\/image\/"},"sameAs":["https:\/\/www.facebook.com\/www.sulin.ee\/","https:\/\/www.instagram.com\/sulintrade\/"]}]}},"builder_content":"","_links":{"self":[{"href":"https:\/\/sulin.ee\/en\/wp-json\/wp\/v2\/product\/37933","targetHints":{"allow":["GET"]}}],"collection":[{"href":"https:\/\/sulin.ee\/en\/wp-json\/wp\/v2\/product"}],"about":[{"href":"https:\/\/sulin.ee\/en\/wp-json\/wp\/v2\/types\/product"}],"replies":[{"embeddable":true,"href":"https:\/\/sulin.ee\/en\/wp-json\/wp\/v2\/comments?post=37933"}],"wp:featuredmedia":[{"embeddable":true,"href":"https:\/\/sulin.ee\/en\/wp-json\/wp\/v2\/media\/40401"}],"wp:attachment":[{"href":"https:\/\/sulin.ee\/en\/wp-json\/wp\/v2\/media?parent=37933"}],"wp:term":[{"taxonomy":"product_brand","embeddable":true,"href":"https:\/\/sulin.ee\/en\/wp-json\/wp\/v2\/product_brand?post=37933"},{"taxonomy":"product_cat","embeddable":true,"href":"https:\/\/sulin.ee\/en\/wp-json\/wp\/v2\/product_cat?post=37933"},{"taxonomy":"product_tag","embeddable":true,"href":"https:\/\/sulin.ee\/en\/wp-json\/wp\/v2\/product_tag?post=37933"}],"curies":[{"name":"wp","href":"https:\/\/api.w.org\/{rel}","templated":true}]}}