{"id":37876,"date":"2025-02-28T10:38:58","date_gmt":"2025-02-28T10:38:58","guid":{"rendered":"https:\/\/sulin.ee\/toode\/creativ-plastmass-4x114g-4tk\/"},"modified":"2025-06-15T08:46:40","modified_gmt":"2025-06-15T08:46:40","slug":"voolimismass-fantaasia-4tk","status":"publish","type":"product","link":"https:\/\/sulin.ee\/en\/toode\/voolimismass-fantaasia-4tk\/","title":{"rendered":"Voolimismass &#8220;Fantaasia&#8221; (4tk)"},"content":{"rendered":"<p data-start=\"128\" data-end=\"339\"><strong>Voolimismass &#8220;Fantaasia&#8221; on loodud selleks, et \u00e4ratada ellu unistused ja fantaasiad. See komplekt sisaldab nelja fantaasiak\u00fcllast v\u00e4rvi: oran\u017ei, roosat, lillat ja rohelist, pakkudes suurep\u00e4raseid v\u00f5imalusi loominguliseks v\u00e4ljenduseks. Mass on pehme ja mittekleepuv, ideaalne v\u00e4ikeste kunstnike k\u00e4tele.<\/strong><\/p>\n<p data-start=\"443\" data-end=\"668\"><strong data-start=\"443\" data-end=\"466\">Arendavad omadused:<\/strong><br data-start=\"466\" data-end=\"469\" \/>Voolimismassiga m\u00e4ngimine aitab arendada laste k\u00e4elisi oskusi ja tugevdada nende v\u00e4ikeste k\u00e4te lihaseid, mis on oluline etapp kirjutama \u00f5ppimiseks. Lisaks arendab see laste loovust ja kujutlusv\u00f5imet. Lapsed saavad luua mitmesuguseid kujusid ja tegelasi, mis mitte ainult ei paku meelelahutust, vaid ka arendavad nende ruumilist taju ja k\u00e4elist osavust.<\/p>\n<p data-start=\"670\" data-end=\"874\"><strong data-start=\"670\" data-end=\"681\">Komplektis: oran\u017e, roosa, lilla ja roheline<\/strong>. Kogus: 4 x 114g = 456g<\/p>\n<p data-start=\"670\" data-end=\"874\">Iga voolimismass on pakendatud l\u00e4bipaistvasse 114 g mahutisse, mis v\u00f5imaldab sisu h\u00f5lpsasti n\u00e4ha ilma neid avamata. See teeb komplekti ideaalseks kasutamiseks nii kodus kui ka haridusasutustes.<\/p>\n<p data-start=\"876\" data-end=\"1044\" data-is-last-node=\"\" data-is-only-node=\"\">Sobib kasutamiseks v\u00e4ikelastele alates 2. eluaastast, tagades ohutu ja arendava m\u00e4ngu.<\/p>\n<p data-start=\"876\" data-end=\"1044\" data-is-last-node=\"\" data-is-only-node=\"\"><strong>NB! Kasutada t\u00e4iskasvanu j\u00e4relvalve all. Mitte alla neelata! \u00c4ra j\u00e4ta alla 3 aastast last voolimismassidega \u00fcksi!<\/strong><\/p>\n<p data-start=\"876\" data-end=\"1044\" data-is-last-node=\"\" data-is-only-node=\"\">Avasta veelgi rohkem voolimismasse ja vorme meie tootevalikus! <a href=\"https:\/\/sulin.ee\/tootekategooria\/mangimine\/voolimismassid\/\">Leiad siit.<\/a><\/p>\n","protected":false},"excerpt":{"rendered":"<p>Voolimismass &#8220;Fantaasia&#8221; on nelja fantaasiarikka v\u00e4rvi (<strong>oran\u017e, roosa, lilla, roheline<\/strong>) komplekt, mis on suurep\u00e4rane arendav m\u00e4nguasi <strong>v\u00e4ikelastele alates 2. eluaastast.<\/strong> Pehme, mittekleepuv plastmass pakub l\u00f5putuid loovaid v\u00f5imalusi, aidates arendada k\u00e4elisi oskusi ja ettevalmistust kirjutamiseks.<\/p>\n<p><strong>Kogus:<\/strong> 4 x 114g.<\/p>\n","protected":false},"featured_media":40395,"comment_status":"open","ping_status":"closed","template":"","meta":[],"product_brand":[],"product_cat":[110,1162,1164,1165,926,1440,23],"product_tag":[],"class_list":{"0":"post-37876","1":"product","2":"type-product","3":"status-publish","4":"has-post-thumbnail","6":"product_cat-mangimine","7":"product_cat-kingituseks","8":"product_cat-1-3-aastat","9":"product_cat-3-5-aastat","10":"product_cat-voolimismassid","11":"product_cat-maped","12":"product_cat-soodus","13":"has-post-title","14":"has-post-date","15":"has-post-category","16":"has-post-tag","17":"has-post-comment","18":"has-post-author","19":"","21":"first","22":"instock","23":"sale","24":"taxable","25":"shipping-taxable","26":"purchasable","27":"product-type-simple"},"yoast_head":"<!-- This site is optimized with the Yoast SEO plugin v26.8 - https:\/\/yoast.com\/product\/yoast-seo-wordpress\/ -->\n<title>Voolimismass &quot;Fantaasia&quot; (4tk) - sulin.ee<\/title>\n<meta name=\"description\" content=\"Voolimismass &quot;Fantaasia&quot; \u2013 nelja erksa fantaasiav\u00e4rviga komplekt, mis arendab v\u00e4ikelaste k\u00e4elisi oskusi ja loovust, pakkudes turvalist m\u00e4nguelamust.\" \/>\n<meta name=\"robots\" content=\"index, follow, max-snippet:-1, max-image-preview:large, max-video-preview:-1\" \/>\n<link rel=\"canonical\" href=\"https:\/\/sulin.ee\/en\/toode\/voolimismass-fantaasia-4tk\/\" \/>\n<meta property=\"og:locale\" content=\"en_US\" \/>\n<meta property=\"og:type\" content=\"article\" \/>\n<meta property=\"og:title\" content=\"Voolimismass &quot;Fantaasia&quot; (4tk) - sulin.ee\" \/>\n<meta property=\"og:description\" content=\"Voolimismass &quot;Fantaasia&quot; \u2013 nelja erksa fantaasiav\u00e4rviga komplekt, mis arendab v\u00e4ikelaste k\u00e4elisi oskusi ja loovust, pakkudes turvalist m\u00e4nguelamust.\" \/>\n<meta property=\"og:url\" content=\"https:\/\/sulin.ee\/en\/toode\/voolimismass-fantaasia-4tk\/\" \/>\n<meta property=\"og:site_name\" content=\"sulin.ee\" \/>\n<meta property=\"article:publisher\" content=\"https:\/\/www.facebook.com\/www.sulin.ee\/\" \/>\n<meta property=\"article:modified_time\" content=\"2025-06-15T08:46:40+00:00\" \/>\n<meta property=\"og:image\" content=\"https:\/\/sulin.ee\/wp-content\/uploads\/2025\/02\/Piltide-korrektuurid-kodulehel-2025-03-01T111228.881.png\" \/>\n\t<meta property=\"og:image:width\" content=\"1080\" \/>\n\t<meta property=\"og:image:height\" content=\"1080\" \/>\n\t<meta property=\"og:image:type\" content=\"image\/png\" \/>\n<meta name=\"twitter:card\" content=\"summary_large_image\" \/>\n<meta name=\"twitter:label1\" content=\"Est. reading time\" \/>\n\t<meta name=\"twitter:data1\" content=\"2 minutes\" \/>\n<script type=\"application\/ld+json\" class=\"yoast-schema-graph\">{\"@context\":\"https:\/\/schema.org\",\"@graph\":[{\"@type\":\"WebPage\",\"@id\":\"https:\/\/sulin.ee\/en\/toode\/voolimismass-fantaasia-4tk\/\",\"url\":\"https:\/\/sulin.ee\/en\/toode\/voolimismass-fantaasia-4tk\/\",\"name\":\"Voolimismass \\\"Fantaasia\\\" (4tk) - sulin.ee\",\"isPartOf\":{\"@id\":\"https:\/\/sulin.ee\/en\/#website\"},\"primaryImageOfPage\":{\"@id\":\"https:\/\/sulin.ee\/en\/toode\/voolimismass-fantaasia-4tk\/#primaryimage\"},\"image\":{\"@id\":\"https:\/\/sulin.ee\/en\/toode\/voolimismass-fantaasia-4tk\/#primaryimage\"},\"thumbnailUrl\":\"https:\/\/sulin.ee\/wp-content\/uploads\/2025\/02\/Piltide-korrektuurid-kodulehel-2025-03-01T111228.881.png\",\"datePublished\":\"2025-02-28T10:38:58+00:00\",\"dateModified\":\"2025-06-15T08:46:40+00:00\",\"description\":\"Voolimismass \\\"Fantaasia\\\" \u2013 nelja erksa fantaasiav\u00e4rviga komplekt, mis arendab v\u00e4ikelaste k\u00e4elisi oskusi ja loovust, pakkudes turvalist m\u00e4nguelamust.\",\"breadcrumb\":{\"@id\":\"https:\/\/sulin.ee\/en\/toode\/voolimismass-fantaasia-4tk\/#breadcrumb\"},\"inLanguage\":\"en-US\",\"potentialAction\":[{\"@type\":\"ReadAction\",\"target\":[\"https:\/\/sulin.ee\/en\/toode\/voolimismass-fantaasia-4tk\/\"]}]},{\"@type\":\"ImageObject\",\"inLanguage\":\"en-US\",\"@id\":\"https:\/\/sulin.ee\/en\/toode\/voolimismass-fantaasia-4tk\/#primaryimage\",\"url\":\"https:\/\/sulin.ee\/wp-content\/uploads\/2025\/02\/Piltide-korrektuurid-kodulehel-2025-03-01T111228.881.png\",\"contentUrl\":\"https:\/\/sulin.ee\/wp-content\/uploads\/2025\/02\/Piltide-korrektuurid-kodulehel-2025-03-01T111228.881.png\",\"width\":1080,\"height\":1080,\"caption\":\"Voolimismass \\\"Fantaasia\\\"\"},{\"@type\":\"BreadcrumbList\",\"@id\":\"https:\/\/sulin.ee\/en\/toode\/voolimismass-fantaasia-4tk\/#breadcrumb\",\"itemListElement\":[{\"@type\":\"ListItem\",\"position\":1,\"name\":\"Home\",\"item\":\"https:\/\/sulin.ee\/en\/\"},{\"@type\":\"ListItem\",\"position\":2,\"name\":\"Sulin.ee e-pood\",\"item\":\"https:\/\/sulin.ee\/shop\/\"},{\"@type\":\"ListItem\",\"position\":3,\"name\":\"Voolimismass &#8220;Fantaasia&#8221; (4tk)\"}]},{\"@type\":\"WebSite\",\"@id\":\"https:\/\/sulin.ee\/en\/#website\",\"url\":\"https:\/\/sulin.ee\/en\/\",\"name\":\"sulin.ee\",\"description\":\"\",\"publisher\":{\"@id\":\"https:\/\/sulin.ee\/en\/#organization\"},\"potentialAction\":[{\"@type\":\"SearchAction\",\"target\":{\"@type\":\"EntryPoint\",\"urlTemplate\":\"https:\/\/sulin.ee\/en\/?s={search_term_string}\"},\"query-input\":{\"@type\":\"PropertyValueSpecification\",\"valueRequired\":true,\"valueName\":\"search_term_string\"}}],\"inLanguage\":\"en-US\"},{\"@type\":\"Organization\",\"@id\":\"https:\/\/sulin.ee\/en\/#organization\",\"name\":\"SULIN TRADE O\u00dc\",\"url\":\"https:\/\/sulin.ee\/en\/\",\"logo\":{\"@type\":\"ImageObject\",\"inLanguage\":\"en-US\",\"@id\":\"https:\/\/sulin.ee\/en\/#\/schema\/logo\/image\/\",\"url\":\"https:\/\/sulin.ee\/wp-content\/uploads\/2022\/11\/sulin-logo.png\",\"contentUrl\":\"https:\/\/sulin.ee\/wp-content\/uploads\/2022\/11\/sulin-logo.png\",\"width\":871,\"height\":321,\"caption\":\"SULIN TRADE O\u00dc\"},\"image\":{\"@id\":\"https:\/\/sulin.ee\/en\/#\/schema\/logo\/image\/\"},\"sameAs\":[\"https:\/\/www.facebook.com\/www.sulin.ee\/\",\"https:\/\/www.instagram.com\/sulintrade\/\"]}]}<\/script>\n<!-- \/ Yoast SEO plugin. -->","yoast_head_json":{"title":"Voolimismass \"Fantaasia\" (4tk) - sulin.ee","description":"Voolimismass \"Fantaasia\" \u2013 nelja erksa fantaasiav\u00e4rviga komplekt, mis arendab v\u00e4ikelaste k\u00e4elisi oskusi ja loovust, pakkudes turvalist m\u00e4nguelamust.","robots":{"index":"index","follow":"follow","max-snippet":"max-snippet:-1","max-image-preview":"max-image-preview:large","max-video-preview":"max-video-preview:-1"},"canonical":"https:\/\/sulin.ee\/en\/toode\/voolimismass-fantaasia-4tk\/","og_locale":"en_US","og_type":"article","og_title":"Voolimismass \"Fantaasia\" (4tk) - sulin.ee","og_description":"Voolimismass \"Fantaasia\" \u2013 nelja erksa fantaasiav\u00e4rviga komplekt, mis arendab v\u00e4ikelaste k\u00e4elisi oskusi ja loovust, pakkudes turvalist m\u00e4nguelamust.","og_url":"https:\/\/sulin.ee\/en\/toode\/voolimismass-fantaasia-4tk\/","og_site_name":"sulin.ee","article_publisher":"https:\/\/www.facebook.com\/www.sulin.ee\/","article_modified_time":"2025-06-15T08:46:40+00:00","og_image":[{"width":1080,"height":1080,"url":"https:\/\/sulin.ee\/wp-content\/uploads\/2025\/02\/Piltide-korrektuurid-kodulehel-2025-03-01T111228.881.png","type":"image\/png"}],"twitter_card":"summary_large_image","twitter_misc":{"Est. reading time":"2 minutes"},"schema":{"@context":"https:\/\/schema.org","@graph":[{"@type":"WebPage","@id":"https:\/\/sulin.ee\/en\/toode\/voolimismass-fantaasia-4tk\/","url":"https:\/\/sulin.ee\/en\/toode\/voolimismass-fantaasia-4tk\/","name":"Voolimismass \"Fantaasia\" (4tk) - sulin.ee","isPartOf":{"@id":"https:\/\/sulin.ee\/en\/#website"},"primaryImageOfPage":{"@id":"https:\/\/sulin.ee\/en\/toode\/voolimismass-fantaasia-4tk\/#primaryimage"},"image":{"@id":"https:\/\/sulin.ee\/en\/toode\/voolimismass-fantaasia-4tk\/#primaryimage"},"thumbnailUrl":"https:\/\/sulin.ee\/wp-content\/uploads\/2025\/02\/Piltide-korrektuurid-kodulehel-2025-03-01T111228.881.png","datePublished":"2025-02-28T10:38:58+00:00","dateModified":"2025-06-15T08:46:40+00:00","description":"Voolimismass \"Fantaasia\" \u2013 nelja erksa fantaasiav\u00e4rviga komplekt, mis arendab v\u00e4ikelaste k\u00e4elisi oskusi ja loovust, pakkudes turvalist m\u00e4nguelamust.","breadcrumb":{"@id":"https:\/\/sulin.ee\/en\/toode\/voolimismass-fantaasia-4tk\/#breadcrumb"},"inLanguage":"en-US","potentialAction":[{"@type":"ReadAction","target":["https:\/\/sulin.ee\/en\/toode\/voolimismass-fantaasia-4tk\/"]}]},{"@type":"ImageObject","inLanguage":"en-US","@id":"https:\/\/sulin.ee\/en\/toode\/voolimismass-fantaasia-4tk\/#primaryimage","url":"https:\/\/sulin.ee\/wp-content\/uploads\/2025\/02\/Piltide-korrektuurid-kodulehel-2025-03-01T111228.881.png","contentUrl":"https:\/\/sulin.ee\/wp-content\/uploads\/2025\/02\/Piltide-korrektuurid-kodulehel-2025-03-01T111228.881.png","width":1080,"height":1080,"caption":"Voolimismass \"Fantaasia\""},{"@type":"BreadcrumbList","@id":"https:\/\/sulin.ee\/en\/toode\/voolimismass-fantaasia-4tk\/#breadcrumb","itemListElement":[{"@type":"ListItem","position":1,"name":"Home","item":"https:\/\/sulin.ee\/en\/"},{"@type":"ListItem","position":2,"name":"Sulin.ee e-pood","item":"https:\/\/sulin.ee\/shop\/"},{"@type":"ListItem","position":3,"name":"Voolimismass &#8220;Fantaasia&#8221; (4tk)"}]},{"@type":"WebSite","@id":"https:\/\/sulin.ee\/en\/#website","url":"https:\/\/sulin.ee\/en\/","name":"sulin.ee","description":"","publisher":{"@id":"https:\/\/sulin.ee\/en\/#organization"},"potentialAction":[{"@type":"SearchAction","target":{"@type":"EntryPoint","urlTemplate":"https:\/\/sulin.ee\/en\/?s={search_term_string}"},"query-input":{"@type":"PropertyValueSpecification","valueRequired":true,"valueName":"search_term_string"}}],"inLanguage":"en-US"},{"@type":"Organization","@id":"https:\/\/sulin.ee\/en\/#organization","name":"SULIN TRADE O\u00dc","url":"https:\/\/sulin.ee\/en\/","logo":{"@type":"ImageObject","inLanguage":"en-US","@id":"https:\/\/sulin.ee\/en\/#\/schema\/logo\/image\/","url":"https:\/\/sulin.ee\/wp-content\/uploads\/2022\/11\/sulin-logo.png","contentUrl":"https:\/\/sulin.ee\/wp-content\/uploads\/2022\/11\/sulin-logo.png","width":871,"height":321,"caption":"SULIN TRADE O\u00dc"},"image":{"@id":"https:\/\/sulin.ee\/en\/#\/schema\/logo\/image\/"},"sameAs":["https:\/\/www.facebook.com\/www.sulin.ee\/","https:\/\/www.instagram.com\/sulintrade\/"]}]}},"builder_content":"","_links":{"self":[{"href":"https:\/\/sulin.ee\/en\/wp-json\/wp\/v2\/product\/37876","targetHints":{"allow":["GET"]}}],"collection":[{"href":"https:\/\/sulin.ee\/en\/wp-json\/wp\/v2\/product"}],"about":[{"href":"https:\/\/sulin.ee\/en\/wp-json\/wp\/v2\/types\/product"}],"replies":[{"embeddable":true,"href":"https:\/\/sulin.ee\/en\/wp-json\/wp\/v2\/comments?post=37876"}],"wp:featuredmedia":[{"embeddable":true,"href":"https:\/\/sulin.ee\/en\/wp-json\/wp\/v2\/media\/40395"}],"wp:attachment":[{"href":"https:\/\/sulin.ee\/en\/wp-json\/wp\/v2\/media?parent=37876"}],"wp:term":[{"taxonomy":"product_brand","embeddable":true,"href":"https:\/\/sulin.ee\/en\/wp-json\/wp\/v2\/product_brand?post=37876"},{"taxonomy":"product_cat","embeddable":true,"href":"https:\/\/sulin.ee\/en\/wp-json\/wp\/v2\/product_cat?post=37876"},{"taxonomy":"product_tag","embeddable":true,"href":"https:\/\/sulin.ee\/en\/wp-json\/wp\/v2\/product_tag?post=37876"}],"curies":[{"name":"wp","href":"https:\/\/api.w.org\/{rel}","templated":true}]}}