{"id":37837,"date":"2025-02-19T12:38:48","date_gmt":"2025-02-19T12:38:48","guid":{"rendered":"https:\/\/sulin.ee\/toode\/bluetooth-juhtmeta-karaoke-mikrofon-roosa\/"},"modified":"2025-09-07T21:41:31","modified_gmt":"2025-09-07T21:41:31","slug":"bluetooth-juhtmeta-karaoke-mikrofon-roosa","status":"publish","type":"product","link":"https:\/\/sulin.ee\/en\/toode\/bluetooth-juhtmeta-karaoke-mikrofon-roosa\/","title":{"rendered":"Bluetooth juhtmeta karaoke mikrofon &#8211; roosa"},"content":{"rendered":"<p data-start=\"0\" data-end=\"61\"><strong>Bluetooth juhtmeta karaoke mikrofon\u00a0on suurep\u00e4rane kaaslane nii kodustele pidudele kui ka v\u00e4ljas\u00f5itudele. Lihtsasti kasutatav seade \u00fchendub sujuvalt Bluetoothi kaudu, pakkudes kvaliteetset heliedastust v\u00e4ikese latentsusega. Mikrofon toetab mitmek\u00fclgseid helisisendeid, sh Bluetooth, m\u00e4lukaart ja AUX, mis v\u00f5imaldab teil esitada muusikat mitmetest allikatest.<\/strong><\/p>\n<p data-start=\"421\" data-end=\"815\">Bluetooth juhtmeta karaoke mikrofon kompaktne ja kerge disain teeb sellest ideaalse kaasaskantava seadme, mis mahub h\u00f5lpsasti k\u00e4ekotti v\u00f5i seljakotti. V\u00f5imas 2000 mAh aku tagab kuni 6 tundi j\u00e4rjestikust kasutusaega, mis on piisavalt pikk, et nautida pikki laulusessioone ilma laadimispausideta. Mikrofoni sisseehitatud k\u00f5larid tagavad selge ja k\u00f5rgekvaliteedilise heli, mis ulatub madalatest bassidest kuni k\u00f5rgete helik\u00f5rgusteni.<\/p>\n<p data-start=\"817\" data-end=\"1070\" data-is-last-node=\"\" data-is-only-node=\"\">Kaasasolev USB-kaabel ja 3,5 mm pistikukaabel muudavad seadme laadimise ja \u00fchendamise lihtsaks. Pappkarbist pakend tagab ohutu transportimise ja hoiustamise. Vali see juhtmeta karaoke mikrofon, et tuua oma j\u00e4rgmisele koosviibimisele r\u00f5\u00f5mu ja meelelahutust.<\/p>\n<h4 data-start=\"66\" data-end=\"89\">Tehnilised andmed:<\/h4>\n<ul data-start=\"91\" data-end=\"850\">\n<li data-start=\"91\" data-end=\"117\">\u2714\ufe0f\u00a0<strong data-start=\"96\" data-end=\"109\">Materjal:<\/strong>\u00a0plastik<\/li>\n<li data-start=\"118\" data-end=\"137\">\u2714\ufe0f\u00a0<strong data-start=\"123\" data-end=\"132\">V\u00e4rv:<\/strong> roosa<\/li>\n<li data-start=\"172\" data-end=\"198\">\u2714\ufe0f\u00a0<strong data-start=\"177\" data-end=\"186\">T\u00fc\u00fcp:<\/strong>\u00a0mahtuvuslik<\/li>\n<li data-start=\"199\" data-end=\"224\">\u2714\ufe0f\u00a0<strong data-start=\"204\" data-end=\"220\">Helisignaal:<\/strong>\u00a0jah<\/li>\n<li data-start=\"225\" data-end=\"267\">\u2714\ufe0f\u00a0<strong data-start=\"230\" data-end=\"253\">Toetatav failit\u00fc\u00fcp:<\/strong>\u00a0MP3, WMA, WAV<\/li>\n<li data-start=\"268\" data-end=\"299\">\u2714\ufe0f\u00a0<strong data-start=\"273\" data-end=\"293\">\u00dclekande ulatus:<\/strong>\u00a0&lt;10 m<\/li>\n<li data-start=\"300\" data-end=\"336\">\u2714\ufe0f\u00a0<strong data-start=\"305\" data-end=\"320\">T\u00f6\u00f6sagedus:<\/strong>\u00a02,402-2,480 GHz<\/li>\n<li data-start=\"337\" data-end=\"367\">\u2714\ufe0f\u00a0<strong data-start=\"342\" data-end=\"362\">\u00dclekandev\u00f5imsus:<\/strong>\u00a04 dB<\/li>\n<li data-start=\"368\" data-end=\"395\">\u2714\ufe0f\u00a0<strong data-start=\"373\" data-end=\"388\">Tundlikkus:<\/strong>\u00a0-85 dB<\/li>\n<li data-start=\"396\" data-end=\"433\">\u2714\ufe0f\u00a0<strong data-start=\"401\" data-end=\"426\">Signaal-m\u00fcra v\u00f5imsus:<\/strong>\u00a0&gt;80 dB<\/li>\n<li data-start=\"434\" data-end=\"462\">\u2714\ufe0f\u00a0<strong data-start=\"439\" data-end=\"455\">Moonutamine:<\/strong>\u00a0&lt;1-2 %<\/li>\n<li data-start=\"463\" data-end=\"495\">\u2714\ufe0f\u00a0<strong data-start=\"468\" data-end=\"487\">V\u00e4ljundv\u00f5imsus:<\/strong>\u00a05 + 5 W<\/li>\n<li data-start=\"496\" data-end=\"524\">\u2714\ufe0f\u00a0<strong data-start=\"501\" data-end=\"511\">K\u00f5lar:<\/strong>\u00a040 mm \u03a9 \/ 5W<\/li>\n<li data-start=\"525\" data-end=\"561\">\u2714\ufe0f\u00a0<strong data-start=\"530\" data-end=\"546\">Heli ulatub:<\/strong>\u00a030 Hz \u2013 20 kHz<\/li>\n<li data-start=\"562\" data-end=\"587\">\u2714\ufe0f\u00a0<strong data-start=\"567\" data-end=\"581\">Laadimine:<\/strong>\u00a05V 1A<\/li>\n<li data-start=\"588\" data-end=\"618\">\u2714\ufe0f\u00a0<strong data-start=\"593\" data-end=\"609\">Laadimisaeg:<\/strong>\u00a0umbes 4h<\/li>\n<li data-start=\"619\" data-end=\"640\">\u2714\ufe0f\u00a0<strong data-start=\"624\" data-end=\"635\">T\u00f6\u00f6aeg:<\/strong>\u00a05-6h<\/li>\n<li data-start=\"641\" data-end=\"682\">\u2714\ufe0f\u00a0<strong data-start=\"646\" data-end=\"664\">Aku mahutavus:<\/strong>\u00a02000 mAh (kaasas)<\/li>\n<li data-start=\"683\" data-end=\"727\">\u2714\ufe0f\u00a0<strong data-start=\"688\" data-end=\"703\">Helisisend:<\/strong>\u00a0Bluetooth\/M\u00e4lukaart\/AUX<\/li>\n<li data-start=\"728\" data-end=\"768\">\u2714\ufe0f\u00a0<strong data-start=\"733\" data-end=\"755\">Mikrofoni m\u00f5\u00f5tmed:<\/strong>\u00a025 cm x 5 cm<\/li>\n<li data-start=\"769\" data-end=\"818\">\u2714\ufe0f\u00a0<strong data-start=\"774\" data-end=\"794\">Pakendi m\u00f5\u00f5tmed:<\/strong>\u00a026 cm x 7,5 cm x 8,5 cm<\/li>\n<li data-start=\"819\" data-end=\"850\">\u2714\ufe0f\u00a0<strong data-start=\"824\" data-end=\"841\">Pakendi t\u00fc\u00fcp:<\/strong>\u00a0pappkarp<\/li>\n<\/ul>\n<h4 data-start=\"852\" data-end=\"872\">Komplekti sisu:<\/h4>\n<ul data-start=\"873\" data-end=\"919\" data-is-last-node=\"\" data-is-only-node=\"\">\n<li data-start=\"21\" data-end=\"34\">\u2714\ufe0f Mikrofon<\/li>\n<li data-start=\"35\" data-end=\"50\">\u2714\ufe0f USB-kaabel<\/li>\n<li data-start=\"51\" data-end=\"76\" data-is-last-node=\"\">\u2714\ufe0f 3,5 mm pistikukaabel<\/li>\n<\/ul>\n","protected":false},"excerpt":{"rendered":"<p><strong>Must karaoke mikrofon pakub suurep\u00e4rast helikvaliteeti ja lihtsat \u00fchenduvust. Kompaktne ja kerge, ideaalne kaasav\u00f5tmiseks igale poole. V\u00f5imas 2000 mAh aku tagab kuni 6 tundi j\u00e4rjestikust kasutusaega. Toetab Bluetoothi, m\u00e4lukaardi ja AUX sisendeid, v\u00f5imaldades muusika m\u00e4ngimist mitmest allikast.<\/strong><\/p>\n<p><strong>Mikrofoni m\u00f5\u00f5tmed:<\/strong> 25 cm x 5 cm.<\/p>\n","protected":false},"featured_media":40304,"comment_status":"open","ping_status":"closed","template":"","meta":[],"product_brand":[],"product_cat":[110,1162,1166,946,23],"product_tag":[],"class_list":{"0":"post-37837","1":"product","2":"type-product","3":"status-publish","4":"has-post-thumbnail","6":"product_cat-mangimine","7":"product_cat-kingituseks","8":"product_cat-6-8-aastat","9":"product_cat-muusika-ja-helid","10":"product_cat-soodus","11":"has-post-title","12":"has-post-date","13":"has-post-category","14":"has-post-tag","15":"has-post-comment","16":"has-post-author","17":"","19":"first","20":"instock","21":"sale","22":"taxable","23":"shipping-taxable","24":"purchasable","25":"product-type-simple"},"yoast_head":"<!-- This site is optimized with the Yoast SEO plugin v26.8 - https:\/\/yoast.com\/product\/yoast-seo-wordpress\/ -->\n<title>Bluetooth juhtmeta karaoke mikrofon - roosa - sulin.ee<\/title>\n<meta name=\"description\" content=\"Bluetooth juhtmeta karaoke mikrofon \u00fchendab endas stiili, mobiilsuse ja suurep\u00e4rase helikvaliteedi. Ideaalne lahendus muusika ja meelelahutuse nautimiseks.\" \/>\n<meta name=\"robots\" content=\"index, follow, max-snippet:-1, max-image-preview:large, max-video-preview:-1\" \/>\n<link rel=\"canonical\" href=\"https:\/\/sulin.ee\/en\/toode\/bluetooth-juhtmeta-karaoke-mikrofon-roosa\/\" \/>\n<meta property=\"og:locale\" content=\"en_US\" \/>\n<meta property=\"og:type\" content=\"article\" \/>\n<meta property=\"og:title\" content=\"Bluetooth juhtmeta karaoke mikrofon - roosa - sulin.ee\" \/>\n<meta property=\"og:description\" content=\"Bluetooth juhtmeta karaoke mikrofon \u00fchendab endas stiili, mobiilsuse ja suurep\u00e4rase helikvaliteedi. Ideaalne lahendus muusika ja meelelahutuse nautimiseks.\" \/>\n<meta property=\"og:url\" content=\"https:\/\/sulin.ee\/en\/toode\/bluetooth-juhtmeta-karaoke-mikrofon-roosa\/\" \/>\n<meta property=\"og:site_name\" content=\"sulin.ee\" \/>\n<meta property=\"article:publisher\" content=\"https:\/\/www.facebook.com\/www.sulin.ee\/\" \/>\n<meta property=\"article:modified_time\" content=\"2025-09-07T21:41:31+00:00\" \/>\n<meta property=\"og:image\" content=\"https:\/\/sulin.ee\/wp-content\/uploads\/2025\/02\/Piltide-korrektuurid-kodulehel-2025-02-26T103259.984.png\" \/>\n\t<meta property=\"og:image:width\" content=\"1080\" \/>\n\t<meta property=\"og:image:height\" content=\"1080\" \/>\n\t<meta property=\"og:image:type\" content=\"image\/png\" \/>\n<meta name=\"twitter:card\" content=\"summary_large_image\" \/>\n<meta name=\"twitter:label1\" content=\"Est. reading time\" \/>\n\t<meta name=\"twitter:data1\" content=\"2 minutes\" \/>\n<script type=\"application\/ld+json\" class=\"yoast-schema-graph\">{\"@context\":\"https:\/\/schema.org\",\"@graph\":[{\"@type\":\"WebPage\",\"@id\":\"https:\/\/sulin.ee\/en\/toode\/bluetooth-juhtmeta-karaoke-mikrofon-roosa\/\",\"url\":\"https:\/\/sulin.ee\/en\/toode\/bluetooth-juhtmeta-karaoke-mikrofon-roosa\/\",\"name\":\"Bluetooth juhtmeta karaoke mikrofon - roosa - sulin.ee\",\"isPartOf\":{\"@id\":\"https:\/\/sulin.ee\/en\/#website\"},\"primaryImageOfPage\":{\"@id\":\"https:\/\/sulin.ee\/en\/toode\/bluetooth-juhtmeta-karaoke-mikrofon-roosa\/#primaryimage\"},\"image\":{\"@id\":\"https:\/\/sulin.ee\/en\/toode\/bluetooth-juhtmeta-karaoke-mikrofon-roosa\/#primaryimage\"},\"thumbnailUrl\":\"https:\/\/sulin.ee\/wp-content\/uploads\/2025\/02\/Piltide-korrektuurid-kodulehel-2025-02-26T103259.984.png\",\"datePublished\":\"2025-02-19T12:38:48+00:00\",\"dateModified\":\"2025-09-07T21:41:31+00:00\",\"description\":\"Bluetooth juhtmeta karaoke mikrofon \u00fchendab endas stiili, mobiilsuse ja suurep\u00e4rase helikvaliteedi. Ideaalne lahendus muusika ja meelelahutuse nautimiseks.\",\"breadcrumb\":{\"@id\":\"https:\/\/sulin.ee\/en\/toode\/bluetooth-juhtmeta-karaoke-mikrofon-roosa\/#breadcrumb\"},\"inLanguage\":\"en-US\",\"potentialAction\":[{\"@type\":\"ReadAction\",\"target\":[\"https:\/\/sulin.ee\/en\/toode\/bluetooth-juhtmeta-karaoke-mikrofon-roosa\/\"]}]},{\"@type\":\"ImageObject\",\"inLanguage\":\"en-US\",\"@id\":\"https:\/\/sulin.ee\/en\/toode\/bluetooth-juhtmeta-karaoke-mikrofon-roosa\/#primaryimage\",\"url\":\"https:\/\/sulin.ee\/wp-content\/uploads\/2025\/02\/Piltide-korrektuurid-kodulehel-2025-02-26T103259.984.png\",\"contentUrl\":\"https:\/\/sulin.ee\/wp-content\/uploads\/2025\/02\/Piltide-korrektuurid-kodulehel-2025-02-26T103259.984.png\",\"width\":1080,\"height\":1080,\"caption\":\"Bluetooth juhtmeta karaoke mikrofon\"},{\"@type\":\"BreadcrumbList\",\"@id\":\"https:\/\/sulin.ee\/en\/toode\/bluetooth-juhtmeta-karaoke-mikrofon-roosa\/#breadcrumb\",\"itemListElement\":[{\"@type\":\"ListItem\",\"position\":1,\"name\":\"Home\",\"item\":\"https:\/\/sulin.ee\/en\/\"},{\"@type\":\"ListItem\",\"position\":2,\"name\":\"Sulin.ee e-pood\",\"item\":\"https:\/\/sulin.ee\/shop\/\"},{\"@type\":\"ListItem\",\"position\":3,\"name\":\"Bluetooth juhtmeta karaoke mikrofon &#8211; roosa\"}]},{\"@type\":\"WebSite\",\"@id\":\"https:\/\/sulin.ee\/en\/#website\",\"url\":\"https:\/\/sulin.ee\/en\/\",\"name\":\"sulin.ee\",\"description\":\"\",\"publisher\":{\"@id\":\"https:\/\/sulin.ee\/en\/#organization\"},\"potentialAction\":[{\"@type\":\"SearchAction\",\"target\":{\"@type\":\"EntryPoint\",\"urlTemplate\":\"https:\/\/sulin.ee\/en\/?s={search_term_string}\"},\"query-input\":{\"@type\":\"PropertyValueSpecification\",\"valueRequired\":true,\"valueName\":\"search_term_string\"}}],\"inLanguage\":\"en-US\"},{\"@type\":\"Organization\",\"@id\":\"https:\/\/sulin.ee\/en\/#organization\",\"name\":\"SULIN TRADE O\u00dc\",\"url\":\"https:\/\/sulin.ee\/en\/\",\"logo\":{\"@type\":\"ImageObject\",\"inLanguage\":\"en-US\",\"@id\":\"https:\/\/sulin.ee\/en\/#\/schema\/logo\/image\/\",\"url\":\"https:\/\/sulin.ee\/wp-content\/uploads\/2022\/11\/sulin-logo.png\",\"contentUrl\":\"https:\/\/sulin.ee\/wp-content\/uploads\/2022\/11\/sulin-logo.png\",\"width\":871,\"height\":321,\"caption\":\"SULIN TRADE O\u00dc\"},\"image\":{\"@id\":\"https:\/\/sulin.ee\/en\/#\/schema\/logo\/image\/\"},\"sameAs\":[\"https:\/\/www.facebook.com\/www.sulin.ee\/\",\"https:\/\/www.instagram.com\/sulintrade\/\"]}]}<\/script>\n<!-- \/ Yoast SEO plugin. -->","yoast_head_json":{"title":"Bluetooth juhtmeta karaoke mikrofon - roosa - sulin.ee","description":"Bluetooth juhtmeta karaoke mikrofon \u00fchendab endas stiili, mobiilsuse ja suurep\u00e4rase helikvaliteedi. Ideaalne lahendus muusika ja meelelahutuse nautimiseks.","robots":{"index":"index","follow":"follow","max-snippet":"max-snippet:-1","max-image-preview":"max-image-preview:large","max-video-preview":"max-video-preview:-1"},"canonical":"https:\/\/sulin.ee\/en\/toode\/bluetooth-juhtmeta-karaoke-mikrofon-roosa\/","og_locale":"en_US","og_type":"article","og_title":"Bluetooth juhtmeta karaoke mikrofon - roosa - sulin.ee","og_description":"Bluetooth juhtmeta karaoke mikrofon \u00fchendab endas stiili, mobiilsuse ja suurep\u00e4rase helikvaliteedi. Ideaalne lahendus muusika ja meelelahutuse nautimiseks.","og_url":"https:\/\/sulin.ee\/en\/toode\/bluetooth-juhtmeta-karaoke-mikrofon-roosa\/","og_site_name":"sulin.ee","article_publisher":"https:\/\/www.facebook.com\/www.sulin.ee\/","article_modified_time":"2025-09-07T21:41:31+00:00","og_image":[{"width":1080,"height":1080,"url":"https:\/\/sulin.ee\/wp-content\/uploads\/2025\/02\/Piltide-korrektuurid-kodulehel-2025-02-26T103259.984.png","type":"image\/png"}],"twitter_card":"summary_large_image","twitter_misc":{"Est. reading time":"2 minutes"},"schema":{"@context":"https:\/\/schema.org","@graph":[{"@type":"WebPage","@id":"https:\/\/sulin.ee\/en\/toode\/bluetooth-juhtmeta-karaoke-mikrofon-roosa\/","url":"https:\/\/sulin.ee\/en\/toode\/bluetooth-juhtmeta-karaoke-mikrofon-roosa\/","name":"Bluetooth juhtmeta karaoke mikrofon - roosa - sulin.ee","isPartOf":{"@id":"https:\/\/sulin.ee\/en\/#website"},"primaryImageOfPage":{"@id":"https:\/\/sulin.ee\/en\/toode\/bluetooth-juhtmeta-karaoke-mikrofon-roosa\/#primaryimage"},"image":{"@id":"https:\/\/sulin.ee\/en\/toode\/bluetooth-juhtmeta-karaoke-mikrofon-roosa\/#primaryimage"},"thumbnailUrl":"https:\/\/sulin.ee\/wp-content\/uploads\/2025\/02\/Piltide-korrektuurid-kodulehel-2025-02-26T103259.984.png","datePublished":"2025-02-19T12:38:48+00:00","dateModified":"2025-09-07T21:41:31+00:00","description":"Bluetooth juhtmeta karaoke mikrofon \u00fchendab endas stiili, mobiilsuse ja suurep\u00e4rase helikvaliteedi. Ideaalne lahendus muusika ja meelelahutuse nautimiseks.","breadcrumb":{"@id":"https:\/\/sulin.ee\/en\/toode\/bluetooth-juhtmeta-karaoke-mikrofon-roosa\/#breadcrumb"},"inLanguage":"en-US","potentialAction":[{"@type":"ReadAction","target":["https:\/\/sulin.ee\/en\/toode\/bluetooth-juhtmeta-karaoke-mikrofon-roosa\/"]}]},{"@type":"ImageObject","inLanguage":"en-US","@id":"https:\/\/sulin.ee\/en\/toode\/bluetooth-juhtmeta-karaoke-mikrofon-roosa\/#primaryimage","url":"https:\/\/sulin.ee\/wp-content\/uploads\/2025\/02\/Piltide-korrektuurid-kodulehel-2025-02-26T103259.984.png","contentUrl":"https:\/\/sulin.ee\/wp-content\/uploads\/2025\/02\/Piltide-korrektuurid-kodulehel-2025-02-26T103259.984.png","width":1080,"height":1080,"caption":"Bluetooth juhtmeta karaoke mikrofon"},{"@type":"BreadcrumbList","@id":"https:\/\/sulin.ee\/en\/toode\/bluetooth-juhtmeta-karaoke-mikrofon-roosa\/#breadcrumb","itemListElement":[{"@type":"ListItem","position":1,"name":"Home","item":"https:\/\/sulin.ee\/en\/"},{"@type":"ListItem","position":2,"name":"Sulin.ee e-pood","item":"https:\/\/sulin.ee\/shop\/"},{"@type":"ListItem","position":3,"name":"Bluetooth juhtmeta karaoke mikrofon &#8211; roosa"}]},{"@type":"WebSite","@id":"https:\/\/sulin.ee\/en\/#website","url":"https:\/\/sulin.ee\/en\/","name":"sulin.ee","description":"","publisher":{"@id":"https:\/\/sulin.ee\/en\/#organization"},"potentialAction":[{"@type":"SearchAction","target":{"@type":"EntryPoint","urlTemplate":"https:\/\/sulin.ee\/en\/?s={search_term_string}"},"query-input":{"@type":"PropertyValueSpecification","valueRequired":true,"valueName":"search_term_string"}}],"inLanguage":"en-US"},{"@type":"Organization","@id":"https:\/\/sulin.ee\/en\/#organization","name":"SULIN TRADE O\u00dc","url":"https:\/\/sulin.ee\/en\/","logo":{"@type":"ImageObject","inLanguage":"en-US","@id":"https:\/\/sulin.ee\/en\/#\/schema\/logo\/image\/","url":"https:\/\/sulin.ee\/wp-content\/uploads\/2022\/11\/sulin-logo.png","contentUrl":"https:\/\/sulin.ee\/wp-content\/uploads\/2022\/11\/sulin-logo.png","width":871,"height":321,"caption":"SULIN TRADE O\u00dc"},"image":{"@id":"https:\/\/sulin.ee\/en\/#\/schema\/logo\/image\/"},"sameAs":["https:\/\/www.facebook.com\/www.sulin.ee\/","https:\/\/www.instagram.com\/sulintrade\/"]}]}},"builder_content":"","_links":{"self":[{"href":"https:\/\/sulin.ee\/en\/wp-json\/wp\/v2\/product\/37837","targetHints":{"allow":["GET"]}}],"collection":[{"href":"https:\/\/sulin.ee\/en\/wp-json\/wp\/v2\/product"}],"about":[{"href":"https:\/\/sulin.ee\/en\/wp-json\/wp\/v2\/types\/product"}],"replies":[{"embeddable":true,"href":"https:\/\/sulin.ee\/en\/wp-json\/wp\/v2\/comments?post=37837"}],"wp:featuredmedia":[{"embeddable":true,"href":"https:\/\/sulin.ee\/en\/wp-json\/wp\/v2\/media\/40304"}],"wp:attachment":[{"href":"https:\/\/sulin.ee\/en\/wp-json\/wp\/v2\/media?parent=37837"}],"wp:term":[{"taxonomy":"product_brand","embeddable":true,"href":"https:\/\/sulin.ee\/en\/wp-json\/wp\/v2\/product_brand?post=37837"},{"taxonomy":"product_cat","embeddable":true,"href":"https:\/\/sulin.ee\/en\/wp-json\/wp\/v2\/product_cat?post=37837"},{"taxonomy":"product_tag","embeddable":true,"href":"https:\/\/sulin.ee\/en\/wp-json\/wp\/v2\/product_tag?post=37837"}],"curies":[{"name":"wp","href":"https:\/\/api.w.org\/{rel}","templated":true}]}}