{"id":37734,"date":"2025-02-28T12:19:39","date_gmt":"2025-02-28T12:19:39","guid":{"rendered":"https:\/\/sulin.ee\/toode\/seebimull-masin-lill-tantsivad-tuled\/"},"modified":"2025-04-20T11:17:27","modified_gmt":"2025-04-20T11:17:27","slug":"seebimullimasin-tuledega-lill","status":"publish","type":"product","link":"https:\/\/sulin.ee\/en\/toode\/seebimullimasin-tuledega-lill\/","title":{"rendered":"Seebimullimasin tuledega &#8220;Lill&#8221;"},"content":{"rendered":"<p data-start=\"54\" data-end=\"105\"><strong>Seebimullimasin tuledega &#8220;Lill&#8221;\u00a0on v\u00e4rvikas ja l\u00f5bus seebimullimasin, mis on m\u00f5eldud pakkuma r\u00f5\u00f5mu ja meelelahutust igas vanuses lastele. Selle masinaga saab luua tuhandeid kirjusid mullikesi, mis on eriti efektsed t\u00e4nu integreeritud v\u00e4rvilistele LED-tuledele. Masin on lihtne kasutada ja ohutu, valmistatud vastupidavast rohelisest plastikust, mis kestab kaua.<\/strong><\/p>\n<p data-start=\"54\" data-end=\"105\"><strong data-start=\"929\" data-end=\"951\">Kasutusv\u00f5imalused:<\/strong><br data-start=\"951\" data-end=\"954\" \/>Seebimullimasin tuledega on l\u00f5bus vahend \u00f5uepidudele, s\u00fcnnip\u00e4evadele v\u00f5i lihtsalt igap\u00e4evaseks m\u00e4nguks \u00f5ues v\u00f5i toas. T\u00e4nu kompaktsele disainile ja kergele kaalule on see lihtsasti kaasaskantav ja sobib kasutamiseks erinevates keskkondades. Mullide loomine koos v\u00e4rviliste tuledega loob maagilise atmosf\u00e4\u00e4ri, mis r\u00f5\u00f5mustab nii lapsi kui ka t\u00e4iskasvanuid.<\/p>\n<p data-start=\"462\" data-end=\"486\"><strong data-start=\"462\" data-end=\"484\">Tehnilised andmed:<\/strong><\/p>\n<ul data-start=\"487\" data-end=\"778\">\n<li data-start=\"487\" data-end=\"514\">\u2705 <strong data-start=\"491\" data-end=\"504\">Materjal:<\/strong> Plastik<\/li>\n<li data-start=\"515\" data-end=\"539\">\u2705 <strong data-start=\"519\" data-end=\"528\">V\u00e4rv:<\/strong> Roheline<\/li>\n<li data-start=\"540\" data-end=\"591\">\u2705 <strong data-start=\"544\" data-end=\"554\">Vanus:<\/strong> Sobib lastele alates 3. eluaastast<\/li>\n<li data-start=\"592\" data-end=\"642\">\u2705 <strong data-start=\"596\" data-end=\"613\">Toiteallikas:<\/strong> 3,7 V 500 mAh aku (kaasas)<\/li>\n<li data-start=\"643\" data-end=\"695\">\u2705 <strong data-start=\"647\" data-end=\"671\">Mullimasina m\u00f5\u00f5tmed:<\/strong> 12 cm x 15 cm x 21 cm<\/li>\n<\/ul>\n<p data-start=\"780\" data-end=\"801\"><strong data-start=\"780\" data-end=\"799\">Komplekti sisu:<\/strong><\/p>\n<ul data-start=\"802\" data-end=\"927\">\n<li data-start=\"802\" data-end=\"827\">\u2705 <strong data-start=\"806\" data-end=\"825\">Mullitamismasin<\/strong><\/li>\n<li data-start=\"828\" data-end=\"858\">\u2705 <strong data-start=\"832\" data-end=\"856\">Mullivedeliku mahuti<\/strong><\/li>\n<li data-start=\"859\" data-end=\"879\">\u2705 <strong data-start=\"863\" data-end=\"877\">Laetav aku<\/strong><\/li>\n<li data-start=\"880\" data-end=\"904\">\u2705 <strong data-start=\"884\" data-end=\"902\">Laadimiskaabel<\/strong><\/li>\n<li data-start=\"905\" data-end=\"927\">\u2705 <strong data-start=\"909\" data-end=\"925\">Kruvikeeraja<\/strong><\/li>\n<\/ul>\n<p>Avasta ka meie teisi p\u00f5nevaid \u00f5uem\u00e4nguasju, et muuta oma v\u00e4lim\u00e4ngud veelgi l\u00f5busamaks! <a href=\"https:\/\/sulin.ee\/tootekategooria\/mangimine\/ouemanguasjad\/\">Leiad siit.<\/a><\/p>\n","protected":false},"excerpt":{"rendered":"<p>Seebimulli masin tuledega &#8220;Lill&#8221; loob tuhandeid v\u00e4rvikirevaid mullikesi, mis on eriti maagilised t\u00e4nu integreeritud LED-tuledele. Ideaalne m\u00e4nguasi \u00f5uepidudele ja igap\u00e4evaseks l\u00f5buks.<\/p>\n<p><strong>Sobib vanusele 3+ aastat. <\/strong><\/p>\n<p><strong>Mullimasina m\u00f5\u00f5tmed:<\/strong> 12 cm x 15 cm x 21 cm.<\/p>\n","protected":false},"featured_media":40398,"comment_status":"open","ping_status":"closed","template":"","meta":[],"product_brand":[],"product_cat":[110,1162,1165,1133,885,23],"product_tag":[],"class_list":{"0":"post-37734","1":"product","2":"type-product","3":"status-publish","4":"has-post-thumbnail","6":"product_cat-mangimine","7":"product_cat-kingituseks","8":"product_cat-3-5-aastat","9":"product_cat-vannimanguasjad","10":"product_cat-ouemanguasjad","11":"product_cat-soodus","12":"has-post-title","13":"has-post-date","14":"has-post-category","15":"has-post-tag","16":"has-post-comment","17":"has-post-author","18":"","20":"first","21":"instock","22":"sale","23":"taxable","24":"shipping-taxable","25":"purchasable","26":"product-type-simple"},"yoast_head":"<!-- This site is optimized with the Yoast SEO plugin v26.8 - https:\/\/yoast.com\/product\/yoast-seo-wordpress\/ -->\n<title>Seebimullimasin tuledega &quot;Lill&quot; - sulin.ee<\/title>\n<meta name=\"description\" content=\"Seebimullimasin tuledega \u2013 ideaalne m\u00e4nguasi, mis t\u00e4idab iga \u00f5uepeo ja m\u00e4nguhetke tuhandete v\u00e4rviliste mullidega, luues maagilise atmosf\u00e4\u00e4ri.\" \/>\n<meta name=\"robots\" content=\"index, follow, max-snippet:-1, max-image-preview:large, max-video-preview:-1\" \/>\n<link rel=\"canonical\" href=\"https:\/\/sulin.ee\/en\/toode\/seebimullimasin-tuledega-lill\/\" \/>\n<meta property=\"og:locale\" content=\"en_US\" \/>\n<meta property=\"og:type\" content=\"article\" \/>\n<meta property=\"og:title\" content=\"Seebimullimasin tuledega &quot;Lill&quot; - sulin.ee\" \/>\n<meta property=\"og:description\" content=\"Seebimullimasin tuledega \u2013 ideaalne m\u00e4nguasi, mis t\u00e4idab iga \u00f5uepeo ja m\u00e4nguhetke tuhandete v\u00e4rviliste mullidega, luues maagilise atmosf\u00e4\u00e4ri.\" \/>\n<meta property=\"og:url\" content=\"https:\/\/sulin.ee\/en\/toode\/seebimullimasin-tuledega-lill\/\" \/>\n<meta property=\"og:site_name\" content=\"sulin.ee\" \/>\n<meta property=\"article:publisher\" content=\"https:\/\/www.facebook.com\/www.sulin.ee\/\" \/>\n<meta property=\"article:modified_time\" content=\"2025-04-20T11:17:27+00:00\" \/>\n<meta property=\"og:image\" content=\"https:\/\/sulin.ee\/wp-content\/uploads\/2025\/02\/Piltide-korrektuurid-kodulehel-2025-03-01T115016.967.png\" \/>\n\t<meta property=\"og:image:width\" content=\"1080\" \/>\n\t<meta property=\"og:image:height\" content=\"1080\" \/>\n\t<meta property=\"og:image:type\" content=\"image\/png\" \/>\n<meta name=\"twitter:card\" content=\"summary_large_image\" \/>\n<meta name=\"twitter:label1\" content=\"Est. reading time\" \/>\n\t<meta name=\"twitter:data1\" content=\"2 minutes\" \/>\n<script type=\"application\/ld+json\" class=\"yoast-schema-graph\">{\"@context\":\"https:\/\/schema.org\",\"@graph\":[{\"@type\":\"WebPage\",\"@id\":\"https:\/\/sulin.ee\/en\/toode\/seebimullimasin-tuledega-lill\/\",\"url\":\"https:\/\/sulin.ee\/en\/toode\/seebimullimasin-tuledega-lill\/\",\"name\":\"Seebimullimasin tuledega \\\"Lill\\\" - sulin.ee\",\"isPartOf\":{\"@id\":\"https:\/\/sulin.ee\/en\/#website\"},\"primaryImageOfPage\":{\"@id\":\"https:\/\/sulin.ee\/en\/toode\/seebimullimasin-tuledega-lill\/#primaryimage\"},\"image\":{\"@id\":\"https:\/\/sulin.ee\/en\/toode\/seebimullimasin-tuledega-lill\/#primaryimage\"},\"thumbnailUrl\":\"https:\/\/sulin.ee\/wp-content\/uploads\/2025\/02\/Piltide-korrektuurid-kodulehel-2025-03-01T115016.967.png\",\"datePublished\":\"2025-02-28T12:19:39+00:00\",\"dateModified\":\"2025-04-20T11:17:27+00:00\",\"description\":\"Seebimullimasin tuledega \u2013 ideaalne m\u00e4nguasi, mis t\u00e4idab iga \u00f5uepeo ja m\u00e4nguhetke tuhandete v\u00e4rviliste mullidega, luues maagilise atmosf\u00e4\u00e4ri.\",\"breadcrumb\":{\"@id\":\"https:\/\/sulin.ee\/en\/toode\/seebimullimasin-tuledega-lill\/#breadcrumb\"},\"inLanguage\":\"en-US\",\"potentialAction\":[{\"@type\":\"ReadAction\",\"target\":[\"https:\/\/sulin.ee\/en\/toode\/seebimullimasin-tuledega-lill\/\"]}]},{\"@type\":\"ImageObject\",\"inLanguage\":\"en-US\",\"@id\":\"https:\/\/sulin.ee\/en\/toode\/seebimullimasin-tuledega-lill\/#primaryimage\",\"url\":\"https:\/\/sulin.ee\/wp-content\/uploads\/2025\/02\/Piltide-korrektuurid-kodulehel-2025-03-01T115016.967.png\",\"contentUrl\":\"https:\/\/sulin.ee\/wp-content\/uploads\/2025\/02\/Piltide-korrektuurid-kodulehel-2025-03-01T115016.967.png\",\"width\":1080,\"height\":1080,\"caption\":\"Seebimullimasin tuledega\"},{\"@type\":\"BreadcrumbList\",\"@id\":\"https:\/\/sulin.ee\/en\/toode\/seebimullimasin-tuledega-lill\/#breadcrumb\",\"itemListElement\":[{\"@type\":\"ListItem\",\"position\":1,\"name\":\"Home\",\"item\":\"https:\/\/sulin.ee\/en\/\"},{\"@type\":\"ListItem\",\"position\":2,\"name\":\"Sulin.ee e-pood\",\"item\":\"https:\/\/sulin.ee\/shop\/\"},{\"@type\":\"ListItem\",\"position\":3,\"name\":\"Seebimullimasin tuledega &#8220;Lill&#8221;\"}]},{\"@type\":\"WebSite\",\"@id\":\"https:\/\/sulin.ee\/en\/#website\",\"url\":\"https:\/\/sulin.ee\/en\/\",\"name\":\"sulin.ee\",\"description\":\"\",\"publisher\":{\"@id\":\"https:\/\/sulin.ee\/en\/#organization\"},\"potentialAction\":[{\"@type\":\"SearchAction\",\"target\":{\"@type\":\"EntryPoint\",\"urlTemplate\":\"https:\/\/sulin.ee\/en\/?s={search_term_string}\"},\"query-input\":{\"@type\":\"PropertyValueSpecification\",\"valueRequired\":true,\"valueName\":\"search_term_string\"}}],\"inLanguage\":\"en-US\"},{\"@type\":\"Organization\",\"@id\":\"https:\/\/sulin.ee\/en\/#organization\",\"name\":\"SULIN TRADE O\u00dc\",\"url\":\"https:\/\/sulin.ee\/en\/\",\"logo\":{\"@type\":\"ImageObject\",\"inLanguage\":\"en-US\",\"@id\":\"https:\/\/sulin.ee\/en\/#\/schema\/logo\/image\/\",\"url\":\"https:\/\/sulin.ee\/wp-content\/uploads\/2022\/11\/sulin-logo.png\",\"contentUrl\":\"https:\/\/sulin.ee\/wp-content\/uploads\/2022\/11\/sulin-logo.png\",\"width\":871,\"height\":321,\"caption\":\"SULIN TRADE O\u00dc\"},\"image\":{\"@id\":\"https:\/\/sulin.ee\/en\/#\/schema\/logo\/image\/\"},\"sameAs\":[\"https:\/\/www.facebook.com\/www.sulin.ee\/\",\"https:\/\/www.instagram.com\/sulintrade\/\"]}]}<\/script>\n<!-- \/ Yoast SEO plugin. -->","yoast_head_json":{"title":"Seebimullimasin tuledega \"Lill\" - sulin.ee","description":"Seebimullimasin tuledega \u2013 ideaalne m\u00e4nguasi, mis t\u00e4idab iga \u00f5uepeo ja m\u00e4nguhetke tuhandete v\u00e4rviliste mullidega, luues maagilise atmosf\u00e4\u00e4ri.","robots":{"index":"index","follow":"follow","max-snippet":"max-snippet:-1","max-image-preview":"max-image-preview:large","max-video-preview":"max-video-preview:-1"},"canonical":"https:\/\/sulin.ee\/en\/toode\/seebimullimasin-tuledega-lill\/","og_locale":"en_US","og_type":"article","og_title":"Seebimullimasin tuledega \"Lill\" - sulin.ee","og_description":"Seebimullimasin tuledega \u2013 ideaalne m\u00e4nguasi, mis t\u00e4idab iga \u00f5uepeo ja m\u00e4nguhetke tuhandete v\u00e4rviliste mullidega, luues maagilise atmosf\u00e4\u00e4ri.","og_url":"https:\/\/sulin.ee\/en\/toode\/seebimullimasin-tuledega-lill\/","og_site_name":"sulin.ee","article_publisher":"https:\/\/www.facebook.com\/www.sulin.ee\/","article_modified_time":"2025-04-20T11:17:27+00:00","og_image":[{"width":1080,"height":1080,"url":"https:\/\/sulin.ee\/wp-content\/uploads\/2025\/02\/Piltide-korrektuurid-kodulehel-2025-03-01T115016.967.png","type":"image\/png"}],"twitter_card":"summary_large_image","twitter_misc":{"Est. reading time":"2 minutes"},"schema":{"@context":"https:\/\/schema.org","@graph":[{"@type":"WebPage","@id":"https:\/\/sulin.ee\/en\/toode\/seebimullimasin-tuledega-lill\/","url":"https:\/\/sulin.ee\/en\/toode\/seebimullimasin-tuledega-lill\/","name":"Seebimullimasin tuledega \"Lill\" - sulin.ee","isPartOf":{"@id":"https:\/\/sulin.ee\/en\/#website"},"primaryImageOfPage":{"@id":"https:\/\/sulin.ee\/en\/toode\/seebimullimasin-tuledega-lill\/#primaryimage"},"image":{"@id":"https:\/\/sulin.ee\/en\/toode\/seebimullimasin-tuledega-lill\/#primaryimage"},"thumbnailUrl":"https:\/\/sulin.ee\/wp-content\/uploads\/2025\/02\/Piltide-korrektuurid-kodulehel-2025-03-01T115016.967.png","datePublished":"2025-02-28T12:19:39+00:00","dateModified":"2025-04-20T11:17:27+00:00","description":"Seebimullimasin tuledega \u2013 ideaalne m\u00e4nguasi, mis t\u00e4idab iga \u00f5uepeo ja m\u00e4nguhetke tuhandete v\u00e4rviliste mullidega, luues maagilise atmosf\u00e4\u00e4ri.","breadcrumb":{"@id":"https:\/\/sulin.ee\/en\/toode\/seebimullimasin-tuledega-lill\/#breadcrumb"},"inLanguage":"en-US","potentialAction":[{"@type":"ReadAction","target":["https:\/\/sulin.ee\/en\/toode\/seebimullimasin-tuledega-lill\/"]}]},{"@type":"ImageObject","inLanguage":"en-US","@id":"https:\/\/sulin.ee\/en\/toode\/seebimullimasin-tuledega-lill\/#primaryimage","url":"https:\/\/sulin.ee\/wp-content\/uploads\/2025\/02\/Piltide-korrektuurid-kodulehel-2025-03-01T115016.967.png","contentUrl":"https:\/\/sulin.ee\/wp-content\/uploads\/2025\/02\/Piltide-korrektuurid-kodulehel-2025-03-01T115016.967.png","width":1080,"height":1080,"caption":"Seebimullimasin tuledega"},{"@type":"BreadcrumbList","@id":"https:\/\/sulin.ee\/en\/toode\/seebimullimasin-tuledega-lill\/#breadcrumb","itemListElement":[{"@type":"ListItem","position":1,"name":"Home","item":"https:\/\/sulin.ee\/en\/"},{"@type":"ListItem","position":2,"name":"Sulin.ee e-pood","item":"https:\/\/sulin.ee\/shop\/"},{"@type":"ListItem","position":3,"name":"Seebimullimasin tuledega &#8220;Lill&#8221;"}]},{"@type":"WebSite","@id":"https:\/\/sulin.ee\/en\/#website","url":"https:\/\/sulin.ee\/en\/","name":"sulin.ee","description":"","publisher":{"@id":"https:\/\/sulin.ee\/en\/#organization"},"potentialAction":[{"@type":"SearchAction","target":{"@type":"EntryPoint","urlTemplate":"https:\/\/sulin.ee\/en\/?s={search_term_string}"},"query-input":{"@type":"PropertyValueSpecification","valueRequired":true,"valueName":"search_term_string"}}],"inLanguage":"en-US"},{"@type":"Organization","@id":"https:\/\/sulin.ee\/en\/#organization","name":"SULIN TRADE O\u00dc","url":"https:\/\/sulin.ee\/en\/","logo":{"@type":"ImageObject","inLanguage":"en-US","@id":"https:\/\/sulin.ee\/en\/#\/schema\/logo\/image\/","url":"https:\/\/sulin.ee\/wp-content\/uploads\/2022\/11\/sulin-logo.png","contentUrl":"https:\/\/sulin.ee\/wp-content\/uploads\/2022\/11\/sulin-logo.png","width":871,"height":321,"caption":"SULIN TRADE O\u00dc"},"image":{"@id":"https:\/\/sulin.ee\/en\/#\/schema\/logo\/image\/"},"sameAs":["https:\/\/www.facebook.com\/www.sulin.ee\/","https:\/\/www.instagram.com\/sulintrade\/"]}]}},"builder_content":"","_links":{"self":[{"href":"https:\/\/sulin.ee\/en\/wp-json\/wp\/v2\/product\/37734","targetHints":{"allow":["GET"]}}],"collection":[{"href":"https:\/\/sulin.ee\/en\/wp-json\/wp\/v2\/product"}],"about":[{"href":"https:\/\/sulin.ee\/en\/wp-json\/wp\/v2\/types\/product"}],"replies":[{"embeddable":true,"href":"https:\/\/sulin.ee\/en\/wp-json\/wp\/v2\/comments?post=37734"}],"wp:featuredmedia":[{"embeddable":true,"href":"https:\/\/sulin.ee\/en\/wp-json\/wp\/v2\/media\/40398"}],"wp:attachment":[{"href":"https:\/\/sulin.ee\/en\/wp-json\/wp\/v2\/media?parent=37734"}],"wp:term":[{"taxonomy":"product_brand","embeddable":true,"href":"https:\/\/sulin.ee\/en\/wp-json\/wp\/v2\/product_brand?post=37734"},{"taxonomy":"product_cat","embeddable":true,"href":"https:\/\/sulin.ee\/en\/wp-json\/wp\/v2\/product_cat?post=37734"},{"taxonomy":"product_tag","embeddable":true,"href":"https:\/\/sulin.ee\/en\/wp-json\/wp\/v2\/product_tag?post=37734"}],"curies":[{"name":"wp","href":"https:\/\/api.w.org\/{rel}","templated":true}]}}