{"id":37330,"date":"2025-02-07T15:43:49","date_gmt":"2025-02-07T15:43:49","guid":{"rendered":"https:\/\/sulin.ee\/?post_type=product&#038;p=37330"},"modified":"2025-09-07T21:34:03","modified_gmt":"2025-09-07T21:34:03","slug":"porkav-pall-naljakad-tapid-trendhaus","status":"publish","type":"product","link":"https:\/\/sulin.ee\/en\/toode\/porkav-pall-naljakad-tapid-trendhaus\/","title":{"rendered":"P\u00f5rkav pall &#8211; Naljakad t\u00e4pid"},"content":{"rendered":"<p><strong>P\u00f5rkav pall &#8211; Naljakad t\u00e4pid<\/strong> on l\u00f5bus ja v\u00e4rvikas m\u00e4nguasi, mis pakub r\u00f5\u00f5mu igale m\u00e4ngijale! L\u00e4bipaistev kummist pall on t\u00e4idetud <strong>v\u00e4rviliste ja naljakate t\u00e4ppidega<\/strong>, mis h\u00fcppamisel ja p\u00f5rkamisel veelgi enam silma torkavad. T\u00e4nu oma vastupidavale kummimaterjalile p\u00f5rkab pall energiliselt erinevatel pindadel, pakkudes aktiivset m\u00e4ngur\u00f5\u00f5mu nii toas kui \u00f5ues.<\/p>\n<p><strong><a href=\"https:\/\/trendhaus-germany.com\/en-gb\/startseite\/\">P\u00f5rkav pall<\/a> &#8211; Naljakad t\u00e4pid Omadused:<\/strong><br \/>\n\u2714 <strong>L\u00e4bipaistev disain v\u00e4rviliste t\u00e4ppidega<\/strong><br \/>\n\u2714 <strong>Suurus:<\/strong> 4.3 cm x 4.3 cm x 4.3 cm<br \/>\n\u2714 <strong>Materjal:<\/strong> kumm, mis tagab hea p\u00f5rkavuse<br \/>\n\u2714 Ideaalne nii \u00fcksi m\u00e4ngimiseks kui ka l\u00f5busateks m\u00e4ngudeks s\u00f5pradega<\/p>\n<p><strong>Hoiatus!<\/strong> Ei sobi alla 3-aastastele lastele v\u00e4ikeste osade t\u00f5ttu, mis v\u00f5ivad p\u00f5hjustada l\u00e4mbumisohtu. Vajalik t\u00e4iskasvanu j\u00e4relvalve.<\/p>\n<p>Tutvu ka meie teiste <a href=\"https:\/\/sulin.ee\/tootekategooria\/mangimine\/oppemangud\/motoorika\/\"><strong>motoorikat arendavate m\u00e4nguasjadega<\/strong>,<\/a> mis aitavad parandada koordinatsiooni ja \u00fcldist heaol.<\/p>\n","protected":false},"excerpt":{"rendered":"<p><strong>P\u00f5rkav pall &#8211; Naljakad t\u00e4pid<\/strong> <strong>on l\u00e4bipaistev kummist pall, mille sees on v\u00e4rvilised t\u00e4pid, mis lisavad m\u00e4ngule l\u00f5busust.<\/strong><\/p>\n<p><strong>Suurus: 4.3 cm x 4.3 cm x 4.3 cm.<\/strong> Vastupidav kummimaterjal tagab hea p\u00f5rkavuse nii toas kui \u00f5ues.<\/p>\n","protected":false},"featured_media":37333,"comment_status":"open","ping_status":"closed","template":"","meta":[],"product_brand":[],"product_cat":[110,1162,1165,1166,1002,1023,885,1420,23],"product_tag":[],"class_list":{"0":"post-37330","1":"product","2":"type-product","3":"status-publish","4":"has-post-thumbnail","6":"product_cat-mangimine","7":"product_cat-kingituseks","8":"product_cat-3-5-aastat","9":"product_cat-6-8-aastat","10":"product_cat-oppemangud","11":"product_cat-motoorika","12":"product_cat-ouemanguasjad","13":"product_cat-trendhaus","14":"product_cat-soodus","15":"has-post-title","16":"has-post-date","17":"has-post-category","18":"has-post-tag","19":"has-post-comment","20":"has-post-author","21":"","23":"first","24":"instock","25":"sale","26":"taxable","27":"shipping-taxable","28":"purchasable","29":"product-type-simple"},"yoast_head":"<!-- This site is optimized with the Yoast SEO plugin v26.8 - https:\/\/yoast.com\/product\/yoast-seo-wordpress\/ -->\n<title>P\u00f5rkav pall - Naljakad t\u00e4pid - sulin.ee<\/title>\n<meta name=\"description\" content=\"P\u00f5rkav pall - Naljakad t\u00e4pid on l\u00e4bipaistev kummist pall, mille sees on v\u00e4rvilised t\u00e4pid, mis lisavad m\u00e4ngule l\u00f5busust. P\u00f5rkab nii toas kui \u00f5ues.\" \/>\n<meta name=\"robots\" content=\"index, follow, max-snippet:-1, max-image-preview:large, max-video-preview:-1\" \/>\n<link rel=\"canonical\" href=\"https:\/\/sulin.ee\/en\/toode\/porkav-pall-naljakad-tapid-trendhaus\/\" \/>\n<meta property=\"og:locale\" content=\"en_US\" \/>\n<meta property=\"og:type\" content=\"article\" \/>\n<meta property=\"og:title\" content=\"P\u00f5rkav pall - Naljakad t\u00e4pid - sulin.ee\" \/>\n<meta property=\"og:description\" content=\"P\u00f5rkav pall - Naljakad t\u00e4pid on l\u00e4bipaistev kummist pall, mille sees on v\u00e4rvilised t\u00e4pid, mis lisavad m\u00e4ngule l\u00f5busust. P\u00f5rkab nii toas kui \u00f5ues.\" \/>\n<meta property=\"og:url\" content=\"https:\/\/sulin.ee\/en\/toode\/porkav-pall-naljakad-tapid-trendhaus\/\" \/>\n<meta property=\"og:site_name\" content=\"sulin.ee\" \/>\n<meta property=\"article:publisher\" content=\"https:\/\/www.facebook.com\/www.sulin.ee\/\" \/>\n<meta property=\"article:modified_time\" content=\"2025-09-07T21:34:03+00:00\" \/>\n<meta property=\"og:image\" content=\"https:\/\/sulin.ee\/wp-content\/uploads\/2025\/02\/14304-TH946836-porkav-pall-naljakad-tapid.jpg\" \/>\n\t<meta property=\"og:image:width\" content=\"800\" \/>\n\t<meta property=\"og:image:height\" content=\"800\" \/>\n\t<meta property=\"og:image:type\" content=\"image\/jpeg\" \/>\n<meta name=\"twitter:card\" content=\"summary_large_image\" \/>\n<meta name=\"twitter:label1\" content=\"Est. reading time\" \/>\n\t<meta name=\"twitter:data1\" content=\"1 minute\" \/>\n<script type=\"application\/ld+json\" class=\"yoast-schema-graph\">{\"@context\":\"https:\/\/schema.org\",\"@graph\":[{\"@type\":\"WebPage\",\"@id\":\"https:\/\/sulin.ee\/en\/toode\/porkav-pall-naljakad-tapid-trendhaus\/\",\"url\":\"https:\/\/sulin.ee\/en\/toode\/porkav-pall-naljakad-tapid-trendhaus\/\",\"name\":\"P\u00f5rkav pall - Naljakad t\u00e4pid - sulin.ee\",\"isPartOf\":{\"@id\":\"https:\/\/sulin.ee\/en\/#website\"},\"primaryImageOfPage\":{\"@id\":\"https:\/\/sulin.ee\/en\/toode\/porkav-pall-naljakad-tapid-trendhaus\/#primaryimage\"},\"image\":{\"@id\":\"https:\/\/sulin.ee\/en\/toode\/porkav-pall-naljakad-tapid-trendhaus\/#primaryimage\"},\"thumbnailUrl\":\"https:\/\/sulin.ee\/wp-content\/uploads\/2025\/02\/14304-TH946836-porkav-pall-naljakad-tapid.jpg\",\"datePublished\":\"2025-02-07T15:43:49+00:00\",\"dateModified\":\"2025-09-07T21:34:03+00:00\",\"description\":\"P\u00f5rkav pall - Naljakad t\u00e4pid on l\u00e4bipaistev kummist pall, mille sees on v\u00e4rvilised t\u00e4pid, mis lisavad m\u00e4ngule l\u00f5busust. P\u00f5rkab nii toas kui \u00f5ues.\",\"breadcrumb\":{\"@id\":\"https:\/\/sulin.ee\/en\/toode\/porkav-pall-naljakad-tapid-trendhaus\/#breadcrumb\"},\"inLanguage\":\"en-US\",\"potentialAction\":[{\"@type\":\"ReadAction\",\"target\":[\"https:\/\/sulin.ee\/en\/toode\/porkav-pall-naljakad-tapid-trendhaus\/\"]}]},{\"@type\":\"ImageObject\",\"inLanguage\":\"en-US\",\"@id\":\"https:\/\/sulin.ee\/en\/toode\/porkav-pall-naljakad-tapid-trendhaus\/#primaryimage\",\"url\":\"https:\/\/sulin.ee\/wp-content\/uploads\/2025\/02\/14304-TH946836-porkav-pall-naljakad-tapid.jpg\",\"contentUrl\":\"https:\/\/sulin.ee\/wp-content\/uploads\/2025\/02\/14304-TH946836-porkav-pall-naljakad-tapid.jpg\",\"width\":800,\"height\":800,\"caption\":\"P\u00f5rkav pall - Naljakad t\u00e4pid\"},{\"@type\":\"BreadcrumbList\",\"@id\":\"https:\/\/sulin.ee\/en\/toode\/porkav-pall-naljakad-tapid-trendhaus\/#breadcrumb\",\"itemListElement\":[{\"@type\":\"ListItem\",\"position\":1,\"name\":\"Home\",\"item\":\"https:\/\/sulin.ee\/en\/\"},{\"@type\":\"ListItem\",\"position\":2,\"name\":\"Sulin.ee e-pood\",\"item\":\"https:\/\/sulin.ee\/shop\/\"},{\"@type\":\"ListItem\",\"position\":3,\"name\":\"P\u00f5rkav pall &#8211; Naljakad t\u00e4pid\"}]},{\"@type\":\"WebSite\",\"@id\":\"https:\/\/sulin.ee\/en\/#website\",\"url\":\"https:\/\/sulin.ee\/en\/\",\"name\":\"sulin.ee\",\"description\":\"\",\"publisher\":{\"@id\":\"https:\/\/sulin.ee\/en\/#organization\"},\"potentialAction\":[{\"@type\":\"SearchAction\",\"target\":{\"@type\":\"EntryPoint\",\"urlTemplate\":\"https:\/\/sulin.ee\/en\/?s={search_term_string}\"},\"query-input\":{\"@type\":\"PropertyValueSpecification\",\"valueRequired\":true,\"valueName\":\"search_term_string\"}}],\"inLanguage\":\"en-US\"},{\"@type\":\"Organization\",\"@id\":\"https:\/\/sulin.ee\/en\/#organization\",\"name\":\"SULIN TRADE O\u00dc\",\"url\":\"https:\/\/sulin.ee\/en\/\",\"logo\":{\"@type\":\"ImageObject\",\"inLanguage\":\"en-US\",\"@id\":\"https:\/\/sulin.ee\/en\/#\/schema\/logo\/image\/\",\"url\":\"https:\/\/sulin.ee\/wp-content\/uploads\/2022\/11\/sulin-logo.png\",\"contentUrl\":\"https:\/\/sulin.ee\/wp-content\/uploads\/2022\/11\/sulin-logo.png\",\"width\":871,\"height\":321,\"caption\":\"SULIN TRADE O\u00dc\"},\"image\":{\"@id\":\"https:\/\/sulin.ee\/en\/#\/schema\/logo\/image\/\"},\"sameAs\":[\"https:\/\/www.facebook.com\/www.sulin.ee\/\",\"https:\/\/www.instagram.com\/sulintrade\/\"]}]}<\/script>\n<!-- \/ Yoast SEO plugin. -->","yoast_head_json":{"title":"P\u00f5rkav pall - Naljakad t\u00e4pid - sulin.ee","description":"P\u00f5rkav pall - Naljakad t\u00e4pid on l\u00e4bipaistev kummist pall, mille sees on v\u00e4rvilised t\u00e4pid, mis lisavad m\u00e4ngule l\u00f5busust. P\u00f5rkab nii toas kui \u00f5ues.","robots":{"index":"index","follow":"follow","max-snippet":"max-snippet:-1","max-image-preview":"max-image-preview:large","max-video-preview":"max-video-preview:-1"},"canonical":"https:\/\/sulin.ee\/en\/toode\/porkav-pall-naljakad-tapid-trendhaus\/","og_locale":"en_US","og_type":"article","og_title":"P\u00f5rkav pall - Naljakad t\u00e4pid - sulin.ee","og_description":"P\u00f5rkav pall - Naljakad t\u00e4pid on l\u00e4bipaistev kummist pall, mille sees on v\u00e4rvilised t\u00e4pid, mis lisavad m\u00e4ngule l\u00f5busust. P\u00f5rkab nii toas kui \u00f5ues.","og_url":"https:\/\/sulin.ee\/en\/toode\/porkav-pall-naljakad-tapid-trendhaus\/","og_site_name":"sulin.ee","article_publisher":"https:\/\/www.facebook.com\/www.sulin.ee\/","article_modified_time":"2025-09-07T21:34:03+00:00","og_image":[{"width":800,"height":800,"url":"https:\/\/sulin.ee\/wp-content\/uploads\/2025\/02\/14304-TH946836-porkav-pall-naljakad-tapid.jpg","type":"image\/jpeg"}],"twitter_card":"summary_large_image","twitter_misc":{"Est. reading time":"1 minute"},"schema":{"@context":"https:\/\/schema.org","@graph":[{"@type":"WebPage","@id":"https:\/\/sulin.ee\/en\/toode\/porkav-pall-naljakad-tapid-trendhaus\/","url":"https:\/\/sulin.ee\/en\/toode\/porkav-pall-naljakad-tapid-trendhaus\/","name":"P\u00f5rkav pall - Naljakad t\u00e4pid - sulin.ee","isPartOf":{"@id":"https:\/\/sulin.ee\/en\/#website"},"primaryImageOfPage":{"@id":"https:\/\/sulin.ee\/en\/toode\/porkav-pall-naljakad-tapid-trendhaus\/#primaryimage"},"image":{"@id":"https:\/\/sulin.ee\/en\/toode\/porkav-pall-naljakad-tapid-trendhaus\/#primaryimage"},"thumbnailUrl":"https:\/\/sulin.ee\/wp-content\/uploads\/2025\/02\/14304-TH946836-porkav-pall-naljakad-tapid.jpg","datePublished":"2025-02-07T15:43:49+00:00","dateModified":"2025-09-07T21:34:03+00:00","description":"P\u00f5rkav pall - Naljakad t\u00e4pid on l\u00e4bipaistev kummist pall, mille sees on v\u00e4rvilised t\u00e4pid, mis lisavad m\u00e4ngule l\u00f5busust. P\u00f5rkab nii toas kui \u00f5ues.","breadcrumb":{"@id":"https:\/\/sulin.ee\/en\/toode\/porkav-pall-naljakad-tapid-trendhaus\/#breadcrumb"},"inLanguage":"en-US","potentialAction":[{"@type":"ReadAction","target":["https:\/\/sulin.ee\/en\/toode\/porkav-pall-naljakad-tapid-trendhaus\/"]}]},{"@type":"ImageObject","inLanguage":"en-US","@id":"https:\/\/sulin.ee\/en\/toode\/porkav-pall-naljakad-tapid-trendhaus\/#primaryimage","url":"https:\/\/sulin.ee\/wp-content\/uploads\/2025\/02\/14304-TH946836-porkav-pall-naljakad-tapid.jpg","contentUrl":"https:\/\/sulin.ee\/wp-content\/uploads\/2025\/02\/14304-TH946836-porkav-pall-naljakad-tapid.jpg","width":800,"height":800,"caption":"P\u00f5rkav pall - Naljakad t\u00e4pid"},{"@type":"BreadcrumbList","@id":"https:\/\/sulin.ee\/en\/toode\/porkav-pall-naljakad-tapid-trendhaus\/#breadcrumb","itemListElement":[{"@type":"ListItem","position":1,"name":"Home","item":"https:\/\/sulin.ee\/en\/"},{"@type":"ListItem","position":2,"name":"Sulin.ee e-pood","item":"https:\/\/sulin.ee\/shop\/"},{"@type":"ListItem","position":3,"name":"P\u00f5rkav pall &#8211; Naljakad t\u00e4pid"}]},{"@type":"WebSite","@id":"https:\/\/sulin.ee\/en\/#website","url":"https:\/\/sulin.ee\/en\/","name":"sulin.ee","description":"","publisher":{"@id":"https:\/\/sulin.ee\/en\/#organization"},"potentialAction":[{"@type":"SearchAction","target":{"@type":"EntryPoint","urlTemplate":"https:\/\/sulin.ee\/en\/?s={search_term_string}"},"query-input":{"@type":"PropertyValueSpecification","valueRequired":true,"valueName":"search_term_string"}}],"inLanguage":"en-US"},{"@type":"Organization","@id":"https:\/\/sulin.ee\/en\/#organization","name":"SULIN TRADE O\u00dc","url":"https:\/\/sulin.ee\/en\/","logo":{"@type":"ImageObject","inLanguage":"en-US","@id":"https:\/\/sulin.ee\/en\/#\/schema\/logo\/image\/","url":"https:\/\/sulin.ee\/wp-content\/uploads\/2022\/11\/sulin-logo.png","contentUrl":"https:\/\/sulin.ee\/wp-content\/uploads\/2022\/11\/sulin-logo.png","width":871,"height":321,"caption":"SULIN TRADE O\u00dc"},"image":{"@id":"https:\/\/sulin.ee\/en\/#\/schema\/logo\/image\/"},"sameAs":["https:\/\/www.facebook.com\/www.sulin.ee\/","https:\/\/www.instagram.com\/sulintrade\/"]}]}},"builder_content":"","_links":{"self":[{"href":"https:\/\/sulin.ee\/en\/wp-json\/wp\/v2\/product\/37330","targetHints":{"allow":["GET"]}}],"collection":[{"href":"https:\/\/sulin.ee\/en\/wp-json\/wp\/v2\/product"}],"about":[{"href":"https:\/\/sulin.ee\/en\/wp-json\/wp\/v2\/types\/product"}],"replies":[{"embeddable":true,"href":"https:\/\/sulin.ee\/en\/wp-json\/wp\/v2\/comments?post=37330"}],"wp:featuredmedia":[{"embeddable":true,"href":"https:\/\/sulin.ee\/en\/wp-json\/wp\/v2\/media\/37333"}],"wp:attachment":[{"href":"https:\/\/sulin.ee\/en\/wp-json\/wp\/v2\/media?parent=37330"}],"wp:term":[{"taxonomy":"product_brand","embeddable":true,"href":"https:\/\/sulin.ee\/en\/wp-json\/wp\/v2\/product_brand?post=37330"},{"taxonomy":"product_cat","embeddable":true,"href":"https:\/\/sulin.ee\/en\/wp-json\/wp\/v2\/product_cat?post=37330"},{"taxonomy":"product_tag","embeddable":true,"href":"https:\/\/sulin.ee\/en\/wp-json\/wp\/v2\/product_tag?post=37330"}],"curies":[{"name":"wp","href":"https:\/\/api.w.org\/{rel}","templated":true}]}}