{"id":37301,"date":"2025-02-07T15:41:22","date_gmt":"2025-02-07T15:41:22","guid":{"rendered":"https:\/\/sulin.ee\/?post_type=product&#038;p=37301"},"modified":"2025-11-18T20:25:08","modified_gmt":"2025-11-18T20:25:08","slug":"elastne-manguasi-sadelus-trendhaus","status":"publish","type":"product","link":"https:\/\/sulin.ee\/en\/toode\/elastne-manguasi-sadelus-trendhaus\/","title":{"rendered":"Elastne m\u00e4nguasi \u2013\u00a0 S\u00e4delus"},"content":{"rendered":"<p><strong><a href=\"https:\/\/trendhaus-germany.com\/en-gb\/startseite\/\">Elastne m\u00e4nguasi<\/a> \u2013\u00a0 S\u00e4delus<\/strong> on l\u00f5bus ja mitmek\u00fclgne m\u00e4nguasi, mis aitab leevendada igavust ja pakkuda loovat tegevust. Keerlevate v\u00e4rvide ja s\u00e4tendava efektiga pael on veniv ja vastupidav, sobides suurep\u00e4raselt venitamiseks, s\u00f5lmimiseks ja erinevate kujundite moodustamiseks.<\/p>\n<p><strong>Elastne m\u00e4nguasi \u2013\u00a0 S\u00e4delus Omadused:<\/strong><br \/>\n\u2714 <strong>V\u00e4lja venitatav kuni 2 meetrini!<\/strong><br \/>\n\u2714 <strong>Pikkus: umbes 30 cm<\/strong> (ilma venitamiseta)<br \/>\n\u2714 Saadaval kahes v\u00e4rvikombinatsioonis: <strong>pastelne ja klassikaline<\/strong> (<em>v\u00e4rv valitakse juhuslikult<\/em>)<br \/>\n\u2714 Aitab arendada loovust ja k\u00e4elist osavust<\/p>\n<p>T\u00e4iuslik m\u00e4nguasi nii kodus, koolis kui ka liikvel olles!<\/p>\n<p><strong>Hoiatus!<\/strong> Ei sobi alla 3-aastastele lastele, kuna pikk n\u00f6\u00f6r v\u00f5ib p\u00f5hjustada k\u00e4gistamisohtu. Vajalik t\u00e4iskasvanu j\u00e4relvalve.<\/p>\n<p>Tutvu ka meie teiste <a href=\"https:\/\/sulin.ee\/tootekategooria\/mangimine\/oppemangud\/motoorika\/\"><strong>motoorikat arendavate m\u00e4nguasjadega<\/strong>,<\/a> mis aitavad parandada koordinatsiooni ja \u00fcldist heaol.<\/p>\n","protected":false},"excerpt":{"rendered":"<p><strong>Elastne m\u00e4nguasi \u2013 S\u00e4delus<\/strong> on veniv ja v\u00e4rvikirev m\u00e4nguasi, mis sobib venitamiseks, s\u00f5lmimiseks ja kujundite loomiseks. <strong>Venib kuni 2 meetrini!<\/strong> Pikkus <strong>30 cm<\/strong>, saadaval <strong>6 erinevas v\u00e4rvitoonis<\/strong> (<em>v\u00e4rv valitakse juhuslikult<\/em>). L\u00f5bus ja kaasahaarav ajaviide, mis pakub loovat tegevust igas vanuses m\u00e4ngijatele.<\/p>\n","protected":false},"featured_media":37306,"comment_status":"open","ping_status":"closed","template":"","meta":[],"product_brand":[],"product_cat":[110,1162,1165,1166,1002,1023,1420,23],"product_tag":[],"class_list":{"0":"post-37301","1":"product","2":"type-product","3":"status-publish","4":"has-post-thumbnail","6":"product_cat-mangimine","7":"product_cat-kingituseks","8":"product_cat-3-5-aastat","9":"product_cat-6-8-aastat","10":"product_cat-oppemangud","11":"product_cat-motoorika","12":"product_cat-trendhaus","13":"product_cat-soodus","14":"has-post-title","15":"has-post-date","16":"has-post-category","17":"has-post-tag","18":"has-post-comment","19":"has-post-author","20":"","22":"first","23":"instock","24":"sale","25":"taxable","26":"shipping-taxable","27":"purchasable","28":"product-type-simple"},"yoast_head":"<!-- This site is optimized with the Yoast SEO plugin v26.8 - https:\/\/yoast.com\/product\/yoast-seo-wordpress\/ -->\n<title>Elastne m\u00e4nguasi \u2013\u00a0 S\u00e4delus - sulin.ee<\/title>\n<meta name=\"description\" content=\"Elastne m\u00e4nguasi \u2013 J\u00f5upael - S\u00e4delus on veniv ja v\u00e4rvikirev m\u00e4nguasi, mis sobib venitamiseks, s\u00f5lmimiseks ja kujundite loomiseks. Venib kuni 2 meetrini!\" \/>\n<meta name=\"robots\" content=\"index, follow, max-snippet:-1, max-image-preview:large, max-video-preview:-1\" \/>\n<link rel=\"canonical\" href=\"https:\/\/sulin.ee\/en\/toode\/elastne-manguasi-sadelus-trendhaus\/\" \/>\n<meta property=\"og:locale\" content=\"en_US\" \/>\n<meta property=\"og:type\" content=\"article\" \/>\n<meta property=\"og:title\" content=\"Elastne m\u00e4nguasi \u2013\u00a0 S\u00e4delus - sulin.ee\" \/>\n<meta property=\"og:description\" content=\"Elastne m\u00e4nguasi \u2013 J\u00f5upael - S\u00e4delus on veniv ja v\u00e4rvikirev m\u00e4nguasi, mis sobib venitamiseks, s\u00f5lmimiseks ja kujundite loomiseks. Venib kuni 2 meetrini!\" \/>\n<meta property=\"og:url\" content=\"https:\/\/sulin.ee\/en\/toode\/elastne-manguasi-sadelus-trendhaus\/\" \/>\n<meta property=\"og:site_name\" content=\"sulin.ee\" \/>\n<meta property=\"article:publisher\" content=\"https:\/\/www.facebook.com\/www.sulin.ee\/\" \/>\n<meta property=\"article:modified_time\" content=\"2025-11-18T20:25:08+00:00\" \/>\n<meta property=\"og:image\" content=\"https:\/\/sulin.ee\/wp-content\/uploads\/2025\/02\/13187-TH945358-elastne-manguasi-joupael-sadelus-1-tk-6-kujundust.jpg\" \/>\n\t<meta property=\"og:image:width\" content=\"800\" \/>\n\t<meta property=\"og:image:height\" content=\"316\" \/>\n\t<meta property=\"og:image:type\" content=\"image\/jpeg\" \/>\n<meta name=\"twitter:card\" content=\"summary_large_image\" \/>\n<meta name=\"twitter:label1\" content=\"Est. reading time\" \/>\n\t<meta name=\"twitter:data1\" content=\"1 minute\" \/>\n<script type=\"application\/ld+json\" class=\"yoast-schema-graph\">{\"@context\":\"https:\/\/schema.org\",\"@graph\":[{\"@type\":\"WebPage\",\"@id\":\"https:\/\/sulin.ee\/en\/toode\/elastne-manguasi-sadelus-trendhaus\/\",\"url\":\"https:\/\/sulin.ee\/en\/toode\/elastne-manguasi-sadelus-trendhaus\/\",\"name\":\"Elastne m\u00e4nguasi \u2013\u00a0 S\u00e4delus - sulin.ee\",\"isPartOf\":{\"@id\":\"https:\/\/sulin.ee\/en\/#website\"},\"primaryImageOfPage\":{\"@id\":\"https:\/\/sulin.ee\/en\/toode\/elastne-manguasi-sadelus-trendhaus\/#primaryimage\"},\"image\":{\"@id\":\"https:\/\/sulin.ee\/en\/toode\/elastne-manguasi-sadelus-trendhaus\/#primaryimage\"},\"thumbnailUrl\":\"https:\/\/sulin.ee\/wp-content\/uploads\/2025\/02\/13187-TH945358-elastne-manguasi-joupael-sadelus-1-tk-6-kujundust.jpg\",\"datePublished\":\"2025-02-07T15:41:22+00:00\",\"dateModified\":\"2025-11-18T20:25:08+00:00\",\"description\":\"Elastne m\u00e4nguasi \u2013 J\u00f5upael - S\u00e4delus on veniv ja v\u00e4rvikirev m\u00e4nguasi, mis sobib venitamiseks, s\u00f5lmimiseks ja kujundite loomiseks. Venib kuni 2 meetrini!\",\"breadcrumb\":{\"@id\":\"https:\/\/sulin.ee\/en\/toode\/elastne-manguasi-sadelus-trendhaus\/#breadcrumb\"},\"inLanguage\":\"en-US\",\"potentialAction\":[{\"@type\":\"ReadAction\",\"target\":[\"https:\/\/sulin.ee\/en\/toode\/elastne-manguasi-sadelus-trendhaus\/\"]}]},{\"@type\":\"ImageObject\",\"inLanguage\":\"en-US\",\"@id\":\"https:\/\/sulin.ee\/en\/toode\/elastne-manguasi-sadelus-trendhaus\/#primaryimage\",\"url\":\"https:\/\/sulin.ee\/wp-content\/uploads\/2025\/02\/13187-TH945358-elastne-manguasi-joupael-sadelus-1-tk-6-kujundust.jpg\",\"contentUrl\":\"https:\/\/sulin.ee\/wp-content\/uploads\/2025\/02\/13187-TH945358-elastne-manguasi-joupael-sadelus-1-tk-6-kujundust.jpg\",\"width\":800,\"height\":316,\"caption\":\"Elastne m\u00e4nguasi \u2013\u00a0 S\u00e4delus\"},{\"@type\":\"BreadcrumbList\",\"@id\":\"https:\/\/sulin.ee\/en\/toode\/elastne-manguasi-sadelus-trendhaus\/#breadcrumb\",\"itemListElement\":[{\"@type\":\"ListItem\",\"position\":1,\"name\":\"Home\",\"item\":\"https:\/\/sulin.ee\/en\/\"},{\"@type\":\"ListItem\",\"position\":2,\"name\":\"Sulin.ee e-pood\",\"item\":\"https:\/\/sulin.ee\/shop\/\"},{\"@type\":\"ListItem\",\"position\":3,\"name\":\"Elastne m\u00e4nguasi \u2013\u00a0 S\u00e4delus\"}]},{\"@type\":\"WebSite\",\"@id\":\"https:\/\/sulin.ee\/en\/#website\",\"url\":\"https:\/\/sulin.ee\/en\/\",\"name\":\"sulin.ee\",\"description\":\"\",\"publisher\":{\"@id\":\"https:\/\/sulin.ee\/en\/#organization\"},\"potentialAction\":[{\"@type\":\"SearchAction\",\"target\":{\"@type\":\"EntryPoint\",\"urlTemplate\":\"https:\/\/sulin.ee\/en\/?s={search_term_string}\"},\"query-input\":{\"@type\":\"PropertyValueSpecification\",\"valueRequired\":true,\"valueName\":\"search_term_string\"}}],\"inLanguage\":\"en-US\"},{\"@type\":\"Organization\",\"@id\":\"https:\/\/sulin.ee\/en\/#organization\",\"name\":\"SULIN TRADE O\u00dc\",\"url\":\"https:\/\/sulin.ee\/en\/\",\"logo\":{\"@type\":\"ImageObject\",\"inLanguage\":\"en-US\",\"@id\":\"https:\/\/sulin.ee\/en\/#\/schema\/logo\/image\/\",\"url\":\"https:\/\/sulin.ee\/wp-content\/uploads\/2022\/11\/sulin-logo.png\",\"contentUrl\":\"https:\/\/sulin.ee\/wp-content\/uploads\/2022\/11\/sulin-logo.png\",\"width\":871,\"height\":321,\"caption\":\"SULIN TRADE O\u00dc\"},\"image\":{\"@id\":\"https:\/\/sulin.ee\/en\/#\/schema\/logo\/image\/\"},\"sameAs\":[\"https:\/\/www.facebook.com\/www.sulin.ee\/\",\"https:\/\/www.instagram.com\/sulintrade\/\"]}]}<\/script>\n<!-- \/ Yoast SEO plugin. -->","yoast_head_json":{"title":"Elastne m\u00e4nguasi \u2013\u00a0 S\u00e4delus - sulin.ee","description":"Elastne m\u00e4nguasi \u2013 J\u00f5upael - S\u00e4delus on veniv ja v\u00e4rvikirev m\u00e4nguasi, mis sobib venitamiseks, s\u00f5lmimiseks ja kujundite loomiseks. Venib kuni 2 meetrini!","robots":{"index":"index","follow":"follow","max-snippet":"max-snippet:-1","max-image-preview":"max-image-preview:large","max-video-preview":"max-video-preview:-1"},"canonical":"https:\/\/sulin.ee\/en\/toode\/elastne-manguasi-sadelus-trendhaus\/","og_locale":"en_US","og_type":"article","og_title":"Elastne m\u00e4nguasi \u2013\u00a0 S\u00e4delus - sulin.ee","og_description":"Elastne m\u00e4nguasi \u2013 J\u00f5upael - S\u00e4delus on veniv ja v\u00e4rvikirev m\u00e4nguasi, mis sobib venitamiseks, s\u00f5lmimiseks ja kujundite loomiseks. Venib kuni 2 meetrini!","og_url":"https:\/\/sulin.ee\/en\/toode\/elastne-manguasi-sadelus-trendhaus\/","og_site_name":"sulin.ee","article_publisher":"https:\/\/www.facebook.com\/www.sulin.ee\/","article_modified_time":"2025-11-18T20:25:08+00:00","og_image":[{"width":800,"height":316,"url":"https:\/\/sulin.ee\/wp-content\/uploads\/2025\/02\/13187-TH945358-elastne-manguasi-joupael-sadelus-1-tk-6-kujundust.jpg","type":"image\/jpeg"}],"twitter_card":"summary_large_image","twitter_misc":{"Est. reading time":"1 minute"},"schema":{"@context":"https:\/\/schema.org","@graph":[{"@type":"WebPage","@id":"https:\/\/sulin.ee\/en\/toode\/elastne-manguasi-sadelus-trendhaus\/","url":"https:\/\/sulin.ee\/en\/toode\/elastne-manguasi-sadelus-trendhaus\/","name":"Elastne m\u00e4nguasi \u2013\u00a0 S\u00e4delus - sulin.ee","isPartOf":{"@id":"https:\/\/sulin.ee\/en\/#website"},"primaryImageOfPage":{"@id":"https:\/\/sulin.ee\/en\/toode\/elastne-manguasi-sadelus-trendhaus\/#primaryimage"},"image":{"@id":"https:\/\/sulin.ee\/en\/toode\/elastne-manguasi-sadelus-trendhaus\/#primaryimage"},"thumbnailUrl":"https:\/\/sulin.ee\/wp-content\/uploads\/2025\/02\/13187-TH945358-elastne-manguasi-joupael-sadelus-1-tk-6-kujundust.jpg","datePublished":"2025-02-07T15:41:22+00:00","dateModified":"2025-11-18T20:25:08+00:00","description":"Elastne m\u00e4nguasi \u2013 J\u00f5upael - S\u00e4delus on veniv ja v\u00e4rvikirev m\u00e4nguasi, mis sobib venitamiseks, s\u00f5lmimiseks ja kujundite loomiseks. Venib kuni 2 meetrini!","breadcrumb":{"@id":"https:\/\/sulin.ee\/en\/toode\/elastne-manguasi-sadelus-trendhaus\/#breadcrumb"},"inLanguage":"en-US","potentialAction":[{"@type":"ReadAction","target":["https:\/\/sulin.ee\/en\/toode\/elastne-manguasi-sadelus-trendhaus\/"]}]},{"@type":"ImageObject","inLanguage":"en-US","@id":"https:\/\/sulin.ee\/en\/toode\/elastne-manguasi-sadelus-trendhaus\/#primaryimage","url":"https:\/\/sulin.ee\/wp-content\/uploads\/2025\/02\/13187-TH945358-elastne-manguasi-joupael-sadelus-1-tk-6-kujundust.jpg","contentUrl":"https:\/\/sulin.ee\/wp-content\/uploads\/2025\/02\/13187-TH945358-elastne-manguasi-joupael-sadelus-1-tk-6-kujundust.jpg","width":800,"height":316,"caption":"Elastne m\u00e4nguasi \u2013\u00a0 S\u00e4delus"},{"@type":"BreadcrumbList","@id":"https:\/\/sulin.ee\/en\/toode\/elastne-manguasi-sadelus-trendhaus\/#breadcrumb","itemListElement":[{"@type":"ListItem","position":1,"name":"Home","item":"https:\/\/sulin.ee\/en\/"},{"@type":"ListItem","position":2,"name":"Sulin.ee e-pood","item":"https:\/\/sulin.ee\/shop\/"},{"@type":"ListItem","position":3,"name":"Elastne m\u00e4nguasi \u2013\u00a0 S\u00e4delus"}]},{"@type":"WebSite","@id":"https:\/\/sulin.ee\/en\/#website","url":"https:\/\/sulin.ee\/en\/","name":"sulin.ee","description":"","publisher":{"@id":"https:\/\/sulin.ee\/en\/#organization"},"potentialAction":[{"@type":"SearchAction","target":{"@type":"EntryPoint","urlTemplate":"https:\/\/sulin.ee\/en\/?s={search_term_string}"},"query-input":{"@type":"PropertyValueSpecification","valueRequired":true,"valueName":"search_term_string"}}],"inLanguage":"en-US"},{"@type":"Organization","@id":"https:\/\/sulin.ee\/en\/#organization","name":"SULIN TRADE O\u00dc","url":"https:\/\/sulin.ee\/en\/","logo":{"@type":"ImageObject","inLanguage":"en-US","@id":"https:\/\/sulin.ee\/en\/#\/schema\/logo\/image\/","url":"https:\/\/sulin.ee\/wp-content\/uploads\/2022\/11\/sulin-logo.png","contentUrl":"https:\/\/sulin.ee\/wp-content\/uploads\/2022\/11\/sulin-logo.png","width":871,"height":321,"caption":"SULIN TRADE O\u00dc"},"image":{"@id":"https:\/\/sulin.ee\/en\/#\/schema\/logo\/image\/"},"sameAs":["https:\/\/www.facebook.com\/www.sulin.ee\/","https:\/\/www.instagram.com\/sulintrade\/"]}]}},"builder_content":"","_links":{"self":[{"href":"https:\/\/sulin.ee\/en\/wp-json\/wp\/v2\/product\/37301","targetHints":{"allow":["GET"]}}],"collection":[{"href":"https:\/\/sulin.ee\/en\/wp-json\/wp\/v2\/product"}],"about":[{"href":"https:\/\/sulin.ee\/en\/wp-json\/wp\/v2\/types\/product"}],"replies":[{"embeddable":true,"href":"https:\/\/sulin.ee\/en\/wp-json\/wp\/v2\/comments?post=37301"}],"wp:featuredmedia":[{"embeddable":true,"href":"https:\/\/sulin.ee\/en\/wp-json\/wp\/v2\/media\/37306"}],"wp:attachment":[{"href":"https:\/\/sulin.ee\/en\/wp-json\/wp\/v2\/media?parent=37301"}],"wp:term":[{"taxonomy":"product_brand","embeddable":true,"href":"https:\/\/sulin.ee\/en\/wp-json\/wp\/v2\/product_brand?post=37301"},{"taxonomy":"product_cat","embeddable":true,"href":"https:\/\/sulin.ee\/en\/wp-json\/wp\/v2\/product_cat?post=37301"},{"taxonomy":"product_tag","embeddable":true,"href":"https:\/\/sulin.ee\/en\/wp-json\/wp\/v2\/product_tag?post=37301"}],"curies":[{"name":"wp","href":"https:\/\/api.w.org\/{rel}","templated":true}]}}