{"id":37289,"date":"2025-02-07T15:38:46","date_gmt":"2025-02-07T15:38:46","guid":{"rendered":"https:\/\/sulin.ee\/?post_type=product&#038;p=37289"},"modified":"2025-09-07T21:34:03","modified_gmt":"2025-09-07T21:34:03","slug":"pigistatav-manguasi-vorst-trendhaus","status":"publish","type":"product","link":"https:\/\/sulin.ee\/en\/toode\/pigistatav-manguasi-vorst-trendhaus\/","title":{"rendered":"Pigistatav m\u00e4nguasi &#8211; Vorst"},"content":{"rendered":"<p><strong>Pigistatav m\u00e4nguasi &#8211; Vorst<\/strong> <strong>on l\u00f5bus ja pehme stressimaandaja, mis aitab leevendada pingeid ja tuua naeratuse n\u00e4ole. Selle m\u00f5nusalt pehme tekstuur muudab mudimise ja pigistamise eriti nauditavaks ning aitab hetkega l\u00f5\u00f5gastuda.<\/strong><\/p>\n<p>Ideaalne kasutamiseks <strong>koolis, kontoris, kodus v\u00f5i liikvel olles<\/strong> \u2013 lihtsalt pigista ja lase pingetel hajuda! <strong>Vorstid on saadaval neljas erinevas v\u00e4rvitoonis ja erinevate naljakate n\u00e4oilmetega<\/strong>: roosa, punane, kollane ja sinine (<em>v\u00e4rvi ei saa valida, see saadetakse juhuslikult<\/em>).<\/p>\n<p><strong><a href=\"https:\/\/trendhaus-germany.com\/en-gb\/startseite\/\">Toote<\/a> omadused:<\/strong><br \/>\n\u2714 Pehme ja elastne tekstuur tagab m\u00f5nusa mudimiskogemuse<br \/>\n\u2714 <strong>T\u00e4idis: jahu<\/strong>, mis annab pigistamisel meeldiva tunde<br \/>\n\u2714 <strong>M\u00f5\u00f5dud: 3.5 x 3.5 x 13.4 cm<\/strong>, sobib mugavalt k\u00e4tte<br \/>\n\u2714 Ideaalne nii stressi leevendamiseks kui ka m\u00e4ngimiseks<\/p>\n<p><strong>Hoiatus!<\/strong> Ei sobi alla 3-aastastele lastele v\u00e4ikeste osade t\u00f5ttu, mis v\u00f5ivad p\u00f5hjustada l\u00e4mbumisohtu. Vajalik t\u00e4iskasvanu j\u00e4relvalve.<\/p>\n<p>T\u00e4ienda oma stressimaandamise rutiini ning tutvu ka meie teiste <a href=\"https:\/\/sulin.ee\/tootekategooria\/mangimine\/oppemangud\/motoorika\/\"><strong>motoorikat arendavate m\u00e4nguasjadega<\/strong>,<\/a> mis aitavad parandada koordinatsiooni ja \u00fcldist heaol.<\/p>\n","protected":false},"excerpt":{"rendered":"<p><strong>Pigistatav m\u00e4nguasi &#8211; Vorst<\/strong> <strong>on l\u00f5bus ja pehme stressimaandaja, mis aitab pingeid leevendada ja meeleolu t\u00f5sta. Lihtsalt pigista ja naudi selle elastset tekstuuri! <\/strong><\/p>\n<p><strong>M\u00f5\u00f5dud: 3.5 x 3.5 x 13.4 cm<\/strong>. Saadaval <strong>neljas erinevas v\u00e4rvitoonis ja n\u00e4oilmega<\/strong> (<em>v\u00e4rv saadetakse juhuslikult<\/em>). Sobib kasutamiseks kodus, koolis v\u00f5i kontoris.<\/p>\n","protected":false},"featured_media":37294,"comment_status":"open","ping_status":"closed","template":"","meta":[],"product_brand":[],"product_cat":[110,1162,1165,1166,1002,1023,928],"product_tag":[],"class_list":{"0":"post-37289","1":"product","2":"type-product","3":"status-publish","4":"has-post-thumbnail","6":"product_cat-mangimine","7":"product_cat-kingituseks","8":"product_cat-3-5-aastat","9":"product_cat-6-8-aastat","10":"product_cat-oppemangud","11":"product_cat-motoorika","12":"product_cat-djeco","13":"has-post-title","14":"has-post-date","15":"has-post-category","16":"has-post-tag","17":"has-post-comment","18":"has-post-author","19":"","21":"first","22":"instock","23":"sale","24":"taxable","25":"shipping-taxable","26":"purchasable","27":"product-type-simple"},"yoast_head":"<!-- This site is optimized with the Yoast SEO plugin v26.8 - https:\/\/yoast.com\/product\/yoast-seo-wordpress\/ -->\n<title>Pigistatav m\u00e4nguasi - Vorst - sulin.ee<\/title>\n<meta name=\"description\" content=\"Pigistatav m\u00e4nguasi - Vorst on l\u00f5bus ja pehme stressimaandaja, mis aitab pingeid leevendada ja meeleolu t\u00f5sta. Lihtsalt pigista ja naudi selle elastset\" \/>\n<meta name=\"robots\" content=\"index, follow, max-snippet:-1, max-image-preview:large, max-video-preview:-1\" \/>\n<link rel=\"canonical\" href=\"https:\/\/sulin.ee\/en\/toode\/pigistatav-manguasi-vorst-trendhaus\/\" \/>\n<meta property=\"og:locale\" content=\"en_US\" \/>\n<meta property=\"og:type\" content=\"article\" \/>\n<meta property=\"og:title\" content=\"Pigistatav m\u00e4nguasi - Vorst - sulin.ee\" \/>\n<meta property=\"og:description\" content=\"Pigistatav m\u00e4nguasi - Vorst on l\u00f5bus ja pehme stressimaandaja, mis aitab pingeid leevendada ja meeleolu t\u00f5sta. Lihtsalt pigista ja naudi selle elastset\" \/>\n<meta property=\"og:url\" content=\"https:\/\/sulin.ee\/en\/toode\/pigistatav-manguasi-vorst-trendhaus\/\" \/>\n<meta property=\"og:site_name\" content=\"sulin.ee\" \/>\n<meta property=\"article:publisher\" content=\"https:\/\/www.facebook.com\/www.sulin.ee\/\" \/>\n<meta property=\"article:modified_time\" content=\"2025-09-07T21:34:03+00:00\" \/>\n<meta property=\"og:image\" content=\"https:\/\/sulin.ee\/wp-content\/uploads\/2025\/02\/12965-TH959324-pigistatav-manguasi-vorst-1-tk-4-kujundust.jpg\" \/>\n\t<meta property=\"og:image:width\" content=\"800\" \/>\n\t<meta property=\"og:image:height\" content=\"800\" \/>\n\t<meta property=\"og:image:type\" content=\"image\/jpeg\" \/>\n<meta name=\"twitter:card\" content=\"summary_large_image\" \/>\n<meta name=\"twitter:label1\" content=\"Est. reading time\" \/>\n\t<meta name=\"twitter:data1\" content=\"1 minute\" \/>\n<script type=\"application\/ld+json\" class=\"yoast-schema-graph\">{\"@context\":\"https:\/\/schema.org\",\"@graph\":[{\"@type\":\"WebPage\",\"@id\":\"https:\/\/sulin.ee\/en\/toode\/pigistatav-manguasi-vorst-trendhaus\/\",\"url\":\"https:\/\/sulin.ee\/en\/toode\/pigistatav-manguasi-vorst-trendhaus\/\",\"name\":\"Pigistatav m\u00e4nguasi - Vorst - sulin.ee\",\"isPartOf\":{\"@id\":\"https:\/\/sulin.ee\/en\/#website\"},\"primaryImageOfPage\":{\"@id\":\"https:\/\/sulin.ee\/en\/toode\/pigistatav-manguasi-vorst-trendhaus\/#primaryimage\"},\"image\":{\"@id\":\"https:\/\/sulin.ee\/en\/toode\/pigistatav-manguasi-vorst-trendhaus\/#primaryimage\"},\"thumbnailUrl\":\"https:\/\/sulin.ee\/wp-content\/uploads\/2025\/02\/12965-TH959324-pigistatav-manguasi-vorst-1-tk-4-kujundust.jpg\",\"datePublished\":\"2025-02-07T15:38:46+00:00\",\"dateModified\":\"2025-09-07T21:34:03+00:00\",\"description\":\"Pigistatav m\u00e4nguasi - Vorst on l\u00f5bus ja pehme stressimaandaja, mis aitab pingeid leevendada ja meeleolu t\u00f5sta. Lihtsalt pigista ja naudi selle elastset\",\"breadcrumb\":{\"@id\":\"https:\/\/sulin.ee\/en\/toode\/pigistatav-manguasi-vorst-trendhaus\/#breadcrumb\"},\"inLanguage\":\"en-US\",\"potentialAction\":[{\"@type\":\"ReadAction\",\"target\":[\"https:\/\/sulin.ee\/en\/toode\/pigistatav-manguasi-vorst-trendhaus\/\"]}]},{\"@type\":\"ImageObject\",\"inLanguage\":\"en-US\",\"@id\":\"https:\/\/sulin.ee\/en\/toode\/pigistatav-manguasi-vorst-trendhaus\/#primaryimage\",\"url\":\"https:\/\/sulin.ee\/wp-content\/uploads\/2025\/02\/12965-TH959324-pigistatav-manguasi-vorst-1-tk-4-kujundust.jpg\",\"contentUrl\":\"https:\/\/sulin.ee\/wp-content\/uploads\/2025\/02\/12965-TH959324-pigistatav-manguasi-vorst-1-tk-4-kujundust.jpg\",\"width\":800,\"height\":800,\"caption\":\"Pigistatav m\u00e4nguasi - Vorst\"},{\"@type\":\"BreadcrumbList\",\"@id\":\"https:\/\/sulin.ee\/en\/toode\/pigistatav-manguasi-vorst-trendhaus\/#breadcrumb\",\"itemListElement\":[{\"@type\":\"ListItem\",\"position\":1,\"name\":\"Home\",\"item\":\"https:\/\/sulin.ee\/en\/\"},{\"@type\":\"ListItem\",\"position\":2,\"name\":\"Sulin.ee e-pood\",\"item\":\"https:\/\/sulin.ee\/shop\/\"},{\"@type\":\"ListItem\",\"position\":3,\"name\":\"Pigistatav m\u00e4nguasi &#8211; Vorst\"}]},{\"@type\":\"WebSite\",\"@id\":\"https:\/\/sulin.ee\/en\/#website\",\"url\":\"https:\/\/sulin.ee\/en\/\",\"name\":\"sulin.ee\",\"description\":\"\",\"publisher\":{\"@id\":\"https:\/\/sulin.ee\/en\/#organization\"},\"potentialAction\":[{\"@type\":\"SearchAction\",\"target\":{\"@type\":\"EntryPoint\",\"urlTemplate\":\"https:\/\/sulin.ee\/en\/?s={search_term_string}\"},\"query-input\":{\"@type\":\"PropertyValueSpecification\",\"valueRequired\":true,\"valueName\":\"search_term_string\"}}],\"inLanguage\":\"en-US\"},{\"@type\":\"Organization\",\"@id\":\"https:\/\/sulin.ee\/en\/#organization\",\"name\":\"SULIN TRADE O\u00dc\",\"url\":\"https:\/\/sulin.ee\/en\/\",\"logo\":{\"@type\":\"ImageObject\",\"inLanguage\":\"en-US\",\"@id\":\"https:\/\/sulin.ee\/en\/#\/schema\/logo\/image\/\",\"url\":\"https:\/\/sulin.ee\/wp-content\/uploads\/2022\/11\/sulin-logo.png\",\"contentUrl\":\"https:\/\/sulin.ee\/wp-content\/uploads\/2022\/11\/sulin-logo.png\",\"width\":871,\"height\":321,\"caption\":\"SULIN TRADE O\u00dc\"},\"image\":{\"@id\":\"https:\/\/sulin.ee\/en\/#\/schema\/logo\/image\/\"},\"sameAs\":[\"https:\/\/www.facebook.com\/www.sulin.ee\/\",\"https:\/\/www.instagram.com\/sulintrade\/\"]}]}<\/script>\n<!-- \/ Yoast SEO plugin. -->","yoast_head_json":{"title":"Pigistatav m\u00e4nguasi - Vorst - sulin.ee","description":"Pigistatav m\u00e4nguasi - Vorst on l\u00f5bus ja pehme stressimaandaja, mis aitab pingeid leevendada ja meeleolu t\u00f5sta. Lihtsalt pigista ja naudi selle elastset","robots":{"index":"index","follow":"follow","max-snippet":"max-snippet:-1","max-image-preview":"max-image-preview:large","max-video-preview":"max-video-preview:-1"},"canonical":"https:\/\/sulin.ee\/en\/toode\/pigistatav-manguasi-vorst-trendhaus\/","og_locale":"en_US","og_type":"article","og_title":"Pigistatav m\u00e4nguasi - Vorst - sulin.ee","og_description":"Pigistatav m\u00e4nguasi - Vorst on l\u00f5bus ja pehme stressimaandaja, mis aitab pingeid leevendada ja meeleolu t\u00f5sta. Lihtsalt pigista ja naudi selle elastset","og_url":"https:\/\/sulin.ee\/en\/toode\/pigistatav-manguasi-vorst-trendhaus\/","og_site_name":"sulin.ee","article_publisher":"https:\/\/www.facebook.com\/www.sulin.ee\/","article_modified_time":"2025-09-07T21:34:03+00:00","og_image":[{"width":800,"height":800,"url":"https:\/\/sulin.ee\/wp-content\/uploads\/2025\/02\/12965-TH959324-pigistatav-manguasi-vorst-1-tk-4-kujundust.jpg","type":"image\/jpeg"}],"twitter_card":"summary_large_image","twitter_misc":{"Est. reading time":"1 minute"},"schema":{"@context":"https:\/\/schema.org","@graph":[{"@type":"WebPage","@id":"https:\/\/sulin.ee\/en\/toode\/pigistatav-manguasi-vorst-trendhaus\/","url":"https:\/\/sulin.ee\/en\/toode\/pigistatav-manguasi-vorst-trendhaus\/","name":"Pigistatav m\u00e4nguasi - Vorst - sulin.ee","isPartOf":{"@id":"https:\/\/sulin.ee\/en\/#website"},"primaryImageOfPage":{"@id":"https:\/\/sulin.ee\/en\/toode\/pigistatav-manguasi-vorst-trendhaus\/#primaryimage"},"image":{"@id":"https:\/\/sulin.ee\/en\/toode\/pigistatav-manguasi-vorst-trendhaus\/#primaryimage"},"thumbnailUrl":"https:\/\/sulin.ee\/wp-content\/uploads\/2025\/02\/12965-TH959324-pigistatav-manguasi-vorst-1-tk-4-kujundust.jpg","datePublished":"2025-02-07T15:38:46+00:00","dateModified":"2025-09-07T21:34:03+00:00","description":"Pigistatav m\u00e4nguasi - Vorst on l\u00f5bus ja pehme stressimaandaja, mis aitab pingeid leevendada ja meeleolu t\u00f5sta. Lihtsalt pigista ja naudi selle elastset","breadcrumb":{"@id":"https:\/\/sulin.ee\/en\/toode\/pigistatav-manguasi-vorst-trendhaus\/#breadcrumb"},"inLanguage":"en-US","potentialAction":[{"@type":"ReadAction","target":["https:\/\/sulin.ee\/en\/toode\/pigistatav-manguasi-vorst-trendhaus\/"]}]},{"@type":"ImageObject","inLanguage":"en-US","@id":"https:\/\/sulin.ee\/en\/toode\/pigistatav-manguasi-vorst-trendhaus\/#primaryimage","url":"https:\/\/sulin.ee\/wp-content\/uploads\/2025\/02\/12965-TH959324-pigistatav-manguasi-vorst-1-tk-4-kujundust.jpg","contentUrl":"https:\/\/sulin.ee\/wp-content\/uploads\/2025\/02\/12965-TH959324-pigistatav-manguasi-vorst-1-tk-4-kujundust.jpg","width":800,"height":800,"caption":"Pigistatav m\u00e4nguasi - Vorst"},{"@type":"BreadcrumbList","@id":"https:\/\/sulin.ee\/en\/toode\/pigistatav-manguasi-vorst-trendhaus\/#breadcrumb","itemListElement":[{"@type":"ListItem","position":1,"name":"Home","item":"https:\/\/sulin.ee\/en\/"},{"@type":"ListItem","position":2,"name":"Sulin.ee e-pood","item":"https:\/\/sulin.ee\/shop\/"},{"@type":"ListItem","position":3,"name":"Pigistatav m\u00e4nguasi &#8211; Vorst"}]},{"@type":"WebSite","@id":"https:\/\/sulin.ee\/en\/#website","url":"https:\/\/sulin.ee\/en\/","name":"sulin.ee","description":"","publisher":{"@id":"https:\/\/sulin.ee\/en\/#organization"},"potentialAction":[{"@type":"SearchAction","target":{"@type":"EntryPoint","urlTemplate":"https:\/\/sulin.ee\/en\/?s={search_term_string}"},"query-input":{"@type":"PropertyValueSpecification","valueRequired":true,"valueName":"search_term_string"}}],"inLanguage":"en-US"},{"@type":"Organization","@id":"https:\/\/sulin.ee\/en\/#organization","name":"SULIN TRADE O\u00dc","url":"https:\/\/sulin.ee\/en\/","logo":{"@type":"ImageObject","inLanguage":"en-US","@id":"https:\/\/sulin.ee\/en\/#\/schema\/logo\/image\/","url":"https:\/\/sulin.ee\/wp-content\/uploads\/2022\/11\/sulin-logo.png","contentUrl":"https:\/\/sulin.ee\/wp-content\/uploads\/2022\/11\/sulin-logo.png","width":871,"height":321,"caption":"SULIN TRADE O\u00dc"},"image":{"@id":"https:\/\/sulin.ee\/en\/#\/schema\/logo\/image\/"},"sameAs":["https:\/\/www.facebook.com\/www.sulin.ee\/","https:\/\/www.instagram.com\/sulintrade\/"]}]}},"builder_content":"","_links":{"self":[{"href":"https:\/\/sulin.ee\/en\/wp-json\/wp\/v2\/product\/37289","targetHints":{"allow":["GET"]}}],"collection":[{"href":"https:\/\/sulin.ee\/en\/wp-json\/wp\/v2\/product"}],"about":[{"href":"https:\/\/sulin.ee\/en\/wp-json\/wp\/v2\/types\/product"}],"replies":[{"embeddable":true,"href":"https:\/\/sulin.ee\/en\/wp-json\/wp\/v2\/comments?post=37289"}],"wp:featuredmedia":[{"embeddable":true,"href":"https:\/\/sulin.ee\/en\/wp-json\/wp\/v2\/media\/37294"}],"wp:attachment":[{"href":"https:\/\/sulin.ee\/en\/wp-json\/wp\/v2\/media?parent=37289"}],"wp:term":[{"taxonomy":"product_brand","embeddable":true,"href":"https:\/\/sulin.ee\/en\/wp-json\/wp\/v2\/product_brand?post=37289"},{"taxonomy":"product_cat","embeddable":true,"href":"https:\/\/sulin.ee\/en\/wp-json\/wp\/v2\/product_cat?post=37289"},{"taxonomy":"product_tag","embeddable":true,"href":"https:\/\/sulin.ee\/en\/wp-json\/wp\/v2\/product_tag?post=37289"}],"curies":[{"name":"wp","href":"https:\/\/api.w.org\/{rel}","templated":true}]}}