{"id":37239,"date":"2025-02-07T15:07:07","date_gmt":"2025-02-07T15:07:07","guid":{"rendered":"https:\/\/sulin.ee\/?post_type=product&#038;p=37239"},"modified":"2025-09-07T21:34:12","modified_gmt":"2025-09-07T21:34:12","slug":"varvimistooriistad-12tk-trendhouse","status":"publish","type":"product","link":"https:\/\/sulin.ee\/en\/toode\/varvimistooriistad-12tk-trendhouse\/","title":{"rendered":"V\u00e4rvimist\u00f6\u00f6riistad (12tk)"},"content":{"rendered":"<p><strong>V\u00e4rvimist\u00f6\u00f6riistad pakuvad v\u00e4ikestele kunstnikele t\u00e4iesti uut viisi maalimiseks ja loovuse avastamiseks! Erinevate t\u00f6\u00f6riistade abil saab luua p\u00f5nevaid mustreid, kujundeid ja tekstuure, muutes iga kunstiteose eriliseks ja ainulaadseks.<\/strong><\/p>\n<p><strong><a href=\"https:\/\/www.djeco.com\/\">Djeco<\/a> komplekt V\u00e4rvimist\u00f6\u00f6riistad<\/strong>\u00a0sisaldab <strong>7 puidust t\u00f6\u00f6riista<\/strong>, <strong>6 k\u00e4sna<\/strong> ja <strong>9 juhendkaarti<\/strong>, mis n\u00e4itavad, milliseid jooni ja kujundeid saab iga t\u00f6\u00f6riistaga luua. T\u00f6\u00f6riistad on disainitud spetsiaalselt v\u00e4ikestele k\u00e4tele, tagades mugava haarde ja lihtsa kasutamise. Vastupidav puidust materjal on FSC\u00ae sertifitseeritud, pakkudes keskkonnas\u00f5bralikku ja kvaliteetset m\u00e4ngukogemust.<\/p>\n<p>Ideaalne lastele vanuses <strong>3 kuni 6 aastat<\/strong>, et arendada loovust, motoorseid oskusi ja v\u00e4rvitaju.<\/p>\n<p><strong>Hoiatus!<\/strong> Ei ole sobiv alla 3-aastastele lastele v\u00e4ikeste osade t\u00f5ttu, mis v\u00f5ivad p\u00f5hjustada l\u00e4mbumisohtu.<\/p>\n<p>Tutvuge meie rikkaliku <a href=\"https:\/\/sulin.ee\/tootekategooria\/mangimine\/kunstivahendid\/\">kunstivahendite valikuga<\/a>, mis pakuvad v\u00f5imalusi igas vanuses lastele.<\/p>\n","protected":false},"excerpt":{"rendered":"<p><strong>Ainulaadsed v\u00e4rvimist\u00f6\u00f6riistad<\/strong>\u00a0<strong>on loov kunstikomplekt, mis pakub lastele uusi viise maalimiseks ja mustrite loomiseks. <\/strong><\/p>\n<p>Komplekt sisaldab <strong>7 puidust t\u00f6\u00f6riista<\/strong>, <strong>6 k\u00e4sna<\/strong> ja <strong>9 juhendkaarti<\/strong>, mis aitavad avastada erinevaid kujundeid ja tekstuure. Spetsiaalselt v\u00e4ikestele k\u00e4tele loodud t\u00f6\u00f6riistad on valmistatud vastupidavast FSC\u00ae sertifitseeritud puidust.<\/p>\n<p>Sobib lastele vanuses <strong>3 kuni 6 aastat<\/strong>, arendades loovust ja peenmotoorikat.<\/p>\n","protected":false},"featured_media":37242,"comment_status":"open","ping_status":"closed","template":"","meta":[],"product_brand":[],"product_cat":[110,1162,1164,1165,1166,102,1018,928],"product_tag":[],"class_list":{"0":"post-37239","1":"product","2":"type-product","3":"status-publish","4":"has-post-thumbnail","6":"product_cat-mangimine","7":"product_cat-kingituseks","8":"product_cat-1-3-aastat","9":"product_cat-3-5-aastat","10":"product_cat-6-8-aastat","11":"product_cat-kunstivahendid","12":"product_cat-maalimine","13":"product_cat-djeco","14":"has-post-title","15":"has-post-date","16":"has-post-category","17":"has-post-tag","18":"has-post-comment","19":"has-post-author","20":"","22":"first","23":"instock","24":"sale","25":"taxable","26":"shipping-taxable","27":"purchasable","28":"product-type-simple"},"yoast_head":"<!-- This site is optimized with the Yoast SEO plugin v26.8 - https:\/\/yoast.com\/product\/yoast-seo-wordpress\/ -->\n<title>V\u00e4rvimist\u00f6\u00f6riistad (12tk) - sulin.ee<\/title>\n<meta name=\"description\" content=\"Ainulaadsed v\u00e4rvimist\u00f6\u00f6riistad on loov kunstikomplekt, mis pakub lastele uusi viise maalimiseks ja mustrite loomiseks. V\u00e4ikestele k\u00e4tele loodud t\u00f6\u00f6riistad.\" \/>\n<meta name=\"robots\" content=\"index, follow, max-snippet:-1, max-image-preview:large, max-video-preview:-1\" \/>\n<link rel=\"canonical\" href=\"https:\/\/sulin.ee\/en\/toode\/varvimistooriistad-12tk-trendhouse\/\" \/>\n<meta property=\"og:locale\" content=\"en_US\" \/>\n<meta property=\"og:type\" content=\"article\" \/>\n<meta property=\"og:title\" content=\"V\u00e4rvimist\u00f6\u00f6riistad (12tk) - sulin.ee\" \/>\n<meta property=\"og:description\" content=\"Ainulaadsed v\u00e4rvimist\u00f6\u00f6riistad on loov kunstikomplekt, mis pakub lastele uusi viise maalimiseks ja mustrite loomiseks. V\u00e4ikestele k\u00e4tele loodud t\u00f6\u00f6riistad.\" \/>\n<meta property=\"og:url\" content=\"https:\/\/sulin.ee\/en\/toode\/varvimistooriistad-12tk-trendhouse\/\" \/>\n<meta property=\"og:site_name\" content=\"sulin.ee\" \/>\n<meta property=\"article:publisher\" content=\"https:\/\/www.facebook.com\/www.sulin.ee\/\" \/>\n<meta property=\"article:modified_time\" content=\"2025-09-07T21:34:12+00:00\" \/>\n<meta property=\"og:image\" content=\"https:\/\/sulin.ee\/wp-content\/uploads\/2025\/02\/13648-DJ09014-ainulaadsed-varvimistooriistad-12-tk-2.jpg\" \/>\n\t<meta property=\"og:image:width\" content=\"807\" \/>\n\t<meta property=\"og:image:height\" content=\"800\" \/>\n\t<meta property=\"og:image:type\" content=\"image\/jpeg\" \/>\n<meta name=\"twitter:card\" content=\"summary_large_image\" \/>\n<meta name=\"twitter:label1\" content=\"Est. reading time\" \/>\n\t<meta name=\"twitter:data1\" content=\"1 minute\" \/>\n<script type=\"application\/ld+json\" class=\"yoast-schema-graph\">{\"@context\":\"https:\/\/schema.org\",\"@graph\":[{\"@type\":\"WebPage\",\"@id\":\"https:\/\/sulin.ee\/en\/toode\/varvimistooriistad-12tk-trendhouse\/\",\"url\":\"https:\/\/sulin.ee\/en\/toode\/varvimistooriistad-12tk-trendhouse\/\",\"name\":\"V\u00e4rvimist\u00f6\u00f6riistad (12tk) - sulin.ee\",\"isPartOf\":{\"@id\":\"https:\/\/sulin.ee\/en\/#website\"},\"primaryImageOfPage\":{\"@id\":\"https:\/\/sulin.ee\/en\/toode\/varvimistooriistad-12tk-trendhouse\/#primaryimage\"},\"image\":{\"@id\":\"https:\/\/sulin.ee\/en\/toode\/varvimistooriistad-12tk-trendhouse\/#primaryimage\"},\"thumbnailUrl\":\"https:\/\/sulin.ee\/wp-content\/uploads\/2025\/02\/13648-DJ09014-ainulaadsed-varvimistooriistad-12-tk-2.jpg\",\"datePublished\":\"2025-02-07T15:07:07+00:00\",\"dateModified\":\"2025-09-07T21:34:12+00:00\",\"description\":\"Ainulaadsed v\u00e4rvimist\u00f6\u00f6riistad on loov kunstikomplekt, mis pakub lastele uusi viise maalimiseks ja mustrite loomiseks. V\u00e4ikestele k\u00e4tele loodud t\u00f6\u00f6riistad.\",\"breadcrumb\":{\"@id\":\"https:\/\/sulin.ee\/en\/toode\/varvimistooriistad-12tk-trendhouse\/#breadcrumb\"},\"inLanguage\":\"en-US\",\"potentialAction\":[{\"@type\":\"ReadAction\",\"target\":[\"https:\/\/sulin.ee\/en\/toode\/varvimistooriistad-12tk-trendhouse\/\"]}]},{\"@type\":\"ImageObject\",\"inLanguage\":\"en-US\",\"@id\":\"https:\/\/sulin.ee\/en\/toode\/varvimistooriistad-12tk-trendhouse\/#primaryimage\",\"url\":\"https:\/\/sulin.ee\/wp-content\/uploads\/2025\/02\/13648-DJ09014-ainulaadsed-varvimistooriistad-12-tk-2.jpg\",\"contentUrl\":\"https:\/\/sulin.ee\/wp-content\/uploads\/2025\/02\/13648-DJ09014-ainulaadsed-varvimistooriistad-12-tk-2.jpg\",\"width\":807,\"height\":800,\"caption\":\"V\u00e4rvimist\u00f6\u00f6riistad\"},{\"@type\":\"BreadcrumbList\",\"@id\":\"https:\/\/sulin.ee\/en\/toode\/varvimistooriistad-12tk-trendhouse\/#breadcrumb\",\"itemListElement\":[{\"@type\":\"ListItem\",\"position\":1,\"name\":\"Home\",\"item\":\"https:\/\/sulin.ee\/en\/\"},{\"@type\":\"ListItem\",\"position\":2,\"name\":\"Sulin.ee e-pood\",\"item\":\"https:\/\/sulin.ee\/shop\/\"},{\"@type\":\"ListItem\",\"position\":3,\"name\":\"V\u00e4rvimist\u00f6\u00f6riistad (12tk)\"}]},{\"@type\":\"WebSite\",\"@id\":\"https:\/\/sulin.ee\/en\/#website\",\"url\":\"https:\/\/sulin.ee\/en\/\",\"name\":\"sulin.ee\",\"description\":\"\",\"publisher\":{\"@id\":\"https:\/\/sulin.ee\/en\/#organization\"},\"potentialAction\":[{\"@type\":\"SearchAction\",\"target\":{\"@type\":\"EntryPoint\",\"urlTemplate\":\"https:\/\/sulin.ee\/en\/?s={search_term_string}\"},\"query-input\":{\"@type\":\"PropertyValueSpecification\",\"valueRequired\":true,\"valueName\":\"search_term_string\"}}],\"inLanguage\":\"en-US\"},{\"@type\":\"Organization\",\"@id\":\"https:\/\/sulin.ee\/en\/#organization\",\"name\":\"SULIN TRADE O\u00dc\",\"url\":\"https:\/\/sulin.ee\/en\/\",\"logo\":{\"@type\":\"ImageObject\",\"inLanguage\":\"en-US\",\"@id\":\"https:\/\/sulin.ee\/en\/#\/schema\/logo\/image\/\",\"url\":\"https:\/\/sulin.ee\/wp-content\/uploads\/2022\/11\/sulin-logo.png\",\"contentUrl\":\"https:\/\/sulin.ee\/wp-content\/uploads\/2022\/11\/sulin-logo.png\",\"width\":871,\"height\":321,\"caption\":\"SULIN TRADE O\u00dc\"},\"image\":{\"@id\":\"https:\/\/sulin.ee\/en\/#\/schema\/logo\/image\/\"},\"sameAs\":[\"https:\/\/www.facebook.com\/www.sulin.ee\/\",\"https:\/\/www.instagram.com\/sulintrade\/\"]}]}<\/script>\n<!-- \/ Yoast SEO plugin. -->","yoast_head_json":{"title":"V\u00e4rvimist\u00f6\u00f6riistad (12tk) - sulin.ee","description":"Ainulaadsed v\u00e4rvimist\u00f6\u00f6riistad on loov kunstikomplekt, mis pakub lastele uusi viise maalimiseks ja mustrite loomiseks. V\u00e4ikestele k\u00e4tele loodud t\u00f6\u00f6riistad.","robots":{"index":"index","follow":"follow","max-snippet":"max-snippet:-1","max-image-preview":"max-image-preview:large","max-video-preview":"max-video-preview:-1"},"canonical":"https:\/\/sulin.ee\/en\/toode\/varvimistooriistad-12tk-trendhouse\/","og_locale":"en_US","og_type":"article","og_title":"V\u00e4rvimist\u00f6\u00f6riistad (12tk) - sulin.ee","og_description":"Ainulaadsed v\u00e4rvimist\u00f6\u00f6riistad on loov kunstikomplekt, mis pakub lastele uusi viise maalimiseks ja mustrite loomiseks. V\u00e4ikestele k\u00e4tele loodud t\u00f6\u00f6riistad.","og_url":"https:\/\/sulin.ee\/en\/toode\/varvimistooriistad-12tk-trendhouse\/","og_site_name":"sulin.ee","article_publisher":"https:\/\/www.facebook.com\/www.sulin.ee\/","article_modified_time":"2025-09-07T21:34:12+00:00","og_image":[{"width":807,"height":800,"url":"https:\/\/sulin.ee\/wp-content\/uploads\/2025\/02\/13648-DJ09014-ainulaadsed-varvimistooriistad-12-tk-2.jpg","type":"image\/jpeg"}],"twitter_card":"summary_large_image","twitter_misc":{"Est. reading time":"1 minute"},"schema":{"@context":"https:\/\/schema.org","@graph":[{"@type":"WebPage","@id":"https:\/\/sulin.ee\/en\/toode\/varvimistooriistad-12tk-trendhouse\/","url":"https:\/\/sulin.ee\/en\/toode\/varvimistooriistad-12tk-trendhouse\/","name":"V\u00e4rvimist\u00f6\u00f6riistad (12tk) - sulin.ee","isPartOf":{"@id":"https:\/\/sulin.ee\/en\/#website"},"primaryImageOfPage":{"@id":"https:\/\/sulin.ee\/en\/toode\/varvimistooriistad-12tk-trendhouse\/#primaryimage"},"image":{"@id":"https:\/\/sulin.ee\/en\/toode\/varvimistooriistad-12tk-trendhouse\/#primaryimage"},"thumbnailUrl":"https:\/\/sulin.ee\/wp-content\/uploads\/2025\/02\/13648-DJ09014-ainulaadsed-varvimistooriistad-12-tk-2.jpg","datePublished":"2025-02-07T15:07:07+00:00","dateModified":"2025-09-07T21:34:12+00:00","description":"Ainulaadsed v\u00e4rvimist\u00f6\u00f6riistad on loov kunstikomplekt, mis pakub lastele uusi viise maalimiseks ja mustrite loomiseks. V\u00e4ikestele k\u00e4tele loodud t\u00f6\u00f6riistad.","breadcrumb":{"@id":"https:\/\/sulin.ee\/en\/toode\/varvimistooriistad-12tk-trendhouse\/#breadcrumb"},"inLanguage":"en-US","potentialAction":[{"@type":"ReadAction","target":["https:\/\/sulin.ee\/en\/toode\/varvimistooriistad-12tk-trendhouse\/"]}]},{"@type":"ImageObject","inLanguage":"en-US","@id":"https:\/\/sulin.ee\/en\/toode\/varvimistooriistad-12tk-trendhouse\/#primaryimage","url":"https:\/\/sulin.ee\/wp-content\/uploads\/2025\/02\/13648-DJ09014-ainulaadsed-varvimistooriistad-12-tk-2.jpg","contentUrl":"https:\/\/sulin.ee\/wp-content\/uploads\/2025\/02\/13648-DJ09014-ainulaadsed-varvimistooriistad-12-tk-2.jpg","width":807,"height":800,"caption":"V\u00e4rvimist\u00f6\u00f6riistad"},{"@type":"BreadcrumbList","@id":"https:\/\/sulin.ee\/en\/toode\/varvimistooriistad-12tk-trendhouse\/#breadcrumb","itemListElement":[{"@type":"ListItem","position":1,"name":"Home","item":"https:\/\/sulin.ee\/en\/"},{"@type":"ListItem","position":2,"name":"Sulin.ee e-pood","item":"https:\/\/sulin.ee\/shop\/"},{"@type":"ListItem","position":3,"name":"V\u00e4rvimist\u00f6\u00f6riistad (12tk)"}]},{"@type":"WebSite","@id":"https:\/\/sulin.ee\/en\/#website","url":"https:\/\/sulin.ee\/en\/","name":"sulin.ee","description":"","publisher":{"@id":"https:\/\/sulin.ee\/en\/#organization"},"potentialAction":[{"@type":"SearchAction","target":{"@type":"EntryPoint","urlTemplate":"https:\/\/sulin.ee\/en\/?s={search_term_string}"},"query-input":{"@type":"PropertyValueSpecification","valueRequired":true,"valueName":"search_term_string"}}],"inLanguage":"en-US"},{"@type":"Organization","@id":"https:\/\/sulin.ee\/en\/#organization","name":"SULIN TRADE O\u00dc","url":"https:\/\/sulin.ee\/en\/","logo":{"@type":"ImageObject","inLanguage":"en-US","@id":"https:\/\/sulin.ee\/en\/#\/schema\/logo\/image\/","url":"https:\/\/sulin.ee\/wp-content\/uploads\/2022\/11\/sulin-logo.png","contentUrl":"https:\/\/sulin.ee\/wp-content\/uploads\/2022\/11\/sulin-logo.png","width":871,"height":321,"caption":"SULIN TRADE O\u00dc"},"image":{"@id":"https:\/\/sulin.ee\/en\/#\/schema\/logo\/image\/"},"sameAs":["https:\/\/www.facebook.com\/www.sulin.ee\/","https:\/\/www.instagram.com\/sulintrade\/"]}]}},"builder_content":"","_links":{"self":[{"href":"https:\/\/sulin.ee\/en\/wp-json\/wp\/v2\/product\/37239","targetHints":{"allow":["GET"]}}],"collection":[{"href":"https:\/\/sulin.ee\/en\/wp-json\/wp\/v2\/product"}],"about":[{"href":"https:\/\/sulin.ee\/en\/wp-json\/wp\/v2\/types\/product"}],"replies":[{"embeddable":true,"href":"https:\/\/sulin.ee\/en\/wp-json\/wp\/v2\/comments?post=37239"}],"wp:featuredmedia":[{"embeddable":true,"href":"https:\/\/sulin.ee\/en\/wp-json\/wp\/v2\/media\/37242"}],"wp:attachment":[{"href":"https:\/\/sulin.ee\/en\/wp-json\/wp\/v2\/media?parent=37239"}],"wp:term":[{"taxonomy":"product_brand","embeddable":true,"href":"https:\/\/sulin.ee\/en\/wp-json\/wp\/v2\/product_brand?post=37239"},{"taxonomy":"product_cat","embeddable":true,"href":"https:\/\/sulin.ee\/en\/wp-json\/wp\/v2\/product_cat?post=37239"},{"taxonomy":"product_tag","embeddable":true,"href":"https:\/\/sulin.ee\/en\/wp-json\/wp\/v2\/product_tag?post=37239"}],"curies":[{"name":"wp","href":"https:\/\/api.w.org\/{rel}","templated":true}]}}